{"id":19293,"date":"2020-09-22T13:54:12","date_gmt":"2020-09-22T13:54:12","guid":{"rendered":"https:\/\/joyasyasmin.com\/datenschutzrichtlinie\/"},"modified":"2024-11-19T13:40:43","modified_gmt":"2024-11-19T13:40:43","slug":"datenschutzrichtlinie","status":"publish","type":"page","link":"https:\/\/joyasyasmin.com\/de\/datenschutzrichtlinie\/","title":{"rendered":"Datenschutzrichtlinie"},"content":{"rendered":"\n<h2 class=\"wp-block-heading\">Wer wir sind<\/h2>\n\n<p>Die Adresse unserer Website lautet: https:\/\/joyasyasmin.com.<\/p>\n\n<p>Der Datenschutz ist f\u00fcr YASMIN ELIANA MARIN RODRIGUEZ von gro\u00dfer Bedeutung und wir m\u00f6chten eine offene und transparente Haltung bei der Verarbeitung Ihrer personenbezogenen Daten bewahren. Aus diesem Grund haben wir eine Richtlinie, die festlegt, wie Ihre personenbezogenen Daten behandelt und gesch\u00fctzt werden.<\/p>\n\n<p><strong>Wer ist f\u00fcr die Verarbeitung Ihrer Daten verantwortlich?<\/strong><\/p>\n\n<p>YASMIN ELIANA MARIN RODRIGUEZ &#8211; ESPA\u00d1A | Umsatzsteuer-Identifikationsnummer: 79110822E | Postanschrift: FUENGIROLA (M\u00c1LAGA), C.P. 29640, AVENIDA ACAPULCO Nr. 6 | E-mail:administracion@joyasyasmin.com<\/p>\n\n<p><strong>Zu welchem Zweck verarbeiten wir Ihre personenbezogenen Daten?<\/strong><\/p>\n\n<p>Bei YASMIN ELIANA MARIN RODRIGUEZ verarbeiten wir die von interessierten Parteien zur Verf\u00fcgung gestellten Informationen, um die administrative, buchhalterische und steuerliche Verwaltung der angeforderten Dienstleistungen durchzuf\u00fchren sowie kommerzielle Mitteilungen \u00fcber unsere Produkte und Dienstleistungen zu versenden, f\u00fcr die Sie Ihre Zustimmung erteilt haben.<\/p>\n\n<p><strong>Wie lange bewahren wir Ihre Daten auf?<\/strong><\/p>\n\n<p>Die Daten werden so lange aufbewahrt, wie die Gesch\u00e4ftsbeziehung aufrechterhalten wird, und gegebenenfalls f\u00fcr die Jahre, die erforderlich sind, um den geltenden gesetzlichen Verpflichtungen nachzukommen.<\/p>\n\n<p><strong>Was ist die Legitimit\u00e4t f\u00fcr die Verarbeitung Ihrer Daten?<\/strong><\/p>\n\n<p>Wir geben die Rechtsgrundlage f\u00fcr die Verarbeitung Ihrer Daten an:<\/p>\n\n<p>&#8211; Vertragserf\u00fcllung: Erbringung der angeforderten Dienstleistungen<\/p>\n\n<p>&#8211; Zustimmung des Interessenten: Versenden von kommerziellen Mitteilungen.<\/p>\n\n<p><strong>An wen werden Ihre Daten weitergegeben<\/strong>?<\/p>\n\n<p>Ihre Daten werden nur an Dritte weitergegeben, f\u00fcr die wir Ihre Einwilligung ordnungsgem\u00e4\u00df eingeholt haben, sowie zur Erf\u00fcllung gesetzlicher Verpflichtungen.<\/p>\n\n<p><strong>Daten\u00fcbermittlungen in Drittl\u00e4nder<\/strong><\/p>\n\n<p>Es sind keine Daten\u00fcbermittlungen in Drittl\u00e4nder geplant.<\/p>\n\n<p><strong>Welche Rechte haben Sie, wenn Sie uns Ihre Daten zur Verf\u00fcgung stellen?<\/strong><\/p>\n\n<p>Jede Person hat das Recht, eine Best\u00e4tigung dar\u00fcber zu erhalten, ob YASMIN ELIANA MARIN RODRIGUEZ sie betreffende personenbezogene Daten verarbeitet oder nicht.<\/p>\n\n<p>Die betroffenen Personen haben das Recht, auf ihre personenbezogenen Daten zuzugreifen sowie die Berichtigung unrichtiger Daten oder gegebenenfalls deren L\u00f6schung zu verlangen, wenn die Daten unter anderem f\u00fcr die Zwecke, f\u00fcr die sie erhoben wurden, nicht mehr erforderlich sind.<\/p>\n\n<p>Unter bestimmten Umst\u00e4nden k\u00f6nnen die interessierten Parteien die Einschr\u00e4nkung der Verarbeitung ihrer Daten verlangen, in diesem Fall werden wir sie nur zur Aus\u00fcbung oder Verteidigung von Anspr\u00fcchen aufbewahren.<\/p>\n\n<p>Unter bestimmten Umst\u00e4nden und aus Gr\u00fcnden, die sich aus ihrer besonderen Situation ergeben, k\u00f6nnen die betroffenen Personen der Verarbeitung ihrer Daten widersprechen. In diesem Fall wird YASMIN ELIANA MARIN RODRIGUEZ die Verarbeitung der Daten einstellen, es sei denn, es liegen zwingende berechtigte Gr\u00fcnde oder die Aus\u00fcbung oder Verteidigung m\u00f6glicher Anspr\u00fcche vor.<\/p>\n\n<p>Sie k\u00f6nnen Ihre Rechte auf folgende Weise aus\u00fcben: indem Sie sich an die E-Mail-Adresse des oben genannten Datenverantwortlichen wenden und eine Kopie Ihres Personalausweises oder Personalausweises beif\u00fcgen.<\/p>\n\n<p>Wenn Sie Ihre Einwilligung f\u00fcr einen bestimmten Zweck erteilt haben, haben Sie das Recht, die erteilte Einwilligung jederzeit zu widerrufen, ohne dass die Rechtm\u00e4\u00dfigkeit der Verarbeitung aufgrund der Einwilligung vor deren Widerruf ber\u00fchrt wird.<\/p>\n\n<p>Wenn Sie der Meinung sind, dass Ihre Rechte in Bezug auf den Schutz Ihrer personenbezogenen Daten verletzt wurden, insbesondere wenn Sie bei der Aus\u00fcbung Ihrer Rechte nicht zufrieden waren, k\u00f6nnen Sie \u00fcber die Website der zust\u00e4ndigen Datenschutzaufsichtsbeh\u00f6rde eine Beschwerde einreichen:<\/p>\n\n<p><strong>Wie sind wir an Ihre Daten gelangt?<\/strong><\/p>\n\n<p>Die personenbezogenen Daten, die wir bei YASMIN ELIANA MARIN RODRIGUEZ verarbeiten, wurden direkt vom Interessenten zur Verf\u00fcgung gestellt.<\/p>\n\n<p>Die Kategorien von Daten, die verarbeitet werden, sind:<\/p>\n\n<p>&#8211; Identifikationsdaten<\/p>\n\n<p>&#8211; Post- und E-Mail-Adressen<\/p>\n\n<p>&#8211; Kommerzielle Informationen<\/p>\n","protected":false},"excerpt":{"rendered":"<p>Wer wir sind Die Adresse unserer Website lautet: https:\/\/joyasyasmin.com. Der Datenschutz ist f\u00fcr YASMIN ELIANA MARIN RODRIGUEZ von gro\u00dfer Bedeutung und wir m\u00f6chten eine offene und transparente Haltung bei der Verarbeitung Ihrer personenbezogenen Daten bewahren. Aus diesem Grund haben wir eine Richtlinie, die festlegt, wie Ihre personenbezogenen Daten behandelt und gesch\u00fctzt werden. Wer ist f\u00fcr [&hellip;]<\/p>\n","protected":false},"author":1,"featured_media":0,"parent":0,"menu_order":0,"comment_status":"closed","ping_status":"open","template":"","meta":{"_acf_changed":false,"_joinchat":[],"footnotes":""},"class_list":["post-19293","page","type-page","status-publish","hentry"],"acf":[],"yoast_head":"<!-- This site is optimized with the Yoast SEO plugin v27.5 - https:\/\/yoast.com\/product\/yoast-seo-wordpress\/ -->\n<title>Datenschutzrichtlinie - Yasmin<\/title>\n<meta name=\"robots\" content=\"index, follow, max-snippet:-1, max-image-preview:large, max-video-preview:-1\" \/>\n<link rel=\"canonical\" href=\"https:\/\/joyasyasmin.com\/de\/datenschutzrichtlinie\/\" \/>\n<meta property=\"og:locale\" content=\"de_DE\" \/>\n<meta property=\"og:title\" content=\"Datenschutzrichtlinie - Yasmin\" \/>\n<meta property=\"og:description\" content=\"Wer wir sind Die Adresse unserer Website lautet: https:\/\/joyasyasmin.com. Der Datenschutz ist f\u00fcr YASMIN ELIANA MARIN RODRIGUEZ von gro\u00dfer Bedeutung und wir m\u00f6chten eine offene und transparente Haltung bei der Verarbeitung Ihrer personenbezogenen Daten bewahren. Aus diesem Grund haben wir eine Richtlinie, die festlegt, wie Ihre personenbezogenen Daten behandelt und gesch\u00fctzt werden. Wer ist f\u00fcr [&hellip;]\" \/>\n<meta property=\"og:url\" content=\"https:\/\/joyasyasmin.com\/de\/datenschutzrichtlinie\/\" \/>\n<meta property=\"og:site_name\" content=\"Yasmin\" \/>\n<meta property=\"article:publisher\" content=\"https:\/\/www.facebook.com\/Joyas-Yasmin-217664058934169\/\" \/>\n<meta property=\"article:modified_time\" content=\"2024-11-19T13:40:43+00:00\" \/>\n<meta name=\"twitter:card\" content=\"summary_large_image\" \/>\n<meta name=\"twitter:label1\" content=\"Gesch\u00e4tzte Lesezeit\" \/>\n\t<meta name=\"twitter:data1\" content=\"3\u00a0Minuten\" \/>\n<script type=\"application\/ld+json\" class=\"yoast-schema-graph\">{\"@context\":\"https:\\\/\\\/schema.org\",\"@graph\":[{\"@type\":\"WebPage\",\"@id\":\"https:\\\/\\\/joyasyasmin.com\\\/de\\\/datenschutzrichtlinie\\\/\",\"url\":\"https:\\\/\\\/joyasyasmin.com\\\/de\\\/datenschutzrichtlinie\\\/\",\"name\":\"Datenschutzrichtlinie - Yasmin\",\"isPartOf\":{\"@id\":\"https:\\\/\\\/joyasyasmin.com\\\/de\\\/#website\"},\"datePublished\":\"2020-09-22T13:54:12+00:00\",\"dateModified\":\"2024-11-19T13:40:43+00:00\",\"breadcrumb\":{\"@id\":\"https:\\\/\\\/joyasyasmin.com\\\/de\\\/datenschutzrichtlinie\\\/#breadcrumb\"},\"inLanguage\":\"de\",\"potentialAction\":[{\"@type\":\"ReadAction\",\"target\":[\"https:\\\/\\\/joyasyasmin.com\\\/de\\\/datenschutzrichtlinie\\\/\"]}]},{\"@type\":\"BreadcrumbList\",\"@id\":\"https:\\\/\\\/joyasyasmin.com\\\/de\\\/datenschutzrichtlinie\\\/#breadcrumb\",\"itemListElement\":[{\"@type\":\"ListItem\",\"position\":1,\"name\":\"Portada\",\"item\":\"https:\\\/\\\/joyasyasmin.com\\\/de\\\/heim\\\/\"},{\"@type\":\"ListItem\",\"position\":2,\"name\":\"Datenschutzrichtlinie\"}]},{\"@type\":\"WebSite\",\"@id\":\"https:\\\/\\\/joyasyasmin.com\\\/de\\\/#website\",\"url\":\"https:\\\/\\\/joyasyasmin.com\\\/de\\\/\",\"name\":\"Yasmin\",\"description\":\"Joyer\u00eda de Plata 925 - Pendientes, pulseras, anillos, colgantes y m\u00e1s!\",\"publisher\":{\"@id\":\"https:\\\/\\\/joyasyasmin.com\\\/de\\\/#organization\"},\"potentialAction\":[{\"@type\":\"SearchAction\",\"target\":{\"@type\":\"EntryPoint\",\"urlTemplate\":\"https:\\\/\\\/joyasyasmin.com\\\/de\\\/?s={search_term_string}\"},\"query-input\":{\"@type\":\"PropertyValueSpecification\",\"valueRequired\":true,\"valueName\":\"search_term_string\"}}],\"inLanguage\":\"de\"},{\"@type\":\"Organization\",\"@id\":\"https:\\\/\\\/joyasyasmin.com\\\/de\\\/#organization\",\"name\":\"joyas yasmin\",\"url\":\"https:\\\/\\\/joyasyasmin.com\\\/de\\\/\",\"logo\":{\"@type\":\"ImageObject\",\"inLanguage\":\"de\",\"@id\":\"https:\\\/\\\/joyasyasmin.com\\\/de\\\/#\\\/schema\\\/logo\\\/image\\\/\",\"url\":\"https:\\\/\\\/joyasyasmin.com\\\/wp-content\\\/uploads\\\/2017\\\/06\\\/IMG-20200429-WA0051.jpg\",\"contentUrl\":\"https:\\\/\\\/joyasyasmin.com\\\/wp-content\\\/uploads\\\/2017\\\/06\\\/IMG-20200429-WA0051.jpg\",\"width\":1080,\"height\":545,\"caption\":\"joyas yasmin\"},\"image\":{\"@id\":\"https:\\\/\\\/joyasyasmin.com\\\/de\\\/#\\\/schema\\\/logo\\\/image\\\/\"},\"sameAs\":[\"https:\\\/\\\/www.facebook.com\\\/Joyas-Yasmin-217664058934169\\\/\",\"https:\\\/\\\/www.instagram.com\\\/invites\\\/contact\\\/\"]}]}<\/script>\n<!-- \/ Yoast SEO plugin. -->","yoast_head_json":{"title":"Datenschutzrichtlinie - Yasmin","robots":{"index":"index","follow":"follow","max-snippet":"max-snippet:-1","max-image-preview":"max-image-preview:large","max-video-preview":"max-video-preview:-1"},"canonical":"https:\/\/joyasyasmin.com\/de\/datenschutzrichtlinie\/","og_locale":"de_DE","og_title":"Datenschutzrichtlinie - Yasmin","og_description":"Wer wir sind Die Adresse unserer Website lautet: https:\/\/joyasyasmin.com. Der Datenschutz ist f\u00fcr YASMIN ELIANA MARIN RODRIGUEZ von gro\u00dfer Bedeutung und wir m\u00f6chten eine offene und transparente Haltung bei der Verarbeitung Ihrer personenbezogenen Daten bewahren. Aus diesem Grund haben wir eine Richtlinie, die festlegt, wie Ihre personenbezogenen Daten behandelt und gesch\u00fctzt werden. Wer ist f\u00fcr [&hellip;]","og_url":"https:\/\/joyasyasmin.com\/de\/datenschutzrichtlinie\/","og_site_name":"Yasmin","article_publisher":"https:\/\/www.facebook.com\/Joyas-Yasmin-217664058934169\/","article_modified_time":"2024-11-19T13:40:43+00:00","twitter_card":"summary_large_image","twitter_misc":{"Gesch\u00e4tzte Lesezeit":"3\u00a0Minuten"},"schema":{"@context":"https:\/\/schema.org","@graph":[{"@type":"WebPage","@id":"https:\/\/joyasyasmin.com\/de\/datenschutzrichtlinie\/","url":"https:\/\/joyasyasmin.com\/de\/datenschutzrichtlinie\/","name":"Datenschutzrichtlinie - Yasmin","isPartOf":{"@id":"https:\/\/joyasyasmin.com\/de\/#website"},"datePublished":"2020-09-22T13:54:12+00:00","dateModified":"2024-11-19T13:40:43+00:00","breadcrumb":{"@id":"https:\/\/joyasyasmin.com\/de\/datenschutzrichtlinie\/#breadcrumb"},"inLanguage":"de","potentialAction":[{"@type":"ReadAction","target":["https:\/\/joyasyasmin.com\/de\/datenschutzrichtlinie\/"]}]},{"@type":"BreadcrumbList","@id":"https:\/\/joyasyasmin.com\/de\/datenschutzrichtlinie\/#breadcrumb","itemListElement":[{"@type":"ListItem","position":1,"name":"Portada","item":"https:\/\/joyasyasmin.com\/de\/heim\/"},{"@type":"ListItem","position":2,"name":"Datenschutzrichtlinie"}]},{"@type":"WebSite","@id":"https:\/\/joyasyasmin.com\/de\/#website","url":"https:\/\/joyasyasmin.com\/de\/","name":"Yasmin","description":"Joyer\u00eda de Plata 925 - Pendientes, pulseras, anillos, colgantes y m\u00e1s!","publisher":{"@id":"https:\/\/joyasyasmin.com\/de\/#organization"},"potentialAction":[{"@type":"SearchAction","target":{"@type":"EntryPoint","urlTemplate":"https:\/\/joyasyasmin.com\/de\/?s={search_term_string}"},"query-input":{"@type":"PropertyValueSpecification","valueRequired":true,"valueName":"search_term_string"}}],"inLanguage":"de"},{"@type":"Organization","@id":"https:\/\/joyasyasmin.com\/de\/#organization","name":"joyas yasmin","url":"https:\/\/joyasyasmin.com\/de\/","logo":{"@type":"ImageObject","inLanguage":"de","@id":"https:\/\/joyasyasmin.com\/de\/#\/schema\/logo\/image\/","url":"https:\/\/joyasyasmin.com\/wp-content\/uploads\/2017\/06\/IMG-20200429-WA0051.jpg","contentUrl":"https:\/\/joyasyasmin.com\/wp-content\/uploads\/2017\/06\/IMG-20200429-WA0051.jpg","width":1080,"height":545,"caption":"joyas yasmin"},"image":{"@id":"https:\/\/joyasyasmin.com\/de\/#\/schema\/logo\/image\/"},"sameAs":["https:\/\/www.facebook.com\/Joyas-Yasmin-217664058934169\/","https:\/\/www.instagram.com\/invites\/contact\/"]}]}},"_links":{"self":[{"href":"https:\/\/joyasyasmin.com\/de\/wp-json\/wp\/v2\/pages\/19293","targetHints":{"allow":["GET"]}}],"collection":[{"href":"https:\/\/joyasyasmin.com\/de\/wp-json\/wp\/v2\/pages"}],"about":[{"href":"https:\/\/joyasyasmin.com\/de\/wp-json\/wp\/v2\/types\/page"}],"author":[{"embeddable":true,"href":"https:\/\/joyasyasmin.com\/de\/wp-json\/wp\/v2\/users\/1"}],"replies":[{"embeddable":true,"href":"https:\/\/joyasyasmin.com\/de\/wp-json\/wp\/v2\/comments?post=19293"}],"version-history":[{"count":1,"href":"https:\/\/joyasyasmin.com\/de\/wp-json\/wp\/v2\/pages\/19293\/revisions"}],"predecessor-version":[{"id":19294,"href":"https:\/\/joyasyasmin.com\/de\/wp-json\/wp\/v2\/pages\/19293\/revisions\/19294"}],"wp:attachment":[{"href":"https:\/\/joyasyasmin.com\/de\/wp-json\/wp\/v2\/media?parent=19293"}],"curies":[{"name":"wp","href":"https:\/\/api.w.org\/{rel}","templated":true}]}}