{"id":19525,"date":"2024-08-31T12:36:33","date_gmt":"2024-08-31T12:36:33","guid":{"rendered":"https:\/\/joyasyasmin.com\/producto\/eleganter-greca-creolen\/"},"modified":"2026-02-04T09:26:59","modified_gmt":"2026-02-04T09:26:59","slug":"eleganter-greca-creolen","status":"publish","type":"product","link":"https:\/\/joyasyasmin.com\/de\/producto\/eleganter-greca-creolen\/","title":{"rendered":"Eleganter Greca Creolen"},"content":{"rendered":"","protected":false},"excerpt":{"rendered":"<p>Verleihen Sie Ihrer Schmucksammlung mit dem Elegant Greca-Reifen einen Hauch von Raffinesse und Glanz. Dieser Greca-Stil Ring mit Druckknopfverschluss ist die perfekte Wahl f\u00fcr alle, die ein Accessoire suchen, das klassisches Design mit moderner Eleganz verbindet. Mit 15 mm L\u00e4nge und 4 mm Breite ist der Rahmen ideal, um aufzufallen, ohne \u00fcberm\u00e4\u00dfig auff\u00e4llig zu sein.<\/p>\n<p>Das Griffmuster am Ring ist mit Zirkonia verziert, die farbig oder in schimmerndem Wei\u00df erh\u00e4ltlich sind und einen charmanten und anspruchsvollen Glanz verleihen. Die Zirkonen sind sorgf\u00e4ltig eingefasst und sorgen f\u00fcr ein strahlendes Finish, das Licht au\u00dfergew\u00f6hnlich einf\u00e4ngt. Der Druckknopfverschluss sorgt f\u00fcr einen sicheren und bequemen Halt, sodass der B\u00fcgel leicht an- und ausgezogen werden kann und gleichzeitig den ganzen Tag \u00fcber fest sitzt.<\/p>\n","protected":false},"featured_media":19530,"comment_status":"open","ping_status":"closed","template":"","meta":{"_acf_changed":false,"_joinchat":[]},"product_brand":[],"product_cat":[1770],"product_tag":[],"class_list":{"0":"post-19525","1":"product","2":"type-product","3":"status-publish","4":"has-post-thumbnail","6":"product_cat-ohrringe-und-ohrringe","8":"first","9":"instock","10":"shipping-taxable","11":"purchasable","12":"product-type-variable"},"acf":[],"yoast_head":"<!-- This site is optimized with the Yoast SEO plugin v27.2 - https:\/\/yoast.com\/product\/yoast-seo-wordpress\/ -->\n<title>Eleganter Greca Creolen - Yasmin<\/title>\n<meta name=\"description\" content=\"Mit dem Elegant Greca Creolen k\u00f6nnen Sie die Sch\u00f6nheit eines detaillierten Designs und die Qualit\u00e4t von Zirkonias genie\u00dfen, egal ob in klassischem Wei\u00df oder leuchtenden Farben.\" \/>\n<meta name=\"robots\" content=\"index, follow, max-snippet:-1, max-image-preview:large, max-video-preview:-1\" \/>\n<link rel=\"canonical\" href=\"https:\/\/joyasyasmin.com\/de\/producto\/eleganter-greca-creolen\/\" \/>\n<meta property=\"og:locale\" content=\"de_DE\" \/>\n<meta property=\"og:title\" content=\"Eleganter Greca Creolen - Yasmin\" \/>\n<meta property=\"og:description\" content=\"Mit dem Elegant Greca Creolen k\u00f6nnen Sie die Sch\u00f6nheit eines detaillierten Designs und die Qualit\u00e4t von Zirkonias genie\u00dfen, egal ob in klassischem Wei\u00df oder leuchtenden Farben.\" \/>\n<meta property=\"og:url\" content=\"https:\/\/joyasyasmin.com\/de\/producto\/eleganter-greca-creolen\/\" \/>\n<meta property=\"og:site_name\" content=\"Yasmin\" \/>\n<meta property=\"article:publisher\" content=\"https:\/\/www.facebook.com\/Joyas-Yasmin-217664058934169\/\" \/>\n<meta property=\"article:modified_time\" content=\"2026-02-04T09:26:59+00:00\" \/>\n<meta property=\"og:image\" content=\"https:\/\/joyasyasmin.com\/wp-content\/uploads\/2024\/08\/aro-greca-de-plata-piedra.jpg\" \/>\n\t<meta property=\"og:image:width\" content=\"1000\" \/>\n\t<meta property=\"og:image:height\" content=\"1000\" \/>\n\t<meta property=\"og:image:type\" content=\"image\/jpeg\" \/>\n<meta name=\"twitter:card\" content=\"summary_large_image\" \/>\n<script type=\"application\/ld+json\" class=\"yoast-schema-graph\">{\"@context\":\"https:\/\/schema.org\",\"@graph\":[{\"@type\":[\"WebPage\",\"ItemPage\"],\"@id\":\"https:\/\/joyasyasmin.com\/de\/producto\/eleganter-greca-creolen\/\",\"url\":\"https:\/\/joyasyasmin.com\/de\/producto\/eleganter-greca-creolen\/\",\"name\":\"Eleganter Greca Creolen - Yasmin\",\"isPartOf\":{\"@id\":\"https:\/\/joyasyasmin.com\/de\/#website\"},\"primaryImageOfPage\":{\"@id\":\"https:\/\/joyasyasmin.com\/de\/producto\/eleganter-greca-creolen\/#primaryimage\"},\"image\":{\"@id\":\"https:\/\/joyasyasmin.com\/de\/producto\/eleganter-greca-creolen\/#primaryimage\"},\"thumbnailUrl\":\"https:\/\/joyasyasmin.com\/wp-content\/uploads\/2024\/08\/aro-greca-de-plata-piedra.jpg\",\"datePublished\":\"2024-08-31T12:36:33+00:00\",\"dateModified\":\"2026-02-04T09:26:59+00:00\",\"description\":\"Mit dem Elegant Greca Creolen k\u00f6nnen Sie die Sch\u00f6nheit eines detaillierten Designs und die Qualit\u00e4t von Zirkonias genie\u00dfen, egal ob in klassischem Wei\u00df oder leuchtenden Farben.\",\"breadcrumb\":{\"@id\":\"https:\/\/joyasyasmin.com\/de\/producto\/eleganter-greca-creolen\/#breadcrumb\"},\"inLanguage\":\"de\",\"potentialAction\":[{\"@type\":\"ReadAction\",\"target\":[\"https:\/\/joyasyasmin.com\/de\/producto\/eleganter-greca-creolen\/\"]}]},{\"@type\":\"ImageObject\",\"inLanguage\":\"de\",\"@id\":\"https:\/\/joyasyasmin.com\/de\/producto\/eleganter-greca-creolen\/#primaryimage\",\"url\":\"https:\/\/joyasyasmin.com\/wp-content\/uploads\/2024\/08\/aro-greca-de-plata-piedra.jpg\",\"contentUrl\":\"https:\/\/joyasyasmin.com\/wp-content\/uploads\/2024\/08\/aro-greca-de-plata-piedra.jpg\",\"width\":1000,\"height\":1000,\"caption\":\"Verkauf von eleganten Greca Creolen aus 925 Sterling Silber mit Zirkonen\"},{\"@type\":\"BreadcrumbList\",\"@id\":\"https:\/\/joyasyasmin.com\/de\/producto\/eleganter-greca-creolen\/#breadcrumb\",\"itemListElement\":[{\"@type\":\"ListItem\",\"position\":1,\"name\":\"Portada\",\"item\":\"https:\/\/joyasyasmin.com\/de\/heim\/\"},{\"@type\":\"ListItem\",\"position\":2,\"name\":\"Shop\",\"item\":\"https:\/\/joyasyasmin.com\/de\/shop\/\"},{\"@type\":\"ListItem\",\"position\":3,\"name\":\"Eleganter Greca Creolen\"}]},{\"@type\":\"WebSite\",\"@id\":\"https:\/\/joyasyasmin.com\/de\/#website\",\"url\":\"https:\/\/joyasyasmin.com\/de\/\",\"name\":\"Yasmin\",\"description\":\"Joyer\u00eda de Plata 925 - Pendientes, pulseras, anillos, colgantes y m\u00e1s!\",\"publisher\":{\"@id\":\"https:\/\/joyasyasmin.com\/de\/#organization\"},\"potentialAction\":[{\"@type\":\"SearchAction\",\"target\":{\"@type\":\"EntryPoint\",\"urlTemplate\":\"https:\/\/joyasyasmin.com\/de\/?s={search_term_string}\"},\"query-input\":{\"@type\":\"PropertyValueSpecification\",\"valueRequired\":true,\"valueName\":\"search_term_string\"}}],\"inLanguage\":\"de\"},{\"@type\":\"Organization\",\"@id\":\"https:\/\/joyasyasmin.com\/de\/#organization\",\"name\":\"joyas yasmin\",\"url\":\"https:\/\/joyasyasmin.com\/de\/\",\"logo\":{\"@type\":\"ImageObject\",\"inLanguage\":\"de\",\"@id\":\"https:\/\/joyasyasmin.com\/de\/#\/schema\/logo\/image\/\",\"url\":\"https:\/\/joyasyasmin.com\/wp-content\/uploads\/2017\/06\/IMG-20200429-WA0051.jpg\",\"contentUrl\":\"https:\/\/joyasyasmin.com\/wp-content\/uploads\/2017\/06\/IMG-20200429-WA0051.jpg\",\"width\":1080,\"height\":545,\"caption\":\"joyas yasmin\"},\"image\":{\"@id\":\"https:\/\/joyasyasmin.com\/de\/#\/schema\/logo\/image\/\"},\"sameAs\":[\"https:\/\/www.facebook.com\/Joyas-Yasmin-217664058934169\/\",\"https:\/\/www.instagram.com\/invites\/contact\/\"]}]}<\/script>\n<!-- \/ Yoast SEO plugin. -->","yoast_head_json":{"title":"Eleganter Greca Creolen - Yasmin","description":"Mit dem Elegant Greca Creolen k\u00f6nnen Sie die Sch\u00f6nheit eines detaillierten Designs und die Qualit\u00e4t von Zirkonias genie\u00dfen, egal ob in klassischem Wei\u00df oder leuchtenden Farben.","robots":{"index":"index","follow":"follow","max-snippet":"max-snippet:-1","max-image-preview":"max-image-preview:large","max-video-preview":"max-video-preview:-1"},"canonical":"https:\/\/joyasyasmin.com\/de\/producto\/eleganter-greca-creolen\/","og_locale":"de_DE","og_title":"Eleganter Greca Creolen - Yasmin","og_description":"Mit dem Elegant Greca Creolen k\u00f6nnen Sie die Sch\u00f6nheit eines detaillierten Designs und die Qualit\u00e4t von Zirkonias genie\u00dfen, egal ob in klassischem Wei\u00df oder leuchtenden Farben.","og_url":"https:\/\/joyasyasmin.com\/de\/producto\/eleganter-greca-creolen\/","og_site_name":"Yasmin","article_publisher":"https:\/\/www.facebook.com\/Joyas-Yasmin-217664058934169\/","article_modified_time":"2026-02-04T09:26:59+00:00","og_image":[{"width":1000,"height":1000,"url":"https:\/\/joyasyasmin.com\/wp-content\/uploads\/2024\/08\/aro-greca-de-plata-piedra.jpg","type":"image\/jpeg"}],"twitter_card":"summary_large_image","schema":{"@context":"https:\/\/schema.org","@graph":[{"@type":["WebPage","ItemPage"],"@id":"https:\/\/joyasyasmin.com\/de\/producto\/eleganter-greca-creolen\/","url":"https:\/\/joyasyasmin.com\/de\/producto\/eleganter-greca-creolen\/","name":"Eleganter Greca Creolen - Yasmin","isPartOf":{"@id":"https:\/\/joyasyasmin.com\/de\/#website"},"primaryImageOfPage":{"@id":"https:\/\/joyasyasmin.com\/de\/producto\/eleganter-greca-creolen\/#primaryimage"},"image":{"@id":"https:\/\/joyasyasmin.com\/de\/producto\/eleganter-greca-creolen\/#primaryimage"},"thumbnailUrl":"https:\/\/joyasyasmin.com\/wp-content\/uploads\/2024\/08\/aro-greca-de-plata-piedra.jpg","datePublished":"2024-08-31T12:36:33+00:00","dateModified":"2026-02-04T09:26:59+00:00","description":"Mit dem Elegant Greca Creolen k\u00f6nnen Sie die Sch\u00f6nheit eines detaillierten Designs und die Qualit\u00e4t von Zirkonias genie\u00dfen, egal ob in klassischem Wei\u00df oder leuchtenden Farben.","breadcrumb":{"@id":"https:\/\/joyasyasmin.com\/de\/producto\/eleganter-greca-creolen\/#breadcrumb"},"inLanguage":"de","potentialAction":[{"@type":"ReadAction","target":["https:\/\/joyasyasmin.com\/de\/producto\/eleganter-greca-creolen\/"]}]},{"@type":"ImageObject","inLanguage":"de","@id":"https:\/\/joyasyasmin.com\/de\/producto\/eleganter-greca-creolen\/#primaryimage","url":"https:\/\/joyasyasmin.com\/wp-content\/uploads\/2024\/08\/aro-greca-de-plata-piedra.jpg","contentUrl":"https:\/\/joyasyasmin.com\/wp-content\/uploads\/2024\/08\/aro-greca-de-plata-piedra.jpg","width":1000,"height":1000,"caption":"Verkauf von eleganten Greca Creolen aus 925 Sterling Silber mit Zirkonen"},{"@type":"BreadcrumbList","@id":"https:\/\/joyasyasmin.com\/de\/producto\/eleganter-greca-creolen\/#breadcrumb","itemListElement":[{"@type":"ListItem","position":1,"name":"Portada","item":"https:\/\/joyasyasmin.com\/de\/heim\/"},{"@type":"ListItem","position":2,"name":"Shop","item":"https:\/\/joyasyasmin.com\/de\/shop\/"},{"@type":"ListItem","position":3,"name":"Eleganter Greca Creolen"}]},{"@type":"WebSite","@id":"https:\/\/joyasyasmin.com\/de\/#website","url":"https:\/\/joyasyasmin.com\/de\/","name":"Yasmin","description":"Joyer\u00eda de Plata 925 - Pendientes, pulseras, anillos, colgantes y m\u00e1s!","publisher":{"@id":"https:\/\/joyasyasmin.com\/de\/#organization"},"potentialAction":[{"@type":"SearchAction","target":{"@type":"EntryPoint","urlTemplate":"https:\/\/joyasyasmin.com\/de\/?s={search_term_string}"},"query-input":{"@type":"PropertyValueSpecification","valueRequired":true,"valueName":"search_term_string"}}],"inLanguage":"de"},{"@type":"Organization","@id":"https:\/\/joyasyasmin.com\/de\/#organization","name":"joyas yasmin","url":"https:\/\/joyasyasmin.com\/de\/","logo":{"@type":"ImageObject","inLanguage":"de","@id":"https:\/\/joyasyasmin.com\/de\/#\/schema\/logo\/image\/","url":"https:\/\/joyasyasmin.com\/wp-content\/uploads\/2017\/06\/IMG-20200429-WA0051.jpg","contentUrl":"https:\/\/joyasyasmin.com\/wp-content\/uploads\/2017\/06\/IMG-20200429-WA0051.jpg","width":1080,"height":545,"caption":"joyas yasmin"},"image":{"@id":"https:\/\/joyasyasmin.com\/de\/#\/schema\/logo\/image\/"},"sameAs":["https:\/\/www.facebook.com\/Joyas-Yasmin-217664058934169\/","https:\/\/www.instagram.com\/invites\/contact\/"]}]}},"_links":{"self":[{"href":"https:\/\/joyasyasmin.com\/de\/wp-json\/wp\/v2\/product\/19525","targetHints":{"allow":["GET"]}}],"collection":[{"href":"https:\/\/joyasyasmin.com\/de\/wp-json\/wp\/v2\/product"}],"about":[{"href":"https:\/\/joyasyasmin.com\/de\/wp-json\/wp\/v2\/types\/product"}],"replies":[{"embeddable":true,"href":"https:\/\/joyasyasmin.com\/de\/wp-json\/wp\/v2\/comments?post=19525"}],"version-history":[{"count":1,"href":"https:\/\/joyasyasmin.com\/de\/wp-json\/wp\/v2\/product\/19525\/revisions"}],"predecessor-version":[{"id":37923,"href":"https:\/\/joyasyasmin.com\/de\/wp-json\/wp\/v2\/product\/19525\/revisions\/37923"}],"wp:featuredmedia":[{"embeddable":true,"href":"https:\/\/joyasyasmin.com\/de\/wp-json\/wp\/v2\/media\/19530"}],"wp:attachment":[{"href":"https:\/\/joyasyasmin.com\/de\/wp-json\/wp\/v2\/media?parent=19525"}],"wp:term":[{"taxonomy":"product_brand","embeddable":true,"href":"https:\/\/joyasyasmin.com\/de\/wp-json\/wp\/v2\/product_brand?post=19525"},{"taxonomy":"product_cat","embeddable":true,"href":"https:\/\/joyasyasmin.com\/de\/wp-json\/wp\/v2\/product_cat?post=19525"},{"taxonomy":"product_tag","embeddable":true,"href":"https:\/\/joyasyasmin.com\/de\/wp-json\/wp\/v2\/product_tag?post=19525"}],"curies":[{"name":"wp","href":"https:\/\/api.w.org\/{rel}","templated":true}]}}