{"id":19628,"date":"2024-09-18T19:21:06","date_gmt":"2024-09-18T19:21:06","guid":{"rendered":"https:\/\/joyasyasmin.com\/producto\/natuerliche-essenz-armband\/"},"modified":"2025-09-01T07:45:14","modified_gmt":"2025-09-01T07:45:14","slug":"natuerliche-essenz-armband","status":"publish","type":"product","link":"https:\/\/joyasyasmin.com\/de\/producto\/natuerliche-essenz-armband\/","title":{"rendered":"Nat\u00fcrliche Essenz Armband"},"content":{"rendered":"","protected":false},"excerpt":{"rendered":"<p>Entdecken Sie das Natural Essence 925 Silberarmband, ein Schmuckst\u00fcck, das Eleganz und Bedeutung vereint. Dieses hochwertige Armband aus 925er Sterlingsilber verf\u00fcgt \u00fcber ein klassisches 2-mm-Rolo-Kettendesign, das f\u00fcnf ovale Natursteine mit einer L\u00e4nge von 10 mm und einer Breite von 8 mm verbindet. Seine verstellbare Gr\u00f6\u00dfe von 17 + 3 cm sorgt f\u00fcr eine bequeme und vielseitige Passform f\u00fcr alle Arten von Handgelenken.  <\/p>\n<p>Erh\u00e4ltlich in vier einzigartigen Natursteinen: Rosenquarz, Mondstein, Onyx und Tigerauge, bietet jeder dieser Steine dem Tr\u00e4ger besondere Eigenschaften:<\/p>\n","protected":false},"featured_media":19637,"comment_status":"open","ping_status":"closed","template":"","meta":{"_acf_changed":false,"_joinchat":[]},"product_brand":[],"product_cat":[1787],"product_tag":[],"class_list":{"0":"post-19628","1":"product","2":"type-product","3":"status-publish","4":"has-post-thumbnail","6":"product_cat-armbander","8":"first","9":"instock","10":"shipping-taxable","11":"purchasable","12":"product-type-variable"},"acf":[],"yoast_head":"<!-- This site is optimized with the Yoast SEO plugin v27.2 - https:\/\/yoast.com\/product\/yoast-seo-wordpress\/ -->\n<title>Nat\u00fcrliche Essenz Armband - Yasmin<\/title>\n<meta name=\"description\" content=\"Entdecken Sie das Natural Essence 925 Silberarmband, ein Schmuckst\u00fcck, das Eleganz und Bedeutung vereint. Hergestellt aus 925er Sterlingsilber. Kostenloser Versand.\" \/>\n<meta name=\"robots\" content=\"index, follow, max-snippet:-1, max-image-preview:large, max-video-preview:-1\" \/>\n<link rel=\"canonical\" href=\"https:\/\/joyasyasmin.com\/de\/producto\/natuerliche-essenz-armband\/\" \/>\n<meta property=\"og:locale\" content=\"de_DE\" \/>\n<meta property=\"og:title\" content=\"Nat\u00fcrliche Essenz Armband - Yasmin\" \/>\n<meta property=\"og:description\" content=\"Entdecken Sie das Natural Essence 925 Silberarmband, ein Schmuckst\u00fcck, das Eleganz und Bedeutung vereint. Hergestellt aus 925er Sterlingsilber. Kostenloser Versand.\" \/>\n<meta property=\"og:url\" content=\"https:\/\/joyasyasmin.com\/de\/producto\/natuerliche-essenz-armband\/\" \/>\n<meta property=\"og:site_name\" content=\"Yasmin\" \/>\n<meta property=\"article:publisher\" content=\"https:\/\/www.facebook.com\/Joyas-Yasmin-217664058934169\/\" \/>\n<meta property=\"article:modified_time\" content=\"2025-09-01T07:45:14+00:00\" \/>\n<meta property=\"og:image\" content=\"https:\/\/joyasyasmin.com\/wp-content\/uploads\/2024\/09\/pulsera-cuarzo-rosa.jpg\" \/>\n\t<meta property=\"og:image:width\" content=\"1000\" \/>\n\t<meta property=\"og:image:height\" content=\"1000\" \/>\n\t<meta property=\"og:image:type\" content=\"image\/jpeg\" \/>\n<meta name=\"twitter:card\" content=\"summary_large_image\" \/>\n<script type=\"application\/ld+json\" class=\"yoast-schema-graph\">{\"@context\":\"https:\/\/schema.org\",\"@graph\":[{\"@type\":[\"WebPage\",\"ItemPage\"],\"@id\":\"https:\/\/joyasyasmin.com\/de\/producto\/natuerliche-essenz-armband\/\",\"url\":\"https:\/\/joyasyasmin.com\/de\/producto\/natuerliche-essenz-armband\/\",\"name\":\"Nat\u00fcrliche Essenz Armband - Yasmin\",\"isPartOf\":{\"@id\":\"https:\/\/joyasyasmin.com\/de\/#website\"},\"primaryImageOfPage\":{\"@id\":\"https:\/\/joyasyasmin.com\/de\/producto\/natuerliche-essenz-armband\/#primaryimage\"},\"image\":{\"@id\":\"https:\/\/joyasyasmin.com\/de\/producto\/natuerliche-essenz-armband\/#primaryimage\"},\"thumbnailUrl\":\"https:\/\/joyasyasmin.com\/wp-content\/uploads\/2024\/09\/pulsera-cuarzo-rosa.jpg\",\"datePublished\":\"2024-09-18T19:21:06+00:00\",\"dateModified\":\"2025-09-01T07:45:14+00:00\",\"description\":\"Entdecken Sie das Natural Essence 925 Silberarmband, ein Schmuckst\u00fcck, das Eleganz und Bedeutung vereint. Hergestellt aus 925er Sterlingsilber. Kostenloser Versand.\",\"breadcrumb\":{\"@id\":\"https:\/\/joyasyasmin.com\/de\/producto\/natuerliche-essenz-armband\/#breadcrumb\"},\"inLanguage\":\"de\",\"potentialAction\":[{\"@type\":\"ReadAction\",\"target\":[\"https:\/\/joyasyasmin.com\/de\/producto\/natuerliche-essenz-armband\/\"]}]},{\"@type\":\"ImageObject\",\"inLanguage\":\"de\",\"@id\":\"https:\/\/joyasyasmin.com\/de\/producto\/natuerliche-essenz-armband\/#primaryimage\",\"url\":\"https:\/\/joyasyasmin.com\/wp-content\/uploads\/2024\/09\/pulsera-cuarzo-rosa.jpg\",\"contentUrl\":\"https:\/\/joyasyasmin.com\/wp-content\/uploads\/2024\/09\/pulsera-cuarzo-rosa.jpg\",\"width\":1000,\"height\":1000,\"caption\":\"Rosenquarz Armband Verkauf Nat\u00fcrliche Essenz 925 Sterling Silber\"},{\"@type\":\"BreadcrumbList\",\"@id\":\"https:\/\/joyasyasmin.com\/de\/producto\/natuerliche-essenz-armband\/#breadcrumb\",\"itemListElement\":[{\"@type\":\"ListItem\",\"position\":1,\"name\":\"Portada\",\"item\":\"https:\/\/joyasyasmin.com\/de\/heim\/\"},{\"@type\":\"ListItem\",\"position\":2,\"name\":\"Shop\",\"item\":\"https:\/\/joyasyasmin.com\/de\/shop\/\"},{\"@type\":\"ListItem\",\"position\":3,\"name\":\"Nat\u00fcrliche Essenz Armband\"}]},{\"@type\":\"WebSite\",\"@id\":\"https:\/\/joyasyasmin.com\/de\/#website\",\"url\":\"https:\/\/joyasyasmin.com\/de\/\",\"name\":\"Yasmin\",\"description\":\"Joyer\u00eda de Plata 925 - Pendientes, pulseras, anillos, colgantes y m\u00e1s!\",\"publisher\":{\"@id\":\"https:\/\/joyasyasmin.com\/de\/#organization\"},\"potentialAction\":[{\"@type\":\"SearchAction\",\"target\":{\"@type\":\"EntryPoint\",\"urlTemplate\":\"https:\/\/joyasyasmin.com\/de\/?s={search_term_string}\"},\"query-input\":{\"@type\":\"PropertyValueSpecification\",\"valueRequired\":true,\"valueName\":\"search_term_string\"}}],\"inLanguage\":\"de\"},{\"@type\":\"Organization\",\"@id\":\"https:\/\/joyasyasmin.com\/de\/#organization\",\"name\":\"joyas yasmin\",\"url\":\"https:\/\/joyasyasmin.com\/de\/\",\"logo\":{\"@type\":\"ImageObject\",\"inLanguage\":\"de\",\"@id\":\"https:\/\/joyasyasmin.com\/de\/#\/schema\/logo\/image\/\",\"url\":\"https:\/\/joyasyasmin.com\/wp-content\/uploads\/2017\/06\/IMG-20200429-WA0051.jpg\",\"contentUrl\":\"https:\/\/joyasyasmin.com\/wp-content\/uploads\/2017\/06\/IMG-20200429-WA0051.jpg\",\"width\":1080,\"height\":545,\"caption\":\"joyas yasmin\"},\"image\":{\"@id\":\"https:\/\/joyasyasmin.com\/de\/#\/schema\/logo\/image\/\"},\"sameAs\":[\"https:\/\/www.facebook.com\/Joyas-Yasmin-217664058934169\/\",\"https:\/\/www.instagram.com\/invites\/contact\/\"]}]}<\/script>\n<!-- \/ Yoast SEO plugin. -->","yoast_head_json":{"title":"Nat\u00fcrliche Essenz Armband - Yasmin","description":"Entdecken Sie das Natural Essence 925 Silberarmband, ein Schmuckst\u00fcck, das Eleganz und Bedeutung vereint. Hergestellt aus 925er Sterlingsilber. Kostenloser Versand.","robots":{"index":"index","follow":"follow","max-snippet":"max-snippet:-1","max-image-preview":"max-image-preview:large","max-video-preview":"max-video-preview:-1"},"canonical":"https:\/\/joyasyasmin.com\/de\/producto\/natuerliche-essenz-armband\/","og_locale":"de_DE","og_title":"Nat\u00fcrliche Essenz Armband - Yasmin","og_description":"Entdecken Sie das Natural Essence 925 Silberarmband, ein Schmuckst\u00fcck, das Eleganz und Bedeutung vereint. Hergestellt aus 925er Sterlingsilber. Kostenloser Versand.","og_url":"https:\/\/joyasyasmin.com\/de\/producto\/natuerliche-essenz-armband\/","og_site_name":"Yasmin","article_publisher":"https:\/\/www.facebook.com\/Joyas-Yasmin-217664058934169\/","article_modified_time":"2025-09-01T07:45:14+00:00","og_image":[{"width":1000,"height":1000,"url":"https:\/\/joyasyasmin.com\/wp-content\/uploads\/2024\/09\/pulsera-cuarzo-rosa.jpg","type":"image\/jpeg"}],"twitter_card":"summary_large_image","schema":{"@context":"https:\/\/schema.org","@graph":[{"@type":["WebPage","ItemPage"],"@id":"https:\/\/joyasyasmin.com\/de\/producto\/natuerliche-essenz-armband\/","url":"https:\/\/joyasyasmin.com\/de\/producto\/natuerliche-essenz-armband\/","name":"Nat\u00fcrliche Essenz Armband - Yasmin","isPartOf":{"@id":"https:\/\/joyasyasmin.com\/de\/#website"},"primaryImageOfPage":{"@id":"https:\/\/joyasyasmin.com\/de\/producto\/natuerliche-essenz-armband\/#primaryimage"},"image":{"@id":"https:\/\/joyasyasmin.com\/de\/producto\/natuerliche-essenz-armband\/#primaryimage"},"thumbnailUrl":"https:\/\/joyasyasmin.com\/wp-content\/uploads\/2024\/09\/pulsera-cuarzo-rosa.jpg","datePublished":"2024-09-18T19:21:06+00:00","dateModified":"2025-09-01T07:45:14+00:00","description":"Entdecken Sie das Natural Essence 925 Silberarmband, ein Schmuckst\u00fcck, das Eleganz und Bedeutung vereint. Hergestellt aus 925er Sterlingsilber. Kostenloser Versand.","breadcrumb":{"@id":"https:\/\/joyasyasmin.com\/de\/producto\/natuerliche-essenz-armband\/#breadcrumb"},"inLanguage":"de","potentialAction":[{"@type":"ReadAction","target":["https:\/\/joyasyasmin.com\/de\/producto\/natuerliche-essenz-armband\/"]}]},{"@type":"ImageObject","inLanguage":"de","@id":"https:\/\/joyasyasmin.com\/de\/producto\/natuerliche-essenz-armband\/#primaryimage","url":"https:\/\/joyasyasmin.com\/wp-content\/uploads\/2024\/09\/pulsera-cuarzo-rosa.jpg","contentUrl":"https:\/\/joyasyasmin.com\/wp-content\/uploads\/2024\/09\/pulsera-cuarzo-rosa.jpg","width":1000,"height":1000,"caption":"Rosenquarz Armband Verkauf Nat\u00fcrliche Essenz 925 Sterling Silber"},{"@type":"BreadcrumbList","@id":"https:\/\/joyasyasmin.com\/de\/producto\/natuerliche-essenz-armband\/#breadcrumb","itemListElement":[{"@type":"ListItem","position":1,"name":"Portada","item":"https:\/\/joyasyasmin.com\/de\/heim\/"},{"@type":"ListItem","position":2,"name":"Shop","item":"https:\/\/joyasyasmin.com\/de\/shop\/"},{"@type":"ListItem","position":3,"name":"Nat\u00fcrliche Essenz Armband"}]},{"@type":"WebSite","@id":"https:\/\/joyasyasmin.com\/de\/#website","url":"https:\/\/joyasyasmin.com\/de\/","name":"Yasmin","description":"Joyer\u00eda de Plata 925 - Pendientes, pulseras, anillos, colgantes y m\u00e1s!","publisher":{"@id":"https:\/\/joyasyasmin.com\/de\/#organization"},"potentialAction":[{"@type":"SearchAction","target":{"@type":"EntryPoint","urlTemplate":"https:\/\/joyasyasmin.com\/de\/?s={search_term_string}"},"query-input":{"@type":"PropertyValueSpecification","valueRequired":true,"valueName":"search_term_string"}}],"inLanguage":"de"},{"@type":"Organization","@id":"https:\/\/joyasyasmin.com\/de\/#organization","name":"joyas yasmin","url":"https:\/\/joyasyasmin.com\/de\/","logo":{"@type":"ImageObject","inLanguage":"de","@id":"https:\/\/joyasyasmin.com\/de\/#\/schema\/logo\/image\/","url":"https:\/\/joyasyasmin.com\/wp-content\/uploads\/2017\/06\/IMG-20200429-WA0051.jpg","contentUrl":"https:\/\/joyasyasmin.com\/wp-content\/uploads\/2017\/06\/IMG-20200429-WA0051.jpg","width":1080,"height":545,"caption":"joyas yasmin"},"image":{"@id":"https:\/\/joyasyasmin.com\/de\/#\/schema\/logo\/image\/"},"sameAs":["https:\/\/www.facebook.com\/Joyas-Yasmin-217664058934169\/","https:\/\/www.instagram.com\/invites\/contact\/"]}]}},"_links":{"self":[{"href":"https:\/\/joyasyasmin.com\/de\/wp-json\/wp\/v2\/product\/19628","targetHints":{"allow":["GET"]}}],"collection":[{"href":"https:\/\/joyasyasmin.com\/de\/wp-json\/wp\/v2\/product"}],"about":[{"href":"https:\/\/joyasyasmin.com\/de\/wp-json\/wp\/v2\/types\/product"}],"replies":[{"embeddable":true,"href":"https:\/\/joyasyasmin.com\/de\/wp-json\/wp\/v2\/comments?post=19628"}],"version-history":[{"count":1,"href":"https:\/\/joyasyasmin.com\/de\/wp-json\/wp\/v2\/product\/19628\/revisions"}],"predecessor-version":[{"id":32480,"href":"https:\/\/joyasyasmin.com\/de\/wp-json\/wp\/v2\/product\/19628\/revisions\/32480"}],"wp:featuredmedia":[{"embeddable":true,"href":"https:\/\/joyasyasmin.com\/de\/wp-json\/wp\/v2\/media\/19637"}],"wp:attachment":[{"href":"https:\/\/joyasyasmin.com\/de\/wp-json\/wp\/v2\/media?parent=19628"}],"wp:term":[{"taxonomy":"product_brand","embeddable":true,"href":"https:\/\/joyasyasmin.com\/de\/wp-json\/wp\/v2\/product_brand?post=19628"},{"taxonomy":"product_cat","embeddable":true,"href":"https:\/\/joyasyasmin.com\/de\/wp-json\/wp\/v2\/product_cat?post=19628"},{"taxonomy":"product_tag","embeddable":true,"href":"https:\/\/joyasyasmin.com\/de\/wp-json\/wp\/v2\/product_tag?post=19628"}],"curies":[{"name":"wp","href":"https:\/\/api.w.org\/{rel}","templated":true}]}}