{"id":19694,"date":"2024-09-19T17:32:32","date_gmt":"2024-09-19T17:32:32","guid":{"rendered":"https:\/\/joyasyasmin.com\/producto\/halskette-mit-natuerlichen-essenzsteinen\/"},"modified":"2025-09-01T07:45:13","modified_gmt":"2025-09-01T07:45:13","slug":"halskette-mit-natuerlichen-essenzsteinen","status":"publish","type":"product","link":"https:\/\/joyasyasmin.com\/de\/producto\/halskette-mit-natuerlichen-essenzsteinen\/","title":{"rendered":"Halskette mit nat\u00fcrlichen Essenzsteinen"},"content":{"rendered":"","protected":false},"excerpt":{"rendered":"<p>Entdecken Sie unsere wundersch\u00f6ne Halskette mit nat\u00fcrlichen Essenzsteinen aus 925er Sterlingsilber, die f\u00fcr diejenigen entworfen wurde, die Harmonie, Stil und eine besondere Verbindung mit der Natur suchen. Diese Halskette kombiniert die Reinheit von 925er Sterlingsilber mit der einzigartigen Energie von Natursteinen und schafft so ein einzigartiges und kraftvolles St\u00fcck. <\/p>\n<p>Eigenschaften der Halskette:<br \/>\n &#8211; Material: 925er Sterlingsilber, garantiert Haltbarkeit und Glanz.<br \/>\n-Kettendesign: 1 mm Rolo-Kette, zart, aber widerstandsf\u00e4hig, ideal, um bei jeder Gelegenheit elegant auszusehen.<br \/>\n&#8211; Gesamtbreite der Steine: 5 cm, was f\u00fcr ein ausgewogenes und raffiniertes Aussehen sorgt.<br \/>\n&#8211; Individuelle Steinbreite: 8 mm, mit perfekt geschnitzten Steinen f\u00fcr ein makelloses Finish.<\/p>\n","protected":false},"featured_media":19698,"comment_status":"open","ping_status":"closed","template":"","meta":{"_acf_changed":false,"_joinchat":[]},"product_brand":[],"product_cat":[1818],"product_tag":[],"class_list":{"0":"post-19694","1":"product","2":"type-product","3":"status-publish","4":"has-post-thumbnail","6":"product_cat-halsketten","8":"first","9":"instock","10":"shipping-taxable","11":"purchasable","12":"product-type-variable"},"acf":[],"yoast_head":"<!-- This site is optimized with the Yoast SEO plugin v27.2 - https:\/\/yoast.com\/product\/yoast-seo-wordpress\/ -->\n<title>Halskette mit nat\u00fcrlichen Essenzsteinen - Yasmin<\/title>\n<meta name=\"description\" content=\"Halskette mit nat\u00fcrlichen Essenzsteinen, entworfen f\u00fcr diejenigen, die Harmonie, Stil und eine besondere Verbindung mit der Natur suchen, ist aus 925er Sterlingsilber gefertigt.\" \/>\n<meta name=\"robots\" content=\"index, follow, max-snippet:-1, max-image-preview:large, max-video-preview:-1\" \/>\n<link rel=\"canonical\" href=\"https:\/\/joyasyasmin.com\/de\/producto\/halskette-mit-natuerlichen-essenzsteinen\/\" \/>\n<meta property=\"og:locale\" content=\"de_DE\" \/>\n<meta property=\"og:title\" content=\"Halskette mit nat\u00fcrlichen Essenzsteinen - Yasmin\" \/>\n<meta property=\"og:description\" content=\"Halskette mit nat\u00fcrlichen Essenzsteinen, entworfen f\u00fcr diejenigen, die Harmonie, Stil und eine besondere Verbindung mit der Natur suchen, ist aus 925er Sterlingsilber gefertigt.\" \/>\n<meta property=\"og:url\" content=\"https:\/\/joyasyasmin.com\/de\/producto\/halskette-mit-natuerlichen-essenzsteinen\/\" \/>\n<meta property=\"og:site_name\" content=\"Yasmin\" \/>\n<meta property=\"article:publisher\" content=\"https:\/\/www.facebook.com\/Joyas-Yasmin-217664058934169\/\" \/>\n<meta property=\"article:modified_time\" content=\"2025-09-01T07:45:13+00:00\" \/>\n<meta property=\"og:image\" content=\"https:\/\/joyasyasmin.com\/wp-content\/uploads\/2024\/09\/collar-esencia-natural-de-chacras.jpg\" \/>\n\t<meta property=\"og:image:width\" content=\"1000\" \/>\n\t<meta property=\"og:image:height\" content=\"1000\" \/>\n\t<meta property=\"og:image:type\" content=\"image\/jpeg\" \/>\n<meta name=\"twitter:card\" content=\"summary_large_image\" \/>\n<script type=\"application\/ld+json\" class=\"yoast-schema-graph\">{\"@context\":\"https:\/\/schema.org\",\"@graph\":[{\"@type\":[\"WebPage\",\"ItemPage\"],\"@id\":\"https:\/\/joyasyasmin.com\/de\/producto\/halskette-mit-natuerlichen-essenzsteinen\/\",\"url\":\"https:\/\/joyasyasmin.com\/de\/producto\/halskette-mit-natuerlichen-essenzsteinen\/\",\"name\":\"Halskette mit nat\u00fcrlichen Essenzsteinen - Yasmin\",\"isPartOf\":{\"@id\":\"https:\/\/joyasyasmin.com\/de\/#website\"},\"primaryImageOfPage\":{\"@id\":\"https:\/\/joyasyasmin.com\/de\/producto\/halskette-mit-natuerlichen-essenzsteinen\/#primaryimage\"},\"image\":{\"@id\":\"https:\/\/joyasyasmin.com\/de\/producto\/halskette-mit-natuerlichen-essenzsteinen\/#primaryimage\"},\"thumbnailUrl\":\"https:\/\/joyasyasmin.com\/wp-content\/uploads\/2024\/09\/collar-esencia-natural-de-chacras.jpg\",\"datePublished\":\"2024-09-19T17:32:32+00:00\",\"dateModified\":\"2025-09-01T07:45:13+00:00\",\"description\":\"Halskette mit nat\u00fcrlichen Essenzsteinen, entworfen f\u00fcr diejenigen, die Harmonie, Stil und eine besondere Verbindung mit der Natur suchen, ist aus 925er Sterlingsilber gefertigt.\",\"breadcrumb\":{\"@id\":\"https:\/\/joyasyasmin.com\/de\/producto\/halskette-mit-natuerlichen-essenzsteinen\/#breadcrumb\"},\"inLanguage\":\"de\",\"potentialAction\":[{\"@type\":\"ReadAction\",\"target\":[\"https:\/\/joyasyasmin.com\/de\/producto\/halskette-mit-natuerlichen-essenzsteinen\/\"]}]},{\"@type\":\"ImageObject\",\"inLanguage\":\"de\",\"@id\":\"https:\/\/joyasyasmin.com\/de\/producto\/halskette-mit-natuerlichen-essenzsteinen\/#primaryimage\",\"url\":\"https:\/\/joyasyasmin.com\/wp-content\/uploads\/2024\/09\/collar-esencia-natural-de-chacras.jpg\",\"contentUrl\":\"https:\/\/joyasyasmin.com\/wp-content\/uploads\/2024\/09\/collar-esencia-natural-de-chacras.jpg\",\"width\":1000,\"height\":1000,\"caption\":\"Nat\u00fcrliche Essenz Halskette aus 925 Sterling Silber Chakren\"},{\"@type\":\"BreadcrumbList\",\"@id\":\"https:\/\/joyasyasmin.com\/de\/producto\/halskette-mit-natuerlichen-essenzsteinen\/#breadcrumb\",\"itemListElement\":[{\"@type\":\"ListItem\",\"position\":1,\"name\":\"Portada\",\"item\":\"https:\/\/joyasyasmin.com\/de\/heim\/\"},{\"@type\":\"ListItem\",\"position\":2,\"name\":\"Shop\",\"item\":\"https:\/\/joyasyasmin.com\/de\/shop\/\"},{\"@type\":\"ListItem\",\"position\":3,\"name\":\"Halskette mit nat\u00fcrlichen Essenzsteinen\"}]},{\"@type\":\"WebSite\",\"@id\":\"https:\/\/joyasyasmin.com\/de\/#website\",\"url\":\"https:\/\/joyasyasmin.com\/de\/\",\"name\":\"Yasmin\",\"description\":\"Joyer\u00eda de Plata 925 - Pendientes, pulseras, anillos, colgantes y m\u00e1s!\",\"publisher\":{\"@id\":\"https:\/\/joyasyasmin.com\/de\/#organization\"},\"potentialAction\":[{\"@type\":\"SearchAction\",\"target\":{\"@type\":\"EntryPoint\",\"urlTemplate\":\"https:\/\/joyasyasmin.com\/de\/?s={search_term_string}\"},\"query-input\":{\"@type\":\"PropertyValueSpecification\",\"valueRequired\":true,\"valueName\":\"search_term_string\"}}],\"inLanguage\":\"de\"},{\"@type\":\"Organization\",\"@id\":\"https:\/\/joyasyasmin.com\/de\/#organization\",\"name\":\"joyas yasmin\",\"url\":\"https:\/\/joyasyasmin.com\/de\/\",\"logo\":{\"@type\":\"ImageObject\",\"inLanguage\":\"de\",\"@id\":\"https:\/\/joyasyasmin.com\/de\/#\/schema\/logo\/image\/\",\"url\":\"https:\/\/joyasyasmin.com\/wp-content\/uploads\/2017\/06\/IMG-20200429-WA0051.jpg\",\"contentUrl\":\"https:\/\/joyasyasmin.com\/wp-content\/uploads\/2017\/06\/IMG-20200429-WA0051.jpg\",\"width\":1080,\"height\":545,\"caption\":\"joyas yasmin\"},\"image\":{\"@id\":\"https:\/\/joyasyasmin.com\/de\/#\/schema\/logo\/image\/\"},\"sameAs\":[\"https:\/\/www.facebook.com\/Joyas-Yasmin-217664058934169\/\",\"https:\/\/www.instagram.com\/invites\/contact\/\"]}]}<\/script>\n<!-- \/ Yoast SEO plugin. -->","yoast_head_json":{"title":"Halskette mit nat\u00fcrlichen Essenzsteinen - Yasmin","description":"Halskette mit nat\u00fcrlichen Essenzsteinen, entworfen f\u00fcr diejenigen, die Harmonie, Stil und eine besondere Verbindung mit der Natur suchen, ist aus 925er Sterlingsilber gefertigt.","robots":{"index":"index","follow":"follow","max-snippet":"max-snippet:-1","max-image-preview":"max-image-preview:large","max-video-preview":"max-video-preview:-1"},"canonical":"https:\/\/joyasyasmin.com\/de\/producto\/halskette-mit-natuerlichen-essenzsteinen\/","og_locale":"de_DE","og_title":"Halskette mit nat\u00fcrlichen Essenzsteinen - Yasmin","og_description":"Halskette mit nat\u00fcrlichen Essenzsteinen, entworfen f\u00fcr diejenigen, die Harmonie, Stil und eine besondere Verbindung mit der Natur suchen, ist aus 925er Sterlingsilber gefertigt.","og_url":"https:\/\/joyasyasmin.com\/de\/producto\/halskette-mit-natuerlichen-essenzsteinen\/","og_site_name":"Yasmin","article_publisher":"https:\/\/www.facebook.com\/Joyas-Yasmin-217664058934169\/","article_modified_time":"2025-09-01T07:45:13+00:00","og_image":[{"width":1000,"height":1000,"url":"https:\/\/joyasyasmin.com\/wp-content\/uploads\/2024\/09\/collar-esencia-natural-de-chacras.jpg","type":"image\/jpeg"}],"twitter_card":"summary_large_image","schema":{"@context":"https:\/\/schema.org","@graph":[{"@type":["WebPage","ItemPage"],"@id":"https:\/\/joyasyasmin.com\/de\/producto\/halskette-mit-natuerlichen-essenzsteinen\/","url":"https:\/\/joyasyasmin.com\/de\/producto\/halskette-mit-natuerlichen-essenzsteinen\/","name":"Halskette mit nat\u00fcrlichen Essenzsteinen - Yasmin","isPartOf":{"@id":"https:\/\/joyasyasmin.com\/de\/#website"},"primaryImageOfPage":{"@id":"https:\/\/joyasyasmin.com\/de\/producto\/halskette-mit-natuerlichen-essenzsteinen\/#primaryimage"},"image":{"@id":"https:\/\/joyasyasmin.com\/de\/producto\/halskette-mit-natuerlichen-essenzsteinen\/#primaryimage"},"thumbnailUrl":"https:\/\/joyasyasmin.com\/wp-content\/uploads\/2024\/09\/collar-esencia-natural-de-chacras.jpg","datePublished":"2024-09-19T17:32:32+00:00","dateModified":"2025-09-01T07:45:13+00:00","description":"Halskette mit nat\u00fcrlichen Essenzsteinen, entworfen f\u00fcr diejenigen, die Harmonie, Stil und eine besondere Verbindung mit der Natur suchen, ist aus 925er Sterlingsilber gefertigt.","breadcrumb":{"@id":"https:\/\/joyasyasmin.com\/de\/producto\/halskette-mit-natuerlichen-essenzsteinen\/#breadcrumb"},"inLanguage":"de","potentialAction":[{"@type":"ReadAction","target":["https:\/\/joyasyasmin.com\/de\/producto\/halskette-mit-natuerlichen-essenzsteinen\/"]}]},{"@type":"ImageObject","inLanguage":"de","@id":"https:\/\/joyasyasmin.com\/de\/producto\/halskette-mit-natuerlichen-essenzsteinen\/#primaryimage","url":"https:\/\/joyasyasmin.com\/wp-content\/uploads\/2024\/09\/collar-esencia-natural-de-chacras.jpg","contentUrl":"https:\/\/joyasyasmin.com\/wp-content\/uploads\/2024\/09\/collar-esencia-natural-de-chacras.jpg","width":1000,"height":1000,"caption":"Nat\u00fcrliche Essenz Halskette aus 925 Sterling Silber Chakren"},{"@type":"BreadcrumbList","@id":"https:\/\/joyasyasmin.com\/de\/producto\/halskette-mit-natuerlichen-essenzsteinen\/#breadcrumb","itemListElement":[{"@type":"ListItem","position":1,"name":"Portada","item":"https:\/\/joyasyasmin.com\/de\/heim\/"},{"@type":"ListItem","position":2,"name":"Shop","item":"https:\/\/joyasyasmin.com\/de\/shop\/"},{"@type":"ListItem","position":3,"name":"Halskette mit nat\u00fcrlichen Essenzsteinen"}]},{"@type":"WebSite","@id":"https:\/\/joyasyasmin.com\/de\/#website","url":"https:\/\/joyasyasmin.com\/de\/","name":"Yasmin","description":"Joyer\u00eda de Plata 925 - Pendientes, pulseras, anillos, colgantes y m\u00e1s!","publisher":{"@id":"https:\/\/joyasyasmin.com\/de\/#organization"},"potentialAction":[{"@type":"SearchAction","target":{"@type":"EntryPoint","urlTemplate":"https:\/\/joyasyasmin.com\/de\/?s={search_term_string}"},"query-input":{"@type":"PropertyValueSpecification","valueRequired":true,"valueName":"search_term_string"}}],"inLanguage":"de"},{"@type":"Organization","@id":"https:\/\/joyasyasmin.com\/de\/#organization","name":"joyas yasmin","url":"https:\/\/joyasyasmin.com\/de\/","logo":{"@type":"ImageObject","inLanguage":"de","@id":"https:\/\/joyasyasmin.com\/de\/#\/schema\/logo\/image\/","url":"https:\/\/joyasyasmin.com\/wp-content\/uploads\/2017\/06\/IMG-20200429-WA0051.jpg","contentUrl":"https:\/\/joyasyasmin.com\/wp-content\/uploads\/2017\/06\/IMG-20200429-WA0051.jpg","width":1080,"height":545,"caption":"joyas yasmin"},"image":{"@id":"https:\/\/joyasyasmin.com\/de\/#\/schema\/logo\/image\/"},"sameAs":["https:\/\/www.facebook.com\/Joyas-Yasmin-217664058934169\/","https:\/\/www.instagram.com\/invites\/contact\/"]}]}},"_links":{"self":[{"href":"https:\/\/joyasyasmin.com\/de\/wp-json\/wp\/v2\/product\/19694","targetHints":{"allow":["GET"]}}],"collection":[{"href":"https:\/\/joyasyasmin.com\/de\/wp-json\/wp\/v2\/product"}],"about":[{"href":"https:\/\/joyasyasmin.com\/de\/wp-json\/wp\/v2\/types\/product"}],"replies":[{"embeddable":true,"href":"https:\/\/joyasyasmin.com\/de\/wp-json\/wp\/v2\/comments?post=19694"}],"version-history":[{"count":2,"href":"https:\/\/joyasyasmin.com\/de\/wp-json\/wp\/v2\/product\/19694\/revisions"}],"predecessor-version":[{"id":34618,"href":"https:\/\/joyasyasmin.com\/de\/wp-json\/wp\/v2\/product\/19694\/revisions\/34618"}],"wp:featuredmedia":[{"embeddable":true,"href":"https:\/\/joyasyasmin.com\/de\/wp-json\/wp\/v2\/media\/19698"}],"wp:attachment":[{"href":"https:\/\/joyasyasmin.com\/de\/wp-json\/wp\/v2\/media?parent=19694"}],"wp:term":[{"taxonomy":"product_brand","embeddable":true,"href":"https:\/\/joyasyasmin.com\/de\/wp-json\/wp\/v2\/product_brand?post=19694"},{"taxonomy":"product_cat","embeddable":true,"href":"https:\/\/joyasyasmin.com\/de\/wp-json\/wp\/v2\/product_cat?post=19694"},{"taxonomy":"product_tag","embeddable":true,"href":"https:\/\/joyasyasmin.com\/de\/wp-json\/wp\/v2\/product_tag?post=19694"}],"curies":[{"name":"wp","href":"https:\/\/api.w.org\/{rel}","templated":true}]}}