{"id":19704,"date":"2024-09-19T18:10:31","date_gmt":"2024-09-19T18:10:31","guid":{"rendered":"https:\/\/joyasyasmin.com\/producto\/gluecksblume-halskette\/"},"modified":"2025-05-13T11:08:31","modified_gmt":"2025-05-13T11:08:31","slug":"gluecksblume-halskette","status":"publish","type":"product","link":"https:\/\/joyasyasmin.com\/de\/producto\/gluecksblume-halskette\/","title":{"rendered":"Gl\u00fccksblume Halskette"},"content":{"rendered":"","protected":false},"excerpt":{"rendered":"<p>Die Gl\u00fccksblume Halskette ist ein einzigartiges St\u00fcck, das Symbolik und Stil in einem einzigen Accessoire vereint. Inspiriert von der klassischen Form eines 4-bl\u00e4ttrigen Kleeblatts oder einer Blume, ist diese Halskette perfekt f\u00fcr alle, die einen Hauch von Raffinesse und einen Gl\u00fccksbringer suchen. <\/p>\n<p>Der Anh\u00e4nger aus **925er Sterlingsilber** hat einen Durchmesser von 12 mm und bietet damit die ideale Gr\u00f6\u00dfe f\u00fcr einen dezenten und eleganten Look. Sein minimalistisches und zartes Design macht es zu einem zeitlosen St\u00fcck, das Sie zu jedem Anlass tragen k\u00f6nnen, vom Alltag bis hin zu besonderen Anl\u00e4ssen. Au\u00dferdem ist es in einer Vielzahl von Farben erh\u00e4ltlich: Schwarz, Perlmutt, Blau, Rot und Gr\u00fcn, sodass Sie diejenige ausw\u00e4hlen k\u00f6nnen, die am besten zu Ihrem Stil oder Ihrer Stimmung passt.  <\/p>\n<p>Die Kette im 2-mm-Rolo-Stil sorgt f\u00fcr Langlebigkeit und Widerstandsf\u00e4higkeit, ohne die Finesse zu verlieren, die dieses Schmuckst\u00fcck auszeichnet. Mit einer L\u00e4nge von 45 cm + 3 cm Verl\u00e4ngerung passt er bequem um den Hals und erm\u00f6glicht es Ihnen, den Anh\u00e4nger in der von Ihnen bevorzugten H\u00f6he zu tragen. <\/p>\n","protected":false},"featured_media":19720,"comment_status":"open","ping_status":"closed","template":"","meta":{"_acf_changed":false,"_joinchat":[]},"product_brand":[],"product_cat":[1818],"product_tag":[],"class_list":{"0":"post-19704","1":"product","2":"type-product","3":"status-publish","4":"has-post-thumbnail","6":"product_cat-halsketten","8":"first","9":"instock","10":"shipping-taxable","11":"purchasable","12":"product-type-variable"},"acf":[],"yoast_head":"<!-- This site is optimized with the Yoast SEO plugin v27.2 - https:\/\/yoast.com\/product\/yoast-seo-wordpress\/ -->\n<title>Gl\u00fccksblume Halskette - Yasmin<\/title>\n<meta name=\"description\" content=\"Die Gl\u00fccksblume Halskette ist ein einzigartiges St\u00fcck, das Symbolik und Stil in einem einzigen Accessoire vereint. Inspiriert von der klassischen Form eines Klees oder einer Blume.\" \/>\n<meta name=\"robots\" content=\"index, follow, max-snippet:-1, max-image-preview:large, max-video-preview:-1\" \/>\n<link rel=\"canonical\" href=\"https:\/\/joyasyasmin.com\/de\/producto\/gluecksblume-halskette\/\" \/>\n<meta property=\"og:locale\" content=\"de_DE\" \/>\n<meta property=\"og:title\" content=\"Gl\u00fccksblume Halskette - Yasmin\" \/>\n<meta property=\"og:description\" content=\"Die Gl\u00fccksblume Halskette ist ein einzigartiges St\u00fcck, das Symbolik und Stil in einem einzigen Accessoire vereint. Inspiriert von der klassischen Form eines Klees oder einer Blume.\" \/>\n<meta property=\"og:url\" content=\"https:\/\/joyasyasmin.com\/de\/producto\/gluecksblume-halskette\/\" \/>\n<meta property=\"og:site_name\" content=\"Yasmin\" \/>\n<meta property=\"article:publisher\" content=\"https:\/\/www.facebook.com\/Joyas-Yasmin-217664058934169\/\" \/>\n<meta property=\"article:modified_time\" content=\"2025-05-13T11:08:31+00:00\" \/>\n<meta property=\"og:image\" content=\"https:\/\/joyasyasmin.com\/wp-content\/uploads\/2024\/09\/collar-onix-con-plata.jpg\" \/>\n\t<meta property=\"og:image:width\" content=\"1000\" \/>\n\t<meta property=\"og:image:height\" content=\"1000\" \/>\n\t<meta property=\"og:image:type\" content=\"image\/jpeg\" \/>\n<meta name=\"twitter:card\" content=\"summary_large_image\" \/>\n<script type=\"application\/ld+json\" class=\"yoast-schema-graph\">{\"@context\":\"https:\/\/schema.org\",\"@graph\":[{\"@type\":[\"WebPage\",\"ItemPage\"],\"@id\":\"https:\/\/joyasyasmin.com\/de\/producto\/gluecksblume-halskette\/\",\"url\":\"https:\/\/joyasyasmin.com\/de\/producto\/gluecksblume-halskette\/\",\"name\":\"Gl\u00fccksblume Halskette - Yasmin\",\"isPartOf\":{\"@id\":\"https:\/\/joyasyasmin.com\/de\/#website\"},\"primaryImageOfPage\":{\"@id\":\"https:\/\/joyasyasmin.com\/de\/producto\/gluecksblume-halskette\/#primaryimage\"},\"image\":{\"@id\":\"https:\/\/joyasyasmin.com\/de\/producto\/gluecksblume-halskette\/#primaryimage\"},\"thumbnailUrl\":\"https:\/\/joyasyasmin.com\/wp-content\/uploads\/2024\/09\/collar-onix-con-plata.jpg\",\"datePublished\":\"2024-09-19T18:10:31+00:00\",\"dateModified\":\"2025-05-13T11:08:31+00:00\",\"description\":\"Die Gl\u00fccksblume Halskette ist ein einzigartiges St\u00fcck, das Symbolik und Stil in einem einzigen Accessoire vereint. Inspiriert von der klassischen Form eines Klees oder einer Blume.\",\"breadcrumb\":{\"@id\":\"https:\/\/joyasyasmin.com\/de\/producto\/gluecksblume-halskette\/#breadcrumb\"},\"inLanguage\":\"de\",\"potentialAction\":[{\"@type\":\"ReadAction\",\"target\":[\"https:\/\/joyasyasmin.com\/de\/producto\/gluecksblume-halskette\/\"]}]},{\"@type\":\"ImageObject\",\"inLanguage\":\"de\",\"@id\":\"https:\/\/joyasyasmin.com\/de\/producto\/gluecksblume-halskette\/#primaryimage\",\"url\":\"https:\/\/joyasyasmin.com\/wp-content\/uploads\/2024\/09\/collar-onix-con-plata.jpg\",\"contentUrl\":\"https:\/\/joyasyasmin.com\/wp-content\/uploads\/2024\/09\/collar-onix-con-plata.jpg\",\"width\":1000,\"height\":1000,\"caption\":\"Kleestil Onyx Halskette zum Verkauf mit 925 Sterling Silber\"},{\"@type\":\"BreadcrumbList\",\"@id\":\"https:\/\/joyasyasmin.com\/de\/producto\/gluecksblume-halskette\/#breadcrumb\",\"itemListElement\":[{\"@type\":\"ListItem\",\"position\":1,\"name\":\"Portada\",\"item\":\"https:\/\/joyasyasmin.com\/de\/heim\/\"},{\"@type\":\"ListItem\",\"position\":2,\"name\":\"Shop\",\"item\":\"https:\/\/joyasyasmin.com\/de\/shop\/\"},{\"@type\":\"ListItem\",\"position\":3,\"name\":\"Gl\u00fccksblume Halskette\"}]},{\"@type\":\"WebSite\",\"@id\":\"https:\/\/joyasyasmin.com\/de\/#website\",\"url\":\"https:\/\/joyasyasmin.com\/de\/\",\"name\":\"Yasmin\",\"description\":\"Joyer\u00eda de Plata 925 - Pendientes, pulseras, anillos, colgantes y m\u00e1s!\",\"publisher\":{\"@id\":\"https:\/\/joyasyasmin.com\/de\/#organization\"},\"potentialAction\":[{\"@type\":\"SearchAction\",\"target\":{\"@type\":\"EntryPoint\",\"urlTemplate\":\"https:\/\/joyasyasmin.com\/de\/?s={search_term_string}\"},\"query-input\":{\"@type\":\"PropertyValueSpecification\",\"valueRequired\":true,\"valueName\":\"search_term_string\"}}],\"inLanguage\":\"de\"},{\"@type\":\"Organization\",\"@id\":\"https:\/\/joyasyasmin.com\/de\/#organization\",\"name\":\"joyas yasmin\",\"url\":\"https:\/\/joyasyasmin.com\/de\/\",\"logo\":{\"@type\":\"ImageObject\",\"inLanguage\":\"de\",\"@id\":\"https:\/\/joyasyasmin.com\/de\/#\/schema\/logo\/image\/\",\"url\":\"https:\/\/joyasyasmin.com\/wp-content\/uploads\/2017\/06\/IMG-20200429-WA0051.jpg\",\"contentUrl\":\"https:\/\/joyasyasmin.com\/wp-content\/uploads\/2017\/06\/IMG-20200429-WA0051.jpg\",\"width\":1080,\"height\":545,\"caption\":\"joyas yasmin\"},\"image\":{\"@id\":\"https:\/\/joyasyasmin.com\/de\/#\/schema\/logo\/image\/\"},\"sameAs\":[\"https:\/\/www.facebook.com\/Joyas-Yasmin-217664058934169\/\",\"https:\/\/www.instagram.com\/invites\/contact\/\"]}]}<\/script>\n<!-- \/ Yoast SEO plugin. -->","yoast_head_json":{"title":"Gl\u00fccksblume Halskette - Yasmin","description":"Die Gl\u00fccksblume Halskette ist ein einzigartiges St\u00fcck, das Symbolik und Stil in einem einzigen Accessoire vereint. Inspiriert von der klassischen Form eines Klees oder einer Blume.","robots":{"index":"index","follow":"follow","max-snippet":"max-snippet:-1","max-image-preview":"max-image-preview:large","max-video-preview":"max-video-preview:-1"},"canonical":"https:\/\/joyasyasmin.com\/de\/producto\/gluecksblume-halskette\/","og_locale":"de_DE","og_title":"Gl\u00fccksblume Halskette - Yasmin","og_description":"Die Gl\u00fccksblume Halskette ist ein einzigartiges St\u00fcck, das Symbolik und Stil in einem einzigen Accessoire vereint. Inspiriert von der klassischen Form eines Klees oder einer Blume.","og_url":"https:\/\/joyasyasmin.com\/de\/producto\/gluecksblume-halskette\/","og_site_name":"Yasmin","article_publisher":"https:\/\/www.facebook.com\/Joyas-Yasmin-217664058934169\/","article_modified_time":"2025-05-13T11:08:31+00:00","og_image":[{"width":1000,"height":1000,"url":"https:\/\/joyasyasmin.com\/wp-content\/uploads\/2024\/09\/collar-onix-con-plata.jpg","type":"image\/jpeg"}],"twitter_card":"summary_large_image","schema":{"@context":"https:\/\/schema.org","@graph":[{"@type":["WebPage","ItemPage"],"@id":"https:\/\/joyasyasmin.com\/de\/producto\/gluecksblume-halskette\/","url":"https:\/\/joyasyasmin.com\/de\/producto\/gluecksblume-halskette\/","name":"Gl\u00fccksblume Halskette - Yasmin","isPartOf":{"@id":"https:\/\/joyasyasmin.com\/de\/#website"},"primaryImageOfPage":{"@id":"https:\/\/joyasyasmin.com\/de\/producto\/gluecksblume-halskette\/#primaryimage"},"image":{"@id":"https:\/\/joyasyasmin.com\/de\/producto\/gluecksblume-halskette\/#primaryimage"},"thumbnailUrl":"https:\/\/joyasyasmin.com\/wp-content\/uploads\/2024\/09\/collar-onix-con-plata.jpg","datePublished":"2024-09-19T18:10:31+00:00","dateModified":"2025-05-13T11:08:31+00:00","description":"Die Gl\u00fccksblume Halskette ist ein einzigartiges St\u00fcck, das Symbolik und Stil in einem einzigen Accessoire vereint. Inspiriert von der klassischen Form eines Klees oder einer Blume.","breadcrumb":{"@id":"https:\/\/joyasyasmin.com\/de\/producto\/gluecksblume-halskette\/#breadcrumb"},"inLanguage":"de","potentialAction":[{"@type":"ReadAction","target":["https:\/\/joyasyasmin.com\/de\/producto\/gluecksblume-halskette\/"]}]},{"@type":"ImageObject","inLanguage":"de","@id":"https:\/\/joyasyasmin.com\/de\/producto\/gluecksblume-halskette\/#primaryimage","url":"https:\/\/joyasyasmin.com\/wp-content\/uploads\/2024\/09\/collar-onix-con-plata.jpg","contentUrl":"https:\/\/joyasyasmin.com\/wp-content\/uploads\/2024\/09\/collar-onix-con-plata.jpg","width":1000,"height":1000,"caption":"Kleestil Onyx Halskette zum Verkauf mit 925 Sterling Silber"},{"@type":"BreadcrumbList","@id":"https:\/\/joyasyasmin.com\/de\/producto\/gluecksblume-halskette\/#breadcrumb","itemListElement":[{"@type":"ListItem","position":1,"name":"Portada","item":"https:\/\/joyasyasmin.com\/de\/heim\/"},{"@type":"ListItem","position":2,"name":"Shop","item":"https:\/\/joyasyasmin.com\/de\/shop\/"},{"@type":"ListItem","position":3,"name":"Gl\u00fccksblume Halskette"}]},{"@type":"WebSite","@id":"https:\/\/joyasyasmin.com\/de\/#website","url":"https:\/\/joyasyasmin.com\/de\/","name":"Yasmin","description":"Joyer\u00eda de Plata 925 - Pendientes, pulseras, anillos, colgantes y m\u00e1s!","publisher":{"@id":"https:\/\/joyasyasmin.com\/de\/#organization"},"potentialAction":[{"@type":"SearchAction","target":{"@type":"EntryPoint","urlTemplate":"https:\/\/joyasyasmin.com\/de\/?s={search_term_string}"},"query-input":{"@type":"PropertyValueSpecification","valueRequired":true,"valueName":"search_term_string"}}],"inLanguage":"de"},{"@type":"Organization","@id":"https:\/\/joyasyasmin.com\/de\/#organization","name":"joyas yasmin","url":"https:\/\/joyasyasmin.com\/de\/","logo":{"@type":"ImageObject","inLanguage":"de","@id":"https:\/\/joyasyasmin.com\/de\/#\/schema\/logo\/image\/","url":"https:\/\/joyasyasmin.com\/wp-content\/uploads\/2017\/06\/IMG-20200429-WA0051.jpg","contentUrl":"https:\/\/joyasyasmin.com\/wp-content\/uploads\/2017\/06\/IMG-20200429-WA0051.jpg","width":1080,"height":545,"caption":"joyas yasmin"},"image":{"@id":"https:\/\/joyasyasmin.com\/de\/#\/schema\/logo\/image\/"},"sameAs":["https:\/\/www.facebook.com\/Joyas-Yasmin-217664058934169\/","https:\/\/www.instagram.com\/invites\/contact\/"]}]}},"_links":{"self":[{"href":"https:\/\/joyasyasmin.com\/de\/wp-json\/wp\/v2\/product\/19704","targetHints":{"allow":["GET"]}}],"collection":[{"href":"https:\/\/joyasyasmin.com\/de\/wp-json\/wp\/v2\/product"}],"about":[{"href":"https:\/\/joyasyasmin.com\/de\/wp-json\/wp\/v2\/types\/product"}],"replies":[{"embeddable":true,"href":"https:\/\/joyasyasmin.com\/de\/wp-json\/wp\/v2\/comments?post=19704"}],"version-history":[{"count":1,"href":"https:\/\/joyasyasmin.com\/de\/wp-json\/wp\/v2\/product\/19704\/revisions"}],"predecessor-version":[{"id":32481,"href":"https:\/\/joyasyasmin.com\/de\/wp-json\/wp\/v2\/product\/19704\/revisions\/32481"}],"wp:featuredmedia":[{"embeddable":true,"href":"https:\/\/joyasyasmin.com\/de\/wp-json\/wp\/v2\/media\/19720"}],"wp:attachment":[{"href":"https:\/\/joyasyasmin.com\/de\/wp-json\/wp\/v2\/media?parent=19704"}],"wp:term":[{"taxonomy":"product_brand","embeddable":true,"href":"https:\/\/joyasyasmin.com\/de\/wp-json\/wp\/v2\/product_brand?post=19704"},{"taxonomy":"product_cat","embeddable":true,"href":"https:\/\/joyasyasmin.com\/de\/wp-json\/wp\/v2\/product_cat?post=19704"},{"taxonomy":"product_tag","embeddable":true,"href":"https:\/\/joyasyasmin.com\/de\/wp-json\/wp\/v2\/product_tag?post=19704"}],"curies":[{"name":"wp","href":"https:\/\/api.w.org\/{rel}","templated":true}]}}