{"id":19752,"date":"2024-09-19T18:49:18","date_gmt":"2024-09-19T18:49:18","guid":{"rendered":"https:\/\/joyasyasmin.com\/producto\/clover-armband-eleganz-und-glueck\/"},"modified":"2025-09-01T07:45:23","modified_gmt":"2025-09-01T07:45:23","slug":"clover-armband-eleganz-und-glueck","status":"publish","type":"product","link":"https:\/\/joyasyasmin.com\/de\/producto\/clover-armband-eleganz-und-glueck\/","title":{"rendered":"Clover Armband Eleganz und Gl\u00fcck"},"content":{"rendered":"","protected":false},"excerpt":{"rendered":"<p>Das Clover Elegance and Luck Armband ist ein zartes und bedeutungsvolles Schmuckst\u00fcck, das f\u00fcr diejenigen entworfen wurde, die jederzeit einen Gl\u00fccksbringer tragen m\u00f6chten. Dieses Armband aus 925er Sterlingsilber garantiert Langlebigkeit und einen strahlenden Glanz und zeichnet sich durch sein Design aus drei 4-bl\u00e4ttrigen Kleebl\u00e4ttern aus. Jedes Kleeblatt misst 10 mm, was dem Handgelenk eine subtile, aber elegante Note verleiht.  <\/p>\n<p>Dar\u00fcber hinaus k\u00f6nnen Sie Ihr Armband personalisieren, indem Sie die Kleebl\u00e4tter in Farben wie Schwarz w\u00e4hlen, damit dieses Accessoire Ihren Stil und Ihre Pers\u00f6nlichkeit widerspiegelt. Mit einer verstellbaren L\u00e4nge von 17 cm + 3 cm Verl\u00e4ngerung passt sich dieses Armband bequem jedem Handgelenk an und vereint Komfort und Eleganz in einem St\u00fcck. <\/p>\n","protected":false},"featured_media":19759,"comment_status":"open","ping_status":"closed","template":"","meta":{"_acf_changed":false,"_joinchat":[]},"product_brand":[],"product_cat":[1787],"product_tag":[],"class_list":{"0":"post-19752","1":"product","2":"type-product","3":"status-publish","4":"has-post-thumbnail","6":"product_cat-armbander","8":"first","9":"instock","10":"shipping-taxable","11":"purchasable","12":"product-type-variable"},"acf":[],"yoast_head":"<!-- This site is optimized with the Yoast SEO plugin v27.2 - https:\/\/yoast.com\/product\/yoast-seo-wordpress\/ -->\n<title>Clover Armband Eleganz und Gl\u00fcck - Yasmin<\/title>\n<meta name=\"description\" content=\"Das Clover Elegance and Luck Armband ist ein zartes und bedeutungsvolles Schmuckst\u00fcck, das f\u00fcr diejenigen entworfen wurde, die ein Gl\u00fccksamulett tragen m\u00f6chten. 925 Silber\" \/>\n<meta name=\"robots\" content=\"index, follow, max-snippet:-1, max-image-preview:large, max-video-preview:-1\" \/>\n<link rel=\"canonical\" href=\"https:\/\/joyasyasmin.com\/de\/producto\/clover-armband-eleganz-und-glueck\/\" \/>\n<meta property=\"og:locale\" content=\"de_DE\" \/>\n<meta property=\"og:title\" content=\"Clover Armband Eleganz und Gl\u00fcck - Yasmin\" \/>\n<meta property=\"og:description\" content=\"Das Clover Elegance and Luck Armband ist ein zartes und bedeutungsvolles Schmuckst\u00fcck, das f\u00fcr diejenigen entworfen wurde, die ein Gl\u00fccksamulett tragen m\u00f6chten. 925 Silber\" \/>\n<meta property=\"og:url\" content=\"https:\/\/joyasyasmin.com\/de\/producto\/clover-armband-eleganz-und-glueck\/\" \/>\n<meta property=\"og:site_name\" content=\"Yasmin\" \/>\n<meta property=\"article:publisher\" content=\"https:\/\/www.facebook.com\/Joyas-Yasmin-217664058934169\/\" \/>\n<meta property=\"article:modified_time\" content=\"2025-09-01T07:45:23+00:00\" \/>\n<meta property=\"og:image\" content=\"https:\/\/joyasyasmin.com\/wp-content\/uploads\/2024\/09\/pulsera-trebol-onix.jpg\" \/>\n\t<meta property=\"og:image:width\" content=\"1000\" \/>\n\t<meta property=\"og:image:height\" content=\"1000\" \/>\n\t<meta property=\"og:image:type\" content=\"image\/jpeg\" \/>\n<meta name=\"twitter:card\" content=\"summary_large_image\" \/>\n<script type=\"application\/ld+json\" class=\"yoast-schema-graph\">{\"@context\":\"https:\/\/schema.org\",\"@graph\":[{\"@type\":[\"WebPage\",\"ItemPage\"],\"@id\":\"https:\/\/joyasyasmin.com\/de\/producto\/clover-armband-eleganz-und-glueck\/\",\"url\":\"https:\/\/joyasyasmin.com\/de\/producto\/clover-armband-eleganz-und-glueck\/\",\"name\":\"Clover Armband Eleganz und Gl\u00fcck - Yasmin\",\"isPartOf\":{\"@id\":\"https:\/\/joyasyasmin.com\/de\/#website\"},\"primaryImageOfPage\":{\"@id\":\"https:\/\/joyasyasmin.com\/de\/producto\/clover-armband-eleganz-und-glueck\/#primaryimage\"},\"image\":{\"@id\":\"https:\/\/joyasyasmin.com\/de\/producto\/clover-armband-eleganz-und-glueck\/#primaryimage\"},\"thumbnailUrl\":\"https:\/\/joyasyasmin.com\/wp-content\/uploads\/2024\/09\/pulsera-trebol-onix.jpg\",\"datePublished\":\"2024-09-19T18:49:18+00:00\",\"dateModified\":\"2025-09-01T07:45:23+00:00\",\"description\":\"Das Clover Elegance and Luck Armband ist ein zartes und bedeutungsvolles Schmuckst\u00fcck, das f\u00fcr diejenigen entworfen wurde, die ein Gl\u00fccksamulett tragen m\u00f6chten. 925 Silber\",\"breadcrumb\":{\"@id\":\"https:\/\/joyasyasmin.com\/de\/producto\/clover-armband-eleganz-und-glueck\/#breadcrumb\"},\"inLanguage\":\"de\",\"potentialAction\":[{\"@type\":\"ReadAction\",\"target\":[\"https:\/\/joyasyasmin.com\/de\/producto\/clover-armband-eleganz-und-glueck\/\"]}]},{\"@type\":\"ImageObject\",\"inLanguage\":\"de\",\"@id\":\"https:\/\/joyasyasmin.com\/de\/producto\/clover-armband-eleganz-und-glueck\/#primaryimage\",\"url\":\"https:\/\/joyasyasmin.com\/wp-content\/uploads\/2024\/09\/pulsera-trebol-onix.jpg\",\"contentUrl\":\"https:\/\/joyasyasmin.com\/wp-content\/uploads\/2024\/09\/pulsera-trebol-onix.jpg\",\"width\":1000,\"height\":1000,\"caption\":\"925 Sterling Silber Klee Armband zum Verkauf\"},{\"@type\":\"BreadcrumbList\",\"@id\":\"https:\/\/joyasyasmin.com\/de\/producto\/clover-armband-eleganz-und-glueck\/#breadcrumb\",\"itemListElement\":[{\"@type\":\"ListItem\",\"position\":1,\"name\":\"Portada\",\"item\":\"https:\/\/joyasyasmin.com\/de\/heim\/\"},{\"@type\":\"ListItem\",\"position\":2,\"name\":\"Shop\",\"item\":\"https:\/\/joyasyasmin.com\/de\/shop\/\"},{\"@type\":\"ListItem\",\"position\":3,\"name\":\"Clover Armband Eleganz und Gl\u00fcck\"}]},{\"@type\":\"WebSite\",\"@id\":\"https:\/\/joyasyasmin.com\/de\/#website\",\"url\":\"https:\/\/joyasyasmin.com\/de\/\",\"name\":\"Yasmin\",\"description\":\"Joyer\u00eda de Plata 925 - Pendientes, pulseras, anillos, colgantes y m\u00e1s!\",\"publisher\":{\"@id\":\"https:\/\/joyasyasmin.com\/de\/#organization\"},\"potentialAction\":[{\"@type\":\"SearchAction\",\"target\":{\"@type\":\"EntryPoint\",\"urlTemplate\":\"https:\/\/joyasyasmin.com\/de\/?s={search_term_string}\"},\"query-input\":{\"@type\":\"PropertyValueSpecification\",\"valueRequired\":true,\"valueName\":\"search_term_string\"}}],\"inLanguage\":\"de\"},{\"@type\":\"Organization\",\"@id\":\"https:\/\/joyasyasmin.com\/de\/#organization\",\"name\":\"joyas yasmin\",\"url\":\"https:\/\/joyasyasmin.com\/de\/\",\"logo\":{\"@type\":\"ImageObject\",\"inLanguage\":\"de\",\"@id\":\"https:\/\/joyasyasmin.com\/de\/#\/schema\/logo\/image\/\",\"url\":\"https:\/\/joyasyasmin.com\/wp-content\/uploads\/2017\/06\/IMG-20200429-WA0051.jpg\",\"contentUrl\":\"https:\/\/joyasyasmin.com\/wp-content\/uploads\/2017\/06\/IMG-20200429-WA0051.jpg\",\"width\":1080,\"height\":545,\"caption\":\"joyas yasmin\"},\"image\":{\"@id\":\"https:\/\/joyasyasmin.com\/de\/#\/schema\/logo\/image\/\"},\"sameAs\":[\"https:\/\/www.facebook.com\/Joyas-Yasmin-217664058934169\/\",\"https:\/\/www.instagram.com\/invites\/contact\/\"]}]}<\/script>\n<!-- \/ Yoast SEO plugin. -->","yoast_head_json":{"title":"Clover Armband Eleganz und Gl\u00fcck - Yasmin","description":"Das Clover Elegance and Luck Armband ist ein zartes und bedeutungsvolles Schmuckst\u00fcck, das f\u00fcr diejenigen entworfen wurde, die ein Gl\u00fccksamulett tragen m\u00f6chten. 925 Silber","robots":{"index":"index","follow":"follow","max-snippet":"max-snippet:-1","max-image-preview":"max-image-preview:large","max-video-preview":"max-video-preview:-1"},"canonical":"https:\/\/joyasyasmin.com\/de\/producto\/clover-armband-eleganz-und-glueck\/","og_locale":"de_DE","og_title":"Clover Armband Eleganz und Gl\u00fcck - Yasmin","og_description":"Das Clover Elegance and Luck Armband ist ein zartes und bedeutungsvolles Schmuckst\u00fcck, das f\u00fcr diejenigen entworfen wurde, die ein Gl\u00fccksamulett tragen m\u00f6chten. 925 Silber","og_url":"https:\/\/joyasyasmin.com\/de\/producto\/clover-armband-eleganz-und-glueck\/","og_site_name":"Yasmin","article_publisher":"https:\/\/www.facebook.com\/Joyas-Yasmin-217664058934169\/","article_modified_time":"2025-09-01T07:45:23+00:00","og_image":[{"width":1000,"height":1000,"url":"https:\/\/joyasyasmin.com\/wp-content\/uploads\/2024\/09\/pulsera-trebol-onix.jpg","type":"image\/jpeg"}],"twitter_card":"summary_large_image","schema":{"@context":"https:\/\/schema.org","@graph":[{"@type":["WebPage","ItemPage"],"@id":"https:\/\/joyasyasmin.com\/de\/producto\/clover-armband-eleganz-und-glueck\/","url":"https:\/\/joyasyasmin.com\/de\/producto\/clover-armband-eleganz-und-glueck\/","name":"Clover Armband Eleganz und Gl\u00fcck - Yasmin","isPartOf":{"@id":"https:\/\/joyasyasmin.com\/de\/#website"},"primaryImageOfPage":{"@id":"https:\/\/joyasyasmin.com\/de\/producto\/clover-armband-eleganz-und-glueck\/#primaryimage"},"image":{"@id":"https:\/\/joyasyasmin.com\/de\/producto\/clover-armband-eleganz-und-glueck\/#primaryimage"},"thumbnailUrl":"https:\/\/joyasyasmin.com\/wp-content\/uploads\/2024\/09\/pulsera-trebol-onix.jpg","datePublished":"2024-09-19T18:49:18+00:00","dateModified":"2025-09-01T07:45:23+00:00","description":"Das Clover Elegance and Luck Armband ist ein zartes und bedeutungsvolles Schmuckst\u00fcck, das f\u00fcr diejenigen entworfen wurde, die ein Gl\u00fccksamulett tragen m\u00f6chten. 925 Silber","breadcrumb":{"@id":"https:\/\/joyasyasmin.com\/de\/producto\/clover-armband-eleganz-und-glueck\/#breadcrumb"},"inLanguage":"de","potentialAction":[{"@type":"ReadAction","target":["https:\/\/joyasyasmin.com\/de\/producto\/clover-armband-eleganz-und-glueck\/"]}]},{"@type":"ImageObject","inLanguage":"de","@id":"https:\/\/joyasyasmin.com\/de\/producto\/clover-armband-eleganz-und-glueck\/#primaryimage","url":"https:\/\/joyasyasmin.com\/wp-content\/uploads\/2024\/09\/pulsera-trebol-onix.jpg","contentUrl":"https:\/\/joyasyasmin.com\/wp-content\/uploads\/2024\/09\/pulsera-trebol-onix.jpg","width":1000,"height":1000,"caption":"925 Sterling Silber Klee Armband zum Verkauf"},{"@type":"BreadcrumbList","@id":"https:\/\/joyasyasmin.com\/de\/producto\/clover-armband-eleganz-und-glueck\/#breadcrumb","itemListElement":[{"@type":"ListItem","position":1,"name":"Portada","item":"https:\/\/joyasyasmin.com\/de\/heim\/"},{"@type":"ListItem","position":2,"name":"Shop","item":"https:\/\/joyasyasmin.com\/de\/shop\/"},{"@type":"ListItem","position":3,"name":"Clover Armband Eleganz und Gl\u00fcck"}]},{"@type":"WebSite","@id":"https:\/\/joyasyasmin.com\/de\/#website","url":"https:\/\/joyasyasmin.com\/de\/","name":"Yasmin","description":"Joyer\u00eda de Plata 925 - Pendientes, pulseras, anillos, colgantes y m\u00e1s!","publisher":{"@id":"https:\/\/joyasyasmin.com\/de\/#organization"},"potentialAction":[{"@type":"SearchAction","target":{"@type":"EntryPoint","urlTemplate":"https:\/\/joyasyasmin.com\/de\/?s={search_term_string}"},"query-input":{"@type":"PropertyValueSpecification","valueRequired":true,"valueName":"search_term_string"}}],"inLanguage":"de"},{"@type":"Organization","@id":"https:\/\/joyasyasmin.com\/de\/#organization","name":"joyas yasmin","url":"https:\/\/joyasyasmin.com\/de\/","logo":{"@type":"ImageObject","inLanguage":"de","@id":"https:\/\/joyasyasmin.com\/de\/#\/schema\/logo\/image\/","url":"https:\/\/joyasyasmin.com\/wp-content\/uploads\/2017\/06\/IMG-20200429-WA0051.jpg","contentUrl":"https:\/\/joyasyasmin.com\/wp-content\/uploads\/2017\/06\/IMG-20200429-WA0051.jpg","width":1080,"height":545,"caption":"joyas yasmin"},"image":{"@id":"https:\/\/joyasyasmin.com\/de\/#\/schema\/logo\/image\/"},"sameAs":["https:\/\/www.facebook.com\/Joyas-Yasmin-217664058934169\/","https:\/\/www.instagram.com\/invites\/contact\/"]}]}},"_links":{"self":[{"href":"https:\/\/joyasyasmin.com\/de\/wp-json\/wp\/v2\/product\/19752","targetHints":{"allow":["GET"]}}],"collection":[{"href":"https:\/\/joyasyasmin.com\/de\/wp-json\/wp\/v2\/product"}],"about":[{"href":"https:\/\/joyasyasmin.com\/de\/wp-json\/wp\/v2\/types\/product"}],"replies":[{"embeddable":true,"href":"https:\/\/joyasyasmin.com\/de\/wp-json\/wp\/v2\/comments?post=19752"}],"version-history":[{"count":1,"href":"https:\/\/joyasyasmin.com\/de\/wp-json\/wp\/v2\/product\/19752\/revisions"}],"predecessor-version":[{"id":32490,"href":"https:\/\/joyasyasmin.com\/de\/wp-json\/wp\/v2\/product\/19752\/revisions\/32490"}],"wp:featuredmedia":[{"embeddable":true,"href":"https:\/\/joyasyasmin.com\/de\/wp-json\/wp\/v2\/media\/19759"}],"wp:attachment":[{"href":"https:\/\/joyasyasmin.com\/de\/wp-json\/wp\/v2\/media?parent=19752"}],"wp:term":[{"taxonomy":"product_brand","embeddable":true,"href":"https:\/\/joyasyasmin.com\/de\/wp-json\/wp\/v2\/product_brand?post=19752"},{"taxonomy":"product_cat","embeddable":true,"href":"https:\/\/joyasyasmin.com\/de\/wp-json\/wp\/v2\/product_cat?post=19752"},{"taxonomy":"product_tag","embeddable":true,"href":"https:\/\/joyasyasmin.com\/de\/wp-json\/wp\/v2\/product_tag?post=19752"}],"curies":[{"name":"wp","href":"https:\/\/api.w.org\/{rel}","templated":true}]}}