{"id":19753,"date":"2024-09-19T18:27:43","date_gmt":"2024-09-19T18:27:43","guid":{"rendered":"https:\/\/joyasyasmin.com\/producto\/clover-halskette-eleganz-und-glueck\/"},"modified":"2025-05-13T11:08:46","modified_gmt":"2025-05-13T11:08:46","slug":"clover-halskette-eleganz-und-glueck","status":"publish","type":"product","link":"https:\/\/joyasyasmin.com\/de\/producto\/clover-halskette-eleganz-und-glueck\/","title":{"rendered":"Clover Halskette Eleganz und Gl\u00fcck"},"content":{"rendered":"","protected":false},"excerpt":{"rendered":"<p>Die Clover Elegance and Luck Halskette ist ein bezauberndes Schmuckst\u00fcck, das Stil und Symbolik in einem besonderen St\u00fcck vereint. Dieses sch\u00f6ne Design zeigt drei 4-bl\u00e4ttrige Kleebl\u00e4tter oder Bl\u00fcten, die Gl\u00fcck und Schutz in Kombination darstellen. Diese Halskette aus 925er Sterlingsilber zeichnet sich nicht nur durch ihr raffiniertes Design, sondern auch durch ihre Langlebigkeit und Qualit\u00e4t aus.  <\/p>\n<p>Jedes Kleeblatt hat einen Durchmesser von 12 mm, wodurch ein perfektes Gleichgewicht zwischen Zartheit und Prominenz entsteht. Dar\u00fcber hinaus k\u00f6nnen Sie die Farbe jedes Kleeblatts zwischen Schwarz und Rot w\u00e4hlen, so dass sich dieses Accessoire an Ihren pers\u00f6nlichen Stil oder Ihre Emotionen anpassen kann. <\/p>\n<p>Die 2 mm dicke Rolo-Kette wurde sorgf\u00e4ltig entwickelt, um Komfort und Widerstandsf\u00e4higkeit zu gew\u00e4hrleisten, und ihre L\u00e4nge von 45 cm + 3 cm Verl\u00e4ngerung erm\u00f6glicht es Ihnen, sie nach Ihren Vorlieben anzupassen. Diese Halskette eignet sich dank ihres vielseitigen und zeitlosen Designs sowohl f\u00fcr den Alltag als auch f\u00fcr besondere Anl\u00e4sse. <\/p>\n","protected":false},"featured_media":19756,"comment_status":"open","ping_status":"closed","template":"","meta":{"_acf_changed":false,"_joinchat":[]},"product_brand":[],"product_cat":[1818],"product_tag":[],"class_list":{"0":"post-19753","1":"product","2":"type-product","3":"status-publish","4":"has-post-thumbnail","6":"product_cat-halsketten","8":"first","9":"instock","10":"shipping-taxable","11":"purchasable","12":"product-type-variable"},"acf":[],"yoast_head":"<!-- This site is optimized with the Yoast SEO plugin v27.2 - https:\/\/yoast.com\/product\/yoast-seo-wordpress\/ -->\n<title>Clover Halskette Eleganz und Gl\u00fcck - Yasmin<\/title>\n<meta name=\"description\" content=\"Die Clover Elegance and Luck Halskette ist ein bezauberndes Schmuckst\u00fcck, das Stil und Symbolik in einem besonderen St\u00fcck vereint. 925er Silber.\" \/>\n<meta name=\"robots\" content=\"index, follow, max-snippet:-1, max-image-preview:large, max-video-preview:-1\" \/>\n<link rel=\"canonical\" href=\"https:\/\/joyasyasmin.com\/de\/producto\/clover-halskette-eleganz-und-glueck\/\" \/>\n<meta property=\"og:locale\" content=\"de_DE\" \/>\n<meta property=\"og:title\" content=\"Clover Halskette Eleganz und Gl\u00fcck - Yasmin\" \/>\n<meta property=\"og:description\" content=\"Die Clover Elegance and Luck Halskette ist ein bezauberndes Schmuckst\u00fcck, das Stil und Symbolik in einem besonderen St\u00fcck vereint. 925er Silber.\" \/>\n<meta property=\"og:url\" content=\"https:\/\/joyasyasmin.com\/de\/producto\/clover-halskette-eleganz-und-glueck\/\" \/>\n<meta property=\"og:site_name\" content=\"Yasmin\" \/>\n<meta property=\"article:publisher\" content=\"https:\/\/www.facebook.com\/Joyas-Yasmin-217664058934169\/\" \/>\n<meta property=\"article:modified_time\" content=\"2025-05-13T11:08:46+00:00\" \/>\n<meta property=\"og:image\" content=\"https:\/\/joyasyasmin.com\/wp-content\/uploads\/2024\/09\/collar-trebol-onix.jpg\" \/>\n\t<meta property=\"og:image:width\" content=\"1000\" \/>\n\t<meta property=\"og:image:height\" content=\"1000\" \/>\n\t<meta property=\"og:image:type\" content=\"image\/jpeg\" \/>\n<meta name=\"twitter:card\" content=\"summary_large_image\" \/>\n<script type=\"application\/ld+json\" class=\"yoast-schema-graph\">{\"@context\":\"https:\/\/schema.org\",\"@graph\":[{\"@type\":[\"WebPage\",\"ItemPage\"],\"@id\":\"https:\/\/joyasyasmin.com\/de\/producto\/clover-halskette-eleganz-und-glueck\/\",\"url\":\"https:\/\/joyasyasmin.com\/de\/producto\/clover-halskette-eleganz-und-glueck\/\",\"name\":\"Clover Halskette Eleganz und Gl\u00fcck - Yasmin\",\"isPartOf\":{\"@id\":\"https:\/\/joyasyasmin.com\/de\/#website\"},\"primaryImageOfPage\":{\"@id\":\"https:\/\/joyasyasmin.com\/de\/producto\/clover-halskette-eleganz-und-glueck\/#primaryimage\"},\"image\":{\"@id\":\"https:\/\/joyasyasmin.com\/de\/producto\/clover-halskette-eleganz-und-glueck\/#primaryimage\"},\"thumbnailUrl\":\"https:\/\/joyasyasmin.com\/wp-content\/uploads\/2024\/09\/collar-trebol-onix.jpg\",\"datePublished\":\"2024-09-19T18:27:43+00:00\",\"dateModified\":\"2025-05-13T11:08:46+00:00\",\"description\":\"Die Clover Elegance and Luck Halskette ist ein bezauberndes Schmuckst\u00fcck, das Stil und Symbolik in einem besonderen St\u00fcck vereint. 925er Silber.\",\"breadcrumb\":{\"@id\":\"https:\/\/joyasyasmin.com\/de\/producto\/clover-halskette-eleganz-und-glueck\/#breadcrumb\"},\"inLanguage\":\"de\",\"potentialAction\":[{\"@type\":\"ReadAction\",\"target\":[\"https:\/\/joyasyasmin.com\/de\/producto\/clover-halskette-eleganz-und-glueck\/\"]}]},{\"@type\":\"ImageObject\",\"inLanguage\":\"de\",\"@id\":\"https:\/\/joyasyasmin.com\/de\/producto\/clover-halskette-eleganz-und-glueck\/#primaryimage\",\"url\":\"https:\/\/joyasyasmin.com\/wp-content\/uploads\/2024\/09\/collar-trebol-onix.jpg\",\"contentUrl\":\"https:\/\/joyasyasmin.com\/wp-content\/uploads\/2024\/09\/collar-trebol-onix.jpg\",\"width\":1000,\"height\":1000,\"caption\":\"Verkauf von Onis Klee Halskette aus 925 Sterling Silber\"},{\"@type\":\"BreadcrumbList\",\"@id\":\"https:\/\/joyasyasmin.com\/de\/producto\/clover-halskette-eleganz-und-glueck\/#breadcrumb\",\"itemListElement\":[{\"@type\":\"ListItem\",\"position\":1,\"name\":\"Portada\",\"item\":\"https:\/\/joyasyasmin.com\/de\/heim\/\"},{\"@type\":\"ListItem\",\"position\":2,\"name\":\"Shop\",\"item\":\"https:\/\/joyasyasmin.com\/de\/shop\/\"},{\"@type\":\"ListItem\",\"position\":3,\"name\":\"Clover Halskette Eleganz und Gl\u00fcck\"}]},{\"@type\":\"WebSite\",\"@id\":\"https:\/\/joyasyasmin.com\/de\/#website\",\"url\":\"https:\/\/joyasyasmin.com\/de\/\",\"name\":\"Yasmin\",\"description\":\"Joyer\u00eda de Plata 925 - Pendientes, pulseras, anillos, colgantes y m\u00e1s!\",\"publisher\":{\"@id\":\"https:\/\/joyasyasmin.com\/de\/#organization\"},\"potentialAction\":[{\"@type\":\"SearchAction\",\"target\":{\"@type\":\"EntryPoint\",\"urlTemplate\":\"https:\/\/joyasyasmin.com\/de\/?s={search_term_string}\"},\"query-input\":{\"@type\":\"PropertyValueSpecification\",\"valueRequired\":true,\"valueName\":\"search_term_string\"}}],\"inLanguage\":\"de\"},{\"@type\":\"Organization\",\"@id\":\"https:\/\/joyasyasmin.com\/de\/#organization\",\"name\":\"joyas yasmin\",\"url\":\"https:\/\/joyasyasmin.com\/de\/\",\"logo\":{\"@type\":\"ImageObject\",\"inLanguage\":\"de\",\"@id\":\"https:\/\/joyasyasmin.com\/de\/#\/schema\/logo\/image\/\",\"url\":\"https:\/\/joyasyasmin.com\/wp-content\/uploads\/2017\/06\/IMG-20200429-WA0051.jpg\",\"contentUrl\":\"https:\/\/joyasyasmin.com\/wp-content\/uploads\/2017\/06\/IMG-20200429-WA0051.jpg\",\"width\":1080,\"height\":545,\"caption\":\"joyas yasmin\"},\"image\":{\"@id\":\"https:\/\/joyasyasmin.com\/de\/#\/schema\/logo\/image\/\"},\"sameAs\":[\"https:\/\/www.facebook.com\/Joyas-Yasmin-217664058934169\/\",\"https:\/\/www.instagram.com\/invites\/contact\/\"]}]}<\/script>\n<!-- \/ Yoast SEO plugin. -->","yoast_head_json":{"title":"Clover Halskette Eleganz und Gl\u00fcck - Yasmin","description":"Die Clover Elegance and Luck Halskette ist ein bezauberndes Schmuckst\u00fcck, das Stil und Symbolik in einem besonderen St\u00fcck vereint. 925er Silber.","robots":{"index":"index","follow":"follow","max-snippet":"max-snippet:-1","max-image-preview":"max-image-preview:large","max-video-preview":"max-video-preview:-1"},"canonical":"https:\/\/joyasyasmin.com\/de\/producto\/clover-halskette-eleganz-und-glueck\/","og_locale":"de_DE","og_title":"Clover Halskette Eleganz und Gl\u00fcck - Yasmin","og_description":"Die Clover Elegance and Luck Halskette ist ein bezauberndes Schmuckst\u00fcck, das Stil und Symbolik in einem besonderen St\u00fcck vereint. 925er Silber.","og_url":"https:\/\/joyasyasmin.com\/de\/producto\/clover-halskette-eleganz-und-glueck\/","og_site_name":"Yasmin","article_publisher":"https:\/\/www.facebook.com\/Joyas-Yasmin-217664058934169\/","article_modified_time":"2025-05-13T11:08:46+00:00","og_image":[{"width":1000,"height":1000,"url":"https:\/\/joyasyasmin.com\/wp-content\/uploads\/2024\/09\/collar-trebol-onix.jpg","type":"image\/jpeg"}],"twitter_card":"summary_large_image","schema":{"@context":"https:\/\/schema.org","@graph":[{"@type":["WebPage","ItemPage"],"@id":"https:\/\/joyasyasmin.com\/de\/producto\/clover-halskette-eleganz-und-glueck\/","url":"https:\/\/joyasyasmin.com\/de\/producto\/clover-halskette-eleganz-und-glueck\/","name":"Clover Halskette Eleganz und Gl\u00fcck - Yasmin","isPartOf":{"@id":"https:\/\/joyasyasmin.com\/de\/#website"},"primaryImageOfPage":{"@id":"https:\/\/joyasyasmin.com\/de\/producto\/clover-halskette-eleganz-und-glueck\/#primaryimage"},"image":{"@id":"https:\/\/joyasyasmin.com\/de\/producto\/clover-halskette-eleganz-und-glueck\/#primaryimage"},"thumbnailUrl":"https:\/\/joyasyasmin.com\/wp-content\/uploads\/2024\/09\/collar-trebol-onix.jpg","datePublished":"2024-09-19T18:27:43+00:00","dateModified":"2025-05-13T11:08:46+00:00","description":"Die Clover Elegance and Luck Halskette ist ein bezauberndes Schmuckst\u00fcck, das Stil und Symbolik in einem besonderen St\u00fcck vereint. 925er Silber.","breadcrumb":{"@id":"https:\/\/joyasyasmin.com\/de\/producto\/clover-halskette-eleganz-und-glueck\/#breadcrumb"},"inLanguage":"de","potentialAction":[{"@type":"ReadAction","target":["https:\/\/joyasyasmin.com\/de\/producto\/clover-halskette-eleganz-und-glueck\/"]}]},{"@type":"ImageObject","inLanguage":"de","@id":"https:\/\/joyasyasmin.com\/de\/producto\/clover-halskette-eleganz-und-glueck\/#primaryimage","url":"https:\/\/joyasyasmin.com\/wp-content\/uploads\/2024\/09\/collar-trebol-onix.jpg","contentUrl":"https:\/\/joyasyasmin.com\/wp-content\/uploads\/2024\/09\/collar-trebol-onix.jpg","width":1000,"height":1000,"caption":"Verkauf von Onis Klee Halskette aus 925 Sterling Silber"},{"@type":"BreadcrumbList","@id":"https:\/\/joyasyasmin.com\/de\/producto\/clover-halskette-eleganz-und-glueck\/#breadcrumb","itemListElement":[{"@type":"ListItem","position":1,"name":"Portada","item":"https:\/\/joyasyasmin.com\/de\/heim\/"},{"@type":"ListItem","position":2,"name":"Shop","item":"https:\/\/joyasyasmin.com\/de\/shop\/"},{"@type":"ListItem","position":3,"name":"Clover Halskette Eleganz und Gl\u00fcck"}]},{"@type":"WebSite","@id":"https:\/\/joyasyasmin.com\/de\/#website","url":"https:\/\/joyasyasmin.com\/de\/","name":"Yasmin","description":"Joyer\u00eda de Plata 925 - Pendientes, pulseras, anillos, colgantes y m\u00e1s!","publisher":{"@id":"https:\/\/joyasyasmin.com\/de\/#organization"},"potentialAction":[{"@type":"SearchAction","target":{"@type":"EntryPoint","urlTemplate":"https:\/\/joyasyasmin.com\/de\/?s={search_term_string}"},"query-input":{"@type":"PropertyValueSpecification","valueRequired":true,"valueName":"search_term_string"}}],"inLanguage":"de"},{"@type":"Organization","@id":"https:\/\/joyasyasmin.com\/de\/#organization","name":"joyas yasmin","url":"https:\/\/joyasyasmin.com\/de\/","logo":{"@type":"ImageObject","inLanguage":"de","@id":"https:\/\/joyasyasmin.com\/de\/#\/schema\/logo\/image\/","url":"https:\/\/joyasyasmin.com\/wp-content\/uploads\/2017\/06\/IMG-20200429-WA0051.jpg","contentUrl":"https:\/\/joyasyasmin.com\/wp-content\/uploads\/2017\/06\/IMG-20200429-WA0051.jpg","width":1080,"height":545,"caption":"joyas yasmin"},"image":{"@id":"https:\/\/joyasyasmin.com\/de\/#\/schema\/logo\/image\/"},"sameAs":["https:\/\/www.facebook.com\/Joyas-Yasmin-217664058934169\/","https:\/\/www.instagram.com\/invites\/contact\/"]}]}},"_links":{"self":[{"href":"https:\/\/joyasyasmin.com\/de\/wp-json\/wp\/v2\/product\/19753","targetHints":{"allow":["GET"]}}],"collection":[{"href":"https:\/\/joyasyasmin.com\/de\/wp-json\/wp\/v2\/product"}],"about":[{"href":"https:\/\/joyasyasmin.com\/de\/wp-json\/wp\/v2\/types\/product"}],"replies":[{"embeddable":true,"href":"https:\/\/joyasyasmin.com\/de\/wp-json\/wp\/v2\/comments?post=19753"}],"version-history":[{"count":1,"href":"https:\/\/joyasyasmin.com\/de\/wp-json\/wp\/v2\/product\/19753\/revisions"}],"predecessor-version":[{"id":32491,"href":"https:\/\/joyasyasmin.com\/de\/wp-json\/wp\/v2\/product\/19753\/revisions\/32491"}],"wp:featuredmedia":[{"embeddable":true,"href":"https:\/\/joyasyasmin.com\/de\/wp-json\/wp\/v2\/media\/19756"}],"wp:attachment":[{"href":"https:\/\/joyasyasmin.com\/de\/wp-json\/wp\/v2\/media?parent=19753"}],"wp:term":[{"taxonomy":"product_brand","embeddable":true,"href":"https:\/\/joyasyasmin.com\/de\/wp-json\/wp\/v2\/product_brand?post=19753"},{"taxonomy":"product_cat","embeddable":true,"href":"https:\/\/joyasyasmin.com\/de\/wp-json\/wp\/v2\/product_cat?post=19753"},{"taxonomy":"product_tag","embeddable":true,"href":"https:\/\/joyasyasmin.com\/de\/wp-json\/wp\/v2\/product_tag?post=19753"}],"curies":[{"name":"wp","href":"https:\/\/api.w.org\/{rel}","templated":true}]}}