{"id":19817,"date":"2024-09-21T21:17:55","date_gmt":"2024-09-21T21:17:55","guid":{"rendered":"https:\/\/joyasyasmin.com\/producto\/ovaler-ring-funkelt-mit-stein\/"},"modified":"2025-11-12T20:50:07","modified_gmt":"2025-11-12T20:50:07","slug":"ovaler-ring-funkelt-mit-stein","status":"publish","type":"product","link":"https:\/\/joyasyasmin.com\/de\/producto\/ovaler-ring-funkelt-mit-stein\/","title":{"rendered":"Ovaler Ring funkelt mit Stein"},"content":{"rendered":"","protected":false},"excerpt":{"rendered":"<p>Der ovale Ring Funkelt mit Steinen ist viel mehr als nur ein Schmuckst\u00fcck; Es ist ein Stil-Statement. Mit seinem ovalen Design und seiner Breite von 24 mm wird dieser Ring zum Protagonisten jedes Outfits, ideal f\u00fcr diejenigen, die auff\u00e4llige Accessoires sch\u00e4tzen, ohne an Raffinesse zu verlieren. Das St\u00fcck ist in drei schillernden Steinvarianten erh\u00e4ltlich: opaliszierender Opal, bekannt f\u00fcr seine wechselnden Farbt\u00f6ne, die das Licht in magischen Farbt\u00f6nen reflektieren, ruhiger und geheimnisvoller Mondstein, der weibliche Energie und Introspektion hervorruft, und leuchtender synthetischer T\u00fcrkis, der mit seinem charakteristischen blauen Farbton eine Note von Frische und Modernit\u00e4t verleiht.  <\/p>\n","protected":false},"featured_media":19828,"comment_status":"open","ping_status":"closed","template":"","meta":{"_acf_changed":false,"_joinchat":[]},"product_brand":[],"product_cat":[1850],"product_tag":[],"class_list":{"0":"post-19817","1":"product","2":"type-product","3":"status-publish","4":"has-post-thumbnail","6":"product_cat-ringe-ringe","8":"first","9":"instock","10":"shipping-taxable","11":"purchasable","12":"product-type-variable"},"acf":[],"yoast_head":"<!-- This site is optimized with the Yoast SEO plugin v27.2 - https:\/\/yoast.com\/product\/yoast-seo-wordpress\/ -->\n<title>Ovaler Ring funkelt mit Stein - Yasmin<\/title>\n<meta name=\"description\" content=\"Der ovale Ring Funkelt mit Steinen verleiht nicht nur Unterscheidung, sondern erm\u00f6glicht es Ihnen auch, Ihre Individualit\u00e4t auszudr\u00fccken, Naturstein Opalus, Mondstein.\" \/>\n<meta name=\"robots\" content=\"index, follow, max-snippet:-1, max-image-preview:large, max-video-preview:-1\" \/>\n<link rel=\"canonical\" href=\"https:\/\/joyasyasmin.com\/de\/producto\/ovaler-ring-funkelt-mit-stein\/\" \/>\n<meta property=\"og:locale\" content=\"de_DE\" \/>\n<meta property=\"og:title\" content=\"Ovaler Ring funkelt mit Stein - Yasmin\" \/>\n<meta property=\"og:description\" content=\"Der ovale Ring Funkelt mit Steinen verleiht nicht nur Unterscheidung, sondern erm\u00f6glicht es Ihnen auch, Ihre Individualit\u00e4t auszudr\u00fccken, Naturstein Opalus, Mondstein.\" \/>\n<meta property=\"og:url\" content=\"https:\/\/joyasyasmin.com\/de\/producto\/ovaler-ring-funkelt-mit-stein\/\" \/>\n<meta property=\"og:site_name\" content=\"Yasmin\" \/>\n<meta property=\"article:publisher\" content=\"https:\/\/www.facebook.com\/Joyas-Yasmin-217664058934169\/\" \/>\n<meta property=\"article:modified_time\" content=\"2025-11-12T20:50:07+00:00\" \/>\n<meta property=\"og:image\" content=\"https:\/\/joyasyasmin.com\/wp-content\/uploads\/2024\/09\/anillo-piedra-luna-natural.jpg\" \/>\n\t<meta property=\"og:image:width\" content=\"1000\" \/>\n\t<meta property=\"og:image:height\" content=\"1000\" \/>\n\t<meta property=\"og:image:type\" content=\"image\/jpeg\" \/>\n<meta name=\"twitter:card\" content=\"summary_large_image\" \/>\n<script type=\"application\/ld+json\" class=\"yoast-schema-graph\">{\"@context\":\"https:\/\/schema.org\",\"@graph\":[{\"@type\":[\"WebPage\",\"ItemPage\"],\"@id\":\"https:\/\/joyasyasmin.com\/de\/producto\/ovaler-ring-funkelt-mit-stein\/\",\"url\":\"https:\/\/joyasyasmin.com\/de\/producto\/ovaler-ring-funkelt-mit-stein\/\",\"name\":\"Ovaler Ring funkelt mit Stein - Yasmin\",\"isPartOf\":{\"@id\":\"https:\/\/joyasyasmin.com\/de\/#website\"},\"primaryImageOfPage\":{\"@id\":\"https:\/\/joyasyasmin.com\/de\/producto\/ovaler-ring-funkelt-mit-stein\/#primaryimage\"},\"image\":{\"@id\":\"https:\/\/joyasyasmin.com\/de\/producto\/ovaler-ring-funkelt-mit-stein\/#primaryimage\"},\"thumbnailUrl\":\"https:\/\/joyasyasmin.com\/wp-content\/uploads\/2024\/09\/anillo-piedra-luna-natural.jpg\",\"datePublished\":\"2024-09-21T21:17:55+00:00\",\"dateModified\":\"2025-11-12T20:50:07+00:00\",\"description\":\"Der ovale Ring Funkelt mit Steinen verleiht nicht nur Unterscheidung, sondern erm\u00f6glicht es Ihnen auch, Ihre Individualit\u00e4t auszudr\u00fccken, Naturstein Opalus, Mondstein.\",\"breadcrumb\":{\"@id\":\"https:\/\/joyasyasmin.com\/de\/producto\/ovaler-ring-funkelt-mit-stein\/#breadcrumb\"},\"inLanguage\":\"de\",\"potentialAction\":[{\"@type\":\"ReadAction\",\"target\":[\"https:\/\/joyasyasmin.com\/de\/producto\/ovaler-ring-funkelt-mit-stein\/\"]}]},{\"@type\":\"ImageObject\",\"inLanguage\":\"de\",\"@id\":\"https:\/\/joyasyasmin.com\/de\/producto\/ovaler-ring-funkelt-mit-stein\/#primaryimage\",\"url\":\"https:\/\/joyasyasmin.com\/wp-content\/uploads\/2024\/09\/anillo-piedra-luna-natural.jpg\",\"contentUrl\":\"https:\/\/joyasyasmin.com\/wp-content\/uploads\/2024\/09\/anillo-piedra-luna-natural.jpg\",\"width\":1000,\"height\":1000,\"caption\":\"Mondstein Ring Verkauf funkelt aus 925 Sterling Silber Stein\"},{\"@type\":\"BreadcrumbList\",\"@id\":\"https:\/\/joyasyasmin.com\/de\/producto\/ovaler-ring-funkelt-mit-stein\/#breadcrumb\",\"itemListElement\":[{\"@type\":\"ListItem\",\"position\":1,\"name\":\"Portada\",\"item\":\"https:\/\/joyasyasmin.com\/de\/heim\/\"},{\"@type\":\"ListItem\",\"position\":2,\"name\":\"Shop\",\"item\":\"https:\/\/joyasyasmin.com\/de\/shop\/\"},{\"@type\":\"ListItem\",\"position\":3,\"name\":\"Ovaler Ring funkelt mit Stein\"}]},{\"@type\":\"WebSite\",\"@id\":\"https:\/\/joyasyasmin.com\/de\/#website\",\"url\":\"https:\/\/joyasyasmin.com\/de\/\",\"name\":\"Yasmin\",\"description\":\"Joyer\u00eda de Plata 925 - Pendientes, pulseras, anillos, colgantes y m\u00e1s!\",\"publisher\":{\"@id\":\"https:\/\/joyasyasmin.com\/de\/#organization\"},\"potentialAction\":[{\"@type\":\"SearchAction\",\"target\":{\"@type\":\"EntryPoint\",\"urlTemplate\":\"https:\/\/joyasyasmin.com\/de\/?s={search_term_string}\"},\"query-input\":{\"@type\":\"PropertyValueSpecification\",\"valueRequired\":true,\"valueName\":\"search_term_string\"}}],\"inLanguage\":\"de\"},{\"@type\":\"Organization\",\"@id\":\"https:\/\/joyasyasmin.com\/de\/#organization\",\"name\":\"joyas yasmin\",\"url\":\"https:\/\/joyasyasmin.com\/de\/\",\"logo\":{\"@type\":\"ImageObject\",\"inLanguage\":\"de\",\"@id\":\"https:\/\/joyasyasmin.com\/de\/#\/schema\/logo\/image\/\",\"url\":\"https:\/\/joyasyasmin.com\/wp-content\/uploads\/2017\/06\/IMG-20200429-WA0051.jpg\",\"contentUrl\":\"https:\/\/joyasyasmin.com\/wp-content\/uploads\/2017\/06\/IMG-20200429-WA0051.jpg\",\"width\":1080,\"height\":545,\"caption\":\"joyas yasmin\"},\"image\":{\"@id\":\"https:\/\/joyasyasmin.com\/de\/#\/schema\/logo\/image\/\"},\"sameAs\":[\"https:\/\/www.facebook.com\/Joyas-Yasmin-217664058934169\/\",\"https:\/\/www.instagram.com\/invites\/contact\/\"]}]}<\/script>\n<!-- \/ Yoast SEO plugin. -->","yoast_head_json":{"title":"Ovaler Ring funkelt mit Stein - Yasmin","description":"Der ovale Ring Funkelt mit Steinen verleiht nicht nur Unterscheidung, sondern erm\u00f6glicht es Ihnen auch, Ihre Individualit\u00e4t auszudr\u00fccken, Naturstein Opalus, Mondstein.","robots":{"index":"index","follow":"follow","max-snippet":"max-snippet:-1","max-image-preview":"max-image-preview:large","max-video-preview":"max-video-preview:-1"},"canonical":"https:\/\/joyasyasmin.com\/de\/producto\/ovaler-ring-funkelt-mit-stein\/","og_locale":"de_DE","og_title":"Ovaler Ring funkelt mit Stein - Yasmin","og_description":"Der ovale Ring Funkelt mit Steinen verleiht nicht nur Unterscheidung, sondern erm\u00f6glicht es Ihnen auch, Ihre Individualit\u00e4t auszudr\u00fccken, Naturstein Opalus, Mondstein.","og_url":"https:\/\/joyasyasmin.com\/de\/producto\/ovaler-ring-funkelt-mit-stein\/","og_site_name":"Yasmin","article_publisher":"https:\/\/www.facebook.com\/Joyas-Yasmin-217664058934169\/","article_modified_time":"2025-11-12T20:50:07+00:00","og_image":[{"width":1000,"height":1000,"url":"https:\/\/joyasyasmin.com\/wp-content\/uploads\/2024\/09\/anillo-piedra-luna-natural.jpg","type":"image\/jpeg"}],"twitter_card":"summary_large_image","schema":{"@context":"https:\/\/schema.org","@graph":[{"@type":["WebPage","ItemPage"],"@id":"https:\/\/joyasyasmin.com\/de\/producto\/ovaler-ring-funkelt-mit-stein\/","url":"https:\/\/joyasyasmin.com\/de\/producto\/ovaler-ring-funkelt-mit-stein\/","name":"Ovaler Ring funkelt mit Stein - Yasmin","isPartOf":{"@id":"https:\/\/joyasyasmin.com\/de\/#website"},"primaryImageOfPage":{"@id":"https:\/\/joyasyasmin.com\/de\/producto\/ovaler-ring-funkelt-mit-stein\/#primaryimage"},"image":{"@id":"https:\/\/joyasyasmin.com\/de\/producto\/ovaler-ring-funkelt-mit-stein\/#primaryimage"},"thumbnailUrl":"https:\/\/joyasyasmin.com\/wp-content\/uploads\/2024\/09\/anillo-piedra-luna-natural.jpg","datePublished":"2024-09-21T21:17:55+00:00","dateModified":"2025-11-12T20:50:07+00:00","description":"Der ovale Ring Funkelt mit Steinen verleiht nicht nur Unterscheidung, sondern erm\u00f6glicht es Ihnen auch, Ihre Individualit\u00e4t auszudr\u00fccken, Naturstein Opalus, Mondstein.","breadcrumb":{"@id":"https:\/\/joyasyasmin.com\/de\/producto\/ovaler-ring-funkelt-mit-stein\/#breadcrumb"},"inLanguage":"de","potentialAction":[{"@type":"ReadAction","target":["https:\/\/joyasyasmin.com\/de\/producto\/ovaler-ring-funkelt-mit-stein\/"]}]},{"@type":"ImageObject","inLanguage":"de","@id":"https:\/\/joyasyasmin.com\/de\/producto\/ovaler-ring-funkelt-mit-stein\/#primaryimage","url":"https:\/\/joyasyasmin.com\/wp-content\/uploads\/2024\/09\/anillo-piedra-luna-natural.jpg","contentUrl":"https:\/\/joyasyasmin.com\/wp-content\/uploads\/2024\/09\/anillo-piedra-luna-natural.jpg","width":1000,"height":1000,"caption":"Mondstein Ring Verkauf funkelt aus 925 Sterling Silber Stein"},{"@type":"BreadcrumbList","@id":"https:\/\/joyasyasmin.com\/de\/producto\/ovaler-ring-funkelt-mit-stein\/#breadcrumb","itemListElement":[{"@type":"ListItem","position":1,"name":"Portada","item":"https:\/\/joyasyasmin.com\/de\/heim\/"},{"@type":"ListItem","position":2,"name":"Shop","item":"https:\/\/joyasyasmin.com\/de\/shop\/"},{"@type":"ListItem","position":3,"name":"Ovaler Ring funkelt mit Stein"}]},{"@type":"WebSite","@id":"https:\/\/joyasyasmin.com\/de\/#website","url":"https:\/\/joyasyasmin.com\/de\/","name":"Yasmin","description":"Joyer\u00eda de Plata 925 - Pendientes, pulseras, anillos, colgantes y m\u00e1s!","publisher":{"@id":"https:\/\/joyasyasmin.com\/de\/#organization"},"potentialAction":[{"@type":"SearchAction","target":{"@type":"EntryPoint","urlTemplate":"https:\/\/joyasyasmin.com\/de\/?s={search_term_string}"},"query-input":{"@type":"PropertyValueSpecification","valueRequired":true,"valueName":"search_term_string"}}],"inLanguage":"de"},{"@type":"Organization","@id":"https:\/\/joyasyasmin.com\/de\/#organization","name":"joyas yasmin","url":"https:\/\/joyasyasmin.com\/de\/","logo":{"@type":"ImageObject","inLanguage":"de","@id":"https:\/\/joyasyasmin.com\/de\/#\/schema\/logo\/image\/","url":"https:\/\/joyasyasmin.com\/wp-content\/uploads\/2017\/06\/IMG-20200429-WA0051.jpg","contentUrl":"https:\/\/joyasyasmin.com\/wp-content\/uploads\/2017\/06\/IMG-20200429-WA0051.jpg","width":1080,"height":545,"caption":"joyas yasmin"},"image":{"@id":"https:\/\/joyasyasmin.com\/de\/#\/schema\/logo\/image\/"},"sameAs":["https:\/\/www.facebook.com\/Joyas-Yasmin-217664058934169\/","https:\/\/www.instagram.com\/invites\/contact\/"]}]}},"_links":{"self":[{"href":"https:\/\/joyasyasmin.com\/de\/wp-json\/wp\/v2\/product\/19817","targetHints":{"allow":["GET"]}}],"collection":[{"href":"https:\/\/joyasyasmin.com\/de\/wp-json\/wp\/v2\/product"}],"about":[{"href":"https:\/\/joyasyasmin.com\/de\/wp-json\/wp\/v2\/types\/product"}],"replies":[{"embeddable":true,"href":"https:\/\/joyasyasmin.com\/de\/wp-json\/wp\/v2\/comments?post=19817"}],"version-history":[{"count":1,"href":"https:\/\/joyasyasmin.com\/de\/wp-json\/wp\/v2\/product\/19817\/revisions"}],"predecessor-version":[{"id":29629,"href":"https:\/\/joyasyasmin.com\/de\/wp-json\/wp\/v2\/product\/19817\/revisions\/29629"}],"wp:featuredmedia":[{"embeddable":true,"href":"https:\/\/joyasyasmin.com\/de\/wp-json\/wp\/v2\/media\/19828"}],"wp:attachment":[{"href":"https:\/\/joyasyasmin.com\/de\/wp-json\/wp\/v2\/media?parent=19817"}],"wp:term":[{"taxonomy":"product_brand","embeddable":true,"href":"https:\/\/joyasyasmin.com\/de\/wp-json\/wp\/v2\/product_brand?post=19817"},{"taxonomy":"product_cat","embeddable":true,"href":"https:\/\/joyasyasmin.com\/de\/wp-json\/wp\/v2\/product_cat?post=19817"},{"taxonomy":"product_tag","embeddable":true,"href":"https:\/\/joyasyasmin.com\/de\/wp-json\/wp\/v2\/product_tag?post=19817"}],"curies":[{"name":"wp","href":"https:\/\/api.w.org\/{rel}","templated":true}]}}