{"id":19832,"date":"2024-09-21T20:49:38","date_gmt":"2024-09-21T20:49:38","guid":{"rendered":"https:\/\/joyasyasmin.com\/producto\/klee-ohrring-eleganz-und-glueck\/"},"modified":"2025-09-01T07:45:24","modified_gmt":"2025-09-01T07:45:24","slug":"klee-ohrring-eleganz-und-glueck","status":"publish","type":"product","link":"https:\/\/joyasyasmin.com\/de\/producto\/klee-ohrring-eleganz-und-glueck\/","title":{"rendered":"Klee-Ohrring Eleganz und Gl\u00fcck"},"content":{"rendered":"","protected":false},"excerpt":{"rendered":"<p>Entdecken Sie den Kleeohrring Elegance and Luck, ein ideales Accessoire f\u00fcr alle, die ihrem t\u00e4glichen Stil eine subtile und raffinierte Note verleihen m\u00f6chten. Dieser Ohrring ist aus einem zarten 12 mm Kleeblatt gefertigt, das Eleganz und Gl\u00fcck in jedem Detail symbolisiert. Erh\u00e4ltlich in f\u00fcnf leuchtenden Farben: Blau, Gr\u00fcn, Wei\u00df, Rot und Schwarz, k\u00f6nnen Sie den Farbton w\u00e4hlen, der am besten zu Ihrer Pers\u00f6nlichkeit passt, oder ihn mit verschiedenen Looks kombinieren.  <\/p>\n<p>Hergestellt aus 925er Sterlingsilber, garantiert es eine au\u00dfergew\u00f6hnliche Haltbarkeit und f\u00fchlt sich weich an, so dass es auch f\u00fcr Menschen mit empfindlicher Haut perfekt ist. Dar\u00fcber hinaus verf\u00fcgt es \u00fcber eine Schnappmutter, die eine bequeme und sichere Platzierung gew\u00e4hrleistet, sodass Sie es den ganzen Tag \u00fcber in aller Ruhe tragen k\u00f6nnen. <\/p>\n","protected":false},"featured_media":19849,"comment_status":"open","ping_status":"closed","template":"","meta":{"_acf_changed":false,"_joinchat":[]},"product_brand":[],"product_cat":[1770],"product_tag":[],"class_list":{"0":"post-19832","1":"product","2":"type-product","3":"status-publish","4":"has-post-thumbnail","6":"product_cat-ohrringe-und-ohrringe","8":"first","9":"instock","10":"shipping-taxable","11":"purchasable","12":"product-type-variable"},"acf":[],"yoast_head":"<!-- This site is optimized with the Yoast SEO plugin v27.3 - https:\/\/yoast.com\/product\/yoast-seo-wordpress\/ -->\n<title>Klee-Ohrring Eleganz und Gl\u00fcck - Yasmin<\/title>\n<meta name=\"description\" content=\"Der Klee-Ohrring Elegance and Luck, ein ideales Accessoire f\u00fcr alle, die ihrem t\u00e4glichen Stil eine subtile und raffinierte Note verleihen m\u00f6chten, Gr\u00f6\u00dfe 12 mm, Silber 925.\" \/>\n<meta name=\"robots\" content=\"index, follow, max-snippet:-1, max-image-preview:large, max-video-preview:-1\" \/>\n<link rel=\"canonical\" href=\"https:\/\/joyasyasmin.com\/de\/producto\/klee-ohrring-eleganz-und-glueck\/\" \/>\n<meta property=\"og:locale\" content=\"de_DE\" \/>\n<meta property=\"og:title\" content=\"Klee-Ohrring Eleganz und Gl\u00fcck - Yasmin\" \/>\n<meta property=\"og:description\" content=\"Der Klee-Ohrring Elegance and Luck, ein ideales Accessoire f\u00fcr alle, die ihrem t\u00e4glichen Stil eine subtile und raffinierte Note verleihen m\u00f6chten, Gr\u00f6\u00dfe 12 mm, Silber 925.\" \/>\n<meta property=\"og:url\" content=\"https:\/\/joyasyasmin.com\/de\/producto\/klee-ohrring-eleganz-und-glueck\/\" \/>\n<meta property=\"og:site_name\" content=\"Yasmin\" \/>\n<meta property=\"article:publisher\" content=\"https:\/\/www.facebook.com\/Joyas-Yasmin-217664058934169\/\" \/>\n<meta property=\"article:modified_time\" content=\"2025-09-01T07:45:24+00:00\" \/>\n<meta property=\"og:image\" content=\"https:\/\/joyasyasmin.com\/wp-content\/uploads\/2024\/09\/pendiente-trebol-onix.jpg\" \/>\n\t<meta property=\"og:image:width\" content=\"1000\" \/>\n\t<meta property=\"og:image:height\" content=\"1000\" \/>\n\t<meta property=\"og:image:type\" content=\"image\/jpeg\" \/>\n<meta name=\"twitter:card\" content=\"summary_large_image\" \/>\n<script type=\"application\/ld+json\" class=\"yoast-schema-graph\">{\"@context\":\"https:\\\/\\\/schema.org\",\"@graph\":[{\"@type\":[\"WebPage\",\"ItemPage\"],\"@id\":\"https:\\\/\\\/joyasyasmin.com\\\/de\\\/producto\\\/klee-ohrring-eleganz-und-glueck\\\/\",\"url\":\"https:\\\/\\\/joyasyasmin.com\\\/de\\\/producto\\\/klee-ohrring-eleganz-und-glueck\\\/\",\"name\":\"Klee-Ohrring Eleganz und Gl\u00fcck - Yasmin\",\"isPartOf\":{\"@id\":\"https:\\\/\\\/joyasyasmin.com\\\/de\\\/#website\"},\"primaryImageOfPage\":{\"@id\":\"https:\\\/\\\/joyasyasmin.com\\\/de\\\/producto\\\/klee-ohrring-eleganz-und-glueck\\\/#primaryimage\"},\"image\":{\"@id\":\"https:\\\/\\\/joyasyasmin.com\\\/de\\\/producto\\\/klee-ohrring-eleganz-und-glueck\\\/#primaryimage\"},\"thumbnailUrl\":\"https:\\\/\\\/joyasyasmin.com\\\/wp-content\\\/uploads\\\/2024\\\/09\\\/pendiente-trebol-onix.jpg\",\"datePublished\":\"2024-09-21T20:49:38+00:00\",\"dateModified\":\"2025-09-01T07:45:24+00:00\",\"description\":\"Der Klee-Ohrring Elegance and Luck, ein ideales Accessoire f\u00fcr alle, die ihrem t\u00e4glichen Stil eine subtile und raffinierte Note verleihen m\u00f6chten, Gr\u00f6\u00dfe 12 mm, Silber 925.\",\"breadcrumb\":{\"@id\":\"https:\\\/\\\/joyasyasmin.com\\\/de\\\/producto\\\/klee-ohrring-eleganz-und-glueck\\\/#breadcrumb\"},\"inLanguage\":\"de\",\"potentialAction\":[{\"@type\":\"ReadAction\",\"target\":[\"https:\\\/\\\/joyasyasmin.com\\\/de\\\/producto\\\/klee-ohrring-eleganz-und-glueck\\\/\"]}]},{\"@type\":\"ImageObject\",\"inLanguage\":\"de\",\"@id\":\"https:\\\/\\\/joyasyasmin.com\\\/de\\\/producto\\\/klee-ohrring-eleganz-und-glueck\\\/#primaryimage\",\"url\":\"https:\\\/\\\/joyasyasmin.com\\\/wp-content\\\/uploads\\\/2024\\\/09\\\/pendiente-trebol-onix.jpg\",\"contentUrl\":\"https:\\\/\\\/joyasyasmin.com\\\/wp-content\\\/uploads\\\/2024\\\/09\\\/pendiente-trebol-onix.jpg\",\"width\":1000,\"height\":1000,\"caption\":\"Verkauf von 925 Sterling Silber Onyx Klee Ohrring, sein Design von Eleganz und Stil.\"},{\"@type\":\"BreadcrumbList\",\"@id\":\"https:\\\/\\\/joyasyasmin.com\\\/de\\\/producto\\\/klee-ohrring-eleganz-und-glueck\\\/#breadcrumb\",\"itemListElement\":[{\"@type\":\"ListItem\",\"position\":1,\"name\":\"Portada\",\"item\":\"https:\\\/\\\/joyasyasmin.com\\\/de\\\/heim\\\/\"},{\"@type\":\"ListItem\",\"position\":2,\"name\":\"Shop\",\"item\":\"https:\\\/\\\/joyasyasmin.com\\\/de\\\/shop\\\/\"},{\"@type\":\"ListItem\",\"position\":3,\"name\":\"Klee-Ohrring Eleganz und Gl\u00fcck\"}]},{\"@type\":\"WebSite\",\"@id\":\"https:\\\/\\\/joyasyasmin.com\\\/de\\\/#website\",\"url\":\"https:\\\/\\\/joyasyasmin.com\\\/de\\\/\",\"name\":\"Yasmin\",\"description\":\"Joyer\u00eda de Plata 925 - Pendientes, pulseras, anillos, colgantes y m\u00e1s!\",\"publisher\":{\"@id\":\"https:\\\/\\\/joyasyasmin.com\\\/de\\\/#organization\"},\"potentialAction\":[{\"@type\":\"SearchAction\",\"target\":{\"@type\":\"EntryPoint\",\"urlTemplate\":\"https:\\\/\\\/joyasyasmin.com\\\/de\\\/?s={search_term_string}\"},\"query-input\":{\"@type\":\"PropertyValueSpecification\",\"valueRequired\":true,\"valueName\":\"search_term_string\"}}],\"inLanguage\":\"de\"},{\"@type\":\"Organization\",\"@id\":\"https:\\\/\\\/joyasyasmin.com\\\/de\\\/#organization\",\"name\":\"joyas yasmin\",\"url\":\"https:\\\/\\\/joyasyasmin.com\\\/de\\\/\",\"logo\":{\"@type\":\"ImageObject\",\"inLanguage\":\"de\",\"@id\":\"https:\\\/\\\/joyasyasmin.com\\\/de\\\/#\\\/schema\\\/logo\\\/image\\\/\",\"url\":\"https:\\\/\\\/joyasyasmin.com\\\/wp-content\\\/uploads\\\/2017\\\/06\\\/IMG-20200429-WA0051.jpg\",\"contentUrl\":\"https:\\\/\\\/joyasyasmin.com\\\/wp-content\\\/uploads\\\/2017\\\/06\\\/IMG-20200429-WA0051.jpg\",\"width\":1080,\"height\":545,\"caption\":\"joyas yasmin\"},\"image\":{\"@id\":\"https:\\\/\\\/joyasyasmin.com\\\/de\\\/#\\\/schema\\\/logo\\\/image\\\/\"},\"sameAs\":[\"https:\\\/\\\/www.facebook.com\\\/Joyas-Yasmin-217664058934169\\\/\",\"https:\\\/\\\/www.instagram.com\\\/invites\\\/contact\\\/\"]}]}<\/script>\n<!-- \/ Yoast SEO plugin. -->","yoast_head_json":{"title":"Klee-Ohrring Eleganz und Gl\u00fcck - Yasmin","description":"Der Klee-Ohrring Elegance and Luck, ein ideales Accessoire f\u00fcr alle, die ihrem t\u00e4glichen Stil eine subtile und raffinierte Note verleihen m\u00f6chten, Gr\u00f6\u00dfe 12 mm, Silber 925.","robots":{"index":"index","follow":"follow","max-snippet":"max-snippet:-1","max-image-preview":"max-image-preview:large","max-video-preview":"max-video-preview:-1"},"canonical":"https:\/\/joyasyasmin.com\/de\/producto\/klee-ohrring-eleganz-und-glueck\/","og_locale":"de_DE","og_title":"Klee-Ohrring Eleganz und Gl\u00fcck - Yasmin","og_description":"Der Klee-Ohrring Elegance and Luck, ein ideales Accessoire f\u00fcr alle, die ihrem t\u00e4glichen Stil eine subtile und raffinierte Note verleihen m\u00f6chten, Gr\u00f6\u00dfe 12 mm, Silber 925.","og_url":"https:\/\/joyasyasmin.com\/de\/producto\/klee-ohrring-eleganz-und-glueck\/","og_site_name":"Yasmin","article_publisher":"https:\/\/www.facebook.com\/Joyas-Yasmin-217664058934169\/","article_modified_time":"2025-09-01T07:45:24+00:00","og_image":[{"width":1000,"height":1000,"url":"https:\/\/joyasyasmin.com\/wp-content\/uploads\/2024\/09\/pendiente-trebol-onix.jpg","type":"image\/jpeg"}],"twitter_card":"summary_large_image","schema":{"@context":"https:\/\/schema.org","@graph":[{"@type":["WebPage","ItemPage"],"@id":"https:\/\/joyasyasmin.com\/de\/producto\/klee-ohrring-eleganz-und-glueck\/","url":"https:\/\/joyasyasmin.com\/de\/producto\/klee-ohrring-eleganz-und-glueck\/","name":"Klee-Ohrring Eleganz und Gl\u00fcck - Yasmin","isPartOf":{"@id":"https:\/\/joyasyasmin.com\/de\/#website"},"primaryImageOfPage":{"@id":"https:\/\/joyasyasmin.com\/de\/producto\/klee-ohrring-eleganz-und-glueck\/#primaryimage"},"image":{"@id":"https:\/\/joyasyasmin.com\/de\/producto\/klee-ohrring-eleganz-und-glueck\/#primaryimage"},"thumbnailUrl":"https:\/\/joyasyasmin.com\/wp-content\/uploads\/2024\/09\/pendiente-trebol-onix.jpg","datePublished":"2024-09-21T20:49:38+00:00","dateModified":"2025-09-01T07:45:24+00:00","description":"Der Klee-Ohrring Elegance and Luck, ein ideales Accessoire f\u00fcr alle, die ihrem t\u00e4glichen Stil eine subtile und raffinierte Note verleihen m\u00f6chten, Gr\u00f6\u00dfe 12 mm, Silber 925.","breadcrumb":{"@id":"https:\/\/joyasyasmin.com\/de\/producto\/klee-ohrring-eleganz-und-glueck\/#breadcrumb"},"inLanguage":"de","potentialAction":[{"@type":"ReadAction","target":["https:\/\/joyasyasmin.com\/de\/producto\/klee-ohrring-eleganz-und-glueck\/"]}]},{"@type":"ImageObject","inLanguage":"de","@id":"https:\/\/joyasyasmin.com\/de\/producto\/klee-ohrring-eleganz-und-glueck\/#primaryimage","url":"https:\/\/joyasyasmin.com\/wp-content\/uploads\/2024\/09\/pendiente-trebol-onix.jpg","contentUrl":"https:\/\/joyasyasmin.com\/wp-content\/uploads\/2024\/09\/pendiente-trebol-onix.jpg","width":1000,"height":1000,"caption":"Verkauf von 925 Sterling Silber Onyx Klee Ohrring, sein Design von Eleganz und Stil."},{"@type":"BreadcrumbList","@id":"https:\/\/joyasyasmin.com\/de\/producto\/klee-ohrring-eleganz-und-glueck\/#breadcrumb","itemListElement":[{"@type":"ListItem","position":1,"name":"Portada","item":"https:\/\/joyasyasmin.com\/de\/heim\/"},{"@type":"ListItem","position":2,"name":"Shop","item":"https:\/\/joyasyasmin.com\/de\/shop\/"},{"@type":"ListItem","position":3,"name":"Klee-Ohrring Eleganz und Gl\u00fcck"}]},{"@type":"WebSite","@id":"https:\/\/joyasyasmin.com\/de\/#website","url":"https:\/\/joyasyasmin.com\/de\/","name":"Yasmin","description":"Joyer\u00eda de Plata 925 - Pendientes, pulseras, anillos, colgantes y m\u00e1s!","publisher":{"@id":"https:\/\/joyasyasmin.com\/de\/#organization"},"potentialAction":[{"@type":"SearchAction","target":{"@type":"EntryPoint","urlTemplate":"https:\/\/joyasyasmin.com\/de\/?s={search_term_string}"},"query-input":{"@type":"PropertyValueSpecification","valueRequired":true,"valueName":"search_term_string"}}],"inLanguage":"de"},{"@type":"Organization","@id":"https:\/\/joyasyasmin.com\/de\/#organization","name":"joyas yasmin","url":"https:\/\/joyasyasmin.com\/de\/","logo":{"@type":"ImageObject","inLanguage":"de","@id":"https:\/\/joyasyasmin.com\/de\/#\/schema\/logo\/image\/","url":"https:\/\/joyasyasmin.com\/wp-content\/uploads\/2017\/06\/IMG-20200429-WA0051.jpg","contentUrl":"https:\/\/joyasyasmin.com\/wp-content\/uploads\/2017\/06\/IMG-20200429-WA0051.jpg","width":1080,"height":545,"caption":"joyas yasmin"},"image":{"@id":"https:\/\/joyasyasmin.com\/de\/#\/schema\/logo\/image\/"},"sameAs":["https:\/\/www.facebook.com\/Joyas-Yasmin-217664058934169\/","https:\/\/www.instagram.com\/invites\/contact\/"]}]}},"_links":{"self":[{"href":"https:\/\/joyasyasmin.com\/de\/wp-json\/wp\/v2\/product\/19832","targetHints":{"allow":["GET"]}}],"collection":[{"href":"https:\/\/joyasyasmin.com\/de\/wp-json\/wp\/v2\/product"}],"about":[{"href":"https:\/\/joyasyasmin.com\/de\/wp-json\/wp\/v2\/types\/product"}],"replies":[{"embeddable":true,"href":"https:\/\/joyasyasmin.com\/de\/wp-json\/wp\/v2\/comments?post=19832"}],"version-history":[{"count":1,"href":"https:\/\/joyasyasmin.com\/de\/wp-json\/wp\/v2\/product\/19832\/revisions"}],"predecessor-version":[{"id":34623,"href":"https:\/\/joyasyasmin.com\/de\/wp-json\/wp\/v2\/product\/19832\/revisions\/34623"}],"wp:featuredmedia":[{"embeddable":true,"href":"https:\/\/joyasyasmin.com\/de\/wp-json\/wp\/v2\/media\/19849"}],"wp:attachment":[{"href":"https:\/\/joyasyasmin.com\/de\/wp-json\/wp\/v2\/media?parent=19832"}],"wp:term":[{"taxonomy":"product_brand","embeddable":true,"href":"https:\/\/joyasyasmin.com\/de\/wp-json\/wp\/v2\/product_brand?post=19832"},{"taxonomy":"product_cat","embeddable":true,"href":"https:\/\/joyasyasmin.com\/de\/wp-json\/wp\/v2\/product_cat?post=19832"},{"taxonomy":"product_tag","embeddable":true,"href":"https:\/\/joyasyasmin.com\/de\/wp-json\/wp\/v2\/product_tag?post=19832"}],"curies":[{"name":"wp","href":"https:\/\/api.w.org\/{rel}","templated":true}]}}