{"id":19914,"date":"2024-10-09T19:34:21","date_gmt":"2024-10-09T19:34:21","guid":{"rendered":"https:\/\/joyasyasmin.com\/producto\/greca-design-creolen\/"},"modified":"2025-11-10T11:32:03","modified_gmt":"2025-11-10T11:32:03","slug":"greca-design-creolen","status":"publish","type":"product","link":"https:\/\/joyasyasmin.com\/de\/producto\/greca-design-creolen\/","title":{"rendered":"Greca Design Creolen"},"content":{"rendered":"","protected":false},"excerpt":{"rendered":"<p>Entdecken Sie Eleganz und Symbolik in unseren Greca Design Creolen aus 925er Sterlingsilber. Diese Creolen zeichnen sich durch ihr kompliziertes Laubs\u00e4gemuster aus, ein Design, das im Laufe der Geschichte ein Symbol f\u00fcr Kontinuit\u00e4t und Ewigkeit war. Ihr tadelloses Finish und der nat\u00fcrliche Glanz von 925er Sterlingsilber machen sie zu einem vielseitigen und zeitlosen St\u00fcck, ideal f\u00fcr alle, die einen raffinierten Touch in ihrem t\u00e4glichen Stil oder zu besonderen Anl\u00e4ssen suchen.<\/p>\n<p>Diese Greca Design-Creolen sind in zwei St\u00e4rken erh\u00e4ltlich: 4 mm und 6 mm breit, so dass Sie diejenige ausw\u00e4hlen k\u00f6nnen, die am besten zu Ihrem pers\u00f6nlichen Stil oder Ihrer Schmuckkombination passt. Die sorgf\u00e4ltig gravierte Laubs\u00e4gearbeit wertet das Design auf und verleiht jedem St\u00fcck Textur und Pers\u00f6nlichkeit.<\/p>\n","protected":false},"featured_media":19926,"comment_status":"open","ping_status":"closed","template":"","meta":{"_acf_changed":false,"_joinchat":[]},"product_brand":[],"product_cat":[1770],"product_tag":[],"class_list":{"0":"post-19914","1":"product","2":"type-product","3":"status-publish","4":"has-post-thumbnail","6":"product_cat-ohrringe-und-ohrringe","8":"first","9":"instock","10":"shipping-taxable","11":"purchasable","12":"product-type-variable"},"acf":[],"yoast_head":"<!-- This site is optimized with the Yoast SEO plugin v27.2 - https:\/\/yoast.com\/product\/yoast-seo-wordpress\/ -->\n<title>Greca Design Creolen - Yasmin<\/title>\n<meta name=\"description\" content=\"Creolen mit einem Laubs\u00e4gemuster aus Silber zeichnen sich durch ihr kompliziertes Laubs\u00e4gemuster aus, ein Design, das seit jeher ein Symbol f\u00fcr Kontinuit\u00e4t und Ewigkeit ist.\" \/>\n<meta name=\"robots\" content=\"index, follow, max-snippet:-1, max-image-preview:large, max-video-preview:-1\" \/>\n<link rel=\"canonical\" href=\"https:\/\/joyasyasmin.com\/de\/producto\/greca-design-creolen\/\" \/>\n<meta property=\"og:locale\" content=\"de_DE\" \/>\n<meta property=\"og:title\" content=\"Greca Design Creolen - Yasmin\" \/>\n<meta property=\"og:description\" content=\"Creolen mit einem Laubs\u00e4gemuster aus Silber zeichnen sich durch ihr kompliziertes Laubs\u00e4gemuster aus, ein Design, das seit jeher ein Symbol f\u00fcr Kontinuit\u00e4t und Ewigkeit ist.\" \/>\n<meta property=\"og:url\" content=\"https:\/\/joyasyasmin.com\/de\/producto\/greca-design-creolen\/\" \/>\n<meta property=\"og:site_name\" content=\"Yasmin\" \/>\n<meta property=\"article:publisher\" content=\"https:\/\/www.facebook.com\/Joyas-Yasmin-217664058934169\/\" \/>\n<meta property=\"article:modified_time\" content=\"2025-11-10T11:32:03+00:00\" \/>\n<meta property=\"og:image\" content=\"https:\/\/joyasyasmin.com\/wp-content\/uploads\/2024\/10\/aros-greca-de-plata.jpg\" \/>\n\t<meta property=\"og:image:width\" content=\"1000\" \/>\n\t<meta property=\"og:image:height\" content=\"1000\" \/>\n\t<meta property=\"og:image:type\" content=\"image\/jpeg\" \/>\n<meta name=\"twitter:card\" content=\"summary_large_image\" \/>\n<script type=\"application\/ld+json\" class=\"yoast-schema-graph\">{\"@context\":\"https:\/\/schema.org\",\"@graph\":[{\"@type\":[\"WebPage\",\"ItemPage\"],\"@id\":\"https:\/\/joyasyasmin.com\/de\/producto\/greca-design-creolen\/\",\"url\":\"https:\/\/joyasyasmin.com\/de\/producto\/greca-design-creolen\/\",\"name\":\"Greca Design Creolen - Yasmin\",\"isPartOf\":{\"@id\":\"https:\/\/joyasyasmin.com\/de\/#website\"},\"primaryImageOfPage\":{\"@id\":\"https:\/\/joyasyasmin.com\/de\/producto\/greca-design-creolen\/#primaryimage\"},\"image\":{\"@id\":\"https:\/\/joyasyasmin.com\/de\/producto\/greca-design-creolen\/#primaryimage\"},\"thumbnailUrl\":\"https:\/\/joyasyasmin.com\/wp-content\/uploads\/2024\/10\/aros-greca-de-plata.jpg\",\"datePublished\":\"2024-10-09T19:34:21+00:00\",\"dateModified\":\"2025-11-10T11:32:03+00:00\",\"description\":\"Creolen mit einem Laubs\u00e4gemuster aus Silber zeichnen sich durch ihr kompliziertes Laubs\u00e4gemuster aus, ein Design, das seit jeher ein Symbol f\u00fcr Kontinuit\u00e4t und Ewigkeit ist.\",\"breadcrumb\":{\"@id\":\"https:\/\/joyasyasmin.com\/de\/producto\/greca-design-creolen\/#breadcrumb\"},\"inLanguage\":\"de\",\"potentialAction\":[{\"@type\":\"ReadAction\",\"target\":[\"https:\/\/joyasyasmin.com\/de\/producto\/greca-design-creolen\/\"]}]},{\"@type\":\"ImageObject\",\"inLanguage\":\"de\",\"@id\":\"https:\/\/joyasyasmin.com\/de\/producto\/greca-design-creolen\/#primaryimage\",\"url\":\"https:\/\/joyasyasmin.com\/wp-content\/uploads\/2024\/10\/aros-greca-de-plata.jpg\",\"contentUrl\":\"https:\/\/joyasyasmin.com\/wp-content\/uploads\/2024\/10\/aros-greca-de-plata.jpg\",\"width\":1000,\"height\":1000,\"caption\":\"Verkauf von Creolen mit Greca-Design aus 925er Sterlingsilber Creolen\"},{\"@type\":\"BreadcrumbList\",\"@id\":\"https:\/\/joyasyasmin.com\/de\/producto\/greca-design-creolen\/#breadcrumb\",\"itemListElement\":[{\"@type\":\"ListItem\",\"position\":1,\"name\":\"Portada\",\"item\":\"https:\/\/joyasyasmin.com\/de\/heim\/\"},{\"@type\":\"ListItem\",\"position\":2,\"name\":\"Shop\",\"item\":\"https:\/\/joyasyasmin.com\/de\/shop\/\"},{\"@type\":\"ListItem\",\"position\":3,\"name\":\"Greca Design Creolen\"}]},{\"@type\":\"WebSite\",\"@id\":\"https:\/\/joyasyasmin.com\/de\/#website\",\"url\":\"https:\/\/joyasyasmin.com\/de\/\",\"name\":\"Yasmin\",\"description\":\"Joyer\u00eda de Plata 925 - Pendientes, pulseras, anillos, colgantes y m\u00e1s!\",\"publisher\":{\"@id\":\"https:\/\/joyasyasmin.com\/de\/#organization\"},\"potentialAction\":[{\"@type\":\"SearchAction\",\"target\":{\"@type\":\"EntryPoint\",\"urlTemplate\":\"https:\/\/joyasyasmin.com\/de\/?s={search_term_string}\"},\"query-input\":{\"@type\":\"PropertyValueSpecification\",\"valueRequired\":true,\"valueName\":\"search_term_string\"}}],\"inLanguage\":\"de\"},{\"@type\":\"Organization\",\"@id\":\"https:\/\/joyasyasmin.com\/de\/#organization\",\"name\":\"joyas yasmin\",\"url\":\"https:\/\/joyasyasmin.com\/de\/\",\"logo\":{\"@type\":\"ImageObject\",\"inLanguage\":\"de\",\"@id\":\"https:\/\/joyasyasmin.com\/de\/#\/schema\/logo\/image\/\",\"url\":\"https:\/\/joyasyasmin.com\/wp-content\/uploads\/2017\/06\/IMG-20200429-WA0051.jpg\",\"contentUrl\":\"https:\/\/joyasyasmin.com\/wp-content\/uploads\/2017\/06\/IMG-20200429-WA0051.jpg\",\"width\":1080,\"height\":545,\"caption\":\"joyas yasmin\"},\"image\":{\"@id\":\"https:\/\/joyasyasmin.com\/de\/#\/schema\/logo\/image\/\"},\"sameAs\":[\"https:\/\/www.facebook.com\/Joyas-Yasmin-217664058934169\/\",\"https:\/\/www.instagram.com\/invites\/contact\/\"]}]}<\/script>\n<!-- \/ Yoast SEO plugin. -->","yoast_head_json":{"title":"Greca Design Creolen - Yasmin","description":"Creolen mit einem Laubs\u00e4gemuster aus Silber zeichnen sich durch ihr kompliziertes Laubs\u00e4gemuster aus, ein Design, das seit jeher ein Symbol f\u00fcr Kontinuit\u00e4t und Ewigkeit ist.","robots":{"index":"index","follow":"follow","max-snippet":"max-snippet:-1","max-image-preview":"max-image-preview:large","max-video-preview":"max-video-preview:-1"},"canonical":"https:\/\/joyasyasmin.com\/de\/producto\/greca-design-creolen\/","og_locale":"de_DE","og_title":"Greca Design Creolen - Yasmin","og_description":"Creolen mit einem Laubs\u00e4gemuster aus Silber zeichnen sich durch ihr kompliziertes Laubs\u00e4gemuster aus, ein Design, das seit jeher ein Symbol f\u00fcr Kontinuit\u00e4t und Ewigkeit ist.","og_url":"https:\/\/joyasyasmin.com\/de\/producto\/greca-design-creolen\/","og_site_name":"Yasmin","article_publisher":"https:\/\/www.facebook.com\/Joyas-Yasmin-217664058934169\/","article_modified_time":"2025-11-10T11:32:03+00:00","og_image":[{"width":1000,"height":1000,"url":"https:\/\/joyasyasmin.com\/wp-content\/uploads\/2024\/10\/aros-greca-de-plata.jpg","type":"image\/jpeg"}],"twitter_card":"summary_large_image","schema":{"@context":"https:\/\/schema.org","@graph":[{"@type":["WebPage","ItemPage"],"@id":"https:\/\/joyasyasmin.com\/de\/producto\/greca-design-creolen\/","url":"https:\/\/joyasyasmin.com\/de\/producto\/greca-design-creolen\/","name":"Greca Design Creolen - Yasmin","isPartOf":{"@id":"https:\/\/joyasyasmin.com\/de\/#website"},"primaryImageOfPage":{"@id":"https:\/\/joyasyasmin.com\/de\/producto\/greca-design-creolen\/#primaryimage"},"image":{"@id":"https:\/\/joyasyasmin.com\/de\/producto\/greca-design-creolen\/#primaryimage"},"thumbnailUrl":"https:\/\/joyasyasmin.com\/wp-content\/uploads\/2024\/10\/aros-greca-de-plata.jpg","datePublished":"2024-10-09T19:34:21+00:00","dateModified":"2025-11-10T11:32:03+00:00","description":"Creolen mit einem Laubs\u00e4gemuster aus Silber zeichnen sich durch ihr kompliziertes Laubs\u00e4gemuster aus, ein Design, das seit jeher ein Symbol f\u00fcr Kontinuit\u00e4t und Ewigkeit ist.","breadcrumb":{"@id":"https:\/\/joyasyasmin.com\/de\/producto\/greca-design-creolen\/#breadcrumb"},"inLanguage":"de","potentialAction":[{"@type":"ReadAction","target":["https:\/\/joyasyasmin.com\/de\/producto\/greca-design-creolen\/"]}]},{"@type":"ImageObject","inLanguage":"de","@id":"https:\/\/joyasyasmin.com\/de\/producto\/greca-design-creolen\/#primaryimage","url":"https:\/\/joyasyasmin.com\/wp-content\/uploads\/2024\/10\/aros-greca-de-plata.jpg","contentUrl":"https:\/\/joyasyasmin.com\/wp-content\/uploads\/2024\/10\/aros-greca-de-plata.jpg","width":1000,"height":1000,"caption":"Verkauf von Creolen mit Greca-Design aus 925er Sterlingsilber Creolen"},{"@type":"BreadcrumbList","@id":"https:\/\/joyasyasmin.com\/de\/producto\/greca-design-creolen\/#breadcrumb","itemListElement":[{"@type":"ListItem","position":1,"name":"Portada","item":"https:\/\/joyasyasmin.com\/de\/heim\/"},{"@type":"ListItem","position":2,"name":"Shop","item":"https:\/\/joyasyasmin.com\/de\/shop\/"},{"@type":"ListItem","position":3,"name":"Greca Design Creolen"}]},{"@type":"WebSite","@id":"https:\/\/joyasyasmin.com\/de\/#website","url":"https:\/\/joyasyasmin.com\/de\/","name":"Yasmin","description":"Joyer\u00eda de Plata 925 - Pendientes, pulseras, anillos, colgantes y m\u00e1s!","publisher":{"@id":"https:\/\/joyasyasmin.com\/de\/#organization"},"potentialAction":[{"@type":"SearchAction","target":{"@type":"EntryPoint","urlTemplate":"https:\/\/joyasyasmin.com\/de\/?s={search_term_string}"},"query-input":{"@type":"PropertyValueSpecification","valueRequired":true,"valueName":"search_term_string"}}],"inLanguage":"de"},{"@type":"Organization","@id":"https:\/\/joyasyasmin.com\/de\/#organization","name":"joyas yasmin","url":"https:\/\/joyasyasmin.com\/de\/","logo":{"@type":"ImageObject","inLanguage":"de","@id":"https:\/\/joyasyasmin.com\/de\/#\/schema\/logo\/image\/","url":"https:\/\/joyasyasmin.com\/wp-content\/uploads\/2017\/06\/IMG-20200429-WA0051.jpg","contentUrl":"https:\/\/joyasyasmin.com\/wp-content\/uploads\/2017\/06\/IMG-20200429-WA0051.jpg","width":1080,"height":545,"caption":"joyas yasmin"},"image":{"@id":"https:\/\/joyasyasmin.com\/de\/#\/schema\/logo\/image\/"},"sameAs":["https:\/\/www.facebook.com\/Joyas-Yasmin-217664058934169\/","https:\/\/www.instagram.com\/invites\/contact\/"]}]}},"_links":{"self":[{"href":"https:\/\/joyasyasmin.com\/de\/wp-json\/wp\/v2\/product\/19914","targetHints":{"allow":["GET"]}}],"collection":[{"href":"https:\/\/joyasyasmin.com\/de\/wp-json\/wp\/v2\/product"}],"about":[{"href":"https:\/\/joyasyasmin.com\/de\/wp-json\/wp\/v2\/types\/product"}],"replies":[{"embeddable":true,"href":"https:\/\/joyasyasmin.com\/de\/wp-json\/wp\/v2\/comments?post=19914"}],"version-history":[{"count":1,"href":"https:\/\/joyasyasmin.com\/de\/wp-json\/wp\/v2\/product\/19914\/revisions"}],"predecessor-version":[{"id":35791,"href":"https:\/\/joyasyasmin.com\/de\/wp-json\/wp\/v2\/product\/19914\/revisions\/35791"}],"wp:featuredmedia":[{"embeddable":true,"href":"https:\/\/joyasyasmin.com\/de\/wp-json\/wp\/v2\/media\/19926"}],"wp:attachment":[{"href":"https:\/\/joyasyasmin.com\/de\/wp-json\/wp\/v2\/media?parent=19914"}],"wp:term":[{"taxonomy":"product_brand","embeddable":true,"href":"https:\/\/joyasyasmin.com\/de\/wp-json\/wp\/v2\/product_brand?post=19914"},{"taxonomy":"product_cat","embeddable":true,"href":"https:\/\/joyasyasmin.com\/de\/wp-json\/wp\/v2\/product_cat?post=19914"},{"taxonomy":"product_tag","embeddable":true,"href":"https:\/\/joyasyasmin.com\/de\/wp-json\/wp\/v2\/product_tag?post=19914"}],"curies":[{"name":"wp","href":"https:\/\/api.w.org\/{rel}","templated":true}]}}