{"id":19917,"date":"2024-09-28T14:12:20","date_gmt":"2024-09-28T14:12:20","guid":{"rendered":"https:\/\/joyasyasmin.com\/producto\/armonia-natural-925-armbaender\/"},"modified":"2025-08-06T07:34:10","modified_gmt":"2025-08-06T07:34:10","slug":"armonia-natural-925-armbaender","status":"publish","type":"product","link":"https:\/\/joyasyasmin.com\/de\/producto\/armonia-natural-925-armbaender\/","title":{"rendered":"Armonia Natural 925 Armb\u00e4nder"},"content":{"rendered":"","protected":false},"excerpt":{"rendered":"<p>Entdecken Sie die Sch\u00f6nheit und Energie von Edelsteinen mit dem Armonia Natural 925 Armband, einem zarten und eleganten St\u00fcck, das die Kraft der Natur mit der Raffinesse von 925er Sterlingsilber verbindet. Dieses Armband ist aus ausgew\u00e4hlten Natursteinen gefertigt und bietet eine Vielzahl von Edelsteinen, darunter Rubin, Saphir, Rosenquarz, gr\u00fcner Quarz und blauer Chalzedon. Jeder Stein wurde sorgf\u00e4ltig poliert und gefasst, um seine Brillanz und Sch\u00f6nheit zu unterstreichen.  <\/p>\n<p>Die L\u00e4nge des Armbands betr\u00e4gt 18 cm, mit einer zus\u00e4tzlichen Verl\u00e4ngerung von 2 cm, und die Breite des Steins betr\u00e4gt 6 mm, um eine bequeme und individuelle Passform zu gew\u00e4hrleisten. Perfekt f\u00fcr jeden Anlass, von einem besonderen Anlass bis hin zum Alltag, ist das Natural Elegance 925 Armband vielseitig und zeitlos. <\/p>\n","protected":false},"featured_media":19930,"comment_status":"open","ping_status":"closed","template":"","meta":{"_acf_changed":false,"_joinchat":[]},"product_brand":[],"product_cat":[1787],"product_tag":[],"class_list":{"0":"post-19917","1":"product","2":"type-product","3":"status-publish","4":"has-post-thumbnail","6":"product_cat-armbander","8":"first","9":"instock","10":"shipping-taxable","11":"purchasable","12":"product-type-variable"},"acf":[],"yoast_head":"<!-- This site is optimized with the Yoast SEO plugin v27.2 - https:\/\/yoast.com\/product\/yoast-seo-wordpress\/ -->\n<title>Armonia Natural 925 Armb\u00e4nder - Yasmin<\/title>\n<meta name=\"description\" content=\"Die Armonia Natural 925 Armb\u00e4nder, ein zartes und elegantes St\u00fcck, das die Kraft der Natur mit der Raffinesse von 925er Sterlingsilber verbindet.\" \/>\n<meta name=\"robots\" content=\"index, follow, max-snippet:-1, max-image-preview:large, max-video-preview:-1\" \/>\n<link rel=\"canonical\" href=\"https:\/\/joyasyasmin.com\/de\/producto\/armonia-natural-925-armbaender\/\" \/>\n<meta property=\"og:locale\" content=\"de_DE\" \/>\n<meta property=\"og:title\" content=\"Armonia Natural 925 Armb\u00e4nder - Yasmin\" \/>\n<meta property=\"og:description\" content=\"Die Armonia Natural 925 Armb\u00e4nder, ein zartes und elegantes St\u00fcck, das die Kraft der Natur mit der Raffinesse von 925er Sterlingsilber verbindet.\" \/>\n<meta property=\"og:url\" content=\"https:\/\/joyasyasmin.com\/de\/producto\/armonia-natural-925-armbaender\/\" \/>\n<meta property=\"og:site_name\" content=\"Yasmin\" \/>\n<meta property=\"article:publisher\" content=\"https:\/\/www.facebook.com\/Joyas-Yasmin-217664058934169\/\" \/>\n<meta property=\"article:modified_time\" content=\"2025-08-06T07:34:10+00:00\" \/>\n<meta property=\"og:image\" content=\"https:\/\/joyasyasmin.com\/wp-content\/uploads\/2024\/09\/pulsera-piedras-naturales-minerales.jpg\" \/>\n\t<meta property=\"og:image:width\" content=\"1000\" \/>\n\t<meta property=\"og:image:height\" content=\"1000\" \/>\n\t<meta property=\"og:image:type\" content=\"image\/jpeg\" \/>\n<meta name=\"twitter:card\" content=\"summary_large_image\" \/>\n<script type=\"application\/ld+json\" class=\"yoast-schema-graph\">{\"@context\":\"https:\/\/schema.org\",\"@graph\":[{\"@type\":[\"WebPage\",\"ItemPage\"],\"@id\":\"https:\/\/joyasyasmin.com\/de\/producto\/armonia-natural-925-armbaender\/\",\"url\":\"https:\/\/joyasyasmin.com\/de\/producto\/armonia-natural-925-armbaender\/\",\"name\":\"Armonia Natural 925 Armb\u00e4nder - Yasmin\",\"isPartOf\":{\"@id\":\"https:\/\/joyasyasmin.com\/de\/#website\"},\"primaryImageOfPage\":{\"@id\":\"https:\/\/joyasyasmin.com\/de\/producto\/armonia-natural-925-armbaender\/#primaryimage\"},\"image\":{\"@id\":\"https:\/\/joyasyasmin.com\/de\/producto\/armonia-natural-925-armbaender\/#primaryimage\"},\"thumbnailUrl\":\"https:\/\/joyasyasmin.com\/wp-content\/uploads\/2024\/09\/pulsera-piedras-naturales-minerales.jpg\",\"datePublished\":\"2024-09-28T14:12:20+00:00\",\"dateModified\":\"2025-08-06T07:34:10+00:00\",\"description\":\"Die Armonia Natural 925 Armb\u00e4nder, ein zartes und elegantes St\u00fcck, das die Kraft der Natur mit der Raffinesse von 925er Sterlingsilber verbindet.\",\"breadcrumb\":{\"@id\":\"https:\/\/joyasyasmin.com\/de\/producto\/armonia-natural-925-armbaender\/#breadcrumb\"},\"inLanguage\":\"de\",\"potentialAction\":[{\"@type\":\"ReadAction\",\"target\":[\"https:\/\/joyasyasmin.com\/de\/producto\/armonia-natural-925-armbaender\/\"]}]},{\"@type\":\"ImageObject\",\"inLanguage\":\"de\",\"@id\":\"https:\/\/joyasyasmin.com\/de\/producto\/armonia-natural-925-armbaender\/#primaryimage\",\"url\":\"https:\/\/joyasyasmin.com\/wp-content\/uploads\/2024\/09\/pulsera-piedras-naturales-minerales.jpg\",\"contentUrl\":\"https:\/\/joyasyasmin.com\/wp-content\/uploads\/2024\/09\/pulsera-piedras-naturales-minerales.jpg\",\"width\":1000,\"height\":1000,\"caption\":\"925 Sterling Silber Natursteine Armband zum Verkauf\"},{\"@type\":\"BreadcrumbList\",\"@id\":\"https:\/\/joyasyasmin.com\/de\/producto\/armonia-natural-925-armbaender\/#breadcrumb\",\"itemListElement\":[{\"@type\":\"ListItem\",\"position\":1,\"name\":\"Portada\",\"item\":\"https:\/\/joyasyasmin.com\/de\/heim\/\"},{\"@type\":\"ListItem\",\"position\":2,\"name\":\"Shop\",\"item\":\"https:\/\/joyasyasmin.com\/de\/shop\/\"},{\"@type\":\"ListItem\",\"position\":3,\"name\":\"Armonia Natural 925 Armb\u00e4nder\"}]},{\"@type\":\"WebSite\",\"@id\":\"https:\/\/joyasyasmin.com\/de\/#website\",\"url\":\"https:\/\/joyasyasmin.com\/de\/\",\"name\":\"Yasmin\",\"description\":\"Joyer\u00eda de Plata 925 - Pendientes, pulseras, anillos, colgantes y m\u00e1s!\",\"publisher\":{\"@id\":\"https:\/\/joyasyasmin.com\/de\/#organization\"},\"potentialAction\":[{\"@type\":\"SearchAction\",\"target\":{\"@type\":\"EntryPoint\",\"urlTemplate\":\"https:\/\/joyasyasmin.com\/de\/?s={search_term_string}\"},\"query-input\":{\"@type\":\"PropertyValueSpecification\",\"valueRequired\":true,\"valueName\":\"search_term_string\"}}],\"inLanguage\":\"de\"},{\"@type\":\"Organization\",\"@id\":\"https:\/\/joyasyasmin.com\/de\/#organization\",\"name\":\"joyas yasmin\",\"url\":\"https:\/\/joyasyasmin.com\/de\/\",\"logo\":{\"@type\":\"ImageObject\",\"inLanguage\":\"de\",\"@id\":\"https:\/\/joyasyasmin.com\/de\/#\/schema\/logo\/image\/\",\"url\":\"https:\/\/joyasyasmin.com\/wp-content\/uploads\/2017\/06\/IMG-20200429-WA0051.jpg\",\"contentUrl\":\"https:\/\/joyasyasmin.com\/wp-content\/uploads\/2017\/06\/IMG-20200429-WA0051.jpg\",\"width\":1080,\"height\":545,\"caption\":\"joyas yasmin\"},\"image\":{\"@id\":\"https:\/\/joyasyasmin.com\/de\/#\/schema\/logo\/image\/\"},\"sameAs\":[\"https:\/\/www.facebook.com\/Joyas-Yasmin-217664058934169\/\",\"https:\/\/www.instagram.com\/invites\/contact\/\"]}]}<\/script>\n<!-- \/ Yoast SEO plugin. -->","yoast_head_json":{"title":"Armonia Natural 925 Armb\u00e4nder - Yasmin","description":"Die Armonia Natural 925 Armb\u00e4nder, ein zartes und elegantes St\u00fcck, das die Kraft der Natur mit der Raffinesse von 925er Sterlingsilber verbindet.","robots":{"index":"index","follow":"follow","max-snippet":"max-snippet:-1","max-image-preview":"max-image-preview:large","max-video-preview":"max-video-preview:-1"},"canonical":"https:\/\/joyasyasmin.com\/de\/producto\/armonia-natural-925-armbaender\/","og_locale":"de_DE","og_title":"Armonia Natural 925 Armb\u00e4nder - Yasmin","og_description":"Die Armonia Natural 925 Armb\u00e4nder, ein zartes und elegantes St\u00fcck, das die Kraft der Natur mit der Raffinesse von 925er Sterlingsilber verbindet.","og_url":"https:\/\/joyasyasmin.com\/de\/producto\/armonia-natural-925-armbaender\/","og_site_name":"Yasmin","article_publisher":"https:\/\/www.facebook.com\/Joyas-Yasmin-217664058934169\/","article_modified_time":"2025-08-06T07:34:10+00:00","og_image":[{"width":1000,"height":1000,"url":"https:\/\/joyasyasmin.com\/wp-content\/uploads\/2024\/09\/pulsera-piedras-naturales-minerales.jpg","type":"image\/jpeg"}],"twitter_card":"summary_large_image","schema":{"@context":"https:\/\/schema.org","@graph":[{"@type":["WebPage","ItemPage"],"@id":"https:\/\/joyasyasmin.com\/de\/producto\/armonia-natural-925-armbaender\/","url":"https:\/\/joyasyasmin.com\/de\/producto\/armonia-natural-925-armbaender\/","name":"Armonia Natural 925 Armb\u00e4nder - Yasmin","isPartOf":{"@id":"https:\/\/joyasyasmin.com\/de\/#website"},"primaryImageOfPage":{"@id":"https:\/\/joyasyasmin.com\/de\/producto\/armonia-natural-925-armbaender\/#primaryimage"},"image":{"@id":"https:\/\/joyasyasmin.com\/de\/producto\/armonia-natural-925-armbaender\/#primaryimage"},"thumbnailUrl":"https:\/\/joyasyasmin.com\/wp-content\/uploads\/2024\/09\/pulsera-piedras-naturales-minerales.jpg","datePublished":"2024-09-28T14:12:20+00:00","dateModified":"2025-08-06T07:34:10+00:00","description":"Die Armonia Natural 925 Armb\u00e4nder, ein zartes und elegantes St\u00fcck, das die Kraft der Natur mit der Raffinesse von 925er Sterlingsilber verbindet.","breadcrumb":{"@id":"https:\/\/joyasyasmin.com\/de\/producto\/armonia-natural-925-armbaender\/#breadcrumb"},"inLanguage":"de","potentialAction":[{"@type":"ReadAction","target":["https:\/\/joyasyasmin.com\/de\/producto\/armonia-natural-925-armbaender\/"]}]},{"@type":"ImageObject","inLanguage":"de","@id":"https:\/\/joyasyasmin.com\/de\/producto\/armonia-natural-925-armbaender\/#primaryimage","url":"https:\/\/joyasyasmin.com\/wp-content\/uploads\/2024\/09\/pulsera-piedras-naturales-minerales.jpg","contentUrl":"https:\/\/joyasyasmin.com\/wp-content\/uploads\/2024\/09\/pulsera-piedras-naturales-minerales.jpg","width":1000,"height":1000,"caption":"925 Sterling Silber Natursteine Armband zum Verkauf"},{"@type":"BreadcrumbList","@id":"https:\/\/joyasyasmin.com\/de\/producto\/armonia-natural-925-armbaender\/#breadcrumb","itemListElement":[{"@type":"ListItem","position":1,"name":"Portada","item":"https:\/\/joyasyasmin.com\/de\/heim\/"},{"@type":"ListItem","position":2,"name":"Shop","item":"https:\/\/joyasyasmin.com\/de\/shop\/"},{"@type":"ListItem","position":3,"name":"Armonia Natural 925 Armb\u00e4nder"}]},{"@type":"WebSite","@id":"https:\/\/joyasyasmin.com\/de\/#website","url":"https:\/\/joyasyasmin.com\/de\/","name":"Yasmin","description":"Joyer\u00eda de Plata 925 - Pendientes, pulseras, anillos, colgantes y m\u00e1s!","publisher":{"@id":"https:\/\/joyasyasmin.com\/de\/#organization"},"potentialAction":[{"@type":"SearchAction","target":{"@type":"EntryPoint","urlTemplate":"https:\/\/joyasyasmin.com\/de\/?s={search_term_string}"},"query-input":{"@type":"PropertyValueSpecification","valueRequired":true,"valueName":"search_term_string"}}],"inLanguage":"de"},{"@type":"Organization","@id":"https:\/\/joyasyasmin.com\/de\/#organization","name":"joyas yasmin","url":"https:\/\/joyasyasmin.com\/de\/","logo":{"@type":"ImageObject","inLanguage":"de","@id":"https:\/\/joyasyasmin.com\/de\/#\/schema\/logo\/image\/","url":"https:\/\/joyasyasmin.com\/wp-content\/uploads\/2017\/06\/IMG-20200429-WA0051.jpg","contentUrl":"https:\/\/joyasyasmin.com\/wp-content\/uploads\/2017\/06\/IMG-20200429-WA0051.jpg","width":1080,"height":545,"caption":"joyas yasmin"},"image":{"@id":"https:\/\/joyasyasmin.com\/de\/#\/schema\/logo\/image\/"},"sameAs":["https:\/\/www.facebook.com\/Joyas-Yasmin-217664058934169\/","https:\/\/www.instagram.com\/invites\/contact\/"]}]}},"_links":{"self":[{"href":"https:\/\/joyasyasmin.com\/de\/wp-json\/wp\/v2\/product\/19917","targetHints":{"allow":["GET"]}}],"collection":[{"href":"https:\/\/joyasyasmin.com\/de\/wp-json\/wp\/v2\/product"}],"about":[{"href":"https:\/\/joyasyasmin.com\/de\/wp-json\/wp\/v2\/types\/product"}],"replies":[{"embeddable":true,"href":"https:\/\/joyasyasmin.com\/de\/wp-json\/wp\/v2\/comments?post=19917"}],"version-history":[{"count":1,"href":"https:\/\/joyasyasmin.com\/de\/wp-json\/wp\/v2\/product\/19917\/revisions"}],"predecessor-version":[{"id":34230,"href":"https:\/\/joyasyasmin.com\/de\/wp-json\/wp\/v2\/product\/19917\/revisions\/34230"}],"wp:featuredmedia":[{"embeddable":true,"href":"https:\/\/joyasyasmin.com\/de\/wp-json\/wp\/v2\/media\/19930"}],"wp:attachment":[{"href":"https:\/\/joyasyasmin.com\/de\/wp-json\/wp\/v2\/media?parent=19917"}],"wp:term":[{"taxonomy":"product_brand","embeddable":true,"href":"https:\/\/joyasyasmin.com\/de\/wp-json\/wp\/v2\/product_brand?post=19917"},{"taxonomy":"product_cat","embeddable":true,"href":"https:\/\/joyasyasmin.com\/de\/wp-json\/wp\/v2\/product_cat?post=19917"},{"taxonomy":"product_tag","embeddable":true,"href":"https:\/\/joyasyasmin.com\/de\/wp-json\/wp\/v2\/product_tag?post=19917"}],"curies":[{"name":"wp","href":"https:\/\/api.w.org\/{rel}","templated":true}]}}