{"id":19978,"date":"2024-10-30T20:51:04","date_gmt":"2024-10-30T20:51:04","guid":{"rendered":"https:\/\/joyasyasmin.com\/producto\/armband-mit-der-san-miguel-medaille\/"},"modified":"2026-01-26T07:19:48","modified_gmt":"2026-01-26T07:19:48","slug":"armband-mit-der-san-miguel-medaille","status":"publish","type":"product","link":"https:\/\/joyasyasmin.com\/de\/producto\/armband-mit-der-san-miguel-medaille\/","title":{"rendered":"Armband mit der San-Miguel-Medaille"},"content":{"rendered":"","protected":false},"excerpt":{"rendered":"<p>Das Armband mit der Medaille des Heiligen Michael ist viel mehr als ein Accessoire; Es stellt ein Symbol des Schutzes und des Glaubens mit einem schlanken, zeitgem\u00e4\u00dfen Design dar. Mit einer L\u00e4nge von 17 cm plus einer Verl\u00e4ngerung von 3 cm passt dieses St\u00fcck bequem an jedes Handgelenk und bietet eine vielseitige Passform, die je nach Vorliebe angepasst werden kann. Das Armband besteht aus zarten 2 mm gro\u00dfen Silberkugeln, die sich mit einigen 4 mm abwechseln und einen subtilen und raffinierten visuellen Kontrast verleihen. Diese Kombination von Perlengr\u00f6\u00dfen verleiht dem Armband eine einzigartige Textur, die sich durch seine Eleganz und seinen zeitlosen Stil auszeichnet und sich ideal f\u00fcr jeden Anlass eignet, vom t\u00e4glichen Tragen bis hin zu besonderen Anl\u00e4ssen.   <\/p>\n","protected":false},"featured_media":19980,"comment_status":"open","ping_status":"closed","template":"","meta":{"_acf_changed":false,"_joinchat":[]},"product_brand":[],"product_cat":[1787],"product_tag":[],"class_list":{"0":"post-19978","1":"product","2":"type-product","3":"status-publish","4":"has-post-thumbnail","6":"product_cat-armbander","8":"first","9":"instock","10":"shipping-taxable","11":"purchasable","12":"product-type-simple"},"acf":[],"yoast_head":"<!-- This site is optimized with the Yoast SEO plugin v27.2 - https:\/\/yoast.com\/product\/yoast-seo-wordpress\/ -->\n<title>Armband mit der San-Miguel-Medaille - Yasmin<\/title>\n<meta name=\"description\" content=\"Armband mit der Medaille des Heiligen Michael, dem sch\u00fctzenden Erzengel, der als Symbol f\u00fcr St\u00e4rke, Tapferkeit und Schutz bekannt ist. Es ist aus 925er Sterlingsilber gefertigt.\" \/>\n<meta name=\"robots\" content=\"index, follow, max-snippet:-1, max-image-preview:large, max-video-preview:-1\" \/>\n<link rel=\"canonical\" href=\"https:\/\/joyasyasmin.com\/de\/producto\/armband-mit-der-san-miguel-medaille\/\" \/>\n<meta property=\"og:locale\" content=\"de_DE\" \/>\n<meta property=\"og:title\" content=\"Armband mit der San-Miguel-Medaille - Yasmin\" \/>\n<meta property=\"og:description\" content=\"Armband mit der Medaille des Heiligen Michael, dem sch\u00fctzenden Erzengel, der als Symbol f\u00fcr St\u00e4rke, Tapferkeit und Schutz bekannt ist. Es ist aus 925er Sterlingsilber gefertigt.\" \/>\n<meta property=\"og:url\" content=\"https:\/\/joyasyasmin.com\/de\/producto\/armband-mit-der-san-miguel-medaille\/\" \/>\n<meta property=\"og:site_name\" content=\"Yasmin\" \/>\n<meta property=\"article:publisher\" content=\"https:\/\/www.facebook.com\/Joyas-Yasmin-217664058934169\/\" \/>\n<meta property=\"article:modified_time\" content=\"2026-01-26T07:19:48+00:00\" \/>\n<meta property=\"og:image\" content=\"https:\/\/joyasyasmin.com\/wp-content\/uploads\/2024\/10\/pulsera-medalla-san-miguel.jpg\" \/>\n\t<meta property=\"og:image:width\" content=\"1000\" \/>\n\t<meta property=\"og:image:height\" content=\"1000\" \/>\n\t<meta property=\"og:image:type\" content=\"image\/jpeg\" \/>\n<meta name=\"twitter:card\" content=\"summary_large_image\" \/>\n<script type=\"application\/ld+json\" class=\"yoast-schema-graph\">{\"@context\":\"https:\/\/schema.org\",\"@graph\":[{\"@type\":[\"WebPage\",\"ItemPage\"],\"@id\":\"https:\/\/joyasyasmin.com\/de\/producto\/armband-mit-der-san-miguel-medaille\/\",\"url\":\"https:\/\/joyasyasmin.com\/de\/producto\/armband-mit-der-san-miguel-medaille\/\",\"name\":\"Armband mit der San-Miguel-Medaille - Yasmin\",\"isPartOf\":{\"@id\":\"https:\/\/joyasyasmin.com\/de\/#website\"},\"primaryImageOfPage\":{\"@id\":\"https:\/\/joyasyasmin.com\/de\/producto\/armband-mit-der-san-miguel-medaille\/#primaryimage\"},\"image\":{\"@id\":\"https:\/\/joyasyasmin.com\/de\/producto\/armband-mit-der-san-miguel-medaille\/#primaryimage\"},\"thumbnailUrl\":\"https:\/\/joyasyasmin.com\/wp-content\/uploads\/2024\/10\/pulsera-medalla-san-miguel.jpg\",\"datePublished\":\"2024-10-30T20:51:04+00:00\",\"dateModified\":\"2026-01-26T07:19:48+00:00\",\"description\":\"Armband mit der Medaille des Heiligen Michael, dem sch\u00fctzenden Erzengel, der als Symbol f\u00fcr St\u00e4rke, Tapferkeit und Schutz bekannt ist. Es ist aus 925er Sterlingsilber gefertigt.\",\"breadcrumb\":{\"@id\":\"https:\/\/joyasyasmin.com\/de\/producto\/armband-mit-der-san-miguel-medaille\/#breadcrumb\"},\"inLanguage\":\"de\",\"potentialAction\":[{\"@type\":\"ReadAction\",\"target\":[\"https:\/\/joyasyasmin.com\/de\/producto\/armband-mit-der-san-miguel-medaille\/\"]}]},{\"@type\":\"ImageObject\",\"inLanguage\":\"de\",\"@id\":\"https:\/\/joyasyasmin.com\/de\/producto\/armband-mit-der-san-miguel-medaille\/#primaryimage\",\"url\":\"https:\/\/joyasyasmin.com\/wp-content\/uploads\/2024\/10\/pulsera-medalla-san-miguel.jpg\",\"contentUrl\":\"https:\/\/joyasyasmin.com\/wp-content\/uploads\/2024\/10\/pulsera-medalla-san-miguel.jpg\",\"width\":1000,\"height\":1000,\"caption\":\"San Miguel Medaille Armband zu verkaufen in 925 Sterling Silber\"},{\"@type\":\"BreadcrumbList\",\"@id\":\"https:\/\/joyasyasmin.com\/de\/producto\/armband-mit-der-san-miguel-medaille\/#breadcrumb\",\"itemListElement\":[{\"@type\":\"ListItem\",\"position\":1,\"name\":\"Portada\",\"item\":\"https:\/\/joyasyasmin.com\/de\/heim\/\"},{\"@type\":\"ListItem\",\"position\":2,\"name\":\"Shop\",\"item\":\"https:\/\/joyasyasmin.com\/de\/shop\/\"},{\"@type\":\"ListItem\",\"position\":3,\"name\":\"Armband mit der San-Miguel-Medaille\"}]},{\"@type\":\"WebSite\",\"@id\":\"https:\/\/joyasyasmin.com\/de\/#website\",\"url\":\"https:\/\/joyasyasmin.com\/de\/\",\"name\":\"Yasmin\",\"description\":\"Joyer\u00eda de Plata 925 - Pendientes, pulseras, anillos, colgantes y m\u00e1s!\",\"publisher\":{\"@id\":\"https:\/\/joyasyasmin.com\/de\/#organization\"},\"potentialAction\":[{\"@type\":\"SearchAction\",\"target\":{\"@type\":\"EntryPoint\",\"urlTemplate\":\"https:\/\/joyasyasmin.com\/de\/?s={search_term_string}\"},\"query-input\":{\"@type\":\"PropertyValueSpecification\",\"valueRequired\":true,\"valueName\":\"search_term_string\"}}],\"inLanguage\":\"de\"},{\"@type\":\"Organization\",\"@id\":\"https:\/\/joyasyasmin.com\/de\/#organization\",\"name\":\"joyas yasmin\",\"url\":\"https:\/\/joyasyasmin.com\/de\/\",\"logo\":{\"@type\":\"ImageObject\",\"inLanguage\":\"de\",\"@id\":\"https:\/\/joyasyasmin.com\/de\/#\/schema\/logo\/image\/\",\"url\":\"https:\/\/joyasyasmin.com\/wp-content\/uploads\/2017\/06\/IMG-20200429-WA0051.jpg\",\"contentUrl\":\"https:\/\/joyasyasmin.com\/wp-content\/uploads\/2017\/06\/IMG-20200429-WA0051.jpg\",\"width\":1080,\"height\":545,\"caption\":\"joyas yasmin\"},\"image\":{\"@id\":\"https:\/\/joyasyasmin.com\/de\/#\/schema\/logo\/image\/\"},\"sameAs\":[\"https:\/\/www.facebook.com\/Joyas-Yasmin-217664058934169\/\",\"https:\/\/www.instagram.com\/invites\/contact\/\"]}]}<\/script>\n<!-- \/ Yoast SEO plugin. -->","yoast_head_json":{"title":"Armband mit der San-Miguel-Medaille - Yasmin","description":"Armband mit der Medaille des Heiligen Michael, dem sch\u00fctzenden Erzengel, der als Symbol f\u00fcr St\u00e4rke, Tapferkeit und Schutz bekannt ist. Es ist aus 925er Sterlingsilber gefertigt.","robots":{"index":"index","follow":"follow","max-snippet":"max-snippet:-1","max-image-preview":"max-image-preview:large","max-video-preview":"max-video-preview:-1"},"canonical":"https:\/\/joyasyasmin.com\/de\/producto\/armband-mit-der-san-miguel-medaille\/","og_locale":"de_DE","og_title":"Armband mit der San-Miguel-Medaille - Yasmin","og_description":"Armband mit der Medaille des Heiligen Michael, dem sch\u00fctzenden Erzengel, der als Symbol f\u00fcr St\u00e4rke, Tapferkeit und Schutz bekannt ist. Es ist aus 925er Sterlingsilber gefertigt.","og_url":"https:\/\/joyasyasmin.com\/de\/producto\/armband-mit-der-san-miguel-medaille\/","og_site_name":"Yasmin","article_publisher":"https:\/\/www.facebook.com\/Joyas-Yasmin-217664058934169\/","article_modified_time":"2026-01-26T07:19:48+00:00","og_image":[{"width":1000,"height":1000,"url":"https:\/\/joyasyasmin.com\/wp-content\/uploads\/2024\/10\/pulsera-medalla-san-miguel.jpg","type":"image\/jpeg"}],"twitter_card":"summary_large_image","schema":{"@context":"https:\/\/schema.org","@graph":[{"@type":["WebPage","ItemPage"],"@id":"https:\/\/joyasyasmin.com\/de\/producto\/armband-mit-der-san-miguel-medaille\/","url":"https:\/\/joyasyasmin.com\/de\/producto\/armband-mit-der-san-miguel-medaille\/","name":"Armband mit der San-Miguel-Medaille - Yasmin","isPartOf":{"@id":"https:\/\/joyasyasmin.com\/de\/#website"},"primaryImageOfPage":{"@id":"https:\/\/joyasyasmin.com\/de\/producto\/armband-mit-der-san-miguel-medaille\/#primaryimage"},"image":{"@id":"https:\/\/joyasyasmin.com\/de\/producto\/armband-mit-der-san-miguel-medaille\/#primaryimage"},"thumbnailUrl":"https:\/\/joyasyasmin.com\/wp-content\/uploads\/2024\/10\/pulsera-medalla-san-miguel.jpg","datePublished":"2024-10-30T20:51:04+00:00","dateModified":"2026-01-26T07:19:48+00:00","description":"Armband mit der Medaille des Heiligen Michael, dem sch\u00fctzenden Erzengel, der als Symbol f\u00fcr St\u00e4rke, Tapferkeit und Schutz bekannt ist. Es ist aus 925er Sterlingsilber gefertigt.","breadcrumb":{"@id":"https:\/\/joyasyasmin.com\/de\/producto\/armband-mit-der-san-miguel-medaille\/#breadcrumb"},"inLanguage":"de","potentialAction":[{"@type":"ReadAction","target":["https:\/\/joyasyasmin.com\/de\/producto\/armband-mit-der-san-miguel-medaille\/"]}]},{"@type":"ImageObject","inLanguage":"de","@id":"https:\/\/joyasyasmin.com\/de\/producto\/armband-mit-der-san-miguel-medaille\/#primaryimage","url":"https:\/\/joyasyasmin.com\/wp-content\/uploads\/2024\/10\/pulsera-medalla-san-miguel.jpg","contentUrl":"https:\/\/joyasyasmin.com\/wp-content\/uploads\/2024\/10\/pulsera-medalla-san-miguel.jpg","width":1000,"height":1000,"caption":"San Miguel Medaille Armband zu verkaufen in 925 Sterling Silber"},{"@type":"BreadcrumbList","@id":"https:\/\/joyasyasmin.com\/de\/producto\/armband-mit-der-san-miguel-medaille\/#breadcrumb","itemListElement":[{"@type":"ListItem","position":1,"name":"Portada","item":"https:\/\/joyasyasmin.com\/de\/heim\/"},{"@type":"ListItem","position":2,"name":"Shop","item":"https:\/\/joyasyasmin.com\/de\/shop\/"},{"@type":"ListItem","position":3,"name":"Armband mit der San-Miguel-Medaille"}]},{"@type":"WebSite","@id":"https:\/\/joyasyasmin.com\/de\/#website","url":"https:\/\/joyasyasmin.com\/de\/","name":"Yasmin","description":"Joyer\u00eda de Plata 925 - Pendientes, pulseras, anillos, colgantes y m\u00e1s!","publisher":{"@id":"https:\/\/joyasyasmin.com\/de\/#organization"},"potentialAction":[{"@type":"SearchAction","target":{"@type":"EntryPoint","urlTemplate":"https:\/\/joyasyasmin.com\/de\/?s={search_term_string}"},"query-input":{"@type":"PropertyValueSpecification","valueRequired":true,"valueName":"search_term_string"}}],"inLanguage":"de"},{"@type":"Organization","@id":"https:\/\/joyasyasmin.com\/de\/#organization","name":"joyas yasmin","url":"https:\/\/joyasyasmin.com\/de\/","logo":{"@type":"ImageObject","inLanguage":"de","@id":"https:\/\/joyasyasmin.com\/de\/#\/schema\/logo\/image\/","url":"https:\/\/joyasyasmin.com\/wp-content\/uploads\/2017\/06\/IMG-20200429-WA0051.jpg","contentUrl":"https:\/\/joyasyasmin.com\/wp-content\/uploads\/2017\/06\/IMG-20200429-WA0051.jpg","width":1080,"height":545,"caption":"joyas yasmin"},"image":{"@id":"https:\/\/joyasyasmin.com\/de\/#\/schema\/logo\/image\/"},"sameAs":["https:\/\/www.facebook.com\/Joyas-Yasmin-217664058934169\/","https:\/\/www.instagram.com\/invites\/contact\/"]}]}},"_links":{"self":[{"href":"https:\/\/joyasyasmin.com\/de\/wp-json\/wp\/v2\/product\/19978","targetHints":{"allow":["GET"]}}],"collection":[{"href":"https:\/\/joyasyasmin.com\/de\/wp-json\/wp\/v2\/product"}],"about":[{"href":"https:\/\/joyasyasmin.com\/de\/wp-json\/wp\/v2\/types\/product"}],"replies":[{"embeddable":true,"href":"https:\/\/joyasyasmin.com\/de\/wp-json\/wp\/v2\/comments?post=19978"}],"version-history":[{"count":1,"href":"https:\/\/joyasyasmin.com\/de\/wp-json\/wp\/v2\/product\/19978\/revisions"}],"predecessor-version":[{"id":37472,"href":"https:\/\/joyasyasmin.com\/de\/wp-json\/wp\/v2\/product\/19978\/revisions\/37472"}],"wp:featuredmedia":[{"embeddable":true,"href":"https:\/\/joyasyasmin.com\/de\/wp-json\/wp\/v2\/media\/19980"}],"wp:attachment":[{"href":"https:\/\/joyasyasmin.com\/de\/wp-json\/wp\/v2\/media?parent=19978"}],"wp:term":[{"taxonomy":"product_brand","embeddable":true,"href":"https:\/\/joyasyasmin.com\/de\/wp-json\/wp\/v2\/product_brand?post=19978"},{"taxonomy":"product_cat","embeddable":true,"href":"https:\/\/joyasyasmin.com\/de\/wp-json\/wp\/v2\/product_cat?post=19978"},{"taxonomy":"product_tag","embeddable":true,"href":"https:\/\/joyasyasmin.com\/de\/wp-json\/wp\/v2\/product_tag?post=19978"}],"curies":[{"name":"wp","href":"https:\/\/api.w.org\/{rel}","templated":true}]}}