{"id":20010,"date":"2024-10-30T21:36:06","date_gmt":"2024-10-30T21:36:06","guid":{"rendered":"https:\/\/joyasyasmin.com\/producto\/medaillenarmband-der-wundertaetigen-jungfrau\/"},"modified":"2026-01-26T07:19:48","modified_gmt":"2026-01-26T07:19:48","slug":"medaillenarmband-der-wundertaetigen-jungfrau","status":"publish","type":"product","link":"https:\/\/joyasyasmin.com\/de\/producto\/medaillenarmband-der-wundertaetigen-jungfrau\/","title":{"rendered":"Medaillenarmband der Wundert\u00e4tigen Jungfrau"},"content":{"rendered":"","protected":false},"excerpt":{"rendered":"<p>Das Miraculous Virgin Medal Bracelet ist ein Schmuckst\u00fcck voller Bedeutung und Sch\u00f6nheit, ideal f\u00fcr alle, die ein St\u00fcck suchen, das Spiritualit\u00e4t und Eleganz vereint. Mit einer L\u00e4nge von 17 cm und einer ausziehbaren Kette von 3 cm ist dieses Armband so konzipiert, dass es bequem an jedes Handgelenk passt. Die Struktur besteht aus 2 mm Silberkugeln, die sich mit 4 mm Kugeln abwechseln und einen subtilen Kontrast schaffen, der dem St\u00fcck Textur und Stil verleiht.  <\/p>\n<p>Die zentrale Medaille der Wundert\u00e4tigen Jungfrau mit einer Gr\u00f6\u00dfe von 15 mm verleiht diesem Schmuckst\u00fcck eine besondere Note der Verehrung und des Schutzes. Die wundert\u00e4tige Jungfrau gilt als Symbol des Glaubens und der geistlichen F\u00fchrung und wird von denen, die Trost und Kraft suchen, hoch gesch\u00e4tzt. Die mittig platzierte Medaille schm\u00fcckt nicht nur das Armband, sondern ist auch eine st\u00e4ndige Erinnerung an Hoffnung und Schutz.  <\/p>\n","protected":false},"featured_media":20012,"comment_status":"open","ping_status":"closed","template":"","meta":{"_acf_changed":false,"_joinchat":[]},"product_brand":[],"product_cat":[1787],"product_tag":[],"class_list":{"0":"post-20010","1":"product","2":"type-product","3":"status-publish","4":"has-post-thumbnail","6":"product_cat-armbander","8":"first","9":"instock","10":"shipping-taxable","11":"purchasable","12":"product-type-simple"},"acf":[],"yoast_head":"<!-- This site is optimized with the Yoast SEO plugin v27.3 - https:\/\/yoast.com\/product\/yoast-seo-wordpress\/ -->\n<title>Medaillenarmband der Wundert\u00e4tigen Jungfrau - Yasmin<\/title>\n<meta name=\"description\" content=\"Das Miraculous Virgin Medal Bracelet ist ein Schmuckst\u00fcck voller Bedeutung und Sch\u00f6nheit, das Spiritualit\u00e4t und Eleganz vereint. Es ist aus 925er Sterlingsilber gefertigt.\" \/>\n<meta name=\"robots\" content=\"index, follow, max-snippet:-1, max-image-preview:large, max-video-preview:-1\" \/>\n<link rel=\"canonical\" href=\"https:\/\/joyasyasmin.com\/de\/producto\/medaillenarmband-der-wundertaetigen-jungfrau\/\" \/>\n<meta property=\"og:locale\" content=\"de_DE\" \/>\n<meta property=\"og:title\" content=\"Medaillenarmband der Wundert\u00e4tigen Jungfrau - Yasmin\" \/>\n<meta property=\"og:description\" content=\"Das Miraculous Virgin Medal Bracelet ist ein Schmuckst\u00fcck voller Bedeutung und Sch\u00f6nheit, das Spiritualit\u00e4t und Eleganz vereint. Es ist aus 925er Sterlingsilber gefertigt.\" \/>\n<meta property=\"og:url\" content=\"https:\/\/joyasyasmin.com\/de\/producto\/medaillenarmband-der-wundertaetigen-jungfrau\/\" \/>\n<meta property=\"og:site_name\" content=\"Yasmin\" \/>\n<meta property=\"article:publisher\" content=\"https:\/\/www.facebook.com\/Joyas-Yasmin-217664058934169\/\" \/>\n<meta property=\"article:modified_time\" content=\"2026-01-26T07:19:48+00:00\" \/>\n<meta property=\"og:image\" content=\"https:\/\/joyasyasmin.com\/wp-content\/uploads\/2024\/10\/pulsera-Medalla-milagrosa.jpg\" \/>\n\t<meta property=\"og:image:width\" content=\"1000\" \/>\n\t<meta property=\"og:image:height\" content=\"1000\" \/>\n\t<meta property=\"og:image:type\" content=\"image\/jpeg\" \/>\n<meta name=\"twitter:card\" content=\"summary_large_image\" \/>\n<script type=\"application\/ld+json\" class=\"yoast-schema-graph\">{\"@context\":\"https:\\\/\\\/schema.org\",\"@graph\":[{\"@type\":[\"WebPage\",\"ItemPage\"],\"@id\":\"https:\\\/\\\/joyasyasmin.com\\\/de\\\/producto\\\/medaillenarmband-der-wundertaetigen-jungfrau\\\/\",\"url\":\"https:\\\/\\\/joyasyasmin.com\\\/de\\\/producto\\\/medaillenarmband-der-wundertaetigen-jungfrau\\\/\",\"name\":\"Medaillenarmband der Wundert\u00e4tigen Jungfrau - Yasmin\",\"isPartOf\":{\"@id\":\"https:\\\/\\\/joyasyasmin.com\\\/de\\\/#website\"},\"primaryImageOfPage\":{\"@id\":\"https:\\\/\\\/joyasyasmin.com\\\/de\\\/producto\\\/medaillenarmband-der-wundertaetigen-jungfrau\\\/#primaryimage\"},\"image\":{\"@id\":\"https:\\\/\\\/joyasyasmin.com\\\/de\\\/producto\\\/medaillenarmband-der-wundertaetigen-jungfrau\\\/#primaryimage\"},\"thumbnailUrl\":\"https:\\\/\\\/joyasyasmin.com\\\/wp-content\\\/uploads\\\/2024\\\/10\\\/pulsera-Medalla-milagrosa.jpg\",\"datePublished\":\"2024-10-30T21:36:06+00:00\",\"dateModified\":\"2026-01-26T07:19:48+00:00\",\"description\":\"Das Miraculous Virgin Medal Bracelet ist ein Schmuckst\u00fcck voller Bedeutung und Sch\u00f6nheit, das Spiritualit\u00e4t und Eleganz vereint. Es ist aus 925er Sterlingsilber gefertigt.\",\"breadcrumb\":{\"@id\":\"https:\\\/\\\/joyasyasmin.com\\\/de\\\/producto\\\/medaillenarmband-der-wundertaetigen-jungfrau\\\/#breadcrumb\"},\"inLanguage\":\"de\",\"potentialAction\":[{\"@type\":\"ReadAction\",\"target\":[\"https:\\\/\\\/joyasyasmin.com\\\/de\\\/producto\\\/medaillenarmband-der-wundertaetigen-jungfrau\\\/\"]}]},{\"@type\":\"ImageObject\",\"inLanguage\":\"de\",\"@id\":\"https:\\\/\\\/joyasyasmin.com\\\/de\\\/producto\\\/medaillenarmband-der-wundertaetigen-jungfrau\\\/#primaryimage\",\"url\":\"https:\\\/\\\/joyasyasmin.com\\\/wp-content\\\/uploads\\\/2024\\\/10\\\/pulsera-Medalla-milagrosa.jpg\",\"contentUrl\":\"https:\\\/\\\/joyasyasmin.com\\\/wp-content\\\/uploads\\\/2024\\\/10\\\/pulsera-Medalla-milagrosa.jpg\",\"width\":1000,\"height\":1000,\"caption\":\"Miraculous Medal Armband zum Verkauf 925 Sterling Silber\"},{\"@type\":\"BreadcrumbList\",\"@id\":\"https:\\\/\\\/joyasyasmin.com\\\/de\\\/producto\\\/medaillenarmband-der-wundertaetigen-jungfrau\\\/#breadcrumb\",\"itemListElement\":[{\"@type\":\"ListItem\",\"position\":1,\"name\":\"Portada\",\"item\":\"https:\\\/\\\/joyasyasmin.com\\\/de\\\/heim\\\/\"},{\"@type\":\"ListItem\",\"position\":2,\"name\":\"Shop\",\"item\":\"https:\\\/\\\/joyasyasmin.com\\\/de\\\/shop\\\/\"},{\"@type\":\"ListItem\",\"position\":3,\"name\":\"Medaillenarmband der Wundert\u00e4tigen Jungfrau\"}]},{\"@type\":\"WebSite\",\"@id\":\"https:\\\/\\\/joyasyasmin.com\\\/de\\\/#website\",\"url\":\"https:\\\/\\\/joyasyasmin.com\\\/de\\\/\",\"name\":\"Yasmin\",\"description\":\"Joyer\u00eda de Plata 925 - Pendientes, pulseras, anillos, colgantes y m\u00e1s!\",\"publisher\":{\"@id\":\"https:\\\/\\\/joyasyasmin.com\\\/de\\\/#organization\"},\"potentialAction\":[{\"@type\":\"SearchAction\",\"target\":{\"@type\":\"EntryPoint\",\"urlTemplate\":\"https:\\\/\\\/joyasyasmin.com\\\/de\\\/?s={search_term_string}\"},\"query-input\":{\"@type\":\"PropertyValueSpecification\",\"valueRequired\":true,\"valueName\":\"search_term_string\"}}],\"inLanguage\":\"de\"},{\"@type\":\"Organization\",\"@id\":\"https:\\\/\\\/joyasyasmin.com\\\/de\\\/#organization\",\"name\":\"joyas yasmin\",\"url\":\"https:\\\/\\\/joyasyasmin.com\\\/de\\\/\",\"logo\":{\"@type\":\"ImageObject\",\"inLanguage\":\"de\",\"@id\":\"https:\\\/\\\/joyasyasmin.com\\\/de\\\/#\\\/schema\\\/logo\\\/image\\\/\",\"url\":\"https:\\\/\\\/joyasyasmin.com\\\/wp-content\\\/uploads\\\/2017\\\/06\\\/IMG-20200429-WA0051.jpg\",\"contentUrl\":\"https:\\\/\\\/joyasyasmin.com\\\/wp-content\\\/uploads\\\/2017\\\/06\\\/IMG-20200429-WA0051.jpg\",\"width\":1080,\"height\":545,\"caption\":\"joyas yasmin\"},\"image\":{\"@id\":\"https:\\\/\\\/joyasyasmin.com\\\/de\\\/#\\\/schema\\\/logo\\\/image\\\/\"},\"sameAs\":[\"https:\\\/\\\/www.facebook.com\\\/Joyas-Yasmin-217664058934169\\\/\",\"https:\\\/\\\/www.instagram.com\\\/invites\\\/contact\\\/\"]}]}<\/script>\n<!-- \/ Yoast SEO plugin. -->","yoast_head_json":{"title":"Medaillenarmband der Wundert\u00e4tigen Jungfrau - Yasmin","description":"Das Miraculous Virgin Medal Bracelet ist ein Schmuckst\u00fcck voller Bedeutung und Sch\u00f6nheit, das Spiritualit\u00e4t und Eleganz vereint. Es ist aus 925er Sterlingsilber gefertigt.","robots":{"index":"index","follow":"follow","max-snippet":"max-snippet:-1","max-image-preview":"max-image-preview:large","max-video-preview":"max-video-preview:-1"},"canonical":"https:\/\/joyasyasmin.com\/de\/producto\/medaillenarmband-der-wundertaetigen-jungfrau\/","og_locale":"de_DE","og_title":"Medaillenarmband der Wundert\u00e4tigen Jungfrau - Yasmin","og_description":"Das Miraculous Virgin Medal Bracelet ist ein Schmuckst\u00fcck voller Bedeutung und Sch\u00f6nheit, das Spiritualit\u00e4t und Eleganz vereint. Es ist aus 925er Sterlingsilber gefertigt.","og_url":"https:\/\/joyasyasmin.com\/de\/producto\/medaillenarmband-der-wundertaetigen-jungfrau\/","og_site_name":"Yasmin","article_publisher":"https:\/\/www.facebook.com\/Joyas-Yasmin-217664058934169\/","article_modified_time":"2026-01-26T07:19:48+00:00","og_image":[{"width":1000,"height":1000,"url":"https:\/\/joyasyasmin.com\/wp-content\/uploads\/2024\/10\/pulsera-Medalla-milagrosa.jpg","type":"image\/jpeg"}],"twitter_card":"summary_large_image","schema":{"@context":"https:\/\/schema.org","@graph":[{"@type":["WebPage","ItemPage"],"@id":"https:\/\/joyasyasmin.com\/de\/producto\/medaillenarmband-der-wundertaetigen-jungfrau\/","url":"https:\/\/joyasyasmin.com\/de\/producto\/medaillenarmband-der-wundertaetigen-jungfrau\/","name":"Medaillenarmband der Wundert\u00e4tigen Jungfrau - Yasmin","isPartOf":{"@id":"https:\/\/joyasyasmin.com\/de\/#website"},"primaryImageOfPage":{"@id":"https:\/\/joyasyasmin.com\/de\/producto\/medaillenarmband-der-wundertaetigen-jungfrau\/#primaryimage"},"image":{"@id":"https:\/\/joyasyasmin.com\/de\/producto\/medaillenarmband-der-wundertaetigen-jungfrau\/#primaryimage"},"thumbnailUrl":"https:\/\/joyasyasmin.com\/wp-content\/uploads\/2024\/10\/pulsera-Medalla-milagrosa.jpg","datePublished":"2024-10-30T21:36:06+00:00","dateModified":"2026-01-26T07:19:48+00:00","description":"Das Miraculous Virgin Medal Bracelet ist ein Schmuckst\u00fcck voller Bedeutung und Sch\u00f6nheit, das Spiritualit\u00e4t und Eleganz vereint. Es ist aus 925er Sterlingsilber gefertigt.","breadcrumb":{"@id":"https:\/\/joyasyasmin.com\/de\/producto\/medaillenarmband-der-wundertaetigen-jungfrau\/#breadcrumb"},"inLanguage":"de","potentialAction":[{"@type":"ReadAction","target":["https:\/\/joyasyasmin.com\/de\/producto\/medaillenarmband-der-wundertaetigen-jungfrau\/"]}]},{"@type":"ImageObject","inLanguage":"de","@id":"https:\/\/joyasyasmin.com\/de\/producto\/medaillenarmband-der-wundertaetigen-jungfrau\/#primaryimage","url":"https:\/\/joyasyasmin.com\/wp-content\/uploads\/2024\/10\/pulsera-Medalla-milagrosa.jpg","contentUrl":"https:\/\/joyasyasmin.com\/wp-content\/uploads\/2024\/10\/pulsera-Medalla-milagrosa.jpg","width":1000,"height":1000,"caption":"Miraculous Medal Armband zum Verkauf 925 Sterling Silber"},{"@type":"BreadcrumbList","@id":"https:\/\/joyasyasmin.com\/de\/producto\/medaillenarmband-der-wundertaetigen-jungfrau\/#breadcrumb","itemListElement":[{"@type":"ListItem","position":1,"name":"Portada","item":"https:\/\/joyasyasmin.com\/de\/heim\/"},{"@type":"ListItem","position":2,"name":"Shop","item":"https:\/\/joyasyasmin.com\/de\/shop\/"},{"@type":"ListItem","position":3,"name":"Medaillenarmband der Wundert\u00e4tigen Jungfrau"}]},{"@type":"WebSite","@id":"https:\/\/joyasyasmin.com\/de\/#website","url":"https:\/\/joyasyasmin.com\/de\/","name":"Yasmin","description":"Joyer\u00eda de Plata 925 - Pendientes, pulseras, anillos, colgantes y m\u00e1s!","publisher":{"@id":"https:\/\/joyasyasmin.com\/de\/#organization"},"potentialAction":[{"@type":"SearchAction","target":{"@type":"EntryPoint","urlTemplate":"https:\/\/joyasyasmin.com\/de\/?s={search_term_string}"},"query-input":{"@type":"PropertyValueSpecification","valueRequired":true,"valueName":"search_term_string"}}],"inLanguage":"de"},{"@type":"Organization","@id":"https:\/\/joyasyasmin.com\/de\/#organization","name":"joyas yasmin","url":"https:\/\/joyasyasmin.com\/de\/","logo":{"@type":"ImageObject","inLanguage":"de","@id":"https:\/\/joyasyasmin.com\/de\/#\/schema\/logo\/image\/","url":"https:\/\/joyasyasmin.com\/wp-content\/uploads\/2017\/06\/IMG-20200429-WA0051.jpg","contentUrl":"https:\/\/joyasyasmin.com\/wp-content\/uploads\/2017\/06\/IMG-20200429-WA0051.jpg","width":1080,"height":545,"caption":"joyas yasmin"},"image":{"@id":"https:\/\/joyasyasmin.com\/de\/#\/schema\/logo\/image\/"},"sameAs":["https:\/\/www.facebook.com\/Joyas-Yasmin-217664058934169\/","https:\/\/www.instagram.com\/invites\/contact\/"]}]}},"_links":{"self":[{"href":"https:\/\/joyasyasmin.com\/de\/wp-json\/wp\/v2\/product\/20010","targetHints":{"allow":["GET"]}}],"collection":[{"href":"https:\/\/joyasyasmin.com\/de\/wp-json\/wp\/v2\/product"}],"about":[{"href":"https:\/\/joyasyasmin.com\/de\/wp-json\/wp\/v2\/types\/product"}],"replies":[{"embeddable":true,"href":"https:\/\/joyasyasmin.com\/de\/wp-json\/wp\/v2\/comments?post=20010"}],"version-history":[{"count":1,"href":"https:\/\/joyasyasmin.com\/de\/wp-json\/wp\/v2\/product\/20010\/revisions"}],"predecessor-version":[{"id":34231,"href":"https:\/\/joyasyasmin.com\/de\/wp-json\/wp\/v2\/product\/20010\/revisions\/34231"}],"wp:featuredmedia":[{"embeddable":true,"href":"https:\/\/joyasyasmin.com\/de\/wp-json\/wp\/v2\/media\/20012"}],"wp:attachment":[{"href":"https:\/\/joyasyasmin.com\/de\/wp-json\/wp\/v2\/media?parent=20010"}],"wp:term":[{"taxonomy":"product_brand","embeddable":true,"href":"https:\/\/joyasyasmin.com\/de\/wp-json\/wp\/v2\/product_brand?post=20010"},{"taxonomy":"product_cat","embeddable":true,"href":"https:\/\/joyasyasmin.com\/de\/wp-json\/wp\/v2\/product_cat?post=20010"},{"taxonomy":"product_tag","embeddable":true,"href":"https:\/\/joyasyasmin.com\/de\/wp-json\/wp\/v2\/product_tag?post=20010"}],"curies":[{"name":"wp","href":"https:\/\/api.w.org\/{rel}","templated":true}]}}