{"id":20038,"date":"2024-07-07T19:31:16","date_gmt":"2024-07-07T19:31:16","guid":{"rendered":"https:\/\/joyasyasmin.com\/producto\/hexenknoten-armband-schutzanhaenger\/"},"modified":"2025-09-01T07:44:22","modified_gmt":"2025-09-01T07:44:22","slug":"hexenknoten-armband-schutzanhaenger","status":"publish","type":"product","link":"https:\/\/joyasyasmin.com\/de\/producto\/hexenknoten-armband-schutzanhaenger\/","title":{"rendered":"Hexenknoten Armband Schutzanh\u00e4nger"},"content":{"rendered":"","protected":false},"excerpt":{"rendered":"<p>Entdecken Sie die Kraft und Eleganz unseres Hexenknoten-Armbands &#8222;Protective Charm&#8220;. Dieses exquisite St\u00fcck aus 925er Sterlingsilber verf\u00fcgt \u00fcber einen komplizierten Hexenknoten mit einem Durchmesser von 15 mm, ein Symbol f\u00fcr Schutz und Kontinuit\u00e4t. Das detaillierte Knotendesign sticht in der Mitte des Armbands hervor und f\u00e4ngt die Essenz von Magie und Geheimnis ein.  <\/p>\n<p>Das Armband besteht aus einer zarten 16 cm langen Rolo-Kette mit einer zus\u00e4tzlichen Verl\u00e4ngerung von 3 cm, die eine perfekte Passform f\u00fcr jedes Handgelenk erm\u00f6glicht. Diese Kombination sorgt f\u00fcr Komfort und Stil und macht das Hexenknoten-Armband &#8222;Encanto Protector&#8220; zu einem vielseitigen und raffinierten Accessoire. <\/p>\n","protected":false},"featured_media":20040,"comment_status":"open","ping_status":"closed","template":"","meta":{"_acf_changed":false,"_joinchat":[]},"product_brand":[],"product_cat":[1787],"product_tag":[],"class_list":{"0":"post-20038","1":"product","2":"type-product","3":"status-publish","4":"has-post-thumbnail","6":"product_cat-armbander","8":"first","9":"instock","10":"shipping-taxable","11":"purchasable","12":"product-type-simple"},"acf":[],"yoast_head":"<!-- This site is optimized with the Yoast SEO plugin v27.2 - https:\/\/yoast.com\/product\/yoast-seo-wordpress\/ -->\n<title>Hexenknoten Armband Schutzanh\u00e4nger - Yasmin<\/title>\n<meta name=\"description\" content=\"Hexenknoten Armband Schutzanh\u00e4nger, ist ein Ahnensymbol, es ist bekannt f\u00fcr seinen Schutz vor negativen Energien und zieht Gl\u00fcck an.\" \/>\n<meta name=\"robots\" content=\"index, follow, max-snippet:-1, max-image-preview:large, max-video-preview:-1\" \/>\n<link rel=\"canonical\" href=\"https:\/\/joyasyasmin.com\/de\/producto\/hexenknoten-armband-schutzanhaenger\/\" \/>\n<meta property=\"og:locale\" content=\"de_DE\" \/>\n<meta property=\"og:title\" content=\"Hexenknoten Armband Schutzanh\u00e4nger - Yasmin\" \/>\n<meta property=\"og:description\" content=\"Hexenknoten Armband Schutzanh\u00e4nger, ist ein Ahnensymbol, es ist bekannt f\u00fcr seinen Schutz vor negativen Energien und zieht Gl\u00fcck an.\" \/>\n<meta property=\"og:url\" content=\"https:\/\/joyasyasmin.com\/de\/producto\/hexenknoten-armband-schutzanhaenger\/\" \/>\n<meta property=\"og:site_name\" content=\"Yasmin\" \/>\n<meta property=\"article:publisher\" content=\"https:\/\/www.facebook.com\/Joyas-Yasmin-217664058934169\/\" \/>\n<meta property=\"article:modified_time\" content=\"2025-09-01T07:44:22+00:00\" \/>\n<meta property=\"og:image\" content=\"https:\/\/joyasyasmin.com\/wp-content\/uploads\/2024\/07\/pulsera-nudo-de-bruja-de-rolo.jpg\" \/>\n\t<meta property=\"og:image:width\" content=\"1000\" \/>\n\t<meta property=\"og:image:height\" content=\"1000\" \/>\n\t<meta property=\"og:image:type\" content=\"image\/jpeg\" \/>\n<meta name=\"twitter:card\" content=\"summary_large_image\" \/>\n<script type=\"application\/ld+json\" class=\"yoast-schema-graph\">{\"@context\":\"https:\/\/schema.org\",\"@graph\":[{\"@type\":[\"WebPage\",\"ItemPage\"],\"@id\":\"https:\/\/joyasyasmin.com\/de\/producto\/hexenknoten-armband-schutzanhaenger\/\",\"url\":\"https:\/\/joyasyasmin.com\/de\/producto\/hexenknoten-armband-schutzanhaenger\/\",\"name\":\"Hexenknoten Armband Schutzanh\u00e4nger - Yasmin\",\"isPartOf\":{\"@id\":\"https:\/\/joyasyasmin.com\/de\/#website\"},\"primaryImageOfPage\":{\"@id\":\"https:\/\/joyasyasmin.com\/de\/producto\/hexenknoten-armband-schutzanhaenger\/#primaryimage\"},\"image\":{\"@id\":\"https:\/\/joyasyasmin.com\/de\/producto\/hexenknoten-armband-schutzanhaenger\/#primaryimage\"},\"thumbnailUrl\":\"https:\/\/joyasyasmin.com\/wp-content\/uploads\/2024\/07\/pulsera-nudo-de-bruja-de-rolo.jpg\",\"datePublished\":\"2024-07-07T19:31:16+00:00\",\"dateModified\":\"2025-09-01T07:44:22+00:00\",\"description\":\"Hexenknoten Armband Schutzanh\u00e4nger, ist ein Ahnensymbol, es ist bekannt f\u00fcr seinen Schutz vor negativen Energien und zieht Gl\u00fcck an.\",\"breadcrumb\":{\"@id\":\"https:\/\/joyasyasmin.com\/de\/producto\/hexenknoten-armband-schutzanhaenger\/#breadcrumb\"},\"inLanguage\":\"de\",\"potentialAction\":[{\"@type\":\"ReadAction\",\"target\":[\"https:\/\/joyasyasmin.com\/de\/producto\/hexenknoten-armband-schutzanhaenger\/\"]}]},{\"@type\":\"ImageObject\",\"inLanguage\":\"de\",\"@id\":\"https:\/\/joyasyasmin.com\/de\/producto\/hexenknoten-armband-schutzanhaenger\/#primaryimage\",\"url\":\"https:\/\/joyasyasmin.com\/wp-content\/uploads\/2024\/07\/pulsera-nudo-de-bruja-de-rolo.jpg\",\"contentUrl\":\"https:\/\/joyasyasmin.com\/wp-content\/uploads\/2024\/07\/pulsera-nudo-de-bruja-de-rolo.jpg\",\"width\":1000,\"height\":1000,\"caption\":\"Hexenknoten Armband Verkauf Schutzcharme 925 Sterling Silber\"},{\"@type\":\"BreadcrumbList\",\"@id\":\"https:\/\/joyasyasmin.com\/de\/producto\/hexenknoten-armband-schutzanhaenger\/#breadcrumb\",\"itemListElement\":[{\"@type\":\"ListItem\",\"position\":1,\"name\":\"Portada\",\"item\":\"https:\/\/joyasyasmin.com\/de\/heim\/\"},{\"@type\":\"ListItem\",\"position\":2,\"name\":\"Shop\",\"item\":\"https:\/\/joyasyasmin.com\/de\/shop\/\"},{\"@type\":\"ListItem\",\"position\":3,\"name\":\"Hexenknoten Armband Schutzanh\u00e4nger\"}]},{\"@type\":\"WebSite\",\"@id\":\"https:\/\/joyasyasmin.com\/de\/#website\",\"url\":\"https:\/\/joyasyasmin.com\/de\/\",\"name\":\"Yasmin\",\"description\":\"Joyer\u00eda de Plata 925 - Pendientes, pulseras, anillos, colgantes y m\u00e1s!\",\"publisher\":{\"@id\":\"https:\/\/joyasyasmin.com\/de\/#organization\"},\"potentialAction\":[{\"@type\":\"SearchAction\",\"target\":{\"@type\":\"EntryPoint\",\"urlTemplate\":\"https:\/\/joyasyasmin.com\/de\/?s={search_term_string}\"},\"query-input\":{\"@type\":\"PropertyValueSpecification\",\"valueRequired\":true,\"valueName\":\"search_term_string\"}}],\"inLanguage\":\"de\"},{\"@type\":\"Organization\",\"@id\":\"https:\/\/joyasyasmin.com\/de\/#organization\",\"name\":\"joyas yasmin\",\"url\":\"https:\/\/joyasyasmin.com\/de\/\",\"logo\":{\"@type\":\"ImageObject\",\"inLanguage\":\"de\",\"@id\":\"https:\/\/joyasyasmin.com\/de\/#\/schema\/logo\/image\/\",\"url\":\"https:\/\/joyasyasmin.com\/wp-content\/uploads\/2017\/06\/IMG-20200429-WA0051.jpg\",\"contentUrl\":\"https:\/\/joyasyasmin.com\/wp-content\/uploads\/2017\/06\/IMG-20200429-WA0051.jpg\",\"width\":1080,\"height\":545,\"caption\":\"joyas yasmin\"},\"image\":{\"@id\":\"https:\/\/joyasyasmin.com\/de\/#\/schema\/logo\/image\/\"},\"sameAs\":[\"https:\/\/www.facebook.com\/Joyas-Yasmin-217664058934169\/\",\"https:\/\/www.instagram.com\/invites\/contact\/\"]}]}<\/script>\n<!-- \/ Yoast SEO plugin. -->","yoast_head_json":{"title":"Hexenknoten Armband Schutzanh\u00e4nger - Yasmin","description":"Hexenknoten Armband Schutzanh\u00e4nger, ist ein Ahnensymbol, es ist bekannt f\u00fcr seinen Schutz vor negativen Energien und zieht Gl\u00fcck an.","robots":{"index":"index","follow":"follow","max-snippet":"max-snippet:-1","max-image-preview":"max-image-preview:large","max-video-preview":"max-video-preview:-1"},"canonical":"https:\/\/joyasyasmin.com\/de\/producto\/hexenknoten-armband-schutzanhaenger\/","og_locale":"de_DE","og_title":"Hexenknoten Armband Schutzanh\u00e4nger - Yasmin","og_description":"Hexenknoten Armband Schutzanh\u00e4nger, ist ein Ahnensymbol, es ist bekannt f\u00fcr seinen Schutz vor negativen Energien und zieht Gl\u00fcck an.","og_url":"https:\/\/joyasyasmin.com\/de\/producto\/hexenknoten-armband-schutzanhaenger\/","og_site_name":"Yasmin","article_publisher":"https:\/\/www.facebook.com\/Joyas-Yasmin-217664058934169\/","article_modified_time":"2025-09-01T07:44:22+00:00","og_image":[{"width":1000,"height":1000,"url":"https:\/\/joyasyasmin.com\/wp-content\/uploads\/2024\/07\/pulsera-nudo-de-bruja-de-rolo.jpg","type":"image\/jpeg"}],"twitter_card":"summary_large_image","schema":{"@context":"https:\/\/schema.org","@graph":[{"@type":["WebPage","ItemPage"],"@id":"https:\/\/joyasyasmin.com\/de\/producto\/hexenknoten-armband-schutzanhaenger\/","url":"https:\/\/joyasyasmin.com\/de\/producto\/hexenknoten-armband-schutzanhaenger\/","name":"Hexenknoten Armband Schutzanh\u00e4nger - Yasmin","isPartOf":{"@id":"https:\/\/joyasyasmin.com\/de\/#website"},"primaryImageOfPage":{"@id":"https:\/\/joyasyasmin.com\/de\/producto\/hexenknoten-armband-schutzanhaenger\/#primaryimage"},"image":{"@id":"https:\/\/joyasyasmin.com\/de\/producto\/hexenknoten-armband-schutzanhaenger\/#primaryimage"},"thumbnailUrl":"https:\/\/joyasyasmin.com\/wp-content\/uploads\/2024\/07\/pulsera-nudo-de-bruja-de-rolo.jpg","datePublished":"2024-07-07T19:31:16+00:00","dateModified":"2025-09-01T07:44:22+00:00","description":"Hexenknoten Armband Schutzanh\u00e4nger, ist ein Ahnensymbol, es ist bekannt f\u00fcr seinen Schutz vor negativen Energien und zieht Gl\u00fcck an.","breadcrumb":{"@id":"https:\/\/joyasyasmin.com\/de\/producto\/hexenknoten-armband-schutzanhaenger\/#breadcrumb"},"inLanguage":"de","potentialAction":[{"@type":"ReadAction","target":["https:\/\/joyasyasmin.com\/de\/producto\/hexenknoten-armband-schutzanhaenger\/"]}]},{"@type":"ImageObject","inLanguage":"de","@id":"https:\/\/joyasyasmin.com\/de\/producto\/hexenknoten-armband-schutzanhaenger\/#primaryimage","url":"https:\/\/joyasyasmin.com\/wp-content\/uploads\/2024\/07\/pulsera-nudo-de-bruja-de-rolo.jpg","contentUrl":"https:\/\/joyasyasmin.com\/wp-content\/uploads\/2024\/07\/pulsera-nudo-de-bruja-de-rolo.jpg","width":1000,"height":1000,"caption":"Hexenknoten Armband Verkauf Schutzcharme 925 Sterling Silber"},{"@type":"BreadcrumbList","@id":"https:\/\/joyasyasmin.com\/de\/producto\/hexenknoten-armband-schutzanhaenger\/#breadcrumb","itemListElement":[{"@type":"ListItem","position":1,"name":"Portada","item":"https:\/\/joyasyasmin.com\/de\/heim\/"},{"@type":"ListItem","position":2,"name":"Shop","item":"https:\/\/joyasyasmin.com\/de\/shop\/"},{"@type":"ListItem","position":3,"name":"Hexenknoten Armband Schutzanh\u00e4nger"}]},{"@type":"WebSite","@id":"https:\/\/joyasyasmin.com\/de\/#website","url":"https:\/\/joyasyasmin.com\/de\/","name":"Yasmin","description":"Joyer\u00eda de Plata 925 - Pendientes, pulseras, anillos, colgantes y m\u00e1s!","publisher":{"@id":"https:\/\/joyasyasmin.com\/de\/#organization"},"potentialAction":[{"@type":"SearchAction","target":{"@type":"EntryPoint","urlTemplate":"https:\/\/joyasyasmin.com\/de\/?s={search_term_string}"},"query-input":{"@type":"PropertyValueSpecification","valueRequired":true,"valueName":"search_term_string"}}],"inLanguage":"de"},{"@type":"Organization","@id":"https:\/\/joyasyasmin.com\/de\/#organization","name":"joyas yasmin","url":"https:\/\/joyasyasmin.com\/de\/","logo":{"@type":"ImageObject","inLanguage":"de","@id":"https:\/\/joyasyasmin.com\/de\/#\/schema\/logo\/image\/","url":"https:\/\/joyasyasmin.com\/wp-content\/uploads\/2017\/06\/IMG-20200429-WA0051.jpg","contentUrl":"https:\/\/joyasyasmin.com\/wp-content\/uploads\/2017\/06\/IMG-20200429-WA0051.jpg","width":1080,"height":545,"caption":"joyas yasmin"},"image":{"@id":"https:\/\/joyasyasmin.com\/de\/#\/schema\/logo\/image\/"},"sameAs":["https:\/\/www.facebook.com\/Joyas-Yasmin-217664058934169\/","https:\/\/www.instagram.com\/invites\/contact\/"]}]}},"_links":{"self":[{"href":"https:\/\/joyasyasmin.com\/de\/wp-json\/wp\/v2\/product\/20038","targetHints":{"allow":["GET"]}}],"collection":[{"href":"https:\/\/joyasyasmin.com\/de\/wp-json\/wp\/v2\/product"}],"about":[{"href":"https:\/\/joyasyasmin.com\/de\/wp-json\/wp\/v2\/types\/product"}],"replies":[{"embeddable":true,"href":"https:\/\/joyasyasmin.com\/de\/wp-json\/wp\/v2\/comments?post=20038"}],"version-history":[{"count":2,"href":"https:\/\/joyasyasmin.com\/de\/wp-json\/wp\/v2\/product\/20038\/revisions"}],"predecessor-version":[{"id":34590,"href":"https:\/\/joyasyasmin.com\/de\/wp-json\/wp\/v2\/product\/20038\/revisions\/34590"}],"wp:featuredmedia":[{"embeddable":true,"href":"https:\/\/joyasyasmin.com\/de\/wp-json\/wp\/v2\/media\/20040"}],"wp:attachment":[{"href":"https:\/\/joyasyasmin.com\/de\/wp-json\/wp\/v2\/media?parent=20038"}],"wp:term":[{"taxonomy":"product_brand","embeddable":true,"href":"https:\/\/joyasyasmin.com\/de\/wp-json\/wp\/v2\/product_brand?post=20038"},{"taxonomy":"product_cat","embeddable":true,"href":"https:\/\/joyasyasmin.com\/de\/wp-json\/wp\/v2\/product_cat?post=20038"},{"taxonomy":"product_tag","embeddable":true,"href":"https:\/\/joyasyasmin.com\/de\/wp-json\/wp\/v2\/product_tag?post=20038"}],"curies":[{"name":"wp","href":"https:\/\/api.w.org\/{rel}","templated":true}]}}