{"id":20077,"date":"2024-07-08T21:03:34","date_gmt":"2024-07-08T21:03:34","guid":{"rendered":"https:\/\/joyasyasmin.com\/producto\/miranda-ovaler-ring\/"},"modified":"2025-05-13T11:09:36","modified_gmt":"2025-05-13T11:09:36","slug":"miranda-ovaler-ring","status":"publish","type":"product","link":"https:\/\/joyasyasmin.com\/de\/producto\/miranda-ovaler-ring\/","title":{"rendered":"Miranda Ovaler Ring"},"content":{"rendered":"","protected":false},"excerpt":{"rendered":"<p>Entdecken Sie Eleganz und Stil mit unserem spektakul\u00e4ren Miranda Oval Ring, einem einzigartigen St\u00fcck, das Ihre Sch\u00f6nheit und Raffinesse unterstreicht. Dieser Ring ist aus 925er Sterlingsilber gefertigt, was seine hohe Qualit\u00e4t und Langlebigkeit garantiert. 925er Sterlingsilber ist bekannt f\u00fcr seine St\u00e4rke und seinen Glanz und sorgt daf\u00fcr, dass Ihr Ring im Laufe der Zeit sein makelloses Aussehen beh\u00e4lt.  <\/p>\n<p>Der Miranda Oval Ring zeichnet sich durch sein innovatives und modernes Design aus. Mit einer markanten ovalen Form und einer Breite von 25 mm ist dieser Ring ein wahres Stilstatement. Sein Galvanoforming-Design, eine fortschrittliche Fertigungstechnik, erm\u00f6glicht es Ihnen, volumin\u00f6se, aber leichte St\u00fccke herzustellen, die beim Tragen einen unvergleichlichen Tragekomfort bieten. Das polierte Finish verleiht ihm einen schillernden Glanz, der alle Blicke auf sich zieht.   <\/p>\n","protected":false},"featured_media":20084,"comment_status":"open","ping_status":"closed","template":"","meta":{"_acf_changed":false,"_joinchat":[]},"product_brand":[],"product_cat":[1850],"product_tag":[],"class_list":{"0":"post-20077","1":"product","2":"type-product","3":"status-publish","4":"has-post-thumbnail","6":"product_cat-ringe-ringe","8":"first","9":"instock","10":"shipping-taxable","11":"purchasable","12":"product-type-variable"},"acf":[],"yoast_head":"<!-- This site is optimized with the Yoast SEO plugin v27.3 - https:\/\/yoast.com\/product\/yoast-seo-wordpress\/ -->\n<title>Miranda Ovaler Ring - Yasmin<\/title>\n<meta name=\"description\" content=\"Miranda Oval Ring, ein einzigartiges St\u00fcck, das entwickelt wurde, um Ihre Sch\u00f6nheit und Raffinesse zu unterstreichen. Dieser Ring ist aus 925er Sterlingsilber gefertigt. Kostenloser Versand.\" \/>\n<meta name=\"robots\" content=\"index, follow, max-snippet:-1, max-image-preview:large, max-video-preview:-1\" \/>\n<link rel=\"canonical\" href=\"https:\/\/joyasyasmin.com\/de\/producto\/miranda-ovaler-ring\/\" \/>\n<meta property=\"og:locale\" content=\"de_DE\" \/>\n<meta property=\"og:title\" content=\"Miranda Ovaler Ring - Yasmin\" \/>\n<meta property=\"og:description\" content=\"Miranda Oval Ring, ein einzigartiges St\u00fcck, das entwickelt wurde, um Ihre Sch\u00f6nheit und Raffinesse zu unterstreichen. Dieser Ring ist aus 925er Sterlingsilber gefertigt. Kostenloser Versand.\" \/>\n<meta property=\"og:url\" content=\"https:\/\/joyasyasmin.com\/de\/producto\/miranda-ovaler-ring\/\" \/>\n<meta property=\"og:site_name\" content=\"Yasmin\" \/>\n<meta property=\"article:publisher\" content=\"https:\/\/www.facebook.com\/Joyas-Yasmin-217664058934169\/\" \/>\n<meta property=\"article:modified_time\" content=\"2025-05-13T11:09:36+00:00\" \/>\n<meta property=\"og:image\" content=\"https:\/\/joyasyasmin.com\/wp-content\/uploads\/2024\/07\/anillo-ovalado-miranda.jpg\" \/>\n\t<meta property=\"og:image:width\" content=\"1000\" \/>\n\t<meta property=\"og:image:height\" content=\"1000\" \/>\n\t<meta property=\"og:image:type\" content=\"image\/jpeg\" \/>\n<meta name=\"twitter:card\" content=\"summary_large_image\" \/>\n<script type=\"application\/ld+json\" class=\"yoast-schema-graph\">{\"@context\":\"https:\\\/\\\/schema.org\",\"@graph\":[{\"@type\":[\"WebPage\",\"ItemPage\"],\"@id\":\"https:\\\/\\\/joyasyasmin.com\\\/de\\\/producto\\\/miranda-ovaler-ring\\\/\",\"url\":\"https:\\\/\\\/joyasyasmin.com\\\/de\\\/producto\\\/miranda-ovaler-ring\\\/\",\"name\":\"Miranda Ovaler Ring - Yasmin\",\"isPartOf\":{\"@id\":\"https:\\\/\\\/joyasyasmin.com\\\/de\\\/#website\"},\"primaryImageOfPage\":{\"@id\":\"https:\\\/\\\/joyasyasmin.com\\\/de\\\/producto\\\/miranda-ovaler-ring\\\/#primaryimage\"},\"image\":{\"@id\":\"https:\\\/\\\/joyasyasmin.com\\\/de\\\/producto\\\/miranda-ovaler-ring\\\/#primaryimage\"},\"thumbnailUrl\":\"https:\\\/\\\/joyasyasmin.com\\\/wp-content\\\/uploads\\\/2024\\\/07\\\/anillo-ovalado-miranda.jpg\",\"datePublished\":\"2024-07-08T21:03:34+00:00\",\"dateModified\":\"2025-05-13T11:09:36+00:00\",\"description\":\"Miranda Oval Ring, ein einzigartiges St\u00fcck, das entwickelt wurde, um Ihre Sch\u00f6nheit und Raffinesse zu unterstreichen. Dieser Ring ist aus 925er Sterlingsilber gefertigt. Kostenloser Versand.\",\"breadcrumb\":{\"@id\":\"https:\\\/\\\/joyasyasmin.com\\\/de\\\/producto\\\/miranda-ovaler-ring\\\/#breadcrumb\"},\"inLanguage\":\"de\",\"potentialAction\":[{\"@type\":\"ReadAction\",\"target\":[\"https:\\\/\\\/joyasyasmin.com\\\/de\\\/producto\\\/miranda-ovaler-ring\\\/\"]}]},{\"@type\":\"ImageObject\",\"inLanguage\":\"de\",\"@id\":\"https:\\\/\\\/joyasyasmin.com\\\/de\\\/producto\\\/miranda-ovaler-ring\\\/#primaryimage\",\"url\":\"https:\\\/\\\/joyasyasmin.com\\\/wp-content\\\/uploads\\\/2024\\\/07\\\/anillo-ovalado-miranda.jpg\",\"contentUrl\":\"https:\\\/\\\/joyasyasmin.com\\\/wp-content\\\/uploads\\\/2024\\\/07\\\/anillo-ovalado-miranda.jpg\",\"width\":1000,\"height\":1000,\"caption\":\"Der ovale Ring Sale Looking ist aus 925 Sterling Silber gefertigt\"},{\"@type\":\"BreadcrumbList\",\"@id\":\"https:\\\/\\\/joyasyasmin.com\\\/de\\\/producto\\\/miranda-ovaler-ring\\\/#breadcrumb\",\"itemListElement\":[{\"@type\":\"ListItem\",\"position\":1,\"name\":\"Portada\",\"item\":\"https:\\\/\\\/joyasyasmin.com\\\/de\\\/heim\\\/\"},{\"@type\":\"ListItem\",\"position\":2,\"name\":\"Shop\",\"item\":\"https:\\\/\\\/joyasyasmin.com\\\/de\\\/shop\\\/\"},{\"@type\":\"ListItem\",\"position\":3,\"name\":\"Miranda Ovaler Ring\"}]},{\"@type\":\"WebSite\",\"@id\":\"https:\\\/\\\/joyasyasmin.com\\\/de\\\/#website\",\"url\":\"https:\\\/\\\/joyasyasmin.com\\\/de\\\/\",\"name\":\"Yasmin\",\"description\":\"Joyer\u00eda de Plata 925 - Pendientes, pulseras, anillos, colgantes y m\u00e1s!\",\"publisher\":{\"@id\":\"https:\\\/\\\/joyasyasmin.com\\\/de\\\/#organization\"},\"potentialAction\":[{\"@type\":\"SearchAction\",\"target\":{\"@type\":\"EntryPoint\",\"urlTemplate\":\"https:\\\/\\\/joyasyasmin.com\\\/de\\\/?s={search_term_string}\"},\"query-input\":{\"@type\":\"PropertyValueSpecification\",\"valueRequired\":true,\"valueName\":\"search_term_string\"}}],\"inLanguage\":\"de\"},{\"@type\":\"Organization\",\"@id\":\"https:\\\/\\\/joyasyasmin.com\\\/de\\\/#organization\",\"name\":\"joyas yasmin\",\"url\":\"https:\\\/\\\/joyasyasmin.com\\\/de\\\/\",\"logo\":{\"@type\":\"ImageObject\",\"inLanguage\":\"de\",\"@id\":\"https:\\\/\\\/joyasyasmin.com\\\/de\\\/#\\\/schema\\\/logo\\\/image\\\/\",\"url\":\"https:\\\/\\\/joyasyasmin.com\\\/wp-content\\\/uploads\\\/2017\\\/06\\\/IMG-20200429-WA0051.jpg\",\"contentUrl\":\"https:\\\/\\\/joyasyasmin.com\\\/wp-content\\\/uploads\\\/2017\\\/06\\\/IMG-20200429-WA0051.jpg\",\"width\":1080,\"height\":545,\"caption\":\"joyas yasmin\"},\"image\":{\"@id\":\"https:\\\/\\\/joyasyasmin.com\\\/de\\\/#\\\/schema\\\/logo\\\/image\\\/\"},\"sameAs\":[\"https:\\\/\\\/www.facebook.com\\\/Joyas-Yasmin-217664058934169\\\/\",\"https:\\\/\\\/www.instagram.com\\\/invites\\\/contact\\\/\"]}]}<\/script>\n<!-- \/ Yoast SEO plugin. -->","yoast_head_json":{"title":"Miranda Ovaler Ring - Yasmin","description":"Miranda Oval Ring, ein einzigartiges St\u00fcck, das entwickelt wurde, um Ihre Sch\u00f6nheit und Raffinesse zu unterstreichen. Dieser Ring ist aus 925er Sterlingsilber gefertigt. Kostenloser Versand.","robots":{"index":"index","follow":"follow","max-snippet":"max-snippet:-1","max-image-preview":"max-image-preview:large","max-video-preview":"max-video-preview:-1"},"canonical":"https:\/\/joyasyasmin.com\/de\/producto\/miranda-ovaler-ring\/","og_locale":"de_DE","og_title":"Miranda Ovaler Ring - Yasmin","og_description":"Miranda Oval Ring, ein einzigartiges St\u00fcck, das entwickelt wurde, um Ihre Sch\u00f6nheit und Raffinesse zu unterstreichen. Dieser Ring ist aus 925er Sterlingsilber gefertigt. Kostenloser Versand.","og_url":"https:\/\/joyasyasmin.com\/de\/producto\/miranda-ovaler-ring\/","og_site_name":"Yasmin","article_publisher":"https:\/\/www.facebook.com\/Joyas-Yasmin-217664058934169\/","article_modified_time":"2025-05-13T11:09:36+00:00","og_image":[{"width":1000,"height":1000,"url":"https:\/\/joyasyasmin.com\/wp-content\/uploads\/2024\/07\/anillo-ovalado-miranda.jpg","type":"image\/jpeg"}],"twitter_card":"summary_large_image","schema":{"@context":"https:\/\/schema.org","@graph":[{"@type":["WebPage","ItemPage"],"@id":"https:\/\/joyasyasmin.com\/de\/producto\/miranda-ovaler-ring\/","url":"https:\/\/joyasyasmin.com\/de\/producto\/miranda-ovaler-ring\/","name":"Miranda Ovaler Ring - Yasmin","isPartOf":{"@id":"https:\/\/joyasyasmin.com\/de\/#website"},"primaryImageOfPage":{"@id":"https:\/\/joyasyasmin.com\/de\/producto\/miranda-ovaler-ring\/#primaryimage"},"image":{"@id":"https:\/\/joyasyasmin.com\/de\/producto\/miranda-ovaler-ring\/#primaryimage"},"thumbnailUrl":"https:\/\/joyasyasmin.com\/wp-content\/uploads\/2024\/07\/anillo-ovalado-miranda.jpg","datePublished":"2024-07-08T21:03:34+00:00","dateModified":"2025-05-13T11:09:36+00:00","description":"Miranda Oval Ring, ein einzigartiges St\u00fcck, das entwickelt wurde, um Ihre Sch\u00f6nheit und Raffinesse zu unterstreichen. Dieser Ring ist aus 925er Sterlingsilber gefertigt. Kostenloser Versand.","breadcrumb":{"@id":"https:\/\/joyasyasmin.com\/de\/producto\/miranda-ovaler-ring\/#breadcrumb"},"inLanguage":"de","potentialAction":[{"@type":"ReadAction","target":["https:\/\/joyasyasmin.com\/de\/producto\/miranda-ovaler-ring\/"]}]},{"@type":"ImageObject","inLanguage":"de","@id":"https:\/\/joyasyasmin.com\/de\/producto\/miranda-ovaler-ring\/#primaryimage","url":"https:\/\/joyasyasmin.com\/wp-content\/uploads\/2024\/07\/anillo-ovalado-miranda.jpg","contentUrl":"https:\/\/joyasyasmin.com\/wp-content\/uploads\/2024\/07\/anillo-ovalado-miranda.jpg","width":1000,"height":1000,"caption":"Der ovale Ring Sale Looking ist aus 925 Sterling Silber gefertigt"},{"@type":"BreadcrumbList","@id":"https:\/\/joyasyasmin.com\/de\/producto\/miranda-ovaler-ring\/#breadcrumb","itemListElement":[{"@type":"ListItem","position":1,"name":"Portada","item":"https:\/\/joyasyasmin.com\/de\/heim\/"},{"@type":"ListItem","position":2,"name":"Shop","item":"https:\/\/joyasyasmin.com\/de\/shop\/"},{"@type":"ListItem","position":3,"name":"Miranda Ovaler Ring"}]},{"@type":"WebSite","@id":"https:\/\/joyasyasmin.com\/de\/#website","url":"https:\/\/joyasyasmin.com\/de\/","name":"Yasmin","description":"Joyer\u00eda de Plata 925 - Pendientes, pulseras, anillos, colgantes y m\u00e1s!","publisher":{"@id":"https:\/\/joyasyasmin.com\/de\/#organization"},"potentialAction":[{"@type":"SearchAction","target":{"@type":"EntryPoint","urlTemplate":"https:\/\/joyasyasmin.com\/de\/?s={search_term_string}"},"query-input":{"@type":"PropertyValueSpecification","valueRequired":true,"valueName":"search_term_string"}}],"inLanguage":"de"},{"@type":"Organization","@id":"https:\/\/joyasyasmin.com\/de\/#organization","name":"joyas yasmin","url":"https:\/\/joyasyasmin.com\/de\/","logo":{"@type":"ImageObject","inLanguage":"de","@id":"https:\/\/joyasyasmin.com\/de\/#\/schema\/logo\/image\/","url":"https:\/\/joyasyasmin.com\/wp-content\/uploads\/2017\/06\/IMG-20200429-WA0051.jpg","contentUrl":"https:\/\/joyasyasmin.com\/wp-content\/uploads\/2017\/06\/IMG-20200429-WA0051.jpg","width":1080,"height":545,"caption":"joyas yasmin"},"image":{"@id":"https:\/\/joyasyasmin.com\/de\/#\/schema\/logo\/image\/"},"sameAs":["https:\/\/www.facebook.com\/Joyas-Yasmin-217664058934169\/","https:\/\/www.instagram.com\/invites\/contact\/"]}]}},"_links":{"self":[{"href":"https:\/\/joyasyasmin.com\/de\/wp-json\/wp\/v2\/product\/20077","targetHints":{"allow":["GET"]}}],"collection":[{"href":"https:\/\/joyasyasmin.com\/de\/wp-json\/wp\/v2\/product"}],"about":[{"href":"https:\/\/joyasyasmin.com\/de\/wp-json\/wp\/v2\/types\/product"}],"replies":[{"embeddable":true,"href":"https:\/\/joyasyasmin.com\/de\/wp-json\/wp\/v2\/comments?post=20077"}],"version-history":[{"count":1,"href":"https:\/\/joyasyasmin.com\/de\/wp-json\/wp\/v2\/product\/20077\/revisions"}],"predecessor-version":[{"id":32521,"href":"https:\/\/joyasyasmin.com\/de\/wp-json\/wp\/v2\/product\/20077\/revisions\/32521"}],"wp:featuredmedia":[{"embeddable":true,"href":"https:\/\/joyasyasmin.com\/de\/wp-json\/wp\/v2\/media\/20084"}],"wp:attachment":[{"href":"https:\/\/joyasyasmin.com\/de\/wp-json\/wp\/v2\/media?parent=20077"}],"wp:term":[{"taxonomy":"product_brand","embeddable":true,"href":"https:\/\/joyasyasmin.com\/de\/wp-json\/wp\/v2\/product_brand?post=20077"},{"taxonomy":"product_cat","embeddable":true,"href":"https:\/\/joyasyasmin.com\/de\/wp-json\/wp\/v2\/product_cat?post=20077"},{"taxonomy":"product_tag","embeddable":true,"href":"https:\/\/joyasyasmin.com\/de\/wp-json\/wp\/v2\/product_tag?post=20077"}],"curies":[{"name":"wp","href":"https:\/\/api.w.org\/{rel}","templated":true}]}}