{"id":20120,"date":"2024-07-14T14:13:19","date_gmt":"2024-07-14T14:13:19","guid":{"rendered":"https:\/\/joyasyasmin.com\/producto\/rafaela-halsband\/"},"modified":"2025-09-01T07:44:30","modified_gmt":"2025-09-01T07:44:30","slug":"rafaela-halsband","status":"publish","type":"product","link":"https:\/\/joyasyasmin.com\/de\/producto\/rafaela-halsband\/","title":{"rendered":"Rafaela Halsband"},"content":{"rendered":"","protected":false},"excerpt":{"rendered":"<p>Entdecken Sie Eleganz und Farbe mit unserem exklusiven, personalisierten Halsband Rafaela. Dieses einzigartige Accessoire ist sorgf\u00e4ltig mit rechteckigen Steinen in verschiedenen Farben gestaltet, die jedem Outfit eine lebendige und raffinierte Note verleihen. Die Kombination verschiedener Farbt\u00f6ne macht diesen Choker zu einem vielseitigen St\u00fcck, das sich ideal f\u00fcr jeden Anlass eignet, von formellen Anl\u00e4ssen bis hin zu l\u00e4ssigen Ausfl\u00fcgen.  <\/p>\n<p>Mit einer Breite von 5 mm zeichnet sich die &#8222;Rafaela&#8220; durch ihre Zartheit und ihren raffinierten Stil aus. Seine L\u00e4nge von 45 cm plus eine Verl\u00e4ngerung von 3 cm erm\u00f6glicht eine perfekte Passform und passt sich bequem an Ihren Hals an. Dieses Schmuckst\u00fcck aus 925er Sterlingsilber garantiert Langlebigkeit und Widerstandsf\u00e4higkeit und beh\u00e4lt seine Brillanz und Pracht im Laufe der Zeit.  <\/p>\n","protected":false},"featured_media":20124,"comment_status":"open","ping_status":"closed","template":"","meta":{"_acf_changed":false,"_joinchat":[]},"product_brand":[],"product_cat":[1869],"product_tag":[],"class_list":{"0":"post-20120","1":"product","2":"type-product","3":"status-publish","4":"has-post-thumbnail","6":"product_cat-halsketten-de","8":"first","9":"instock","10":"shipping-taxable","11":"purchasable","12":"product-type-simple"},"acf":[],"yoast_head":"<!-- This site is optimized with the Yoast SEO plugin v27.2 - https:\/\/yoast.com\/product\/yoast-seo-wordpress\/ -->\n<title>Rafaela Halsband - Yasmin<\/title>\n<meta name=\"description\" content=\"Der Halsreif Rafaela ist nicht nur ein modisches Statement, sondern auch Ausdruck von Pers\u00f6nlichkeit und gutem Geschmack. Hergestellt aus 925er Silber.\" \/>\n<meta name=\"robots\" content=\"index, follow, max-snippet:-1, max-image-preview:large, max-video-preview:-1\" \/>\n<link rel=\"canonical\" href=\"https:\/\/joyasyasmin.com\/de\/producto\/rafaela-halsband\/\" \/>\n<meta property=\"og:locale\" content=\"de_DE\" \/>\n<meta property=\"og:title\" content=\"Rafaela Halsband - Yasmin\" \/>\n<meta property=\"og:description\" content=\"Der Halsreif Rafaela ist nicht nur ein modisches Statement, sondern auch Ausdruck von Pers\u00f6nlichkeit und gutem Geschmack. Hergestellt aus 925er Silber.\" \/>\n<meta property=\"og:url\" content=\"https:\/\/joyasyasmin.com\/de\/producto\/rafaela-halsband\/\" \/>\n<meta property=\"og:site_name\" content=\"Yasmin\" \/>\n<meta property=\"article:publisher\" content=\"https:\/\/www.facebook.com\/Joyas-Yasmin-217664058934169\/\" \/>\n<meta property=\"article:modified_time\" content=\"2025-09-01T07:44:30+00:00\" \/>\n<meta property=\"og:image\" content=\"https:\/\/joyasyasmin.com\/wp-content\/uploads\/2024\/07\/collar-Rafaela-de-plata.jpg\" \/>\n\t<meta property=\"og:image:width\" content=\"1000\" \/>\n\t<meta property=\"og:image:height\" content=\"1000\" \/>\n\t<meta property=\"og:image:type\" content=\"image\/jpeg\" \/>\n<meta name=\"twitter:card\" content=\"summary_large_image\" \/>\n<script type=\"application\/ld+json\" class=\"yoast-schema-graph\">{\"@context\":\"https:\/\/schema.org\",\"@graph\":[{\"@type\":[\"WebPage\",\"ItemPage\"],\"@id\":\"https:\/\/joyasyasmin.com\/de\/producto\/rafaela-halsband\/\",\"url\":\"https:\/\/joyasyasmin.com\/de\/producto\/rafaela-halsband\/\",\"name\":\"Rafaela Halsband - Yasmin\",\"isPartOf\":{\"@id\":\"https:\/\/joyasyasmin.com\/de\/#website\"},\"primaryImageOfPage\":{\"@id\":\"https:\/\/joyasyasmin.com\/de\/producto\/rafaela-halsband\/#primaryimage\"},\"image\":{\"@id\":\"https:\/\/joyasyasmin.com\/de\/producto\/rafaela-halsband\/#primaryimage\"},\"thumbnailUrl\":\"https:\/\/joyasyasmin.com\/wp-content\/uploads\/2024\/07\/collar-Rafaela-de-plata.jpg\",\"datePublished\":\"2024-07-14T14:13:19+00:00\",\"dateModified\":\"2025-09-01T07:44:30+00:00\",\"description\":\"Der Halsreif Rafaela ist nicht nur ein modisches Statement, sondern auch Ausdruck von Pers\u00f6nlichkeit und gutem Geschmack. Hergestellt aus 925er Silber.\",\"breadcrumb\":{\"@id\":\"https:\/\/joyasyasmin.com\/de\/producto\/rafaela-halsband\/#breadcrumb\"},\"inLanguage\":\"de\",\"potentialAction\":[{\"@type\":\"ReadAction\",\"target\":[\"https:\/\/joyasyasmin.com\/de\/producto\/rafaela-halsband\/\"]}]},{\"@type\":\"ImageObject\",\"inLanguage\":\"de\",\"@id\":\"https:\/\/joyasyasmin.com\/de\/producto\/rafaela-halsband\/#primaryimage\",\"url\":\"https:\/\/joyasyasmin.com\/wp-content\/uploads\/2024\/07\/collar-Rafaela-de-plata.jpg\",\"contentUrl\":\"https:\/\/joyasyasmin.com\/wp-content\/uploads\/2024\/07\/collar-Rafaela-de-plata.jpg\",\"width\":1000,\"height\":1000,\"caption\":\"Verkauf von Rafaela Silber Choker D Eley 925 L\u00e4nge von 45 + 3 cm. Es ist Silber D Eley 925\"},{\"@type\":\"BreadcrumbList\",\"@id\":\"https:\/\/joyasyasmin.com\/de\/producto\/rafaela-halsband\/#breadcrumb\",\"itemListElement\":[{\"@type\":\"ListItem\",\"position\":1,\"name\":\"Portada\",\"item\":\"https:\/\/joyasyasmin.com\/de\/heim\/\"},{\"@type\":\"ListItem\",\"position\":2,\"name\":\"Shop\",\"item\":\"https:\/\/joyasyasmin.com\/de\/shop\/\"},{\"@type\":\"ListItem\",\"position\":3,\"name\":\"Rafaela Halsband\"}]},{\"@type\":\"WebSite\",\"@id\":\"https:\/\/joyasyasmin.com\/de\/#website\",\"url\":\"https:\/\/joyasyasmin.com\/de\/\",\"name\":\"Yasmin\",\"description\":\"Joyer\u00eda de Plata 925 - Pendientes, pulseras, anillos, colgantes y m\u00e1s!\",\"publisher\":{\"@id\":\"https:\/\/joyasyasmin.com\/de\/#organization\"},\"potentialAction\":[{\"@type\":\"SearchAction\",\"target\":{\"@type\":\"EntryPoint\",\"urlTemplate\":\"https:\/\/joyasyasmin.com\/de\/?s={search_term_string}\"},\"query-input\":{\"@type\":\"PropertyValueSpecification\",\"valueRequired\":true,\"valueName\":\"search_term_string\"}}],\"inLanguage\":\"de\"},{\"@type\":\"Organization\",\"@id\":\"https:\/\/joyasyasmin.com\/de\/#organization\",\"name\":\"joyas yasmin\",\"url\":\"https:\/\/joyasyasmin.com\/de\/\",\"logo\":{\"@type\":\"ImageObject\",\"inLanguage\":\"de\",\"@id\":\"https:\/\/joyasyasmin.com\/de\/#\/schema\/logo\/image\/\",\"url\":\"https:\/\/joyasyasmin.com\/wp-content\/uploads\/2017\/06\/IMG-20200429-WA0051.jpg\",\"contentUrl\":\"https:\/\/joyasyasmin.com\/wp-content\/uploads\/2017\/06\/IMG-20200429-WA0051.jpg\",\"width\":1080,\"height\":545,\"caption\":\"joyas yasmin\"},\"image\":{\"@id\":\"https:\/\/joyasyasmin.com\/de\/#\/schema\/logo\/image\/\"},\"sameAs\":[\"https:\/\/www.facebook.com\/Joyas-Yasmin-217664058934169\/\",\"https:\/\/www.instagram.com\/invites\/contact\/\"]}]}<\/script>\n<!-- \/ Yoast SEO plugin. -->","yoast_head_json":{"title":"Rafaela Halsband - Yasmin","description":"Der Halsreif Rafaela ist nicht nur ein modisches Statement, sondern auch Ausdruck von Pers\u00f6nlichkeit und gutem Geschmack. Hergestellt aus 925er Silber.","robots":{"index":"index","follow":"follow","max-snippet":"max-snippet:-1","max-image-preview":"max-image-preview:large","max-video-preview":"max-video-preview:-1"},"canonical":"https:\/\/joyasyasmin.com\/de\/producto\/rafaela-halsband\/","og_locale":"de_DE","og_title":"Rafaela Halsband - Yasmin","og_description":"Der Halsreif Rafaela ist nicht nur ein modisches Statement, sondern auch Ausdruck von Pers\u00f6nlichkeit und gutem Geschmack. Hergestellt aus 925er Silber.","og_url":"https:\/\/joyasyasmin.com\/de\/producto\/rafaela-halsband\/","og_site_name":"Yasmin","article_publisher":"https:\/\/www.facebook.com\/Joyas-Yasmin-217664058934169\/","article_modified_time":"2025-09-01T07:44:30+00:00","og_image":[{"width":1000,"height":1000,"url":"https:\/\/joyasyasmin.com\/wp-content\/uploads\/2024\/07\/collar-Rafaela-de-plata.jpg","type":"image\/jpeg"}],"twitter_card":"summary_large_image","schema":{"@context":"https:\/\/schema.org","@graph":[{"@type":["WebPage","ItemPage"],"@id":"https:\/\/joyasyasmin.com\/de\/producto\/rafaela-halsband\/","url":"https:\/\/joyasyasmin.com\/de\/producto\/rafaela-halsband\/","name":"Rafaela Halsband - Yasmin","isPartOf":{"@id":"https:\/\/joyasyasmin.com\/de\/#website"},"primaryImageOfPage":{"@id":"https:\/\/joyasyasmin.com\/de\/producto\/rafaela-halsband\/#primaryimage"},"image":{"@id":"https:\/\/joyasyasmin.com\/de\/producto\/rafaela-halsband\/#primaryimage"},"thumbnailUrl":"https:\/\/joyasyasmin.com\/wp-content\/uploads\/2024\/07\/collar-Rafaela-de-plata.jpg","datePublished":"2024-07-14T14:13:19+00:00","dateModified":"2025-09-01T07:44:30+00:00","description":"Der Halsreif Rafaela ist nicht nur ein modisches Statement, sondern auch Ausdruck von Pers\u00f6nlichkeit und gutem Geschmack. Hergestellt aus 925er Silber.","breadcrumb":{"@id":"https:\/\/joyasyasmin.com\/de\/producto\/rafaela-halsband\/#breadcrumb"},"inLanguage":"de","potentialAction":[{"@type":"ReadAction","target":["https:\/\/joyasyasmin.com\/de\/producto\/rafaela-halsband\/"]}]},{"@type":"ImageObject","inLanguage":"de","@id":"https:\/\/joyasyasmin.com\/de\/producto\/rafaela-halsband\/#primaryimage","url":"https:\/\/joyasyasmin.com\/wp-content\/uploads\/2024\/07\/collar-Rafaela-de-plata.jpg","contentUrl":"https:\/\/joyasyasmin.com\/wp-content\/uploads\/2024\/07\/collar-Rafaela-de-plata.jpg","width":1000,"height":1000,"caption":"Verkauf von Rafaela Silber Choker D Eley 925 L\u00e4nge von 45 + 3 cm. Es ist Silber D Eley 925"},{"@type":"BreadcrumbList","@id":"https:\/\/joyasyasmin.com\/de\/producto\/rafaela-halsband\/#breadcrumb","itemListElement":[{"@type":"ListItem","position":1,"name":"Portada","item":"https:\/\/joyasyasmin.com\/de\/heim\/"},{"@type":"ListItem","position":2,"name":"Shop","item":"https:\/\/joyasyasmin.com\/de\/shop\/"},{"@type":"ListItem","position":3,"name":"Rafaela Halsband"}]},{"@type":"WebSite","@id":"https:\/\/joyasyasmin.com\/de\/#website","url":"https:\/\/joyasyasmin.com\/de\/","name":"Yasmin","description":"Joyer\u00eda de Plata 925 - Pendientes, pulseras, anillos, colgantes y m\u00e1s!","publisher":{"@id":"https:\/\/joyasyasmin.com\/de\/#organization"},"potentialAction":[{"@type":"SearchAction","target":{"@type":"EntryPoint","urlTemplate":"https:\/\/joyasyasmin.com\/de\/?s={search_term_string}"},"query-input":{"@type":"PropertyValueSpecification","valueRequired":true,"valueName":"search_term_string"}}],"inLanguage":"de"},{"@type":"Organization","@id":"https:\/\/joyasyasmin.com\/de\/#organization","name":"joyas yasmin","url":"https:\/\/joyasyasmin.com\/de\/","logo":{"@type":"ImageObject","inLanguage":"de","@id":"https:\/\/joyasyasmin.com\/de\/#\/schema\/logo\/image\/","url":"https:\/\/joyasyasmin.com\/wp-content\/uploads\/2017\/06\/IMG-20200429-WA0051.jpg","contentUrl":"https:\/\/joyasyasmin.com\/wp-content\/uploads\/2017\/06\/IMG-20200429-WA0051.jpg","width":1080,"height":545,"caption":"joyas yasmin"},"image":{"@id":"https:\/\/joyasyasmin.com\/de\/#\/schema\/logo\/image\/"},"sameAs":["https:\/\/www.facebook.com\/Joyas-Yasmin-217664058934169\/","https:\/\/www.instagram.com\/invites\/contact\/"]}]}},"_links":{"self":[{"href":"https:\/\/joyasyasmin.com\/de\/wp-json\/wp\/v2\/product\/20120","targetHints":{"allow":["GET"]}}],"collection":[{"href":"https:\/\/joyasyasmin.com\/de\/wp-json\/wp\/v2\/product"}],"about":[{"href":"https:\/\/joyasyasmin.com\/de\/wp-json\/wp\/v2\/types\/product"}],"replies":[{"embeddable":true,"href":"https:\/\/joyasyasmin.com\/de\/wp-json\/wp\/v2\/comments?post=20120"}],"version-history":[{"count":1,"href":"https:\/\/joyasyasmin.com\/de\/wp-json\/wp\/v2\/product\/20120\/revisions"}],"predecessor-version":[{"id":34601,"href":"https:\/\/joyasyasmin.com\/de\/wp-json\/wp\/v2\/product\/20120\/revisions\/34601"}],"wp:featuredmedia":[{"embeddable":true,"href":"https:\/\/joyasyasmin.com\/de\/wp-json\/wp\/v2\/media\/20124"}],"wp:attachment":[{"href":"https:\/\/joyasyasmin.com\/de\/wp-json\/wp\/v2\/media?parent=20120"}],"wp:term":[{"taxonomy":"product_brand","embeddable":true,"href":"https:\/\/joyasyasmin.com\/de\/wp-json\/wp\/v2\/product_brand?post=20120"},{"taxonomy":"product_cat","embeddable":true,"href":"https:\/\/joyasyasmin.com\/de\/wp-json\/wp\/v2\/product_cat?post=20120"},{"taxonomy":"product_tag","embeddable":true,"href":"https:\/\/joyasyasmin.com\/de\/wp-json\/wp\/v2\/product_tag?post=20120"}],"curies":[{"name":"wp","href":"https:\/\/api.w.org\/{rel}","templated":true}]}}