{"id":20148,"date":"2024-07-18T12:32:33","date_gmt":"2024-07-18T12:32:33","guid":{"rendered":"https:\/\/joyasyasmin.com\/producto\/silberner-hexenknoten-anhaenger\/"},"modified":"2025-05-13T11:09:34","modified_gmt":"2025-05-13T11:09:34","slug":"silberner-hexenknoten-anhaenger","status":"publish","type":"product","link":"https:\/\/joyasyasmin.com\/de\/producto\/silberner-hexenknoten-anhaenger\/","title":{"rendered":"Silberner Hexenknoten-Anh\u00e4nger"},"content":{"rendered":"","protected":false},"excerpt":{"rendered":"<p>Der Hexenknoten, der traditionell als Symbol des Schutzes bekannt ist, ist eng miteinander verflochten und repr\u00e4sentiert die ewige Verbindung und Vereinigung des Geistigen und des Irdischen. Mit einer Breite von 3 cm und einer L\u00e4nge von 4 cm hat dieser Anh\u00e4nger eine beachtliche Gr\u00f6\u00dfe, die ihn perfekt macht, um in jedem Outfit im Mittelpunkt zu stehen. <\/p>\n<p>Die Kette, die diesen Anh\u00e4nger begleitet, ist, wenn die Option mit Kette gew\u00e4hlt wird, 3 mm breit und 45 cm lang, so dass der Anh\u00e4nger eine geeignete L\u00e4nge hat, um elegant auf der Brust zu sitzen. Es ist au\u00dferdem aus 925er Sterlingsilber gefertigt, was daf\u00fcr sorgt, dass das gesamte Set ein stimmiges und raffiniertes Erscheinungsbild beh\u00e4lt. <\/p>\n","protected":false},"featured_media":20151,"comment_status":"open","ping_status":"closed","template":"","meta":{"_acf_changed":false,"_joinchat":[]},"product_brand":[],"product_cat":[1874],"product_tag":[],"class_list":{"0":"post-20148","1":"product","2":"type-product","3":"status-publish","4":"has-post-thumbnail","6":"product_cat-anhanger","8":"first","9":"instock","10":"shipping-taxable","11":"purchasable","12":"product-type-variable"},"acf":[],"yoast_head":"<!-- This site is optimized with the Yoast SEO plugin v27.2 - https:\/\/yoast.com\/product\/yoast-seo-wordpress\/ -->\n<title>Silberner Hexenknoten-Anh\u00e4nger - Yasmin<\/title>\n<meta name=\"description\" content=\"Der Hexenknoten-Anh\u00e4nger aus 925er Sterlingsilber ist ein einzigartiges und elegantes St\u00fcck, das sich durch seine Symbolik und sein detailliertes Design auszeichnet. Amulett des Schutzes.\" \/>\n<meta name=\"robots\" content=\"index, follow, max-snippet:-1, max-image-preview:large, max-video-preview:-1\" \/>\n<link rel=\"canonical\" href=\"https:\/\/joyasyasmin.com\/de\/producto\/silberner-hexenknoten-anhaenger\/\" \/>\n<meta property=\"og:locale\" content=\"de_DE\" \/>\n<meta property=\"og:title\" content=\"Silberner Hexenknoten-Anh\u00e4nger - Yasmin\" \/>\n<meta property=\"og:description\" content=\"Der Hexenknoten-Anh\u00e4nger aus 925er Sterlingsilber ist ein einzigartiges und elegantes St\u00fcck, das sich durch seine Symbolik und sein detailliertes Design auszeichnet. Amulett des Schutzes.\" \/>\n<meta property=\"og:url\" content=\"https:\/\/joyasyasmin.com\/de\/producto\/silberner-hexenknoten-anhaenger\/\" \/>\n<meta property=\"og:site_name\" content=\"Yasmin\" \/>\n<meta property=\"article:publisher\" content=\"https:\/\/www.facebook.com\/Joyas-Yasmin-217664058934169\/\" \/>\n<meta property=\"article:modified_time\" content=\"2025-05-13T11:09:34+00:00\" \/>\n<meta property=\"og:image\" content=\"https:\/\/joyasyasmin.com\/wp-content\/uploads\/2024\/07\/colgante-de-plata-celta.jpg\" \/>\n\t<meta property=\"og:image:width\" content=\"1000\" \/>\n\t<meta property=\"og:image:height\" content=\"1000\" \/>\n\t<meta property=\"og:image:type\" content=\"image\/jpeg\" \/>\n<meta name=\"twitter:card\" content=\"summary_large_image\" \/>\n<script type=\"application\/ld+json\" class=\"yoast-schema-graph\">{\"@context\":\"https:\/\/schema.org\",\"@graph\":[{\"@type\":[\"WebPage\",\"ItemPage\"],\"@id\":\"https:\/\/joyasyasmin.com\/de\/producto\/silberner-hexenknoten-anhaenger\/\",\"url\":\"https:\/\/joyasyasmin.com\/de\/producto\/silberner-hexenknoten-anhaenger\/\",\"name\":\"Silberner Hexenknoten-Anh\u00e4nger - Yasmin\",\"isPartOf\":{\"@id\":\"https:\/\/joyasyasmin.com\/de\/#website\"},\"primaryImageOfPage\":{\"@id\":\"https:\/\/joyasyasmin.com\/de\/producto\/silberner-hexenknoten-anhaenger\/#primaryimage\"},\"image\":{\"@id\":\"https:\/\/joyasyasmin.com\/de\/producto\/silberner-hexenknoten-anhaenger\/#primaryimage\"},\"thumbnailUrl\":\"https:\/\/joyasyasmin.com\/wp-content\/uploads\/2024\/07\/colgante-de-plata-celta.jpg\",\"datePublished\":\"2024-07-18T12:32:33+00:00\",\"dateModified\":\"2025-05-13T11:09:34+00:00\",\"description\":\"Der Hexenknoten-Anh\u00e4nger aus 925er Sterlingsilber ist ein einzigartiges und elegantes St\u00fcck, das sich durch seine Symbolik und sein detailliertes Design auszeichnet. Amulett des Schutzes.\",\"breadcrumb\":{\"@id\":\"https:\/\/joyasyasmin.com\/de\/producto\/silberner-hexenknoten-anhaenger\/#breadcrumb\"},\"inLanguage\":\"de\",\"potentialAction\":[{\"@type\":\"ReadAction\",\"target\":[\"https:\/\/joyasyasmin.com\/de\/producto\/silberner-hexenknoten-anhaenger\/\"]}]},{\"@type\":\"ImageObject\",\"inLanguage\":\"de\",\"@id\":\"https:\/\/joyasyasmin.com\/de\/producto\/silberner-hexenknoten-anhaenger\/#primaryimage\",\"url\":\"https:\/\/joyasyasmin.com\/wp-content\/uploads\/2024\/07\/colgante-de-plata-celta.jpg\",\"contentUrl\":\"https:\/\/joyasyasmin.com\/wp-content\/uploads\/2024\/07\/colgante-de-plata-celta.jpg\",\"width\":1000,\"height\":1000,\"caption\":\"925 Sterling Silber keltischer Hexenknoten Anh\u00e4nger zu verkaufen\"},{\"@type\":\"BreadcrumbList\",\"@id\":\"https:\/\/joyasyasmin.com\/de\/producto\/silberner-hexenknoten-anhaenger\/#breadcrumb\",\"itemListElement\":[{\"@type\":\"ListItem\",\"position\":1,\"name\":\"Portada\",\"item\":\"https:\/\/joyasyasmin.com\/de\/heim\/\"},{\"@type\":\"ListItem\",\"position\":2,\"name\":\"Shop\",\"item\":\"https:\/\/joyasyasmin.com\/de\/shop\/\"},{\"@type\":\"ListItem\",\"position\":3,\"name\":\"Silberner Hexenknoten-Anh\u00e4nger\"}]},{\"@type\":\"WebSite\",\"@id\":\"https:\/\/joyasyasmin.com\/de\/#website\",\"url\":\"https:\/\/joyasyasmin.com\/de\/\",\"name\":\"Yasmin\",\"description\":\"Joyer\u00eda de Plata 925 - Pendientes, pulseras, anillos, colgantes y m\u00e1s!\",\"publisher\":{\"@id\":\"https:\/\/joyasyasmin.com\/de\/#organization\"},\"potentialAction\":[{\"@type\":\"SearchAction\",\"target\":{\"@type\":\"EntryPoint\",\"urlTemplate\":\"https:\/\/joyasyasmin.com\/de\/?s={search_term_string}\"},\"query-input\":{\"@type\":\"PropertyValueSpecification\",\"valueRequired\":true,\"valueName\":\"search_term_string\"}}],\"inLanguage\":\"de\"},{\"@type\":\"Organization\",\"@id\":\"https:\/\/joyasyasmin.com\/de\/#organization\",\"name\":\"joyas yasmin\",\"url\":\"https:\/\/joyasyasmin.com\/de\/\",\"logo\":{\"@type\":\"ImageObject\",\"inLanguage\":\"de\",\"@id\":\"https:\/\/joyasyasmin.com\/de\/#\/schema\/logo\/image\/\",\"url\":\"https:\/\/joyasyasmin.com\/wp-content\/uploads\/2017\/06\/IMG-20200429-WA0051.jpg\",\"contentUrl\":\"https:\/\/joyasyasmin.com\/wp-content\/uploads\/2017\/06\/IMG-20200429-WA0051.jpg\",\"width\":1080,\"height\":545,\"caption\":\"joyas yasmin\"},\"image\":{\"@id\":\"https:\/\/joyasyasmin.com\/de\/#\/schema\/logo\/image\/\"},\"sameAs\":[\"https:\/\/www.facebook.com\/Joyas-Yasmin-217664058934169\/\",\"https:\/\/www.instagram.com\/invites\/contact\/\"]}]}<\/script>\n<!-- \/ Yoast SEO plugin. -->","yoast_head_json":{"title":"Silberner Hexenknoten-Anh\u00e4nger - Yasmin","description":"Der Hexenknoten-Anh\u00e4nger aus 925er Sterlingsilber ist ein einzigartiges und elegantes St\u00fcck, das sich durch seine Symbolik und sein detailliertes Design auszeichnet. Amulett des Schutzes.","robots":{"index":"index","follow":"follow","max-snippet":"max-snippet:-1","max-image-preview":"max-image-preview:large","max-video-preview":"max-video-preview:-1"},"canonical":"https:\/\/joyasyasmin.com\/de\/producto\/silberner-hexenknoten-anhaenger\/","og_locale":"de_DE","og_title":"Silberner Hexenknoten-Anh\u00e4nger - Yasmin","og_description":"Der Hexenknoten-Anh\u00e4nger aus 925er Sterlingsilber ist ein einzigartiges und elegantes St\u00fcck, das sich durch seine Symbolik und sein detailliertes Design auszeichnet. Amulett des Schutzes.","og_url":"https:\/\/joyasyasmin.com\/de\/producto\/silberner-hexenknoten-anhaenger\/","og_site_name":"Yasmin","article_publisher":"https:\/\/www.facebook.com\/Joyas-Yasmin-217664058934169\/","article_modified_time":"2025-05-13T11:09:34+00:00","og_image":[{"width":1000,"height":1000,"url":"https:\/\/joyasyasmin.com\/wp-content\/uploads\/2024\/07\/colgante-de-plata-celta.jpg","type":"image\/jpeg"}],"twitter_card":"summary_large_image","schema":{"@context":"https:\/\/schema.org","@graph":[{"@type":["WebPage","ItemPage"],"@id":"https:\/\/joyasyasmin.com\/de\/producto\/silberner-hexenknoten-anhaenger\/","url":"https:\/\/joyasyasmin.com\/de\/producto\/silberner-hexenknoten-anhaenger\/","name":"Silberner Hexenknoten-Anh\u00e4nger - Yasmin","isPartOf":{"@id":"https:\/\/joyasyasmin.com\/de\/#website"},"primaryImageOfPage":{"@id":"https:\/\/joyasyasmin.com\/de\/producto\/silberner-hexenknoten-anhaenger\/#primaryimage"},"image":{"@id":"https:\/\/joyasyasmin.com\/de\/producto\/silberner-hexenknoten-anhaenger\/#primaryimage"},"thumbnailUrl":"https:\/\/joyasyasmin.com\/wp-content\/uploads\/2024\/07\/colgante-de-plata-celta.jpg","datePublished":"2024-07-18T12:32:33+00:00","dateModified":"2025-05-13T11:09:34+00:00","description":"Der Hexenknoten-Anh\u00e4nger aus 925er Sterlingsilber ist ein einzigartiges und elegantes St\u00fcck, das sich durch seine Symbolik und sein detailliertes Design auszeichnet. Amulett des Schutzes.","breadcrumb":{"@id":"https:\/\/joyasyasmin.com\/de\/producto\/silberner-hexenknoten-anhaenger\/#breadcrumb"},"inLanguage":"de","potentialAction":[{"@type":"ReadAction","target":["https:\/\/joyasyasmin.com\/de\/producto\/silberner-hexenknoten-anhaenger\/"]}]},{"@type":"ImageObject","inLanguage":"de","@id":"https:\/\/joyasyasmin.com\/de\/producto\/silberner-hexenknoten-anhaenger\/#primaryimage","url":"https:\/\/joyasyasmin.com\/wp-content\/uploads\/2024\/07\/colgante-de-plata-celta.jpg","contentUrl":"https:\/\/joyasyasmin.com\/wp-content\/uploads\/2024\/07\/colgante-de-plata-celta.jpg","width":1000,"height":1000,"caption":"925 Sterling Silber keltischer Hexenknoten Anh\u00e4nger zu verkaufen"},{"@type":"BreadcrumbList","@id":"https:\/\/joyasyasmin.com\/de\/producto\/silberner-hexenknoten-anhaenger\/#breadcrumb","itemListElement":[{"@type":"ListItem","position":1,"name":"Portada","item":"https:\/\/joyasyasmin.com\/de\/heim\/"},{"@type":"ListItem","position":2,"name":"Shop","item":"https:\/\/joyasyasmin.com\/de\/shop\/"},{"@type":"ListItem","position":3,"name":"Silberner Hexenknoten-Anh\u00e4nger"}]},{"@type":"WebSite","@id":"https:\/\/joyasyasmin.com\/de\/#website","url":"https:\/\/joyasyasmin.com\/de\/","name":"Yasmin","description":"Joyer\u00eda de Plata 925 - Pendientes, pulseras, anillos, colgantes y m\u00e1s!","publisher":{"@id":"https:\/\/joyasyasmin.com\/de\/#organization"},"potentialAction":[{"@type":"SearchAction","target":{"@type":"EntryPoint","urlTemplate":"https:\/\/joyasyasmin.com\/de\/?s={search_term_string}"},"query-input":{"@type":"PropertyValueSpecification","valueRequired":true,"valueName":"search_term_string"}}],"inLanguage":"de"},{"@type":"Organization","@id":"https:\/\/joyasyasmin.com\/de\/#organization","name":"joyas yasmin","url":"https:\/\/joyasyasmin.com\/de\/","logo":{"@type":"ImageObject","inLanguage":"de","@id":"https:\/\/joyasyasmin.com\/de\/#\/schema\/logo\/image\/","url":"https:\/\/joyasyasmin.com\/wp-content\/uploads\/2017\/06\/IMG-20200429-WA0051.jpg","contentUrl":"https:\/\/joyasyasmin.com\/wp-content\/uploads\/2017\/06\/IMG-20200429-WA0051.jpg","width":1080,"height":545,"caption":"joyas yasmin"},"image":{"@id":"https:\/\/joyasyasmin.com\/de\/#\/schema\/logo\/image\/"},"sameAs":["https:\/\/www.facebook.com\/Joyas-Yasmin-217664058934169\/","https:\/\/www.instagram.com\/invites\/contact\/"]}]}},"_links":{"self":[{"href":"https:\/\/joyasyasmin.com\/de\/wp-json\/wp\/v2\/product\/20148","targetHints":{"allow":["GET"]}}],"collection":[{"href":"https:\/\/joyasyasmin.com\/de\/wp-json\/wp\/v2\/product"}],"about":[{"href":"https:\/\/joyasyasmin.com\/de\/wp-json\/wp\/v2\/types\/product"}],"replies":[{"embeddable":true,"href":"https:\/\/joyasyasmin.com\/de\/wp-json\/wp\/v2\/comments?post=20148"}],"version-history":[{"count":1,"href":"https:\/\/joyasyasmin.com\/de\/wp-json\/wp\/v2\/product\/20148\/revisions"}],"predecessor-version":[{"id":32517,"href":"https:\/\/joyasyasmin.com\/de\/wp-json\/wp\/v2\/product\/20148\/revisions\/32517"}],"wp:featuredmedia":[{"embeddable":true,"href":"https:\/\/joyasyasmin.com\/de\/wp-json\/wp\/v2\/media\/20151"}],"wp:attachment":[{"href":"https:\/\/joyasyasmin.com\/de\/wp-json\/wp\/v2\/media?parent=20148"}],"wp:term":[{"taxonomy":"product_brand","embeddable":true,"href":"https:\/\/joyasyasmin.com\/de\/wp-json\/wp\/v2\/product_brand?post=20148"},{"taxonomy":"product_cat","embeddable":true,"href":"https:\/\/joyasyasmin.com\/de\/wp-json\/wp\/v2\/product_cat?post=20148"},{"taxonomy":"product_tag","embeddable":true,"href":"https:\/\/joyasyasmin.com\/de\/wp-json\/wp\/v2\/product_tag?post=20148"}],"curies":[{"name":"wp","href":"https:\/\/api.w.org\/{rel}","templated":true}]}}