{"id":20157,"date":"2024-07-15T09:49:02","date_gmt":"2024-07-15T09:49:02","guid":{"rendered":"https:\/\/joyasyasmin.com\/producto\/starres-drei-kugel-armband\/"},"modified":"2025-11-10T11:31:48","modified_gmt":"2025-11-10T11:31:48","slug":"starres-drei-kugel-armband","status":"publish","type":"product","link":"https:\/\/joyasyasmin.com\/de\/producto\/starres-drei-kugel-armband\/","title":{"rendered":"Starres Drei-Kugel-Armband"},"content":{"rendered":"","protected":false},"excerpt":{"rendered":"<p>Entdecken Sie die Eleganz und Schlichtheit unseres offenen 3-Kugel-Armbands aus 925er Silber. Dieses exquisite Schmuckst\u00fcck zeichnet sich durch ein modernes und minimalistisches Design aus, das sich perfekt f\u00fcr jeden Anlass eignet. Das Armband aus 925er Sterlingsilber sorgt f\u00fcr Langlebigkeit und einen lang anhaltenden Glanz, der jedes Outfit aufwertet.<\/p>\n<p>Die Struktur des Armbands ist starr und offen, so dass es leicht am Handgelenk angelegt und angepasst werden kann.<br \/>\nDetails zur Kugel in verschiedenen Gr\u00f6\u00dfen: An jedem Ende des Armbands befinden sich drei silberne Kugeln in verschiedenen Gr\u00f6\u00dfen, wobei die gr\u00f6\u00dfte Kugel 6 mm misst. Dieses einzigartige Design verleiht ihm eine unverwechselbare und elegante Note.<\/p>\n<p>Abmessungen: Das Armband hat einen Durchmesser von 60 mm und eine Dicke von 2 mm und bietet eine perfekte Kombination aus Zartheit und Robustheit.<br \/>\nMaterial: Hergestellt aus hochwertigem 925er Silber, garantiert Widerstandsf\u00e4higkeit und ein gl\u00e4nzendes Finish.<\/p>\n","protected":false},"featured_media":20161,"comment_status":"open","ping_status":"closed","template":"","meta":{"_acf_changed":false,"_joinchat":[]},"product_brand":[],"product_cat":[1787],"product_tag":[],"class_list":{"0":"post-20157","1":"product","2":"type-product","3":"status-publish","4":"has-post-thumbnail","6":"product_cat-armbander","8":"first","9":"instock","10":"shipping-taxable","11":"purchasable","12":"product-type-simple"},"acf":[],"yoast_head":"<!-- This site is optimized with the Yoast SEO plugin v27.2 - https:\/\/yoast.com\/product\/yoast-seo-wordpress\/ -->\n<title>Starres Drei-Kugel-Armband - Yasmin<\/title>\n<meta name=\"description\" content=\"Das Three-Ball Rigid Armband ist ein anspruchsvolles und modernes Schmuckst\u00fcck, das minimalistisches Design mit eleganten Details kombiniert, ideal f\u00fcr Ihre Looks.\" \/>\n<meta name=\"robots\" content=\"index, follow, max-snippet:-1, max-image-preview:large, max-video-preview:-1\" \/>\n<link rel=\"canonical\" href=\"https:\/\/joyasyasmin.com\/de\/producto\/starres-drei-kugel-armband\/\" \/>\n<meta property=\"og:locale\" content=\"de_DE\" \/>\n<meta property=\"og:title\" content=\"Starres Drei-Kugel-Armband - Yasmin\" \/>\n<meta property=\"og:description\" content=\"Das Three-Ball Rigid Armband ist ein anspruchsvolles und modernes Schmuckst\u00fcck, das minimalistisches Design mit eleganten Details kombiniert, ideal f\u00fcr Ihre Looks.\" \/>\n<meta property=\"og:url\" content=\"https:\/\/joyasyasmin.com\/de\/producto\/starres-drei-kugel-armband\/\" \/>\n<meta property=\"og:site_name\" content=\"Yasmin\" \/>\n<meta property=\"article:publisher\" content=\"https:\/\/www.facebook.com\/Joyas-Yasmin-217664058934169\/\" \/>\n<meta property=\"article:modified_time\" content=\"2025-11-10T11:31:48+00:00\" \/>\n<meta property=\"og:image\" content=\"https:\/\/joyasyasmin.com\/wp-content\/uploads\/2024\/07\/pulsera-rigida-bolas-de-plata.jpg\" \/>\n\t<meta property=\"og:image:width\" content=\"1000\" \/>\n\t<meta property=\"og:image:height\" content=\"1000\" \/>\n\t<meta property=\"og:image:type\" content=\"image\/jpeg\" \/>\n<meta name=\"twitter:card\" content=\"summary_large_image\" \/>\n<script type=\"application\/ld+json\" class=\"yoast-schema-graph\">{\"@context\":\"https:\/\/schema.org\",\"@graph\":[{\"@type\":[\"WebPage\",\"ItemPage\"],\"@id\":\"https:\/\/joyasyasmin.com\/de\/producto\/starres-drei-kugel-armband\/\",\"url\":\"https:\/\/joyasyasmin.com\/de\/producto\/starres-drei-kugel-armband\/\",\"name\":\"Starres Drei-Kugel-Armband - Yasmin\",\"isPartOf\":{\"@id\":\"https:\/\/joyasyasmin.com\/de\/#website\"},\"primaryImageOfPage\":{\"@id\":\"https:\/\/joyasyasmin.com\/de\/producto\/starres-drei-kugel-armband\/#primaryimage\"},\"image\":{\"@id\":\"https:\/\/joyasyasmin.com\/de\/producto\/starres-drei-kugel-armband\/#primaryimage\"},\"thumbnailUrl\":\"https:\/\/joyasyasmin.com\/wp-content\/uploads\/2024\/07\/pulsera-rigida-bolas-de-plata.jpg\",\"datePublished\":\"2024-07-15T09:49:02+00:00\",\"dateModified\":\"2025-11-10T11:31:48+00:00\",\"description\":\"Das Three-Ball Rigid Armband ist ein anspruchsvolles und modernes Schmuckst\u00fcck, das minimalistisches Design mit eleganten Details kombiniert, ideal f\u00fcr Ihre Looks.\",\"breadcrumb\":{\"@id\":\"https:\/\/joyasyasmin.com\/de\/producto\/starres-drei-kugel-armband\/#breadcrumb\"},\"inLanguage\":\"de\",\"potentialAction\":[{\"@type\":\"ReadAction\",\"target\":[\"https:\/\/joyasyasmin.com\/de\/producto\/starres-drei-kugel-armband\/\"]}]},{\"@type\":\"ImageObject\",\"inLanguage\":\"de\",\"@id\":\"https:\/\/joyasyasmin.com\/de\/producto\/starres-drei-kugel-armband\/#primaryimage\",\"url\":\"https:\/\/joyasyasmin.com\/wp-content\/uploads\/2024\/07\/pulsera-rigida-bolas-de-plata.jpg\",\"contentUrl\":\"https:\/\/joyasyasmin.com\/wp-content\/uploads\/2024\/07\/pulsera-rigida-bolas-de-plata.jpg\",\"width\":1000,\"height\":1000,\"caption\":\"925 Sterling Silber Drei Ball starres Armband zum Verkauf\"},{\"@type\":\"BreadcrumbList\",\"@id\":\"https:\/\/joyasyasmin.com\/de\/producto\/starres-drei-kugel-armband\/#breadcrumb\",\"itemListElement\":[{\"@type\":\"ListItem\",\"position\":1,\"name\":\"Portada\",\"item\":\"https:\/\/joyasyasmin.com\/de\/heim\/\"},{\"@type\":\"ListItem\",\"position\":2,\"name\":\"Shop\",\"item\":\"https:\/\/joyasyasmin.com\/de\/shop\/\"},{\"@type\":\"ListItem\",\"position\":3,\"name\":\"Starres Drei-Kugel-Armband\"}]},{\"@type\":\"WebSite\",\"@id\":\"https:\/\/joyasyasmin.com\/de\/#website\",\"url\":\"https:\/\/joyasyasmin.com\/de\/\",\"name\":\"Yasmin\",\"description\":\"Joyer\u00eda de Plata 925 - Pendientes, pulseras, anillos, colgantes y m\u00e1s!\",\"publisher\":{\"@id\":\"https:\/\/joyasyasmin.com\/de\/#organization\"},\"potentialAction\":[{\"@type\":\"SearchAction\",\"target\":{\"@type\":\"EntryPoint\",\"urlTemplate\":\"https:\/\/joyasyasmin.com\/de\/?s={search_term_string}\"},\"query-input\":{\"@type\":\"PropertyValueSpecification\",\"valueRequired\":true,\"valueName\":\"search_term_string\"}}],\"inLanguage\":\"de\"},{\"@type\":\"Organization\",\"@id\":\"https:\/\/joyasyasmin.com\/de\/#organization\",\"name\":\"joyas yasmin\",\"url\":\"https:\/\/joyasyasmin.com\/de\/\",\"logo\":{\"@type\":\"ImageObject\",\"inLanguage\":\"de\",\"@id\":\"https:\/\/joyasyasmin.com\/de\/#\/schema\/logo\/image\/\",\"url\":\"https:\/\/joyasyasmin.com\/wp-content\/uploads\/2017\/06\/IMG-20200429-WA0051.jpg\",\"contentUrl\":\"https:\/\/joyasyasmin.com\/wp-content\/uploads\/2017\/06\/IMG-20200429-WA0051.jpg\",\"width\":1080,\"height\":545,\"caption\":\"joyas yasmin\"},\"image\":{\"@id\":\"https:\/\/joyasyasmin.com\/de\/#\/schema\/logo\/image\/\"},\"sameAs\":[\"https:\/\/www.facebook.com\/Joyas-Yasmin-217664058934169\/\",\"https:\/\/www.instagram.com\/invites\/contact\/\"]}]}<\/script>\n<!-- \/ Yoast SEO plugin. -->","yoast_head_json":{"title":"Starres Drei-Kugel-Armband - Yasmin","description":"Das Three-Ball Rigid Armband ist ein anspruchsvolles und modernes Schmuckst\u00fcck, das minimalistisches Design mit eleganten Details kombiniert, ideal f\u00fcr Ihre Looks.","robots":{"index":"index","follow":"follow","max-snippet":"max-snippet:-1","max-image-preview":"max-image-preview:large","max-video-preview":"max-video-preview:-1"},"canonical":"https:\/\/joyasyasmin.com\/de\/producto\/starres-drei-kugel-armband\/","og_locale":"de_DE","og_title":"Starres Drei-Kugel-Armband - Yasmin","og_description":"Das Three-Ball Rigid Armband ist ein anspruchsvolles und modernes Schmuckst\u00fcck, das minimalistisches Design mit eleganten Details kombiniert, ideal f\u00fcr Ihre Looks.","og_url":"https:\/\/joyasyasmin.com\/de\/producto\/starres-drei-kugel-armband\/","og_site_name":"Yasmin","article_publisher":"https:\/\/www.facebook.com\/Joyas-Yasmin-217664058934169\/","article_modified_time":"2025-11-10T11:31:48+00:00","og_image":[{"width":1000,"height":1000,"url":"https:\/\/joyasyasmin.com\/wp-content\/uploads\/2024\/07\/pulsera-rigida-bolas-de-plata.jpg","type":"image\/jpeg"}],"twitter_card":"summary_large_image","schema":{"@context":"https:\/\/schema.org","@graph":[{"@type":["WebPage","ItemPage"],"@id":"https:\/\/joyasyasmin.com\/de\/producto\/starres-drei-kugel-armband\/","url":"https:\/\/joyasyasmin.com\/de\/producto\/starres-drei-kugel-armband\/","name":"Starres Drei-Kugel-Armband - Yasmin","isPartOf":{"@id":"https:\/\/joyasyasmin.com\/de\/#website"},"primaryImageOfPage":{"@id":"https:\/\/joyasyasmin.com\/de\/producto\/starres-drei-kugel-armband\/#primaryimage"},"image":{"@id":"https:\/\/joyasyasmin.com\/de\/producto\/starres-drei-kugel-armband\/#primaryimage"},"thumbnailUrl":"https:\/\/joyasyasmin.com\/wp-content\/uploads\/2024\/07\/pulsera-rigida-bolas-de-plata.jpg","datePublished":"2024-07-15T09:49:02+00:00","dateModified":"2025-11-10T11:31:48+00:00","description":"Das Three-Ball Rigid Armband ist ein anspruchsvolles und modernes Schmuckst\u00fcck, das minimalistisches Design mit eleganten Details kombiniert, ideal f\u00fcr Ihre Looks.","breadcrumb":{"@id":"https:\/\/joyasyasmin.com\/de\/producto\/starres-drei-kugel-armband\/#breadcrumb"},"inLanguage":"de","potentialAction":[{"@type":"ReadAction","target":["https:\/\/joyasyasmin.com\/de\/producto\/starres-drei-kugel-armband\/"]}]},{"@type":"ImageObject","inLanguage":"de","@id":"https:\/\/joyasyasmin.com\/de\/producto\/starres-drei-kugel-armband\/#primaryimage","url":"https:\/\/joyasyasmin.com\/wp-content\/uploads\/2024\/07\/pulsera-rigida-bolas-de-plata.jpg","contentUrl":"https:\/\/joyasyasmin.com\/wp-content\/uploads\/2024\/07\/pulsera-rigida-bolas-de-plata.jpg","width":1000,"height":1000,"caption":"925 Sterling Silber Drei Ball starres Armband zum Verkauf"},{"@type":"BreadcrumbList","@id":"https:\/\/joyasyasmin.com\/de\/producto\/starres-drei-kugel-armband\/#breadcrumb","itemListElement":[{"@type":"ListItem","position":1,"name":"Portada","item":"https:\/\/joyasyasmin.com\/de\/heim\/"},{"@type":"ListItem","position":2,"name":"Shop","item":"https:\/\/joyasyasmin.com\/de\/shop\/"},{"@type":"ListItem","position":3,"name":"Starres Drei-Kugel-Armband"}]},{"@type":"WebSite","@id":"https:\/\/joyasyasmin.com\/de\/#website","url":"https:\/\/joyasyasmin.com\/de\/","name":"Yasmin","description":"Joyer\u00eda de Plata 925 - Pendientes, pulseras, anillos, colgantes y m\u00e1s!","publisher":{"@id":"https:\/\/joyasyasmin.com\/de\/#organization"},"potentialAction":[{"@type":"SearchAction","target":{"@type":"EntryPoint","urlTemplate":"https:\/\/joyasyasmin.com\/de\/?s={search_term_string}"},"query-input":{"@type":"PropertyValueSpecification","valueRequired":true,"valueName":"search_term_string"}}],"inLanguage":"de"},{"@type":"Organization","@id":"https:\/\/joyasyasmin.com\/de\/#organization","name":"joyas yasmin","url":"https:\/\/joyasyasmin.com\/de\/","logo":{"@type":"ImageObject","inLanguage":"de","@id":"https:\/\/joyasyasmin.com\/de\/#\/schema\/logo\/image\/","url":"https:\/\/joyasyasmin.com\/wp-content\/uploads\/2017\/06\/IMG-20200429-WA0051.jpg","contentUrl":"https:\/\/joyasyasmin.com\/wp-content\/uploads\/2017\/06\/IMG-20200429-WA0051.jpg","width":1080,"height":545,"caption":"joyas yasmin"},"image":{"@id":"https:\/\/joyasyasmin.com\/de\/#\/schema\/logo\/image\/"},"sameAs":["https:\/\/www.facebook.com\/Joyas-Yasmin-217664058934169\/","https:\/\/www.instagram.com\/invites\/contact\/"]}]}},"_links":{"self":[{"href":"https:\/\/joyasyasmin.com\/de\/wp-json\/wp\/v2\/product\/20157","targetHints":{"allow":["GET"]}}],"collection":[{"href":"https:\/\/joyasyasmin.com\/de\/wp-json\/wp\/v2\/product"}],"about":[{"href":"https:\/\/joyasyasmin.com\/de\/wp-json\/wp\/v2\/types\/product"}],"replies":[{"embeddable":true,"href":"https:\/\/joyasyasmin.com\/de\/wp-json\/wp\/v2\/comments?post=20157"}],"version-history":[{"count":1,"href":"https:\/\/joyasyasmin.com\/de\/wp-json\/wp\/v2\/product\/20157\/revisions"}],"predecessor-version":[{"id":35774,"href":"https:\/\/joyasyasmin.com\/de\/wp-json\/wp\/v2\/product\/20157\/revisions\/35774"}],"wp:featuredmedia":[{"embeddable":true,"href":"https:\/\/joyasyasmin.com\/de\/wp-json\/wp\/v2\/media\/20161"}],"wp:attachment":[{"href":"https:\/\/joyasyasmin.com\/de\/wp-json\/wp\/v2\/media?parent=20157"}],"wp:term":[{"taxonomy":"product_brand","embeddable":true,"href":"https:\/\/joyasyasmin.com\/de\/wp-json\/wp\/v2\/product_brand?post=20157"},{"taxonomy":"product_cat","embeddable":true,"href":"https:\/\/joyasyasmin.com\/de\/wp-json\/wp\/v2\/product_cat?post=20157"},{"taxonomy":"product_tag","embeddable":true,"href":"https:\/\/joyasyasmin.com\/de\/wp-json\/wp\/v2\/product_tag?post=20157"}],"curies":[{"name":"wp","href":"https:\/\/api.w.org\/{rel}","templated":true}]}}