{"id":20213,"date":"2024-07-18T20:43:25","date_gmt":"2024-07-18T20:43:25","guid":{"rendered":"https:\/\/joyasyasmin.com\/producto\/du-und-ich-klingeln\/"},"modified":"2025-05-13T11:09:45","modified_gmt":"2025-05-13T11:09:45","slug":"du-und-ich-klingeln","status":"publish","type":"product","link":"https:\/\/joyasyasmin.com\/de\/producto\/du-und-ich-klingeln\/","title":{"rendered":"Du und ich klingeln"},"content":{"rendered":"","protected":false},"excerpt":{"rendered":"<p>Dieser Ring aus 925er Sterlingsilber, bekannt als &#8222;Tu y Yo&#8220;, zeichnet sich durch sein elegantes und zeitgem\u00e4\u00dfes Design aus. Mit einer Breite von 2 cm zeichnet sich dieses Accessoire durch seine bemerkenswerte Pr\u00e4senz und seinen k\u00fchnen Stil aus. 925er Sterlingsilber garantiert seine hohe Qualit\u00e4t und Haltbarkeit und bietet au\u00dfergew\u00f6hnlichen Glanz und Glanz, der den Test der Zeit besteht.  <\/p>\n<p>Bei der Ringherstellung, dem sogenannten Galvanoforming, handelt es sich um ein innovatives Verfahren, mit dem leichtere, aber ebenso robuste und detailreiche Schmuckst\u00fccke hergestellt werden k\u00f6nnen. Diese fortschrittliche Technik gew\u00e4hrleistet nicht nur die Festigkeit des Rings, sondern erm\u00f6glicht auch eine h\u00f6here Pr\u00e4zision bei den Designdetails, was zu einer glatten Oberfl\u00e4che und makellosen Oberfl\u00e4chen f\u00fchrt. <\/p>\n<p>Das Ringdesign &#8222;You and Me&#8220; besteht aus zwei B\u00e4ndern, die harmonisch ineinander greifen und die Vereinigung und Verbindung zwischen zwei Menschen symbolisieren. Diese Symbolik macht es zu einem perfekten Geschenk f\u00fcr besondere Anl\u00e4sse wie Jubil\u00e4en oder Verlobungen, die die Verbundenheit und Komplizenschaft zwischen zwei geliebten Menschen darstellen. <\/p>\n","protected":false},"featured_media":20218,"comment_status":"open","ping_status":"closed","template":"","meta":{"_acf_changed":false,"_joinchat":[]},"product_brand":[],"product_cat":[1850],"product_tag":[],"class_list":{"0":"post-20213","1":"product","2":"type-product","3":"status-publish","4":"has-post-thumbnail","6":"product_cat-ringe-ringe","8":"first","9":"instock","10":"shipping-taxable","11":"purchasable","12":"product-type-variable"},"acf":[],"yoast_head":"<!-- This site is optimized with the Yoast SEO plugin v27.3 - https:\/\/yoast.com\/product\/yoast-seo-wordpress\/ -->\n<title>Du und ich klingeln - Yasmin<\/title>\n<meta name=\"description\" content=\"Das Design des Tu y Yo Rings besteht aus zwei B\u00e4ndern, die harmonisch ineinander greifen und die Vereinigung und Verbindung zwischen zwei Menschen symbolisieren.\" \/>\n<meta name=\"robots\" content=\"index, follow, max-snippet:-1, max-image-preview:large, max-video-preview:-1\" \/>\n<link rel=\"canonical\" href=\"https:\/\/joyasyasmin.com\/de\/producto\/du-und-ich-klingeln\/\" \/>\n<meta property=\"og:locale\" content=\"de_DE\" \/>\n<meta property=\"og:title\" content=\"Du und ich klingeln - Yasmin\" \/>\n<meta property=\"og:description\" content=\"Das Design des Tu y Yo Rings besteht aus zwei B\u00e4ndern, die harmonisch ineinander greifen und die Vereinigung und Verbindung zwischen zwei Menschen symbolisieren.\" \/>\n<meta property=\"og:url\" content=\"https:\/\/joyasyasmin.com\/de\/producto\/du-und-ich-klingeln\/\" \/>\n<meta property=\"og:site_name\" content=\"Yasmin\" \/>\n<meta property=\"article:publisher\" content=\"https:\/\/www.facebook.com\/Joyas-Yasmin-217664058934169\/\" \/>\n<meta property=\"article:modified_time\" content=\"2025-05-13T11:09:45+00:00\" \/>\n<meta property=\"og:image\" content=\"https:\/\/joyasyasmin.com\/wp-content\/uploads\/2024\/07\/tu-y-yo-anillo.jpg\" \/>\n\t<meta property=\"og:image:width\" content=\"1000\" \/>\n\t<meta property=\"og:image:height\" content=\"1000\" \/>\n\t<meta property=\"og:image:type\" content=\"image\/jpeg\" \/>\n<meta name=\"twitter:card\" content=\"summary_large_image\" \/>\n<script type=\"application\/ld+json\" class=\"yoast-schema-graph\">{\"@context\":\"https:\\\/\\\/schema.org\",\"@graph\":[{\"@type\":[\"WebPage\",\"ItemPage\"],\"@id\":\"https:\\\/\\\/joyasyasmin.com\\\/de\\\/producto\\\/du-und-ich-klingeln\\\/\",\"url\":\"https:\\\/\\\/joyasyasmin.com\\\/de\\\/producto\\\/du-und-ich-klingeln\\\/\",\"name\":\"Du und ich klingeln - Yasmin\",\"isPartOf\":{\"@id\":\"https:\\\/\\\/joyasyasmin.com\\\/de\\\/#website\"},\"primaryImageOfPage\":{\"@id\":\"https:\\\/\\\/joyasyasmin.com\\\/de\\\/producto\\\/du-und-ich-klingeln\\\/#primaryimage\"},\"image\":{\"@id\":\"https:\\\/\\\/joyasyasmin.com\\\/de\\\/producto\\\/du-und-ich-klingeln\\\/#primaryimage\"},\"thumbnailUrl\":\"https:\\\/\\\/joyasyasmin.com\\\/wp-content\\\/uploads\\\/2024\\\/07\\\/tu-y-yo-anillo.jpg\",\"datePublished\":\"2024-07-18T20:43:25+00:00\",\"dateModified\":\"2025-05-13T11:09:45+00:00\",\"description\":\"Das Design des Tu y Yo Rings besteht aus zwei B\u00e4ndern, die harmonisch ineinander greifen und die Vereinigung und Verbindung zwischen zwei Menschen symbolisieren.\",\"breadcrumb\":{\"@id\":\"https:\\\/\\\/joyasyasmin.com\\\/de\\\/producto\\\/du-und-ich-klingeln\\\/#breadcrumb\"},\"inLanguage\":\"de\",\"potentialAction\":[{\"@type\":\"ReadAction\",\"target\":[\"https:\\\/\\\/joyasyasmin.com\\\/de\\\/producto\\\/du-und-ich-klingeln\\\/\"]}]},{\"@type\":\"ImageObject\",\"inLanguage\":\"de\",\"@id\":\"https:\\\/\\\/joyasyasmin.com\\\/de\\\/producto\\\/du-und-ich-klingeln\\\/#primaryimage\",\"url\":\"https:\\\/\\\/joyasyasmin.com\\\/wp-content\\\/uploads\\\/2024\\\/07\\\/tu-y-yo-anillo.jpg\",\"contentUrl\":\"https:\\\/\\\/joyasyasmin.com\\\/wp-content\\\/uploads\\\/2024\\\/07\\\/tu-y-yo-anillo.jpg\",\"width\":1000,\"height\":1000,\"caption\":\"Sterling Silber You &amp; Me Ring Verkauf\"},{\"@type\":\"BreadcrumbList\",\"@id\":\"https:\\\/\\\/joyasyasmin.com\\\/de\\\/producto\\\/du-und-ich-klingeln\\\/#breadcrumb\",\"itemListElement\":[{\"@type\":\"ListItem\",\"position\":1,\"name\":\"Portada\",\"item\":\"https:\\\/\\\/joyasyasmin.com\\\/de\\\/heim\\\/\"},{\"@type\":\"ListItem\",\"position\":2,\"name\":\"Shop\",\"item\":\"https:\\\/\\\/joyasyasmin.com\\\/de\\\/shop\\\/\"},{\"@type\":\"ListItem\",\"position\":3,\"name\":\"Du und ich klingeln\"}]},{\"@type\":\"WebSite\",\"@id\":\"https:\\\/\\\/joyasyasmin.com\\\/de\\\/#website\",\"url\":\"https:\\\/\\\/joyasyasmin.com\\\/de\\\/\",\"name\":\"Yasmin\",\"description\":\"Joyer\u00eda de Plata 925 - Pendientes, pulseras, anillos, colgantes y m\u00e1s!\",\"publisher\":{\"@id\":\"https:\\\/\\\/joyasyasmin.com\\\/de\\\/#organization\"},\"potentialAction\":[{\"@type\":\"SearchAction\",\"target\":{\"@type\":\"EntryPoint\",\"urlTemplate\":\"https:\\\/\\\/joyasyasmin.com\\\/de\\\/?s={search_term_string}\"},\"query-input\":{\"@type\":\"PropertyValueSpecification\",\"valueRequired\":true,\"valueName\":\"search_term_string\"}}],\"inLanguage\":\"de\"},{\"@type\":\"Organization\",\"@id\":\"https:\\\/\\\/joyasyasmin.com\\\/de\\\/#organization\",\"name\":\"joyas yasmin\",\"url\":\"https:\\\/\\\/joyasyasmin.com\\\/de\\\/\",\"logo\":{\"@type\":\"ImageObject\",\"inLanguage\":\"de\",\"@id\":\"https:\\\/\\\/joyasyasmin.com\\\/de\\\/#\\\/schema\\\/logo\\\/image\\\/\",\"url\":\"https:\\\/\\\/joyasyasmin.com\\\/wp-content\\\/uploads\\\/2017\\\/06\\\/IMG-20200429-WA0051.jpg\",\"contentUrl\":\"https:\\\/\\\/joyasyasmin.com\\\/wp-content\\\/uploads\\\/2017\\\/06\\\/IMG-20200429-WA0051.jpg\",\"width\":1080,\"height\":545,\"caption\":\"joyas yasmin\"},\"image\":{\"@id\":\"https:\\\/\\\/joyasyasmin.com\\\/de\\\/#\\\/schema\\\/logo\\\/image\\\/\"},\"sameAs\":[\"https:\\\/\\\/www.facebook.com\\\/Joyas-Yasmin-217664058934169\\\/\",\"https:\\\/\\\/www.instagram.com\\\/invites\\\/contact\\\/\"]}]}<\/script>\n<!-- \/ Yoast SEO plugin. -->","yoast_head_json":{"title":"Du und ich klingeln - Yasmin","description":"Das Design des Tu y Yo Rings besteht aus zwei B\u00e4ndern, die harmonisch ineinander greifen und die Vereinigung und Verbindung zwischen zwei Menschen symbolisieren.","robots":{"index":"index","follow":"follow","max-snippet":"max-snippet:-1","max-image-preview":"max-image-preview:large","max-video-preview":"max-video-preview:-1"},"canonical":"https:\/\/joyasyasmin.com\/de\/producto\/du-und-ich-klingeln\/","og_locale":"de_DE","og_title":"Du und ich klingeln - Yasmin","og_description":"Das Design des Tu y Yo Rings besteht aus zwei B\u00e4ndern, die harmonisch ineinander greifen und die Vereinigung und Verbindung zwischen zwei Menschen symbolisieren.","og_url":"https:\/\/joyasyasmin.com\/de\/producto\/du-und-ich-klingeln\/","og_site_name":"Yasmin","article_publisher":"https:\/\/www.facebook.com\/Joyas-Yasmin-217664058934169\/","article_modified_time":"2025-05-13T11:09:45+00:00","og_image":[{"width":1000,"height":1000,"url":"https:\/\/joyasyasmin.com\/wp-content\/uploads\/2024\/07\/tu-y-yo-anillo.jpg","type":"image\/jpeg"}],"twitter_card":"summary_large_image","schema":{"@context":"https:\/\/schema.org","@graph":[{"@type":["WebPage","ItemPage"],"@id":"https:\/\/joyasyasmin.com\/de\/producto\/du-und-ich-klingeln\/","url":"https:\/\/joyasyasmin.com\/de\/producto\/du-und-ich-klingeln\/","name":"Du und ich klingeln - Yasmin","isPartOf":{"@id":"https:\/\/joyasyasmin.com\/de\/#website"},"primaryImageOfPage":{"@id":"https:\/\/joyasyasmin.com\/de\/producto\/du-und-ich-klingeln\/#primaryimage"},"image":{"@id":"https:\/\/joyasyasmin.com\/de\/producto\/du-und-ich-klingeln\/#primaryimage"},"thumbnailUrl":"https:\/\/joyasyasmin.com\/wp-content\/uploads\/2024\/07\/tu-y-yo-anillo.jpg","datePublished":"2024-07-18T20:43:25+00:00","dateModified":"2025-05-13T11:09:45+00:00","description":"Das Design des Tu y Yo Rings besteht aus zwei B\u00e4ndern, die harmonisch ineinander greifen und die Vereinigung und Verbindung zwischen zwei Menschen symbolisieren.","breadcrumb":{"@id":"https:\/\/joyasyasmin.com\/de\/producto\/du-und-ich-klingeln\/#breadcrumb"},"inLanguage":"de","potentialAction":[{"@type":"ReadAction","target":["https:\/\/joyasyasmin.com\/de\/producto\/du-und-ich-klingeln\/"]}]},{"@type":"ImageObject","inLanguage":"de","@id":"https:\/\/joyasyasmin.com\/de\/producto\/du-und-ich-klingeln\/#primaryimage","url":"https:\/\/joyasyasmin.com\/wp-content\/uploads\/2024\/07\/tu-y-yo-anillo.jpg","contentUrl":"https:\/\/joyasyasmin.com\/wp-content\/uploads\/2024\/07\/tu-y-yo-anillo.jpg","width":1000,"height":1000,"caption":"Sterling Silber You &amp; Me Ring Verkauf"},{"@type":"BreadcrumbList","@id":"https:\/\/joyasyasmin.com\/de\/producto\/du-und-ich-klingeln\/#breadcrumb","itemListElement":[{"@type":"ListItem","position":1,"name":"Portada","item":"https:\/\/joyasyasmin.com\/de\/heim\/"},{"@type":"ListItem","position":2,"name":"Shop","item":"https:\/\/joyasyasmin.com\/de\/shop\/"},{"@type":"ListItem","position":3,"name":"Du und ich klingeln"}]},{"@type":"WebSite","@id":"https:\/\/joyasyasmin.com\/de\/#website","url":"https:\/\/joyasyasmin.com\/de\/","name":"Yasmin","description":"Joyer\u00eda de Plata 925 - Pendientes, pulseras, anillos, colgantes y m\u00e1s!","publisher":{"@id":"https:\/\/joyasyasmin.com\/de\/#organization"},"potentialAction":[{"@type":"SearchAction","target":{"@type":"EntryPoint","urlTemplate":"https:\/\/joyasyasmin.com\/de\/?s={search_term_string}"},"query-input":{"@type":"PropertyValueSpecification","valueRequired":true,"valueName":"search_term_string"}}],"inLanguage":"de"},{"@type":"Organization","@id":"https:\/\/joyasyasmin.com\/de\/#organization","name":"joyas yasmin","url":"https:\/\/joyasyasmin.com\/de\/","logo":{"@type":"ImageObject","inLanguage":"de","@id":"https:\/\/joyasyasmin.com\/de\/#\/schema\/logo\/image\/","url":"https:\/\/joyasyasmin.com\/wp-content\/uploads\/2017\/06\/IMG-20200429-WA0051.jpg","contentUrl":"https:\/\/joyasyasmin.com\/wp-content\/uploads\/2017\/06\/IMG-20200429-WA0051.jpg","width":1080,"height":545,"caption":"joyas yasmin"},"image":{"@id":"https:\/\/joyasyasmin.com\/de\/#\/schema\/logo\/image\/"},"sameAs":["https:\/\/www.facebook.com\/Joyas-Yasmin-217664058934169\/","https:\/\/www.instagram.com\/invites\/contact\/"]}]}},"_links":{"self":[{"href":"https:\/\/joyasyasmin.com\/de\/wp-json\/wp\/v2\/product\/20213","targetHints":{"allow":["GET"]}}],"collection":[{"href":"https:\/\/joyasyasmin.com\/de\/wp-json\/wp\/v2\/product"}],"about":[{"href":"https:\/\/joyasyasmin.com\/de\/wp-json\/wp\/v2\/types\/product"}],"replies":[{"embeddable":true,"href":"https:\/\/joyasyasmin.com\/de\/wp-json\/wp\/v2\/comments?post=20213"}],"version-history":[{"count":1,"href":"https:\/\/joyasyasmin.com\/de\/wp-json\/wp\/v2\/product\/20213\/revisions"}],"predecessor-version":[{"id":32524,"href":"https:\/\/joyasyasmin.com\/de\/wp-json\/wp\/v2\/product\/20213\/revisions\/32524"}],"wp:featuredmedia":[{"embeddable":true,"href":"https:\/\/joyasyasmin.com\/de\/wp-json\/wp\/v2\/media\/20218"}],"wp:attachment":[{"href":"https:\/\/joyasyasmin.com\/de\/wp-json\/wp\/v2\/media?parent=20213"}],"wp:term":[{"taxonomy":"product_brand","embeddable":true,"href":"https:\/\/joyasyasmin.com\/de\/wp-json\/wp\/v2\/product_brand?post=20213"},{"taxonomy":"product_cat","embeddable":true,"href":"https:\/\/joyasyasmin.com\/de\/wp-json\/wp\/v2\/product_cat?post=20213"},{"taxonomy":"product_tag","embeddable":true,"href":"https:\/\/joyasyasmin.com\/de\/wp-json\/wp\/v2\/product_tag?post=20213"}],"curies":[{"name":"wp","href":"https:\/\/api.w.org\/{rel}","templated":true}]}}