{"id":20299,"date":"2024-07-22T12:38:29","date_gmt":"2024-07-22T12:38:29","guid":{"rendered":"https:\/\/joyasyasmin.com\/producto\/vertraeumtes-armband\/"},"modified":"2025-05-13T11:09:49","modified_gmt":"2025-05-13T11:09:49","slug":"vertraeumtes-armband","status":"publish","type":"product","link":"https:\/\/joyasyasmin.com\/de\/producto\/vertraeumtes-armband\/","title":{"rendered":"Vertr\u00e4umtes Armband"},"content":{"rendered":"","protected":false},"excerpt":{"rendered":"<p>Entdecken Sie Eleganz und Symbolik in unserem handgefertigten Tr\u00e4umerarmband, das 2 mm Kunststeine in einer Vielzahl von hellen Farben mit zarten 1 mm Silberperlen kombiniert. Dieses St\u00fcck, 17 cm lang und 3 cm verl\u00e4ngert, bietet Vielseitigkeit in seiner Anpassung, um sich perfekt an Ihr Handgelenk anzupassen. <\/p>\n<p>Das Design ist sowohl in seiner schlichten Form als auch mit einem sch\u00f6nen Caravaca-Kreuz erh\u00e4ltlich, das einen Hauch von Spiritualit\u00e4t und Schutz verleiht. Das Caravaca-Kreuz ist bekannt daf\u00fcr, ein Symbol des Glaubens und des Schutzes zu sein, ideal f\u00fcr diejenigen, die eine besondere Verbindung zu ihrem Schmuck suchen. <\/p>\n<p>Unter den hervorgehobenen Farben sticht T\u00fcrkis durch seine Bedeutung von Gelassenheit, Ausgeglichenheit und Schutz hervor. Dieser Stein wird f\u00fcr seine F\u00e4higkeit gesch\u00e4tzt, Ruhe und geistige Klarheit zu bringen, was ihn perfekt f\u00fcr diejenigen macht, die inneren Frieden und einen klaren Geist suchen. <\/p>\n","protected":false},"featured_media":20303,"comment_status":"open","ping_status":"closed","template":"","meta":{"_acf_changed":false,"_joinchat":[]},"product_brand":[],"product_cat":[1787],"product_tag":[],"class_list":{"0":"post-20299","1":"product","2":"type-product","3":"status-publish","4":"has-post-thumbnail","6":"product_cat-armbander","8":"first","9":"instock","10":"shipping-taxable","11":"purchasable","12":"product-type-variable"},"acf":[],"yoast_head":"<!-- This site is optimized with the Yoast SEO plugin v27.3 - https:\/\/yoast.com\/product\/yoast-seo-wordpress\/ -->\n<title>Vertr\u00e4umtes Armband - Yasmin<\/title>\n<meta name=\"description\" content=\"Vertr\u00e4umtes handgefertigtes Armband, das 2 mm Kunststeine in verschiedenen hellen Farben mit zarten 1 mm Silberkugeln kombiniert. 925er Silber.\" \/>\n<meta name=\"robots\" content=\"index, follow, max-snippet:-1, max-image-preview:large, max-video-preview:-1\" \/>\n<link rel=\"canonical\" href=\"https:\/\/joyasyasmin.com\/de\/producto\/vertraeumtes-armband\/\" \/>\n<meta property=\"og:locale\" content=\"de_DE\" \/>\n<meta property=\"og:title\" content=\"Vertr\u00e4umtes Armband - Yasmin\" \/>\n<meta property=\"og:description\" content=\"Vertr\u00e4umtes handgefertigtes Armband, das 2 mm Kunststeine in verschiedenen hellen Farben mit zarten 1 mm Silberkugeln kombiniert. 925er Silber.\" \/>\n<meta property=\"og:url\" content=\"https:\/\/joyasyasmin.com\/de\/producto\/vertraeumtes-armband\/\" \/>\n<meta property=\"og:site_name\" content=\"Yasmin\" \/>\n<meta property=\"article:publisher\" content=\"https:\/\/www.facebook.com\/Joyas-Yasmin-217664058934169\/\" \/>\n<meta property=\"article:modified_time\" content=\"2025-05-13T11:09:49+00:00\" \/>\n<meta property=\"og:image\" content=\"https:\/\/joyasyasmin.com\/wp-content\/uploads\/2024\/07\/pulsera-sonadora-con-piedras-.jpg\" \/>\n\t<meta property=\"og:image:width\" content=\"1000\" \/>\n\t<meta property=\"og:image:height\" content=\"1000\" \/>\n\t<meta property=\"og:image:type\" content=\"image\/jpeg\" \/>\n<meta name=\"twitter:card\" content=\"summary_large_image\" \/>\n<script type=\"application\/ld+json\" class=\"yoast-schema-graph\">{\"@context\":\"https:\\\/\\\/schema.org\",\"@graph\":[{\"@type\":[\"WebPage\",\"ItemPage\"],\"@id\":\"https:\\\/\\\/joyasyasmin.com\\\/de\\\/producto\\\/vertraeumtes-armband\\\/\",\"url\":\"https:\\\/\\\/joyasyasmin.com\\\/de\\\/producto\\\/vertraeumtes-armband\\\/\",\"name\":\"Vertr\u00e4umtes Armband - Yasmin\",\"isPartOf\":{\"@id\":\"https:\\\/\\\/joyasyasmin.com\\\/de\\\/#website\"},\"primaryImageOfPage\":{\"@id\":\"https:\\\/\\\/joyasyasmin.com\\\/de\\\/producto\\\/vertraeumtes-armband\\\/#primaryimage\"},\"image\":{\"@id\":\"https:\\\/\\\/joyasyasmin.com\\\/de\\\/producto\\\/vertraeumtes-armband\\\/#primaryimage\"},\"thumbnailUrl\":\"https:\\\/\\\/joyasyasmin.com\\\/wp-content\\\/uploads\\\/2024\\\/07\\\/pulsera-sonadora-con-piedras-.jpg\",\"datePublished\":\"2024-07-22T12:38:29+00:00\",\"dateModified\":\"2025-05-13T11:09:49+00:00\",\"description\":\"Vertr\u00e4umtes handgefertigtes Armband, das 2 mm Kunststeine in verschiedenen hellen Farben mit zarten 1 mm Silberkugeln kombiniert. 925er Silber.\",\"breadcrumb\":{\"@id\":\"https:\\\/\\\/joyasyasmin.com\\\/de\\\/producto\\\/vertraeumtes-armband\\\/#breadcrumb\"},\"inLanguage\":\"de\",\"potentialAction\":[{\"@type\":\"ReadAction\",\"target\":[\"https:\\\/\\\/joyasyasmin.com\\\/de\\\/producto\\\/vertraeumtes-armband\\\/\"]}]},{\"@type\":\"ImageObject\",\"inLanguage\":\"de\",\"@id\":\"https:\\\/\\\/joyasyasmin.com\\\/de\\\/producto\\\/vertraeumtes-armband\\\/#primaryimage\",\"url\":\"https:\\\/\\\/joyasyasmin.com\\\/wp-content\\\/uploads\\\/2024\\\/07\\\/pulsera-sonadora-con-piedras-.jpg\",\"contentUrl\":\"https:\\\/\\\/joyasyasmin.com\\\/wp-content\\\/uploads\\\/2024\\\/07\\\/pulsera-sonadora-con-piedras-.jpg\",\"width\":1000,\"height\":1000,\"caption\":\"925 Sterling Silber Dreamer Armband zum Verkauf\"},{\"@type\":\"BreadcrumbList\",\"@id\":\"https:\\\/\\\/joyasyasmin.com\\\/de\\\/producto\\\/vertraeumtes-armband\\\/#breadcrumb\",\"itemListElement\":[{\"@type\":\"ListItem\",\"position\":1,\"name\":\"Portada\",\"item\":\"https:\\\/\\\/joyasyasmin.com\\\/de\\\/heim\\\/\"},{\"@type\":\"ListItem\",\"position\":2,\"name\":\"Shop\",\"item\":\"https:\\\/\\\/joyasyasmin.com\\\/de\\\/shop\\\/\"},{\"@type\":\"ListItem\",\"position\":3,\"name\":\"Vertr\u00e4umtes Armband\"}]},{\"@type\":\"WebSite\",\"@id\":\"https:\\\/\\\/joyasyasmin.com\\\/de\\\/#website\",\"url\":\"https:\\\/\\\/joyasyasmin.com\\\/de\\\/\",\"name\":\"Yasmin\",\"description\":\"Joyer\u00eda de Plata 925 - Pendientes, pulseras, anillos, colgantes y m\u00e1s!\",\"publisher\":{\"@id\":\"https:\\\/\\\/joyasyasmin.com\\\/de\\\/#organization\"},\"potentialAction\":[{\"@type\":\"SearchAction\",\"target\":{\"@type\":\"EntryPoint\",\"urlTemplate\":\"https:\\\/\\\/joyasyasmin.com\\\/de\\\/?s={search_term_string}\"},\"query-input\":{\"@type\":\"PropertyValueSpecification\",\"valueRequired\":true,\"valueName\":\"search_term_string\"}}],\"inLanguage\":\"de\"},{\"@type\":\"Organization\",\"@id\":\"https:\\\/\\\/joyasyasmin.com\\\/de\\\/#organization\",\"name\":\"joyas yasmin\",\"url\":\"https:\\\/\\\/joyasyasmin.com\\\/de\\\/\",\"logo\":{\"@type\":\"ImageObject\",\"inLanguage\":\"de\",\"@id\":\"https:\\\/\\\/joyasyasmin.com\\\/de\\\/#\\\/schema\\\/logo\\\/image\\\/\",\"url\":\"https:\\\/\\\/joyasyasmin.com\\\/wp-content\\\/uploads\\\/2017\\\/06\\\/IMG-20200429-WA0051.jpg\",\"contentUrl\":\"https:\\\/\\\/joyasyasmin.com\\\/wp-content\\\/uploads\\\/2017\\\/06\\\/IMG-20200429-WA0051.jpg\",\"width\":1080,\"height\":545,\"caption\":\"joyas yasmin\"},\"image\":{\"@id\":\"https:\\\/\\\/joyasyasmin.com\\\/de\\\/#\\\/schema\\\/logo\\\/image\\\/\"},\"sameAs\":[\"https:\\\/\\\/www.facebook.com\\\/Joyas-Yasmin-217664058934169\\\/\",\"https:\\\/\\\/www.instagram.com\\\/invites\\\/contact\\\/\"]}]}<\/script>\n<!-- \/ Yoast SEO plugin. -->","yoast_head_json":{"title":"Vertr\u00e4umtes Armband - Yasmin","description":"Vertr\u00e4umtes handgefertigtes Armband, das 2 mm Kunststeine in verschiedenen hellen Farben mit zarten 1 mm Silberkugeln kombiniert. 925er Silber.","robots":{"index":"index","follow":"follow","max-snippet":"max-snippet:-1","max-image-preview":"max-image-preview:large","max-video-preview":"max-video-preview:-1"},"canonical":"https:\/\/joyasyasmin.com\/de\/producto\/vertraeumtes-armband\/","og_locale":"de_DE","og_title":"Vertr\u00e4umtes Armband - Yasmin","og_description":"Vertr\u00e4umtes handgefertigtes Armband, das 2 mm Kunststeine in verschiedenen hellen Farben mit zarten 1 mm Silberkugeln kombiniert. 925er Silber.","og_url":"https:\/\/joyasyasmin.com\/de\/producto\/vertraeumtes-armband\/","og_site_name":"Yasmin","article_publisher":"https:\/\/www.facebook.com\/Joyas-Yasmin-217664058934169\/","article_modified_time":"2025-05-13T11:09:49+00:00","og_image":[{"width":1000,"height":1000,"url":"https:\/\/joyasyasmin.com\/wp-content\/uploads\/2024\/07\/pulsera-sonadora-con-piedras-.jpg","type":"image\/jpeg"}],"twitter_card":"summary_large_image","schema":{"@context":"https:\/\/schema.org","@graph":[{"@type":["WebPage","ItemPage"],"@id":"https:\/\/joyasyasmin.com\/de\/producto\/vertraeumtes-armband\/","url":"https:\/\/joyasyasmin.com\/de\/producto\/vertraeumtes-armband\/","name":"Vertr\u00e4umtes Armband - Yasmin","isPartOf":{"@id":"https:\/\/joyasyasmin.com\/de\/#website"},"primaryImageOfPage":{"@id":"https:\/\/joyasyasmin.com\/de\/producto\/vertraeumtes-armband\/#primaryimage"},"image":{"@id":"https:\/\/joyasyasmin.com\/de\/producto\/vertraeumtes-armband\/#primaryimage"},"thumbnailUrl":"https:\/\/joyasyasmin.com\/wp-content\/uploads\/2024\/07\/pulsera-sonadora-con-piedras-.jpg","datePublished":"2024-07-22T12:38:29+00:00","dateModified":"2025-05-13T11:09:49+00:00","description":"Vertr\u00e4umtes handgefertigtes Armband, das 2 mm Kunststeine in verschiedenen hellen Farben mit zarten 1 mm Silberkugeln kombiniert. 925er Silber.","breadcrumb":{"@id":"https:\/\/joyasyasmin.com\/de\/producto\/vertraeumtes-armband\/#breadcrumb"},"inLanguage":"de","potentialAction":[{"@type":"ReadAction","target":["https:\/\/joyasyasmin.com\/de\/producto\/vertraeumtes-armband\/"]}]},{"@type":"ImageObject","inLanguage":"de","@id":"https:\/\/joyasyasmin.com\/de\/producto\/vertraeumtes-armband\/#primaryimage","url":"https:\/\/joyasyasmin.com\/wp-content\/uploads\/2024\/07\/pulsera-sonadora-con-piedras-.jpg","contentUrl":"https:\/\/joyasyasmin.com\/wp-content\/uploads\/2024\/07\/pulsera-sonadora-con-piedras-.jpg","width":1000,"height":1000,"caption":"925 Sterling Silber Dreamer Armband zum Verkauf"},{"@type":"BreadcrumbList","@id":"https:\/\/joyasyasmin.com\/de\/producto\/vertraeumtes-armband\/#breadcrumb","itemListElement":[{"@type":"ListItem","position":1,"name":"Portada","item":"https:\/\/joyasyasmin.com\/de\/heim\/"},{"@type":"ListItem","position":2,"name":"Shop","item":"https:\/\/joyasyasmin.com\/de\/shop\/"},{"@type":"ListItem","position":3,"name":"Vertr\u00e4umtes Armband"}]},{"@type":"WebSite","@id":"https:\/\/joyasyasmin.com\/de\/#website","url":"https:\/\/joyasyasmin.com\/de\/","name":"Yasmin","description":"Joyer\u00eda de Plata 925 - Pendientes, pulseras, anillos, colgantes y m\u00e1s!","publisher":{"@id":"https:\/\/joyasyasmin.com\/de\/#organization"},"potentialAction":[{"@type":"SearchAction","target":{"@type":"EntryPoint","urlTemplate":"https:\/\/joyasyasmin.com\/de\/?s={search_term_string}"},"query-input":{"@type":"PropertyValueSpecification","valueRequired":true,"valueName":"search_term_string"}}],"inLanguage":"de"},{"@type":"Organization","@id":"https:\/\/joyasyasmin.com\/de\/#organization","name":"joyas yasmin","url":"https:\/\/joyasyasmin.com\/de\/","logo":{"@type":"ImageObject","inLanguage":"de","@id":"https:\/\/joyasyasmin.com\/de\/#\/schema\/logo\/image\/","url":"https:\/\/joyasyasmin.com\/wp-content\/uploads\/2017\/06\/IMG-20200429-WA0051.jpg","contentUrl":"https:\/\/joyasyasmin.com\/wp-content\/uploads\/2017\/06\/IMG-20200429-WA0051.jpg","width":1080,"height":545,"caption":"joyas yasmin"},"image":{"@id":"https:\/\/joyasyasmin.com\/de\/#\/schema\/logo\/image\/"},"sameAs":["https:\/\/www.facebook.com\/Joyas-Yasmin-217664058934169\/","https:\/\/www.instagram.com\/invites\/contact\/"]}]}},"_links":{"self":[{"href":"https:\/\/joyasyasmin.com\/de\/wp-json\/wp\/v2\/product\/20299","targetHints":{"allow":["GET"]}}],"collection":[{"href":"https:\/\/joyasyasmin.com\/de\/wp-json\/wp\/v2\/product"}],"about":[{"href":"https:\/\/joyasyasmin.com\/de\/wp-json\/wp\/v2\/types\/product"}],"replies":[{"embeddable":true,"href":"https:\/\/joyasyasmin.com\/de\/wp-json\/wp\/v2\/comments?post=20299"}],"version-history":[{"count":1,"href":"https:\/\/joyasyasmin.com\/de\/wp-json\/wp\/v2\/product\/20299\/revisions"}],"predecessor-version":[{"id":32526,"href":"https:\/\/joyasyasmin.com\/de\/wp-json\/wp\/v2\/product\/20299\/revisions\/32526"}],"wp:featuredmedia":[{"embeddable":true,"href":"https:\/\/joyasyasmin.com\/de\/wp-json\/wp\/v2\/media\/20303"}],"wp:attachment":[{"href":"https:\/\/joyasyasmin.com\/de\/wp-json\/wp\/v2\/media?parent=20299"}],"wp:term":[{"taxonomy":"product_brand","embeddable":true,"href":"https:\/\/joyasyasmin.com\/de\/wp-json\/wp\/v2\/product_brand?post=20299"},{"taxonomy":"product_cat","embeddable":true,"href":"https:\/\/joyasyasmin.com\/de\/wp-json\/wp\/v2\/product_cat?post=20299"},{"taxonomy":"product_tag","embeddable":true,"href":"https:\/\/joyasyasmin.com\/de\/wp-json\/wp\/v2\/product_tag?post=20299"}],"curies":[{"name":"wp","href":"https:\/\/api.w.org\/{rel}","templated":true}]}}