{"id":20350,"date":"2024-07-24T19:43:50","date_gmt":"2024-07-24T19:43:50","guid":{"rendered":"https:\/\/joyasyasmin.com\/producto\/duennes-kettenhalsband\/"},"modified":"2025-11-10T11:31:55","modified_gmt":"2025-11-10T11:31:55","slug":"duennes-kettenhalsband","status":"publish","type":"product","link":"https:\/\/joyasyasmin.com\/de\/producto\/duennes-kettenhalsband\/","title":{"rendered":"D\u00fcnnes Kettenhalsband"},"content":{"rendered":"","protected":false},"excerpt":{"rendered":"<p>Verleihen Sie Ihrem Look einen Hauch von Eleganz und Bedeutung mit unserem d\u00fcnnen Kettenhalsband mit Tropfen, perfekt f\u00fcr jeden Anlass. Dieses zarte Schmuckst\u00fcck aus 925er Sterlingsilber verf\u00fcgt \u00fcber einen tropfenf\u00f6rmigen Anh\u00e4nger, der in drei Edelsteinen erh\u00e4ltlich ist: Amethyst, gr\u00fcner Quarz und Tigerauge. Die 45 cm lange Kette wird mit einem Schiebeverschluss geliefert, mit dem Sie die L\u00e4nge anpassen k\u00f6nnen, um den gew\u00fcnschten Stil zu erzielen.  <\/p>\n<p><strong>Eigenschaften des Anh\u00e4ngers:<\/strong><\/p>\n<ul>\n<li><strong>Amethyst:<\/strong> Amethyst ist bekannt f\u00fcr seine F\u00e4higkeit, den Geist zu beruhigen und den inneren Frieden zu f\u00f6rdern, und ist ein Stein des Schutzes und der Spiritualit\u00e4t. Seine leuchtend violette Farbe verleiht ihm einen Hauch von Raffinesse und Gelassenheit. <\/li>\n<li><strong>Gr\u00fcner Quarz:<\/strong> Dieser Kristall wird mit Gesundheit und emotionalem Gleichgewicht in Verbindung gebracht. Gr\u00fcner Quarz soll Harmonie und allgemeines Wohlbefinden f\u00f6rdern und ein Talisman f\u00fcr Wohlstand und Wachstum sein. <\/li>\n<li><strong>Tigerauge:<\/strong> Das Tigerauge ist ein Stein der St\u00e4rke und des Mutes und ber\u00fchmt f\u00fcr seine F\u00e4higkeit, das Selbstvertrauen zu st\u00e4rken und vor Negativit\u00e4t zu sch\u00fctzen. Sein unverwechselbares goldbraunes Muster ist sowohl kraftvoll als auch fesselnd. <\/li>\n<\/ul>\n<p><strong>Produktspezifikationen:<\/strong><\/p>\n<ul>\n<li><strong>Material:<\/strong> 925 Sterling Silber<\/li>\n<li><strong>Kettenl\u00e4nge:<\/strong> 45 cm verstellbar<\/li>\n<li><strong>Gr\u00f6\u00dfe des Anh\u00e4ngers:<\/strong> 18 mm lang x 10 mm breit<\/li>\n<li><strong>Art des Verschlusses:<\/strong> Verstellbare Rutsche<\/li>\n<\/ul>\n","protected":false},"featured_media":20355,"comment_status":"open","ping_status":"closed","template":"","meta":{"_acf_changed":false,"_joinchat":[]},"product_brand":[],"product_cat":[1869],"product_tag":[],"class_list":{"0":"post-20350","1":"product","2":"type-product","3":"status-publish","4":"has-post-thumbnail","6":"product_cat-halsketten-de","8":"first","9":"instock","10":"shipping-taxable","11":"purchasable","12":"product-type-variable"},"acf":[],"yoast_head":"<!-- This site is optimized with the Yoast SEO plugin v27.2 - https:\/\/yoast.com\/product\/yoast-seo-wordpress\/ -->\n<title>D\u00fcnnes Kettenhalsband - Yasmin<\/title>\n<meta name=\"description\" content=\"Entdecken Sie unser d\u00fcnnes Drop-Chain-Halsband aus 925er Silber mit Drop-Anh\u00e4nger. Erh\u00e4ltlich in Amethyst, gr\u00fcnem Quarz oder Tigerauge.\" \/>\n<meta name=\"robots\" content=\"index, follow, max-snippet:-1, max-image-preview:large, max-video-preview:-1\" \/>\n<link rel=\"canonical\" href=\"https:\/\/joyasyasmin.com\/de\/producto\/duennes-kettenhalsband\/\" \/>\n<meta property=\"og:locale\" content=\"de_DE\" \/>\n<meta property=\"og:title\" content=\"D\u00fcnnes Kettenhalsband - Yasmin\" \/>\n<meta property=\"og:description\" content=\"Entdecken Sie unser d\u00fcnnes Drop-Chain-Halsband aus 925er Silber mit Drop-Anh\u00e4nger. Erh\u00e4ltlich in Amethyst, gr\u00fcnem Quarz oder Tigerauge.\" \/>\n<meta property=\"og:url\" content=\"https:\/\/joyasyasmin.com\/de\/producto\/duennes-kettenhalsband\/\" \/>\n<meta property=\"og:site_name\" content=\"Yasmin\" \/>\n<meta property=\"article:publisher\" content=\"https:\/\/www.facebook.com\/Joyas-Yasmin-217664058934169\/\" \/>\n<meta property=\"article:modified_time\" content=\"2025-11-10T11:31:55+00:00\" \/>\n<meta property=\"og:image\" content=\"https:\/\/joyasyasmin.com\/wp-content\/uploads\/2024\/07\/colgante-gota-ojo-de-tigre.jpg\" \/>\n\t<meta property=\"og:image:width\" content=\"1000\" \/>\n\t<meta property=\"og:image:height\" content=\"1000\" \/>\n\t<meta property=\"og:image:type\" content=\"image\/jpeg\" \/>\n<meta name=\"twitter:card\" content=\"summary_large_image\" \/>\n<script type=\"application\/ld+json\" class=\"yoast-schema-graph\">{\"@context\":\"https:\/\/schema.org\",\"@graph\":[{\"@type\":[\"WebPage\",\"ItemPage\"],\"@id\":\"https:\/\/joyasyasmin.com\/de\/producto\/duennes-kettenhalsband\/\",\"url\":\"https:\/\/joyasyasmin.com\/de\/producto\/duennes-kettenhalsband\/\",\"name\":\"D\u00fcnnes Kettenhalsband - Yasmin\",\"isPartOf\":{\"@id\":\"https:\/\/joyasyasmin.com\/de\/#website\"},\"primaryImageOfPage\":{\"@id\":\"https:\/\/joyasyasmin.com\/de\/producto\/duennes-kettenhalsband\/#primaryimage\"},\"image\":{\"@id\":\"https:\/\/joyasyasmin.com\/de\/producto\/duennes-kettenhalsband\/#primaryimage\"},\"thumbnailUrl\":\"https:\/\/joyasyasmin.com\/wp-content\/uploads\/2024\/07\/colgante-gota-ojo-de-tigre.jpg\",\"datePublished\":\"2024-07-24T19:43:50+00:00\",\"dateModified\":\"2025-11-10T11:31:55+00:00\",\"description\":\"Entdecken Sie unser d\u00fcnnes Drop-Chain-Halsband aus 925er Silber mit Drop-Anh\u00e4nger. Erh\u00e4ltlich in Amethyst, gr\u00fcnem Quarz oder Tigerauge.\",\"breadcrumb\":{\"@id\":\"https:\/\/joyasyasmin.com\/de\/producto\/duennes-kettenhalsband\/#breadcrumb\"},\"inLanguage\":\"de\",\"potentialAction\":[{\"@type\":\"ReadAction\",\"target\":[\"https:\/\/joyasyasmin.com\/de\/producto\/duennes-kettenhalsband\/\"]}]},{\"@type\":\"ImageObject\",\"inLanguage\":\"de\",\"@id\":\"https:\/\/joyasyasmin.com\/de\/producto\/duennes-kettenhalsband\/#primaryimage\",\"url\":\"https:\/\/joyasyasmin.com\/wp-content\/uploads\/2024\/07\/colgante-gota-ojo-de-tigre.jpg\",\"contentUrl\":\"https:\/\/joyasyasmin.com\/wp-content\/uploads\/2024\/07\/colgante-gota-ojo-de-tigre.jpg\",\"width\":1000,\"height\":1000,\"caption\":\"Collider und Choker Feine Tigerauge Naturstein Tropfenkette 925 Sterling Silber\"},{\"@type\":\"BreadcrumbList\",\"@id\":\"https:\/\/joyasyasmin.com\/de\/producto\/duennes-kettenhalsband\/#breadcrumb\",\"itemListElement\":[{\"@type\":\"ListItem\",\"position\":1,\"name\":\"Portada\",\"item\":\"https:\/\/joyasyasmin.com\/de\/heim\/\"},{\"@type\":\"ListItem\",\"position\":2,\"name\":\"Shop\",\"item\":\"https:\/\/joyasyasmin.com\/de\/shop\/\"},{\"@type\":\"ListItem\",\"position\":3,\"name\":\"D\u00fcnnes Kettenhalsband\"}]},{\"@type\":\"WebSite\",\"@id\":\"https:\/\/joyasyasmin.com\/de\/#website\",\"url\":\"https:\/\/joyasyasmin.com\/de\/\",\"name\":\"Yasmin\",\"description\":\"Joyer\u00eda de Plata 925 - Pendientes, pulseras, anillos, colgantes y m\u00e1s!\",\"publisher\":{\"@id\":\"https:\/\/joyasyasmin.com\/de\/#organization\"},\"potentialAction\":[{\"@type\":\"SearchAction\",\"target\":{\"@type\":\"EntryPoint\",\"urlTemplate\":\"https:\/\/joyasyasmin.com\/de\/?s={search_term_string}\"},\"query-input\":{\"@type\":\"PropertyValueSpecification\",\"valueRequired\":true,\"valueName\":\"search_term_string\"}}],\"inLanguage\":\"de\"},{\"@type\":\"Organization\",\"@id\":\"https:\/\/joyasyasmin.com\/de\/#organization\",\"name\":\"joyas yasmin\",\"url\":\"https:\/\/joyasyasmin.com\/de\/\",\"logo\":{\"@type\":\"ImageObject\",\"inLanguage\":\"de\",\"@id\":\"https:\/\/joyasyasmin.com\/de\/#\/schema\/logo\/image\/\",\"url\":\"https:\/\/joyasyasmin.com\/wp-content\/uploads\/2017\/06\/IMG-20200429-WA0051.jpg\",\"contentUrl\":\"https:\/\/joyasyasmin.com\/wp-content\/uploads\/2017\/06\/IMG-20200429-WA0051.jpg\",\"width\":1080,\"height\":545,\"caption\":\"joyas yasmin\"},\"image\":{\"@id\":\"https:\/\/joyasyasmin.com\/de\/#\/schema\/logo\/image\/\"},\"sameAs\":[\"https:\/\/www.facebook.com\/Joyas-Yasmin-217664058934169\/\",\"https:\/\/www.instagram.com\/invites\/contact\/\"]}]}<\/script>\n<!-- \/ Yoast SEO plugin. -->","yoast_head_json":{"title":"D\u00fcnnes Kettenhalsband - Yasmin","description":"Entdecken Sie unser d\u00fcnnes Drop-Chain-Halsband aus 925er Silber mit Drop-Anh\u00e4nger. Erh\u00e4ltlich in Amethyst, gr\u00fcnem Quarz oder Tigerauge.","robots":{"index":"index","follow":"follow","max-snippet":"max-snippet:-1","max-image-preview":"max-image-preview:large","max-video-preview":"max-video-preview:-1"},"canonical":"https:\/\/joyasyasmin.com\/de\/producto\/duennes-kettenhalsband\/","og_locale":"de_DE","og_title":"D\u00fcnnes Kettenhalsband - Yasmin","og_description":"Entdecken Sie unser d\u00fcnnes Drop-Chain-Halsband aus 925er Silber mit Drop-Anh\u00e4nger. Erh\u00e4ltlich in Amethyst, gr\u00fcnem Quarz oder Tigerauge.","og_url":"https:\/\/joyasyasmin.com\/de\/producto\/duennes-kettenhalsband\/","og_site_name":"Yasmin","article_publisher":"https:\/\/www.facebook.com\/Joyas-Yasmin-217664058934169\/","article_modified_time":"2025-11-10T11:31:55+00:00","og_image":[{"width":1000,"height":1000,"url":"https:\/\/joyasyasmin.com\/wp-content\/uploads\/2024\/07\/colgante-gota-ojo-de-tigre.jpg","type":"image\/jpeg"}],"twitter_card":"summary_large_image","schema":{"@context":"https:\/\/schema.org","@graph":[{"@type":["WebPage","ItemPage"],"@id":"https:\/\/joyasyasmin.com\/de\/producto\/duennes-kettenhalsband\/","url":"https:\/\/joyasyasmin.com\/de\/producto\/duennes-kettenhalsband\/","name":"D\u00fcnnes Kettenhalsband - Yasmin","isPartOf":{"@id":"https:\/\/joyasyasmin.com\/de\/#website"},"primaryImageOfPage":{"@id":"https:\/\/joyasyasmin.com\/de\/producto\/duennes-kettenhalsband\/#primaryimage"},"image":{"@id":"https:\/\/joyasyasmin.com\/de\/producto\/duennes-kettenhalsband\/#primaryimage"},"thumbnailUrl":"https:\/\/joyasyasmin.com\/wp-content\/uploads\/2024\/07\/colgante-gota-ojo-de-tigre.jpg","datePublished":"2024-07-24T19:43:50+00:00","dateModified":"2025-11-10T11:31:55+00:00","description":"Entdecken Sie unser d\u00fcnnes Drop-Chain-Halsband aus 925er Silber mit Drop-Anh\u00e4nger. Erh\u00e4ltlich in Amethyst, gr\u00fcnem Quarz oder Tigerauge.","breadcrumb":{"@id":"https:\/\/joyasyasmin.com\/de\/producto\/duennes-kettenhalsband\/#breadcrumb"},"inLanguage":"de","potentialAction":[{"@type":"ReadAction","target":["https:\/\/joyasyasmin.com\/de\/producto\/duennes-kettenhalsband\/"]}]},{"@type":"ImageObject","inLanguage":"de","@id":"https:\/\/joyasyasmin.com\/de\/producto\/duennes-kettenhalsband\/#primaryimage","url":"https:\/\/joyasyasmin.com\/wp-content\/uploads\/2024\/07\/colgante-gota-ojo-de-tigre.jpg","contentUrl":"https:\/\/joyasyasmin.com\/wp-content\/uploads\/2024\/07\/colgante-gota-ojo-de-tigre.jpg","width":1000,"height":1000,"caption":"Collider und Choker Feine Tigerauge Naturstein Tropfenkette 925 Sterling Silber"},{"@type":"BreadcrumbList","@id":"https:\/\/joyasyasmin.com\/de\/producto\/duennes-kettenhalsband\/#breadcrumb","itemListElement":[{"@type":"ListItem","position":1,"name":"Portada","item":"https:\/\/joyasyasmin.com\/de\/heim\/"},{"@type":"ListItem","position":2,"name":"Shop","item":"https:\/\/joyasyasmin.com\/de\/shop\/"},{"@type":"ListItem","position":3,"name":"D\u00fcnnes Kettenhalsband"}]},{"@type":"WebSite","@id":"https:\/\/joyasyasmin.com\/de\/#website","url":"https:\/\/joyasyasmin.com\/de\/","name":"Yasmin","description":"Joyer\u00eda de Plata 925 - Pendientes, pulseras, anillos, colgantes y m\u00e1s!","publisher":{"@id":"https:\/\/joyasyasmin.com\/de\/#organization"},"potentialAction":[{"@type":"SearchAction","target":{"@type":"EntryPoint","urlTemplate":"https:\/\/joyasyasmin.com\/de\/?s={search_term_string}"},"query-input":{"@type":"PropertyValueSpecification","valueRequired":true,"valueName":"search_term_string"}}],"inLanguage":"de"},{"@type":"Organization","@id":"https:\/\/joyasyasmin.com\/de\/#organization","name":"joyas yasmin","url":"https:\/\/joyasyasmin.com\/de\/","logo":{"@type":"ImageObject","inLanguage":"de","@id":"https:\/\/joyasyasmin.com\/de\/#\/schema\/logo\/image\/","url":"https:\/\/joyasyasmin.com\/wp-content\/uploads\/2017\/06\/IMG-20200429-WA0051.jpg","contentUrl":"https:\/\/joyasyasmin.com\/wp-content\/uploads\/2017\/06\/IMG-20200429-WA0051.jpg","width":1080,"height":545,"caption":"joyas yasmin"},"image":{"@id":"https:\/\/joyasyasmin.com\/de\/#\/schema\/logo\/image\/"},"sameAs":["https:\/\/www.facebook.com\/Joyas-Yasmin-217664058934169\/","https:\/\/www.instagram.com\/invites\/contact\/"]}]}},"_links":{"self":[{"href":"https:\/\/joyasyasmin.com\/de\/wp-json\/wp\/v2\/product\/20350","targetHints":{"allow":["GET"]}}],"collection":[{"href":"https:\/\/joyasyasmin.com\/de\/wp-json\/wp\/v2\/product"}],"about":[{"href":"https:\/\/joyasyasmin.com\/de\/wp-json\/wp\/v2\/types\/product"}],"replies":[{"embeddable":true,"href":"https:\/\/joyasyasmin.com\/de\/wp-json\/wp\/v2\/comments?post=20350"}],"version-history":[{"count":1,"href":"https:\/\/joyasyasmin.com\/de\/wp-json\/wp\/v2\/product\/20350\/revisions"}],"predecessor-version":[{"id":35781,"href":"https:\/\/joyasyasmin.com\/de\/wp-json\/wp\/v2\/product\/20350\/revisions\/35781"}],"wp:featuredmedia":[{"embeddable":true,"href":"https:\/\/joyasyasmin.com\/de\/wp-json\/wp\/v2\/media\/20355"}],"wp:attachment":[{"href":"https:\/\/joyasyasmin.com\/de\/wp-json\/wp\/v2\/media?parent=20350"}],"wp:term":[{"taxonomy":"product_brand","embeddable":true,"href":"https:\/\/joyasyasmin.com\/de\/wp-json\/wp\/v2\/product_brand?post=20350"},{"taxonomy":"product_cat","embeddable":true,"href":"https:\/\/joyasyasmin.com\/de\/wp-json\/wp\/v2\/product_cat?post=20350"},{"taxonomy":"product_tag","embeddable":true,"href":"https:\/\/joyasyasmin.com\/de\/wp-json\/wp\/v2\/product_tag?post=20350"}],"curies":[{"name":"wp","href":"https:\/\/api.w.org\/{rel}","templated":true}]}}