{"id":20364,"date":"2024-07-24T18:59:31","date_gmt":"2024-07-24T18:59:31","guid":{"rendered":"https:\/\/joyasyasmin.com\/producto\/druck-in-der-mitte-der-wade-buegel\/"},"modified":"2024-07-24T18:59:31","modified_gmt":"2024-07-24T18:59:31","slug":"druck-in-der-mitte-der-wade-buegel","status":"publish","type":"product","link":"https:\/\/joyasyasmin.com\/de\/producto\/druck-in-der-mitte-der-wade-buegel\/","title":{"rendered":"Druck in der Mitte der Wade B\u00fcgel"},"content":{"rendered":"","protected":false},"excerpt":{"rendered":"<p>Entdecken Sie zeitlose Eleganz mit unseren Druckb\u00fcgeln bis zur Wadenmitte, die sich perfekt f\u00fcr jeden Anlass eignen. Hergestellt aus hochwertigem 925er Sterlingsilber, zeichnen sich diese Creolen durch ihren Glanz und ihre Langlebigkeit aus. Ihr klassisches und vielseitiges Design macht sie ideal f\u00fcr den t\u00e4glichen Gebrauch und besondere Anl\u00e4sse. Erh\u00e4ltlich in verschiedenen Gr\u00f6\u00dfen, passen sich unsere halbhohen Creolen Ihren Vorlieben und Ihrem pers\u00f6nlichen Stil an. Mit einer Breite von 8 mm bieten sie eine subtile, aber wirkungsvolle Pr\u00e4senz und erg\u00e4nzen jedes Outfit mit einem raffinierten Touch. Ihr Druckknopfverschluss sorgt f\u00fcr einen sicheren und bequemen Sitz, sodass Sie sie den ganzen Tag \u00fcber sicher tragen k\u00f6nnen.  <\/p>\n","protected":false},"featured_media":20379,"comment_status":"open","ping_status":"closed","template":"","meta":{"_acf_changed":false,"_joinchat":[]},"product_brand":[],"product_cat":[1770],"product_tag":[],"class_list":{"0":"post-20364","1":"product","2":"type-product","3":"status-publish","4":"has-post-thumbnail","6":"product_cat-ohrringe-und-ohrringe","8":"first","9":"instock","10":"shipping-taxable","11":"purchasable","12":"product-type-variable"},"acf":[],"yoast_head":"<!-- This site is optimized with the Yoast SEO plugin v27.2 - https:\/\/yoast.com\/product\/yoast-seo-wordpress\/ -->\n<title>Druck in der Mitte der Wade B\u00fcgel - Yasmin<\/title>\n<meta name=\"description\" content=\"Kaufen Sie halbrunde Creolen mit 925er Silber Druck. Erh\u00e4ltlich in verschiedenen Gr\u00f6\u00dfen und mit einer Breite von 8 mm, sind sie leicht und stylisch. Geben Sie jetzt Ihre Bestellung auf!\" \/>\n<meta name=\"robots\" content=\"index, follow, max-snippet:-1, max-image-preview:large, max-video-preview:-1\" \/>\n<link rel=\"canonical\" href=\"https:\/\/joyasyasmin.com\/de\/producto\/druck-in-der-mitte-der-wade-buegel\/\" \/>\n<meta property=\"og:locale\" content=\"de_DE\" \/>\n<meta property=\"og:title\" content=\"Druck in der Mitte der Wade B\u00fcgel - Yasmin\" \/>\n<meta property=\"og:description\" content=\"Kaufen Sie halbrunde Creolen mit 925er Silber Druck. Erh\u00e4ltlich in verschiedenen Gr\u00f6\u00dfen und mit einer Breite von 8 mm, sind sie leicht und stylisch. Geben Sie jetzt Ihre Bestellung auf!\" \/>\n<meta property=\"og:url\" content=\"https:\/\/joyasyasmin.com\/de\/producto\/druck-in-der-mitte-der-wade-buegel\/\" \/>\n<meta property=\"og:site_name\" content=\"Yasmin\" \/>\n<meta property=\"article:publisher\" content=\"https:\/\/www.facebook.com\/Joyas-Yasmin-217664058934169\/\" \/>\n<meta property=\"og:image\" content=\"https:\/\/joyasyasmin.com\/wp-content\/uploads\/2024\/07\/aro-media-cana-con-presion.jpg\" \/>\n\t<meta property=\"og:image:width\" content=\"1000\" \/>\n\t<meta property=\"og:image:height\" content=\"1000\" \/>\n\t<meta property=\"og:image:type\" content=\"image\/jpeg\" \/>\n<meta name=\"twitter:card\" content=\"summary_large_image\" \/>\n<script type=\"application\/ld+json\" class=\"yoast-schema-graph\">{\"@context\":\"https:\/\/schema.org\",\"@graph\":[{\"@type\":[\"WebPage\",\"ItemPage\"],\"@id\":\"https:\/\/joyasyasmin.com\/de\/producto\/druck-in-der-mitte-der-wade-buegel\/\",\"url\":\"https:\/\/joyasyasmin.com\/de\/producto\/druck-in-der-mitte-der-wade-buegel\/\",\"name\":\"Druck in der Mitte der Wade B\u00fcgel - Yasmin\",\"isPartOf\":{\"@id\":\"https:\/\/joyasyasmin.com\/de\/#website\"},\"primaryImageOfPage\":{\"@id\":\"https:\/\/joyasyasmin.com\/de\/producto\/druck-in-der-mitte-der-wade-buegel\/#primaryimage\"},\"image\":{\"@id\":\"https:\/\/joyasyasmin.com\/de\/producto\/druck-in-der-mitte-der-wade-buegel\/#primaryimage\"},\"thumbnailUrl\":\"https:\/\/joyasyasmin.com\/wp-content\/uploads\/2024\/07\/aro-media-cana-con-presion.jpg\",\"datePublished\":\"2024-07-24T18:59:31+00:00\",\"description\":\"Kaufen Sie halbrunde Creolen mit 925er Silber Druck. Erh\u00e4ltlich in verschiedenen Gr\u00f6\u00dfen und mit einer Breite von 8 mm, sind sie leicht und stylisch. Geben Sie jetzt Ihre Bestellung auf!\",\"breadcrumb\":{\"@id\":\"https:\/\/joyasyasmin.com\/de\/producto\/druck-in-der-mitte-der-wade-buegel\/#breadcrumb\"},\"inLanguage\":\"de\",\"potentialAction\":[{\"@type\":\"ReadAction\",\"target\":[\"https:\/\/joyasyasmin.com\/de\/producto\/druck-in-der-mitte-der-wade-buegel\/\"]}]},{\"@type\":\"ImageObject\",\"inLanguage\":\"de\",\"@id\":\"https:\/\/joyasyasmin.com\/de\/producto\/druck-in-der-mitte-der-wade-buegel\/#primaryimage\",\"url\":\"https:\/\/joyasyasmin.com\/wp-content\/uploads\/2024\/07\/aro-media-cana-con-presion.jpg\",\"contentUrl\":\"https:\/\/joyasyasmin.com\/wp-content\/uploads\/2024\/07\/aro-media-cana-con-presion.jpg\",\"width\":1000,\"height\":1000},{\"@type\":\"BreadcrumbList\",\"@id\":\"https:\/\/joyasyasmin.com\/de\/producto\/druck-in-der-mitte-der-wade-buegel\/#breadcrumb\",\"itemListElement\":[{\"@type\":\"ListItem\",\"position\":1,\"name\":\"Portada\",\"item\":\"https:\/\/joyasyasmin.com\/de\/heim\/\"},{\"@type\":\"ListItem\",\"position\":2,\"name\":\"Shop\",\"item\":\"https:\/\/joyasyasmin.com\/de\/shop\/\"},{\"@type\":\"ListItem\",\"position\":3,\"name\":\"Druck in der Mitte der Wade B\u00fcgel\"}]},{\"@type\":\"WebSite\",\"@id\":\"https:\/\/joyasyasmin.com\/de\/#website\",\"url\":\"https:\/\/joyasyasmin.com\/de\/\",\"name\":\"Yasmin\",\"description\":\"Joyer\u00eda de Plata 925 - Pendientes, pulseras, anillos, colgantes y m\u00e1s!\",\"publisher\":{\"@id\":\"https:\/\/joyasyasmin.com\/de\/#organization\"},\"potentialAction\":[{\"@type\":\"SearchAction\",\"target\":{\"@type\":\"EntryPoint\",\"urlTemplate\":\"https:\/\/joyasyasmin.com\/de\/?s={search_term_string}\"},\"query-input\":{\"@type\":\"PropertyValueSpecification\",\"valueRequired\":true,\"valueName\":\"search_term_string\"}}],\"inLanguage\":\"de\"},{\"@type\":\"Organization\",\"@id\":\"https:\/\/joyasyasmin.com\/de\/#organization\",\"name\":\"joyas yasmin\",\"url\":\"https:\/\/joyasyasmin.com\/de\/\",\"logo\":{\"@type\":\"ImageObject\",\"inLanguage\":\"de\",\"@id\":\"https:\/\/joyasyasmin.com\/de\/#\/schema\/logo\/image\/\",\"url\":\"https:\/\/joyasyasmin.com\/wp-content\/uploads\/2017\/06\/IMG-20200429-WA0051.jpg\",\"contentUrl\":\"https:\/\/joyasyasmin.com\/wp-content\/uploads\/2017\/06\/IMG-20200429-WA0051.jpg\",\"width\":1080,\"height\":545,\"caption\":\"joyas yasmin\"},\"image\":{\"@id\":\"https:\/\/joyasyasmin.com\/de\/#\/schema\/logo\/image\/\"},\"sameAs\":[\"https:\/\/www.facebook.com\/Joyas-Yasmin-217664058934169\/\",\"https:\/\/www.instagram.com\/invites\/contact\/\"]}]}<\/script>\n<!-- \/ Yoast SEO plugin. -->","yoast_head_json":{"title":"Druck in der Mitte der Wade B\u00fcgel - Yasmin","description":"Kaufen Sie halbrunde Creolen mit 925er Silber Druck. Erh\u00e4ltlich in verschiedenen Gr\u00f6\u00dfen und mit einer Breite von 8 mm, sind sie leicht und stylisch. Geben Sie jetzt Ihre Bestellung auf!","robots":{"index":"index","follow":"follow","max-snippet":"max-snippet:-1","max-image-preview":"max-image-preview:large","max-video-preview":"max-video-preview:-1"},"canonical":"https:\/\/joyasyasmin.com\/de\/producto\/druck-in-der-mitte-der-wade-buegel\/","og_locale":"de_DE","og_title":"Druck in der Mitte der Wade B\u00fcgel - Yasmin","og_description":"Kaufen Sie halbrunde Creolen mit 925er Silber Druck. Erh\u00e4ltlich in verschiedenen Gr\u00f6\u00dfen und mit einer Breite von 8 mm, sind sie leicht und stylisch. Geben Sie jetzt Ihre Bestellung auf!","og_url":"https:\/\/joyasyasmin.com\/de\/producto\/druck-in-der-mitte-der-wade-buegel\/","og_site_name":"Yasmin","article_publisher":"https:\/\/www.facebook.com\/Joyas-Yasmin-217664058934169\/","og_image":[{"width":1000,"height":1000,"url":"https:\/\/joyasyasmin.com\/wp-content\/uploads\/2024\/07\/aro-media-cana-con-presion.jpg","type":"image\/jpeg"}],"twitter_card":"summary_large_image","schema":{"@context":"https:\/\/schema.org","@graph":[{"@type":["WebPage","ItemPage"],"@id":"https:\/\/joyasyasmin.com\/de\/producto\/druck-in-der-mitte-der-wade-buegel\/","url":"https:\/\/joyasyasmin.com\/de\/producto\/druck-in-der-mitte-der-wade-buegel\/","name":"Druck in der Mitte der Wade B\u00fcgel - Yasmin","isPartOf":{"@id":"https:\/\/joyasyasmin.com\/de\/#website"},"primaryImageOfPage":{"@id":"https:\/\/joyasyasmin.com\/de\/producto\/druck-in-der-mitte-der-wade-buegel\/#primaryimage"},"image":{"@id":"https:\/\/joyasyasmin.com\/de\/producto\/druck-in-der-mitte-der-wade-buegel\/#primaryimage"},"thumbnailUrl":"https:\/\/joyasyasmin.com\/wp-content\/uploads\/2024\/07\/aro-media-cana-con-presion.jpg","datePublished":"2024-07-24T18:59:31+00:00","description":"Kaufen Sie halbrunde Creolen mit 925er Silber Druck. Erh\u00e4ltlich in verschiedenen Gr\u00f6\u00dfen und mit einer Breite von 8 mm, sind sie leicht und stylisch. Geben Sie jetzt Ihre Bestellung auf!","breadcrumb":{"@id":"https:\/\/joyasyasmin.com\/de\/producto\/druck-in-der-mitte-der-wade-buegel\/#breadcrumb"},"inLanguage":"de","potentialAction":[{"@type":"ReadAction","target":["https:\/\/joyasyasmin.com\/de\/producto\/druck-in-der-mitte-der-wade-buegel\/"]}]},{"@type":"ImageObject","inLanguage":"de","@id":"https:\/\/joyasyasmin.com\/de\/producto\/druck-in-der-mitte-der-wade-buegel\/#primaryimage","url":"https:\/\/joyasyasmin.com\/wp-content\/uploads\/2024\/07\/aro-media-cana-con-presion.jpg","contentUrl":"https:\/\/joyasyasmin.com\/wp-content\/uploads\/2024\/07\/aro-media-cana-con-presion.jpg","width":1000,"height":1000},{"@type":"BreadcrumbList","@id":"https:\/\/joyasyasmin.com\/de\/producto\/druck-in-der-mitte-der-wade-buegel\/#breadcrumb","itemListElement":[{"@type":"ListItem","position":1,"name":"Portada","item":"https:\/\/joyasyasmin.com\/de\/heim\/"},{"@type":"ListItem","position":2,"name":"Shop","item":"https:\/\/joyasyasmin.com\/de\/shop\/"},{"@type":"ListItem","position":3,"name":"Druck in der Mitte der Wade B\u00fcgel"}]},{"@type":"WebSite","@id":"https:\/\/joyasyasmin.com\/de\/#website","url":"https:\/\/joyasyasmin.com\/de\/","name":"Yasmin","description":"Joyer\u00eda de Plata 925 - Pendientes, pulseras, anillos, colgantes y m\u00e1s!","publisher":{"@id":"https:\/\/joyasyasmin.com\/de\/#organization"},"potentialAction":[{"@type":"SearchAction","target":{"@type":"EntryPoint","urlTemplate":"https:\/\/joyasyasmin.com\/de\/?s={search_term_string}"},"query-input":{"@type":"PropertyValueSpecification","valueRequired":true,"valueName":"search_term_string"}}],"inLanguage":"de"},{"@type":"Organization","@id":"https:\/\/joyasyasmin.com\/de\/#organization","name":"joyas yasmin","url":"https:\/\/joyasyasmin.com\/de\/","logo":{"@type":"ImageObject","inLanguage":"de","@id":"https:\/\/joyasyasmin.com\/de\/#\/schema\/logo\/image\/","url":"https:\/\/joyasyasmin.com\/wp-content\/uploads\/2017\/06\/IMG-20200429-WA0051.jpg","contentUrl":"https:\/\/joyasyasmin.com\/wp-content\/uploads\/2017\/06\/IMG-20200429-WA0051.jpg","width":1080,"height":545,"caption":"joyas yasmin"},"image":{"@id":"https:\/\/joyasyasmin.com\/de\/#\/schema\/logo\/image\/"},"sameAs":["https:\/\/www.facebook.com\/Joyas-Yasmin-217664058934169\/","https:\/\/www.instagram.com\/invites\/contact\/"]}]}},"_links":{"self":[{"href":"https:\/\/joyasyasmin.com\/de\/wp-json\/wp\/v2\/product\/20364","targetHints":{"allow":["GET"]}}],"collection":[{"href":"https:\/\/joyasyasmin.com\/de\/wp-json\/wp\/v2\/product"}],"about":[{"href":"https:\/\/joyasyasmin.com\/de\/wp-json\/wp\/v2\/types\/product"}],"replies":[{"embeddable":true,"href":"https:\/\/joyasyasmin.com\/de\/wp-json\/wp\/v2\/comments?post=20364"}],"version-history":[{"count":0,"href":"https:\/\/joyasyasmin.com\/de\/wp-json\/wp\/v2\/product\/20364\/revisions"}],"wp:featuredmedia":[{"embeddable":true,"href":"https:\/\/joyasyasmin.com\/de\/wp-json\/wp\/v2\/media\/20379"}],"wp:attachment":[{"href":"https:\/\/joyasyasmin.com\/de\/wp-json\/wp\/v2\/media?parent=20364"}],"wp:term":[{"taxonomy":"product_brand","embeddable":true,"href":"https:\/\/joyasyasmin.com\/de\/wp-json\/wp\/v2\/product_brand?post=20364"},{"taxonomy":"product_cat","embeddable":true,"href":"https:\/\/joyasyasmin.com\/de\/wp-json\/wp\/v2\/product_cat?post=20364"},{"taxonomy":"product_tag","embeddable":true,"href":"https:\/\/joyasyasmin.com\/de\/wp-json\/wp\/v2\/product_tag?post=20364"}],"curies":[{"name":"wp","href":"https:\/\/api.w.org\/{rel}","templated":true}]}}