{"id":20418,"date":"2024-07-29T12:47:33","date_gmt":"2024-07-29T12:47:33","guid":{"rendered":"https:\/\/joyasyasmin.com\/producto\/tuerkis-schutzarmband\/"},"modified":"2025-09-01T07:44:38","modified_gmt":"2025-09-01T07:44:38","slug":"tuerkis-schutzarmband","status":"publish","type":"product","link":"https:\/\/joyasyasmin.com\/de\/producto\/tuerkis-schutzarmband\/","title":{"rendered":"T\u00fcrkis Schutzarmband"},"content":{"rendered":"","protected":false},"excerpt":{"rendered":"<p>Er misst 17 cm plus weitere 3 cm und sorgt so f\u00fcr eine bequeme und vielseitige Passform f\u00fcr jede Handgelenksgr\u00f6\u00dfe.<\/p>\n<p>Jedes Armband wird mit viel Liebe zum Detail handgefertigt und besteht aus Komponenten aus 925er Sterlingsilber, die h\u00f6chste Qualit\u00e4t und Haltbarkeit gew\u00e4hrleisten. T\u00fcrkis ist bekannt daf\u00fcr, ein Stein des Schutzes, der Gelassenheit und des Gleichgewichts zu sein. Es wird angenommen, dass dieser Stein die F\u00e4higkeit hat, den Tr\u00e4ger vor negativen Energien und \u00e4u\u00dferen Gefahren zu sch\u00fctzen und so eine Umgebung des Friedens und des Wohlbefindens zu f\u00f6rdern. Dar\u00fcber hinaus wird T\u00fcrkis f\u00fcr seine heilenden Eigenschaften gesch\u00e4tzt, sowohl k\u00f6rperlich als auch emotional, die helfen, Stress und Angstzust\u00e4nde abzubauen.   <\/p>\n<p>Sie k\u00f6nnen Ihr T\u00fcrkis-Schutzarmband nach Ihrem Stil und Ihren Vorlieben anpassen. Wir bieten die M\u00f6glichkeit, es allein zu bestellen, wobei das minimalistische und raffinierte Design beibehalten wird, oder mit einer 2 cm langen Manschette, die einen Hauch von Unterscheidung und Pr\u00e4senz verleiht. Diese Vielseitigkeit erm\u00f6glicht es dem Armband, sich an jeden Anlass anzupassen, sei es f\u00fcr den Alltag oder f\u00fcr besondere Anl\u00e4sse.  <\/p>\n","protected":false},"featured_media":20421,"comment_status":"open","ping_status":"closed","template":"","meta":{"_acf_changed":false,"_joinchat":[]},"product_brand":[],"product_cat":[1787],"product_tag":[],"class_list":{"0":"post-20418","1":"product","2":"type-product","3":"status-publish","4":"has-post-thumbnail","6":"product_cat-armbander","8":"first","9":"instock","10":"shipping-taxable","11":"purchasable","12":"product-type-variable"},"acf":[],"yoast_head":"<!-- This site is optimized with the Yoast SEO plugin v27.2 - https:\/\/yoast.com\/product\/yoast-seo-wordpress\/ -->\n<title>T\u00fcrkis Schutzarmband - Yasmin<\/title>\n<meta name=\"description\" content=\"Das t\u00fcrkisfarbene Schutzarmband ist mehr als ein Accessoire; Es ist ein Amulett, das Sie begleitet und Ihnen ein Gef\u00fchl von Sicherheit und Ruhe vermittelt. 925er Silber.\" \/>\n<meta name=\"robots\" content=\"index, follow, max-snippet:-1, max-image-preview:large, max-video-preview:-1\" \/>\n<link rel=\"canonical\" href=\"https:\/\/joyasyasmin.com\/de\/producto\/tuerkis-schutzarmband\/\" \/>\n<meta property=\"og:locale\" content=\"de_DE\" \/>\n<meta property=\"og:title\" content=\"T\u00fcrkis Schutzarmband - Yasmin\" \/>\n<meta property=\"og:description\" content=\"Das t\u00fcrkisfarbene Schutzarmband ist mehr als ein Accessoire; Es ist ein Amulett, das Sie begleitet und Ihnen ein Gef\u00fchl von Sicherheit und Ruhe vermittelt. 925er Silber.\" \/>\n<meta property=\"og:url\" content=\"https:\/\/joyasyasmin.com\/de\/producto\/tuerkis-schutzarmband\/\" \/>\n<meta property=\"og:site_name\" content=\"Yasmin\" \/>\n<meta property=\"article:publisher\" content=\"https:\/\/www.facebook.com\/Joyas-Yasmin-217664058934169\/\" \/>\n<meta property=\"article:modified_time\" content=\"2025-09-01T07:44:38+00:00\" \/>\n<meta property=\"og:image\" content=\"https:\/\/joyasyasmin.com\/wp-content\/uploads\/2024\/07\/pulsera-proteccion-turquesa.jpg\" \/>\n\t<meta property=\"og:image:width\" content=\"1000\" \/>\n\t<meta property=\"og:image:height\" content=\"1000\" \/>\n\t<meta property=\"og:image:type\" content=\"image\/jpeg\" \/>\n<meta name=\"twitter:card\" content=\"summary_large_image\" \/>\n<script type=\"application\/ld+json\" class=\"yoast-schema-graph\">{\"@context\":\"https:\/\/schema.org\",\"@graph\":[{\"@type\":[\"WebPage\",\"ItemPage\"],\"@id\":\"https:\/\/joyasyasmin.com\/de\/producto\/tuerkis-schutzarmband\/\",\"url\":\"https:\/\/joyasyasmin.com\/de\/producto\/tuerkis-schutzarmband\/\",\"name\":\"T\u00fcrkis Schutzarmband - Yasmin\",\"isPartOf\":{\"@id\":\"https:\/\/joyasyasmin.com\/de\/#website\"},\"primaryImageOfPage\":{\"@id\":\"https:\/\/joyasyasmin.com\/de\/producto\/tuerkis-schutzarmband\/#primaryimage\"},\"image\":{\"@id\":\"https:\/\/joyasyasmin.com\/de\/producto\/tuerkis-schutzarmband\/#primaryimage\"},\"thumbnailUrl\":\"https:\/\/joyasyasmin.com\/wp-content\/uploads\/2024\/07\/pulsera-proteccion-turquesa.jpg\",\"datePublished\":\"2024-07-29T12:47:33+00:00\",\"dateModified\":\"2025-09-01T07:44:38+00:00\",\"description\":\"Das t\u00fcrkisfarbene Schutzarmband ist mehr als ein Accessoire; Es ist ein Amulett, das Sie begleitet und Ihnen ein Gef\u00fchl von Sicherheit und Ruhe vermittelt. 925er Silber.\",\"breadcrumb\":{\"@id\":\"https:\/\/joyasyasmin.com\/de\/producto\/tuerkis-schutzarmband\/#breadcrumb\"},\"inLanguage\":\"de\",\"potentialAction\":[{\"@type\":\"ReadAction\",\"target\":[\"https:\/\/joyasyasmin.com\/de\/producto\/tuerkis-schutzarmband\/\"]}]},{\"@type\":\"ImageObject\",\"inLanguage\":\"de\",\"@id\":\"https:\/\/joyasyasmin.com\/de\/producto\/tuerkis-schutzarmband\/#primaryimage\",\"url\":\"https:\/\/joyasyasmin.com\/wp-content\/uploads\/2024\/07\/pulsera-proteccion-turquesa.jpg\",\"contentUrl\":\"https:\/\/joyasyasmin.com\/wp-content\/uploads\/2024\/07\/pulsera-proteccion-turquesa.jpg\",\"width\":1000,\"height\":1000,\"caption\":\"925 Sterling Silber T\u00fcrkis Schutzarmband zum Verkauf\"},{\"@type\":\"BreadcrumbList\",\"@id\":\"https:\/\/joyasyasmin.com\/de\/producto\/tuerkis-schutzarmband\/#breadcrumb\",\"itemListElement\":[{\"@type\":\"ListItem\",\"position\":1,\"name\":\"Portada\",\"item\":\"https:\/\/joyasyasmin.com\/de\/heim\/\"},{\"@type\":\"ListItem\",\"position\":2,\"name\":\"Shop\",\"item\":\"https:\/\/joyasyasmin.com\/de\/shop\/\"},{\"@type\":\"ListItem\",\"position\":3,\"name\":\"T\u00fcrkis Schutzarmband\"}]},{\"@type\":\"WebSite\",\"@id\":\"https:\/\/joyasyasmin.com\/de\/#website\",\"url\":\"https:\/\/joyasyasmin.com\/de\/\",\"name\":\"Yasmin\",\"description\":\"Joyer\u00eda de Plata 925 - Pendientes, pulseras, anillos, colgantes y m\u00e1s!\",\"publisher\":{\"@id\":\"https:\/\/joyasyasmin.com\/de\/#organization\"},\"potentialAction\":[{\"@type\":\"SearchAction\",\"target\":{\"@type\":\"EntryPoint\",\"urlTemplate\":\"https:\/\/joyasyasmin.com\/de\/?s={search_term_string}\"},\"query-input\":{\"@type\":\"PropertyValueSpecification\",\"valueRequired\":true,\"valueName\":\"search_term_string\"}}],\"inLanguage\":\"de\"},{\"@type\":\"Organization\",\"@id\":\"https:\/\/joyasyasmin.com\/de\/#organization\",\"name\":\"joyas yasmin\",\"url\":\"https:\/\/joyasyasmin.com\/de\/\",\"logo\":{\"@type\":\"ImageObject\",\"inLanguage\":\"de\",\"@id\":\"https:\/\/joyasyasmin.com\/de\/#\/schema\/logo\/image\/\",\"url\":\"https:\/\/joyasyasmin.com\/wp-content\/uploads\/2017\/06\/IMG-20200429-WA0051.jpg\",\"contentUrl\":\"https:\/\/joyasyasmin.com\/wp-content\/uploads\/2017\/06\/IMG-20200429-WA0051.jpg\",\"width\":1080,\"height\":545,\"caption\":\"joyas yasmin\"},\"image\":{\"@id\":\"https:\/\/joyasyasmin.com\/de\/#\/schema\/logo\/image\/\"},\"sameAs\":[\"https:\/\/www.facebook.com\/Joyas-Yasmin-217664058934169\/\",\"https:\/\/www.instagram.com\/invites\/contact\/\"]}]}<\/script>\n<!-- \/ Yoast SEO plugin. -->","yoast_head_json":{"title":"T\u00fcrkis Schutzarmband - Yasmin","description":"Das t\u00fcrkisfarbene Schutzarmband ist mehr als ein Accessoire; Es ist ein Amulett, das Sie begleitet und Ihnen ein Gef\u00fchl von Sicherheit und Ruhe vermittelt. 925er Silber.","robots":{"index":"index","follow":"follow","max-snippet":"max-snippet:-1","max-image-preview":"max-image-preview:large","max-video-preview":"max-video-preview:-1"},"canonical":"https:\/\/joyasyasmin.com\/de\/producto\/tuerkis-schutzarmband\/","og_locale":"de_DE","og_title":"T\u00fcrkis Schutzarmband - Yasmin","og_description":"Das t\u00fcrkisfarbene Schutzarmband ist mehr als ein Accessoire; Es ist ein Amulett, das Sie begleitet und Ihnen ein Gef\u00fchl von Sicherheit und Ruhe vermittelt. 925er Silber.","og_url":"https:\/\/joyasyasmin.com\/de\/producto\/tuerkis-schutzarmband\/","og_site_name":"Yasmin","article_publisher":"https:\/\/www.facebook.com\/Joyas-Yasmin-217664058934169\/","article_modified_time":"2025-09-01T07:44:38+00:00","og_image":[{"width":1000,"height":1000,"url":"https:\/\/joyasyasmin.com\/wp-content\/uploads\/2024\/07\/pulsera-proteccion-turquesa.jpg","type":"image\/jpeg"}],"twitter_card":"summary_large_image","schema":{"@context":"https:\/\/schema.org","@graph":[{"@type":["WebPage","ItemPage"],"@id":"https:\/\/joyasyasmin.com\/de\/producto\/tuerkis-schutzarmband\/","url":"https:\/\/joyasyasmin.com\/de\/producto\/tuerkis-schutzarmband\/","name":"T\u00fcrkis Schutzarmband - Yasmin","isPartOf":{"@id":"https:\/\/joyasyasmin.com\/de\/#website"},"primaryImageOfPage":{"@id":"https:\/\/joyasyasmin.com\/de\/producto\/tuerkis-schutzarmband\/#primaryimage"},"image":{"@id":"https:\/\/joyasyasmin.com\/de\/producto\/tuerkis-schutzarmband\/#primaryimage"},"thumbnailUrl":"https:\/\/joyasyasmin.com\/wp-content\/uploads\/2024\/07\/pulsera-proteccion-turquesa.jpg","datePublished":"2024-07-29T12:47:33+00:00","dateModified":"2025-09-01T07:44:38+00:00","description":"Das t\u00fcrkisfarbene Schutzarmband ist mehr als ein Accessoire; Es ist ein Amulett, das Sie begleitet und Ihnen ein Gef\u00fchl von Sicherheit und Ruhe vermittelt. 925er Silber.","breadcrumb":{"@id":"https:\/\/joyasyasmin.com\/de\/producto\/tuerkis-schutzarmband\/#breadcrumb"},"inLanguage":"de","potentialAction":[{"@type":"ReadAction","target":["https:\/\/joyasyasmin.com\/de\/producto\/tuerkis-schutzarmband\/"]}]},{"@type":"ImageObject","inLanguage":"de","@id":"https:\/\/joyasyasmin.com\/de\/producto\/tuerkis-schutzarmband\/#primaryimage","url":"https:\/\/joyasyasmin.com\/wp-content\/uploads\/2024\/07\/pulsera-proteccion-turquesa.jpg","contentUrl":"https:\/\/joyasyasmin.com\/wp-content\/uploads\/2024\/07\/pulsera-proteccion-turquesa.jpg","width":1000,"height":1000,"caption":"925 Sterling Silber T\u00fcrkis Schutzarmband zum Verkauf"},{"@type":"BreadcrumbList","@id":"https:\/\/joyasyasmin.com\/de\/producto\/tuerkis-schutzarmband\/#breadcrumb","itemListElement":[{"@type":"ListItem","position":1,"name":"Portada","item":"https:\/\/joyasyasmin.com\/de\/heim\/"},{"@type":"ListItem","position":2,"name":"Shop","item":"https:\/\/joyasyasmin.com\/de\/shop\/"},{"@type":"ListItem","position":3,"name":"T\u00fcrkis Schutzarmband"}]},{"@type":"WebSite","@id":"https:\/\/joyasyasmin.com\/de\/#website","url":"https:\/\/joyasyasmin.com\/de\/","name":"Yasmin","description":"Joyer\u00eda de Plata 925 - Pendientes, pulseras, anillos, colgantes y m\u00e1s!","publisher":{"@id":"https:\/\/joyasyasmin.com\/de\/#organization"},"potentialAction":[{"@type":"SearchAction","target":{"@type":"EntryPoint","urlTemplate":"https:\/\/joyasyasmin.com\/de\/?s={search_term_string}"},"query-input":{"@type":"PropertyValueSpecification","valueRequired":true,"valueName":"search_term_string"}}],"inLanguage":"de"},{"@type":"Organization","@id":"https:\/\/joyasyasmin.com\/de\/#organization","name":"joyas yasmin","url":"https:\/\/joyasyasmin.com\/de\/","logo":{"@type":"ImageObject","inLanguage":"de","@id":"https:\/\/joyasyasmin.com\/de\/#\/schema\/logo\/image\/","url":"https:\/\/joyasyasmin.com\/wp-content\/uploads\/2017\/06\/IMG-20200429-WA0051.jpg","contentUrl":"https:\/\/joyasyasmin.com\/wp-content\/uploads\/2017\/06\/IMG-20200429-WA0051.jpg","width":1080,"height":545,"caption":"joyas yasmin"},"image":{"@id":"https:\/\/joyasyasmin.com\/de\/#\/schema\/logo\/image\/"},"sameAs":["https:\/\/www.facebook.com\/Joyas-Yasmin-217664058934169\/","https:\/\/www.instagram.com\/invites\/contact\/"]}]}},"_links":{"self":[{"href":"https:\/\/joyasyasmin.com\/de\/wp-json\/wp\/v2\/product\/20418","targetHints":{"allow":["GET"]}}],"collection":[{"href":"https:\/\/joyasyasmin.com\/de\/wp-json\/wp\/v2\/product"}],"about":[{"href":"https:\/\/joyasyasmin.com\/de\/wp-json\/wp\/v2\/types\/product"}],"replies":[{"embeddable":true,"href":"https:\/\/joyasyasmin.com\/de\/wp-json\/wp\/v2\/comments?post=20418"}],"version-history":[{"count":1,"href":"https:\/\/joyasyasmin.com\/de\/wp-json\/wp\/v2\/product\/20418\/revisions"}],"predecessor-version":[{"id":34611,"href":"https:\/\/joyasyasmin.com\/de\/wp-json\/wp\/v2\/product\/20418\/revisions\/34611"}],"wp:featuredmedia":[{"embeddable":true,"href":"https:\/\/joyasyasmin.com\/de\/wp-json\/wp\/v2\/media\/20421"}],"wp:attachment":[{"href":"https:\/\/joyasyasmin.com\/de\/wp-json\/wp\/v2\/media?parent=20418"}],"wp:term":[{"taxonomy":"product_brand","embeddable":true,"href":"https:\/\/joyasyasmin.com\/de\/wp-json\/wp\/v2\/product_brand?post=20418"},{"taxonomy":"product_cat","embeddable":true,"href":"https:\/\/joyasyasmin.com\/de\/wp-json\/wp\/v2\/product_cat?post=20418"},{"taxonomy":"product_tag","embeddable":true,"href":"https:\/\/joyasyasmin.com\/de\/wp-json\/wp\/v2\/product_tag?post=20418"}],"curies":[{"name":"wp","href":"https:\/\/api.w.org\/{rel}","templated":true}]}}