{"id":20475,"date":"2024-08-23T17:09:31","date_gmt":"2024-08-23T17:09:31","guid":{"rendered":"https:\/\/joyasyasmin.com\/producto\/staerke-loewenring\/"},"modified":"2024-08-23T17:09:31","modified_gmt":"2024-08-23T17:09:31","slug":"staerke-loewenring","status":"publish","type":"product","link":"https:\/\/joyasyasmin.com\/de\/producto\/staerke-loewenring\/","title":{"rendered":"St\u00e4rke L\u00f6wenring"},"content":{"rendered":"","protected":false},"excerpt":{"rendered":"<p>Der Ring &#8222;L\u00f6we der St\u00e4rke&#8220; ist ein imposantes und mutiges St\u00fcck, das speziell f\u00fcr Herren entworfen wurde, die ein Accessoire suchen, das ihre Kraft und Entschlossenheit widerspiegelt. Dieser Ring zeigt einen detaillierten L\u00f6wenkopf, ein universelles Symbol f\u00fcr Mut und F\u00fchrungsst\u00e4rke. Mit einer Breite von 22 mm zeichnet sich der L\u00f6wenkopf durch seinen Realismus und seine sorgf\u00e4ltige Verarbeitung aus, die die Majest\u00e4t des K\u00f6nigs des Dschungels einf\u00e4ngt. Das Design des L\u00f6wen der St\u00e4rke Ring ist robust und maskulin, ideal f\u00fcr alle, die sich eine Erg\u00e4nzung w\u00fcnschen, die nicht nur schm\u00fcckt, sondern auch innere St\u00e4rke und Mut vermittelt. Hergestellt aus hochwertigem 925er Sterlingsilber, ist dieser Ring robust und langlebig, perfekt f\u00fcr den Alltag oder um bei besonderen Anl\u00e4ssen aufzufallen. Die detailreiche Verarbeitung sorgt daf\u00fcr, dass jeder Look das Wesen des L\u00f6wen einf\u00e4ngt und Respekt und Bewunderung einfl\u00f6\u00dft.  <\/p>\n","protected":false},"featured_media":20484,"comment_status":"open","ping_status":"closed","template":"","meta":{"_acf_changed":false,"_joinchat":[]},"product_brand":[],"product_cat":[1895],"product_tag":[],"class_list":{"0":"post-20475","1":"product","2":"type-product","3":"status-publish","4":"has-post-thumbnail","6":"product_cat-herrenkollektion","8":"first","9":"instock","10":"shipping-taxable","11":"purchasable","12":"product-type-variable"},"acf":[],"yoast_head":"<!-- This site is optimized with the Yoast SEO plugin v27.3 - https:\/\/yoast.com\/product\/yoast-seo-wordpress\/ -->\n<title>St\u00e4rke L\u00f6wenring - Yasmin<\/title>\n<meta name=\"description\" content=\"Der Strength Lion Ring ist ein imposantes und k\u00fchnes St\u00fcck, das speziell f\u00fcr Herren entworfen wurde, die ein Accessoire suchen, das ihre Kraft und Entschlossenheit widerspiegelt.\" \/>\n<meta name=\"robots\" content=\"index, follow, max-snippet:-1, max-image-preview:large, max-video-preview:-1\" \/>\n<link rel=\"canonical\" href=\"https:\/\/joyasyasmin.com\/de\/producto\/staerke-loewenring\/\" \/>\n<meta property=\"og:locale\" content=\"de_DE\" \/>\n<meta property=\"og:title\" content=\"St\u00e4rke L\u00f6wenring - Yasmin\" \/>\n<meta property=\"og:description\" content=\"Der Strength Lion Ring ist ein imposantes und k\u00fchnes St\u00fcck, das speziell f\u00fcr Herren entworfen wurde, die ein Accessoire suchen, das ihre Kraft und Entschlossenheit widerspiegelt.\" \/>\n<meta property=\"og:url\" content=\"https:\/\/joyasyasmin.com\/de\/producto\/staerke-loewenring\/\" \/>\n<meta property=\"og:site_name\" content=\"Yasmin\" \/>\n<meta property=\"article:publisher\" content=\"https:\/\/www.facebook.com\/Joyas-Yasmin-217664058934169\/\" \/>\n<meta property=\"og:image\" content=\"https:\/\/joyasyasmin.com\/wp-content\/uploads\/2024\/08\/anillo-de-plata-en-forma-de-leon.jpg\" \/>\n\t<meta property=\"og:image:width\" content=\"1000\" \/>\n\t<meta property=\"og:image:height\" content=\"1000\" \/>\n\t<meta property=\"og:image:type\" content=\"image\/jpeg\" \/>\n<meta name=\"twitter:card\" content=\"summary_large_image\" \/>\n<script type=\"application\/ld+json\" class=\"yoast-schema-graph\">{\"@context\":\"https:\\\/\\\/schema.org\",\"@graph\":[{\"@type\":[\"WebPage\",\"ItemPage\"],\"@id\":\"https:\\\/\\\/joyasyasmin.com\\\/de\\\/producto\\\/staerke-loewenring\\\/\",\"url\":\"https:\\\/\\\/joyasyasmin.com\\\/de\\\/producto\\\/staerke-loewenring\\\/\",\"name\":\"St\u00e4rke L\u00f6wenring - Yasmin\",\"isPartOf\":{\"@id\":\"https:\\\/\\\/joyasyasmin.com\\\/de\\\/#website\"},\"primaryImageOfPage\":{\"@id\":\"https:\\\/\\\/joyasyasmin.com\\\/de\\\/producto\\\/staerke-loewenring\\\/#primaryimage\"},\"image\":{\"@id\":\"https:\\\/\\\/joyasyasmin.com\\\/de\\\/producto\\\/staerke-loewenring\\\/#primaryimage\"},\"thumbnailUrl\":\"https:\\\/\\\/joyasyasmin.com\\\/wp-content\\\/uploads\\\/2024\\\/08\\\/anillo-de-plata-en-forma-de-leon.jpg\",\"datePublished\":\"2024-08-23T17:09:31+00:00\",\"description\":\"Der Strength Lion Ring ist ein imposantes und k\u00fchnes St\u00fcck, das speziell f\u00fcr Herren entworfen wurde, die ein Accessoire suchen, das ihre Kraft und Entschlossenheit widerspiegelt.\",\"breadcrumb\":{\"@id\":\"https:\\\/\\\/joyasyasmin.com\\\/de\\\/producto\\\/staerke-loewenring\\\/#breadcrumb\"},\"inLanguage\":\"de\",\"potentialAction\":[{\"@type\":\"ReadAction\",\"target\":[\"https:\\\/\\\/joyasyasmin.com\\\/de\\\/producto\\\/staerke-loewenring\\\/\"]}]},{\"@type\":\"ImageObject\",\"inLanguage\":\"de\",\"@id\":\"https:\\\/\\\/joyasyasmin.com\\\/de\\\/producto\\\/staerke-loewenring\\\/#primaryimage\",\"url\":\"https:\\\/\\\/joyasyasmin.com\\\/wp-content\\\/uploads\\\/2024\\\/08\\\/anillo-de-plata-en-forma-de-leon.jpg\",\"contentUrl\":\"https:\\\/\\\/joyasyasmin.com\\\/wp-content\\\/uploads\\\/2024\\\/08\\\/anillo-de-plata-en-forma-de-leon.jpg\",\"width\":1000,\"height\":1000},{\"@type\":\"BreadcrumbList\",\"@id\":\"https:\\\/\\\/joyasyasmin.com\\\/de\\\/producto\\\/staerke-loewenring\\\/#breadcrumb\",\"itemListElement\":[{\"@type\":\"ListItem\",\"position\":1,\"name\":\"Portada\",\"item\":\"https:\\\/\\\/joyasyasmin.com\\\/de\\\/heim\\\/\"},{\"@type\":\"ListItem\",\"position\":2,\"name\":\"Shop\",\"item\":\"https:\\\/\\\/joyasyasmin.com\\\/de\\\/shop\\\/\"},{\"@type\":\"ListItem\",\"position\":3,\"name\":\"St\u00e4rke L\u00f6wenring\"}]},{\"@type\":\"WebSite\",\"@id\":\"https:\\\/\\\/joyasyasmin.com\\\/de\\\/#website\",\"url\":\"https:\\\/\\\/joyasyasmin.com\\\/de\\\/\",\"name\":\"Yasmin\",\"description\":\"Joyer\u00eda de Plata 925 - Pendientes, pulseras, anillos, colgantes y m\u00e1s!\",\"publisher\":{\"@id\":\"https:\\\/\\\/joyasyasmin.com\\\/de\\\/#organization\"},\"potentialAction\":[{\"@type\":\"SearchAction\",\"target\":{\"@type\":\"EntryPoint\",\"urlTemplate\":\"https:\\\/\\\/joyasyasmin.com\\\/de\\\/?s={search_term_string}\"},\"query-input\":{\"@type\":\"PropertyValueSpecification\",\"valueRequired\":true,\"valueName\":\"search_term_string\"}}],\"inLanguage\":\"de\"},{\"@type\":\"Organization\",\"@id\":\"https:\\\/\\\/joyasyasmin.com\\\/de\\\/#organization\",\"name\":\"joyas yasmin\",\"url\":\"https:\\\/\\\/joyasyasmin.com\\\/de\\\/\",\"logo\":{\"@type\":\"ImageObject\",\"inLanguage\":\"de\",\"@id\":\"https:\\\/\\\/joyasyasmin.com\\\/de\\\/#\\\/schema\\\/logo\\\/image\\\/\",\"url\":\"https:\\\/\\\/joyasyasmin.com\\\/wp-content\\\/uploads\\\/2017\\\/06\\\/IMG-20200429-WA0051.jpg\",\"contentUrl\":\"https:\\\/\\\/joyasyasmin.com\\\/wp-content\\\/uploads\\\/2017\\\/06\\\/IMG-20200429-WA0051.jpg\",\"width\":1080,\"height\":545,\"caption\":\"joyas yasmin\"},\"image\":{\"@id\":\"https:\\\/\\\/joyasyasmin.com\\\/de\\\/#\\\/schema\\\/logo\\\/image\\\/\"},\"sameAs\":[\"https:\\\/\\\/www.facebook.com\\\/Joyas-Yasmin-217664058934169\\\/\",\"https:\\\/\\\/www.instagram.com\\\/invites\\\/contact\\\/\"]}]}<\/script>\n<!-- \/ Yoast SEO plugin. -->","yoast_head_json":{"title":"St\u00e4rke L\u00f6wenring - Yasmin","description":"Der Strength Lion Ring ist ein imposantes und k\u00fchnes St\u00fcck, das speziell f\u00fcr Herren entworfen wurde, die ein Accessoire suchen, das ihre Kraft und Entschlossenheit widerspiegelt.","robots":{"index":"index","follow":"follow","max-snippet":"max-snippet:-1","max-image-preview":"max-image-preview:large","max-video-preview":"max-video-preview:-1"},"canonical":"https:\/\/joyasyasmin.com\/de\/producto\/staerke-loewenring\/","og_locale":"de_DE","og_title":"St\u00e4rke L\u00f6wenring - Yasmin","og_description":"Der Strength Lion Ring ist ein imposantes und k\u00fchnes St\u00fcck, das speziell f\u00fcr Herren entworfen wurde, die ein Accessoire suchen, das ihre Kraft und Entschlossenheit widerspiegelt.","og_url":"https:\/\/joyasyasmin.com\/de\/producto\/staerke-loewenring\/","og_site_name":"Yasmin","article_publisher":"https:\/\/www.facebook.com\/Joyas-Yasmin-217664058934169\/","og_image":[{"width":1000,"height":1000,"url":"https:\/\/joyasyasmin.com\/wp-content\/uploads\/2024\/08\/anillo-de-plata-en-forma-de-leon.jpg","type":"image\/jpeg"}],"twitter_card":"summary_large_image","schema":{"@context":"https:\/\/schema.org","@graph":[{"@type":["WebPage","ItemPage"],"@id":"https:\/\/joyasyasmin.com\/de\/producto\/staerke-loewenring\/","url":"https:\/\/joyasyasmin.com\/de\/producto\/staerke-loewenring\/","name":"St\u00e4rke L\u00f6wenring - Yasmin","isPartOf":{"@id":"https:\/\/joyasyasmin.com\/de\/#website"},"primaryImageOfPage":{"@id":"https:\/\/joyasyasmin.com\/de\/producto\/staerke-loewenring\/#primaryimage"},"image":{"@id":"https:\/\/joyasyasmin.com\/de\/producto\/staerke-loewenring\/#primaryimage"},"thumbnailUrl":"https:\/\/joyasyasmin.com\/wp-content\/uploads\/2024\/08\/anillo-de-plata-en-forma-de-leon.jpg","datePublished":"2024-08-23T17:09:31+00:00","description":"Der Strength Lion Ring ist ein imposantes und k\u00fchnes St\u00fcck, das speziell f\u00fcr Herren entworfen wurde, die ein Accessoire suchen, das ihre Kraft und Entschlossenheit widerspiegelt.","breadcrumb":{"@id":"https:\/\/joyasyasmin.com\/de\/producto\/staerke-loewenring\/#breadcrumb"},"inLanguage":"de","potentialAction":[{"@type":"ReadAction","target":["https:\/\/joyasyasmin.com\/de\/producto\/staerke-loewenring\/"]}]},{"@type":"ImageObject","inLanguage":"de","@id":"https:\/\/joyasyasmin.com\/de\/producto\/staerke-loewenring\/#primaryimage","url":"https:\/\/joyasyasmin.com\/wp-content\/uploads\/2024\/08\/anillo-de-plata-en-forma-de-leon.jpg","contentUrl":"https:\/\/joyasyasmin.com\/wp-content\/uploads\/2024\/08\/anillo-de-plata-en-forma-de-leon.jpg","width":1000,"height":1000},{"@type":"BreadcrumbList","@id":"https:\/\/joyasyasmin.com\/de\/producto\/staerke-loewenring\/#breadcrumb","itemListElement":[{"@type":"ListItem","position":1,"name":"Portada","item":"https:\/\/joyasyasmin.com\/de\/heim\/"},{"@type":"ListItem","position":2,"name":"Shop","item":"https:\/\/joyasyasmin.com\/de\/shop\/"},{"@type":"ListItem","position":3,"name":"St\u00e4rke L\u00f6wenring"}]},{"@type":"WebSite","@id":"https:\/\/joyasyasmin.com\/de\/#website","url":"https:\/\/joyasyasmin.com\/de\/","name":"Yasmin","description":"Joyer\u00eda de Plata 925 - Pendientes, pulseras, anillos, colgantes y m\u00e1s!","publisher":{"@id":"https:\/\/joyasyasmin.com\/de\/#organization"},"potentialAction":[{"@type":"SearchAction","target":{"@type":"EntryPoint","urlTemplate":"https:\/\/joyasyasmin.com\/de\/?s={search_term_string}"},"query-input":{"@type":"PropertyValueSpecification","valueRequired":true,"valueName":"search_term_string"}}],"inLanguage":"de"},{"@type":"Organization","@id":"https:\/\/joyasyasmin.com\/de\/#organization","name":"joyas yasmin","url":"https:\/\/joyasyasmin.com\/de\/","logo":{"@type":"ImageObject","inLanguage":"de","@id":"https:\/\/joyasyasmin.com\/de\/#\/schema\/logo\/image\/","url":"https:\/\/joyasyasmin.com\/wp-content\/uploads\/2017\/06\/IMG-20200429-WA0051.jpg","contentUrl":"https:\/\/joyasyasmin.com\/wp-content\/uploads\/2017\/06\/IMG-20200429-WA0051.jpg","width":1080,"height":545,"caption":"joyas yasmin"},"image":{"@id":"https:\/\/joyasyasmin.com\/de\/#\/schema\/logo\/image\/"},"sameAs":["https:\/\/www.facebook.com\/Joyas-Yasmin-217664058934169\/","https:\/\/www.instagram.com\/invites\/contact\/"]}]}},"_links":{"self":[{"href":"https:\/\/joyasyasmin.com\/de\/wp-json\/wp\/v2\/product\/20475","targetHints":{"allow":["GET"]}}],"collection":[{"href":"https:\/\/joyasyasmin.com\/de\/wp-json\/wp\/v2\/product"}],"about":[{"href":"https:\/\/joyasyasmin.com\/de\/wp-json\/wp\/v2\/types\/product"}],"replies":[{"embeddable":true,"href":"https:\/\/joyasyasmin.com\/de\/wp-json\/wp\/v2\/comments?post=20475"}],"version-history":[{"count":0,"href":"https:\/\/joyasyasmin.com\/de\/wp-json\/wp\/v2\/product\/20475\/revisions"}],"wp:featuredmedia":[{"embeddable":true,"href":"https:\/\/joyasyasmin.com\/de\/wp-json\/wp\/v2\/media\/20484"}],"wp:attachment":[{"href":"https:\/\/joyasyasmin.com\/de\/wp-json\/wp\/v2\/media?parent=20475"}],"wp:term":[{"taxonomy":"product_brand","embeddable":true,"href":"https:\/\/joyasyasmin.com\/de\/wp-json\/wp\/v2\/product_brand?post=20475"},{"taxonomy":"product_cat","embeddable":true,"href":"https:\/\/joyasyasmin.com\/de\/wp-json\/wp\/v2\/product_cat?post=20475"},{"taxonomy":"product_tag","embeddable":true,"href":"https:\/\/joyasyasmin.com\/de\/wp-json\/wp\/v2\/product_tag?post=20475"}],"curies":[{"name":"wp","href":"https:\/\/api.w.org\/{rel}","templated":true}]}}