{"id":20531,"date":"2024-08-23T17:31:27","date_gmt":"2024-08-23T17:31:27","guid":{"rendered":"https:\/\/joyasyasmin.com\/producto\/ring-der-ewigen-herzen\/"},"modified":"2024-08-23T17:31:27","modified_gmt":"2024-08-23T17:31:27","slug":"ring-der-ewigen-herzen","status":"publish","type":"product","link":"https:\/\/joyasyasmin.com\/de\/producto\/ring-der-ewigen-herzen\/","title":{"rendered":"Ring der ewigen Herzen"},"content":{"rendered":"","protected":false},"excerpt":{"rendered":"<p>Der Eternal Hearts Ring ist ein zartes und bedeutungsvolles Schmuckst\u00fcck, das f\u00fcr diejenigen entworfen wurde, die Liebe und Verbundenheit durch ein elegantes Accessoire ausdr\u00fccken m\u00f6chten. Dieser Ring aus Sterlingsilber zeichnet sich durch seine Finesse und sein charmantes Design aus, bei dem sich eine Reihe von Herzen entlang des Bandes verflechten. Mit einer Breite von 4 mm ist der Ring Eternal Hearts ein subtiles St\u00fcck, aber voller Symbolik, ideal, um sowohl allein als auch in Verbindung mit anderen Schmuckst\u00fccken getragen zu werden.  <\/p>\n","protected":false},"featured_media":20539,"comment_status":"open","ping_status":"closed","template":"","meta":{"_acf_changed":false,"_joinchat":[]},"product_brand":[],"product_cat":[1850],"product_tag":[],"class_list":{"0":"post-20531","1":"product","2":"type-product","3":"status-publish","4":"has-post-thumbnail","6":"product_cat-ringe-ringe","8":"first","9":"instock","10":"shipping-taxable","11":"purchasable","12":"product-type-variable"},"acf":[],"yoast_head":"<!-- This site is optimized with the Yoast SEO plugin v27.3 - https:\/\/yoast.com\/product\/yoast-seo-wordpress\/ -->\n<title>Ring der ewigen Herzen - Yasmin<\/title>\n<meta name=\"description\" content=\"Der Eternal Hearts Ring ist ein zartes und bedeutungsvolles Schmuckst\u00fcck, das f\u00fcr diejenigen entworfen wurde, die Liebe und Hingabe ausdr\u00fccken m\u00f6chten. Sterlingsilber.\" \/>\n<meta name=\"robots\" content=\"index, follow, max-snippet:-1, max-image-preview:large, max-video-preview:-1\" \/>\n<link rel=\"canonical\" href=\"https:\/\/joyasyasmin.com\/de\/producto\/ring-der-ewigen-herzen\/\" \/>\n<meta property=\"og:locale\" content=\"de_DE\" \/>\n<meta property=\"og:title\" content=\"Ring der ewigen Herzen - Yasmin\" \/>\n<meta property=\"og:description\" content=\"Der Eternal Hearts Ring ist ein zartes und bedeutungsvolles Schmuckst\u00fcck, das f\u00fcr diejenigen entworfen wurde, die Liebe und Hingabe ausdr\u00fccken m\u00f6chten. Sterlingsilber.\" \/>\n<meta property=\"og:url\" content=\"https:\/\/joyasyasmin.com\/de\/producto\/ring-der-ewigen-herzen\/\" \/>\n<meta property=\"og:site_name\" content=\"Yasmin\" \/>\n<meta property=\"article:publisher\" content=\"https:\/\/www.facebook.com\/Joyas-Yasmin-217664058934169\/\" \/>\n<meta property=\"og:image\" content=\"https:\/\/joyasyasmin.com\/wp-content\/uploads\/2024\/08\/anillo-corazon-pequeno.jpg\" \/>\n\t<meta property=\"og:image:width\" content=\"1000\" \/>\n\t<meta property=\"og:image:height\" content=\"1000\" \/>\n\t<meta property=\"og:image:type\" content=\"image\/jpeg\" \/>\n<meta name=\"twitter:card\" content=\"summary_large_image\" \/>\n<script type=\"application\/ld+json\" class=\"yoast-schema-graph\">{\"@context\":\"https:\\\/\\\/schema.org\",\"@graph\":[{\"@type\":[\"WebPage\",\"ItemPage\"],\"@id\":\"https:\\\/\\\/joyasyasmin.com\\\/de\\\/producto\\\/ring-der-ewigen-herzen\\\/\",\"url\":\"https:\\\/\\\/joyasyasmin.com\\\/de\\\/producto\\\/ring-der-ewigen-herzen\\\/\",\"name\":\"Ring der ewigen Herzen - Yasmin\",\"isPartOf\":{\"@id\":\"https:\\\/\\\/joyasyasmin.com\\\/de\\\/#website\"},\"primaryImageOfPage\":{\"@id\":\"https:\\\/\\\/joyasyasmin.com\\\/de\\\/producto\\\/ring-der-ewigen-herzen\\\/#primaryimage\"},\"image\":{\"@id\":\"https:\\\/\\\/joyasyasmin.com\\\/de\\\/producto\\\/ring-der-ewigen-herzen\\\/#primaryimage\"},\"thumbnailUrl\":\"https:\\\/\\\/joyasyasmin.com\\\/wp-content\\\/uploads\\\/2024\\\/08\\\/anillo-corazon-pequeno.jpg\",\"datePublished\":\"2024-08-23T17:31:27+00:00\",\"description\":\"Der Eternal Hearts Ring ist ein zartes und bedeutungsvolles Schmuckst\u00fcck, das f\u00fcr diejenigen entworfen wurde, die Liebe und Hingabe ausdr\u00fccken m\u00f6chten. Sterlingsilber.\",\"breadcrumb\":{\"@id\":\"https:\\\/\\\/joyasyasmin.com\\\/de\\\/producto\\\/ring-der-ewigen-herzen\\\/#breadcrumb\"},\"inLanguage\":\"de\",\"potentialAction\":[{\"@type\":\"ReadAction\",\"target\":[\"https:\\\/\\\/joyasyasmin.com\\\/de\\\/producto\\\/ring-der-ewigen-herzen\\\/\"]}]},{\"@type\":\"ImageObject\",\"inLanguage\":\"de\",\"@id\":\"https:\\\/\\\/joyasyasmin.com\\\/de\\\/producto\\\/ring-der-ewigen-herzen\\\/#primaryimage\",\"url\":\"https:\\\/\\\/joyasyasmin.com\\\/wp-content\\\/uploads\\\/2024\\\/08\\\/anillo-corazon-pequeno.jpg\",\"contentUrl\":\"https:\\\/\\\/joyasyasmin.com\\\/wp-content\\\/uploads\\\/2024\\\/08\\\/anillo-corazon-pequeno.jpg\",\"width\":1000,\"height\":1000},{\"@type\":\"BreadcrumbList\",\"@id\":\"https:\\\/\\\/joyasyasmin.com\\\/de\\\/producto\\\/ring-der-ewigen-herzen\\\/#breadcrumb\",\"itemListElement\":[{\"@type\":\"ListItem\",\"position\":1,\"name\":\"Portada\",\"item\":\"https:\\\/\\\/joyasyasmin.com\\\/de\\\/heim\\\/\"},{\"@type\":\"ListItem\",\"position\":2,\"name\":\"Shop\",\"item\":\"https:\\\/\\\/joyasyasmin.com\\\/de\\\/shop\\\/\"},{\"@type\":\"ListItem\",\"position\":3,\"name\":\"Ring der ewigen Herzen\"}]},{\"@type\":\"WebSite\",\"@id\":\"https:\\\/\\\/joyasyasmin.com\\\/de\\\/#website\",\"url\":\"https:\\\/\\\/joyasyasmin.com\\\/de\\\/\",\"name\":\"Yasmin\",\"description\":\"Joyer\u00eda de Plata 925 - Pendientes, pulseras, anillos, colgantes y m\u00e1s!\",\"publisher\":{\"@id\":\"https:\\\/\\\/joyasyasmin.com\\\/de\\\/#organization\"},\"potentialAction\":[{\"@type\":\"SearchAction\",\"target\":{\"@type\":\"EntryPoint\",\"urlTemplate\":\"https:\\\/\\\/joyasyasmin.com\\\/de\\\/?s={search_term_string}\"},\"query-input\":{\"@type\":\"PropertyValueSpecification\",\"valueRequired\":true,\"valueName\":\"search_term_string\"}}],\"inLanguage\":\"de\"},{\"@type\":\"Organization\",\"@id\":\"https:\\\/\\\/joyasyasmin.com\\\/de\\\/#organization\",\"name\":\"joyas yasmin\",\"url\":\"https:\\\/\\\/joyasyasmin.com\\\/de\\\/\",\"logo\":{\"@type\":\"ImageObject\",\"inLanguage\":\"de\",\"@id\":\"https:\\\/\\\/joyasyasmin.com\\\/de\\\/#\\\/schema\\\/logo\\\/image\\\/\",\"url\":\"https:\\\/\\\/joyasyasmin.com\\\/wp-content\\\/uploads\\\/2017\\\/06\\\/IMG-20200429-WA0051.jpg\",\"contentUrl\":\"https:\\\/\\\/joyasyasmin.com\\\/wp-content\\\/uploads\\\/2017\\\/06\\\/IMG-20200429-WA0051.jpg\",\"width\":1080,\"height\":545,\"caption\":\"joyas yasmin\"},\"image\":{\"@id\":\"https:\\\/\\\/joyasyasmin.com\\\/de\\\/#\\\/schema\\\/logo\\\/image\\\/\"},\"sameAs\":[\"https:\\\/\\\/www.facebook.com\\\/Joyas-Yasmin-217664058934169\\\/\",\"https:\\\/\\\/www.instagram.com\\\/invites\\\/contact\\\/\"]}]}<\/script>\n<!-- \/ Yoast SEO plugin. -->","yoast_head_json":{"title":"Ring der ewigen Herzen - Yasmin","description":"Der Eternal Hearts Ring ist ein zartes und bedeutungsvolles Schmuckst\u00fcck, das f\u00fcr diejenigen entworfen wurde, die Liebe und Hingabe ausdr\u00fccken m\u00f6chten. Sterlingsilber.","robots":{"index":"index","follow":"follow","max-snippet":"max-snippet:-1","max-image-preview":"max-image-preview:large","max-video-preview":"max-video-preview:-1"},"canonical":"https:\/\/joyasyasmin.com\/de\/producto\/ring-der-ewigen-herzen\/","og_locale":"de_DE","og_title":"Ring der ewigen Herzen - Yasmin","og_description":"Der Eternal Hearts Ring ist ein zartes und bedeutungsvolles Schmuckst\u00fcck, das f\u00fcr diejenigen entworfen wurde, die Liebe und Hingabe ausdr\u00fccken m\u00f6chten. Sterlingsilber.","og_url":"https:\/\/joyasyasmin.com\/de\/producto\/ring-der-ewigen-herzen\/","og_site_name":"Yasmin","article_publisher":"https:\/\/www.facebook.com\/Joyas-Yasmin-217664058934169\/","og_image":[{"width":1000,"height":1000,"url":"https:\/\/joyasyasmin.com\/wp-content\/uploads\/2024\/08\/anillo-corazon-pequeno.jpg","type":"image\/jpeg"}],"twitter_card":"summary_large_image","schema":{"@context":"https:\/\/schema.org","@graph":[{"@type":["WebPage","ItemPage"],"@id":"https:\/\/joyasyasmin.com\/de\/producto\/ring-der-ewigen-herzen\/","url":"https:\/\/joyasyasmin.com\/de\/producto\/ring-der-ewigen-herzen\/","name":"Ring der ewigen Herzen - Yasmin","isPartOf":{"@id":"https:\/\/joyasyasmin.com\/de\/#website"},"primaryImageOfPage":{"@id":"https:\/\/joyasyasmin.com\/de\/producto\/ring-der-ewigen-herzen\/#primaryimage"},"image":{"@id":"https:\/\/joyasyasmin.com\/de\/producto\/ring-der-ewigen-herzen\/#primaryimage"},"thumbnailUrl":"https:\/\/joyasyasmin.com\/wp-content\/uploads\/2024\/08\/anillo-corazon-pequeno.jpg","datePublished":"2024-08-23T17:31:27+00:00","description":"Der Eternal Hearts Ring ist ein zartes und bedeutungsvolles Schmuckst\u00fcck, das f\u00fcr diejenigen entworfen wurde, die Liebe und Hingabe ausdr\u00fccken m\u00f6chten. Sterlingsilber.","breadcrumb":{"@id":"https:\/\/joyasyasmin.com\/de\/producto\/ring-der-ewigen-herzen\/#breadcrumb"},"inLanguage":"de","potentialAction":[{"@type":"ReadAction","target":["https:\/\/joyasyasmin.com\/de\/producto\/ring-der-ewigen-herzen\/"]}]},{"@type":"ImageObject","inLanguage":"de","@id":"https:\/\/joyasyasmin.com\/de\/producto\/ring-der-ewigen-herzen\/#primaryimage","url":"https:\/\/joyasyasmin.com\/wp-content\/uploads\/2024\/08\/anillo-corazon-pequeno.jpg","contentUrl":"https:\/\/joyasyasmin.com\/wp-content\/uploads\/2024\/08\/anillo-corazon-pequeno.jpg","width":1000,"height":1000},{"@type":"BreadcrumbList","@id":"https:\/\/joyasyasmin.com\/de\/producto\/ring-der-ewigen-herzen\/#breadcrumb","itemListElement":[{"@type":"ListItem","position":1,"name":"Portada","item":"https:\/\/joyasyasmin.com\/de\/heim\/"},{"@type":"ListItem","position":2,"name":"Shop","item":"https:\/\/joyasyasmin.com\/de\/shop\/"},{"@type":"ListItem","position":3,"name":"Ring der ewigen Herzen"}]},{"@type":"WebSite","@id":"https:\/\/joyasyasmin.com\/de\/#website","url":"https:\/\/joyasyasmin.com\/de\/","name":"Yasmin","description":"Joyer\u00eda de Plata 925 - Pendientes, pulseras, anillos, colgantes y m\u00e1s!","publisher":{"@id":"https:\/\/joyasyasmin.com\/de\/#organization"},"potentialAction":[{"@type":"SearchAction","target":{"@type":"EntryPoint","urlTemplate":"https:\/\/joyasyasmin.com\/de\/?s={search_term_string}"},"query-input":{"@type":"PropertyValueSpecification","valueRequired":true,"valueName":"search_term_string"}}],"inLanguage":"de"},{"@type":"Organization","@id":"https:\/\/joyasyasmin.com\/de\/#organization","name":"joyas yasmin","url":"https:\/\/joyasyasmin.com\/de\/","logo":{"@type":"ImageObject","inLanguage":"de","@id":"https:\/\/joyasyasmin.com\/de\/#\/schema\/logo\/image\/","url":"https:\/\/joyasyasmin.com\/wp-content\/uploads\/2017\/06\/IMG-20200429-WA0051.jpg","contentUrl":"https:\/\/joyasyasmin.com\/wp-content\/uploads\/2017\/06\/IMG-20200429-WA0051.jpg","width":1080,"height":545,"caption":"joyas yasmin"},"image":{"@id":"https:\/\/joyasyasmin.com\/de\/#\/schema\/logo\/image\/"},"sameAs":["https:\/\/www.facebook.com\/Joyas-Yasmin-217664058934169\/","https:\/\/www.instagram.com\/invites\/contact\/"]}]}},"_links":{"self":[{"href":"https:\/\/joyasyasmin.com\/de\/wp-json\/wp\/v2\/product\/20531","targetHints":{"allow":["GET"]}}],"collection":[{"href":"https:\/\/joyasyasmin.com\/de\/wp-json\/wp\/v2\/product"}],"about":[{"href":"https:\/\/joyasyasmin.com\/de\/wp-json\/wp\/v2\/types\/product"}],"replies":[{"embeddable":true,"href":"https:\/\/joyasyasmin.com\/de\/wp-json\/wp\/v2\/comments?post=20531"}],"version-history":[{"count":0,"href":"https:\/\/joyasyasmin.com\/de\/wp-json\/wp\/v2\/product\/20531\/revisions"}],"wp:featuredmedia":[{"embeddable":true,"href":"https:\/\/joyasyasmin.com\/de\/wp-json\/wp\/v2\/media\/20539"}],"wp:attachment":[{"href":"https:\/\/joyasyasmin.com\/de\/wp-json\/wp\/v2\/media?parent=20531"}],"wp:term":[{"taxonomy":"product_brand","embeddable":true,"href":"https:\/\/joyasyasmin.com\/de\/wp-json\/wp\/v2\/product_brand?post=20531"},{"taxonomy":"product_cat","embeddable":true,"href":"https:\/\/joyasyasmin.com\/de\/wp-json\/wp\/v2\/product_cat?post=20531"},{"taxonomy":"product_tag","embeddable":true,"href":"https:\/\/joyasyasmin.com\/de\/wp-json\/wp\/v2\/product_tag?post=20531"}],"curies":[{"name":"wp","href":"https:\/\/api.w.org\/{rel}","templated":true}]}}