{"id":20568,"date":"2024-08-26T16:52:08","date_gmt":"2024-08-26T16:52:08","guid":{"rendered":"https:\/\/joyasyasmin.com\/producto\/protect-me-san-benito-armband\/"},"modified":"2025-01-16T19:22:45","modified_gmt":"2025-01-16T19:22:45","slug":"protect-me-san-benito-armband","status":"publish","type":"product","link":"https:\/\/joyasyasmin.com\/de\/producto\/protect-me-san-benito-armband\/","title":{"rendered":"Protect Me San Benito Armband"},"content":{"rendered":"","protected":false},"excerpt":{"rendered":"<p>Das Protect Me San Benito Armband ist ein handgefertigtes Schmuckst\u00fcck, das Design und Schutz in einem einzigartigen und bedeutungsvollen St\u00fcck vereint. Jedes Detail wurde sorgf\u00e4ltig ausgearbeitet, von den synthetischen Steinen in verschiedenen Farbt\u00f6nen bis hin zu den 1 cm gro\u00dfen silbernen Kugeln, die sich zu einem eleganten und harmonischen Design verflechten. Die Steine, 2 mm, verleihen dem St\u00fcck eine subtile und raffinierte Note, die die Sch\u00f6nheit des St\u00fccks hervorhebt. In der Mitte des Armbands befindet sich ein zarter Silberstab mit einer 12 mm starken St.-Benedikt-Medaille, die f\u00fcr ihren m\u00e4chtigen Schutz vor dem B\u00f6sen und ihre F\u00e4higkeit, geistlichen Frieden zu bringen, bekannt ist. Dieses Amulett ist f\u00fcr diejenigen, die es tragen, zu einem Symbol der St\u00e4rke und Sicherheit geworden. Das Armband ist 17 cm lang und verf\u00fcgt \u00fcber eine zus\u00e4tzliche Verl\u00e4ngerung von 3 cm, die eine bequeme Passform und Anpassung erm\u00f6glicht  <\/p>\n","protected":false},"featured_media":20573,"comment_status":"open","ping_status":"closed","template":"","meta":{"_acf_changed":false,"_joinchat":[]},"product_brand":[],"product_cat":[1787],"product_tag":[],"class_list":{"0":"post-20568","1":"product","2":"type-product","3":"status-publish","4":"has-post-thumbnail","6":"product_cat-armbander","8":"first","9":"outofstock","10":"shipping-taxable","11":"purchasable","12":"product-type-simple"},"acf":[],"yoast_head":"<!-- This site is optimized with the Yoast SEO plugin v27.2 - https:\/\/yoast.com\/product\/yoast-seo-wordpress\/ -->\n<title>Protect Me San Benito Armband - Yasmin<\/title>\n<meta name=\"description\" content=\"Das Protect Me San Benito Armband ist ein handgefertigtes Schmuckst\u00fcck, das Design und Schutz in einem einzigartigen und bedeutungsvollen St\u00fcck vereint. 925er Silber.\" \/>\n<meta name=\"robots\" content=\"index, follow, max-snippet:-1, max-image-preview:large, max-video-preview:-1\" \/>\n<link rel=\"canonical\" href=\"https:\/\/joyasyasmin.com\/de\/producto\/protect-me-san-benito-armband\/\" \/>\n<meta property=\"og:locale\" content=\"de_DE\" \/>\n<meta property=\"og:title\" content=\"Protect Me San Benito Armband - Yasmin\" \/>\n<meta property=\"og:description\" content=\"Das Protect Me San Benito Armband ist ein handgefertigtes Schmuckst\u00fcck, das Design und Schutz in einem einzigartigen und bedeutungsvollen St\u00fcck vereint. 925er Silber.\" \/>\n<meta property=\"og:url\" content=\"https:\/\/joyasyasmin.com\/de\/producto\/protect-me-san-benito-armband\/\" \/>\n<meta property=\"og:site_name\" content=\"Yasmin\" \/>\n<meta property=\"article:publisher\" content=\"https:\/\/www.facebook.com\/Joyas-Yasmin-217664058934169\/\" \/>\n<meta property=\"article:modified_time\" content=\"2025-01-16T19:22:45+00:00\" \/>\n<meta property=\"og:image\" content=\"https:\/\/joyasyasmin.com\/wp-content\/uploads\/2024\/08\/pulsera-protegeme-san-benito-plata.jpg\" \/>\n\t<meta property=\"og:image:width\" content=\"1000\" \/>\n\t<meta property=\"og:image:height\" content=\"1000\" \/>\n\t<meta property=\"og:image:type\" content=\"image\/jpeg\" \/>\n<meta name=\"twitter:card\" content=\"summary_large_image\" \/>\n<script type=\"application\/ld+json\" class=\"yoast-schema-graph\">{\"@context\":\"https:\/\/schema.org\",\"@graph\":[{\"@type\":[\"WebPage\",\"ItemPage\"],\"@id\":\"https:\/\/joyasyasmin.com\/de\/producto\/protect-me-san-benito-armband\/\",\"url\":\"https:\/\/joyasyasmin.com\/de\/producto\/protect-me-san-benito-armband\/\",\"name\":\"Protect Me San Benito Armband - Yasmin\",\"isPartOf\":{\"@id\":\"https:\/\/joyasyasmin.com\/de\/#website\"},\"primaryImageOfPage\":{\"@id\":\"https:\/\/joyasyasmin.com\/de\/producto\/protect-me-san-benito-armband\/#primaryimage\"},\"image\":{\"@id\":\"https:\/\/joyasyasmin.com\/de\/producto\/protect-me-san-benito-armband\/#primaryimage\"},\"thumbnailUrl\":\"https:\/\/joyasyasmin.com\/wp-content\/uploads\/2024\/08\/pulsera-protegeme-san-benito-plata.jpg\",\"datePublished\":\"2024-08-26T16:52:08+00:00\",\"dateModified\":\"2025-01-16T19:22:45+00:00\",\"description\":\"Das Protect Me San Benito Armband ist ein handgefertigtes Schmuckst\u00fcck, das Design und Schutz in einem einzigartigen und bedeutungsvollen St\u00fcck vereint. 925er Silber.\",\"breadcrumb\":{\"@id\":\"https:\/\/joyasyasmin.com\/de\/producto\/protect-me-san-benito-armband\/#breadcrumb\"},\"inLanguage\":\"de\",\"potentialAction\":[{\"@type\":\"ReadAction\",\"target\":[\"https:\/\/joyasyasmin.com\/de\/producto\/protect-me-san-benito-armband\/\"]}]},{\"@type\":\"ImageObject\",\"inLanguage\":\"de\",\"@id\":\"https:\/\/joyasyasmin.com\/de\/producto\/protect-me-san-benito-armband\/#primaryimage\",\"url\":\"https:\/\/joyasyasmin.com\/wp-content\/uploads\/2024\/08\/pulsera-protegeme-san-benito-plata.jpg\",\"contentUrl\":\"https:\/\/joyasyasmin.com\/wp-content\/uploads\/2024\/08\/pulsera-protegeme-san-benito-plata.jpg\",\"width\":1000,\"height\":1000,\"caption\":\"Verkauf von Prot\u00e9geme San Benito Armband aus 925 Sterling Silber\"},{\"@type\":\"BreadcrumbList\",\"@id\":\"https:\/\/joyasyasmin.com\/de\/producto\/protect-me-san-benito-armband\/#breadcrumb\",\"itemListElement\":[{\"@type\":\"ListItem\",\"position\":1,\"name\":\"Portada\",\"item\":\"https:\/\/joyasyasmin.com\/de\/heim\/\"},{\"@type\":\"ListItem\",\"position\":2,\"name\":\"Shop\",\"item\":\"https:\/\/joyasyasmin.com\/de\/shop\/\"},{\"@type\":\"ListItem\",\"position\":3,\"name\":\"Protect Me San Benito Armband\"}]},{\"@type\":\"WebSite\",\"@id\":\"https:\/\/joyasyasmin.com\/de\/#website\",\"url\":\"https:\/\/joyasyasmin.com\/de\/\",\"name\":\"Yasmin\",\"description\":\"Joyer\u00eda de Plata 925 - Pendientes, pulseras, anillos, colgantes y m\u00e1s!\",\"publisher\":{\"@id\":\"https:\/\/joyasyasmin.com\/de\/#organization\"},\"potentialAction\":[{\"@type\":\"SearchAction\",\"target\":{\"@type\":\"EntryPoint\",\"urlTemplate\":\"https:\/\/joyasyasmin.com\/de\/?s={search_term_string}\"},\"query-input\":{\"@type\":\"PropertyValueSpecification\",\"valueRequired\":true,\"valueName\":\"search_term_string\"}}],\"inLanguage\":\"de\"},{\"@type\":\"Organization\",\"@id\":\"https:\/\/joyasyasmin.com\/de\/#organization\",\"name\":\"joyas yasmin\",\"url\":\"https:\/\/joyasyasmin.com\/de\/\",\"logo\":{\"@type\":\"ImageObject\",\"inLanguage\":\"de\",\"@id\":\"https:\/\/joyasyasmin.com\/de\/#\/schema\/logo\/image\/\",\"url\":\"https:\/\/joyasyasmin.com\/wp-content\/uploads\/2017\/06\/IMG-20200429-WA0051.jpg\",\"contentUrl\":\"https:\/\/joyasyasmin.com\/wp-content\/uploads\/2017\/06\/IMG-20200429-WA0051.jpg\",\"width\":1080,\"height\":545,\"caption\":\"joyas yasmin\"},\"image\":{\"@id\":\"https:\/\/joyasyasmin.com\/de\/#\/schema\/logo\/image\/\"},\"sameAs\":[\"https:\/\/www.facebook.com\/Joyas-Yasmin-217664058934169\/\",\"https:\/\/www.instagram.com\/invites\/contact\/\"]}]}<\/script>\n<!-- \/ Yoast SEO plugin. -->","yoast_head_json":{"title":"Protect Me San Benito Armband - Yasmin","description":"Das Protect Me San Benito Armband ist ein handgefertigtes Schmuckst\u00fcck, das Design und Schutz in einem einzigartigen und bedeutungsvollen St\u00fcck vereint. 925er Silber.","robots":{"index":"index","follow":"follow","max-snippet":"max-snippet:-1","max-image-preview":"max-image-preview:large","max-video-preview":"max-video-preview:-1"},"canonical":"https:\/\/joyasyasmin.com\/de\/producto\/protect-me-san-benito-armband\/","og_locale":"de_DE","og_title":"Protect Me San Benito Armband - Yasmin","og_description":"Das Protect Me San Benito Armband ist ein handgefertigtes Schmuckst\u00fcck, das Design und Schutz in einem einzigartigen und bedeutungsvollen St\u00fcck vereint. 925er Silber.","og_url":"https:\/\/joyasyasmin.com\/de\/producto\/protect-me-san-benito-armband\/","og_site_name":"Yasmin","article_publisher":"https:\/\/www.facebook.com\/Joyas-Yasmin-217664058934169\/","article_modified_time":"2025-01-16T19:22:45+00:00","og_image":[{"width":1000,"height":1000,"url":"https:\/\/joyasyasmin.com\/wp-content\/uploads\/2024\/08\/pulsera-protegeme-san-benito-plata.jpg","type":"image\/jpeg"}],"twitter_card":"summary_large_image","schema":{"@context":"https:\/\/schema.org","@graph":[{"@type":["WebPage","ItemPage"],"@id":"https:\/\/joyasyasmin.com\/de\/producto\/protect-me-san-benito-armband\/","url":"https:\/\/joyasyasmin.com\/de\/producto\/protect-me-san-benito-armband\/","name":"Protect Me San Benito Armband - Yasmin","isPartOf":{"@id":"https:\/\/joyasyasmin.com\/de\/#website"},"primaryImageOfPage":{"@id":"https:\/\/joyasyasmin.com\/de\/producto\/protect-me-san-benito-armband\/#primaryimage"},"image":{"@id":"https:\/\/joyasyasmin.com\/de\/producto\/protect-me-san-benito-armband\/#primaryimage"},"thumbnailUrl":"https:\/\/joyasyasmin.com\/wp-content\/uploads\/2024\/08\/pulsera-protegeme-san-benito-plata.jpg","datePublished":"2024-08-26T16:52:08+00:00","dateModified":"2025-01-16T19:22:45+00:00","description":"Das Protect Me San Benito Armband ist ein handgefertigtes Schmuckst\u00fcck, das Design und Schutz in einem einzigartigen und bedeutungsvollen St\u00fcck vereint. 925er Silber.","breadcrumb":{"@id":"https:\/\/joyasyasmin.com\/de\/producto\/protect-me-san-benito-armband\/#breadcrumb"},"inLanguage":"de","potentialAction":[{"@type":"ReadAction","target":["https:\/\/joyasyasmin.com\/de\/producto\/protect-me-san-benito-armband\/"]}]},{"@type":"ImageObject","inLanguage":"de","@id":"https:\/\/joyasyasmin.com\/de\/producto\/protect-me-san-benito-armband\/#primaryimage","url":"https:\/\/joyasyasmin.com\/wp-content\/uploads\/2024\/08\/pulsera-protegeme-san-benito-plata.jpg","contentUrl":"https:\/\/joyasyasmin.com\/wp-content\/uploads\/2024\/08\/pulsera-protegeme-san-benito-plata.jpg","width":1000,"height":1000,"caption":"Verkauf von Prot\u00e9geme San Benito Armband aus 925 Sterling Silber"},{"@type":"BreadcrumbList","@id":"https:\/\/joyasyasmin.com\/de\/producto\/protect-me-san-benito-armband\/#breadcrumb","itemListElement":[{"@type":"ListItem","position":1,"name":"Portada","item":"https:\/\/joyasyasmin.com\/de\/heim\/"},{"@type":"ListItem","position":2,"name":"Shop","item":"https:\/\/joyasyasmin.com\/de\/shop\/"},{"@type":"ListItem","position":3,"name":"Protect Me San Benito Armband"}]},{"@type":"WebSite","@id":"https:\/\/joyasyasmin.com\/de\/#website","url":"https:\/\/joyasyasmin.com\/de\/","name":"Yasmin","description":"Joyer\u00eda de Plata 925 - Pendientes, pulseras, anillos, colgantes y m\u00e1s!","publisher":{"@id":"https:\/\/joyasyasmin.com\/de\/#organization"},"potentialAction":[{"@type":"SearchAction","target":{"@type":"EntryPoint","urlTemplate":"https:\/\/joyasyasmin.com\/de\/?s={search_term_string}"},"query-input":{"@type":"PropertyValueSpecification","valueRequired":true,"valueName":"search_term_string"}}],"inLanguage":"de"},{"@type":"Organization","@id":"https:\/\/joyasyasmin.com\/de\/#organization","name":"joyas yasmin","url":"https:\/\/joyasyasmin.com\/de\/","logo":{"@type":"ImageObject","inLanguage":"de","@id":"https:\/\/joyasyasmin.com\/de\/#\/schema\/logo\/image\/","url":"https:\/\/joyasyasmin.com\/wp-content\/uploads\/2017\/06\/IMG-20200429-WA0051.jpg","contentUrl":"https:\/\/joyasyasmin.com\/wp-content\/uploads\/2017\/06\/IMG-20200429-WA0051.jpg","width":1080,"height":545,"caption":"joyas yasmin"},"image":{"@id":"https:\/\/joyasyasmin.com\/de\/#\/schema\/logo\/image\/"},"sameAs":["https:\/\/www.facebook.com\/Joyas-Yasmin-217664058934169\/","https:\/\/www.instagram.com\/invites\/contact\/"]}]}},"_links":{"self":[{"href":"https:\/\/joyasyasmin.com\/de\/wp-json\/wp\/v2\/product\/20568","targetHints":{"allow":["GET"]}}],"collection":[{"href":"https:\/\/joyasyasmin.com\/de\/wp-json\/wp\/v2\/product"}],"about":[{"href":"https:\/\/joyasyasmin.com\/de\/wp-json\/wp\/v2\/types\/product"}],"replies":[{"embeddable":true,"href":"https:\/\/joyasyasmin.com\/de\/wp-json\/wp\/v2\/comments?post=20568"}],"version-history":[{"count":1,"href":"https:\/\/joyasyasmin.com\/de\/wp-json\/wp\/v2\/product\/20568\/revisions"}],"predecessor-version":[{"id":29608,"href":"https:\/\/joyasyasmin.com\/de\/wp-json\/wp\/v2\/product\/20568\/revisions\/29608"}],"wp:featuredmedia":[{"embeddable":true,"href":"https:\/\/joyasyasmin.com\/de\/wp-json\/wp\/v2\/media\/20573"}],"wp:attachment":[{"href":"https:\/\/joyasyasmin.com\/de\/wp-json\/wp\/v2\/media?parent=20568"}],"wp:term":[{"taxonomy":"product_brand","embeddable":true,"href":"https:\/\/joyasyasmin.com\/de\/wp-json\/wp\/v2\/product_brand?post=20568"},{"taxonomy":"product_cat","embeddable":true,"href":"https:\/\/joyasyasmin.com\/de\/wp-json\/wp\/v2\/product_cat?post=20568"},{"taxonomy":"product_tag","embeddable":true,"href":"https:\/\/joyasyasmin.com\/de\/wp-json\/wp\/v2\/product_tag?post=20568"}],"curies":[{"name":"wp","href":"https:\/\/api.w.org\/{rel}","templated":true}]}}