{"id":20592,"date":"2024-06-24T20:19:13","date_gmt":"2024-06-24T20:19:13","guid":{"rendered":"https:\/\/joyasyasmin.com\/producto\/virgen-del-carmen-armband\/"},"modified":"2025-11-10T11:31:39","modified_gmt":"2025-11-10T11:31:39","slug":"virgen-del-carmen-armband","status":"publish","type":"product","link":"https:\/\/joyasyasmin.com\/de\/producto\/virgen-del-carmen-armband\/","title":{"rendered":"Virgen del Carmen Armband"},"content":{"rendered":"","protected":false},"excerpt":{"rendered":"<p>Das auf dem Bild gezeigte Armband ist ein zartes und elegantes Schmuckst\u00fcck aus 925er Sterlingsilber. Es verf\u00fcgt \u00fcber ein raffiniertes Design mit 4 mm gro\u00dfen Silberperlen, die mit kleinen Perlen in verschiedenen Farben durchsetzt sind, die dem St\u00fcck einen Hauch von Lebendigkeit und Farbe verleihen. Die L\u00e4nge des Armbands betr\u00e4gt 17 cm, mit einer zus\u00e4tzlichen Verl\u00e4ngerung von 3 cm, mit der die Gr\u00f6\u00dfe nach den Vorlieben des Benutzers angepasst werden kann, um einen bequemen und sicheren Sitz zu gew\u00e4hrleisten.<\/p>\n<p>Ein markantes Detail dieses Armbands ist die Anh\u00e4ngermedaille, die 15 mm misst und ebenfalls aus 925er Sterlingsilber gefertigt ist. Die Medaille scheint eine religi\u00f6se Figur darzustellen, genauer gesagt die Virgen del Carmen, was ihr eine besondere und symbolische Bedeutung verleiht, ideal f\u00fcr diejenigen, die in ihren Accessoires eine spirituelle Verbindung suchen.<\/p>\n","protected":false},"featured_media":20593,"comment_status":"open","ping_status":"closed","template":"","meta":{"_acf_changed":false,"_joinchat":[]},"product_brand":[],"product_cat":[1787],"product_tag":[],"class_list":{"0":"post-20592","1":"product","2":"type-product","3":"status-publish","4":"has-post-thumbnail","6":"product_cat-armbander","8":"first","9":"instock","10":"shipping-taxable","11":"purchasable","12":"product-type-simple"},"acf":[],"yoast_head":"<!-- This site is optimized with the Yoast SEO plugin v27.2 - https:\/\/yoast.com\/product\/yoast-seo-wordpress\/ -->\n<title>Virgen del Carmen Armband - Yasmin<\/title>\n<meta name=\"description\" content=\"Das Armband der Virgen del Carmen ist ein St\u00fcck, das sowohl seine Sch\u00f6nheit als auch seine spirituelle Bedeutung widerspiegelt. Es ist ein zartes und elegantes Schmuckst\u00fcck. 925er Sterlingsilber.\" \/>\n<meta name=\"robots\" content=\"index, follow, max-snippet:-1, max-image-preview:large, max-video-preview:-1\" \/>\n<link rel=\"canonical\" href=\"https:\/\/joyasyasmin.com\/de\/producto\/virgen-del-carmen-armband\/\" \/>\n<meta property=\"og:locale\" content=\"de_DE\" \/>\n<meta property=\"og:title\" content=\"Virgen del Carmen Armband - Yasmin\" \/>\n<meta property=\"og:description\" content=\"Das Armband der Virgen del Carmen ist ein St\u00fcck, das sowohl seine Sch\u00f6nheit als auch seine spirituelle Bedeutung widerspiegelt. Es ist ein zartes und elegantes Schmuckst\u00fcck. 925er Sterlingsilber.\" \/>\n<meta property=\"og:url\" content=\"https:\/\/joyasyasmin.com\/de\/producto\/virgen-del-carmen-armband\/\" \/>\n<meta property=\"og:site_name\" content=\"Yasmin\" \/>\n<meta property=\"article:publisher\" content=\"https:\/\/www.facebook.com\/Joyas-Yasmin-217664058934169\/\" \/>\n<meta property=\"article:modified_time\" content=\"2025-11-10T11:31:39+00:00\" \/>\n<meta property=\"og:image\" content=\"https:\/\/joyasyasmin.com\/wp-content\/uploads\/2024\/06\/Pulsera-Virgen-del-Carmen.jpg\" \/>\n\t<meta property=\"og:image:width\" content=\"1000\" \/>\n\t<meta property=\"og:image:height\" content=\"1000\" \/>\n\t<meta property=\"og:image:type\" content=\"image\/jpeg\" \/>\n<meta name=\"twitter:card\" content=\"summary_large_image\" \/>\n<script type=\"application\/ld+json\" class=\"yoast-schema-graph\">{\"@context\":\"https:\/\/schema.org\",\"@graph\":[{\"@type\":[\"WebPage\",\"ItemPage\"],\"@id\":\"https:\/\/joyasyasmin.com\/de\/producto\/virgen-del-carmen-armband\/\",\"url\":\"https:\/\/joyasyasmin.com\/de\/producto\/virgen-del-carmen-armband\/\",\"name\":\"Virgen del Carmen Armband - Yasmin\",\"isPartOf\":{\"@id\":\"https:\/\/joyasyasmin.com\/de\/#website\"},\"primaryImageOfPage\":{\"@id\":\"https:\/\/joyasyasmin.com\/de\/producto\/virgen-del-carmen-armband\/#primaryimage\"},\"image\":{\"@id\":\"https:\/\/joyasyasmin.com\/de\/producto\/virgen-del-carmen-armband\/#primaryimage\"},\"thumbnailUrl\":\"https:\/\/joyasyasmin.com\/wp-content\/uploads\/2024\/06\/Pulsera-Virgen-del-Carmen.jpg\",\"datePublished\":\"2024-06-24T20:19:13+00:00\",\"dateModified\":\"2025-11-10T11:31:39+00:00\",\"description\":\"Das Armband der Virgen del Carmen ist ein St\u00fcck, das sowohl seine Sch\u00f6nheit als auch seine spirituelle Bedeutung widerspiegelt. Es ist ein zartes und elegantes Schmuckst\u00fcck. 925er Sterlingsilber.\",\"breadcrumb\":{\"@id\":\"https:\/\/joyasyasmin.com\/de\/producto\/virgen-del-carmen-armband\/#breadcrumb\"},\"inLanguage\":\"de\",\"potentialAction\":[{\"@type\":\"ReadAction\",\"target\":[\"https:\/\/joyasyasmin.com\/de\/producto\/virgen-del-carmen-armband\/\"]}]},{\"@type\":\"ImageObject\",\"inLanguage\":\"de\",\"@id\":\"https:\/\/joyasyasmin.com\/de\/producto\/virgen-del-carmen-armband\/#primaryimage\",\"url\":\"https:\/\/joyasyasmin.com\/wp-content\/uploads\/2024\/06\/Pulsera-Virgen-del-Carmen.jpg\",\"contentUrl\":\"https:\/\/joyasyasmin.com\/wp-content\/uploads\/2024\/06\/Pulsera-Virgen-del-Carmen.jpg\",\"width\":1000,\"height\":1000,\"caption\":\"Verkauf von Virgen del Carmen Armband aus 925 Sterlingsilber\"},{\"@type\":\"BreadcrumbList\",\"@id\":\"https:\/\/joyasyasmin.com\/de\/producto\/virgen-del-carmen-armband\/#breadcrumb\",\"itemListElement\":[{\"@type\":\"ListItem\",\"position\":1,\"name\":\"Portada\",\"item\":\"https:\/\/joyasyasmin.com\/de\/heim\/\"},{\"@type\":\"ListItem\",\"position\":2,\"name\":\"Shop\",\"item\":\"https:\/\/joyasyasmin.com\/de\/shop\/\"},{\"@type\":\"ListItem\",\"position\":3,\"name\":\"Virgen del Carmen Armband\"}]},{\"@type\":\"WebSite\",\"@id\":\"https:\/\/joyasyasmin.com\/de\/#website\",\"url\":\"https:\/\/joyasyasmin.com\/de\/\",\"name\":\"Yasmin\",\"description\":\"Joyer\u00eda de Plata 925 - Pendientes, pulseras, anillos, colgantes y m\u00e1s!\",\"publisher\":{\"@id\":\"https:\/\/joyasyasmin.com\/de\/#organization\"},\"potentialAction\":[{\"@type\":\"SearchAction\",\"target\":{\"@type\":\"EntryPoint\",\"urlTemplate\":\"https:\/\/joyasyasmin.com\/de\/?s={search_term_string}\"},\"query-input\":{\"@type\":\"PropertyValueSpecification\",\"valueRequired\":true,\"valueName\":\"search_term_string\"}}],\"inLanguage\":\"de\"},{\"@type\":\"Organization\",\"@id\":\"https:\/\/joyasyasmin.com\/de\/#organization\",\"name\":\"joyas yasmin\",\"url\":\"https:\/\/joyasyasmin.com\/de\/\",\"logo\":{\"@type\":\"ImageObject\",\"inLanguage\":\"de\",\"@id\":\"https:\/\/joyasyasmin.com\/de\/#\/schema\/logo\/image\/\",\"url\":\"https:\/\/joyasyasmin.com\/wp-content\/uploads\/2017\/06\/IMG-20200429-WA0051.jpg\",\"contentUrl\":\"https:\/\/joyasyasmin.com\/wp-content\/uploads\/2017\/06\/IMG-20200429-WA0051.jpg\",\"width\":1080,\"height\":545,\"caption\":\"joyas yasmin\"},\"image\":{\"@id\":\"https:\/\/joyasyasmin.com\/de\/#\/schema\/logo\/image\/\"},\"sameAs\":[\"https:\/\/www.facebook.com\/Joyas-Yasmin-217664058934169\/\",\"https:\/\/www.instagram.com\/invites\/contact\/\"]}]}<\/script>\n<!-- \/ Yoast SEO plugin. -->","yoast_head_json":{"title":"Virgen del Carmen Armband - Yasmin","description":"Das Armband der Virgen del Carmen ist ein St\u00fcck, das sowohl seine Sch\u00f6nheit als auch seine spirituelle Bedeutung widerspiegelt. Es ist ein zartes und elegantes Schmuckst\u00fcck. 925er Sterlingsilber.","robots":{"index":"index","follow":"follow","max-snippet":"max-snippet:-1","max-image-preview":"max-image-preview:large","max-video-preview":"max-video-preview:-1"},"canonical":"https:\/\/joyasyasmin.com\/de\/producto\/virgen-del-carmen-armband\/","og_locale":"de_DE","og_title":"Virgen del Carmen Armband - Yasmin","og_description":"Das Armband der Virgen del Carmen ist ein St\u00fcck, das sowohl seine Sch\u00f6nheit als auch seine spirituelle Bedeutung widerspiegelt. Es ist ein zartes und elegantes Schmuckst\u00fcck. 925er Sterlingsilber.","og_url":"https:\/\/joyasyasmin.com\/de\/producto\/virgen-del-carmen-armband\/","og_site_name":"Yasmin","article_publisher":"https:\/\/www.facebook.com\/Joyas-Yasmin-217664058934169\/","article_modified_time":"2025-11-10T11:31:39+00:00","og_image":[{"width":1000,"height":1000,"url":"https:\/\/joyasyasmin.com\/wp-content\/uploads\/2024\/06\/Pulsera-Virgen-del-Carmen.jpg","type":"image\/jpeg"}],"twitter_card":"summary_large_image","schema":{"@context":"https:\/\/schema.org","@graph":[{"@type":["WebPage","ItemPage"],"@id":"https:\/\/joyasyasmin.com\/de\/producto\/virgen-del-carmen-armband\/","url":"https:\/\/joyasyasmin.com\/de\/producto\/virgen-del-carmen-armband\/","name":"Virgen del Carmen Armband - Yasmin","isPartOf":{"@id":"https:\/\/joyasyasmin.com\/de\/#website"},"primaryImageOfPage":{"@id":"https:\/\/joyasyasmin.com\/de\/producto\/virgen-del-carmen-armband\/#primaryimage"},"image":{"@id":"https:\/\/joyasyasmin.com\/de\/producto\/virgen-del-carmen-armband\/#primaryimage"},"thumbnailUrl":"https:\/\/joyasyasmin.com\/wp-content\/uploads\/2024\/06\/Pulsera-Virgen-del-Carmen.jpg","datePublished":"2024-06-24T20:19:13+00:00","dateModified":"2025-11-10T11:31:39+00:00","description":"Das Armband der Virgen del Carmen ist ein St\u00fcck, das sowohl seine Sch\u00f6nheit als auch seine spirituelle Bedeutung widerspiegelt. Es ist ein zartes und elegantes Schmuckst\u00fcck. 925er Sterlingsilber.","breadcrumb":{"@id":"https:\/\/joyasyasmin.com\/de\/producto\/virgen-del-carmen-armband\/#breadcrumb"},"inLanguage":"de","potentialAction":[{"@type":"ReadAction","target":["https:\/\/joyasyasmin.com\/de\/producto\/virgen-del-carmen-armband\/"]}]},{"@type":"ImageObject","inLanguage":"de","@id":"https:\/\/joyasyasmin.com\/de\/producto\/virgen-del-carmen-armband\/#primaryimage","url":"https:\/\/joyasyasmin.com\/wp-content\/uploads\/2024\/06\/Pulsera-Virgen-del-Carmen.jpg","contentUrl":"https:\/\/joyasyasmin.com\/wp-content\/uploads\/2024\/06\/Pulsera-Virgen-del-Carmen.jpg","width":1000,"height":1000,"caption":"Verkauf von Virgen del Carmen Armband aus 925 Sterlingsilber"},{"@type":"BreadcrumbList","@id":"https:\/\/joyasyasmin.com\/de\/producto\/virgen-del-carmen-armband\/#breadcrumb","itemListElement":[{"@type":"ListItem","position":1,"name":"Portada","item":"https:\/\/joyasyasmin.com\/de\/heim\/"},{"@type":"ListItem","position":2,"name":"Shop","item":"https:\/\/joyasyasmin.com\/de\/shop\/"},{"@type":"ListItem","position":3,"name":"Virgen del Carmen Armband"}]},{"@type":"WebSite","@id":"https:\/\/joyasyasmin.com\/de\/#website","url":"https:\/\/joyasyasmin.com\/de\/","name":"Yasmin","description":"Joyer\u00eda de Plata 925 - Pendientes, pulseras, anillos, colgantes y m\u00e1s!","publisher":{"@id":"https:\/\/joyasyasmin.com\/de\/#organization"},"potentialAction":[{"@type":"SearchAction","target":{"@type":"EntryPoint","urlTemplate":"https:\/\/joyasyasmin.com\/de\/?s={search_term_string}"},"query-input":{"@type":"PropertyValueSpecification","valueRequired":true,"valueName":"search_term_string"}}],"inLanguage":"de"},{"@type":"Organization","@id":"https:\/\/joyasyasmin.com\/de\/#organization","name":"joyas yasmin","url":"https:\/\/joyasyasmin.com\/de\/","logo":{"@type":"ImageObject","inLanguage":"de","@id":"https:\/\/joyasyasmin.com\/de\/#\/schema\/logo\/image\/","url":"https:\/\/joyasyasmin.com\/wp-content\/uploads\/2017\/06\/IMG-20200429-WA0051.jpg","contentUrl":"https:\/\/joyasyasmin.com\/wp-content\/uploads\/2017\/06\/IMG-20200429-WA0051.jpg","width":1080,"height":545,"caption":"joyas yasmin"},"image":{"@id":"https:\/\/joyasyasmin.com\/de\/#\/schema\/logo\/image\/"},"sameAs":["https:\/\/www.facebook.com\/Joyas-Yasmin-217664058934169\/","https:\/\/www.instagram.com\/invites\/contact\/"]}]}},"_links":{"self":[{"href":"https:\/\/joyasyasmin.com\/de\/wp-json\/wp\/v2\/product\/20592","targetHints":{"allow":["GET"]}}],"collection":[{"href":"https:\/\/joyasyasmin.com\/de\/wp-json\/wp\/v2\/product"}],"about":[{"href":"https:\/\/joyasyasmin.com\/de\/wp-json\/wp\/v2\/types\/product"}],"replies":[{"embeddable":true,"href":"https:\/\/joyasyasmin.com\/de\/wp-json\/wp\/v2\/comments?post=20592"}],"version-history":[{"count":1,"href":"https:\/\/joyasyasmin.com\/de\/wp-json\/wp\/v2\/product\/20592\/revisions"}],"predecessor-version":[{"id":35766,"href":"https:\/\/joyasyasmin.com\/de\/wp-json\/wp\/v2\/product\/20592\/revisions\/35766"}],"wp:featuredmedia":[{"embeddable":true,"href":"https:\/\/joyasyasmin.com\/de\/wp-json\/wp\/v2\/media\/20593"}],"wp:attachment":[{"href":"https:\/\/joyasyasmin.com\/de\/wp-json\/wp\/v2\/media?parent=20592"}],"wp:term":[{"taxonomy":"product_brand","embeddable":true,"href":"https:\/\/joyasyasmin.com\/de\/wp-json\/wp\/v2\/product_brand?post=20592"},{"taxonomy":"product_cat","embeddable":true,"href":"https:\/\/joyasyasmin.com\/de\/wp-json\/wp\/v2\/product_cat?post=20592"},{"taxonomy":"product_tag","embeddable":true,"href":"https:\/\/joyasyasmin.com\/de\/wp-json\/wp\/v2\/product_tag?post=20592"}],"curies":[{"name":"wp","href":"https:\/\/api.w.org\/{rel}","templated":true}]}}