{"id":20602,"date":"2024-06-24T20:46:41","date_gmt":"2024-06-24T20:46:41","guid":{"rendered":"https:\/\/joyasyasmin.com\/producto\/travel-adventures-knoechelorthese\/"},"modified":"2025-11-10T11:31:48","modified_gmt":"2025-11-10T11:31:48","slug":"travel-adventures-knoechelorthese","status":"publish","type":"product","link":"https:\/\/joyasyasmin.com\/de\/producto\/travel-adventures-knoechelorthese\/","title":{"rendered":"Travel Adventures Kn\u00f6chelorthese"},"content":{"rendered":"","protected":false},"excerpt":{"rendered":"<p>Das Travel Adventures Fu\u00dfkettchen ist ein zartes und modernes Schmuckst\u00fcck aus 925er Sterlingsilber. Sein Design zeichnet sich durch eine Kette aus l\u00e4nglichen Gliedern aus, die elegant mit kleinen 2 mm Silberkugeln kombiniert werden, die ihm eine subtile und raffinierte Note verleihen. Mit einer L\u00e4nge von 22 cm, plus einer zus\u00e4tzlichen Verl\u00e4ngerung um 3 cm, bietet diese Kn\u00f6chelbandage eine bequeme und flexible Passform, die f\u00fcr jede Kn\u00f6chelgr\u00f6\u00dfe geeignet ist.  <\/p>\n<p>Ein Highlight dieses Fu\u00dfkettchens sind seine drei einzigartigen und bedeutenden Anh\u00e4nger: zwei Flugzeuge und eine Weltkarte. Diese Anh\u00e4nger sorgen nicht nur f\u00fcr einen optischen Reiz, sondern wecken auch Abenteuergeist und Reiselust. Das Fu\u00dfkettchen ist ideal f\u00fcr diejenigen, die ein Symbol ihrer Entdeckungen und Tr\u00e4ume von einer Weltbereise mit sich tragen m\u00f6chten.  <\/p>\n","protected":false},"featured_media":20603,"comment_status":"open","ping_status":"closed","template":"elementor_header_footer","meta":{"_acf_changed":false,"_joinchat":[]},"product_brand":[],"product_cat":[1906],"product_tag":[],"class_list":{"0":"post-20602","1":"product","2":"type-product","3":"status-publish","4":"has-post-thumbnail","6":"product_cat-fusketten","8":"first","9":"instock","10":"shipping-taxable","11":"purchasable","12":"product-type-simple"},"acf":[],"yoast_head":"<!-- This site is optimized with the Yoast SEO plugin v27.2 - https:\/\/yoast.com\/product\/yoast-seo-wordpress\/ -->\n<title>Travel Adventures Kn\u00f6chelorthese - Yasmin<\/title>\n<meta name=\"description\" content=\"Ankle Brace Travel Adventures, sein Design sorgt f\u00fcr optische Aufstimmung, weckt aber auch Abenteuerlust und Reiselust. Sterlingsilber.\" \/>\n<meta name=\"robots\" content=\"index, follow, max-snippet:-1, max-image-preview:large, max-video-preview:-1\" \/>\n<link rel=\"canonical\" href=\"https:\/\/joyasyasmin.com\/de\/producto\/travel-adventures-knoechelorthese\/\" \/>\n<meta property=\"og:locale\" content=\"de_DE\" \/>\n<meta property=\"og:title\" content=\"Travel Adventures Kn\u00f6chelorthese - Yasmin\" \/>\n<meta property=\"og:description\" content=\"Ankle Brace Travel Adventures, sein Design sorgt f\u00fcr optische Aufstimmung, weckt aber auch Abenteuerlust und Reiselust. Sterlingsilber.\" \/>\n<meta property=\"og:url\" content=\"https:\/\/joyasyasmin.com\/de\/producto\/travel-adventures-knoechelorthese\/\" \/>\n<meta property=\"og:site_name\" content=\"Yasmin\" \/>\n<meta property=\"article:publisher\" content=\"https:\/\/www.facebook.com\/Joyas-Yasmin-217664058934169\/\" \/>\n<meta property=\"article:modified_time\" content=\"2025-11-10T11:31:48+00:00\" \/>\n<meta property=\"og:image\" content=\"https:\/\/joyasyasmin.com\/wp-content\/uploads\/2024\/06\/tobillera-mundo.jpg\" \/>\n\t<meta property=\"og:image:width\" content=\"1000\" \/>\n\t<meta property=\"og:image:height\" content=\"1000\" \/>\n\t<meta property=\"og:image:type\" content=\"image\/jpeg\" \/>\n<meta name=\"twitter:card\" content=\"summary_large_image\" \/>\n<script type=\"application\/ld+json\" class=\"yoast-schema-graph\">{\"@context\":\"https:\/\/schema.org\",\"@graph\":[{\"@type\":[\"WebPage\",\"ItemPage\"],\"@id\":\"https:\/\/joyasyasmin.com\/de\/producto\/travel-adventures-knoechelorthese\/\",\"url\":\"https:\/\/joyasyasmin.com\/de\/producto\/travel-adventures-knoechelorthese\/\",\"name\":\"Travel Adventures Kn\u00f6chelorthese - Yasmin\",\"isPartOf\":{\"@id\":\"https:\/\/joyasyasmin.com\/de\/#website\"},\"primaryImageOfPage\":{\"@id\":\"https:\/\/joyasyasmin.com\/de\/producto\/travel-adventures-knoechelorthese\/#primaryimage\"},\"image\":{\"@id\":\"https:\/\/joyasyasmin.com\/de\/producto\/travel-adventures-knoechelorthese\/#primaryimage\"},\"thumbnailUrl\":\"https:\/\/joyasyasmin.com\/wp-content\/uploads\/2024\/06\/tobillera-mundo.jpg\",\"datePublished\":\"2024-06-24T20:46:41+00:00\",\"dateModified\":\"2025-11-10T11:31:48+00:00\",\"description\":\"Ankle Brace Travel Adventures, sein Design sorgt f\u00fcr optische Aufstimmung, weckt aber auch Abenteuerlust und Reiselust. Sterlingsilber.\",\"breadcrumb\":{\"@id\":\"https:\/\/joyasyasmin.com\/de\/producto\/travel-adventures-knoechelorthese\/#breadcrumb\"},\"inLanguage\":\"de\",\"potentialAction\":[{\"@type\":\"ReadAction\",\"target\":[\"https:\/\/joyasyasmin.com\/de\/producto\/travel-adventures-knoechelorthese\/\"]}]},{\"@type\":\"ImageObject\",\"inLanguage\":\"de\",\"@id\":\"https:\/\/joyasyasmin.com\/de\/producto\/travel-adventures-knoechelorthese\/#primaryimage\",\"url\":\"https:\/\/joyasyasmin.com\/wp-content\/uploads\/2024\/06\/tobillera-mundo.jpg\",\"contentUrl\":\"https:\/\/joyasyasmin.com\/wp-content\/uploads\/2024\/06\/tobillera-mundo.jpg\",\"width\":1000,\"height\":1000,\"caption\":\"925 Sterling Silber Reise Abenteuer Fu\u00dfkettchen zu verkaufen\"},{\"@type\":\"BreadcrumbList\",\"@id\":\"https:\/\/joyasyasmin.com\/de\/producto\/travel-adventures-knoechelorthese\/#breadcrumb\",\"itemListElement\":[{\"@type\":\"ListItem\",\"position\":1,\"name\":\"Portada\",\"item\":\"https:\/\/joyasyasmin.com\/de\/heim\/\"},{\"@type\":\"ListItem\",\"position\":2,\"name\":\"Shop\",\"item\":\"https:\/\/joyasyasmin.com\/de\/shop\/\"},{\"@type\":\"ListItem\",\"position\":3,\"name\":\"Travel Adventures Kn\u00f6chelorthese\"}]},{\"@type\":\"WebSite\",\"@id\":\"https:\/\/joyasyasmin.com\/de\/#website\",\"url\":\"https:\/\/joyasyasmin.com\/de\/\",\"name\":\"Yasmin\",\"description\":\"Joyer\u00eda de Plata 925 - Pendientes, pulseras, anillos, colgantes y m\u00e1s!\",\"publisher\":{\"@id\":\"https:\/\/joyasyasmin.com\/de\/#organization\"},\"potentialAction\":[{\"@type\":\"SearchAction\",\"target\":{\"@type\":\"EntryPoint\",\"urlTemplate\":\"https:\/\/joyasyasmin.com\/de\/?s={search_term_string}\"},\"query-input\":{\"@type\":\"PropertyValueSpecification\",\"valueRequired\":true,\"valueName\":\"search_term_string\"}}],\"inLanguage\":\"de\"},{\"@type\":\"Organization\",\"@id\":\"https:\/\/joyasyasmin.com\/de\/#organization\",\"name\":\"joyas yasmin\",\"url\":\"https:\/\/joyasyasmin.com\/de\/\",\"logo\":{\"@type\":\"ImageObject\",\"inLanguage\":\"de\",\"@id\":\"https:\/\/joyasyasmin.com\/de\/#\/schema\/logo\/image\/\",\"url\":\"https:\/\/joyasyasmin.com\/wp-content\/uploads\/2017\/06\/IMG-20200429-WA0051.jpg\",\"contentUrl\":\"https:\/\/joyasyasmin.com\/wp-content\/uploads\/2017\/06\/IMG-20200429-WA0051.jpg\",\"width\":1080,\"height\":545,\"caption\":\"joyas yasmin\"},\"image\":{\"@id\":\"https:\/\/joyasyasmin.com\/de\/#\/schema\/logo\/image\/\"},\"sameAs\":[\"https:\/\/www.facebook.com\/Joyas-Yasmin-217664058934169\/\",\"https:\/\/www.instagram.com\/invites\/contact\/\"]}]}<\/script>\n<!-- \/ Yoast SEO plugin. -->","yoast_head_json":{"title":"Travel Adventures Kn\u00f6chelorthese - Yasmin","description":"Ankle Brace Travel Adventures, sein Design sorgt f\u00fcr optische Aufstimmung, weckt aber auch Abenteuerlust und Reiselust. Sterlingsilber.","robots":{"index":"index","follow":"follow","max-snippet":"max-snippet:-1","max-image-preview":"max-image-preview:large","max-video-preview":"max-video-preview:-1"},"canonical":"https:\/\/joyasyasmin.com\/de\/producto\/travel-adventures-knoechelorthese\/","og_locale":"de_DE","og_title":"Travel Adventures Kn\u00f6chelorthese - Yasmin","og_description":"Ankle Brace Travel Adventures, sein Design sorgt f\u00fcr optische Aufstimmung, weckt aber auch Abenteuerlust und Reiselust. Sterlingsilber.","og_url":"https:\/\/joyasyasmin.com\/de\/producto\/travel-adventures-knoechelorthese\/","og_site_name":"Yasmin","article_publisher":"https:\/\/www.facebook.com\/Joyas-Yasmin-217664058934169\/","article_modified_time":"2025-11-10T11:31:48+00:00","og_image":[{"width":1000,"height":1000,"url":"https:\/\/joyasyasmin.com\/wp-content\/uploads\/2024\/06\/tobillera-mundo.jpg","type":"image\/jpeg"}],"twitter_card":"summary_large_image","schema":{"@context":"https:\/\/schema.org","@graph":[{"@type":["WebPage","ItemPage"],"@id":"https:\/\/joyasyasmin.com\/de\/producto\/travel-adventures-knoechelorthese\/","url":"https:\/\/joyasyasmin.com\/de\/producto\/travel-adventures-knoechelorthese\/","name":"Travel Adventures Kn\u00f6chelorthese - Yasmin","isPartOf":{"@id":"https:\/\/joyasyasmin.com\/de\/#website"},"primaryImageOfPage":{"@id":"https:\/\/joyasyasmin.com\/de\/producto\/travel-adventures-knoechelorthese\/#primaryimage"},"image":{"@id":"https:\/\/joyasyasmin.com\/de\/producto\/travel-adventures-knoechelorthese\/#primaryimage"},"thumbnailUrl":"https:\/\/joyasyasmin.com\/wp-content\/uploads\/2024\/06\/tobillera-mundo.jpg","datePublished":"2024-06-24T20:46:41+00:00","dateModified":"2025-11-10T11:31:48+00:00","description":"Ankle Brace Travel Adventures, sein Design sorgt f\u00fcr optische Aufstimmung, weckt aber auch Abenteuerlust und Reiselust. Sterlingsilber.","breadcrumb":{"@id":"https:\/\/joyasyasmin.com\/de\/producto\/travel-adventures-knoechelorthese\/#breadcrumb"},"inLanguage":"de","potentialAction":[{"@type":"ReadAction","target":["https:\/\/joyasyasmin.com\/de\/producto\/travel-adventures-knoechelorthese\/"]}]},{"@type":"ImageObject","inLanguage":"de","@id":"https:\/\/joyasyasmin.com\/de\/producto\/travel-adventures-knoechelorthese\/#primaryimage","url":"https:\/\/joyasyasmin.com\/wp-content\/uploads\/2024\/06\/tobillera-mundo.jpg","contentUrl":"https:\/\/joyasyasmin.com\/wp-content\/uploads\/2024\/06\/tobillera-mundo.jpg","width":1000,"height":1000,"caption":"925 Sterling Silber Reise Abenteuer Fu\u00dfkettchen zu verkaufen"},{"@type":"BreadcrumbList","@id":"https:\/\/joyasyasmin.com\/de\/producto\/travel-adventures-knoechelorthese\/#breadcrumb","itemListElement":[{"@type":"ListItem","position":1,"name":"Portada","item":"https:\/\/joyasyasmin.com\/de\/heim\/"},{"@type":"ListItem","position":2,"name":"Shop","item":"https:\/\/joyasyasmin.com\/de\/shop\/"},{"@type":"ListItem","position":3,"name":"Travel Adventures Kn\u00f6chelorthese"}]},{"@type":"WebSite","@id":"https:\/\/joyasyasmin.com\/de\/#website","url":"https:\/\/joyasyasmin.com\/de\/","name":"Yasmin","description":"Joyer\u00eda de Plata 925 - Pendientes, pulseras, anillos, colgantes y m\u00e1s!","publisher":{"@id":"https:\/\/joyasyasmin.com\/de\/#organization"},"potentialAction":[{"@type":"SearchAction","target":{"@type":"EntryPoint","urlTemplate":"https:\/\/joyasyasmin.com\/de\/?s={search_term_string}"},"query-input":{"@type":"PropertyValueSpecification","valueRequired":true,"valueName":"search_term_string"}}],"inLanguage":"de"},{"@type":"Organization","@id":"https:\/\/joyasyasmin.com\/de\/#organization","name":"joyas yasmin","url":"https:\/\/joyasyasmin.com\/de\/","logo":{"@type":"ImageObject","inLanguage":"de","@id":"https:\/\/joyasyasmin.com\/de\/#\/schema\/logo\/image\/","url":"https:\/\/joyasyasmin.com\/wp-content\/uploads\/2017\/06\/IMG-20200429-WA0051.jpg","contentUrl":"https:\/\/joyasyasmin.com\/wp-content\/uploads\/2017\/06\/IMG-20200429-WA0051.jpg","width":1080,"height":545,"caption":"joyas yasmin"},"image":{"@id":"https:\/\/joyasyasmin.com\/de\/#\/schema\/logo\/image\/"},"sameAs":["https:\/\/www.facebook.com\/Joyas-Yasmin-217664058934169\/","https:\/\/www.instagram.com\/invites\/contact\/"]}]}},"_links":{"self":[{"href":"https:\/\/joyasyasmin.com\/de\/wp-json\/wp\/v2\/product\/20602","targetHints":{"allow":["GET"]}}],"collection":[{"href":"https:\/\/joyasyasmin.com\/de\/wp-json\/wp\/v2\/product"}],"about":[{"href":"https:\/\/joyasyasmin.com\/de\/wp-json\/wp\/v2\/types\/product"}],"replies":[{"embeddable":true,"href":"https:\/\/joyasyasmin.com\/de\/wp-json\/wp\/v2\/comments?post=20602"}],"version-history":[{"count":1,"href":"https:\/\/joyasyasmin.com\/de\/wp-json\/wp\/v2\/product\/20602\/revisions"}],"predecessor-version":[{"id":34581,"href":"https:\/\/joyasyasmin.com\/de\/wp-json\/wp\/v2\/product\/20602\/revisions\/34581"}],"wp:featuredmedia":[{"embeddable":true,"href":"https:\/\/joyasyasmin.com\/de\/wp-json\/wp\/v2\/media\/20603"}],"wp:attachment":[{"href":"https:\/\/joyasyasmin.com\/de\/wp-json\/wp\/v2\/media?parent=20602"}],"wp:term":[{"taxonomy":"product_brand","embeddable":true,"href":"https:\/\/joyasyasmin.com\/de\/wp-json\/wp\/v2\/product_brand?post=20602"},{"taxonomy":"product_cat","embeddable":true,"href":"https:\/\/joyasyasmin.com\/de\/wp-json\/wp\/v2\/product_cat?post=20602"},{"taxonomy":"product_tag","embeddable":true,"href":"https:\/\/joyasyasmin.com\/de\/wp-json\/wp\/v2\/product_tag?post=20602"}],"curies":[{"name":"wp","href":"https:\/\/api.w.org\/{rel}","templated":true}]}}