{"id":20623,"date":"2024-07-07T12:37:25","date_gmt":"2024-07-07T12:37:25","guid":{"rendered":"https:\/\/joyasyasmin.com\/producto\/ewige-hexenknoten-magie\/"},"modified":"2025-05-20T09:01:02","modified_gmt":"2025-05-20T09:01:02","slug":"ewige-hexenknoten-magie","status":"publish","type":"product","link":"https:\/\/joyasyasmin.com\/de\/producto\/ewige-hexenknoten-magie\/","title":{"rendered":"Ewige Hexenknoten-Magie"},"content":{"rendered":"","protected":false},"excerpt":{"rendered":"<p>Entdecken Sie Mysterium und Eleganz mit unserem Hexenknoten-Anh\u00e4nger &#8222;Eternal Magic&#8220;. Dieser exquisite Anh\u00e4nger mit einer L\u00e4nge von 3,5 cm und einer Breite von 3 cm ist mit einem zentralen Stein ausgestattet, den Sie in drei schillernden Optionen anpassen k\u00f6nnen: Rubin, T\u00fcrkis oder Mondstein. Das St\u00fcck ist aus 925er Sterlingsilber gefertigt und garantiert Qualit\u00e4t und Langlebigkeit.  <\/p>\n<p>Der Hexenknoten Anh\u00e4nger &#8222;Eternal Magic&#8220; wird mit einer zarten 45 cm langen Rolo-Kette geliefert, die das charmante Design perfekt erg\u00e4nzt. Der Hexenknoten, ein uraltes Symbol des Schutzes und der Macht, steht f\u00fcr die unendliche Verbundenheit und Kontinuit\u00e4t des Lebens und verleiht ihm nicht nur Sch\u00f6nheit, sondern auch eine tiefe, mystische Bedeutung. <\/p>\n<p>Dieser Anh\u00e4nger ist ideal f\u00fcr jeden Anlass und eignet sich perfekt f\u00fcr alle, die ihrem Alltagsstil einen Hauch von Magie und Bedeutung verleihen m\u00f6chten. Warten Sie nicht l\u00e4nger und machen Sie sich dieses Symbol des Schutzes und der Eleganz zu eigen. <\/p>\n","protected":false},"featured_media":31364,"comment_status":"open","ping_status":"closed","template":"","meta":{"_acf_changed":false,"_joinchat":[]},"product_brand":[],"product_cat":[1874],"product_tag":[],"class_list":{"0":"post-20623","1":"product","2":"type-product","3":"status-publish","4":"has-post-thumbnail","6":"product_cat-anhanger","8":"first","9":"instock","10":"shipping-taxable","11":"purchasable","12":"product-type-variable"},"acf":[],"yoast_head":"<!-- This site is optimized with the Yoast SEO plugin v27.2 - https:\/\/yoast.com\/product\/yoast-seo-wordpress\/ -->\n<title>Ewige Hexenknoten-Magie - Yasmin<\/title>\n<meta name=\"description\" content=\"Der Eternal Magic Witch Knot Pendant ist ein m\u00e4chtiger Schutzzauber, der zum Schutz vor dem B\u00f6sen und zur Anziehung positiver Energien verwendet wird.\" \/>\n<meta name=\"robots\" content=\"index, follow, max-snippet:-1, max-image-preview:large, max-video-preview:-1\" \/>\n<link rel=\"canonical\" href=\"https:\/\/joyasyasmin.com\/de\/producto\/ewige-hexenknoten-magie\/\" \/>\n<meta property=\"og:locale\" content=\"de_DE\" \/>\n<meta property=\"og:title\" content=\"Ewige Hexenknoten-Magie - Yasmin\" \/>\n<meta property=\"og:description\" content=\"Der Eternal Magic Witch Knot Pendant ist ein m\u00e4chtiger Schutzzauber, der zum Schutz vor dem B\u00f6sen und zur Anziehung positiver Energien verwendet wird.\" \/>\n<meta property=\"og:url\" content=\"https:\/\/joyasyasmin.com\/de\/producto\/ewige-hexenknoten-magie\/\" \/>\n<meta property=\"og:site_name\" content=\"Yasmin\" \/>\n<meta property=\"article:publisher\" content=\"https:\/\/www.facebook.com\/Joyas-Yasmin-217664058934169\/\" \/>\n<meta property=\"article:modified_time\" content=\"2025-05-20T09:01:02+00:00\" \/>\n<meta property=\"og:image\" content=\"https:\/\/joyasyasmin.com\/wp-content\/uploads\/2024\/07\/coglante-turquesa-nudo-de-bruja.jpg\" \/>\n\t<meta property=\"og:image:width\" content=\"1000\" \/>\n\t<meta property=\"og:image:height\" content=\"1000\" \/>\n\t<meta property=\"og:image:type\" content=\"image\/jpeg\" \/>\n<meta name=\"twitter:card\" content=\"summary_large_image\" \/>\n<script type=\"application\/ld+json\" class=\"yoast-schema-graph\">{\"@context\":\"https:\/\/schema.org\",\"@graph\":[{\"@type\":[\"WebPage\",\"ItemPage\"],\"@id\":\"https:\/\/joyasyasmin.com\/de\/producto\/ewige-hexenknoten-magie\/\",\"url\":\"https:\/\/joyasyasmin.com\/de\/producto\/ewige-hexenknoten-magie\/\",\"name\":\"Ewige Hexenknoten-Magie - Yasmin\",\"isPartOf\":{\"@id\":\"https:\/\/joyasyasmin.com\/de\/#website\"},\"primaryImageOfPage\":{\"@id\":\"https:\/\/joyasyasmin.com\/de\/producto\/ewige-hexenknoten-magie\/#primaryimage\"},\"image\":{\"@id\":\"https:\/\/joyasyasmin.com\/de\/producto\/ewige-hexenknoten-magie\/#primaryimage\"},\"thumbnailUrl\":\"https:\/\/joyasyasmin.com\/wp-content\/uploads\/2024\/07\/coglante-turquesa-nudo-de-bruja.jpg\",\"datePublished\":\"2024-07-07T12:37:25+00:00\",\"dateModified\":\"2025-05-20T09:01:02+00:00\",\"description\":\"Der Eternal Magic Witch Knot Pendant ist ein m\u00e4chtiger Schutzzauber, der zum Schutz vor dem B\u00f6sen und zur Anziehung positiver Energien verwendet wird.\",\"breadcrumb\":{\"@id\":\"https:\/\/joyasyasmin.com\/de\/producto\/ewige-hexenknoten-magie\/#breadcrumb\"},\"inLanguage\":\"de\",\"potentialAction\":[{\"@type\":\"ReadAction\",\"target\":[\"https:\/\/joyasyasmin.com\/de\/producto\/ewige-hexenknoten-magie\/\"]}]},{\"@type\":\"ImageObject\",\"inLanguage\":\"de\",\"@id\":\"https:\/\/joyasyasmin.com\/de\/producto\/ewige-hexenknoten-magie\/#primaryimage\",\"url\":\"https:\/\/joyasyasmin.com\/wp-content\/uploads\/2024\/07\/coglante-turquesa-nudo-de-bruja.jpg\",\"contentUrl\":\"https:\/\/joyasyasmin.com\/wp-content\/uploads\/2024\/07\/coglante-turquesa-nudo-de-bruja.jpg\",\"width\":1000,\"height\":1000,\"caption\":\"Sale Hexenknoten Anh\u00e4nger mit T\u00fcrkis\"},{\"@type\":\"BreadcrumbList\",\"@id\":\"https:\/\/joyasyasmin.com\/de\/producto\/ewige-hexenknoten-magie\/#breadcrumb\",\"itemListElement\":[{\"@type\":\"ListItem\",\"position\":1,\"name\":\"Portada\",\"item\":\"https:\/\/joyasyasmin.com\/de\/heim\/\"},{\"@type\":\"ListItem\",\"position\":2,\"name\":\"Shop\",\"item\":\"https:\/\/joyasyasmin.com\/de\/shop\/\"},{\"@type\":\"ListItem\",\"position\":3,\"name\":\"Ewige Hexenknoten-Magie\"}]},{\"@type\":\"WebSite\",\"@id\":\"https:\/\/joyasyasmin.com\/de\/#website\",\"url\":\"https:\/\/joyasyasmin.com\/de\/\",\"name\":\"Yasmin\",\"description\":\"Joyer\u00eda de Plata 925 - Pendientes, pulseras, anillos, colgantes y m\u00e1s!\",\"publisher\":{\"@id\":\"https:\/\/joyasyasmin.com\/de\/#organization\"},\"potentialAction\":[{\"@type\":\"SearchAction\",\"target\":{\"@type\":\"EntryPoint\",\"urlTemplate\":\"https:\/\/joyasyasmin.com\/de\/?s={search_term_string}\"},\"query-input\":{\"@type\":\"PropertyValueSpecification\",\"valueRequired\":true,\"valueName\":\"search_term_string\"}}],\"inLanguage\":\"de\"},{\"@type\":\"Organization\",\"@id\":\"https:\/\/joyasyasmin.com\/de\/#organization\",\"name\":\"joyas yasmin\",\"url\":\"https:\/\/joyasyasmin.com\/de\/\",\"logo\":{\"@type\":\"ImageObject\",\"inLanguage\":\"de\",\"@id\":\"https:\/\/joyasyasmin.com\/de\/#\/schema\/logo\/image\/\",\"url\":\"https:\/\/joyasyasmin.com\/wp-content\/uploads\/2017\/06\/IMG-20200429-WA0051.jpg\",\"contentUrl\":\"https:\/\/joyasyasmin.com\/wp-content\/uploads\/2017\/06\/IMG-20200429-WA0051.jpg\",\"width\":1080,\"height\":545,\"caption\":\"joyas yasmin\"},\"image\":{\"@id\":\"https:\/\/joyasyasmin.com\/de\/#\/schema\/logo\/image\/\"},\"sameAs\":[\"https:\/\/www.facebook.com\/Joyas-Yasmin-217664058934169\/\",\"https:\/\/www.instagram.com\/invites\/contact\/\"]}]}<\/script>\n<!-- \/ Yoast SEO plugin. -->","yoast_head_json":{"title":"Ewige Hexenknoten-Magie - Yasmin","description":"Der Eternal Magic Witch Knot Pendant ist ein m\u00e4chtiger Schutzzauber, der zum Schutz vor dem B\u00f6sen und zur Anziehung positiver Energien verwendet wird.","robots":{"index":"index","follow":"follow","max-snippet":"max-snippet:-1","max-image-preview":"max-image-preview:large","max-video-preview":"max-video-preview:-1"},"canonical":"https:\/\/joyasyasmin.com\/de\/producto\/ewige-hexenknoten-magie\/","og_locale":"de_DE","og_title":"Ewige Hexenknoten-Magie - Yasmin","og_description":"Der Eternal Magic Witch Knot Pendant ist ein m\u00e4chtiger Schutzzauber, der zum Schutz vor dem B\u00f6sen und zur Anziehung positiver Energien verwendet wird.","og_url":"https:\/\/joyasyasmin.com\/de\/producto\/ewige-hexenknoten-magie\/","og_site_name":"Yasmin","article_publisher":"https:\/\/www.facebook.com\/Joyas-Yasmin-217664058934169\/","article_modified_time":"2025-05-20T09:01:02+00:00","og_image":[{"width":1000,"height":1000,"url":"https:\/\/joyasyasmin.com\/wp-content\/uploads\/2024\/07\/coglante-turquesa-nudo-de-bruja.jpg","type":"image\/jpeg"}],"twitter_card":"summary_large_image","schema":{"@context":"https:\/\/schema.org","@graph":[{"@type":["WebPage","ItemPage"],"@id":"https:\/\/joyasyasmin.com\/de\/producto\/ewige-hexenknoten-magie\/","url":"https:\/\/joyasyasmin.com\/de\/producto\/ewige-hexenknoten-magie\/","name":"Ewige Hexenknoten-Magie - Yasmin","isPartOf":{"@id":"https:\/\/joyasyasmin.com\/de\/#website"},"primaryImageOfPage":{"@id":"https:\/\/joyasyasmin.com\/de\/producto\/ewige-hexenknoten-magie\/#primaryimage"},"image":{"@id":"https:\/\/joyasyasmin.com\/de\/producto\/ewige-hexenknoten-magie\/#primaryimage"},"thumbnailUrl":"https:\/\/joyasyasmin.com\/wp-content\/uploads\/2024\/07\/coglante-turquesa-nudo-de-bruja.jpg","datePublished":"2024-07-07T12:37:25+00:00","dateModified":"2025-05-20T09:01:02+00:00","description":"Der Eternal Magic Witch Knot Pendant ist ein m\u00e4chtiger Schutzzauber, der zum Schutz vor dem B\u00f6sen und zur Anziehung positiver Energien verwendet wird.","breadcrumb":{"@id":"https:\/\/joyasyasmin.com\/de\/producto\/ewige-hexenknoten-magie\/#breadcrumb"},"inLanguage":"de","potentialAction":[{"@type":"ReadAction","target":["https:\/\/joyasyasmin.com\/de\/producto\/ewige-hexenknoten-magie\/"]}]},{"@type":"ImageObject","inLanguage":"de","@id":"https:\/\/joyasyasmin.com\/de\/producto\/ewige-hexenknoten-magie\/#primaryimage","url":"https:\/\/joyasyasmin.com\/wp-content\/uploads\/2024\/07\/coglante-turquesa-nudo-de-bruja.jpg","contentUrl":"https:\/\/joyasyasmin.com\/wp-content\/uploads\/2024\/07\/coglante-turquesa-nudo-de-bruja.jpg","width":1000,"height":1000,"caption":"Sale Hexenknoten Anh\u00e4nger mit T\u00fcrkis"},{"@type":"BreadcrumbList","@id":"https:\/\/joyasyasmin.com\/de\/producto\/ewige-hexenknoten-magie\/#breadcrumb","itemListElement":[{"@type":"ListItem","position":1,"name":"Portada","item":"https:\/\/joyasyasmin.com\/de\/heim\/"},{"@type":"ListItem","position":2,"name":"Shop","item":"https:\/\/joyasyasmin.com\/de\/shop\/"},{"@type":"ListItem","position":3,"name":"Ewige Hexenknoten-Magie"}]},{"@type":"WebSite","@id":"https:\/\/joyasyasmin.com\/de\/#website","url":"https:\/\/joyasyasmin.com\/de\/","name":"Yasmin","description":"Joyer\u00eda de Plata 925 - Pendientes, pulseras, anillos, colgantes y m\u00e1s!","publisher":{"@id":"https:\/\/joyasyasmin.com\/de\/#organization"},"potentialAction":[{"@type":"SearchAction","target":{"@type":"EntryPoint","urlTemplate":"https:\/\/joyasyasmin.com\/de\/?s={search_term_string}"},"query-input":{"@type":"PropertyValueSpecification","valueRequired":true,"valueName":"search_term_string"}}],"inLanguage":"de"},{"@type":"Organization","@id":"https:\/\/joyasyasmin.com\/de\/#organization","name":"joyas yasmin","url":"https:\/\/joyasyasmin.com\/de\/","logo":{"@type":"ImageObject","inLanguage":"de","@id":"https:\/\/joyasyasmin.com\/de\/#\/schema\/logo\/image\/","url":"https:\/\/joyasyasmin.com\/wp-content\/uploads\/2017\/06\/IMG-20200429-WA0051.jpg","contentUrl":"https:\/\/joyasyasmin.com\/wp-content\/uploads\/2017\/06\/IMG-20200429-WA0051.jpg","width":1080,"height":545,"caption":"joyas yasmin"},"image":{"@id":"https:\/\/joyasyasmin.com\/de\/#\/schema\/logo\/image\/"},"sameAs":["https:\/\/www.facebook.com\/Joyas-Yasmin-217664058934169\/","https:\/\/www.instagram.com\/invites\/contact\/"]}]}},"_links":{"self":[{"href":"https:\/\/joyasyasmin.com\/de\/wp-json\/wp\/v2\/product\/20623","targetHints":{"allow":["GET"]}}],"collection":[{"href":"https:\/\/joyasyasmin.com\/de\/wp-json\/wp\/v2\/product"}],"about":[{"href":"https:\/\/joyasyasmin.com\/de\/wp-json\/wp\/v2\/types\/product"}],"replies":[{"embeddable":true,"href":"https:\/\/joyasyasmin.com\/de\/wp-json\/wp\/v2\/comments?post=20623"}],"version-history":[{"count":2,"href":"https:\/\/joyasyasmin.com\/de\/wp-json\/wp\/v2\/product\/20623\/revisions"}],"predecessor-version":[{"id":32509,"href":"https:\/\/joyasyasmin.com\/de\/wp-json\/wp\/v2\/product\/20623\/revisions\/32509"}],"wp:featuredmedia":[{"embeddable":true,"href":"https:\/\/joyasyasmin.com\/de\/wp-json\/wp\/v2\/media\/31364"}],"wp:attachment":[{"href":"https:\/\/joyasyasmin.com\/de\/wp-json\/wp\/v2\/media?parent=20623"}],"wp:term":[{"taxonomy":"product_brand","embeddable":true,"href":"https:\/\/joyasyasmin.com\/de\/wp-json\/wp\/v2\/product_brand?post=20623"},{"taxonomy":"product_cat","embeddable":true,"href":"https:\/\/joyasyasmin.com\/de\/wp-json\/wp\/v2\/product_cat?post=20623"},{"taxonomy":"product_tag","embeddable":true,"href":"https:\/\/joyasyasmin.com\/de\/wp-json\/wp\/v2\/product_tag?post=20623"}],"curies":[{"name":"wp","href":"https:\/\/api.w.org\/{rel}","templated":true}]}}