{"id":20699,"date":"2024-06-06T08:05:22","date_gmt":"2024-06-06T08:05:22","guid":{"rendered":"https:\/\/joyasyasmin.com\/producto\/doppelter-blumenring\/"},"modified":"2025-09-15T09:44:52","modified_gmt":"2025-09-15T09:44:52","slug":"doppelter-blumenring","status":"publish","type":"product","link":"https:\/\/joyasyasmin.com\/de\/producto\/doppelter-blumenring\/","title":{"rendered":"Doppelter Blumenring"},"content":{"rendered":"","protected":false},"excerpt":{"rendered":"<p>Dieser wundersch\u00f6ne Doppelblumenring aus 925er Sterlingsilber verf\u00fcgt \u00fcber ein unverwechselbares und auff\u00e4lliges Design, das mit Sicherheit alle Blicke auf sich ziehen wird. Mit einer Breite von 19 cm zeichnet sich dieser Ring durch seine robuste und elegante Struktur aus. Das Design dieses Rings besteht aus einer atemberaubenden Doppelbl\u00fcte, die mit mehrfarbigen Edelsteinen verziert ist. Die Steine, die in ein florales Muster gefasst sind, umfassen leuchtende Farbt\u00f6ne wie Lila, Gelb, Gr\u00fcn, Orange und Rot und schaffen eine Symphonie von Farben, die bei jeder Bewegung leuchten. Der Sockel des Rings aus 925er Sterlingsilber sorgt nicht nur f\u00fcr ein gl\u00e4nzendes und raffiniertes Aussehen, sondern auch f\u00fcr eine au\u00dfergew\u00f6hnliche Haltbarkeit und Festigkeit. Sterlingsilber ist bekannt f\u00fcr seine Qualit\u00e4t und die F\u00e4higkeit, seinen Glanz im Laufe der Zeit zu bewahren, was diesen Ring zu einem idealen St\u00fcck sowohl f\u00fcr besondere Anl\u00e4sse als auch f\u00fcr den Alltag macht.   <\/p>\n","protected":false},"featured_media":20709,"comment_status":"open","ping_status":"closed","template":"","meta":{"_acf_changed":false,"_joinchat":[]},"product_brand":[],"product_cat":[1850],"product_tag":[],"class_list":{"0":"post-20699","1":"product","2":"type-product","3":"status-publish","4":"has-post-thumbnail","6":"product_cat-ringe-ringe","8":"first","9":"instock","10":"shipping-taxable","11":"purchasable","12":"product-type-variable"},"acf":[],"yoast_head":"<!-- This site is optimized with the Yoast SEO plugin v27.3 - https:\/\/yoast.com\/product\/yoast-seo-wordpress\/ -->\n<title>Doppelter Blumenring - Yasmin<\/title>\n<meta name=\"description\" content=\"Der Doppelblumenring ist ein St\u00fcck, das Ihren Looks Eleganz und Stil verleiht, sein Design, das zwei Blumen unterschiedlicher Gr\u00f6\u00dfe mit einer Breite von 19 cm bildet.\" \/>\n<meta name=\"robots\" content=\"index, follow, max-snippet:-1, max-image-preview:large, max-video-preview:-1\" \/>\n<link rel=\"canonical\" href=\"https:\/\/joyasyasmin.com\/de\/producto\/doppelter-blumenring\/\" \/>\n<meta property=\"og:locale\" content=\"de_DE\" \/>\n<meta property=\"og:title\" content=\"Doppelter Blumenring - Yasmin\" \/>\n<meta property=\"og:description\" content=\"Der Doppelblumenring ist ein St\u00fcck, das Ihren Looks Eleganz und Stil verleiht, sein Design, das zwei Blumen unterschiedlicher Gr\u00f6\u00dfe mit einer Breite von 19 cm bildet.\" \/>\n<meta property=\"og:url\" content=\"https:\/\/joyasyasmin.com\/de\/producto\/doppelter-blumenring\/\" \/>\n<meta property=\"og:site_name\" content=\"Yasmin\" \/>\n<meta property=\"article:publisher\" content=\"https:\/\/www.facebook.com\/Joyas-Yasmin-217664058934169\/\" \/>\n<meta property=\"article:modified_time\" content=\"2025-09-15T09:44:52+00:00\" \/>\n<meta property=\"og:image\" content=\"https:\/\/joyasyasmin.com\/wp-content\/uploads\/2024\/06\/anillo-doble-flor-de-color-en-plata.jpg\" \/>\n\t<meta property=\"og:image:width\" content=\"1000\" \/>\n\t<meta property=\"og:image:height\" content=\"1000\" \/>\n\t<meta property=\"og:image:type\" content=\"image\/jpeg\" \/>\n<meta name=\"twitter:card\" content=\"summary_large_image\" \/>\n<script type=\"application\/ld+json\" class=\"yoast-schema-graph\">{\"@context\":\"https:\\\/\\\/schema.org\",\"@graph\":[{\"@type\":[\"WebPage\",\"ItemPage\"],\"@id\":\"https:\\\/\\\/joyasyasmin.com\\\/de\\\/producto\\\/doppelter-blumenring\\\/\",\"url\":\"https:\\\/\\\/joyasyasmin.com\\\/de\\\/producto\\\/doppelter-blumenring\\\/\",\"name\":\"Doppelter Blumenring - Yasmin\",\"isPartOf\":{\"@id\":\"https:\\\/\\\/joyasyasmin.com\\\/de\\\/#website\"},\"primaryImageOfPage\":{\"@id\":\"https:\\\/\\\/joyasyasmin.com\\\/de\\\/producto\\\/doppelter-blumenring\\\/#primaryimage\"},\"image\":{\"@id\":\"https:\\\/\\\/joyasyasmin.com\\\/de\\\/producto\\\/doppelter-blumenring\\\/#primaryimage\"},\"thumbnailUrl\":\"https:\\\/\\\/joyasyasmin.com\\\/wp-content\\\/uploads\\\/2024\\\/06\\\/anillo-doble-flor-de-color-en-plata.jpg\",\"datePublished\":\"2024-06-06T08:05:22+00:00\",\"dateModified\":\"2025-09-15T09:44:52+00:00\",\"description\":\"Der Doppelblumenring ist ein St\u00fcck, das Ihren Looks Eleganz und Stil verleiht, sein Design, das zwei Blumen unterschiedlicher Gr\u00f6\u00dfe mit einer Breite von 19 cm bildet.\",\"breadcrumb\":{\"@id\":\"https:\\\/\\\/joyasyasmin.com\\\/de\\\/producto\\\/doppelter-blumenring\\\/#breadcrumb\"},\"inLanguage\":\"de\",\"potentialAction\":[{\"@type\":\"ReadAction\",\"target\":[\"https:\\\/\\\/joyasyasmin.com\\\/de\\\/producto\\\/doppelter-blumenring\\\/\"]}]},{\"@type\":\"ImageObject\",\"inLanguage\":\"de\",\"@id\":\"https:\\\/\\\/joyasyasmin.com\\\/de\\\/producto\\\/doppelter-blumenring\\\/#primaryimage\",\"url\":\"https:\\\/\\\/joyasyasmin.com\\\/wp-content\\\/uploads\\\/2024\\\/06\\\/anillo-doble-flor-de-color-en-plata.jpg\",\"contentUrl\":\"https:\\\/\\\/joyasyasmin.com\\\/wp-content\\\/uploads\\\/2024\\\/06\\\/anillo-doble-flor-de-color-en-plata.jpg\",\"width\":1000,\"height\":1000},{\"@type\":\"BreadcrumbList\",\"@id\":\"https:\\\/\\\/joyasyasmin.com\\\/de\\\/producto\\\/doppelter-blumenring\\\/#breadcrumb\",\"itemListElement\":[{\"@type\":\"ListItem\",\"position\":1,\"name\":\"Portada\",\"item\":\"https:\\\/\\\/joyasyasmin.com\\\/de\\\/heim\\\/\"},{\"@type\":\"ListItem\",\"position\":2,\"name\":\"Shop\",\"item\":\"https:\\\/\\\/joyasyasmin.com\\\/de\\\/shop\\\/\"},{\"@type\":\"ListItem\",\"position\":3,\"name\":\"Doppelter Blumenring\"}]},{\"@type\":\"WebSite\",\"@id\":\"https:\\\/\\\/joyasyasmin.com\\\/de\\\/#website\",\"url\":\"https:\\\/\\\/joyasyasmin.com\\\/de\\\/\",\"name\":\"Yasmin\",\"description\":\"Joyer\u00eda de Plata 925 - Pendientes, pulseras, anillos, colgantes y m\u00e1s!\",\"publisher\":{\"@id\":\"https:\\\/\\\/joyasyasmin.com\\\/de\\\/#organization\"},\"potentialAction\":[{\"@type\":\"SearchAction\",\"target\":{\"@type\":\"EntryPoint\",\"urlTemplate\":\"https:\\\/\\\/joyasyasmin.com\\\/de\\\/?s={search_term_string}\"},\"query-input\":{\"@type\":\"PropertyValueSpecification\",\"valueRequired\":true,\"valueName\":\"search_term_string\"}}],\"inLanguage\":\"de\"},{\"@type\":\"Organization\",\"@id\":\"https:\\\/\\\/joyasyasmin.com\\\/de\\\/#organization\",\"name\":\"joyas yasmin\",\"url\":\"https:\\\/\\\/joyasyasmin.com\\\/de\\\/\",\"logo\":{\"@type\":\"ImageObject\",\"inLanguage\":\"de\",\"@id\":\"https:\\\/\\\/joyasyasmin.com\\\/de\\\/#\\\/schema\\\/logo\\\/image\\\/\",\"url\":\"https:\\\/\\\/joyasyasmin.com\\\/wp-content\\\/uploads\\\/2017\\\/06\\\/IMG-20200429-WA0051.jpg\",\"contentUrl\":\"https:\\\/\\\/joyasyasmin.com\\\/wp-content\\\/uploads\\\/2017\\\/06\\\/IMG-20200429-WA0051.jpg\",\"width\":1080,\"height\":545,\"caption\":\"joyas yasmin\"},\"image\":{\"@id\":\"https:\\\/\\\/joyasyasmin.com\\\/de\\\/#\\\/schema\\\/logo\\\/image\\\/\"},\"sameAs\":[\"https:\\\/\\\/www.facebook.com\\\/Joyas-Yasmin-217664058934169\\\/\",\"https:\\\/\\\/www.instagram.com\\\/invites\\\/contact\\\/\"]}]}<\/script>\n<!-- \/ Yoast SEO plugin. -->","yoast_head_json":{"title":"Doppelter Blumenring - Yasmin","description":"Der Doppelblumenring ist ein St\u00fcck, das Ihren Looks Eleganz und Stil verleiht, sein Design, das zwei Blumen unterschiedlicher Gr\u00f6\u00dfe mit einer Breite von 19 cm bildet.","robots":{"index":"index","follow":"follow","max-snippet":"max-snippet:-1","max-image-preview":"max-image-preview:large","max-video-preview":"max-video-preview:-1"},"canonical":"https:\/\/joyasyasmin.com\/de\/producto\/doppelter-blumenring\/","og_locale":"de_DE","og_title":"Doppelter Blumenring - Yasmin","og_description":"Der Doppelblumenring ist ein St\u00fcck, das Ihren Looks Eleganz und Stil verleiht, sein Design, das zwei Blumen unterschiedlicher Gr\u00f6\u00dfe mit einer Breite von 19 cm bildet.","og_url":"https:\/\/joyasyasmin.com\/de\/producto\/doppelter-blumenring\/","og_site_name":"Yasmin","article_publisher":"https:\/\/www.facebook.com\/Joyas-Yasmin-217664058934169\/","article_modified_time":"2025-09-15T09:44:52+00:00","og_image":[{"width":1000,"height":1000,"url":"https:\/\/joyasyasmin.com\/wp-content\/uploads\/2024\/06\/anillo-doble-flor-de-color-en-plata.jpg","type":"image\/jpeg"}],"twitter_card":"summary_large_image","schema":{"@context":"https:\/\/schema.org","@graph":[{"@type":["WebPage","ItemPage"],"@id":"https:\/\/joyasyasmin.com\/de\/producto\/doppelter-blumenring\/","url":"https:\/\/joyasyasmin.com\/de\/producto\/doppelter-blumenring\/","name":"Doppelter Blumenring - Yasmin","isPartOf":{"@id":"https:\/\/joyasyasmin.com\/de\/#website"},"primaryImageOfPage":{"@id":"https:\/\/joyasyasmin.com\/de\/producto\/doppelter-blumenring\/#primaryimage"},"image":{"@id":"https:\/\/joyasyasmin.com\/de\/producto\/doppelter-blumenring\/#primaryimage"},"thumbnailUrl":"https:\/\/joyasyasmin.com\/wp-content\/uploads\/2024\/06\/anillo-doble-flor-de-color-en-plata.jpg","datePublished":"2024-06-06T08:05:22+00:00","dateModified":"2025-09-15T09:44:52+00:00","description":"Der Doppelblumenring ist ein St\u00fcck, das Ihren Looks Eleganz und Stil verleiht, sein Design, das zwei Blumen unterschiedlicher Gr\u00f6\u00dfe mit einer Breite von 19 cm bildet.","breadcrumb":{"@id":"https:\/\/joyasyasmin.com\/de\/producto\/doppelter-blumenring\/#breadcrumb"},"inLanguage":"de","potentialAction":[{"@type":"ReadAction","target":["https:\/\/joyasyasmin.com\/de\/producto\/doppelter-blumenring\/"]}]},{"@type":"ImageObject","inLanguage":"de","@id":"https:\/\/joyasyasmin.com\/de\/producto\/doppelter-blumenring\/#primaryimage","url":"https:\/\/joyasyasmin.com\/wp-content\/uploads\/2024\/06\/anillo-doble-flor-de-color-en-plata.jpg","contentUrl":"https:\/\/joyasyasmin.com\/wp-content\/uploads\/2024\/06\/anillo-doble-flor-de-color-en-plata.jpg","width":1000,"height":1000},{"@type":"BreadcrumbList","@id":"https:\/\/joyasyasmin.com\/de\/producto\/doppelter-blumenring\/#breadcrumb","itemListElement":[{"@type":"ListItem","position":1,"name":"Portada","item":"https:\/\/joyasyasmin.com\/de\/heim\/"},{"@type":"ListItem","position":2,"name":"Shop","item":"https:\/\/joyasyasmin.com\/de\/shop\/"},{"@type":"ListItem","position":3,"name":"Doppelter Blumenring"}]},{"@type":"WebSite","@id":"https:\/\/joyasyasmin.com\/de\/#website","url":"https:\/\/joyasyasmin.com\/de\/","name":"Yasmin","description":"Joyer\u00eda de Plata 925 - Pendientes, pulseras, anillos, colgantes y m\u00e1s!","publisher":{"@id":"https:\/\/joyasyasmin.com\/de\/#organization"},"potentialAction":[{"@type":"SearchAction","target":{"@type":"EntryPoint","urlTemplate":"https:\/\/joyasyasmin.com\/de\/?s={search_term_string}"},"query-input":{"@type":"PropertyValueSpecification","valueRequired":true,"valueName":"search_term_string"}}],"inLanguage":"de"},{"@type":"Organization","@id":"https:\/\/joyasyasmin.com\/de\/#organization","name":"joyas yasmin","url":"https:\/\/joyasyasmin.com\/de\/","logo":{"@type":"ImageObject","inLanguage":"de","@id":"https:\/\/joyasyasmin.com\/de\/#\/schema\/logo\/image\/","url":"https:\/\/joyasyasmin.com\/wp-content\/uploads\/2017\/06\/IMG-20200429-WA0051.jpg","contentUrl":"https:\/\/joyasyasmin.com\/wp-content\/uploads\/2017\/06\/IMG-20200429-WA0051.jpg","width":1080,"height":545,"caption":"joyas yasmin"},"image":{"@id":"https:\/\/joyasyasmin.com\/de\/#\/schema\/logo\/image\/"},"sameAs":["https:\/\/www.facebook.com\/Joyas-Yasmin-217664058934169\/","https:\/\/www.instagram.com\/invites\/contact\/"]}]}},"_links":{"self":[{"href":"https:\/\/joyasyasmin.com\/de\/wp-json\/wp\/v2\/product\/20699","targetHints":{"allow":["GET"]}}],"collection":[{"href":"https:\/\/joyasyasmin.com\/de\/wp-json\/wp\/v2\/product"}],"about":[{"href":"https:\/\/joyasyasmin.com\/de\/wp-json\/wp\/v2\/types\/product"}],"replies":[{"embeddable":true,"href":"https:\/\/joyasyasmin.com\/de\/wp-json\/wp\/v2\/comments?post=20699"}],"version-history":[{"count":0,"href":"https:\/\/joyasyasmin.com\/de\/wp-json\/wp\/v2\/product\/20699\/revisions"}],"wp:featuredmedia":[{"embeddable":true,"href":"https:\/\/joyasyasmin.com\/de\/wp-json\/wp\/v2\/media\/20709"}],"wp:attachment":[{"href":"https:\/\/joyasyasmin.com\/de\/wp-json\/wp\/v2\/media?parent=20699"}],"wp:term":[{"taxonomy":"product_brand","embeddable":true,"href":"https:\/\/joyasyasmin.com\/de\/wp-json\/wp\/v2\/product_brand?post=20699"},{"taxonomy":"product_cat","embeddable":true,"href":"https:\/\/joyasyasmin.com\/de\/wp-json\/wp\/v2\/product_cat?post=20699"},{"taxonomy":"product_tag","embeddable":true,"href":"https:\/\/joyasyasmin.com\/de\/wp-json\/wp\/v2\/product_tag?post=20699"}],"curies":[{"name":"wp","href":"https:\/\/api.w.org\/{rel}","templated":true}]}}