{"id":20701,"date":"2024-06-06T08:42:50","date_gmt":"2024-06-06T08:42:50","guid":{"rendered":"https:\/\/joyasyasmin.com\/producto\/blumenring\/"},"modified":"2024-06-06T08:42:50","modified_gmt":"2024-06-06T08:42:50","slug":"blumenring","status":"publish","type":"product","link":"https:\/\/joyasyasmin.com\/de\/producto\/blumenring\/","title":{"rendered":"Blumenring"},"content":{"rendered":"","protected":false},"excerpt":{"rendered":"<p>Dieser exquisite Ring in Blumenform ist ein wahres Meisterwerk, das Eleganz und Raffinesse in einem St\u00fcck vereint. Mit f\u00fcnf zarten Bl\u00fctenbl\u00e4ttern in verschiedenen Farben ist dieser Ring eine Hommage an die nat\u00fcrliche Sch\u00f6nheit und Vielfalt, die ihn umgibt. Jedes Bl\u00fctenblatt hat einen einzigartigen Farbton, der einen Regenbogen von Farben erzeugt, der Aufmerksamkeit erregt und Bewunderung weckt. Die Bl\u00fctenbl\u00e4tter sind sorgf\u00e4ltig gestaltet, um eine harmonische Kombination von Farbt\u00f6nen zu bieten, von sanften Pastellt\u00f6nen bis hin zu lebendigen und auff\u00e4lligen Farben. Diese Farbvielfalt verleiht dem Design nicht nur einen Hauch von Verspieltheit und Lebendigkeit, sondern erm\u00f6glicht es dem Ring auch, sich leicht an verschiedene Stile und Pers\u00f6nlichkeiten anzupassen. Um seine Sch\u00f6nheit noch zu unterstreichen, ist jede Seite des Rings mit einer Gasse aus wei\u00dfem Zirkonia verziert, die einen Hauch von Glanz und Glamour verleiht. Diese sorgf\u00e4ltig in 925er Sterlingsilber gefassten Zirkonias sorgen f\u00fcr ein subtiles, aber auff\u00e4lliges Funkeln, das die leuchtenden Farben der Bl\u00fctenbl\u00e4tter perfekt erg\u00e4nzt.  <\/p>\n","protected":false},"featured_media":20713,"comment_status":"open","ping_status":"closed","template":"","meta":{"_acf_changed":false,"_joinchat":[]},"product_brand":[],"product_cat":[1850],"product_tag":[],"class_list":{"0":"post-20701","1":"product","2":"type-product","3":"status-publish","4":"has-post-thumbnail","6":"product_cat-ringe-ringe","8":"first","9":"instock","10":"shipping-taxable","11":"purchasable","12":"product-type-variable"},"acf":[],"yoast_head":"<!-- This site is optimized with the Yoast SEO plugin v27.2 - https:\/\/yoast.com\/product\/yoast-seo-wordpress\/ -->\n<title>Blumenring - Yasmin<\/title>\n<meta name=\"description\" content=\"Flor Ring ist ein wahres Meisterwerk, das Eleganz und Raffinesse in einem St\u00fcck vereint. Mit f\u00fcnf zarten Bl\u00fctenbl\u00e4ttern in verschiedenen Farben.\" \/>\n<meta name=\"robots\" content=\"index, follow, max-snippet:-1, max-image-preview:large, max-video-preview:-1\" \/>\n<link rel=\"canonical\" href=\"https:\/\/joyasyasmin.com\/de\/producto\/blumenring\/\" \/>\n<meta property=\"og:locale\" content=\"de_DE\" \/>\n<meta property=\"og:title\" content=\"Blumenring - Yasmin\" \/>\n<meta property=\"og:description\" content=\"Flor Ring ist ein wahres Meisterwerk, das Eleganz und Raffinesse in einem St\u00fcck vereint. Mit f\u00fcnf zarten Bl\u00fctenbl\u00e4ttern in verschiedenen Farben.\" \/>\n<meta property=\"og:url\" content=\"https:\/\/joyasyasmin.com\/de\/producto\/blumenring\/\" \/>\n<meta property=\"og:site_name\" content=\"Yasmin\" \/>\n<meta property=\"article:publisher\" content=\"https:\/\/www.facebook.com\/Joyas-Yasmin-217664058934169\/\" \/>\n<meta property=\"og:image\" content=\"https:\/\/joyasyasmin.com\/wp-content\/uploads\/2024\/06\/anillo-flor-de-color.jpg\" \/>\n\t<meta property=\"og:image:width\" content=\"1000\" \/>\n\t<meta property=\"og:image:height\" content=\"1000\" \/>\n\t<meta property=\"og:image:type\" content=\"image\/jpeg\" \/>\n<meta name=\"twitter:card\" content=\"summary_large_image\" \/>\n<script type=\"application\/ld+json\" class=\"yoast-schema-graph\">{\"@context\":\"https:\/\/schema.org\",\"@graph\":[{\"@type\":[\"WebPage\",\"ItemPage\"],\"@id\":\"https:\/\/joyasyasmin.com\/de\/producto\/blumenring\/\",\"url\":\"https:\/\/joyasyasmin.com\/de\/producto\/blumenring\/\",\"name\":\"Blumenring - Yasmin\",\"isPartOf\":{\"@id\":\"https:\/\/joyasyasmin.com\/de\/#website\"},\"primaryImageOfPage\":{\"@id\":\"https:\/\/joyasyasmin.com\/de\/producto\/blumenring\/#primaryimage\"},\"image\":{\"@id\":\"https:\/\/joyasyasmin.com\/de\/producto\/blumenring\/#primaryimage\"},\"thumbnailUrl\":\"https:\/\/joyasyasmin.com\/wp-content\/uploads\/2024\/06\/anillo-flor-de-color.jpg\",\"datePublished\":\"2024-06-06T08:42:50+00:00\",\"description\":\"Flor Ring ist ein wahres Meisterwerk, das Eleganz und Raffinesse in einem St\u00fcck vereint. Mit f\u00fcnf zarten Bl\u00fctenbl\u00e4ttern in verschiedenen Farben.\",\"breadcrumb\":{\"@id\":\"https:\/\/joyasyasmin.com\/de\/producto\/blumenring\/#breadcrumb\"},\"inLanguage\":\"de\",\"potentialAction\":[{\"@type\":\"ReadAction\",\"target\":[\"https:\/\/joyasyasmin.com\/de\/producto\/blumenring\/\"]}]},{\"@type\":\"ImageObject\",\"inLanguage\":\"de\",\"@id\":\"https:\/\/joyasyasmin.com\/de\/producto\/blumenring\/#primaryimage\",\"url\":\"https:\/\/joyasyasmin.com\/wp-content\/uploads\/2024\/06\/anillo-flor-de-color.jpg\",\"contentUrl\":\"https:\/\/joyasyasmin.com\/wp-content\/uploads\/2024\/06\/anillo-flor-de-color.jpg\",\"width\":1000,\"height\":1000},{\"@type\":\"BreadcrumbList\",\"@id\":\"https:\/\/joyasyasmin.com\/de\/producto\/blumenring\/#breadcrumb\",\"itemListElement\":[{\"@type\":\"ListItem\",\"position\":1,\"name\":\"Portada\",\"item\":\"https:\/\/joyasyasmin.com\/de\/heim\/\"},{\"@type\":\"ListItem\",\"position\":2,\"name\":\"Shop\",\"item\":\"https:\/\/joyasyasmin.com\/de\/shop\/\"},{\"@type\":\"ListItem\",\"position\":3,\"name\":\"Blumenring\"}]},{\"@type\":\"WebSite\",\"@id\":\"https:\/\/joyasyasmin.com\/de\/#website\",\"url\":\"https:\/\/joyasyasmin.com\/de\/\",\"name\":\"Yasmin\",\"description\":\"Joyer\u00eda de Plata 925 - Pendientes, pulseras, anillos, colgantes y m\u00e1s!\",\"publisher\":{\"@id\":\"https:\/\/joyasyasmin.com\/de\/#organization\"},\"potentialAction\":[{\"@type\":\"SearchAction\",\"target\":{\"@type\":\"EntryPoint\",\"urlTemplate\":\"https:\/\/joyasyasmin.com\/de\/?s={search_term_string}\"},\"query-input\":{\"@type\":\"PropertyValueSpecification\",\"valueRequired\":true,\"valueName\":\"search_term_string\"}}],\"inLanguage\":\"de\"},{\"@type\":\"Organization\",\"@id\":\"https:\/\/joyasyasmin.com\/de\/#organization\",\"name\":\"joyas yasmin\",\"url\":\"https:\/\/joyasyasmin.com\/de\/\",\"logo\":{\"@type\":\"ImageObject\",\"inLanguage\":\"de\",\"@id\":\"https:\/\/joyasyasmin.com\/de\/#\/schema\/logo\/image\/\",\"url\":\"https:\/\/joyasyasmin.com\/wp-content\/uploads\/2017\/06\/IMG-20200429-WA0051.jpg\",\"contentUrl\":\"https:\/\/joyasyasmin.com\/wp-content\/uploads\/2017\/06\/IMG-20200429-WA0051.jpg\",\"width\":1080,\"height\":545,\"caption\":\"joyas yasmin\"},\"image\":{\"@id\":\"https:\/\/joyasyasmin.com\/de\/#\/schema\/logo\/image\/\"},\"sameAs\":[\"https:\/\/www.facebook.com\/Joyas-Yasmin-217664058934169\/\",\"https:\/\/www.instagram.com\/invites\/contact\/\"]}]}<\/script>\n<!-- \/ Yoast SEO plugin. -->","yoast_head_json":{"title":"Blumenring - Yasmin","description":"Flor Ring ist ein wahres Meisterwerk, das Eleganz und Raffinesse in einem St\u00fcck vereint. Mit f\u00fcnf zarten Bl\u00fctenbl\u00e4ttern in verschiedenen Farben.","robots":{"index":"index","follow":"follow","max-snippet":"max-snippet:-1","max-image-preview":"max-image-preview:large","max-video-preview":"max-video-preview:-1"},"canonical":"https:\/\/joyasyasmin.com\/de\/producto\/blumenring\/","og_locale":"de_DE","og_title":"Blumenring - Yasmin","og_description":"Flor Ring ist ein wahres Meisterwerk, das Eleganz und Raffinesse in einem St\u00fcck vereint. Mit f\u00fcnf zarten Bl\u00fctenbl\u00e4ttern in verschiedenen Farben.","og_url":"https:\/\/joyasyasmin.com\/de\/producto\/blumenring\/","og_site_name":"Yasmin","article_publisher":"https:\/\/www.facebook.com\/Joyas-Yasmin-217664058934169\/","og_image":[{"width":1000,"height":1000,"url":"https:\/\/joyasyasmin.com\/wp-content\/uploads\/2024\/06\/anillo-flor-de-color.jpg","type":"image\/jpeg"}],"twitter_card":"summary_large_image","schema":{"@context":"https:\/\/schema.org","@graph":[{"@type":["WebPage","ItemPage"],"@id":"https:\/\/joyasyasmin.com\/de\/producto\/blumenring\/","url":"https:\/\/joyasyasmin.com\/de\/producto\/blumenring\/","name":"Blumenring - Yasmin","isPartOf":{"@id":"https:\/\/joyasyasmin.com\/de\/#website"},"primaryImageOfPage":{"@id":"https:\/\/joyasyasmin.com\/de\/producto\/blumenring\/#primaryimage"},"image":{"@id":"https:\/\/joyasyasmin.com\/de\/producto\/blumenring\/#primaryimage"},"thumbnailUrl":"https:\/\/joyasyasmin.com\/wp-content\/uploads\/2024\/06\/anillo-flor-de-color.jpg","datePublished":"2024-06-06T08:42:50+00:00","description":"Flor Ring ist ein wahres Meisterwerk, das Eleganz und Raffinesse in einem St\u00fcck vereint. Mit f\u00fcnf zarten Bl\u00fctenbl\u00e4ttern in verschiedenen Farben.","breadcrumb":{"@id":"https:\/\/joyasyasmin.com\/de\/producto\/blumenring\/#breadcrumb"},"inLanguage":"de","potentialAction":[{"@type":"ReadAction","target":["https:\/\/joyasyasmin.com\/de\/producto\/blumenring\/"]}]},{"@type":"ImageObject","inLanguage":"de","@id":"https:\/\/joyasyasmin.com\/de\/producto\/blumenring\/#primaryimage","url":"https:\/\/joyasyasmin.com\/wp-content\/uploads\/2024\/06\/anillo-flor-de-color.jpg","contentUrl":"https:\/\/joyasyasmin.com\/wp-content\/uploads\/2024\/06\/anillo-flor-de-color.jpg","width":1000,"height":1000},{"@type":"BreadcrumbList","@id":"https:\/\/joyasyasmin.com\/de\/producto\/blumenring\/#breadcrumb","itemListElement":[{"@type":"ListItem","position":1,"name":"Portada","item":"https:\/\/joyasyasmin.com\/de\/heim\/"},{"@type":"ListItem","position":2,"name":"Shop","item":"https:\/\/joyasyasmin.com\/de\/shop\/"},{"@type":"ListItem","position":3,"name":"Blumenring"}]},{"@type":"WebSite","@id":"https:\/\/joyasyasmin.com\/de\/#website","url":"https:\/\/joyasyasmin.com\/de\/","name":"Yasmin","description":"Joyer\u00eda de Plata 925 - Pendientes, pulseras, anillos, colgantes y m\u00e1s!","publisher":{"@id":"https:\/\/joyasyasmin.com\/de\/#organization"},"potentialAction":[{"@type":"SearchAction","target":{"@type":"EntryPoint","urlTemplate":"https:\/\/joyasyasmin.com\/de\/?s={search_term_string}"},"query-input":{"@type":"PropertyValueSpecification","valueRequired":true,"valueName":"search_term_string"}}],"inLanguage":"de"},{"@type":"Organization","@id":"https:\/\/joyasyasmin.com\/de\/#organization","name":"joyas yasmin","url":"https:\/\/joyasyasmin.com\/de\/","logo":{"@type":"ImageObject","inLanguage":"de","@id":"https:\/\/joyasyasmin.com\/de\/#\/schema\/logo\/image\/","url":"https:\/\/joyasyasmin.com\/wp-content\/uploads\/2017\/06\/IMG-20200429-WA0051.jpg","contentUrl":"https:\/\/joyasyasmin.com\/wp-content\/uploads\/2017\/06\/IMG-20200429-WA0051.jpg","width":1080,"height":545,"caption":"joyas yasmin"},"image":{"@id":"https:\/\/joyasyasmin.com\/de\/#\/schema\/logo\/image\/"},"sameAs":["https:\/\/www.facebook.com\/Joyas-Yasmin-217664058934169\/","https:\/\/www.instagram.com\/invites\/contact\/"]}]}},"_links":{"self":[{"href":"https:\/\/joyasyasmin.com\/de\/wp-json\/wp\/v2\/product\/20701","targetHints":{"allow":["GET"]}}],"collection":[{"href":"https:\/\/joyasyasmin.com\/de\/wp-json\/wp\/v2\/product"}],"about":[{"href":"https:\/\/joyasyasmin.com\/de\/wp-json\/wp\/v2\/types\/product"}],"replies":[{"embeddable":true,"href":"https:\/\/joyasyasmin.com\/de\/wp-json\/wp\/v2\/comments?post=20701"}],"version-history":[{"count":0,"href":"https:\/\/joyasyasmin.com\/de\/wp-json\/wp\/v2\/product\/20701\/revisions"}],"wp:featuredmedia":[{"embeddable":true,"href":"https:\/\/joyasyasmin.com\/de\/wp-json\/wp\/v2\/media\/20713"}],"wp:attachment":[{"href":"https:\/\/joyasyasmin.com\/de\/wp-json\/wp\/v2\/media?parent=20701"}],"wp:term":[{"taxonomy":"product_brand","embeddable":true,"href":"https:\/\/joyasyasmin.com\/de\/wp-json\/wp\/v2\/product_brand?post=20701"},{"taxonomy":"product_cat","embeddable":true,"href":"https:\/\/joyasyasmin.com\/de\/wp-json\/wp\/v2\/product_cat?post=20701"},{"taxonomy":"product_tag","embeddable":true,"href":"https:\/\/joyasyasmin.com\/de\/wp-json\/wp\/v2\/product_tag?post=20701"}],"curies":[{"name":"wp","href":"https:\/\/api.w.org\/{rel}","templated":true}]}}