{"id":20757,"date":"2024-06-06T18:42:06","date_gmt":"2024-06-06T18:42:06","guid":{"rendered":"https:\/\/joyasyasmin.com\/producto\/strahlende-libelle-ohrring\/"},"modified":"2025-11-10T11:31:29","modified_gmt":"2025-11-10T11:31:29","slug":"strahlende-libelle-ohrring","status":"publish","type":"product","link":"https:\/\/joyasyasmin.com\/de\/producto\/strahlende-libelle-ohrring\/","title":{"rendered":"Strahlende Libelle Ohrring"},"content":{"rendered":"","protected":false},"excerpt":{"rendered":"<p>Das strahlende Libellendesign ist detailliert und raffiniert, mit stilisierten Fl\u00fcgeln, die das Wesen dieser bezaubernden Kreatur einfangen. In der Mitte des K\u00f6rpers der Libelle sorgt eine Reihe von Zirkonen f\u00fcr einen subtilen Glanz, der das Licht wundersch\u00f6n reflektiert und einen schillernden Effekt erzeugt. Zirkonias, obwohl sie keine Diamanten sind, besitzen einen beeindruckenden Glanz, der dem von Edelsteinen nachempfunden ist und f\u00fcr ein elegantes und raffiniertes Finish sorgt. Die Gr\u00f6\u00dfe betr\u00e4gt 17 mm und die L\u00e4nge 14 mm.<\/p>\n<p>Dar\u00fcber hinaus sind diese Ohrringe auch mit einer 3-Mikron-Vergoldung erh\u00e4ltlich, die ihnen ein noch luxuri\u00f6seres Aussehen verleiht. Diese hochwertige Vergoldung wertet nicht nur die \u00c4sthetik der Ohrringe auf, sondern bietet auch eine zus\u00e4tzliche Schutzschicht gegen Abnutzung, die daf\u00fcr sorgt, dass die Ohrringe ihre Sch\u00f6nheit und ihren Glanz l\u00e4nger behalten. Die vergoldete Option erm\u00f6glicht eine gr\u00f6\u00dfere Vielseitigkeit in der Verwendung, da sie leicht mit anderem Goldschmuck und Accessoires kombiniert werden k\u00f6nnen.<\/p>\n","protected":false},"featured_media":20762,"comment_status":"open","ping_status":"closed","template":"","meta":{"_acf_changed":false,"_joinchat":[]},"product_brand":[],"product_cat":[1770],"product_tag":[],"class_list":{"0":"post-20757","1":"product","2":"type-product","3":"status-publish","4":"has-post-thumbnail","6":"product_cat-ohrringe-und-ohrringe","8":"first","9":"instock","10":"shipping-taxable","11":"purchasable","12":"product-type-variable"},"acf":[],"yoast_head":"<!-- This site is optimized with the Yoast SEO plugin v27.3 - https:\/\/yoast.com\/product\/yoast-seo-wordpress\/ -->\n<title>Strahlende Libelle Ohrring - Yasmin<\/title>\n<meta name=\"description\" content=\"Strahlender Libellen-Ohrring aus 925er Sterlingsilber mit Zirkonia, auch mit 3-Mikron-Vergoldung erh\u00e4ltlich. Eleganz und Brillanz in einem raffinierten Schmuckst\u00fcck.\" \/>\n<meta name=\"robots\" content=\"index, follow, max-snippet:-1, max-image-preview:large, max-video-preview:-1\" \/>\n<link rel=\"canonical\" href=\"https:\/\/joyasyasmin.com\/de\/producto\/strahlende-libelle-ohrring\/\" \/>\n<meta property=\"og:locale\" content=\"de_DE\" \/>\n<meta property=\"og:title\" content=\"Strahlende Libelle Ohrring - Yasmin\" \/>\n<meta property=\"og:description\" content=\"Strahlender Libellen-Ohrring aus 925er Sterlingsilber mit Zirkonia, auch mit 3-Mikron-Vergoldung erh\u00e4ltlich. Eleganz und Brillanz in einem raffinierten Schmuckst\u00fcck.\" \/>\n<meta property=\"og:url\" content=\"https:\/\/joyasyasmin.com\/de\/producto\/strahlende-libelle-ohrring\/\" \/>\n<meta property=\"og:site_name\" content=\"Yasmin\" \/>\n<meta property=\"article:publisher\" content=\"https:\/\/www.facebook.com\/Joyas-Yasmin-217664058934169\/\" \/>\n<meta property=\"article:modified_time\" content=\"2025-11-10T11:31:29+00:00\" \/>\n<meta property=\"og:image\" content=\"https:\/\/joyasyasmin.com\/wp-content\/uploads\/2024\/06\/pendiente-libelula-con-circonita.jpg\" \/>\n\t<meta property=\"og:image:width\" content=\"1000\" \/>\n\t<meta property=\"og:image:height\" content=\"1000\" \/>\n\t<meta property=\"og:image:type\" content=\"image\/jpeg\" \/>\n<meta name=\"twitter:card\" content=\"summary_large_image\" \/>\n<script type=\"application\/ld+json\" class=\"yoast-schema-graph\">{\"@context\":\"https:\\\/\\\/schema.org\",\"@graph\":[{\"@type\":[\"WebPage\",\"ItemPage\"],\"@id\":\"https:\\\/\\\/joyasyasmin.com\\\/de\\\/producto\\\/strahlende-libelle-ohrring\\\/\",\"url\":\"https:\\\/\\\/joyasyasmin.com\\\/de\\\/producto\\\/strahlende-libelle-ohrring\\\/\",\"name\":\"Strahlende Libelle Ohrring - Yasmin\",\"isPartOf\":{\"@id\":\"https:\\\/\\\/joyasyasmin.com\\\/de\\\/#website\"},\"primaryImageOfPage\":{\"@id\":\"https:\\\/\\\/joyasyasmin.com\\\/de\\\/producto\\\/strahlende-libelle-ohrring\\\/#primaryimage\"},\"image\":{\"@id\":\"https:\\\/\\\/joyasyasmin.com\\\/de\\\/producto\\\/strahlende-libelle-ohrring\\\/#primaryimage\"},\"thumbnailUrl\":\"https:\\\/\\\/joyasyasmin.com\\\/wp-content\\\/uploads\\\/2024\\\/06\\\/pendiente-libelula-con-circonita.jpg\",\"datePublished\":\"2024-06-06T18:42:06+00:00\",\"dateModified\":\"2025-11-10T11:31:29+00:00\",\"description\":\"Strahlender Libellen-Ohrring aus 925er Sterlingsilber mit Zirkonia, auch mit 3-Mikron-Vergoldung erh\u00e4ltlich. Eleganz und Brillanz in einem raffinierten Schmuckst\u00fcck.\",\"breadcrumb\":{\"@id\":\"https:\\\/\\\/joyasyasmin.com\\\/de\\\/producto\\\/strahlende-libelle-ohrring\\\/#breadcrumb\"},\"inLanguage\":\"de\",\"potentialAction\":[{\"@type\":\"ReadAction\",\"target\":[\"https:\\\/\\\/joyasyasmin.com\\\/de\\\/producto\\\/strahlende-libelle-ohrring\\\/\"]}]},{\"@type\":\"ImageObject\",\"inLanguage\":\"de\",\"@id\":\"https:\\\/\\\/joyasyasmin.com\\\/de\\\/producto\\\/strahlende-libelle-ohrring\\\/#primaryimage\",\"url\":\"https:\\\/\\\/joyasyasmin.com\\\/wp-content\\\/uploads\\\/2024\\\/06\\\/pendiente-libelula-con-circonita.jpg\",\"contentUrl\":\"https:\\\/\\\/joyasyasmin.com\\\/wp-content\\\/uploads\\\/2024\\\/06\\\/pendiente-libelula-con-circonita.jpg\",\"width\":1000,\"height\":1000,\"caption\":\"925 Sterling Silber Radiant Libelle Ohrring zum Verkauf\"},{\"@type\":\"BreadcrumbList\",\"@id\":\"https:\\\/\\\/joyasyasmin.com\\\/de\\\/producto\\\/strahlende-libelle-ohrring\\\/#breadcrumb\",\"itemListElement\":[{\"@type\":\"ListItem\",\"position\":1,\"name\":\"Portada\",\"item\":\"https:\\\/\\\/joyasyasmin.com\\\/de\\\/heim\\\/\"},{\"@type\":\"ListItem\",\"position\":2,\"name\":\"Shop\",\"item\":\"https:\\\/\\\/joyasyasmin.com\\\/de\\\/shop\\\/\"},{\"@type\":\"ListItem\",\"position\":3,\"name\":\"Strahlende Libelle Ohrring\"}]},{\"@type\":\"WebSite\",\"@id\":\"https:\\\/\\\/joyasyasmin.com\\\/de\\\/#website\",\"url\":\"https:\\\/\\\/joyasyasmin.com\\\/de\\\/\",\"name\":\"Yasmin\",\"description\":\"Joyer\u00eda de Plata 925 - Pendientes, pulseras, anillos, colgantes y m\u00e1s!\",\"publisher\":{\"@id\":\"https:\\\/\\\/joyasyasmin.com\\\/de\\\/#organization\"},\"potentialAction\":[{\"@type\":\"SearchAction\",\"target\":{\"@type\":\"EntryPoint\",\"urlTemplate\":\"https:\\\/\\\/joyasyasmin.com\\\/de\\\/?s={search_term_string}\"},\"query-input\":{\"@type\":\"PropertyValueSpecification\",\"valueRequired\":true,\"valueName\":\"search_term_string\"}}],\"inLanguage\":\"de\"},{\"@type\":\"Organization\",\"@id\":\"https:\\\/\\\/joyasyasmin.com\\\/de\\\/#organization\",\"name\":\"joyas yasmin\",\"url\":\"https:\\\/\\\/joyasyasmin.com\\\/de\\\/\",\"logo\":{\"@type\":\"ImageObject\",\"inLanguage\":\"de\",\"@id\":\"https:\\\/\\\/joyasyasmin.com\\\/de\\\/#\\\/schema\\\/logo\\\/image\\\/\",\"url\":\"https:\\\/\\\/joyasyasmin.com\\\/wp-content\\\/uploads\\\/2017\\\/06\\\/IMG-20200429-WA0051.jpg\",\"contentUrl\":\"https:\\\/\\\/joyasyasmin.com\\\/wp-content\\\/uploads\\\/2017\\\/06\\\/IMG-20200429-WA0051.jpg\",\"width\":1080,\"height\":545,\"caption\":\"joyas yasmin\"},\"image\":{\"@id\":\"https:\\\/\\\/joyasyasmin.com\\\/de\\\/#\\\/schema\\\/logo\\\/image\\\/\"},\"sameAs\":[\"https:\\\/\\\/www.facebook.com\\\/Joyas-Yasmin-217664058934169\\\/\",\"https:\\\/\\\/www.instagram.com\\\/invites\\\/contact\\\/\"]}]}<\/script>\n<!-- \/ Yoast SEO plugin. -->","yoast_head_json":{"title":"Strahlende Libelle Ohrring - Yasmin","description":"Strahlender Libellen-Ohrring aus 925er Sterlingsilber mit Zirkonia, auch mit 3-Mikron-Vergoldung erh\u00e4ltlich. Eleganz und Brillanz in einem raffinierten Schmuckst\u00fcck.","robots":{"index":"index","follow":"follow","max-snippet":"max-snippet:-1","max-image-preview":"max-image-preview:large","max-video-preview":"max-video-preview:-1"},"canonical":"https:\/\/joyasyasmin.com\/de\/producto\/strahlende-libelle-ohrring\/","og_locale":"de_DE","og_title":"Strahlende Libelle Ohrring - Yasmin","og_description":"Strahlender Libellen-Ohrring aus 925er Sterlingsilber mit Zirkonia, auch mit 3-Mikron-Vergoldung erh\u00e4ltlich. Eleganz und Brillanz in einem raffinierten Schmuckst\u00fcck.","og_url":"https:\/\/joyasyasmin.com\/de\/producto\/strahlende-libelle-ohrring\/","og_site_name":"Yasmin","article_publisher":"https:\/\/www.facebook.com\/Joyas-Yasmin-217664058934169\/","article_modified_time":"2025-11-10T11:31:29+00:00","og_image":[{"width":1000,"height":1000,"url":"https:\/\/joyasyasmin.com\/wp-content\/uploads\/2024\/06\/pendiente-libelula-con-circonita.jpg","type":"image\/jpeg"}],"twitter_card":"summary_large_image","schema":{"@context":"https:\/\/schema.org","@graph":[{"@type":["WebPage","ItemPage"],"@id":"https:\/\/joyasyasmin.com\/de\/producto\/strahlende-libelle-ohrring\/","url":"https:\/\/joyasyasmin.com\/de\/producto\/strahlende-libelle-ohrring\/","name":"Strahlende Libelle Ohrring - Yasmin","isPartOf":{"@id":"https:\/\/joyasyasmin.com\/de\/#website"},"primaryImageOfPage":{"@id":"https:\/\/joyasyasmin.com\/de\/producto\/strahlende-libelle-ohrring\/#primaryimage"},"image":{"@id":"https:\/\/joyasyasmin.com\/de\/producto\/strahlende-libelle-ohrring\/#primaryimage"},"thumbnailUrl":"https:\/\/joyasyasmin.com\/wp-content\/uploads\/2024\/06\/pendiente-libelula-con-circonita.jpg","datePublished":"2024-06-06T18:42:06+00:00","dateModified":"2025-11-10T11:31:29+00:00","description":"Strahlender Libellen-Ohrring aus 925er Sterlingsilber mit Zirkonia, auch mit 3-Mikron-Vergoldung erh\u00e4ltlich. Eleganz und Brillanz in einem raffinierten Schmuckst\u00fcck.","breadcrumb":{"@id":"https:\/\/joyasyasmin.com\/de\/producto\/strahlende-libelle-ohrring\/#breadcrumb"},"inLanguage":"de","potentialAction":[{"@type":"ReadAction","target":["https:\/\/joyasyasmin.com\/de\/producto\/strahlende-libelle-ohrring\/"]}]},{"@type":"ImageObject","inLanguage":"de","@id":"https:\/\/joyasyasmin.com\/de\/producto\/strahlende-libelle-ohrring\/#primaryimage","url":"https:\/\/joyasyasmin.com\/wp-content\/uploads\/2024\/06\/pendiente-libelula-con-circonita.jpg","contentUrl":"https:\/\/joyasyasmin.com\/wp-content\/uploads\/2024\/06\/pendiente-libelula-con-circonita.jpg","width":1000,"height":1000,"caption":"925 Sterling Silber Radiant Libelle Ohrring zum Verkauf"},{"@type":"BreadcrumbList","@id":"https:\/\/joyasyasmin.com\/de\/producto\/strahlende-libelle-ohrring\/#breadcrumb","itemListElement":[{"@type":"ListItem","position":1,"name":"Portada","item":"https:\/\/joyasyasmin.com\/de\/heim\/"},{"@type":"ListItem","position":2,"name":"Shop","item":"https:\/\/joyasyasmin.com\/de\/shop\/"},{"@type":"ListItem","position":3,"name":"Strahlende Libelle Ohrring"}]},{"@type":"WebSite","@id":"https:\/\/joyasyasmin.com\/de\/#website","url":"https:\/\/joyasyasmin.com\/de\/","name":"Yasmin","description":"Joyer\u00eda de Plata 925 - Pendientes, pulseras, anillos, colgantes y m\u00e1s!","publisher":{"@id":"https:\/\/joyasyasmin.com\/de\/#organization"},"potentialAction":[{"@type":"SearchAction","target":{"@type":"EntryPoint","urlTemplate":"https:\/\/joyasyasmin.com\/de\/?s={search_term_string}"},"query-input":{"@type":"PropertyValueSpecification","valueRequired":true,"valueName":"search_term_string"}}],"inLanguage":"de"},{"@type":"Organization","@id":"https:\/\/joyasyasmin.com\/de\/#organization","name":"joyas yasmin","url":"https:\/\/joyasyasmin.com\/de\/","logo":{"@type":"ImageObject","inLanguage":"de","@id":"https:\/\/joyasyasmin.com\/de\/#\/schema\/logo\/image\/","url":"https:\/\/joyasyasmin.com\/wp-content\/uploads\/2017\/06\/IMG-20200429-WA0051.jpg","contentUrl":"https:\/\/joyasyasmin.com\/wp-content\/uploads\/2017\/06\/IMG-20200429-WA0051.jpg","width":1080,"height":545,"caption":"joyas yasmin"},"image":{"@id":"https:\/\/joyasyasmin.com\/de\/#\/schema\/logo\/image\/"},"sameAs":["https:\/\/www.facebook.com\/Joyas-Yasmin-217664058934169\/","https:\/\/www.instagram.com\/invites\/contact\/"]}]}},"_links":{"self":[{"href":"https:\/\/joyasyasmin.com\/de\/wp-json\/wp\/v2\/product\/20757","targetHints":{"allow":["GET"]}}],"collection":[{"href":"https:\/\/joyasyasmin.com\/de\/wp-json\/wp\/v2\/product"}],"about":[{"href":"https:\/\/joyasyasmin.com\/de\/wp-json\/wp\/v2\/types\/product"}],"replies":[{"embeddable":true,"href":"https:\/\/joyasyasmin.com\/de\/wp-json\/wp\/v2\/comments?post=20757"}],"version-history":[{"count":1,"href":"https:\/\/joyasyasmin.com\/de\/wp-json\/wp\/v2\/product\/20757\/revisions"}],"predecessor-version":[{"id":35759,"href":"https:\/\/joyasyasmin.com\/de\/wp-json\/wp\/v2\/product\/20757\/revisions\/35759"}],"wp:featuredmedia":[{"embeddable":true,"href":"https:\/\/joyasyasmin.com\/de\/wp-json\/wp\/v2\/media\/20762"}],"wp:attachment":[{"href":"https:\/\/joyasyasmin.com\/de\/wp-json\/wp\/v2\/media?parent=20757"}],"wp:term":[{"taxonomy":"product_brand","embeddable":true,"href":"https:\/\/joyasyasmin.com\/de\/wp-json\/wp\/v2\/product_brand?post=20757"},{"taxonomy":"product_cat","embeddable":true,"href":"https:\/\/joyasyasmin.com\/de\/wp-json\/wp\/v2\/product_cat?post=20757"},{"taxonomy":"product_tag","embeddable":true,"href":"https:\/\/joyasyasmin.com\/de\/wp-json\/wp\/v2\/product_tag?post=20757"}],"curies":[{"name":"wp","href":"https:\/\/api.w.org\/{rel}","templated":true}]}}