{"id":20796,"date":"2024-06-16T15:10:29","date_gmt":"2024-06-16T15:10:29","guid":{"rendered":"https:\/\/joyasyasmin.com\/producto\/silberarmband-mit-wundertaetiger-jungfrau\/"},"modified":"2025-09-01T07:43:58","modified_gmt":"2025-09-01T07:43:58","slug":"silberarmband-mit-wundertaetiger-jungfrau","status":"publish","type":"product","link":"https:\/\/joyasyasmin.com\/de\/producto\/silberarmband-mit-wundertaetiger-jungfrau\/","title":{"rendered":"Silberarmband mit wundert\u00e4tiger Jungfrau"},"content":{"rendered":"","protected":false},"excerpt":{"rendered":"<p>Dieses elegante Silberarmband mit wundersamen Gliedern der Jungfrau und Kalabrot ist ein einzigartiges und bedeutungsvolles St\u00fcck, ideal f\u00fcr alle, die ein Accessoire suchen, das Glauben und Stil vereint. Hergestellt aus 925er Sterlingsilber, garantiert es au\u00dfergew\u00f6hnliche Qualit\u00e4t und Langlebigkeit. Das Armband verf\u00fcgt \u00fcber Karabinerglieder, die 9 mm breit und 12 mm lang sind und ein robustes und attraktives Design bieten.  <\/p>\n<p>Im Mittelpunkt dieses Armbands steht die Medaille der Wundert\u00e4tigen Madonna, die sorgf\u00e4ltig detailliert ist und 15 mm breit ist. Dieses unverwechselbare Ornament ist nicht nur ein Symbol des Schutzes und des Glaubens, sondern verleiht dem Design auch einen Hauch von Eleganz und Raffinesse. <\/p>\n<p>Mit einer Gesamtl\u00e4nge von 19,5 cm plus einer Verl\u00e4ngerung um 3 cm ist das Armband verstellbar und sorgt so f\u00fcr eine perfekte Passform an jedem Handgelenk. Die Kombination der Glieder des Kalabrots und der wundert\u00e4tigen Jungfrau schafft ein perfektes Gleichgewicht zwischen Modernit\u00e4t und Tradition. <\/p>\n","protected":false},"featured_media":20802,"comment_status":"open","ping_status":"closed","template":"","meta":{"_acf_changed":false,"_joinchat":[]},"product_brand":[],"product_cat":[1787],"product_tag":[1919],"class_list":{"0":"post-20796","1":"product","2":"type-product","3":"status-publish","4":"has-post-thumbnail","6":"product_cat-armbander","7":"product_tag-nachrichten","9":"first","10":"instock","11":"shipping-taxable","12":"purchasable","13":"product-type-simple"},"acf":[],"yoast_head":"<!-- This site is optimized with the Yoast SEO plugin v27.2 - https:\/\/yoast.com\/product\/yoast-seo-wordpress\/ -->\n<title>Silberarmband mit wundert\u00e4tiger Jungfrau - Yasmin<\/title>\n<meta name=\"description\" content=\"Das Silberarmband mit der wundert\u00e4tigen Jungfrau und den Kalabrot-Gliedern ist mehr als ein Schmuckst\u00fcck, es ist ein Ausdruck von Glauben und Stil. Es ist aus 925er Silber gefertigt.\" \/>\n<meta name=\"robots\" content=\"index, follow, max-snippet:-1, max-image-preview:large, max-video-preview:-1\" \/>\n<link rel=\"canonical\" href=\"https:\/\/joyasyasmin.com\/de\/producto\/silberarmband-mit-wundertaetiger-jungfrau\/\" \/>\n<meta property=\"og:locale\" content=\"de_DE\" \/>\n<meta property=\"og:title\" content=\"Silberarmband mit wundert\u00e4tiger Jungfrau - Yasmin\" \/>\n<meta property=\"og:description\" content=\"Das Silberarmband mit der wundert\u00e4tigen Jungfrau und den Kalabrot-Gliedern ist mehr als ein Schmuckst\u00fcck, es ist ein Ausdruck von Glauben und Stil. Es ist aus 925er Silber gefertigt.\" \/>\n<meta property=\"og:url\" content=\"https:\/\/joyasyasmin.com\/de\/producto\/silberarmband-mit-wundertaetiger-jungfrau\/\" \/>\n<meta property=\"og:site_name\" content=\"Yasmin\" \/>\n<meta property=\"article:publisher\" content=\"https:\/\/www.facebook.com\/Joyas-Yasmin-217664058934169\/\" \/>\n<meta property=\"article:modified_time\" content=\"2025-09-01T07:43:58+00:00\" \/>\n<meta property=\"og:image\" content=\"https:\/\/joyasyasmin.com\/wp-content\/uploads\/2024\/06\/pulsera-calabrote-virgen-milagrosa-de-plata.jpg\" \/>\n\t<meta property=\"og:image:width\" content=\"1000\" \/>\n\t<meta property=\"og:image:height\" content=\"1000\" \/>\n\t<meta property=\"og:image:type\" content=\"image\/jpeg\" \/>\n<meta name=\"twitter:card\" content=\"summary_large_image\" \/>\n<script type=\"application\/ld+json\" class=\"yoast-schema-graph\">{\"@context\":\"https:\/\/schema.org\",\"@graph\":[{\"@type\":[\"WebPage\",\"ItemPage\"],\"@id\":\"https:\/\/joyasyasmin.com\/de\/producto\/silberarmband-mit-wundertaetiger-jungfrau\/\",\"url\":\"https:\/\/joyasyasmin.com\/de\/producto\/silberarmband-mit-wundertaetiger-jungfrau\/\",\"name\":\"Silberarmband mit wundert\u00e4tiger Jungfrau - Yasmin\",\"isPartOf\":{\"@id\":\"https:\/\/joyasyasmin.com\/de\/#website\"},\"primaryImageOfPage\":{\"@id\":\"https:\/\/joyasyasmin.com\/de\/producto\/silberarmband-mit-wundertaetiger-jungfrau\/#primaryimage\"},\"image\":{\"@id\":\"https:\/\/joyasyasmin.com\/de\/producto\/silberarmband-mit-wundertaetiger-jungfrau\/#primaryimage\"},\"thumbnailUrl\":\"https:\/\/joyasyasmin.com\/wp-content\/uploads\/2024\/06\/pulsera-calabrote-virgen-milagrosa-de-plata.jpg\",\"datePublished\":\"2024-06-16T15:10:29+00:00\",\"dateModified\":\"2025-09-01T07:43:58+00:00\",\"description\":\"Das Silberarmband mit der wundert\u00e4tigen Jungfrau und den Kalabrot-Gliedern ist mehr als ein Schmuckst\u00fcck, es ist ein Ausdruck von Glauben und Stil. Es ist aus 925er Silber gefertigt.\",\"breadcrumb\":{\"@id\":\"https:\/\/joyasyasmin.com\/de\/producto\/silberarmband-mit-wundertaetiger-jungfrau\/#breadcrumb\"},\"inLanguage\":\"de\",\"potentialAction\":[{\"@type\":\"ReadAction\",\"target\":[\"https:\/\/joyasyasmin.com\/de\/producto\/silberarmband-mit-wundertaetiger-jungfrau\/\"]}]},{\"@type\":\"ImageObject\",\"inLanguage\":\"de\",\"@id\":\"https:\/\/joyasyasmin.com\/de\/producto\/silberarmband-mit-wundertaetiger-jungfrau\/#primaryimage\",\"url\":\"https:\/\/joyasyasmin.com\/wp-content\/uploads\/2024\/06\/pulsera-calabrote-virgen-milagrosa-de-plata.jpg\",\"contentUrl\":\"https:\/\/joyasyasmin.com\/wp-content\/uploads\/2024\/06\/pulsera-calabrote-virgen-milagrosa-de-plata.jpg\",\"width\":1000,\"height\":1000,\"caption\":\"Silberarmband mit der wundert\u00e4tigen Jungfrau und Kalabrot aus 925er Sterlingsilber zu verkaufen\"},{\"@type\":\"BreadcrumbList\",\"@id\":\"https:\/\/joyasyasmin.com\/de\/producto\/silberarmband-mit-wundertaetiger-jungfrau\/#breadcrumb\",\"itemListElement\":[{\"@type\":\"ListItem\",\"position\":1,\"name\":\"Portada\",\"item\":\"https:\/\/joyasyasmin.com\/de\/heim\/\"},{\"@type\":\"ListItem\",\"position\":2,\"name\":\"Shop\",\"item\":\"https:\/\/joyasyasmin.com\/de\/shop\/\"},{\"@type\":\"ListItem\",\"position\":3,\"name\":\"Silberarmband mit wundert\u00e4tiger Jungfrau\"}]},{\"@type\":\"WebSite\",\"@id\":\"https:\/\/joyasyasmin.com\/de\/#website\",\"url\":\"https:\/\/joyasyasmin.com\/de\/\",\"name\":\"Yasmin\",\"description\":\"Joyer\u00eda de Plata 925 - Pendientes, pulseras, anillos, colgantes y m\u00e1s!\",\"publisher\":{\"@id\":\"https:\/\/joyasyasmin.com\/de\/#organization\"},\"potentialAction\":[{\"@type\":\"SearchAction\",\"target\":{\"@type\":\"EntryPoint\",\"urlTemplate\":\"https:\/\/joyasyasmin.com\/de\/?s={search_term_string}\"},\"query-input\":{\"@type\":\"PropertyValueSpecification\",\"valueRequired\":true,\"valueName\":\"search_term_string\"}}],\"inLanguage\":\"de\"},{\"@type\":\"Organization\",\"@id\":\"https:\/\/joyasyasmin.com\/de\/#organization\",\"name\":\"joyas yasmin\",\"url\":\"https:\/\/joyasyasmin.com\/de\/\",\"logo\":{\"@type\":\"ImageObject\",\"inLanguage\":\"de\",\"@id\":\"https:\/\/joyasyasmin.com\/de\/#\/schema\/logo\/image\/\",\"url\":\"https:\/\/joyasyasmin.com\/wp-content\/uploads\/2017\/06\/IMG-20200429-WA0051.jpg\",\"contentUrl\":\"https:\/\/joyasyasmin.com\/wp-content\/uploads\/2017\/06\/IMG-20200429-WA0051.jpg\",\"width\":1080,\"height\":545,\"caption\":\"joyas yasmin\"},\"image\":{\"@id\":\"https:\/\/joyasyasmin.com\/de\/#\/schema\/logo\/image\/\"},\"sameAs\":[\"https:\/\/www.facebook.com\/Joyas-Yasmin-217664058934169\/\",\"https:\/\/www.instagram.com\/invites\/contact\/\"]}]}<\/script>\n<!-- \/ Yoast SEO plugin. -->","yoast_head_json":{"title":"Silberarmband mit wundert\u00e4tiger Jungfrau - Yasmin","description":"Das Silberarmband mit der wundert\u00e4tigen Jungfrau und den Kalabrot-Gliedern ist mehr als ein Schmuckst\u00fcck, es ist ein Ausdruck von Glauben und Stil. Es ist aus 925er Silber gefertigt.","robots":{"index":"index","follow":"follow","max-snippet":"max-snippet:-1","max-image-preview":"max-image-preview:large","max-video-preview":"max-video-preview:-1"},"canonical":"https:\/\/joyasyasmin.com\/de\/producto\/silberarmband-mit-wundertaetiger-jungfrau\/","og_locale":"de_DE","og_title":"Silberarmband mit wundert\u00e4tiger Jungfrau - Yasmin","og_description":"Das Silberarmband mit der wundert\u00e4tigen Jungfrau und den Kalabrot-Gliedern ist mehr als ein Schmuckst\u00fcck, es ist ein Ausdruck von Glauben und Stil. Es ist aus 925er Silber gefertigt.","og_url":"https:\/\/joyasyasmin.com\/de\/producto\/silberarmband-mit-wundertaetiger-jungfrau\/","og_site_name":"Yasmin","article_publisher":"https:\/\/www.facebook.com\/Joyas-Yasmin-217664058934169\/","article_modified_time":"2025-09-01T07:43:58+00:00","og_image":[{"width":1000,"height":1000,"url":"https:\/\/joyasyasmin.com\/wp-content\/uploads\/2024\/06\/pulsera-calabrote-virgen-milagrosa-de-plata.jpg","type":"image\/jpeg"}],"twitter_card":"summary_large_image","schema":{"@context":"https:\/\/schema.org","@graph":[{"@type":["WebPage","ItemPage"],"@id":"https:\/\/joyasyasmin.com\/de\/producto\/silberarmband-mit-wundertaetiger-jungfrau\/","url":"https:\/\/joyasyasmin.com\/de\/producto\/silberarmband-mit-wundertaetiger-jungfrau\/","name":"Silberarmband mit wundert\u00e4tiger Jungfrau - Yasmin","isPartOf":{"@id":"https:\/\/joyasyasmin.com\/de\/#website"},"primaryImageOfPage":{"@id":"https:\/\/joyasyasmin.com\/de\/producto\/silberarmband-mit-wundertaetiger-jungfrau\/#primaryimage"},"image":{"@id":"https:\/\/joyasyasmin.com\/de\/producto\/silberarmband-mit-wundertaetiger-jungfrau\/#primaryimage"},"thumbnailUrl":"https:\/\/joyasyasmin.com\/wp-content\/uploads\/2024\/06\/pulsera-calabrote-virgen-milagrosa-de-plata.jpg","datePublished":"2024-06-16T15:10:29+00:00","dateModified":"2025-09-01T07:43:58+00:00","description":"Das Silberarmband mit der wundert\u00e4tigen Jungfrau und den Kalabrot-Gliedern ist mehr als ein Schmuckst\u00fcck, es ist ein Ausdruck von Glauben und Stil. Es ist aus 925er Silber gefertigt.","breadcrumb":{"@id":"https:\/\/joyasyasmin.com\/de\/producto\/silberarmband-mit-wundertaetiger-jungfrau\/#breadcrumb"},"inLanguage":"de","potentialAction":[{"@type":"ReadAction","target":["https:\/\/joyasyasmin.com\/de\/producto\/silberarmband-mit-wundertaetiger-jungfrau\/"]}]},{"@type":"ImageObject","inLanguage":"de","@id":"https:\/\/joyasyasmin.com\/de\/producto\/silberarmband-mit-wundertaetiger-jungfrau\/#primaryimage","url":"https:\/\/joyasyasmin.com\/wp-content\/uploads\/2024\/06\/pulsera-calabrote-virgen-milagrosa-de-plata.jpg","contentUrl":"https:\/\/joyasyasmin.com\/wp-content\/uploads\/2024\/06\/pulsera-calabrote-virgen-milagrosa-de-plata.jpg","width":1000,"height":1000,"caption":"Silberarmband mit der wundert\u00e4tigen Jungfrau und Kalabrot aus 925er Sterlingsilber zu verkaufen"},{"@type":"BreadcrumbList","@id":"https:\/\/joyasyasmin.com\/de\/producto\/silberarmband-mit-wundertaetiger-jungfrau\/#breadcrumb","itemListElement":[{"@type":"ListItem","position":1,"name":"Portada","item":"https:\/\/joyasyasmin.com\/de\/heim\/"},{"@type":"ListItem","position":2,"name":"Shop","item":"https:\/\/joyasyasmin.com\/de\/shop\/"},{"@type":"ListItem","position":3,"name":"Silberarmband mit wundert\u00e4tiger Jungfrau"}]},{"@type":"WebSite","@id":"https:\/\/joyasyasmin.com\/de\/#website","url":"https:\/\/joyasyasmin.com\/de\/","name":"Yasmin","description":"Joyer\u00eda de Plata 925 - Pendientes, pulseras, anillos, colgantes y m\u00e1s!","publisher":{"@id":"https:\/\/joyasyasmin.com\/de\/#organization"},"potentialAction":[{"@type":"SearchAction","target":{"@type":"EntryPoint","urlTemplate":"https:\/\/joyasyasmin.com\/de\/?s={search_term_string}"},"query-input":{"@type":"PropertyValueSpecification","valueRequired":true,"valueName":"search_term_string"}}],"inLanguage":"de"},{"@type":"Organization","@id":"https:\/\/joyasyasmin.com\/de\/#organization","name":"joyas yasmin","url":"https:\/\/joyasyasmin.com\/de\/","logo":{"@type":"ImageObject","inLanguage":"de","@id":"https:\/\/joyasyasmin.com\/de\/#\/schema\/logo\/image\/","url":"https:\/\/joyasyasmin.com\/wp-content\/uploads\/2017\/06\/IMG-20200429-WA0051.jpg","contentUrl":"https:\/\/joyasyasmin.com\/wp-content\/uploads\/2017\/06\/IMG-20200429-WA0051.jpg","width":1080,"height":545,"caption":"joyas yasmin"},"image":{"@id":"https:\/\/joyasyasmin.com\/de\/#\/schema\/logo\/image\/"},"sameAs":["https:\/\/www.facebook.com\/Joyas-Yasmin-217664058934169\/","https:\/\/www.instagram.com\/invites\/contact\/"]}]}},"_links":{"self":[{"href":"https:\/\/joyasyasmin.com\/de\/wp-json\/wp\/v2\/product\/20796","targetHints":{"allow":["GET"]}}],"collection":[{"href":"https:\/\/joyasyasmin.com\/de\/wp-json\/wp\/v2\/product"}],"about":[{"href":"https:\/\/joyasyasmin.com\/de\/wp-json\/wp\/v2\/types\/product"}],"replies":[{"embeddable":true,"href":"https:\/\/joyasyasmin.com\/de\/wp-json\/wp\/v2\/comments?post=20796"}],"version-history":[{"count":2,"href":"https:\/\/joyasyasmin.com\/de\/wp-json\/wp\/v2\/product\/20796\/revisions"}],"predecessor-version":[{"id":34561,"href":"https:\/\/joyasyasmin.com\/de\/wp-json\/wp\/v2\/product\/20796\/revisions\/34561"}],"wp:featuredmedia":[{"embeddable":true,"href":"https:\/\/joyasyasmin.com\/de\/wp-json\/wp\/v2\/media\/20802"}],"wp:attachment":[{"href":"https:\/\/joyasyasmin.com\/de\/wp-json\/wp\/v2\/media?parent=20796"}],"wp:term":[{"taxonomy":"product_brand","embeddable":true,"href":"https:\/\/joyasyasmin.com\/de\/wp-json\/wp\/v2\/product_brand?post=20796"},{"taxonomy":"product_cat","embeddable":true,"href":"https:\/\/joyasyasmin.com\/de\/wp-json\/wp\/v2\/product_cat?post=20796"},{"taxonomy":"product_tag","embeddable":true,"href":"https:\/\/joyasyasmin.com\/de\/wp-json\/wp\/v2\/product_tag?post=20796"}],"curies":[{"name":"wp","href":"https:\/\/api.w.org\/{rel}","templated":true}]}}