{"id":20821,"date":"2024-06-16T15:48:16","date_gmt":"2024-06-16T15:48:16","guid":{"rendered":"https:\/\/joyasyasmin.com\/producto\/silbernes-armband-mit-kalabrot-gliedern\/"},"modified":"2025-11-10T11:31:29","modified_gmt":"2025-11-10T11:31:29","slug":"silbernes-armband-mit-kalabrot-gliedern","status":"publish","type":"product","link":"https:\/\/joyasyasmin.com\/de\/producto\/silbernes-armband-mit-kalabrot-gliedern\/","title":{"rendered":"Silbernes Armband mit Kalabrot-Gliedern"},"content":{"rendered":"","protected":false},"excerpt":{"rendered":"<p>Dieses elegante Silberarmband mit Totenkopf-Gliedern ist ein unverzichtbares St\u00fcck f\u00fcr jede Schmuckkollektion, ideal f\u00fcr alle, die ein anspruchsvolles und vielseitiges Design suchen. Dieses Armband aus 925er Sterlingsilber garantiert au\u00dfergew\u00f6hnliche Qualit\u00e4t und Haltbarkeit und l\u00e4sst es in seinem eigenen Licht erstrahlen. <\/p>\n<p>Das Armband ist mit Kalabrote-Gliedern versehen, die jeweils 6 mm breit sind und ein unverwechselbares und attraktives Muster erzeugen. Mit einer Gesamtl\u00e4nge von 20,5 cm passt dieses Armband bequem an die meisten Handgelenke und sorgt so f\u00fcr einen problemlosen t\u00e4glichen Gebrauch. <\/p>\n","protected":false},"featured_media":20823,"comment_status":"open","ping_status":"closed","template":"","meta":{"_acf_changed":false,"_joinchat":[]},"product_brand":[],"product_cat":[1787],"product_tag":[],"class_list":{"0":"post-20821","1":"product","2":"type-product","3":"status-publish","4":"has-post-thumbnail","6":"product_cat-armbander","8":"first","9":"instock","10":"shipping-taxable","11":"purchasable","12":"product-type-simple"},"acf":[],"yoast_head":"<!-- This site is optimized with the Yoast SEO plugin v27.3 - https:\/\/yoast.com\/product\/yoast-seo-wordpress\/ -->\n<title>Silbernes Armband mit Kalabrot-Gliedern - Yasmin<\/title>\n<meta name=\"description\" content=\"Das Silberarmband mit Kalabrot-Gliedern ist ein St\u00fcck f\u00fcr jede Schmuckkollektion, ideal f\u00fcr alle, die ein anspruchsvolles und vielseitiges Design suchen.\" \/>\n<meta name=\"robots\" content=\"index, follow, max-snippet:-1, max-image-preview:large, max-video-preview:-1\" \/>\n<link rel=\"canonical\" href=\"https:\/\/joyasyasmin.com\/de\/producto\/silbernes-armband-mit-kalabrot-gliedern\/\" \/>\n<meta property=\"og:locale\" content=\"de_DE\" \/>\n<meta property=\"og:title\" content=\"Silbernes Armband mit Kalabrot-Gliedern - Yasmin\" \/>\n<meta property=\"og:description\" content=\"Das Silberarmband mit Kalabrot-Gliedern ist ein St\u00fcck f\u00fcr jede Schmuckkollektion, ideal f\u00fcr alle, die ein anspruchsvolles und vielseitiges Design suchen.\" \/>\n<meta property=\"og:url\" content=\"https:\/\/joyasyasmin.com\/de\/producto\/silbernes-armband-mit-kalabrot-gliedern\/\" \/>\n<meta property=\"og:site_name\" content=\"Yasmin\" \/>\n<meta property=\"article:publisher\" content=\"https:\/\/www.facebook.com\/Joyas-Yasmin-217664058934169\/\" \/>\n<meta property=\"article:modified_time\" content=\"2025-11-10T11:31:29+00:00\" \/>\n<meta property=\"og:image\" content=\"https:\/\/joyasyasmin.com\/wp-content\/uploads\/2024\/06\/pulsera-calabrote-mediano.jpg\" \/>\n\t<meta property=\"og:image:width\" content=\"1000\" \/>\n\t<meta property=\"og:image:height\" content=\"1000\" \/>\n\t<meta property=\"og:image:type\" content=\"image\/jpeg\" \/>\n<meta name=\"twitter:card\" content=\"summary_large_image\" \/>\n<script type=\"application\/ld+json\" class=\"yoast-schema-graph\">{\"@context\":\"https:\\\/\\\/schema.org\",\"@graph\":[{\"@type\":[\"WebPage\",\"ItemPage\"],\"@id\":\"https:\\\/\\\/joyasyasmin.com\\\/de\\\/producto\\\/silbernes-armband-mit-kalabrot-gliedern\\\/\",\"url\":\"https:\\\/\\\/joyasyasmin.com\\\/de\\\/producto\\\/silbernes-armband-mit-kalabrot-gliedern\\\/\",\"name\":\"Silbernes Armband mit Kalabrot-Gliedern - Yasmin\",\"isPartOf\":{\"@id\":\"https:\\\/\\\/joyasyasmin.com\\\/de\\\/#website\"},\"primaryImageOfPage\":{\"@id\":\"https:\\\/\\\/joyasyasmin.com\\\/de\\\/producto\\\/silbernes-armband-mit-kalabrot-gliedern\\\/#primaryimage\"},\"image\":{\"@id\":\"https:\\\/\\\/joyasyasmin.com\\\/de\\\/producto\\\/silbernes-armband-mit-kalabrot-gliedern\\\/#primaryimage\"},\"thumbnailUrl\":\"https:\\\/\\\/joyasyasmin.com\\\/wp-content\\\/uploads\\\/2024\\\/06\\\/pulsera-calabrote-mediano.jpg\",\"datePublished\":\"2024-06-16T15:48:16+00:00\",\"dateModified\":\"2025-11-10T11:31:29+00:00\",\"description\":\"Das Silberarmband mit Kalabrot-Gliedern ist ein St\u00fcck f\u00fcr jede Schmuckkollektion, ideal f\u00fcr alle, die ein anspruchsvolles und vielseitiges Design suchen.\",\"breadcrumb\":{\"@id\":\"https:\\\/\\\/joyasyasmin.com\\\/de\\\/producto\\\/silbernes-armband-mit-kalabrot-gliedern\\\/#breadcrumb\"},\"inLanguage\":\"de\",\"potentialAction\":[{\"@type\":\"ReadAction\",\"target\":[\"https:\\\/\\\/joyasyasmin.com\\\/de\\\/producto\\\/silbernes-armband-mit-kalabrot-gliedern\\\/\"]}]},{\"@type\":\"ImageObject\",\"inLanguage\":\"de\",\"@id\":\"https:\\\/\\\/joyasyasmin.com\\\/de\\\/producto\\\/silbernes-armband-mit-kalabrot-gliedern\\\/#primaryimage\",\"url\":\"https:\\\/\\\/joyasyasmin.com\\\/wp-content\\\/uploads\\\/2024\\\/06\\\/pulsera-calabrote-mediano.jpg\",\"contentUrl\":\"https:\\\/\\\/joyasyasmin.com\\\/wp-content\\\/uploads\\\/2024\\\/06\\\/pulsera-calabrote-mediano.jpg\",\"width\":1000,\"height\":1000,\"caption\":\"925 Sterling Silber Kalabrot Link Silber Armband zum Verkauf\"},{\"@type\":\"BreadcrumbList\",\"@id\":\"https:\\\/\\\/joyasyasmin.com\\\/de\\\/producto\\\/silbernes-armband-mit-kalabrot-gliedern\\\/#breadcrumb\",\"itemListElement\":[{\"@type\":\"ListItem\",\"position\":1,\"name\":\"Portada\",\"item\":\"https:\\\/\\\/joyasyasmin.com\\\/de\\\/heim\\\/\"},{\"@type\":\"ListItem\",\"position\":2,\"name\":\"Shop\",\"item\":\"https:\\\/\\\/joyasyasmin.com\\\/de\\\/shop\\\/\"},{\"@type\":\"ListItem\",\"position\":3,\"name\":\"Silbernes Armband mit Kalabrot-Gliedern\"}]},{\"@type\":\"WebSite\",\"@id\":\"https:\\\/\\\/joyasyasmin.com\\\/de\\\/#website\",\"url\":\"https:\\\/\\\/joyasyasmin.com\\\/de\\\/\",\"name\":\"Yasmin\",\"description\":\"Joyer\u00eda de Plata 925 - Pendientes, pulseras, anillos, colgantes y m\u00e1s!\",\"publisher\":{\"@id\":\"https:\\\/\\\/joyasyasmin.com\\\/de\\\/#organization\"},\"potentialAction\":[{\"@type\":\"SearchAction\",\"target\":{\"@type\":\"EntryPoint\",\"urlTemplate\":\"https:\\\/\\\/joyasyasmin.com\\\/de\\\/?s={search_term_string}\"},\"query-input\":{\"@type\":\"PropertyValueSpecification\",\"valueRequired\":true,\"valueName\":\"search_term_string\"}}],\"inLanguage\":\"de\"},{\"@type\":\"Organization\",\"@id\":\"https:\\\/\\\/joyasyasmin.com\\\/de\\\/#organization\",\"name\":\"joyas yasmin\",\"url\":\"https:\\\/\\\/joyasyasmin.com\\\/de\\\/\",\"logo\":{\"@type\":\"ImageObject\",\"inLanguage\":\"de\",\"@id\":\"https:\\\/\\\/joyasyasmin.com\\\/de\\\/#\\\/schema\\\/logo\\\/image\\\/\",\"url\":\"https:\\\/\\\/joyasyasmin.com\\\/wp-content\\\/uploads\\\/2017\\\/06\\\/IMG-20200429-WA0051.jpg\",\"contentUrl\":\"https:\\\/\\\/joyasyasmin.com\\\/wp-content\\\/uploads\\\/2017\\\/06\\\/IMG-20200429-WA0051.jpg\",\"width\":1080,\"height\":545,\"caption\":\"joyas yasmin\"},\"image\":{\"@id\":\"https:\\\/\\\/joyasyasmin.com\\\/de\\\/#\\\/schema\\\/logo\\\/image\\\/\"},\"sameAs\":[\"https:\\\/\\\/www.facebook.com\\\/Joyas-Yasmin-217664058934169\\\/\",\"https:\\\/\\\/www.instagram.com\\\/invites\\\/contact\\\/\"]}]}<\/script>\n<!-- \/ Yoast SEO plugin. -->","yoast_head_json":{"title":"Silbernes Armband mit Kalabrot-Gliedern - Yasmin","description":"Das Silberarmband mit Kalabrot-Gliedern ist ein St\u00fcck f\u00fcr jede Schmuckkollektion, ideal f\u00fcr alle, die ein anspruchsvolles und vielseitiges Design suchen.","robots":{"index":"index","follow":"follow","max-snippet":"max-snippet:-1","max-image-preview":"max-image-preview:large","max-video-preview":"max-video-preview:-1"},"canonical":"https:\/\/joyasyasmin.com\/de\/producto\/silbernes-armband-mit-kalabrot-gliedern\/","og_locale":"de_DE","og_title":"Silbernes Armband mit Kalabrot-Gliedern - Yasmin","og_description":"Das Silberarmband mit Kalabrot-Gliedern ist ein St\u00fcck f\u00fcr jede Schmuckkollektion, ideal f\u00fcr alle, die ein anspruchsvolles und vielseitiges Design suchen.","og_url":"https:\/\/joyasyasmin.com\/de\/producto\/silbernes-armband-mit-kalabrot-gliedern\/","og_site_name":"Yasmin","article_publisher":"https:\/\/www.facebook.com\/Joyas-Yasmin-217664058934169\/","article_modified_time":"2025-11-10T11:31:29+00:00","og_image":[{"width":1000,"height":1000,"url":"https:\/\/joyasyasmin.com\/wp-content\/uploads\/2024\/06\/pulsera-calabrote-mediano.jpg","type":"image\/jpeg"}],"twitter_card":"summary_large_image","schema":{"@context":"https:\/\/schema.org","@graph":[{"@type":["WebPage","ItemPage"],"@id":"https:\/\/joyasyasmin.com\/de\/producto\/silbernes-armband-mit-kalabrot-gliedern\/","url":"https:\/\/joyasyasmin.com\/de\/producto\/silbernes-armband-mit-kalabrot-gliedern\/","name":"Silbernes Armband mit Kalabrot-Gliedern - Yasmin","isPartOf":{"@id":"https:\/\/joyasyasmin.com\/de\/#website"},"primaryImageOfPage":{"@id":"https:\/\/joyasyasmin.com\/de\/producto\/silbernes-armband-mit-kalabrot-gliedern\/#primaryimage"},"image":{"@id":"https:\/\/joyasyasmin.com\/de\/producto\/silbernes-armband-mit-kalabrot-gliedern\/#primaryimage"},"thumbnailUrl":"https:\/\/joyasyasmin.com\/wp-content\/uploads\/2024\/06\/pulsera-calabrote-mediano.jpg","datePublished":"2024-06-16T15:48:16+00:00","dateModified":"2025-11-10T11:31:29+00:00","description":"Das Silberarmband mit Kalabrot-Gliedern ist ein St\u00fcck f\u00fcr jede Schmuckkollektion, ideal f\u00fcr alle, die ein anspruchsvolles und vielseitiges Design suchen.","breadcrumb":{"@id":"https:\/\/joyasyasmin.com\/de\/producto\/silbernes-armband-mit-kalabrot-gliedern\/#breadcrumb"},"inLanguage":"de","potentialAction":[{"@type":"ReadAction","target":["https:\/\/joyasyasmin.com\/de\/producto\/silbernes-armband-mit-kalabrot-gliedern\/"]}]},{"@type":"ImageObject","inLanguage":"de","@id":"https:\/\/joyasyasmin.com\/de\/producto\/silbernes-armband-mit-kalabrot-gliedern\/#primaryimage","url":"https:\/\/joyasyasmin.com\/wp-content\/uploads\/2024\/06\/pulsera-calabrote-mediano.jpg","contentUrl":"https:\/\/joyasyasmin.com\/wp-content\/uploads\/2024\/06\/pulsera-calabrote-mediano.jpg","width":1000,"height":1000,"caption":"925 Sterling Silber Kalabrot Link Silber Armband zum Verkauf"},{"@type":"BreadcrumbList","@id":"https:\/\/joyasyasmin.com\/de\/producto\/silbernes-armband-mit-kalabrot-gliedern\/#breadcrumb","itemListElement":[{"@type":"ListItem","position":1,"name":"Portada","item":"https:\/\/joyasyasmin.com\/de\/heim\/"},{"@type":"ListItem","position":2,"name":"Shop","item":"https:\/\/joyasyasmin.com\/de\/shop\/"},{"@type":"ListItem","position":3,"name":"Silbernes Armband mit Kalabrot-Gliedern"}]},{"@type":"WebSite","@id":"https:\/\/joyasyasmin.com\/de\/#website","url":"https:\/\/joyasyasmin.com\/de\/","name":"Yasmin","description":"Joyer\u00eda de Plata 925 - Pendientes, pulseras, anillos, colgantes y m\u00e1s!","publisher":{"@id":"https:\/\/joyasyasmin.com\/de\/#organization"},"potentialAction":[{"@type":"SearchAction","target":{"@type":"EntryPoint","urlTemplate":"https:\/\/joyasyasmin.com\/de\/?s={search_term_string}"},"query-input":{"@type":"PropertyValueSpecification","valueRequired":true,"valueName":"search_term_string"}}],"inLanguage":"de"},{"@type":"Organization","@id":"https:\/\/joyasyasmin.com\/de\/#organization","name":"joyas yasmin","url":"https:\/\/joyasyasmin.com\/de\/","logo":{"@type":"ImageObject","inLanguage":"de","@id":"https:\/\/joyasyasmin.com\/de\/#\/schema\/logo\/image\/","url":"https:\/\/joyasyasmin.com\/wp-content\/uploads\/2017\/06\/IMG-20200429-WA0051.jpg","contentUrl":"https:\/\/joyasyasmin.com\/wp-content\/uploads\/2017\/06\/IMG-20200429-WA0051.jpg","width":1080,"height":545,"caption":"joyas yasmin"},"image":{"@id":"https:\/\/joyasyasmin.com\/de\/#\/schema\/logo\/image\/"},"sameAs":["https:\/\/www.facebook.com\/Joyas-Yasmin-217664058934169\/","https:\/\/www.instagram.com\/invites\/contact\/"]}]}},"_links":{"self":[{"href":"https:\/\/joyasyasmin.com\/de\/wp-json\/wp\/v2\/product\/20821","targetHints":{"allow":["GET"]}}],"collection":[{"href":"https:\/\/joyasyasmin.com\/de\/wp-json\/wp\/v2\/product"}],"about":[{"href":"https:\/\/joyasyasmin.com\/de\/wp-json\/wp\/v2\/types\/product"}],"replies":[{"embeddable":true,"href":"https:\/\/joyasyasmin.com\/de\/wp-json\/wp\/v2\/comments?post=20821"}],"version-history":[{"count":1,"href":"https:\/\/joyasyasmin.com\/de\/wp-json\/wp\/v2\/product\/20821\/revisions"}],"predecessor-version":[{"id":34570,"href":"https:\/\/joyasyasmin.com\/de\/wp-json\/wp\/v2\/product\/20821\/revisions\/34570"}],"wp:featuredmedia":[{"embeddable":true,"href":"https:\/\/joyasyasmin.com\/de\/wp-json\/wp\/v2\/media\/20823"}],"wp:attachment":[{"href":"https:\/\/joyasyasmin.com\/de\/wp-json\/wp\/v2\/media?parent=20821"}],"wp:term":[{"taxonomy":"product_brand","embeddable":true,"href":"https:\/\/joyasyasmin.com\/de\/wp-json\/wp\/v2\/product_brand?post=20821"},{"taxonomy":"product_cat","embeddable":true,"href":"https:\/\/joyasyasmin.com\/de\/wp-json\/wp\/v2\/product_cat?post=20821"},{"taxonomy":"product_tag","embeddable":true,"href":"https:\/\/joyasyasmin.com\/de\/wp-json\/wp\/v2\/product_tag?post=20821"}],"curies":[{"name":"wp","href":"https:\/\/api.w.org\/{rel}","templated":true}]}}