{"id":21060,"date":"2024-01-23T19:19:06","date_gmt":"2024-01-23T19:19:06","guid":{"rendered":"https:\/\/joyasyasmin.com\/producto\/medaille-des-heiligen-benedikt\/"},"modified":"2026-01-26T07:19:40","modified_gmt":"2026-01-26T07:19:40","slug":"medaille-des-heiligen-benedikt","status":"publish","type":"product","link":"https:\/\/joyasyasmin.com\/de\/producto\/medaille-des-heiligen-benedikt\/","title":{"rendered":"Medaille des Heiligen Benedikt"},"content":{"rendered":"","protected":false},"excerpt":{"rendered":"<p>Tauchen Sie ein in g\u00f6ttlichen Schutz mit unserer Medaille des Heiligen Benedikt, einem Schmuckst\u00fcck aus 925er Sterlingsilber, das die spirituelle Kraft des verehrten Heiligen Benedikt in sich tr\u00e4gt. Mit einem Durchmesser von 2 cm pr\u00e4sentiert sich dieses kleine Wunder als kraftvoller Anh\u00e4nger, den Sie wahlweise alleine oder mit unserer passenden Kette tragen k\u00f6nnen. Entdecken Sie den Miniaturschutz mit seinem eigenen Stil.  <\/p>\n<ul>\n<li>Material: 925 Sterling Silber<\/li>\n<li>Medaillengr\u00f6\u00dfe: 2 cm Durchmesser und hergestellt in Italien.<\/li>\n<li>Kaufoption: Sie k\u00f6nnen die Medaille alleine oder mit unserer passenden zarten Kette w\u00e4hlen.<\/li>\n<\/ul>\n","protected":false},"featured_media":21068,"comment_status":"open","ping_status":"closed","template":"","meta":{"_acf_changed":false,"_joinchat":[]},"product_brand":[],"product_cat":[1874],"product_tag":[1995,1996],"class_list":{"0":"post-21060","1":"product","2":"type-product","3":"status-publish","4":"has-post-thumbnail","6":"product_cat-anhanger","7":"product_tag-medaille-des-heiligen-benedikt","8":"product_tag-silberne-schutzmedaillen","10":"first","11":"instock","12":"shipping-taxable","13":"purchasable","14":"product-type-variable"},"acf":[],"yoast_head":"<!-- This site is optimized with the Yoast SEO plugin v27.2 - https:\/\/yoast.com\/product\/yoast-seo-wordpress\/ -->\n<title>Medaille des Heiligen Benedikt - Yasmin<\/title>\n<meta name=\"description\" content=\"Medaille von San Benito Redonda, ein Juwel aus 925er Sterlingsilber, das die spirituelle Kraft des verehrten San Benito in sich tr\u00e4gt. Mit einem Durchmesser von 2 cm.\" \/>\n<meta name=\"robots\" content=\"index, follow, max-snippet:-1, max-image-preview:large, max-video-preview:-1\" \/>\n<link rel=\"canonical\" href=\"https:\/\/joyasyasmin.com\/de\/producto\/medaille-des-heiligen-benedikt\/\" \/>\n<meta property=\"og:locale\" content=\"de_DE\" \/>\n<meta property=\"og:title\" content=\"Medaille des Heiligen Benedikt - Yasmin\" \/>\n<meta property=\"og:description\" content=\"Medaille von San Benito Redonda, ein Juwel aus 925er Sterlingsilber, das die spirituelle Kraft des verehrten San Benito in sich tr\u00e4gt. Mit einem Durchmesser von 2 cm.\" \/>\n<meta property=\"og:url\" content=\"https:\/\/joyasyasmin.com\/de\/producto\/medaille-des-heiligen-benedikt\/\" \/>\n<meta property=\"og:site_name\" content=\"Yasmin\" \/>\n<meta property=\"article:publisher\" content=\"https:\/\/www.facebook.com\/Joyas-Yasmin-217664058934169\/\" \/>\n<meta property=\"article:modified_time\" content=\"2026-01-26T07:19:40+00:00\" \/>\n<meta property=\"og:image\" content=\"https:\/\/joyasyasmin.com\/wp-content\/uploads\/2024\/01\/medalla-san-benito-de-plata.jpg\" \/>\n\t<meta property=\"og:image:width\" content=\"1000\" \/>\n\t<meta property=\"og:image:height\" content=\"1000\" \/>\n\t<meta property=\"og:image:type\" content=\"image\/jpeg\" \/>\n<meta name=\"twitter:card\" content=\"summary_large_image\" \/>\n<script type=\"application\/ld+json\" class=\"yoast-schema-graph\">{\"@context\":\"https:\/\/schema.org\",\"@graph\":[{\"@type\":[\"WebPage\",\"ItemPage\"],\"@id\":\"https:\/\/joyasyasmin.com\/de\/producto\/medaille-des-heiligen-benedikt\/\",\"url\":\"https:\/\/joyasyasmin.com\/de\/producto\/medaille-des-heiligen-benedikt\/\",\"name\":\"Medaille des Heiligen Benedikt - Yasmin\",\"isPartOf\":{\"@id\":\"https:\/\/joyasyasmin.com\/de\/#website\"},\"primaryImageOfPage\":{\"@id\":\"https:\/\/joyasyasmin.com\/de\/producto\/medaille-des-heiligen-benedikt\/#primaryimage\"},\"image\":{\"@id\":\"https:\/\/joyasyasmin.com\/de\/producto\/medaille-des-heiligen-benedikt\/#primaryimage\"},\"thumbnailUrl\":\"https:\/\/joyasyasmin.com\/wp-content\/uploads\/2024\/01\/medalla-san-benito-de-plata.jpg\",\"datePublished\":\"2024-01-23T19:19:06+00:00\",\"dateModified\":\"2026-01-26T07:19:40+00:00\",\"description\":\"Medaille von San Benito Redonda, ein Juwel aus 925er Sterlingsilber, das die spirituelle Kraft des verehrten San Benito in sich tr\u00e4gt. Mit einem Durchmesser von 2 cm.\",\"breadcrumb\":{\"@id\":\"https:\/\/joyasyasmin.com\/de\/producto\/medaille-des-heiligen-benedikt\/#breadcrumb\"},\"inLanguage\":\"de\",\"potentialAction\":[{\"@type\":\"ReadAction\",\"target\":[\"https:\/\/joyasyasmin.com\/de\/producto\/medaille-des-heiligen-benedikt\/\"]}]},{\"@type\":\"ImageObject\",\"inLanguage\":\"de\",\"@id\":\"https:\/\/joyasyasmin.com\/de\/producto\/medaille-des-heiligen-benedikt\/#primaryimage\",\"url\":\"https:\/\/joyasyasmin.com\/wp-content\/uploads\/2024\/01\/medalla-san-benito-de-plata.jpg\",\"contentUrl\":\"https:\/\/joyasyasmin.com\/wp-content\/uploads\/2024\/01\/medalla-san-benito-de-plata.jpg\",\"width\":1000,\"height\":1000,\"caption\":\"Verkauf von 2cm runder San Benito Medaille und ist aus 925 Sterling Silber gefertigt\"},{\"@type\":\"BreadcrumbList\",\"@id\":\"https:\/\/joyasyasmin.com\/de\/producto\/medaille-des-heiligen-benedikt\/#breadcrumb\",\"itemListElement\":[{\"@type\":\"ListItem\",\"position\":1,\"name\":\"Portada\",\"item\":\"https:\/\/joyasyasmin.com\/de\/heim\/\"},{\"@type\":\"ListItem\",\"position\":2,\"name\":\"Shop\",\"item\":\"https:\/\/joyasyasmin.com\/de\/shop\/\"},{\"@type\":\"ListItem\",\"position\":3,\"name\":\"Medaille des Heiligen Benedikt\"}]},{\"@type\":\"WebSite\",\"@id\":\"https:\/\/joyasyasmin.com\/de\/#website\",\"url\":\"https:\/\/joyasyasmin.com\/de\/\",\"name\":\"Yasmin\",\"description\":\"Joyer\u00eda de Plata 925 - Pendientes, pulseras, anillos, colgantes y m\u00e1s!\",\"publisher\":{\"@id\":\"https:\/\/joyasyasmin.com\/de\/#organization\"},\"potentialAction\":[{\"@type\":\"SearchAction\",\"target\":{\"@type\":\"EntryPoint\",\"urlTemplate\":\"https:\/\/joyasyasmin.com\/de\/?s={search_term_string}\"},\"query-input\":{\"@type\":\"PropertyValueSpecification\",\"valueRequired\":true,\"valueName\":\"search_term_string\"}}],\"inLanguage\":\"de\"},{\"@type\":\"Organization\",\"@id\":\"https:\/\/joyasyasmin.com\/de\/#organization\",\"name\":\"joyas yasmin\",\"url\":\"https:\/\/joyasyasmin.com\/de\/\",\"logo\":{\"@type\":\"ImageObject\",\"inLanguage\":\"de\",\"@id\":\"https:\/\/joyasyasmin.com\/de\/#\/schema\/logo\/image\/\",\"url\":\"https:\/\/joyasyasmin.com\/wp-content\/uploads\/2017\/06\/IMG-20200429-WA0051.jpg\",\"contentUrl\":\"https:\/\/joyasyasmin.com\/wp-content\/uploads\/2017\/06\/IMG-20200429-WA0051.jpg\",\"width\":1080,\"height\":545,\"caption\":\"joyas yasmin\"},\"image\":{\"@id\":\"https:\/\/joyasyasmin.com\/de\/#\/schema\/logo\/image\/\"},\"sameAs\":[\"https:\/\/www.facebook.com\/Joyas-Yasmin-217664058934169\/\",\"https:\/\/www.instagram.com\/invites\/contact\/\"]}]}<\/script>\n<!-- \/ Yoast SEO plugin. -->","yoast_head_json":{"title":"Medaille des Heiligen Benedikt - Yasmin","description":"Medaille von San Benito Redonda, ein Juwel aus 925er Sterlingsilber, das die spirituelle Kraft des verehrten San Benito in sich tr\u00e4gt. Mit einem Durchmesser von 2 cm.","robots":{"index":"index","follow":"follow","max-snippet":"max-snippet:-1","max-image-preview":"max-image-preview:large","max-video-preview":"max-video-preview:-1"},"canonical":"https:\/\/joyasyasmin.com\/de\/producto\/medaille-des-heiligen-benedikt\/","og_locale":"de_DE","og_title":"Medaille des Heiligen Benedikt - Yasmin","og_description":"Medaille von San Benito Redonda, ein Juwel aus 925er Sterlingsilber, das die spirituelle Kraft des verehrten San Benito in sich tr\u00e4gt. Mit einem Durchmesser von 2 cm.","og_url":"https:\/\/joyasyasmin.com\/de\/producto\/medaille-des-heiligen-benedikt\/","og_site_name":"Yasmin","article_publisher":"https:\/\/www.facebook.com\/Joyas-Yasmin-217664058934169\/","article_modified_time":"2026-01-26T07:19:40+00:00","og_image":[{"width":1000,"height":1000,"url":"https:\/\/joyasyasmin.com\/wp-content\/uploads\/2024\/01\/medalla-san-benito-de-plata.jpg","type":"image\/jpeg"}],"twitter_card":"summary_large_image","schema":{"@context":"https:\/\/schema.org","@graph":[{"@type":["WebPage","ItemPage"],"@id":"https:\/\/joyasyasmin.com\/de\/producto\/medaille-des-heiligen-benedikt\/","url":"https:\/\/joyasyasmin.com\/de\/producto\/medaille-des-heiligen-benedikt\/","name":"Medaille des Heiligen Benedikt - Yasmin","isPartOf":{"@id":"https:\/\/joyasyasmin.com\/de\/#website"},"primaryImageOfPage":{"@id":"https:\/\/joyasyasmin.com\/de\/producto\/medaille-des-heiligen-benedikt\/#primaryimage"},"image":{"@id":"https:\/\/joyasyasmin.com\/de\/producto\/medaille-des-heiligen-benedikt\/#primaryimage"},"thumbnailUrl":"https:\/\/joyasyasmin.com\/wp-content\/uploads\/2024\/01\/medalla-san-benito-de-plata.jpg","datePublished":"2024-01-23T19:19:06+00:00","dateModified":"2026-01-26T07:19:40+00:00","description":"Medaille von San Benito Redonda, ein Juwel aus 925er Sterlingsilber, das die spirituelle Kraft des verehrten San Benito in sich tr\u00e4gt. Mit einem Durchmesser von 2 cm.","breadcrumb":{"@id":"https:\/\/joyasyasmin.com\/de\/producto\/medaille-des-heiligen-benedikt\/#breadcrumb"},"inLanguage":"de","potentialAction":[{"@type":"ReadAction","target":["https:\/\/joyasyasmin.com\/de\/producto\/medaille-des-heiligen-benedikt\/"]}]},{"@type":"ImageObject","inLanguage":"de","@id":"https:\/\/joyasyasmin.com\/de\/producto\/medaille-des-heiligen-benedikt\/#primaryimage","url":"https:\/\/joyasyasmin.com\/wp-content\/uploads\/2024\/01\/medalla-san-benito-de-plata.jpg","contentUrl":"https:\/\/joyasyasmin.com\/wp-content\/uploads\/2024\/01\/medalla-san-benito-de-plata.jpg","width":1000,"height":1000,"caption":"Verkauf von 2cm runder San Benito Medaille und ist aus 925 Sterling Silber gefertigt"},{"@type":"BreadcrumbList","@id":"https:\/\/joyasyasmin.com\/de\/producto\/medaille-des-heiligen-benedikt\/#breadcrumb","itemListElement":[{"@type":"ListItem","position":1,"name":"Portada","item":"https:\/\/joyasyasmin.com\/de\/heim\/"},{"@type":"ListItem","position":2,"name":"Shop","item":"https:\/\/joyasyasmin.com\/de\/shop\/"},{"@type":"ListItem","position":3,"name":"Medaille des Heiligen Benedikt"}]},{"@type":"WebSite","@id":"https:\/\/joyasyasmin.com\/de\/#website","url":"https:\/\/joyasyasmin.com\/de\/","name":"Yasmin","description":"Joyer\u00eda de Plata 925 - Pendientes, pulseras, anillos, colgantes y m\u00e1s!","publisher":{"@id":"https:\/\/joyasyasmin.com\/de\/#organization"},"potentialAction":[{"@type":"SearchAction","target":{"@type":"EntryPoint","urlTemplate":"https:\/\/joyasyasmin.com\/de\/?s={search_term_string}"},"query-input":{"@type":"PropertyValueSpecification","valueRequired":true,"valueName":"search_term_string"}}],"inLanguage":"de"},{"@type":"Organization","@id":"https:\/\/joyasyasmin.com\/de\/#organization","name":"joyas yasmin","url":"https:\/\/joyasyasmin.com\/de\/","logo":{"@type":"ImageObject","inLanguage":"de","@id":"https:\/\/joyasyasmin.com\/de\/#\/schema\/logo\/image\/","url":"https:\/\/joyasyasmin.com\/wp-content\/uploads\/2017\/06\/IMG-20200429-WA0051.jpg","contentUrl":"https:\/\/joyasyasmin.com\/wp-content\/uploads\/2017\/06\/IMG-20200429-WA0051.jpg","width":1080,"height":545,"caption":"joyas yasmin"},"image":{"@id":"https:\/\/joyasyasmin.com\/de\/#\/schema\/logo\/image\/"},"sameAs":["https:\/\/www.facebook.com\/Joyas-Yasmin-217664058934169\/","https:\/\/www.instagram.com\/invites\/contact\/"]}]}},"_links":{"self":[{"href":"https:\/\/joyasyasmin.com\/de\/wp-json\/wp\/v2\/product\/21060","targetHints":{"allow":["GET"]}}],"collection":[{"href":"https:\/\/joyasyasmin.com\/de\/wp-json\/wp\/v2\/product"}],"about":[{"href":"https:\/\/joyasyasmin.com\/de\/wp-json\/wp\/v2\/types\/product"}],"replies":[{"embeddable":true,"href":"https:\/\/joyasyasmin.com\/de\/wp-json\/wp\/v2\/comments?post=21060"}],"version-history":[{"count":1,"href":"https:\/\/joyasyasmin.com\/de\/wp-json\/wp\/v2\/product\/21060\/revisions"}],"predecessor-version":[{"id":37464,"href":"https:\/\/joyasyasmin.com\/de\/wp-json\/wp\/v2\/product\/21060\/revisions\/37464"}],"wp:featuredmedia":[{"embeddable":true,"href":"https:\/\/joyasyasmin.com\/de\/wp-json\/wp\/v2\/media\/21068"}],"wp:attachment":[{"href":"https:\/\/joyasyasmin.com\/de\/wp-json\/wp\/v2\/media?parent=21060"}],"wp:term":[{"taxonomy":"product_brand","embeddable":true,"href":"https:\/\/joyasyasmin.com\/de\/wp-json\/wp\/v2\/product_brand?post=21060"},{"taxonomy":"product_cat","embeddable":true,"href":"https:\/\/joyasyasmin.com\/de\/wp-json\/wp\/v2\/product_cat?post=21060"},{"taxonomy":"product_tag","embeddable":true,"href":"https:\/\/joyasyasmin.com\/de\/wp-json\/wp\/v2\/product_tag?post=21060"}],"curies":[{"name":"wp","href":"https:\/\/api.w.org\/{rel}","templated":true}]}}