{"id":21061,"date":"2024-01-23T18:32:28","date_gmt":"2024-01-23T18:32:28","guid":{"rendered":"https:\/\/joyasyasmin.com\/producto\/der-heilige-benedikt-schluessel\/"},"modified":"2025-11-10T11:35:57","modified_gmt":"2025-11-10T11:35:57","slug":"der-heilige-benedikt-schluessel","status":"publish","type":"product","link":"https:\/\/joyasyasmin.com\/de\/producto\/der-heilige-benedikt-schluessel\/","title":{"rendered":"Der Heilige Benedikt-Schl\u00fcssel"},"content":{"rendered":"","protected":false},"excerpt":{"rendered":"<p>Entdecken Sie die Essenz des g\u00f6ttlichen Schutzes mit unserem St. Benedikt-Schl\u00fcssel, der in zwei Gr\u00f6\u00dfen erh\u00e4ltlich ist, die zu Ihrem Stil passen. Dieses Schmuckst\u00fcck aus 925er Sterlingsilber mit seinem detailreichen Design ist nicht nur ein Symbol des Glaubens, sondern auch ein Ausdruck von Eleganz. W\u00e4hlen Sie zwischen der gro\u00dfen Gr\u00f6\u00dfe mit Ankerkette oder der kleinen Gr\u00f6\u00dfe mit einer Rolo-Kette und lassen Sie sich vom Segen des Heiligen Benedikt \u00fcberall hin begleiten.  <\/p>\n<ul>\n<li>Material: 925 Sterling Silber<\/li>\n<li>Gro\u00dfe Gr\u00f6\u00dfe: 4 cm lang mit 3 mm breitem und 45 cm langem Kettenanker-Design.<\/li>\n<li>Kleine Gr\u00f6\u00dfe: 3 cm lang mit 45 cm langer Rolo-Kette.<\/li>\n<\/ul>\n","protected":false},"featured_media":21071,"comment_status":"open","ping_status":"closed","template":"","meta":{"_acf_changed":false,"_joinchat":[]},"product_brand":[],"product_cat":[1874],"product_tag":[1997,1998],"class_list":{"0":"post-21061","1":"product","2":"type-product","3":"status-publish","4":"has-post-thumbnail","6":"product_cat-anhanger","7":"product_tag-der-heilige-benedikt-schlussel","8":"product_tag-st-benedikt-anhanger-mit-silbernem-schlussel","10":"first","11":"instock","12":"shipping-taxable","13":"purchasable","14":"product-type-variable"},"acf":[],"yoast_head":"<!-- This site is optimized with the Yoast SEO plugin v27.2 - https:\/\/yoast.com\/product\/yoast-seo-wordpress\/ -->\n<title>Der Heilige Benedikt-Schl\u00fcssel - Yasmin<\/title>\n<meta name=\"description\" content=\"G\u00f6ttlicher Schutz mit unserem Schl\u00fcssel des Heiligen Benedikt, tragen Sie die Kraft des Schutzes und der spirituellen Verbindung in Sterlingsilberschmuck mit sich.\" \/>\n<meta name=\"robots\" content=\"index, follow, max-snippet:-1, max-image-preview:large, max-video-preview:-1\" \/>\n<link rel=\"canonical\" href=\"https:\/\/joyasyasmin.com\/de\/producto\/der-heilige-benedikt-schluessel\/\" \/>\n<meta property=\"og:locale\" content=\"de_DE\" \/>\n<meta property=\"og:title\" content=\"Der Heilige Benedikt-Schl\u00fcssel - Yasmin\" \/>\n<meta property=\"og:description\" content=\"G\u00f6ttlicher Schutz mit unserem Schl\u00fcssel des Heiligen Benedikt, tragen Sie die Kraft des Schutzes und der spirituellen Verbindung in Sterlingsilberschmuck mit sich.\" \/>\n<meta property=\"og:url\" content=\"https:\/\/joyasyasmin.com\/de\/producto\/der-heilige-benedikt-schluessel\/\" \/>\n<meta property=\"og:site_name\" content=\"Yasmin\" \/>\n<meta property=\"article:publisher\" content=\"https:\/\/www.facebook.com\/Joyas-Yasmin-217664058934169\/\" \/>\n<meta property=\"article:modified_time\" content=\"2025-11-10T11:35:57+00:00\" \/>\n<meta property=\"og:image\" content=\"https:\/\/joyasyasmin.com\/wp-content\/uploads\/2024\/01\/colgante-llave-San-Benito-de-plata.jpg\" \/>\n\t<meta property=\"og:image:width\" content=\"1000\" \/>\n\t<meta property=\"og:image:height\" content=\"1000\" \/>\n\t<meta property=\"og:image:type\" content=\"image\/jpeg\" \/>\n<meta name=\"twitter:card\" content=\"summary_large_image\" \/>\n<script type=\"application\/ld+json\" class=\"yoast-schema-graph\">{\"@context\":\"https:\/\/schema.org\",\"@graph\":[{\"@type\":[\"WebPage\",\"ItemPage\"],\"@id\":\"https:\/\/joyasyasmin.com\/de\/producto\/der-heilige-benedikt-schluessel\/\",\"url\":\"https:\/\/joyasyasmin.com\/de\/producto\/der-heilige-benedikt-schluessel\/\",\"name\":\"Der Heilige Benedikt-Schl\u00fcssel - Yasmin\",\"isPartOf\":{\"@id\":\"https:\/\/joyasyasmin.com\/de\/#website\"},\"primaryImageOfPage\":{\"@id\":\"https:\/\/joyasyasmin.com\/de\/producto\/der-heilige-benedikt-schluessel\/#primaryimage\"},\"image\":{\"@id\":\"https:\/\/joyasyasmin.com\/de\/producto\/der-heilige-benedikt-schluessel\/#primaryimage\"},\"thumbnailUrl\":\"https:\/\/joyasyasmin.com\/wp-content\/uploads\/2024\/01\/colgante-llave-San-Benito-de-plata.jpg\",\"datePublished\":\"2024-01-23T18:32:28+00:00\",\"dateModified\":\"2025-11-10T11:35:57+00:00\",\"description\":\"G\u00f6ttlicher Schutz mit unserem Schl\u00fcssel des Heiligen Benedikt, tragen Sie die Kraft des Schutzes und der spirituellen Verbindung in Sterlingsilberschmuck mit sich.\",\"breadcrumb\":{\"@id\":\"https:\/\/joyasyasmin.com\/de\/producto\/der-heilige-benedikt-schluessel\/#breadcrumb\"},\"inLanguage\":\"de\",\"potentialAction\":[{\"@type\":\"ReadAction\",\"target\":[\"https:\/\/joyasyasmin.com\/de\/producto\/der-heilige-benedikt-schluessel\/\"]}]},{\"@type\":\"ImageObject\",\"inLanguage\":\"de\",\"@id\":\"https:\/\/joyasyasmin.com\/de\/producto\/der-heilige-benedikt-schluessel\/#primaryimage\",\"url\":\"https:\/\/joyasyasmin.com\/wp-content\/uploads\/2024\/01\/colgante-llave-San-Benito-de-plata.jpg\",\"contentUrl\":\"https:\/\/joyasyasmin.com\/wp-content\/uploads\/2024\/01\/colgante-llave-San-Benito-de-plata.jpg\",\"width\":1000,\"height\":1000,\"caption\":\"San Benito Schl\u00fcsselanh\u00e4nger zum Verkauf in 925 Sterling Silber\"},{\"@type\":\"BreadcrumbList\",\"@id\":\"https:\/\/joyasyasmin.com\/de\/producto\/der-heilige-benedikt-schluessel\/#breadcrumb\",\"itemListElement\":[{\"@type\":\"ListItem\",\"position\":1,\"name\":\"Portada\",\"item\":\"https:\/\/joyasyasmin.com\/de\/heim\/\"},{\"@type\":\"ListItem\",\"position\":2,\"name\":\"Shop\",\"item\":\"https:\/\/joyasyasmin.com\/de\/shop\/\"},{\"@type\":\"ListItem\",\"position\":3,\"name\":\"Der Heilige Benedikt-Schl\u00fcssel\"}]},{\"@type\":\"WebSite\",\"@id\":\"https:\/\/joyasyasmin.com\/de\/#website\",\"url\":\"https:\/\/joyasyasmin.com\/de\/\",\"name\":\"Yasmin\",\"description\":\"Joyer\u00eda de Plata 925 - Pendientes, pulseras, anillos, colgantes y m\u00e1s!\",\"publisher\":{\"@id\":\"https:\/\/joyasyasmin.com\/de\/#organization\"},\"potentialAction\":[{\"@type\":\"SearchAction\",\"target\":{\"@type\":\"EntryPoint\",\"urlTemplate\":\"https:\/\/joyasyasmin.com\/de\/?s={search_term_string}\"},\"query-input\":{\"@type\":\"PropertyValueSpecification\",\"valueRequired\":true,\"valueName\":\"search_term_string\"}}],\"inLanguage\":\"de\"},{\"@type\":\"Organization\",\"@id\":\"https:\/\/joyasyasmin.com\/de\/#organization\",\"name\":\"joyas yasmin\",\"url\":\"https:\/\/joyasyasmin.com\/de\/\",\"logo\":{\"@type\":\"ImageObject\",\"inLanguage\":\"de\",\"@id\":\"https:\/\/joyasyasmin.com\/de\/#\/schema\/logo\/image\/\",\"url\":\"https:\/\/joyasyasmin.com\/wp-content\/uploads\/2017\/06\/IMG-20200429-WA0051.jpg\",\"contentUrl\":\"https:\/\/joyasyasmin.com\/wp-content\/uploads\/2017\/06\/IMG-20200429-WA0051.jpg\",\"width\":1080,\"height\":545,\"caption\":\"joyas yasmin\"},\"image\":{\"@id\":\"https:\/\/joyasyasmin.com\/de\/#\/schema\/logo\/image\/\"},\"sameAs\":[\"https:\/\/www.facebook.com\/Joyas-Yasmin-217664058934169\/\",\"https:\/\/www.instagram.com\/invites\/contact\/\"]}]}<\/script>\n<!-- \/ Yoast SEO plugin. -->","yoast_head_json":{"title":"Der Heilige Benedikt-Schl\u00fcssel - Yasmin","description":"G\u00f6ttlicher Schutz mit unserem Schl\u00fcssel des Heiligen Benedikt, tragen Sie die Kraft des Schutzes und der spirituellen Verbindung in Sterlingsilberschmuck mit sich.","robots":{"index":"index","follow":"follow","max-snippet":"max-snippet:-1","max-image-preview":"max-image-preview:large","max-video-preview":"max-video-preview:-1"},"canonical":"https:\/\/joyasyasmin.com\/de\/producto\/der-heilige-benedikt-schluessel\/","og_locale":"de_DE","og_title":"Der Heilige Benedikt-Schl\u00fcssel - Yasmin","og_description":"G\u00f6ttlicher Schutz mit unserem Schl\u00fcssel des Heiligen Benedikt, tragen Sie die Kraft des Schutzes und der spirituellen Verbindung in Sterlingsilberschmuck mit sich.","og_url":"https:\/\/joyasyasmin.com\/de\/producto\/der-heilige-benedikt-schluessel\/","og_site_name":"Yasmin","article_publisher":"https:\/\/www.facebook.com\/Joyas-Yasmin-217664058934169\/","article_modified_time":"2025-11-10T11:35:57+00:00","og_image":[{"width":1000,"height":1000,"url":"https:\/\/joyasyasmin.com\/wp-content\/uploads\/2024\/01\/colgante-llave-San-Benito-de-plata.jpg","type":"image\/jpeg"}],"twitter_card":"summary_large_image","schema":{"@context":"https:\/\/schema.org","@graph":[{"@type":["WebPage","ItemPage"],"@id":"https:\/\/joyasyasmin.com\/de\/producto\/der-heilige-benedikt-schluessel\/","url":"https:\/\/joyasyasmin.com\/de\/producto\/der-heilige-benedikt-schluessel\/","name":"Der Heilige Benedikt-Schl\u00fcssel - Yasmin","isPartOf":{"@id":"https:\/\/joyasyasmin.com\/de\/#website"},"primaryImageOfPage":{"@id":"https:\/\/joyasyasmin.com\/de\/producto\/der-heilige-benedikt-schluessel\/#primaryimage"},"image":{"@id":"https:\/\/joyasyasmin.com\/de\/producto\/der-heilige-benedikt-schluessel\/#primaryimage"},"thumbnailUrl":"https:\/\/joyasyasmin.com\/wp-content\/uploads\/2024\/01\/colgante-llave-San-Benito-de-plata.jpg","datePublished":"2024-01-23T18:32:28+00:00","dateModified":"2025-11-10T11:35:57+00:00","description":"G\u00f6ttlicher Schutz mit unserem Schl\u00fcssel des Heiligen Benedikt, tragen Sie die Kraft des Schutzes und der spirituellen Verbindung in Sterlingsilberschmuck mit sich.","breadcrumb":{"@id":"https:\/\/joyasyasmin.com\/de\/producto\/der-heilige-benedikt-schluessel\/#breadcrumb"},"inLanguage":"de","potentialAction":[{"@type":"ReadAction","target":["https:\/\/joyasyasmin.com\/de\/producto\/der-heilige-benedikt-schluessel\/"]}]},{"@type":"ImageObject","inLanguage":"de","@id":"https:\/\/joyasyasmin.com\/de\/producto\/der-heilige-benedikt-schluessel\/#primaryimage","url":"https:\/\/joyasyasmin.com\/wp-content\/uploads\/2024\/01\/colgante-llave-San-Benito-de-plata.jpg","contentUrl":"https:\/\/joyasyasmin.com\/wp-content\/uploads\/2024\/01\/colgante-llave-San-Benito-de-plata.jpg","width":1000,"height":1000,"caption":"San Benito Schl\u00fcsselanh\u00e4nger zum Verkauf in 925 Sterling Silber"},{"@type":"BreadcrumbList","@id":"https:\/\/joyasyasmin.com\/de\/producto\/der-heilige-benedikt-schluessel\/#breadcrumb","itemListElement":[{"@type":"ListItem","position":1,"name":"Portada","item":"https:\/\/joyasyasmin.com\/de\/heim\/"},{"@type":"ListItem","position":2,"name":"Shop","item":"https:\/\/joyasyasmin.com\/de\/shop\/"},{"@type":"ListItem","position":3,"name":"Der Heilige Benedikt-Schl\u00fcssel"}]},{"@type":"WebSite","@id":"https:\/\/joyasyasmin.com\/de\/#website","url":"https:\/\/joyasyasmin.com\/de\/","name":"Yasmin","description":"Joyer\u00eda de Plata 925 - Pendientes, pulseras, anillos, colgantes y m\u00e1s!","publisher":{"@id":"https:\/\/joyasyasmin.com\/de\/#organization"},"potentialAction":[{"@type":"SearchAction","target":{"@type":"EntryPoint","urlTemplate":"https:\/\/joyasyasmin.com\/de\/?s={search_term_string}"},"query-input":{"@type":"PropertyValueSpecification","valueRequired":true,"valueName":"search_term_string"}}],"inLanguage":"de"},{"@type":"Organization","@id":"https:\/\/joyasyasmin.com\/de\/#organization","name":"joyas yasmin","url":"https:\/\/joyasyasmin.com\/de\/","logo":{"@type":"ImageObject","inLanguage":"de","@id":"https:\/\/joyasyasmin.com\/de\/#\/schema\/logo\/image\/","url":"https:\/\/joyasyasmin.com\/wp-content\/uploads\/2017\/06\/IMG-20200429-WA0051.jpg","contentUrl":"https:\/\/joyasyasmin.com\/wp-content\/uploads\/2017\/06\/IMG-20200429-WA0051.jpg","width":1080,"height":545,"caption":"joyas yasmin"},"image":{"@id":"https:\/\/joyasyasmin.com\/de\/#\/schema\/logo\/image\/"},"sameAs":["https:\/\/www.facebook.com\/Joyas-Yasmin-217664058934169\/","https:\/\/www.instagram.com\/invites\/contact\/"]}]}},"_links":{"self":[{"href":"https:\/\/joyasyasmin.com\/de\/wp-json\/wp\/v2\/product\/21061","targetHints":{"allow":["GET"]}}],"collection":[{"href":"https:\/\/joyasyasmin.com\/de\/wp-json\/wp\/v2\/product"}],"about":[{"href":"https:\/\/joyasyasmin.com\/de\/wp-json\/wp\/v2\/types\/product"}],"replies":[{"embeddable":true,"href":"https:\/\/joyasyasmin.com\/de\/wp-json\/wp\/v2\/comments?post=21061"}],"version-history":[{"count":1,"href":"https:\/\/joyasyasmin.com\/de\/wp-json\/wp\/v2\/product\/21061\/revisions"}],"predecessor-version":[{"id":35877,"href":"https:\/\/joyasyasmin.com\/de\/wp-json\/wp\/v2\/product\/21061\/revisions\/35877"}],"wp:featuredmedia":[{"embeddable":true,"href":"https:\/\/joyasyasmin.com\/de\/wp-json\/wp\/v2\/media\/21071"}],"wp:attachment":[{"href":"https:\/\/joyasyasmin.com\/de\/wp-json\/wp\/v2\/media?parent=21061"}],"wp:term":[{"taxonomy":"product_brand","embeddable":true,"href":"https:\/\/joyasyasmin.com\/de\/wp-json\/wp\/v2\/product_brand?post=21061"},{"taxonomy":"product_cat","embeddable":true,"href":"https:\/\/joyasyasmin.com\/de\/wp-json\/wp\/v2\/product_cat?post=21061"},{"taxonomy":"product_tag","embeddable":true,"href":"https:\/\/joyasyasmin.com\/de\/wp-json\/wp\/v2\/product_tag?post=21061"}],"curies":[{"name":"wp","href":"https:\/\/api.w.org\/{rel}","templated":true}]}}