{"id":21114,"date":"2024-01-23T19:46:16","date_gmt":"2024-01-23T19:46:16","guid":{"rendered":"https:\/\/joyasyasmin.com\/producto\/st-judas-thaddaeus-medaille\/"},"modified":"2026-01-26T07:19:40","modified_gmt":"2026-01-26T07:19:40","slug":"st-judas-thaddaeus-medaille","status":"publish","type":"product","link":"https:\/\/joyasyasmin.com\/de\/producto\/st-judas-thaddaeus-medaille\/","title":{"rendered":"St. Judas Thadd\u00e4us-Medaille"},"content":{"rendered":"","protected":false},"excerpt":{"rendered":"<p>St. Judas Thadd\u00e4us mit unserer 2 cm gro\u00dfen Medaille, einem Schmuckst\u00fcck aus 925er Sterlingsilber, das dem Schutzpatron der schwierigen Angelegenheiten Tribut zollt. Mit fein gearbeiteten Details kann diese Medaille f\u00fcr einen subtilen Touch allein oder mit unserer 45 cm langen Rolo-Kette gew\u00e4hlt werden, um den Glauben stilvoll h\u00e4ngend zu tragen. <\/p>\n<ul>\n<li>Material: 925 Sterling Silber<\/li>\n<li>Medaillengr\u00f6\u00dfe: 2 cm Durchmesser<\/li>\n<li>Kaufoption: Erh\u00e4ltlich als Medaille allein oder mit einer 45 cm langen Rolo-Kette.<\/li>\n<\/ul>\n","protected":false},"featured_media":21117,"comment_status":"open","ping_status":"closed","template":"","meta":{"_acf_changed":false,"_joinchat":[]},"product_brand":[],"product_cat":[1874],"product_tag":[2020,2019],"class_list":{"0":"post-21114","1":"product","2":"type-product","3":"status-publish","4":"has-post-thumbnail","6":"product_cat-anhanger","7":"product_tag-silberne-schutzmedaillen-de","8":"product_tag-st-judas-thaddaus-medaille","10":"first","11":"outofstock","12":"shipping-taxable","13":"product-type-variable"},"acf":[],"yoast_head":"<!-- This site is optimized with the Yoast SEO plugin v27.2 - https:\/\/yoast.com\/product\/yoast-seo-wordpress\/ -->\n<title>St. Judas Thadd\u00e4us-Medaille - Yasmin<\/title>\n<meta name=\"description\" content=\"St. Judas Thadd\u00e4us mit unserer 2 cm gro\u00dfen Medaille, einem Schmuckst\u00fcck aus 925er Sterlingsilber, das dem Schutzpatron der schwierigen Angelegenheiten Tribut zollt.\" \/>\n<meta name=\"robots\" content=\"index, follow, max-snippet:-1, max-image-preview:large, max-video-preview:-1\" \/>\n<link rel=\"canonical\" href=\"https:\/\/joyasyasmin.com\/de\/producto\/st-judas-thaddaeus-medaille\/\" \/>\n<meta property=\"og:locale\" content=\"de_DE\" \/>\n<meta property=\"og:title\" content=\"St. Judas Thadd\u00e4us-Medaille - Yasmin\" \/>\n<meta property=\"og:description\" content=\"St. Judas Thadd\u00e4us mit unserer 2 cm gro\u00dfen Medaille, einem Schmuckst\u00fcck aus 925er Sterlingsilber, das dem Schutzpatron der schwierigen Angelegenheiten Tribut zollt.\" \/>\n<meta property=\"og:url\" content=\"https:\/\/joyasyasmin.com\/de\/producto\/st-judas-thaddaeus-medaille\/\" \/>\n<meta property=\"og:site_name\" content=\"Yasmin\" \/>\n<meta property=\"article:publisher\" content=\"https:\/\/www.facebook.com\/Joyas-Yasmin-217664058934169\/\" \/>\n<meta property=\"article:modified_time\" content=\"2026-01-26T07:19:40+00:00\" \/>\n<meta property=\"og:image\" content=\"https:\/\/joyasyasmin.com\/wp-content\/uploads\/2024\/01\/colgante-san-juda-tadeo-de-plata.jpg\" \/>\n\t<meta property=\"og:image:width\" content=\"1000\" \/>\n\t<meta property=\"og:image:height\" content=\"1000\" \/>\n\t<meta property=\"og:image:type\" content=\"image\/jpeg\" \/>\n<meta name=\"twitter:card\" content=\"summary_large_image\" \/>\n<script type=\"application\/ld+json\" class=\"yoast-schema-graph\">{\"@context\":\"https:\/\/schema.org\",\"@graph\":[{\"@type\":[\"WebPage\",\"ItemPage\"],\"@id\":\"https:\/\/joyasyasmin.com\/de\/producto\/st-judas-thaddaeus-medaille\/\",\"url\":\"https:\/\/joyasyasmin.com\/de\/producto\/st-judas-thaddaeus-medaille\/\",\"name\":\"St. Judas Thadd\u00e4us-Medaille - Yasmin\",\"isPartOf\":{\"@id\":\"https:\/\/joyasyasmin.com\/de\/#website\"},\"primaryImageOfPage\":{\"@id\":\"https:\/\/joyasyasmin.com\/de\/producto\/st-judas-thaddaeus-medaille\/#primaryimage\"},\"image\":{\"@id\":\"https:\/\/joyasyasmin.com\/de\/producto\/st-judas-thaddaeus-medaille\/#primaryimage\"},\"thumbnailUrl\":\"https:\/\/joyasyasmin.com\/wp-content\/uploads\/2024\/01\/colgante-san-juda-tadeo-de-plata.jpg\",\"datePublished\":\"2024-01-23T19:46:16+00:00\",\"dateModified\":\"2026-01-26T07:19:40+00:00\",\"description\":\"St. Judas Thadd\u00e4us mit unserer 2 cm gro\u00dfen Medaille, einem Schmuckst\u00fcck aus 925er Sterlingsilber, das dem Schutzpatron der schwierigen Angelegenheiten Tribut zollt.\",\"breadcrumb\":{\"@id\":\"https:\/\/joyasyasmin.com\/de\/producto\/st-judas-thaddaeus-medaille\/#breadcrumb\"},\"inLanguage\":\"de\",\"potentialAction\":[{\"@type\":\"ReadAction\",\"target\":[\"https:\/\/joyasyasmin.com\/de\/producto\/st-judas-thaddaeus-medaille\/\"]}]},{\"@type\":\"ImageObject\",\"inLanguage\":\"de\",\"@id\":\"https:\/\/joyasyasmin.com\/de\/producto\/st-judas-thaddaeus-medaille\/#primaryimage\",\"url\":\"https:\/\/joyasyasmin.com\/wp-content\/uploads\/2024\/01\/colgante-san-juda-tadeo-de-plata.jpg\",\"contentUrl\":\"https:\/\/joyasyasmin.com\/wp-content\/uploads\/2024\/01\/colgante-san-juda-tadeo-de-plata.jpg\",\"width\":1000,\"height\":1000,\"caption\":\"Verkauf der San Judas Tadeo-Medaille aus 925er Sterlingsilber\"},{\"@type\":\"BreadcrumbList\",\"@id\":\"https:\/\/joyasyasmin.com\/de\/producto\/st-judas-thaddaeus-medaille\/#breadcrumb\",\"itemListElement\":[{\"@type\":\"ListItem\",\"position\":1,\"name\":\"Portada\",\"item\":\"https:\/\/joyasyasmin.com\/de\/heim\/\"},{\"@type\":\"ListItem\",\"position\":2,\"name\":\"Shop\",\"item\":\"https:\/\/joyasyasmin.com\/de\/shop\/\"},{\"@type\":\"ListItem\",\"position\":3,\"name\":\"St. Judas Thadd\u00e4us-Medaille\"}]},{\"@type\":\"WebSite\",\"@id\":\"https:\/\/joyasyasmin.com\/de\/#website\",\"url\":\"https:\/\/joyasyasmin.com\/de\/\",\"name\":\"Yasmin\",\"description\":\"Joyer\u00eda de Plata 925 - Pendientes, pulseras, anillos, colgantes y m\u00e1s!\",\"publisher\":{\"@id\":\"https:\/\/joyasyasmin.com\/de\/#organization\"},\"potentialAction\":[{\"@type\":\"SearchAction\",\"target\":{\"@type\":\"EntryPoint\",\"urlTemplate\":\"https:\/\/joyasyasmin.com\/de\/?s={search_term_string}\"},\"query-input\":{\"@type\":\"PropertyValueSpecification\",\"valueRequired\":true,\"valueName\":\"search_term_string\"}}],\"inLanguage\":\"de\"},{\"@type\":\"Organization\",\"@id\":\"https:\/\/joyasyasmin.com\/de\/#organization\",\"name\":\"joyas yasmin\",\"url\":\"https:\/\/joyasyasmin.com\/de\/\",\"logo\":{\"@type\":\"ImageObject\",\"inLanguage\":\"de\",\"@id\":\"https:\/\/joyasyasmin.com\/de\/#\/schema\/logo\/image\/\",\"url\":\"https:\/\/joyasyasmin.com\/wp-content\/uploads\/2017\/06\/IMG-20200429-WA0051.jpg\",\"contentUrl\":\"https:\/\/joyasyasmin.com\/wp-content\/uploads\/2017\/06\/IMG-20200429-WA0051.jpg\",\"width\":1080,\"height\":545,\"caption\":\"joyas yasmin\"},\"image\":{\"@id\":\"https:\/\/joyasyasmin.com\/de\/#\/schema\/logo\/image\/\"},\"sameAs\":[\"https:\/\/www.facebook.com\/Joyas-Yasmin-217664058934169\/\",\"https:\/\/www.instagram.com\/invites\/contact\/\"]}]}<\/script>\n<!-- \/ Yoast SEO plugin. -->","yoast_head_json":{"title":"St. Judas Thadd\u00e4us-Medaille - Yasmin","description":"St. Judas Thadd\u00e4us mit unserer 2 cm gro\u00dfen Medaille, einem Schmuckst\u00fcck aus 925er Sterlingsilber, das dem Schutzpatron der schwierigen Angelegenheiten Tribut zollt.","robots":{"index":"index","follow":"follow","max-snippet":"max-snippet:-1","max-image-preview":"max-image-preview:large","max-video-preview":"max-video-preview:-1"},"canonical":"https:\/\/joyasyasmin.com\/de\/producto\/st-judas-thaddaeus-medaille\/","og_locale":"de_DE","og_title":"St. Judas Thadd\u00e4us-Medaille - Yasmin","og_description":"St. Judas Thadd\u00e4us mit unserer 2 cm gro\u00dfen Medaille, einem Schmuckst\u00fcck aus 925er Sterlingsilber, das dem Schutzpatron der schwierigen Angelegenheiten Tribut zollt.","og_url":"https:\/\/joyasyasmin.com\/de\/producto\/st-judas-thaddaeus-medaille\/","og_site_name":"Yasmin","article_publisher":"https:\/\/www.facebook.com\/Joyas-Yasmin-217664058934169\/","article_modified_time":"2026-01-26T07:19:40+00:00","og_image":[{"width":1000,"height":1000,"url":"https:\/\/joyasyasmin.com\/wp-content\/uploads\/2024\/01\/colgante-san-juda-tadeo-de-plata.jpg","type":"image\/jpeg"}],"twitter_card":"summary_large_image","schema":{"@context":"https:\/\/schema.org","@graph":[{"@type":["WebPage","ItemPage"],"@id":"https:\/\/joyasyasmin.com\/de\/producto\/st-judas-thaddaeus-medaille\/","url":"https:\/\/joyasyasmin.com\/de\/producto\/st-judas-thaddaeus-medaille\/","name":"St. Judas Thadd\u00e4us-Medaille - Yasmin","isPartOf":{"@id":"https:\/\/joyasyasmin.com\/de\/#website"},"primaryImageOfPage":{"@id":"https:\/\/joyasyasmin.com\/de\/producto\/st-judas-thaddaeus-medaille\/#primaryimage"},"image":{"@id":"https:\/\/joyasyasmin.com\/de\/producto\/st-judas-thaddaeus-medaille\/#primaryimage"},"thumbnailUrl":"https:\/\/joyasyasmin.com\/wp-content\/uploads\/2024\/01\/colgante-san-juda-tadeo-de-plata.jpg","datePublished":"2024-01-23T19:46:16+00:00","dateModified":"2026-01-26T07:19:40+00:00","description":"St. Judas Thadd\u00e4us mit unserer 2 cm gro\u00dfen Medaille, einem Schmuckst\u00fcck aus 925er Sterlingsilber, das dem Schutzpatron der schwierigen Angelegenheiten Tribut zollt.","breadcrumb":{"@id":"https:\/\/joyasyasmin.com\/de\/producto\/st-judas-thaddaeus-medaille\/#breadcrumb"},"inLanguage":"de","potentialAction":[{"@type":"ReadAction","target":["https:\/\/joyasyasmin.com\/de\/producto\/st-judas-thaddaeus-medaille\/"]}]},{"@type":"ImageObject","inLanguage":"de","@id":"https:\/\/joyasyasmin.com\/de\/producto\/st-judas-thaddaeus-medaille\/#primaryimage","url":"https:\/\/joyasyasmin.com\/wp-content\/uploads\/2024\/01\/colgante-san-juda-tadeo-de-plata.jpg","contentUrl":"https:\/\/joyasyasmin.com\/wp-content\/uploads\/2024\/01\/colgante-san-juda-tadeo-de-plata.jpg","width":1000,"height":1000,"caption":"Verkauf der San Judas Tadeo-Medaille aus 925er Sterlingsilber"},{"@type":"BreadcrumbList","@id":"https:\/\/joyasyasmin.com\/de\/producto\/st-judas-thaddaeus-medaille\/#breadcrumb","itemListElement":[{"@type":"ListItem","position":1,"name":"Portada","item":"https:\/\/joyasyasmin.com\/de\/heim\/"},{"@type":"ListItem","position":2,"name":"Shop","item":"https:\/\/joyasyasmin.com\/de\/shop\/"},{"@type":"ListItem","position":3,"name":"St. Judas Thadd\u00e4us-Medaille"}]},{"@type":"WebSite","@id":"https:\/\/joyasyasmin.com\/de\/#website","url":"https:\/\/joyasyasmin.com\/de\/","name":"Yasmin","description":"Joyer\u00eda de Plata 925 - Pendientes, pulseras, anillos, colgantes y m\u00e1s!","publisher":{"@id":"https:\/\/joyasyasmin.com\/de\/#organization"},"potentialAction":[{"@type":"SearchAction","target":{"@type":"EntryPoint","urlTemplate":"https:\/\/joyasyasmin.com\/de\/?s={search_term_string}"},"query-input":{"@type":"PropertyValueSpecification","valueRequired":true,"valueName":"search_term_string"}}],"inLanguage":"de"},{"@type":"Organization","@id":"https:\/\/joyasyasmin.com\/de\/#organization","name":"joyas yasmin","url":"https:\/\/joyasyasmin.com\/de\/","logo":{"@type":"ImageObject","inLanguage":"de","@id":"https:\/\/joyasyasmin.com\/de\/#\/schema\/logo\/image\/","url":"https:\/\/joyasyasmin.com\/wp-content\/uploads\/2017\/06\/IMG-20200429-WA0051.jpg","contentUrl":"https:\/\/joyasyasmin.com\/wp-content\/uploads\/2017\/06\/IMG-20200429-WA0051.jpg","width":1080,"height":545,"caption":"joyas yasmin"},"image":{"@id":"https:\/\/joyasyasmin.com\/de\/#\/schema\/logo\/image\/"},"sameAs":["https:\/\/www.facebook.com\/Joyas-Yasmin-217664058934169\/","https:\/\/www.instagram.com\/invites\/contact\/"]}]}},"_links":{"self":[{"href":"https:\/\/joyasyasmin.com\/de\/wp-json\/wp\/v2\/product\/21114","targetHints":{"allow":["GET"]}}],"collection":[{"href":"https:\/\/joyasyasmin.com\/de\/wp-json\/wp\/v2\/product"}],"about":[{"href":"https:\/\/joyasyasmin.com\/de\/wp-json\/wp\/v2\/types\/product"}],"replies":[{"embeddable":true,"href":"https:\/\/joyasyasmin.com\/de\/wp-json\/wp\/v2\/comments?post=21114"}],"version-history":[{"count":1,"href":"https:\/\/joyasyasmin.com\/de\/wp-json\/wp\/v2\/product\/21114\/revisions"}],"predecessor-version":[{"id":37465,"href":"https:\/\/joyasyasmin.com\/de\/wp-json\/wp\/v2\/product\/21114\/revisions\/37465"}],"wp:featuredmedia":[{"embeddable":true,"href":"https:\/\/joyasyasmin.com\/de\/wp-json\/wp\/v2\/media\/21117"}],"wp:attachment":[{"href":"https:\/\/joyasyasmin.com\/de\/wp-json\/wp\/v2\/media?parent=21114"}],"wp:term":[{"taxonomy":"product_brand","embeddable":true,"href":"https:\/\/joyasyasmin.com\/de\/wp-json\/wp\/v2\/product_brand?post=21114"},{"taxonomy":"product_cat","embeddable":true,"href":"https:\/\/joyasyasmin.com\/de\/wp-json\/wp\/v2\/product_cat?post=21114"},{"taxonomy":"product_tag","embeddable":true,"href":"https:\/\/joyasyasmin.com\/de\/wp-json\/wp\/v2\/product_tag?post=21114"}],"curies":[{"name":"wp","href":"https:\/\/api.w.org\/{rel}","templated":true}]}}