{"id":21158,"date":"2024-01-26T21:29:15","date_gmt":"2024-01-26T21:29:15","guid":{"rendered":"https:\/\/joyasyasmin.com\/producto\/ewige-liebe-herz-halskette\/"},"modified":"2025-11-10T11:35:58","modified_gmt":"2025-11-10T11:35:58","slug":"ewige-liebe-herz-halskette","status":"publish","type":"product","link":"https:\/\/joyasyasmin.com\/de\/producto\/ewige-liebe-herz-halskette\/","title":{"rendered":"Ewige Liebe Herz Halskette"},"content":{"rendered":"","protected":false},"excerpt":{"rendered":"<p>Eternal Love Heart Halskette, dieses schillernde Schmuckst\u00fcck wurde entwickelt, um die Essenz von Romantik und dauerhafter Verbindung einzufangen. Diese Halskette ist sorgf\u00e4ltig aus 925er Sterlingsilber gefertigt und verf\u00fcgt \u00fcber ein zentrales Herz, das 15 mm breit und 3 mm dick ist und eine perfekte Balance zwischen Eleganz und Solidit\u00e4t bietet. <\/p>\n","protected":false},"featured_media":21162,"comment_status":"open","ping_status":"closed","template":"","meta":{"_acf_changed":false,"_joinchat":[]},"product_brand":[],"product_cat":[1818],"product_tag":[2047,2049],"class_list":{"0":"post-21158","1":"product","2":"type-product","3":"status-publish","4":"has-post-thumbnail","6":"product_cat-halsketten","7":"product_tag-ewige-liebe-herz-halskette","8":"product_tag-silberne-herz-halsbander","10":"first","11":"instock","12":"shipping-taxable","13":"purchasable","14":"product-type-simple"},"acf":[],"yoast_head":"<!-- This site is optimized with the Yoast SEO plugin v27.2 - https:\/\/yoast.com\/product\/yoast-seo-wordpress\/ -->\n<title>Ewige Liebe Herz Halskette - Yasmin<\/title>\n<meta name=\"description\" content=\"Eternal Love Heart Halskette, Schmuck wurde entwickelt, um die Essenz von Romantik und dauerhafter Verbindung einzufangen. Sorgf\u00e4ltig gefertigt aus 925er Sterlingsilber\" \/>\n<meta name=\"robots\" content=\"index, follow, max-snippet:-1, max-image-preview:large, max-video-preview:-1\" \/>\n<link rel=\"canonical\" href=\"https:\/\/joyasyasmin.com\/de\/producto\/ewige-liebe-herz-halskette\/\" \/>\n<meta property=\"og:locale\" content=\"de_DE\" \/>\n<meta property=\"og:title\" content=\"Ewige Liebe Herz Halskette - Yasmin\" \/>\n<meta property=\"og:description\" content=\"Eternal Love Heart Halskette, Schmuck wurde entwickelt, um die Essenz von Romantik und dauerhafter Verbindung einzufangen. Sorgf\u00e4ltig gefertigt aus 925er Sterlingsilber\" \/>\n<meta property=\"og:url\" content=\"https:\/\/joyasyasmin.com\/de\/producto\/ewige-liebe-herz-halskette\/\" \/>\n<meta property=\"og:site_name\" content=\"Yasmin\" \/>\n<meta property=\"article:publisher\" content=\"https:\/\/www.facebook.com\/Joyas-Yasmin-217664058934169\/\" \/>\n<meta property=\"article:modified_time\" content=\"2025-11-10T11:35:58+00:00\" \/>\n<meta property=\"og:image\" content=\"https:\/\/joyasyasmin.com\/wp-content\/uploads\/2024\/01\/gargantilla-corazon.jpg\" \/>\n\t<meta property=\"og:image:width\" content=\"1000\" \/>\n\t<meta property=\"og:image:height\" content=\"1000\" \/>\n\t<meta property=\"og:image:type\" content=\"image\/jpeg\" \/>\n<meta name=\"twitter:card\" content=\"summary_large_image\" \/>\n<script type=\"application\/ld+json\" class=\"yoast-schema-graph\">{\"@context\":\"https:\/\/schema.org\",\"@graph\":[{\"@type\":[\"WebPage\",\"ItemPage\"],\"@id\":\"https:\/\/joyasyasmin.com\/de\/producto\/ewige-liebe-herz-halskette\/\",\"url\":\"https:\/\/joyasyasmin.com\/de\/producto\/ewige-liebe-herz-halskette\/\",\"name\":\"Ewige Liebe Herz Halskette - Yasmin\",\"isPartOf\":{\"@id\":\"https:\/\/joyasyasmin.com\/de\/#website\"},\"primaryImageOfPage\":{\"@id\":\"https:\/\/joyasyasmin.com\/de\/producto\/ewige-liebe-herz-halskette\/#primaryimage\"},\"image\":{\"@id\":\"https:\/\/joyasyasmin.com\/de\/producto\/ewige-liebe-herz-halskette\/#primaryimage\"},\"thumbnailUrl\":\"https:\/\/joyasyasmin.com\/wp-content\/uploads\/2024\/01\/gargantilla-corazon.jpg\",\"datePublished\":\"2024-01-26T21:29:15+00:00\",\"dateModified\":\"2025-11-10T11:35:58+00:00\",\"description\":\"Eternal Love Heart Halskette, Schmuck wurde entwickelt, um die Essenz von Romantik und dauerhafter Verbindung einzufangen. Sorgf\u00e4ltig gefertigt aus 925er Sterlingsilber\",\"breadcrumb\":{\"@id\":\"https:\/\/joyasyasmin.com\/de\/producto\/ewige-liebe-herz-halskette\/#breadcrumb\"},\"inLanguage\":\"de\",\"potentialAction\":[{\"@type\":\"ReadAction\",\"target\":[\"https:\/\/joyasyasmin.com\/de\/producto\/ewige-liebe-herz-halskette\/\"]}]},{\"@type\":\"ImageObject\",\"inLanguage\":\"de\",\"@id\":\"https:\/\/joyasyasmin.com\/de\/producto\/ewige-liebe-herz-halskette\/#primaryimage\",\"url\":\"https:\/\/joyasyasmin.com\/wp-content\/uploads\/2024\/01\/gargantilla-corazon.jpg\",\"contentUrl\":\"https:\/\/joyasyasmin.com\/wp-content\/uploads\/2024\/01\/gargantilla-corazon.jpg\",\"width\":1000,\"height\":1000,\"caption\":\"925 Sterling Silber Herz Halsband zu verkaufen\"},{\"@type\":\"BreadcrumbList\",\"@id\":\"https:\/\/joyasyasmin.com\/de\/producto\/ewige-liebe-herz-halskette\/#breadcrumb\",\"itemListElement\":[{\"@type\":\"ListItem\",\"position\":1,\"name\":\"Portada\",\"item\":\"https:\/\/joyasyasmin.com\/de\/heim\/\"},{\"@type\":\"ListItem\",\"position\":2,\"name\":\"Shop\",\"item\":\"https:\/\/joyasyasmin.com\/de\/shop\/\"},{\"@type\":\"ListItem\",\"position\":3,\"name\":\"Ewige Liebe Herz Halskette\"}]},{\"@type\":\"WebSite\",\"@id\":\"https:\/\/joyasyasmin.com\/de\/#website\",\"url\":\"https:\/\/joyasyasmin.com\/de\/\",\"name\":\"Yasmin\",\"description\":\"Joyer\u00eda de Plata 925 - Pendientes, pulseras, anillos, colgantes y m\u00e1s!\",\"publisher\":{\"@id\":\"https:\/\/joyasyasmin.com\/de\/#organization\"},\"potentialAction\":[{\"@type\":\"SearchAction\",\"target\":{\"@type\":\"EntryPoint\",\"urlTemplate\":\"https:\/\/joyasyasmin.com\/de\/?s={search_term_string}\"},\"query-input\":{\"@type\":\"PropertyValueSpecification\",\"valueRequired\":true,\"valueName\":\"search_term_string\"}}],\"inLanguage\":\"de\"},{\"@type\":\"Organization\",\"@id\":\"https:\/\/joyasyasmin.com\/de\/#organization\",\"name\":\"joyas yasmin\",\"url\":\"https:\/\/joyasyasmin.com\/de\/\",\"logo\":{\"@type\":\"ImageObject\",\"inLanguage\":\"de\",\"@id\":\"https:\/\/joyasyasmin.com\/de\/#\/schema\/logo\/image\/\",\"url\":\"https:\/\/joyasyasmin.com\/wp-content\/uploads\/2017\/06\/IMG-20200429-WA0051.jpg\",\"contentUrl\":\"https:\/\/joyasyasmin.com\/wp-content\/uploads\/2017\/06\/IMG-20200429-WA0051.jpg\",\"width\":1080,\"height\":545,\"caption\":\"joyas yasmin\"},\"image\":{\"@id\":\"https:\/\/joyasyasmin.com\/de\/#\/schema\/logo\/image\/\"},\"sameAs\":[\"https:\/\/www.facebook.com\/Joyas-Yasmin-217664058934169\/\",\"https:\/\/www.instagram.com\/invites\/contact\/\"]}]}<\/script>\n<!-- \/ Yoast SEO plugin. -->","yoast_head_json":{"title":"Ewige Liebe Herz Halskette - Yasmin","description":"Eternal Love Heart Halskette, Schmuck wurde entwickelt, um die Essenz von Romantik und dauerhafter Verbindung einzufangen. Sorgf\u00e4ltig gefertigt aus 925er Sterlingsilber","robots":{"index":"index","follow":"follow","max-snippet":"max-snippet:-1","max-image-preview":"max-image-preview:large","max-video-preview":"max-video-preview:-1"},"canonical":"https:\/\/joyasyasmin.com\/de\/producto\/ewige-liebe-herz-halskette\/","og_locale":"de_DE","og_title":"Ewige Liebe Herz Halskette - Yasmin","og_description":"Eternal Love Heart Halskette, Schmuck wurde entwickelt, um die Essenz von Romantik und dauerhafter Verbindung einzufangen. Sorgf\u00e4ltig gefertigt aus 925er Sterlingsilber","og_url":"https:\/\/joyasyasmin.com\/de\/producto\/ewige-liebe-herz-halskette\/","og_site_name":"Yasmin","article_publisher":"https:\/\/www.facebook.com\/Joyas-Yasmin-217664058934169\/","article_modified_time":"2025-11-10T11:35:58+00:00","og_image":[{"width":1000,"height":1000,"url":"https:\/\/joyasyasmin.com\/wp-content\/uploads\/2024\/01\/gargantilla-corazon.jpg","type":"image\/jpeg"}],"twitter_card":"summary_large_image","schema":{"@context":"https:\/\/schema.org","@graph":[{"@type":["WebPage","ItemPage"],"@id":"https:\/\/joyasyasmin.com\/de\/producto\/ewige-liebe-herz-halskette\/","url":"https:\/\/joyasyasmin.com\/de\/producto\/ewige-liebe-herz-halskette\/","name":"Ewige Liebe Herz Halskette - Yasmin","isPartOf":{"@id":"https:\/\/joyasyasmin.com\/de\/#website"},"primaryImageOfPage":{"@id":"https:\/\/joyasyasmin.com\/de\/producto\/ewige-liebe-herz-halskette\/#primaryimage"},"image":{"@id":"https:\/\/joyasyasmin.com\/de\/producto\/ewige-liebe-herz-halskette\/#primaryimage"},"thumbnailUrl":"https:\/\/joyasyasmin.com\/wp-content\/uploads\/2024\/01\/gargantilla-corazon.jpg","datePublished":"2024-01-26T21:29:15+00:00","dateModified":"2025-11-10T11:35:58+00:00","description":"Eternal Love Heart Halskette, Schmuck wurde entwickelt, um die Essenz von Romantik und dauerhafter Verbindung einzufangen. Sorgf\u00e4ltig gefertigt aus 925er Sterlingsilber","breadcrumb":{"@id":"https:\/\/joyasyasmin.com\/de\/producto\/ewige-liebe-herz-halskette\/#breadcrumb"},"inLanguage":"de","potentialAction":[{"@type":"ReadAction","target":["https:\/\/joyasyasmin.com\/de\/producto\/ewige-liebe-herz-halskette\/"]}]},{"@type":"ImageObject","inLanguage":"de","@id":"https:\/\/joyasyasmin.com\/de\/producto\/ewige-liebe-herz-halskette\/#primaryimage","url":"https:\/\/joyasyasmin.com\/wp-content\/uploads\/2024\/01\/gargantilla-corazon.jpg","contentUrl":"https:\/\/joyasyasmin.com\/wp-content\/uploads\/2024\/01\/gargantilla-corazon.jpg","width":1000,"height":1000,"caption":"925 Sterling Silber Herz Halsband zu verkaufen"},{"@type":"BreadcrumbList","@id":"https:\/\/joyasyasmin.com\/de\/producto\/ewige-liebe-herz-halskette\/#breadcrumb","itemListElement":[{"@type":"ListItem","position":1,"name":"Portada","item":"https:\/\/joyasyasmin.com\/de\/heim\/"},{"@type":"ListItem","position":2,"name":"Shop","item":"https:\/\/joyasyasmin.com\/de\/shop\/"},{"@type":"ListItem","position":3,"name":"Ewige Liebe Herz Halskette"}]},{"@type":"WebSite","@id":"https:\/\/joyasyasmin.com\/de\/#website","url":"https:\/\/joyasyasmin.com\/de\/","name":"Yasmin","description":"Joyer\u00eda de Plata 925 - Pendientes, pulseras, anillos, colgantes y m\u00e1s!","publisher":{"@id":"https:\/\/joyasyasmin.com\/de\/#organization"},"potentialAction":[{"@type":"SearchAction","target":{"@type":"EntryPoint","urlTemplate":"https:\/\/joyasyasmin.com\/de\/?s={search_term_string}"},"query-input":{"@type":"PropertyValueSpecification","valueRequired":true,"valueName":"search_term_string"}}],"inLanguage":"de"},{"@type":"Organization","@id":"https:\/\/joyasyasmin.com\/de\/#organization","name":"joyas yasmin","url":"https:\/\/joyasyasmin.com\/de\/","logo":{"@type":"ImageObject","inLanguage":"de","@id":"https:\/\/joyasyasmin.com\/de\/#\/schema\/logo\/image\/","url":"https:\/\/joyasyasmin.com\/wp-content\/uploads\/2017\/06\/IMG-20200429-WA0051.jpg","contentUrl":"https:\/\/joyasyasmin.com\/wp-content\/uploads\/2017\/06\/IMG-20200429-WA0051.jpg","width":1080,"height":545,"caption":"joyas yasmin"},"image":{"@id":"https:\/\/joyasyasmin.com\/de\/#\/schema\/logo\/image\/"},"sameAs":["https:\/\/www.facebook.com\/Joyas-Yasmin-217664058934169\/","https:\/\/www.instagram.com\/invites\/contact\/"]}]}},"_links":{"self":[{"href":"https:\/\/joyasyasmin.com\/de\/wp-json\/wp\/v2\/product\/21158","targetHints":{"allow":["GET"]}}],"collection":[{"href":"https:\/\/joyasyasmin.com\/de\/wp-json\/wp\/v2\/product"}],"about":[{"href":"https:\/\/joyasyasmin.com\/de\/wp-json\/wp\/v2\/types\/product"}],"replies":[{"embeddable":true,"href":"https:\/\/joyasyasmin.com\/de\/wp-json\/wp\/v2\/comments?post=21158"}],"version-history":[{"count":1,"href":"https:\/\/joyasyasmin.com\/de\/wp-json\/wp\/v2\/product\/21158\/revisions"}],"predecessor-version":[{"id":35878,"href":"https:\/\/joyasyasmin.com\/de\/wp-json\/wp\/v2\/product\/21158\/revisions\/35878"}],"wp:featuredmedia":[{"embeddable":true,"href":"https:\/\/joyasyasmin.com\/de\/wp-json\/wp\/v2\/media\/21162"}],"wp:attachment":[{"href":"https:\/\/joyasyasmin.com\/de\/wp-json\/wp\/v2\/media?parent=21158"}],"wp:term":[{"taxonomy":"product_brand","embeddable":true,"href":"https:\/\/joyasyasmin.com\/de\/wp-json\/wp\/v2\/product_brand?post=21158"},{"taxonomy":"product_cat","embeddable":true,"href":"https:\/\/joyasyasmin.com\/de\/wp-json\/wp\/v2\/product_cat?post=21158"},{"taxonomy":"product_tag","embeddable":true,"href":"https:\/\/joyasyasmin.com\/de\/wp-json\/wp\/v2\/product_tag?post=21158"}],"curies":[{"name":"wp","href":"https:\/\/api.w.org\/{rel}","templated":true}]}}