{"id":21217,"date":"2024-01-30T21:54:09","date_gmt":"2024-01-30T21:54:09","guid":{"rendered":"https:\/\/joyasyasmin.com\/producto\/himmlisches-armband-virgen-del-rocio\/"},"modified":"2025-11-10T11:36:27","modified_gmt":"2025-11-10T11:36:27","slug":"himmlisches-armband-virgen-del-rocio","status":"publish","type":"product","link":"https:\/\/joyasyasmin.com\/de\/producto\/himmlisches-armband-virgen-del-rocio\/","title":{"rendered":"Himmlisches Armband Virgen del Roc\u00edo"},"content":{"rendered":"","protected":false},"excerpt":{"rendered":"<p>Begeben Sie sich auf eine Reise der Spiritualit\u00e4t und Eleganz mit unserem Himmlischen Armband Virgen del Roc\u00edo. Verziert mit 5 mm Zirkonia in einer leuchtenden Farbpalette, stellt jeder Edelstein einen Lichtblitz auf Ihrem Weg dar. In der Mitte gl\u00e4nzt die zarte Silhouette der Virgen del Roc\u00edo mit Hingabe und Anmut. Dieses Armband aus 925er Sterlingsilber bietet eine g\u00f6ttliche Verbindung in jedem Detail.   <\/p>\n","protected":false},"featured_media":21219,"comment_status":"open","ping_status":"closed","template":"","meta":{"_acf_changed":false,"_joinchat":[]},"product_brand":[],"product_cat":[1787],"product_tag":[2090,2092],"class_list":{"0":"post-21217","1":"product","2":"type-product","3":"status-publish","4":"has-post-thumbnail","6":"product_cat-armbander","7":"product_tag-himmlisches-armband-virgen-del-rocio","8":"product_tag-silbernes-armband-der-virgen-del-rocio","10":"first","11":"instock","12":"shipping-taxable","13":"purchasable","14":"product-type-simple"},"acf":[],"yoast_head":"<!-- This site is optimized with the Yoast SEO plugin v27.2 - https:\/\/yoast.com\/product\/yoast-seo-wordpress\/ -->\n<title>Himmlisches Armband Virgen del Roc\u00edo - Yasmin<\/title>\n<meta name=\"description\" content=\"Himmlisches Armband Virgen del Roc\u00edo. Verziert mit 5 mm Zirkonia in einer leuchtenden Farbpalette, stellt jeder Edelstein einen Lichtblitz auf Ihrem Weg dar.\" \/>\n<meta name=\"robots\" content=\"index, follow, max-snippet:-1, max-image-preview:large, max-video-preview:-1\" \/>\n<link rel=\"canonical\" href=\"https:\/\/joyasyasmin.com\/de\/producto\/himmlisches-armband-virgen-del-rocio\/\" \/>\n<meta property=\"og:locale\" content=\"de_DE\" \/>\n<meta property=\"og:title\" content=\"Himmlisches Armband Virgen del Roc\u00edo - Yasmin\" \/>\n<meta property=\"og:description\" content=\"Himmlisches Armband Virgen del Roc\u00edo. Verziert mit 5 mm Zirkonia in einer leuchtenden Farbpalette, stellt jeder Edelstein einen Lichtblitz auf Ihrem Weg dar.\" \/>\n<meta property=\"og:url\" content=\"https:\/\/joyasyasmin.com\/de\/producto\/himmlisches-armband-virgen-del-rocio\/\" \/>\n<meta property=\"og:site_name\" content=\"Yasmin\" \/>\n<meta property=\"article:publisher\" content=\"https:\/\/www.facebook.com\/Joyas-Yasmin-217664058934169\/\" \/>\n<meta property=\"article:modified_time\" content=\"2025-11-10T11:36:27+00:00\" \/>\n<meta property=\"og:image\" content=\"https:\/\/joyasyasmin.com\/wp-content\/uploads\/2024\/01\/pulsera-virgen-del-rocio-con-piedras.jpg\" \/>\n\t<meta property=\"og:image:width\" content=\"1000\" \/>\n\t<meta property=\"og:image:height\" content=\"1000\" \/>\n\t<meta property=\"og:image:type\" content=\"image\/jpeg\" \/>\n<meta name=\"twitter:card\" content=\"summary_large_image\" \/>\n<script type=\"application\/ld+json\" class=\"yoast-schema-graph\">{\"@context\":\"https:\/\/schema.org\",\"@graph\":[{\"@type\":[\"WebPage\",\"ItemPage\"],\"@id\":\"https:\/\/joyasyasmin.com\/de\/producto\/himmlisches-armband-virgen-del-rocio\/\",\"url\":\"https:\/\/joyasyasmin.com\/de\/producto\/himmlisches-armband-virgen-del-rocio\/\",\"name\":\"Himmlisches Armband Virgen del Roc\u00edo - Yasmin\",\"isPartOf\":{\"@id\":\"https:\/\/joyasyasmin.com\/de\/#website\"},\"primaryImageOfPage\":{\"@id\":\"https:\/\/joyasyasmin.com\/de\/producto\/himmlisches-armband-virgen-del-rocio\/#primaryimage\"},\"image\":{\"@id\":\"https:\/\/joyasyasmin.com\/de\/producto\/himmlisches-armband-virgen-del-rocio\/#primaryimage\"},\"thumbnailUrl\":\"https:\/\/joyasyasmin.com\/wp-content\/uploads\/2024\/01\/pulsera-virgen-del-rocio-con-piedras.jpg\",\"datePublished\":\"2024-01-30T21:54:09+00:00\",\"dateModified\":\"2025-11-10T11:36:27+00:00\",\"description\":\"Himmlisches Armband Virgen del Roc\u00edo. Verziert mit 5 mm Zirkonia in einer leuchtenden Farbpalette, stellt jeder Edelstein einen Lichtblitz auf Ihrem Weg dar.\",\"breadcrumb\":{\"@id\":\"https:\/\/joyasyasmin.com\/de\/producto\/himmlisches-armband-virgen-del-rocio\/#breadcrumb\"},\"inLanguage\":\"de\",\"potentialAction\":[{\"@type\":\"ReadAction\",\"target\":[\"https:\/\/joyasyasmin.com\/de\/producto\/himmlisches-armband-virgen-del-rocio\/\"]}]},{\"@type\":\"ImageObject\",\"inLanguage\":\"de\",\"@id\":\"https:\/\/joyasyasmin.com\/de\/producto\/himmlisches-armband-virgen-del-rocio\/#primaryimage\",\"url\":\"https:\/\/joyasyasmin.com\/wp-content\/uploads\/2024\/01\/pulsera-virgen-del-rocio-con-piedras.jpg\",\"contentUrl\":\"https:\/\/joyasyasmin.com\/wp-content\/uploads\/2024\/01\/pulsera-virgen-del-rocio-con-piedras.jpg\",\"width\":1000,\"height\":1000,\"caption\":\"Verkauf des Armbands Virgen del Roc\u00edo aus 925er Sterlingsilber mit Zirkonen\"},{\"@type\":\"BreadcrumbList\",\"@id\":\"https:\/\/joyasyasmin.com\/de\/producto\/himmlisches-armband-virgen-del-rocio\/#breadcrumb\",\"itemListElement\":[{\"@type\":\"ListItem\",\"position\":1,\"name\":\"Portada\",\"item\":\"https:\/\/joyasyasmin.com\/de\/heim\/\"},{\"@type\":\"ListItem\",\"position\":2,\"name\":\"Shop\",\"item\":\"https:\/\/joyasyasmin.com\/de\/shop\/\"},{\"@type\":\"ListItem\",\"position\":3,\"name\":\"Himmlisches Armband Virgen del Roc\u00edo\"}]},{\"@type\":\"WebSite\",\"@id\":\"https:\/\/joyasyasmin.com\/de\/#website\",\"url\":\"https:\/\/joyasyasmin.com\/de\/\",\"name\":\"Yasmin\",\"description\":\"Joyer\u00eda de Plata 925 - Pendientes, pulseras, anillos, colgantes y m\u00e1s!\",\"publisher\":{\"@id\":\"https:\/\/joyasyasmin.com\/de\/#organization\"},\"potentialAction\":[{\"@type\":\"SearchAction\",\"target\":{\"@type\":\"EntryPoint\",\"urlTemplate\":\"https:\/\/joyasyasmin.com\/de\/?s={search_term_string}\"},\"query-input\":{\"@type\":\"PropertyValueSpecification\",\"valueRequired\":true,\"valueName\":\"search_term_string\"}}],\"inLanguage\":\"de\"},{\"@type\":\"Organization\",\"@id\":\"https:\/\/joyasyasmin.com\/de\/#organization\",\"name\":\"joyas yasmin\",\"url\":\"https:\/\/joyasyasmin.com\/de\/\",\"logo\":{\"@type\":\"ImageObject\",\"inLanguage\":\"de\",\"@id\":\"https:\/\/joyasyasmin.com\/de\/#\/schema\/logo\/image\/\",\"url\":\"https:\/\/joyasyasmin.com\/wp-content\/uploads\/2017\/06\/IMG-20200429-WA0051.jpg\",\"contentUrl\":\"https:\/\/joyasyasmin.com\/wp-content\/uploads\/2017\/06\/IMG-20200429-WA0051.jpg\",\"width\":1080,\"height\":545,\"caption\":\"joyas yasmin\"},\"image\":{\"@id\":\"https:\/\/joyasyasmin.com\/de\/#\/schema\/logo\/image\/\"},\"sameAs\":[\"https:\/\/www.facebook.com\/Joyas-Yasmin-217664058934169\/\",\"https:\/\/www.instagram.com\/invites\/contact\/\"]}]}<\/script>\n<!-- \/ Yoast SEO plugin. -->","yoast_head_json":{"title":"Himmlisches Armband Virgen del Roc\u00edo - Yasmin","description":"Himmlisches Armband Virgen del Roc\u00edo. Verziert mit 5 mm Zirkonia in einer leuchtenden Farbpalette, stellt jeder Edelstein einen Lichtblitz auf Ihrem Weg dar.","robots":{"index":"index","follow":"follow","max-snippet":"max-snippet:-1","max-image-preview":"max-image-preview:large","max-video-preview":"max-video-preview:-1"},"canonical":"https:\/\/joyasyasmin.com\/de\/producto\/himmlisches-armband-virgen-del-rocio\/","og_locale":"de_DE","og_title":"Himmlisches Armband Virgen del Roc\u00edo - Yasmin","og_description":"Himmlisches Armband Virgen del Roc\u00edo. Verziert mit 5 mm Zirkonia in einer leuchtenden Farbpalette, stellt jeder Edelstein einen Lichtblitz auf Ihrem Weg dar.","og_url":"https:\/\/joyasyasmin.com\/de\/producto\/himmlisches-armband-virgen-del-rocio\/","og_site_name":"Yasmin","article_publisher":"https:\/\/www.facebook.com\/Joyas-Yasmin-217664058934169\/","article_modified_time":"2025-11-10T11:36:27+00:00","og_image":[{"width":1000,"height":1000,"url":"https:\/\/joyasyasmin.com\/wp-content\/uploads\/2024\/01\/pulsera-virgen-del-rocio-con-piedras.jpg","type":"image\/jpeg"}],"twitter_card":"summary_large_image","schema":{"@context":"https:\/\/schema.org","@graph":[{"@type":["WebPage","ItemPage"],"@id":"https:\/\/joyasyasmin.com\/de\/producto\/himmlisches-armband-virgen-del-rocio\/","url":"https:\/\/joyasyasmin.com\/de\/producto\/himmlisches-armband-virgen-del-rocio\/","name":"Himmlisches Armband Virgen del Roc\u00edo - Yasmin","isPartOf":{"@id":"https:\/\/joyasyasmin.com\/de\/#website"},"primaryImageOfPage":{"@id":"https:\/\/joyasyasmin.com\/de\/producto\/himmlisches-armband-virgen-del-rocio\/#primaryimage"},"image":{"@id":"https:\/\/joyasyasmin.com\/de\/producto\/himmlisches-armband-virgen-del-rocio\/#primaryimage"},"thumbnailUrl":"https:\/\/joyasyasmin.com\/wp-content\/uploads\/2024\/01\/pulsera-virgen-del-rocio-con-piedras.jpg","datePublished":"2024-01-30T21:54:09+00:00","dateModified":"2025-11-10T11:36:27+00:00","description":"Himmlisches Armband Virgen del Roc\u00edo. Verziert mit 5 mm Zirkonia in einer leuchtenden Farbpalette, stellt jeder Edelstein einen Lichtblitz auf Ihrem Weg dar.","breadcrumb":{"@id":"https:\/\/joyasyasmin.com\/de\/producto\/himmlisches-armband-virgen-del-rocio\/#breadcrumb"},"inLanguage":"de","potentialAction":[{"@type":"ReadAction","target":["https:\/\/joyasyasmin.com\/de\/producto\/himmlisches-armband-virgen-del-rocio\/"]}]},{"@type":"ImageObject","inLanguage":"de","@id":"https:\/\/joyasyasmin.com\/de\/producto\/himmlisches-armband-virgen-del-rocio\/#primaryimage","url":"https:\/\/joyasyasmin.com\/wp-content\/uploads\/2024\/01\/pulsera-virgen-del-rocio-con-piedras.jpg","contentUrl":"https:\/\/joyasyasmin.com\/wp-content\/uploads\/2024\/01\/pulsera-virgen-del-rocio-con-piedras.jpg","width":1000,"height":1000,"caption":"Verkauf des Armbands Virgen del Roc\u00edo aus 925er Sterlingsilber mit Zirkonen"},{"@type":"BreadcrumbList","@id":"https:\/\/joyasyasmin.com\/de\/producto\/himmlisches-armband-virgen-del-rocio\/#breadcrumb","itemListElement":[{"@type":"ListItem","position":1,"name":"Portada","item":"https:\/\/joyasyasmin.com\/de\/heim\/"},{"@type":"ListItem","position":2,"name":"Shop","item":"https:\/\/joyasyasmin.com\/de\/shop\/"},{"@type":"ListItem","position":3,"name":"Himmlisches Armband Virgen del Roc\u00edo"}]},{"@type":"WebSite","@id":"https:\/\/joyasyasmin.com\/de\/#website","url":"https:\/\/joyasyasmin.com\/de\/","name":"Yasmin","description":"Joyer\u00eda de Plata 925 - Pendientes, pulseras, anillos, colgantes y m\u00e1s!","publisher":{"@id":"https:\/\/joyasyasmin.com\/de\/#organization"},"potentialAction":[{"@type":"SearchAction","target":{"@type":"EntryPoint","urlTemplate":"https:\/\/joyasyasmin.com\/de\/?s={search_term_string}"},"query-input":{"@type":"PropertyValueSpecification","valueRequired":true,"valueName":"search_term_string"}}],"inLanguage":"de"},{"@type":"Organization","@id":"https:\/\/joyasyasmin.com\/de\/#organization","name":"joyas yasmin","url":"https:\/\/joyasyasmin.com\/de\/","logo":{"@type":"ImageObject","inLanguage":"de","@id":"https:\/\/joyasyasmin.com\/de\/#\/schema\/logo\/image\/","url":"https:\/\/joyasyasmin.com\/wp-content\/uploads\/2017\/06\/IMG-20200429-WA0051.jpg","contentUrl":"https:\/\/joyasyasmin.com\/wp-content\/uploads\/2017\/06\/IMG-20200429-WA0051.jpg","width":1080,"height":545,"caption":"joyas yasmin"},"image":{"@id":"https:\/\/joyasyasmin.com\/de\/#\/schema\/logo\/image\/"},"sameAs":["https:\/\/www.facebook.com\/Joyas-Yasmin-217664058934169\/","https:\/\/www.instagram.com\/invites\/contact\/"]}]}},"_links":{"self":[{"href":"https:\/\/joyasyasmin.com\/de\/wp-json\/wp\/v2\/product\/21217","targetHints":{"allow":["GET"]}}],"collection":[{"href":"https:\/\/joyasyasmin.com\/de\/wp-json\/wp\/v2\/product"}],"about":[{"href":"https:\/\/joyasyasmin.com\/de\/wp-json\/wp\/v2\/types\/product"}],"replies":[{"embeddable":true,"href":"https:\/\/joyasyasmin.com\/de\/wp-json\/wp\/v2\/comments?post=21217"}],"version-history":[{"count":1,"href":"https:\/\/joyasyasmin.com\/de\/wp-json\/wp\/v2\/product\/21217\/revisions"}],"predecessor-version":[{"id":29547,"href":"https:\/\/joyasyasmin.com\/de\/wp-json\/wp\/v2\/product\/21217\/revisions\/29547"}],"wp:featuredmedia":[{"embeddable":true,"href":"https:\/\/joyasyasmin.com\/de\/wp-json\/wp\/v2\/media\/21219"}],"wp:attachment":[{"href":"https:\/\/joyasyasmin.com\/de\/wp-json\/wp\/v2\/media?parent=21217"}],"wp:term":[{"taxonomy":"product_brand","embeddable":true,"href":"https:\/\/joyasyasmin.com\/de\/wp-json\/wp\/v2\/product_brand?post=21217"},{"taxonomy":"product_cat","embeddable":true,"href":"https:\/\/joyasyasmin.com\/de\/wp-json\/wp\/v2\/product_cat?post=21217"},{"taxonomy":"product_tag","embeddable":true,"href":"https:\/\/joyasyasmin.com\/de\/wp-json\/wp\/v2\/product_tag?post=21217"}],"curies":[{"name":"wp","href":"https:\/\/api.w.org\/{rel}","templated":true}]}}