{"id":21244,"date":"2024-02-01T21:08:46","date_gmt":"2024-02-01T21:08:46","guid":{"rendered":"https:\/\/joyasyasmin.com\/producto\/walschwanz-halsband\/"},"modified":"2025-11-10T11:36:28","modified_gmt":"2025-11-10T11:36:28","slug":"walschwanz-halsband","status":"publish","type":"product","link":"https:\/\/joyasyasmin.com\/de\/producto\/walschwanz-halsband\/","title":{"rendered":"Walschwanz-Halsband"},"content":{"rendered":"","protected":false},"excerpt":{"rendered":"<p>Walschwanz-Halsband und Zirkone sind nicht nur ein Schmuckst\u00fcck; Es ist ein Erlebnis. Stellen Sie sich vor, wie es zu einer Erweiterung Ihres Stils wird, Ihre Eleganz unterstreicht und bei jeder Gelegenheit bewundernde Blicke auf sich zieht. Wenn Sie sich f\u00fcr dieses St\u00fcck entscheiden, tauchen Sie in die Tiefe von Mode und Handwerkskunst ein und tragen bei jedem Schritt ein St\u00fcck der Majest\u00e4t des Ozeans mit sich. Unser Schmuck ist aus 925er Sterlingsilber gefertigt und hat eine L\u00e4nge von 42 +3 cm.   <\/p>\n","protected":false},"featured_media":21247,"comment_status":"open","ping_status":"closed","template":"","meta":{"_acf_changed":false,"_joinchat":[]},"product_brand":[],"product_cat":[1869],"product_tag":[2113,2112],"class_list":{"0":"post-21244","1":"product","2":"type-product","3":"status-publish","4":"has-post-thumbnail","6":"product_cat-halsketten-de","7":"product_tag-koordiniert-mit-dem-schwanz-des-wals","8":"product_tag-walschwanz-halsband","10":"first","11":"instock","12":"shipping-taxable","13":"purchasable","14":"product-type-simple"},"acf":[],"yoast_head":"<!-- This site is optimized with the Yoast SEO plugin v27.2 - https:\/\/yoast.com\/product\/yoast-seo-wordpress\/ -->\n<title>Walschwanz-Halsband - Yasmin<\/title>\n<meta name=\"description\" content=\"Walschwanz-Halsband und Zirkone sind nicht nur ein Schmuckst\u00fcck; Es ist ein Erlebnis. Stellen Sie sich vor, wie es zu Ihrem Stil und Ihrer Eleganz wird, es ist aus Sterlingsilber gefertigt.\" \/>\n<meta name=\"robots\" content=\"index, follow, max-snippet:-1, max-image-preview:large, max-video-preview:-1\" \/>\n<link rel=\"canonical\" href=\"https:\/\/joyasyasmin.com\/de\/producto\/walschwanz-halsband\/\" \/>\n<meta property=\"og:locale\" content=\"de_DE\" \/>\n<meta property=\"og:title\" content=\"Walschwanz-Halsband - Yasmin\" \/>\n<meta property=\"og:description\" content=\"Walschwanz-Halsband und Zirkone sind nicht nur ein Schmuckst\u00fcck; Es ist ein Erlebnis. Stellen Sie sich vor, wie es zu Ihrem Stil und Ihrer Eleganz wird, es ist aus Sterlingsilber gefertigt.\" \/>\n<meta property=\"og:url\" content=\"https:\/\/joyasyasmin.com\/de\/producto\/walschwanz-halsband\/\" \/>\n<meta property=\"og:site_name\" content=\"Yasmin\" \/>\n<meta property=\"article:publisher\" content=\"https:\/\/www.facebook.com\/Joyas-Yasmin-217664058934169\/\" \/>\n<meta property=\"article:modified_time\" content=\"2025-11-10T11:36:28+00:00\" \/>\n<meta property=\"og:image\" content=\"https:\/\/joyasyasmin.com\/wp-content\/uploads\/2024\/02\/gargantilla-cola-de-ballena.jpg\" \/>\n\t<meta property=\"og:image:width\" content=\"1000\" \/>\n\t<meta property=\"og:image:height\" content=\"1000\" \/>\n\t<meta property=\"og:image:type\" content=\"image\/jpeg\" \/>\n<meta name=\"twitter:card\" content=\"summary_large_image\" \/>\n<script type=\"application\/ld+json\" class=\"yoast-schema-graph\">{\"@context\":\"https:\/\/schema.org\",\"@graph\":[{\"@type\":[\"WebPage\",\"ItemPage\"],\"@id\":\"https:\/\/joyasyasmin.com\/de\/producto\/walschwanz-halsband\/\",\"url\":\"https:\/\/joyasyasmin.com\/de\/producto\/walschwanz-halsband\/\",\"name\":\"Walschwanz-Halsband - Yasmin\",\"isPartOf\":{\"@id\":\"https:\/\/joyasyasmin.com\/de\/#website\"},\"primaryImageOfPage\":{\"@id\":\"https:\/\/joyasyasmin.com\/de\/producto\/walschwanz-halsband\/#primaryimage\"},\"image\":{\"@id\":\"https:\/\/joyasyasmin.com\/de\/producto\/walschwanz-halsband\/#primaryimage\"},\"thumbnailUrl\":\"https:\/\/joyasyasmin.com\/wp-content\/uploads\/2024\/02\/gargantilla-cola-de-ballena.jpg\",\"datePublished\":\"2024-02-01T21:08:46+00:00\",\"dateModified\":\"2025-11-10T11:36:28+00:00\",\"description\":\"Walschwanz-Halsband und Zirkone sind nicht nur ein Schmuckst\u00fcck; Es ist ein Erlebnis. Stellen Sie sich vor, wie es zu Ihrem Stil und Ihrer Eleganz wird, es ist aus Sterlingsilber gefertigt.\",\"breadcrumb\":{\"@id\":\"https:\/\/joyasyasmin.com\/de\/producto\/walschwanz-halsband\/#breadcrumb\"},\"inLanguage\":\"de\",\"potentialAction\":[{\"@type\":\"ReadAction\",\"target\":[\"https:\/\/joyasyasmin.com\/de\/producto\/walschwanz-halsband\/\"]}]},{\"@type\":\"ImageObject\",\"inLanguage\":\"de\",\"@id\":\"https:\/\/joyasyasmin.com\/de\/producto\/walschwanz-halsband\/#primaryimage\",\"url\":\"https:\/\/joyasyasmin.com\/wp-content\/uploads\/2024\/02\/gargantilla-cola-de-ballena.jpg\",\"contentUrl\":\"https:\/\/joyasyasmin.com\/wp-content\/uploads\/2024\/02\/gargantilla-cola-de-ballena.jpg\",\"width\":1000,\"height\":1000,\"caption\":\"Walschwanz Halsband zu verkaufen mit 925 Sterling Silber Zirkonia\"},{\"@type\":\"BreadcrumbList\",\"@id\":\"https:\/\/joyasyasmin.com\/de\/producto\/walschwanz-halsband\/#breadcrumb\",\"itemListElement\":[{\"@type\":\"ListItem\",\"position\":1,\"name\":\"Portada\",\"item\":\"https:\/\/joyasyasmin.com\/de\/heim\/\"},{\"@type\":\"ListItem\",\"position\":2,\"name\":\"Shop\",\"item\":\"https:\/\/joyasyasmin.com\/de\/shop\/\"},{\"@type\":\"ListItem\",\"position\":3,\"name\":\"Walschwanz-Halsband\"}]},{\"@type\":\"WebSite\",\"@id\":\"https:\/\/joyasyasmin.com\/de\/#website\",\"url\":\"https:\/\/joyasyasmin.com\/de\/\",\"name\":\"Yasmin\",\"description\":\"Joyer\u00eda de Plata 925 - Pendientes, pulseras, anillos, colgantes y m\u00e1s!\",\"publisher\":{\"@id\":\"https:\/\/joyasyasmin.com\/de\/#organization\"},\"potentialAction\":[{\"@type\":\"SearchAction\",\"target\":{\"@type\":\"EntryPoint\",\"urlTemplate\":\"https:\/\/joyasyasmin.com\/de\/?s={search_term_string}\"},\"query-input\":{\"@type\":\"PropertyValueSpecification\",\"valueRequired\":true,\"valueName\":\"search_term_string\"}}],\"inLanguage\":\"de\"},{\"@type\":\"Organization\",\"@id\":\"https:\/\/joyasyasmin.com\/de\/#organization\",\"name\":\"joyas yasmin\",\"url\":\"https:\/\/joyasyasmin.com\/de\/\",\"logo\":{\"@type\":\"ImageObject\",\"inLanguage\":\"de\",\"@id\":\"https:\/\/joyasyasmin.com\/de\/#\/schema\/logo\/image\/\",\"url\":\"https:\/\/joyasyasmin.com\/wp-content\/uploads\/2017\/06\/IMG-20200429-WA0051.jpg\",\"contentUrl\":\"https:\/\/joyasyasmin.com\/wp-content\/uploads\/2017\/06\/IMG-20200429-WA0051.jpg\",\"width\":1080,\"height\":545,\"caption\":\"joyas yasmin\"},\"image\":{\"@id\":\"https:\/\/joyasyasmin.com\/de\/#\/schema\/logo\/image\/\"},\"sameAs\":[\"https:\/\/www.facebook.com\/Joyas-Yasmin-217664058934169\/\",\"https:\/\/www.instagram.com\/invites\/contact\/\"]}]}<\/script>\n<!-- \/ Yoast SEO plugin. -->","yoast_head_json":{"title":"Walschwanz-Halsband - Yasmin","description":"Walschwanz-Halsband und Zirkone sind nicht nur ein Schmuckst\u00fcck; Es ist ein Erlebnis. Stellen Sie sich vor, wie es zu Ihrem Stil und Ihrer Eleganz wird, es ist aus Sterlingsilber gefertigt.","robots":{"index":"index","follow":"follow","max-snippet":"max-snippet:-1","max-image-preview":"max-image-preview:large","max-video-preview":"max-video-preview:-1"},"canonical":"https:\/\/joyasyasmin.com\/de\/producto\/walschwanz-halsband\/","og_locale":"de_DE","og_title":"Walschwanz-Halsband - Yasmin","og_description":"Walschwanz-Halsband und Zirkone sind nicht nur ein Schmuckst\u00fcck; Es ist ein Erlebnis. Stellen Sie sich vor, wie es zu Ihrem Stil und Ihrer Eleganz wird, es ist aus Sterlingsilber gefertigt.","og_url":"https:\/\/joyasyasmin.com\/de\/producto\/walschwanz-halsband\/","og_site_name":"Yasmin","article_publisher":"https:\/\/www.facebook.com\/Joyas-Yasmin-217664058934169\/","article_modified_time":"2025-11-10T11:36:28+00:00","og_image":[{"width":1000,"height":1000,"url":"https:\/\/joyasyasmin.com\/wp-content\/uploads\/2024\/02\/gargantilla-cola-de-ballena.jpg","type":"image\/jpeg"}],"twitter_card":"summary_large_image","schema":{"@context":"https:\/\/schema.org","@graph":[{"@type":["WebPage","ItemPage"],"@id":"https:\/\/joyasyasmin.com\/de\/producto\/walschwanz-halsband\/","url":"https:\/\/joyasyasmin.com\/de\/producto\/walschwanz-halsband\/","name":"Walschwanz-Halsband - Yasmin","isPartOf":{"@id":"https:\/\/joyasyasmin.com\/de\/#website"},"primaryImageOfPage":{"@id":"https:\/\/joyasyasmin.com\/de\/producto\/walschwanz-halsband\/#primaryimage"},"image":{"@id":"https:\/\/joyasyasmin.com\/de\/producto\/walschwanz-halsband\/#primaryimage"},"thumbnailUrl":"https:\/\/joyasyasmin.com\/wp-content\/uploads\/2024\/02\/gargantilla-cola-de-ballena.jpg","datePublished":"2024-02-01T21:08:46+00:00","dateModified":"2025-11-10T11:36:28+00:00","description":"Walschwanz-Halsband und Zirkone sind nicht nur ein Schmuckst\u00fcck; Es ist ein Erlebnis. Stellen Sie sich vor, wie es zu Ihrem Stil und Ihrer Eleganz wird, es ist aus Sterlingsilber gefertigt.","breadcrumb":{"@id":"https:\/\/joyasyasmin.com\/de\/producto\/walschwanz-halsband\/#breadcrumb"},"inLanguage":"de","potentialAction":[{"@type":"ReadAction","target":["https:\/\/joyasyasmin.com\/de\/producto\/walschwanz-halsband\/"]}]},{"@type":"ImageObject","inLanguage":"de","@id":"https:\/\/joyasyasmin.com\/de\/producto\/walschwanz-halsband\/#primaryimage","url":"https:\/\/joyasyasmin.com\/wp-content\/uploads\/2024\/02\/gargantilla-cola-de-ballena.jpg","contentUrl":"https:\/\/joyasyasmin.com\/wp-content\/uploads\/2024\/02\/gargantilla-cola-de-ballena.jpg","width":1000,"height":1000,"caption":"Walschwanz Halsband zu verkaufen mit 925 Sterling Silber Zirkonia"},{"@type":"BreadcrumbList","@id":"https:\/\/joyasyasmin.com\/de\/producto\/walschwanz-halsband\/#breadcrumb","itemListElement":[{"@type":"ListItem","position":1,"name":"Portada","item":"https:\/\/joyasyasmin.com\/de\/heim\/"},{"@type":"ListItem","position":2,"name":"Shop","item":"https:\/\/joyasyasmin.com\/de\/shop\/"},{"@type":"ListItem","position":3,"name":"Walschwanz-Halsband"}]},{"@type":"WebSite","@id":"https:\/\/joyasyasmin.com\/de\/#website","url":"https:\/\/joyasyasmin.com\/de\/","name":"Yasmin","description":"Joyer\u00eda de Plata 925 - Pendientes, pulseras, anillos, colgantes y m\u00e1s!","publisher":{"@id":"https:\/\/joyasyasmin.com\/de\/#organization"},"potentialAction":[{"@type":"SearchAction","target":{"@type":"EntryPoint","urlTemplate":"https:\/\/joyasyasmin.com\/de\/?s={search_term_string}"},"query-input":{"@type":"PropertyValueSpecification","valueRequired":true,"valueName":"search_term_string"}}],"inLanguage":"de"},{"@type":"Organization","@id":"https:\/\/joyasyasmin.com\/de\/#organization","name":"joyas yasmin","url":"https:\/\/joyasyasmin.com\/de\/","logo":{"@type":"ImageObject","inLanguage":"de","@id":"https:\/\/joyasyasmin.com\/de\/#\/schema\/logo\/image\/","url":"https:\/\/joyasyasmin.com\/wp-content\/uploads\/2017\/06\/IMG-20200429-WA0051.jpg","contentUrl":"https:\/\/joyasyasmin.com\/wp-content\/uploads\/2017\/06\/IMG-20200429-WA0051.jpg","width":1080,"height":545,"caption":"joyas yasmin"},"image":{"@id":"https:\/\/joyasyasmin.com\/de\/#\/schema\/logo\/image\/"},"sameAs":["https:\/\/www.facebook.com\/Joyas-Yasmin-217664058934169\/","https:\/\/www.instagram.com\/invites\/contact\/"]}]}},"_links":{"self":[{"href":"https:\/\/joyasyasmin.com\/de\/wp-json\/wp\/v2\/product\/21244","targetHints":{"allow":["GET"]}}],"collection":[{"href":"https:\/\/joyasyasmin.com\/de\/wp-json\/wp\/v2\/product"}],"about":[{"href":"https:\/\/joyasyasmin.com\/de\/wp-json\/wp\/v2\/types\/product"}],"replies":[{"embeddable":true,"href":"https:\/\/joyasyasmin.com\/de\/wp-json\/wp\/v2\/comments?post=21244"}],"version-history":[{"count":1,"href":"https:\/\/joyasyasmin.com\/de\/wp-json\/wp\/v2\/product\/21244\/revisions"}],"predecessor-version":[{"id":35890,"href":"https:\/\/joyasyasmin.com\/de\/wp-json\/wp\/v2\/product\/21244\/revisions\/35890"}],"wp:featuredmedia":[{"embeddable":true,"href":"https:\/\/joyasyasmin.com\/de\/wp-json\/wp\/v2\/media\/21247"}],"wp:attachment":[{"href":"https:\/\/joyasyasmin.com\/de\/wp-json\/wp\/v2\/media?parent=21244"}],"wp:term":[{"taxonomy":"product_brand","embeddable":true,"href":"https:\/\/joyasyasmin.com\/de\/wp-json\/wp\/v2\/product_brand?post=21244"},{"taxonomy":"product_cat","embeddable":true,"href":"https:\/\/joyasyasmin.com\/de\/wp-json\/wp\/v2\/product_cat?post=21244"},{"taxonomy":"product_tag","embeddable":true,"href":"https:\/\/joyasyasmin.com\/de\/wp-json\/wp\/v2\/product_tag?post=21244"}],"curies":[{"name":"wp","href":"https:\/\/api.w.org\/{rel}","templated":true}]}}