{"id":21273,"date":"2024-02-09T10:37:59","date_gmt":"2024-02-09T10:37:59","guid":{"rendered":"https:\/\/joyasyasmin.com\/producto\/herz-ohrring-mit-perle\/"},"modified":"2025-11-10T11:36:43","modified_gmt":"2025-11-10T11:36:43","slug":"herz-ohrring-mit-perle","status":"publish","type":"product","link":"https:\/\/joyasyasmin.com\/de\/producto\/herz-ohrring-mit-perle\/","title":{"rendered":"Herz-Ohrring mit Perle"},"content":{"rendered":"","protected":false},"excerpt":{"rendered":"<p>Entdecken Sie die Eleganz, die in diesen exquisiten Herzohrringen mit Perle steckt, einem Meisterwerk, das Zartheit mit zeitlosem Charme verbindet. Jeder Ohrring, mit einem pr\u00e4zisen Ma\u00df von 1 Zentimeter, wird zu einer Liebes- und Stilerkl\u00e4rung.<\/p>\n<p>Das sorgf\u00e4ltig aus 925er Sterlingsilber gefertigte Design spiegelt fachm\u00e4nnische Handwerkskunst und h\u00f6chste Qualit\u00e4t wider. Die weiche Kurve des Herzens umarmt eine kleine Muschelperle und verleiht ihr einen Hauch von Raffinesse und Raffinesse.<\/p>\n","protected":false},"featured_media":21277,"comment_status":"open","ping_status":"closed","template":"","meta":{"_acf_changed":false,"_joinchat":[]},"product_brand":[],"product_cat":[1770],"product_tag":[2130,2131],"class_list":{"0":"post-21273","1":"product","2":"type-product","3":"status-publish","4":"has-post-thumbnail","6":"product_cat-ohrringe-und-ohrringe","7":"product_tag-herz-ohrring-mit-perle","8":"product_tag-herzformiger-ohrring-aus-silber","10":"first","11":"instock","12":"shipping-taxable","13":"purchasable","14":"product-type-variable"},"acf":[],"yoast_head":"<!-- This site is optimized with the Yoast SEO plugin v27.2 - https:\/\/yoast.com\/product\/yoast-seo-wordpress\/ -->\n<title>Herz-Ohrring mit Perle - Yasmin<\/title>\n<meta name=\"description\" content=\"Ein Meisterwerk, das Zartheit mit zeitlosem Charme verbindet, wird der Herzohrring mit Perle zu einer Liebes- und Stilerkl\u00e4rung.\" \/>\n<meta name=\"robots\" content=\"index, follow, max-snippet:-1, max-image-preview:large, max-video-preview:-1\" \/>\n<link rel=\"canonical\" href=\"https:\/\/joyasyasmin.com\/de\/producto\/herz-ohrring-mit-perle\/\" \/>\n<meta property=\"og:locale\" content=\"de_DE\" \/>\n<meta property=\"og:title\" content=\"Herz-Ohrring mit Perle - Yasmin\" \/>\n<meta property=\"og:description\" content=\"Ein Meisterwerk, das Zartheit mit zeitlosem Charme verbindet, wird der Herzohrring mit Perle zu einer Liebes- und Stilerkl\u00e4rung.\" \/>\n<meta property=\"og:url\" content=\"https:\/\/joyasyasmin.com\/de\/producto\/herz-ohrring-mit-perle\/\" \/>\n<meta property=\"og:site_name\" content=\"Yasmin\" \/>\n<meta property=\"article:publisher\" content=\"https:\/\/www.facebook.com\/Joyas-Yasmin-217664058934169\/\" \/>\n<meta property=\"article:modified_time\" content=\"2025-11-10T11:36:43+00:00\" \/>\n<meta property=\"og:image\" content=\"https:\/\/joyasyasmin.com\/wp-content\/uploads\/2024\/02\/pendiente-corazon-con-perla-de-plata.jpg\" \/>\n\t<meta property=\"og:image:width\" content=\"1000\" \/>\n\t<meta property=\"og:image:height\" content=\"1000\" \/>\n\t<meta property=\"og:image:type\" content=\"image\/jpeg\" \/>\n<meta name=\"twitter:card\" content=\"summary_large_image\" \/>\n<script type=\"application\/ld+json\" class=\"yoast-schema-graph\">{\"@context\":\"https:\/\/schema.org\",\"@graph\":[{\"@type\":[\"WebPage\",\"ItemPage\"],\"@id\":\"https:\/\/joyasyasmin.com\/de\/producto\/herz-ohrring-mit-perle\/\",\"url\":\"https:\/\/joyasyasmin.com\/de\/producto\/herz-ohrring-mit-perle\/\",\"name\":\"Herz-Ohrring mit Perle - Yasmin\",\"isPartOf\":{\"@id\":\"https:\/\/joyasyasmin.com\/de\/#website\"},\"primaryImageOfPage\":{\"@id\":\"https:\/\/joyasyasmin.com\/de\/producto\/herz-ohrring-mit-perle\/#primaryimage\"},\"image\":{\"@id\":\"https:\/\/joyasyasmin.com\/de\/producto\/herz-ohrring-mit-perle\/#primaryimage\"},\"thumbnailUrl\":\"https:\/\/joyasyasmin.com\/wp-content\/uploads\/2024\/02\/pendiente-corazon-con-perla-de-plata.jpg\",\"datePublished\":\"2024-02-09T10:37:59+00:00\",\"dateModified\":\"2025-11-10T11:36:43+00:00\",\"description\":\"Ein Meisterwerk, das Zartheit mit zeitlosem Charme verbindet, wird der Herzohrring mit Perle zu einer Liebes- und Stilerkl\u00e4rung.\",\"breadcrumb\":{\"@id\":\"https:\/\/joyasyasmin.com\/de\/producto\/herz-ohrring-mit-perle\/#breadcrumb\"},\"inLanguage\":\"de\",\"potentialAction\":[{\"@type\":\"ReadAction\",\"target\":[\"https:\/\/joyasyasmin.com\/de\/producto\/herz-ohrring-mit-perle\/\"]}]},{\"@type\":\"ImageObject\",\"inLanguage\":\"de\",\"@id\":\"https:\/\/joyasyasmin.com\/de\/producto\/herz-ohrring-mit-perle\/#primaryimage\",\"url\":\"https:\/\/joyasyasmin.com\/wp-content\/uploads\/2024\/02\/pendiente-corazon-con-perla-de-plata.jpg\",\"contentUrl\":\"https:\/\/joyasyasmin.com\/wp-content\/uploads\/2024\/02\/pendiente-corazon-con-perla-de-plata.jpg\",\"width\":1000,\"height\":1000,\"caption\":\"Sale Herz Ohrring mit Perle ist aus Sterling Silber und tr\u00e4gt eine Perlenmuschel\"},{\"@type\":\"BreadcrumbList\",\"@id\":\"https:\/\/joyasyasmin.com\/de\/producto\/herz-ohrring-mit-perle\/#breadcrumb\",\"itemListElement\":[{\"@type\":\"ListItem\",\"position\":1,\"name\":\"Portada\",\"item\":\"https:\/\/joyasyasmin.com\/de\/heim\/\"},{\"@type\":\"ListItem\",\"position\":2,\"name\":\"Shop\",\"item\":\"https:\/\/joyasyasmin.com\/de\/shop\/\"},{\"@type\":\"ListItem\",\"position\":3,\"name\":\"Herz-Ohrring mit Perle\"}]},{\"@type\":\"WebSite\",\"@id\":\"https:\/\/joyasyasmin.com\/de\/#website\",\"url\":\"https:\/\/joyasyasmin.com\/de\/\",\"name\":\"Yasmin\",\"description\":\"Joyer\u00eda de Plata 925 - Pendientes, pulseras, anillos, colgantes y m\u00e1s!\",\"publisher\":{\"@id\":\"https:\/\/joyasyasmin.com\/de\/#organization\"},\"potentialAction\":[{\"@type\":\"SearchAction\",\"target\":{\"@type\":\"EntryPoint\",\"urlTemplate\":\"https:\/\/joyasyasmin.com\/de\/?s={search_term_string}\"},\"query-input\":{\"@type\":\"PropertyValueSpecification\",\"valueRequired\":true,\"valueName\":\"search_term_string\"}}],\"inLanguage\":\"de\"},{\"@type\":\"Organization\",\"@id\":\"https:\/\/joyasyasmin.com\/de\/#organization\",\"name\":\"joyas yasmin\",\"url\":\"https:\/\/joyasyasmin.com\/de\/\",\"logo\":{\"@type\":\"ImageObject\",\"inLanguage\":\"de\",\"@id\":\"https:\/\/joyasyasmin.com\/de\/#\/schema\/logo\/image\/\",\"url\":\"https:\/\/joyasyasmin.com\/wp-content\/uploads\/2017\/06\/IMG-20200429-WA0051.jpg\",\"contentUrl\":\"https:\/\/joyasyasmin.com\/wp-content\/uploads\/2017\/06\/IMG-20200429-WA0051.jpg\",\"width\":1080,\"height\":545,\"caption\":\"joyas yasmin\"},\"image\":{\"@id\":\"https:\/\/joyasyasmin.com\/de\/#\/schema\/logo\/image\/\"},\"sameAs\":[\"https:\/\/www.facebook.com\/Joyas-Yasmin-217664058934169\/\",\"https:\/\/www.instagram.com\/invites\/contact\/\"]}]}<\/script>\n<!-- \/ Yoast SEO plugin. -->","yoast_head_json":{"title":"Herz-Ohrring mit Perle - Yasmin","description":"Ein Meisterwerk, das Zartheit mit zeitlosem Charme verbindet, wird der Herzohrring mit Perle zu einer Liebes- und Stilerkl\u00e4rung.","robots":{"index":"index","follow":"follow","max-snippet":"max-snippet:-1","max-image-preview":"max-image-preview:large","max-video-preview":"max-video-preview:-1"},"canonical":"https:\/\/joyasyasmin.com\/de\/producto\/herz-ohrring-mit-perle\/","og_locale":"de_DE","og_title":"Herz-Ohrring mit Perle - Yasmin","og_description":"Ein Meisterwerk, das Zartheit mit zeitlosem Charme verbindet, wird der Herzohrring mit Perle zu einer Liebes- und Stilerkl\u00e4rung.","og_url":"https:\/\/joyasyasmin.com\/de\/producto\/herz-ohrring-mit-perle\/","og_site_name":"Yasmin","article_publisher":"https:\/\/www.facebook.com\/Joyas-Yasmin-217664058934169\/","article_modified_time":"2025-11-10T11:36:43+00:00","og_image":[{"width":1000,"height":1000,"url":"https:\/\/joyasyasmin.com\/wp-content\/uploads\/2024\/02\/pendiente-corazon-con-perla-de-plata.jpg","type":"image\/jpeg"}],"twitter_card":"summary_large_image","schema":{"@context":"https:\/\/schema.org","@graph":[{"@type":["WebPage","ItemPage"],"@id":"https:\/\/joyasyasmin.com\/de\/producto\/herz-ohrring-mit-perle\/","url":"https:\/\/joyasyasmin.com\/de\/producto\/herz-ohrring-mit-perle\/","name":"Herz-Ohrring mit Perle - Yasmin","isPartOf":{"@id":"https:\/\/joyasyasmin.com\/de\/#website"},"primaryImageOfPage":{"@id":"https:\/\/joyasyasmin.com\/de\/producto\/herz-ohrring-mit-perle\/#primaryimage"},"image":{"@id":"https:\/\/joyasyasmin.com\/de\/producto\/herz-ohrring-mit-perle\/#primaryimage"},"thumbnailUrl":"https:\/\/joyasyasmin.com\/wp-content\/uploads\/2024\/02\/pendiente-corazon-con-perla-de-plata.jpg","datePublished":"2024-02-09T10:37:59+00:00","dateModified":"2025-11-10T11:36:43+00:00","description":"Ein Meisterwerk, das Zartheit mit zeitlosem Charme verbindet, wird der Herzohrring mit Perle zu einer Liebes- und Stilerkl\u00e4rung.","breadcrumb":{"@id":"https:\/\/joyasyasmin.com\/de\/producto\/herz-ohrring-mit-perle\/#breadcrumb"},"inLanguage":"de","potentialAction":[{"@type":"ReadAction","target":["https:\/\/joyasyasmin.com\/de\/producto\/herz-ohrring-mit-perle\/"]}]},{"@type":"ImageObject","inLanguage":"de","@id":"https:\/\/joyasyasmin.com\/de\/producto\/herz-ohrring-mit-perle\/#primaryimage","url":"https:\/\/joyasyasmin.com\/wp-content\/uploads\/2024\/02\/pendiente-corazon-con-perla-de-plata.jpg","contentUrl":"https:\/\/joyasyasmin.com\/wp-content\/uploads\/2024\/02\/pendiente-corazon-con-perla-de-plata.jpg","width":1000,"height":1000,"caption":"Sale Herz Ohrring mit Perle ist aus Sterling Silber und tr\u00e4gt eine Perlenmuschel"},{"@type":"BreadcrumbList","@id":"https:\/\/joyasyasmin.com\/de\/producto\/herz-ohrring-mit-perle\/#breadcrumb","itemListElement":[{"@type":"ListItem","position":1,"name":"Portada","item":"https:\/\/joyasyasmin.com\/de\/heim\/"},{"@type":"ListItem","position":2,"name":"Shop","item":"https:\/\/joyasyasmin.com\/de\/shop\/"},{"@type":"ListItem","position":3,"name":"Herz-Ohrring mit Perle"}]},{"@type":"WebSite","@id":"https:\/\/joyasyasmin.com\/de\/#website","url":"https:\/\/joyasyasmin.com\/de\/","name":"Yasmin","description":"Joyer\u00eda de Plata 925 - Pendientes, pulseras, anillos, colgantes y m\u00e1s!","publisher":{"@id":"https:\/\/joyasyasmin.com\/de\/#organization"},"potentialAction":[{"@type":"SearchAction","target":{"@type":"EntryPoint","urlTemplate":"https:\/\/joyasyasmin.com\/de\/?s={search_term_string}"},"query-input":{"@type":"PropertyValueSpecification","valueRequired":true,"valueName":"search_term_string"}}],"inLanguage":"de"},{"@type":"Organization","@id":"https:\/\/joyasyasmin.com\/de\/#organization","name":"joyas yasmin","url":"https:\/\/joyasyasmin.com\/de\/","logo":{"@type":"ImageObject","inLanguage":"de","@id":"https:\/\/joyasyasmin.com\/de\/#\/schema\/logo\/image\/","url":"https:\/\/joyasyasmin.com\/wp-content\/uploads\/2017\/06\/IMG-20200429-WA0051.jpg","contentUrl":"https:\/\/joyasyasmin.com\/wp-content\/uploads\/2017\/06\/IMG-20200429-WA0051.jpg","width":1080,"height":545,"caption":"joyas yasmin"},"image":{"@id":"https:\/\/joyasyasmin.com\/de\/#\/schema\/logo\/image\/"},"sameAs":["https:\/\/www.facebook.com\/Joyas-Yasmin-217664058934169\/","https:\/\/www.instagram.com\/invites\/contact\/"]}]}},"_links":{"self":[{"href":"https:\/\/joyasyasmin.com\/de\/wp-json\/wp\/v2\/product\/21273","targetHints":{"allow":["GET"]}}],"collection":[{"href":"https:\/\/joyasyasmin.com\/de\/wp-json\/wp\/v2\/product"}],"about":[{"href":"https:\/\/joyasyasmin.com\/de\/wp-json\/wp\/v2\/types\/product"}],"replies":[{"embeddable":true,"href":"https:\/\/joyasyasmin.com\/de\/wp-json\/wp\/v2\/comments?post=21273"}],"version-history":[{"count":1,"href":"https:\/\/joyasyasmin.com\/de\/wp-json\/wp\/v2\/product\/21273\/revisions"}],"predecessor-version":[{"id":35898,"href":"https:\/\/joyasyasmin.com\/de\/wp-json\/wp\/v2\/product\/21273\/revisions\/35898"}],"wp:featuredmedia":[{"embeddable":true,"href":"https:\/\/joyasyasmin.com\/de\/wp-json\/wp\/v2\/media\/21277"}],"wp:attachment":[{"href":"https:\/\/joyasyasmin.com\/de\/wp-json\/wp\/v2\/media?parent=21273"}],"wp:term":[{"taxonomy":"product_brand","embeddable":true,"href":"https:\/\/joyasyasmin.com\/de\/wp-json\/wp\/v2\/product_brand?post=21273"},{"taxonomy":"product_cat","embeddable":true,"href":"https:\/\/joyasyasmin.com\/de\/wp-json\/wp\/v2\/product_cat?post=21273"},{"taxonomy":"product_tag","embeddable":true,"href":"https:\/\/joyasyasmin.com\/de\/wp-json\/wp\/v2\/product_tag?post=21273"}],"curies":[{"name":"wp","href":"https:\/\/api.w.org\/{rel}","templated":true}]}}