{"id":21375,"date":"2024-02-18T20:32:01","date_gmt":"2024-02-18T20:32:01","guid":{"rendered":"https:\/\/joyasyasmin.com\/producto\/mini-regenbogen-herzen-ring\/"},"modified":"2024-02-18T20:32:01","modified_gmt":"2024-02-18T20:32:01","slug":"mini-regenbogen-herzen-ring","status":"publish","type":"product","link":"https:\/\/joyasyasmin.com\/de\/producto\/mini-regenbogen-herzen-ring\/","title":{"rendered":"Mini Regenbogen Herzen Ring"},"content":{"rendered":"","protected":false},"excerpt":{"rendered":"<p>Machen Sie eine Liebes- und Stilerkl\u00e4rung mit unserem charmanten Mini Regenbogen Herzen Ring aus 925 Sterling Silber. Dieses sorgf\u00e4ltig gefertigte Design dieses Rings f\u00e4ngt die Essenz von Romantik und Freude ein und verleiht jedem Outfit einen Hauch von Farbe und Glanz. Mit einer Breite von 4 mm ist dieser Ring perfekt, um ihn an jedem Finger zu tragen und erm\u00f6glicht es Ihnen, Ihren einzigartigen Stil und Ihre Liebe zum Leben auszudr\u00fccken.  <\/p>\n","protected":false},"featured_media":21386,"comment_status":"open","ping_status":"closed","template":"","meta":{"_acf_changed":false,"_joinchat":[]},"product_brand":[],"product_cat":[1850],"product_tag":[2191,2190],"class_list":{"0":"post-21375","1":"product","2":"type-product","3":"status-publish","4":"has-post-thumbnail","6":"product_cat-ringe-ringe","7":"product_tag-herz-ringe","8":"product_tag-mini-herzring","10":"first","11":"instock","12":"shipping-taxable","13":"purchasable","14":"product-type-variable"},"acf":[],"yoast_head":"<!-- This site is optimized with the Yoast SEO plugin v27.2 - https:\/\/yoast.com\/product\/yoast-seo-wordpress\/ -->\n<title>Mini Regenbogen Herzen Ring - Yasmin<\/title>\n<meta name=\"description\" content=\"Machen Sie eine Liebes- und Stilerkl\u00e4rung mit unserem charmanten Mini Regenbogen Herzen Ring aus 925 Sterling Silber, der Ihrem Look Farbe verleiht.\" \/>\n<meta name=\"robots\" content=\"index, follow, max-snippet:-1, max-image-preview:large, max-video-preview:-1\" \/>\n<link rel=\"canonical\" href=\"https:\/\/joyasyasmin.com\/de\/producto\/mini-regenbogen-herzen-ring\/\" \/>\n<meta property=\"og:locale\" content=\"de_DE\" \/>\n<meta property=\"og:title\" content=\"Mini Regenbogen Herzen Ring - Yasmin\" \/>\n<meta property=\"og:description\" content=\"Machen Sie eine Liebes- und Stilerkl\u00e4rung mit unserem charmanten Mini Regenbogen Herzen Ring aus 925 Sterling Silber, der Ihrem Look Farbe verleiht.\" \/>\n<meta property=\"og:url\" content=\"https:\/\/joyasyasmin.com\/de\/producto\/mini-regenbogen-herzen-ring\/\" \/>\n<meta property=\"og:site_name\" content=\"Yasmin\" \/>\n<meta property=\"article:publisher\" content=\"https:\/\/www.facebook.com\/Joyas-Yasmin-217664058934169\/\" \/>\n<meta property=\"og:image\" content=\"https:\/\/joyasyasmin.com\/wp-content\/uploads\/2024\/02\/sortija-corazon-rio-cristal.jpg\" \/>\n\t<meta property=\"og:image:width\" content=\"1000\" \/>\n\t<meta property=\"og:image:height\" content=\"1000\" \/>\n\t<meta property=\"og:image:type\" content=\"image\/jpeg\" \/>\n<meta name=\"twitter:card\" content=\"summary_large_image\" \/>\n<script type=\"application\/ld+json\" class=\"yoast-schema-graph\">{\"@context\":\"https:\/\/schema.org\",\"@graph\":[{\"@type\":[\"WebPage\",\"ItemPage\"],\"@id\":\"https:\/\/joyasyasmin.com\/de\/producto\/mini-regenbogen-herzen-ring\/\",\"url\":\"https:\/\/joyasyasmin.com\/de\/producto\/mini-regenbogen-herzen-ring\/\",\"name\":\"Mini Regenbogen Herzen Ring - Yasmin\",\"isPartOf\":{\"@id\":\"https:\/\/joyasyasmin.com\/de\/#website\"},\"primaryImageOfPage\":{\"@id\":\"https:\/\/joyasyasmin.com\/de\/producto\/mini-regenbogen-herzen-ring\/#primaryimage\"},\"image\":{\"@id\":\"https:\/\/joyasyasmin.com\/de\/producto\/mini-regenbogen-herzen-ring\/#primaryimage\"},\"thumbnailUrl\":\"https:\/\/joyasyasmin.com\/wp-content\/uploads\/2024\/02\/sortija-corazon-rio-cristal.jpg\",\"datePublished\":\"2024-02-18T20:32:01+00:00\",\"description\":\"Machen Sie eine Liebes- und Stilerkl\u00e4rung mit unserem charmanten Mini Regenbogen Herzen Ring aus 925 Sterling Silber, der Ihrem Look Farbe verleiht.\",\"breadcrumb\":{\"@id\":\"https:\/\/joyasyasmin.com\/de\/producto\/mini-regenbogen-herzen-ring\/#breadcrumb\"},\"inLanguage\":\"de\",\"potentialAction\":[{\"@type\":\"ReadAction\",\"target\":[\"https:\/\/joyasyasmin.com\/de\/producto\/mini-regenbogen-herzen-ring\/\"]}]},{\"@type\":\"ImageObject\",\"inLanguage\":\"de\",\"@id\":\"https:\/\/joyasyasmin.com\/de\/producto\/mini-regenbogen-herzen-ring\/#primaryimage\",\"url\":\"https:\/\/joyasyasmin.com\/wp-content\/uploads\/2024\/02\/sortija-corazon-rio-cristal.jpg\",\"contentUrl\":\"https:\/\/joyasyasmin.com\/wp-content\/uploads\/2024\/02\/sortija-corazon-rio-cristal.jpg\",\"width\":1000,\"height\":1000},{\"@type\":\"BreadcrumbList\",\"@id\":\"https:\/\/joyasyasmin.com\/de\/producto\/mini-regenbogen-herzen-ring\/#breadcrumb\",\"itemListElement\":[{\"@type\":\"ListItem\",\"position\":1,\"name\":\"Portada\",\"item\":\"https:\/\/joyasyasmin.com\/de\/heim\/\"},{\"@type\":\"ListItem\",\"position\":2,\"name\":\"Shop\",\"item\":\"https:\/\/joyasyasmin.com\/de\/shop\/\"},{\"@type\":\"ListItem\",\"position\":3,\"name\":\"Mini Regenbogen Herzen Ring\"}]},{\"@type\":\"WebSite\",\"@id\":\"https:\/\/joyasyasmin.com\/de\/#website\",\"url\":\"https:\/\/joyasyasmin.com\/de\/\",\"name\":\"Yasmin\",\"description\":\"Joyer\u00eda de Plata 925 - Pendientes, pulseras, anillos, colgantes y m\u00e1s!\",\"publisher\":{\"@id\":\"https:\/\/joyasyasmin.com\/de\/#organization\"},\"potentialAction\":[{\"@type\":\"SearchAction\",\"target\":{\"@type\":\"EntryPoint\",\"urlTemplate\":\"https:\/\/joyasyasmin.com\/de\/?s={search_term_string}\"},\"query-input\":{\"@type\":\"PropertyValueSpecification\",\"valueRequired\":true,\"valueName\":\"search_term_string\"}}],\"inLanguage\":\"de\"},{\"@type\":\"Organization\",\"@id\":\"https:\/\/joyasyasmin.com\/de\/#organization\",\"name\":\"joyas yasmin\",\"url\":\"https:\/\/joyasyasmin.com\/de\/\",\"logo\":{\"@type\":\"ImageObject\",\"inLanguage\":\"de\",\"@id\":\"https:\/\/joyasyasmin.com\/de\/#\/schema\/logo\/image\/\",\"url\":\"https:\/\/joyasyasmin.com\/wp-content\/uploads\/2017\/06\/IMG-20200429-WA0051.jpg\",\"contentUrl\":\"https:\/\/joyasyasmin.com\/wp-content\/uploads\/2017\/06\/IMG-20200429-WA0051.jpg\",\"width\":1080,\"height\":545,\"caption\":\"joyas yasmin\"},\"image\":{\"@id\":\"https:\/\/joyasyasmin.com\/de\/#\/schema\/logo\/image\/\"},\"sameAs\":[\"https:\/\/www.facebook.com\/Joyas-Yasmin-217664058934169\/\",\"https:\/\/www.instagram.com\/invites\/contact\/\"]}]}<\/script>\n<!-- \/ Yoast SEO plugin. -->","yoast_head_json":{"title":"Mini Regenbogen Herzen Ring - Yasmin","description":"Machen Sie eine Liebes- und Stilerkl\u00e4rung mit unserem charmanten Mini Regenbogen Herzen Ring aus 925 Sterling Silber, der Ihrem Look Farbe verleiht.","robots":{"index":"index","follow":"follow","max-snippet":"max-snippet:-1","max-image-preview":"max-image-preview:large","max-video-preview":"max-video-preview:-1"},"canonical":"https:\/\/joyasyasmin.com\/de\/producto\/mini-regenbogen-herzen-ring\/","og_locale":"de_DE","og_title":"Mini Regenbogen Herzen Ring - Yasmin","og_description":"Machen Sie eine Liebes- und Stilerkl\u00e4rung mit unserem charmanten Mini Regenbogen Herzen Ring aus 925 Sterling Silber, der Ihrem Look Farbe verleiht.","og_url":"https:\/\/joyasyasmin.com\/de\/producto\/mini-regenbogen-herzen-ring\/","og_site_name":"Yasmin","article_publisher":"https:\/\/www.facebook.com\/Joyas-Yasmin-217664058934169\/","og_image":[{"width":1000,"height":1000,"url":"https:\/\/joyasyasmin.com\/wp-content\/uploads\/2024\/02\/sortija-corazon-rio-cristal.jpg","type":"image\/jpeg"}],"twitter_card":"summary_large_image","schema":{"@context":"https:\/\/schema.org","@graph":[{"@type":["WebPage","ItemPage"],"@id":"https:\/\/joyasyasmin.com\/de\/producto\/mini-regenbogen-herzen-ring\/","url":"https:\/\/joyasyasmin.com\/de\/producto\/mini-regenbogen-herzen-ring\/","name":"Mini Regenbogen Herzen Ring - Yasmin","isPartOf":{"@id":"https:\/\/joyasyasmin.com\/de\/#website"},"primaryImageOfPage":{"@id":"https:\/\/joyasyasmin.com\/de\/producto\/mini-regenbogen-herzen-ring\/#primaryimage"},"image":{"@id":"https:\/\/joyasyasmin.com\/de\/producto\/mini-regenbogen-herzen-ring\/#primaryimage"},"thumbnailUrl":"https:\/\/joyasyasmin.com\/wp-content\/uploads\/2024\/02\/sortija-corazon-rio-cristal.jpg","datePublished":"2024-02-18T20:32:01+00:00","description":"Machen Sie eine Liebes- und Stilerkl\u00e4rung mit unserem charmanten Mini Regenbogen Herzen Ring aus 925 Sterling Silber, der Ihrem Look Farbe verleiht.","breadcrumb":{"@id":"https:\/\/joyasyasmin.com\/de\/producto\/mini-regenbogen-herzen-ring\/#breadcrumb"},"inLanguage":"de","potentialAction":[{"@type":"ReadAction","target":["https:\/\/joyasyasmin.com\/de\/producto\/mini-regenbogen-herzen-ring\/"]}]},{"@type":"ImageObject","inLanguage":"de","@id":"https:\/\/joyasyasmin.com\/de\/producto\/mini-regenbogen-herzen-ring\/#primaryimage","url":"https:\/\/joyasyasmin.com\/wp-content\/uploads\/2024\/02\/sortija-corazon-rio-cristal.jpg","contentUrl":"https:\/\/joyasyasmin.com\/wp-content\/uploads\/2024\/02\/sortija-corazon-rio-cristal.jpg","width":1000,"height":1000},{"@type":"BreadcrumbList","@id":"https:\/\/joyasyasmin.com\/de\/producto\/mini-regenbogen-herzen-ring\/#breadcrumb","itemListElement":[{"@type":"ListItem","position":1,"name":"Portada","item":"https:\/\/joyasyasmin.com\/de\/heim\/"},{"@type":"ListItem","position":2,"name":"Shop","item":"https:\/\/joyasyasmin.com\/de\/shop\/"},{"@type":"ListItem","position":3,"name":"Mini Regenbogen Herzen Ring"}]},{"@type":"WebSite","@id":"https:\/\/joyasyasmin.com\/de\/#website","url":"https:\/\/joyasyasmin.com\/de\/","name":"Yasmin","description":"Joyer\u00eda de Plata 925 - Pendientes, pulseras, anillos, colgantes y m\u00e1s!","publisher":{"@id":"https:\/\/joyasyasmin.com\/de\/#organization"},"potentialAction":[{"@type":"SearchAction","target":{"@type":"EntryPoint","urlTemplate":"https:\/\/joyasyasmin.com\/de\/?s={search_term_string}"},"query-input":{"@type":"PropertyValueSpecification","valueRequired":true,"valueName":"search_term_string"}}],"inLanguage":"de"},{"@type":"Organization","@id":"https:\/\/joyasyasmin.com\/de\/#organization","name":"joyas yasmin","url":"https:\/\/joyasyasmin.com\/de\/","logo":{"@type":"ImageObject","inLanguage":"de","@id":"https:\/\/joyasyasmin.com\/de\/#\/schema\/logo\/image\/","url":"https:\/\/joyasyasmin.com\/wp-content\/uploads\/2017\/06\/IMG-20200429-WA0051.jpg","contentUrl":"https:\/\/joyasyasmin.com\/wp-content\/uploads\/2017\/06\/IMG-20200429-WA0051.jpg","width":1080,"height":545,"caption":"joyas yasmin"},"image":{"@id":"https:\/\/joyasyasmin.com\/de\/#\/schema\/logo\/image\/"},"sameAs":["https:\/\/www.facebook.com\/Joyas-Yasmin-217664058934169\/","https:\/\/www.instagram.com\/invites\/contact\/"]}]}},"_links":{"self":[{"href":"https:\/\/joyasyasmin.com\/de\/wp-json\/wp\/v2\/product\/21375","targetHints":{"allow":["GET"]}}],"collection":[{"href":"https:\/\/joyasyasmin.com\/de\/wp-json\/wp\/v2\/product"}],"about":[{"href":"https:\/\/joyasyasmin.com\/de\/wp-json\/wp\/v2\/types\/product"}],"replies":[{"embeddable":true,"href":"https:\/\/joyasyasmin.com\/de\/wp-json\/wp\/v2\/comments?post=21375"}],"version-history":[{"count":0,"href":"https:\/\/joyasyasmin.com\/de\/wp-json\/wp\/v2\/product\/21375\/revisions"}],"wp:featuredmedia":[{"embeddable":true,"href":"https:\/\/joyasyasmin.com\/de\/wp-json\/wp\/v2\/media\/21386"}],"wp:attachment":[{"href":"https:\/\/joyasyasmin.com\/de\/wp-json\/wp\/v2\/media?parent=21375"}],"wp:term":[{"taxonomy":"product_brand","embeddable":true,"href":"https:\/\/joyasyasmin.com\/de\/wp-json\/wp\/v2\/product_brand?post=21375"},{"taxonomy":"product_cat","embeddable":true,"href":"https:\/\/joyasyasmin.com\/de\/wp-json\/wp\/v2\/product_cat?post=21375"},{"taxonomy":"product_tag","embeddable":true,"href":"https:\/\/joyasyasmin.com\/de\/wp-json\/wp\/v2\/product_tag?post=21375"}],"curies":[{"name":"wp","href":"https:\/\/api.w.org\/{rel}","templated":true}]}}