{"id":21416,"date":"2024-02-18T21:09:38","date_gmt":"2024-02-18T21:09:38","guid":{"rendered":"https:\/\/joyasyasmin.com\/producto\/spiralfoermiges-gliederarmband\/"},"modified":"2025-11-10T11:36:57","modified_gmt":"2025-11-10T11:36:57","slug":"spiralfoermiges-gliederarmband","status":"publish","type":"product","link":"https:\/\/joyasyasmin.com\/de\/producto\/spiralfoermiges-gliederarmband\/","title":{"rendered":"Spiralf\u00f6rmiges Gliederarmband"},"content":{"rendered":"","protected":false},"excerpt":{"rendered":"<p>Bringen Sie Ihren einzigartigen Stil zum Ausdruck mit unserem Spiralarmband aus 925er Sterlingsilber, einem wahren Meisterwerk der Eleganz und Raffinesse! Dieses Armband zeichnet sich durch ein au\u00dfergew\u00f6hnlich charmantes Design mit l\u00e4nglichen Gliedern aus, die harmonisch ineinander greifen und einen unverwechselbaren und auff\u00e4lligen Look schaffen.<\/p>\n<p>Jedes Glied wird sorgf\u00e4ltig mit einer zarten 4 mm Silberkugel verbunden, die dem St\u00fcck einen Hauch von Raffinesse und Subtilit\u00e4t verleiht. Als n\u00e4chstes vervollst\u00e4ndigt ein elegantes Spiralglied das Design und verleiht dem Armband ein Element der Faszination und Dynamik. 18 cm lang.<\/p>\n","protected":false},"featured_media":21419,"comment_status":"open","ping_status":"closed","template":"","meta":{"_acf_changed":false,"_joinchat":[]},"product_brand":[],"product_cat":[1787],"product_tag":[2206,2207],"class_list":{"0":"post-21416","1":"product","2":"type-product","3":"status-publish","4":"has-post-thumbnail","6":"product_cat-armbander","7":"product_tag-armband-aus-sterlingsilber","8":"product_tag-spiralformiges-gliederarmband","10":"first","11":"instock","12":"shipping-taxable","13":"purchasable","14":"product-type-simple"},"acf":[],"yoast_head":"<!-- This site is optimized with the Yoast SEO plugin v27.2 - https:\/\/yoast.com\/product\/yoast-seo-wordpress\/ -->\n<title>Spiralf\u00f6rmiges Gliederarmband - Yasmin<\/title>\n<meta name=\"description\" content=\"Das Spiralarmband aus 925er Sterlingsilber ist ein wahres Meisterwerk der Eleganz und Raffinesse und zeichnet sich durch ein au\u00dfergew\u00f6hnlich charmantes Design aus.\" \/>\n<meta name=\"robots\" content=\"index, follow, max-snippet:-1, max-image-preview:large, max-video-preview:-1\" \/>\n<link rel=\"canonical\" href=\"https:\/\/joyasyasmin.com\/de\/producto\/spiralfoermiges-gliederarmband\/\" \/>\n<meta property=\"og:locale\" content=\"de_DE\" \/>\n<meta property=\"og:title\" content=\"Spiralf\u00f6rmiges Gliederarmband - Yasmin\" \/>\n<meta property=\"og:description\" content=\"Das Spiralarmband aus 925er Sterlingsilber ist ein wahres Meisterwerk der Eleganz und Raffinesse und zeichnet sich durch ein au\u00dfergew\u00f6hnlich charmantes Design aus.\" \/>\n<meta property=\"og:url\" content=\"https:\/\/joyasyasmin.com\/de\/producto\/spiralfoermiges-gliederarmband\/\" \/>\n<meta property=\"og:site_name\" content=\"Yasmin\" \/>\n<meta property=\"article:publisher\" content=\"https:\/\/www.facebook.com\/Joyas-Yasmin-217664058934169\/\" \/>\n<meta property=\"article:modified_time\" content=\"2025-11-10T11:36:57+00:00\" \/>\n<meta property=\"og:image\" content=\"https:\/\/joyasyasmin.com\/wp-content\/uploads\/2024\/02\/pulsera-eslabon-espiral-de-plata.jpg\" \/>\n\t<meta property=\"og:image:width\" content=\"1000\" \/>\n\t<meta property=\"og:image:height\" content=\"1000\" \/>\n\t<meta property=\"og:image:type\" content=\"image\/jpeg\" \/>\n<meta name=\"twitter:card\" content=\"summary_large_image\" \/>\n<script type=\"application\/ld+json\" class=\"yoast-schema-graph\">{\"@context\":\"https:\/\/schema.org\",\"@graph\":[{\"@type\":[\"WebPage\",\"ItemPage\"],\"@id\":\"https:\/\/joyasyasmin.com\/de\/producto\/spiralfoermiges-gliederarmband\/\",\"url\":\"https:\/\/joyasyasmin.com\/de\/producto\/spiralfoermiges-gliederarmband\/\",\"name\":\"Spiralf\u00f6rmiges Gliederarmband - Yasmin\",\"isPartOf\":{\"@id\":\"https:\/\/joyasyasmin.com\/de\/#website\"},\"primaryImageOfPage\":{\"@id\":\"https:\/\/joyasyasmin.com\/de\/producto\/spiralfoermiges-gliederarmband\/#primaryimage\"},\"image\":{\"@id\":\"https:\/\/joyasyasmin.com\/de\/producto\/spiralfoermiges-gliederarmband\/#primaryimage\"},\"thumbnailUrl\":\"https:\/\/joyasyasmin.com\/wp-content\/uploads\/2024\/02\/pulsera-eslabon-espiral-de-plata.jpg\",\"datePublished\":\"2024-02-18T21:09:38+00:00\",\"dateModified\":\"2025-11-10T11:36:57+00:00\",\"description\":\"Das Spiralarmband aus 925er Sterlingsilber ist ein wahres Meisterwerk der Eleganz und Raffinesse und zeichnet sich durch ein au\u00dfergew\u00f6hnlich charmantes Design aus.\",\"breadcrumb\":{\"@id\":\"https:\/\/joyasyasmin.com\/de\/producto\/spiralfoermiges-gliederarmband\/#breadcrumb\"},\"inLanguage\":\"de\",\"potentialAction\":[{\"@type\":\"ReadAction\",\"target\":[\"https:\/\/joyasyasmin.com\/de\/producto\/spiralfoermiges-gliederarmband\/\"]}]},{\"@type\":\"ImageObject\",\"inLanguage\":\"de\",\"@id\":\"https:\/\/joyasyasmin.com\/de\/producto\/spiralfoermiges-gliederarmband\/#primaryimage\",\"url\":\"https:\/\/joyasyasmin.com\/wp-content\/uploads\/2024\/02\/pulsera-eslabon-espiral-de-plata.jpg\",\"contentUrl\":\"https:\/\/joyasyasmin.com\/wp-content\/uploads\/2024\/02\/pulsera-eslabon-espiral-de-plata.jpg\",\"width\":1000,\"height\":1000,\"caption\":\"925 Sterling Silber Spiral Gliederarmband zum Verkauf, 18 cm lang\"},{\"@type\":\"BreadcrumbList\",\"@id\":\"https:\/\/joyasyasmin.com\/de\/producto\/spiralfoermiges-gliederarmband\/#breadcrumb\",\"itemListElement\":[{\"@type\":\"ListItem\",\"position\":1,\"name\":\"Portada\",\"item\":\"https:\/\/joyasyasmin.com\/de\/heim\/\"},{\"@type\":\"ListItem\",\"position\":2,\"name\":\"Shop\",\"item\":\"https:\/\/joyasyasmin.com\/de\/shop\/\"},{\"@type\":\"ListItem\",\"position\":3,\"name\":\"Spiralf\u00f6rmiges Gliederarmband\"}]},{\"@type\":\"WebSite\",\"@id\":\"https:\/\/joyasyasmin.com\/de\/#website\",\"url\":\"https:\/\/joyasyasmin.com\/de\/\",\"name\":\"Yasmin\",\"description\":\"Joyer\u00eda de Plata 925 - Pendientes, pulseras, anillos, colgantes y m\u00e1s!\",\"publisher\":{\"@id\":\"https:\/\/joyasyasmin.com\/de\/#organization\"},\"potentialAction\":[{\"@type\":\"SearchAction\",\"target\":{\"@type\":\"EntryPoint\",\"urlTemplate\":\"https:\/\/joyasyasmin.com\/de\/?s={search_term_string}\"},\"query-input\":{\"@type\":\"PropertyValueSpecification\",\"valueRequired\":true,\"valueName\":\"search_term_string\"}}],\"inLanguage\":\"de\"},{\"@type\":\"Organization\",\"@id\":\"https:\/\/joyasyasmin.com\/de\/#organization\",\"name\":\"joyas yasmin\",\"url\":\"https:\/\/joyasyasmin.com\/de\/\",\"logo\":{\"@type\":\"ImageObject\",\"inLanguage\":\"de\",\"@id\":\"https:\/\/joyasyasmin.com\/de\/#\/schema\/logo\/image\/\",\"url\":\"https:\/\/joyasyasmin.com\/wp-content\/uploads\/2017\/06\/IMG-20200429-WA0051.jpg\",\"contentUrl\":\"https:\/\/joyasyasmin.com\/wp-content\/uploads\/2017\/06\/IMG-20200429-WA0051.jpg\",\"width\":1080,\"height\":545,\"caption\":\"joyas yasmin\"},\"image\":{\"@id\":\"https:\/\/joyasyasmin.com\/de\/#\/schema\/logo\/image\/\"},\"sameAs\":[\"https:\/\/www.facebook.com\/Joyas-Yasmin-217664058934169\/\",\"https:\/\/www.instagram.com\/invites\/contact\/\"]}]}<\/script>\n<!-- \/ Yoast SEO plugin. -->","yoast_head_json":{"title":"Spiralf\u00f6rmiges Gliederarmband - Yasmin","description":"Das Spiralarmband aus 925er Sterlingsilber ist ein wahres Meisterwerk der Eleganz und Raffinesse und zeichnet sich durch ein au\u00dfergew\u00f6hnlich charmantes Design aus.","robots":{"index":"index","follow":"follow","max-snippet":"max-snippet:-1","max-image-preview":"max-image-preview:large","max-video-preview":"max-video-preview:-1"},"canonical":"https:\/\/joyasyasmin.com\/de\/producto\/spiralfoermiges-gliederarmband\/","og_locale":"de_DE","og_title":"Spiralf\u00f6rmiges Gliederarmband - Yasmin","og_description":"Das Spiralarmband aus 925er Sterlingsilber ist ein wahres Meisterwerk der Eleganz und Raffinesse und zeichnet sich durch ein au\u00dfergew\u00f6hnlich charmantes Design aus.","og_url":"https:\/\/joyasyasmin.com\/de\/producto\/spiralfoermiges-gliederarmband\/","og_site_name":"Yasmin","article_publisher":"https:\/\/www.facebook.com\/Joyas-Yasmin-217664058934169\/","article_modified_time":"2025-11-10T11:36:57+00:00","og_image":[{"width":1000,"height":1000,"url":"https:\/\/joyasyasmin.com\/wp-content\/uploads\/2024\/02\/pulsera-eslabon-espiral-de-plata.jpg","type":"image\/jpeg"}],"twitter_card":"summary_large_image","schema":{"@context":"https:\/\/schema.org","@graph":[{"@type":["WebPage","ItemPage"],"@id":"https:\/\/joyasyasmin.com\/de\/producto\/spiralfoermiges-gliederarmband\/","url":"https:\/\/joyasyasmin.com\/de\/producto\/spiralfoermiges-gliederarmband\/","name":"Spiralf\u00f6rmiges Gliederarmband - Yasmin","isPartOf":{"@id":"https:\/\/joyasyasmin.com\/de\/#website"},"primaryImageOfPage":{"@id":"https:\/\/joyasyasmin.com\/de\/producto\/spiralfoermiges-gliederarmband\/#primaryimage"},"image":{"@id":"https:\/\/joyasyasmin.com\/de\/producto\/spiralfoermiges-gliederarmband\/#primaryimage"},"thumbnailUrl":"https:\/\/joyasyasmin.com\/wp-content\/uploads\/2024\/02\/pulsera-eslabon-espiral-de-plata.jpg","datePublished":"2024-02-18T21:09:38+00:00","dateModified":"2025-11-10T11:36:57+00:00","description":"Das Spiralarmband aus 925er Sterlingsilber ist ein wahres Meisterwerk der Eleganz und Raffinesse und zeichnet sich durch ein au\u00dfergew\u00f6hnlich charmantes Design aus.","breadcrumb":{"@id":"https:\/\/joyasyasmin.com\/de\/producto\/spiralfoermiges-gliederarmband\/#breadcrumb"},"inLanguage":"de","potentialAction":[{"@type":"ReadAction","target":["https:\/\/joyasyasmin.com\/de\/producto\/spiralfoermiges-gliederarmband\/"]}]},{"@type":"ImageObject","inLanguage":"de","@id":"https:\/\/joyasyasmin.com\/de\/producto\/spiralfoermiges-gliederarmband\/#primaryimage","url":"https:\/\/joyasyasmin.com\/wp-content\/uploads\/2024\/02\/pulsera-eslabon-espiral-de-plata.jpg","contentUrl":"https:\/\/joyasyasmin.com\/wp-content\/uploads\/2024\/02\/pulsera-eslabon-espiral-de-plata.jpg","width":1000,"height":1000,"caption":"925 Sterling Silber Spiral Gliederarmband zum Verkauf, 18 cm lang"},{"@type":"BreadcrumbList","@id":"https:\/\/joyasyasmin.com\/de\/producto\/spiralfoermiges-gliederarmband\/#breadcrumb","itemListElement":[{"@type":"ListItem","position":1,"name":"Portada","item":"https:\/\/joyasyasmin.com\/de\/heim\/"},{"@type":"ListItem","position":2,"name":"Shop","item":"https:\/\/joyasyasmin.com\/de\/shop\/"},{"@type":"ListItem","position":3,"name":"Spiralf\u00f6rmiges Gliederarmband"}]},{"@type":"WebSite","@id":"https:\/\/joyasyasmin.com\/de\/#website","url":"https:\/\/joyasyasmin.com\/de\/","name":"Yasmin","description":"Joyer\u00eda de Plata 925 - Pendientes, pulseras, anillos, colgantes y m\u00e1s!","publisher":{"@id":"https:\/\/joyasyasmin.com\/de\/#organization"},"potentialAction":[{"@type":"SearchAction","target":{"@type":"EntryPoint","urlTemplate":"https:\/\/joyasyasmin.com\/de\/?s={search_term_string}"},"query-input":{"@type":"PropertyValueSpecification","valueRequired":true,"valueName":"search_term_string"}}],"inLanguage":"de"},{"@type":"Organization","@id":"https:\/\/joyasyasmin.com\/de\/#organization","name":"joyas yasmin","url":"https:\/\/joyasyasmin.com\/de\/","logo":{"@type":"ImageObject","inLanguage":"de","@id":"https:\/\/joyasyasmin.com\/de\/#\/schema\/logo\/image\/","url":"https:\/\/joyasyasmin.com\/wp-content\/uploads\/2017\/06\/IMG-20200429-WA0051.jpg","contentUrl":"https:\/\/joyasyasmin.com\/wp-content\/uploads\/2017\/06\/IMG-20200429-WA0051.jpg","width":1080,"height":545,"caption":"joyas yasmin"},"image":{"@id":"https:\/\/joyasyasmin.com\/de\/#\/schema\/logo\/image\/"},"sameAs":["https:\/\/www.facebook.com\/Joyas-Yasmin-217664058934169\/","https:\/\/www.instagram.com\/invites\/contact\/"]}]}},"_links":{"self":[{"href":"https:\/\/joyasyasmin.com\/de\/wp-json\/wp\/v2\/product\/21416","targetHints":{"allow":["GET"]}}],"collection":[{"href":"https:\/\/joyasyasmin.com\/de\/wp-json\/wp\/v2\/product"}],"about":[{"href":"https:\/\/joyasyasmin.com\/de\/wp-json\/wp\/v2\/types\/product"}],"replies":[{"embeddable":true,"href":"https:\/\/joyasyasmin.com\/de\/wp-json\/wp\/v2\/comments?post=21416"}],"version-history":[{"count":1,"href":"https:\/\/joyasyasmin.com\/de\/wp-json\/wp\/v2\/product\/21416\/revisions"}],"predecessor-version":[{"id":35908,"href":"https:\/\/joyasyasmin.com\/de\/wp-json\/wp\/v2\/product\/21416\/revisions\/35908"}],"wp:featuredmedia":[{"embeddable":true,"href":"https:\/\/joyasyasmin.com\/de\/wp-json\/wp\/v2\/media\/21419"}],"wp:attachment":[{"href":"https:\/\/joyasyasmin.com\/de\/wp-json\/wp\/v2\/media?parent=21416"}],"wp:term":[{"taxonomy":"product_brand","embeddable":true,"href":"https:\/\/joyasyasmin.com\/de\/wp-json\/wp\/v2\/product_brand?post=21416"},{"taxonomy":"product_cat","embeddable":true,"href":"https:\/\/joyasyasmin.com\/de\/wp-json\/wp\/v2\/product_cat?post=21416"},{"taxonomy":"product_tag","embeddable":true,"href":"https:\/\/joyasyasmin.com\/de\/wp-json\/wp\/v2\/product_tag?post=21416"}],"curies":[{"name":"wp","href":"https:\/\/api.w.org\/{rel}","templated":true}]}}