{"id":21468,"date":"2024-02-26T10:20:25","date_gmt":"2024-02-26T10:20:25","guid":{"rendered":"https:\/\/joyasyasmin.com\/producto\/omega-moonlight-ohrring\/"},"modified":"2025-11-10T11:36:57","modified_gmt":"2025-11-10T11:36:57","slug":"omega-moonlight-ohrring","status":"publish","type":"product","link":"https:\/\/joyasyasmin.com\/de\/producto\/omega-moonlight-ohrring\/","title":{"rendered":"Omega Moonlight Ohrring"},"content":{"rendered":"","protected":false},"excerpt":{"rendered":"<p>Ohrring &#8222;Omega Moonlight&#8220; aus 925er Sterlingsilber und 1cm breit. Dieses exquisite Design kombiniert die Reinheit von Silber mit der Magie der farbigen Steine und der Brillanz von wei\u00dfem Zirkonia.<\/p>\n<p>Jeder Ohrring besteht aus einem schillernden Set sorgf\u00e4ltig ausgew\u00e4hlter farbiger Steine, die das geheimnisvolle Mondlicht reflektieren. Dar\u00fcber hinaus umh\u00fcllen zwei geschwungene Schienen aus wei\u00dfem Zirkonia die Steine und verleihen ihm einen Hauch von Raffinesse und Leuchtkraft.<\/p>\n<p>Der Omega-Verschluss, ein technisches und komfortables Detail, sorgt f\u00fcr einen sicheren und bequemen Halt des Ohrrings. Diese Art von Verschluss, der sich durch seine Omega-Form auszeichnet, gleitet sanft \u00fcber das Ohr und schlie\u00dft mit einem Klick, was eine Festigkeit und Stabilit\u00e4t bietet, die es Ihnen erm\u00f6glicht, Ihre Ohrringe den ganzen Tag \u00fcber mit Zuversicht zu tragen.<\/p>\n<p>&nbsp;<\/p>\n","protected":false},"featured_media":21472,"comment_status":"open","ping_status":"closed","template":"","meta":{"_acf_changed":false,"_joinchat":[]},"product_brand":[],"product_cat":[1770],"product_tag":[2235,2236],"class_list":{"0":"post-21468","1":"product","2":"type-product","3":"status-publish","4":"has-post-thumbnail","6":"product_cat-ohrringe-und-ohrringe","7":"product_tag-omega-moonlight-ohrring","8":"product_tag-omega-ohrringe-in-silber-mit-farbigen-steinen","10":"first","11":"instock","12":"shipping-taxable","13":"purchasable","14":"product-type-simple"},"acf":[],"yoast_head":"<!-- This site is optimized with the Yoast SEO plugin v27.2 - https:\/\/yoast.com\/product\/yoast-seo-wordpress\/ -->\n<title>Omega Moonlight Ohrring - Yasmin<\/title>\n<meta name=\"description\" content=\"Ohrring &quot;Omega Moonlight&quot; aus 925er Sterlingsilber. Dieses Design kombiniert die Reinheit von Silber mit der Magie von farbigen Steinen.\" \/>\n<meta name=\"robots\" content=\"index, follow, max-snippet:-1, max-image-preview:large, max-video-preview:-1\" \/>\n<link rel=\"canonical\" href=\"https:\/\/joyasyasmin.com\/de\/producto\/omega-moonlight-ohrring\/\" \/>\n<meta property=\"og:locale\" content=\"de_DE\" \/>\n<meta property=\"og:title\" content=\"Omega Moonlight Ohrring - Yasmin\" \/>\n<meta property=\"og:description\" content=\"Ohrring &quot;Omega Moonlight&quot; aus 925er Sterlingsilber. Dieses Design kombiniert die Reinheit von Silber mit der Magie von farbigen Steinen.\" \/>\n<meta property=\"og:url\" content=\"https:\/\/joyasyasmin.com\/de\/producto\/omega-moonlight-ohrring\/\" \/>\n<meta property=\"og:site_name\" content=\"Yasmin\" \/>\n<meta property=\"article:publisher\" content=\"https:\/\/www.facebook.com\/Joyas-Yasmin-217664058934169\/\" \/>\n<meta property=\"article:modified_time\" content=\"2025-11-10T11:36:57+00:00\" \/>\n<meta property=\"og:image\" content=\"https:\/\/joyasyasmin.com\/wp-content\/uploads\/2024\/02\/pendiente-omega-luz-lunar-de-plata.jpg\" \/>\n\t<meta property=\"og:image:width\" content=\"1000\" \/>\n\t<meta property=\"og:image:height\" content=\"1000\" \/>\n\t<meta property=\"og:image:type\" content=\"image\/jpeg\" \/>\n<meta name=\"twitter:card\" content=\"summary_large_image\" \/>\n<script type=\"application\/ld+json\" class=\"yoast-schema-graph\">{\"@context\":\"https:\/\/schema.org\",\"@graph\":[{\"@type\":[\"WebPage\",\"ItemPage\"],\"@id\":\"https:\/\/joyasyasmin.com\/de\/producto\/omega-moonlight-ohrring\/\",\"url\":\"https:\/\/joyasyasmin.com\/de\/producto\/omega-moonlight-ohrring\/\",\"name\":\"Omega Moonlight Ohrring - Yasmin\",\"isPartOf\":{\"@id\":\"https:\/\/joyasyasmin.com\/de\/#website\"},\"primaryImageOfPage\":{\"@id\":\"https:\/\/joyasyasmin.com\/de\/producto\/omega-moonlight-ohrring\/#primaryimage\"},\"image\":{\"@id\":\"https:\/\/joyasyasmin.com\/de\/producto\/omega-moonlight-ohrring\/#primaryimage\"},\"thumbnailUrl\":\"https:\/\/joyasyasmin.com\/wp-content\/uploads\/2024\/02\/pendiente-omega-luz-lunar-de-plata.jpg\",\"datePublished\":\"2024-02-26T10:20:25+00:00\",\"dateModified\":\"2025-11-10T11:36:57+00:00\",\"description\":\"Ohrring \\\"Omega Moonlight\\\" aus 925er Sterlingsilber. Dieses Design kombiniert die Reinheit von Silber mit der Magie von farbigen Steinen.\",\"breadcrumb\":{\"@id\":\"https:\/\/joyasyasmin.com\/de\/producto\/omega-moonlight-ohrring\/#breadcrumb\"},\"inLanguage\":\"de\",\"potentialAction\":[{\"@type\":\"ReadAction\",\"target\":[\"https:\/\/joyasyasmin.com\/de\/producto\/omega-moonlight-ohrring\/\"]}]},{\"@type\":\"ImageObject\",\"inLanguage\":\"de\",\"@id\":\"https:\/\/joyasyasmin.com\/de\/producto\/omega-moonlight-ohrring\/#primaryimage\",\"url\":\"https:\/\/joyasyasmin.com\/wp-content\/uploads\/2024\/02\/pendiente-omega-luz-lunar-de-plata.jpg\",\"contentUrl\":\"https:\/\/joyasyasmin.com\/wp-content\/uploads\/2024\/02\/pendiente-omega-luz-lunar-de-plata.jpg\",\"width\":1000,\"height\":1000,\"caption\":\"Verkauf von 925 Sterling Silber Mondlicht Omega Ohrring mit farbigen Steinen\"},{\"@type\":\"BreadcrumbList\",\"@id\":\"https:\/\/joyasyasmin.com\/de\/producto\/omega-moonlight-ohrring\/#breadcrumb\",\"itemListElement\":[{\"@type\":\"ListItem\",\"position\":1,\"name\":\"Portada\",\"item\":\"https:\/\/joyasyasmin.com\/de\/heim\/\"},{\"@type\":\"ListItem\",\"position\":2,\"name\":\"Shop\",\"item\":\"https:\/\/joyasyasmin.com\/de\/shop\/\"},{\"@type\":\"ListItem\",\"position\":3,\"name\":\"Omega Moonlight Ohrring\"}]},{\"@type\":\"WebSite\",\"@id\":\"https:\/\/joyasyasmin.com\/de\/#website\",\"url\":\"https:\/\/joyasyasmin.com\/de\/\",\"name\":\"Yasmin\",\"description\":\"Joyer\u00eda de Plata 925 - Pendientes, pulseras, anillos, colgantes y m\u00e1s!\",\"publisher\":{\"@id\":\"https:\/\/joyasyasmin.com\/de\/#organization\"},\"potentialAction\":[{\"@type\":\"SearchAction\",\"target\":{\"@type\":\"EntryPoint\",\"urlTemplate\":\"https:\/\/joyasyasmin.com\/de\/?s={search_term_string}\"},\"query-input\":{\"@type\":\"PropertyValueSpecification\",\"valueRequired\":true,\"valueName\":\"search_term_string\"}}],\"inLanguage\":\"de\"},{\"@type\":\"Organization\",\"@id\":\"https:\/\/joyasyasmin.com\/de\/#organization\",\"name\":\"joyas yasmin\",\"url\":\"https:\/\/joyasyasmin.com\/de\/\",\"logo\":{\"@type\":\"ImageObject\",\"inLanguage\":\"de\",\"@id\":\"https:\/\/joyasyasmin.com\/de\/#\/schema\/logo\/image\/\",\"url\":\"https:\/\/joyasyasmin.com\/wp-content\/uploads\/2017\/06\/IMG-20200429-WA0051.jpg\",\"contentUrl\":\"https:\/\/joyasyasmin.com\/wp-content\/uploads\/2017\/06\/IMG-20200429-WA0051.jpg\",\"width\":1080,\"height\":545,\"caption\":\"joyas yasmin\"},\"image\":{\"@id\":\"https:\/\/joyasyasmin.com\/de\/#\/schema\/logo\/image\/\"},\"sameAs\":[\"https:\/\/www.facebook.com\/Joyas-Yasmin-217664058934169\/\",\"https:\/\/www.instagram.com\/invites\/contact\/\"]}]}<\/script>\n<!-- \/ Yoast SEO plugin. -->","yoast_head_json":{"title":"Omega Moonlight Ohrring - Yasmin","description":"Ohrring \"Omega Moonlight\" aus 925er Sterlingsilber. Dieses Design kombiniert die Reinheit von Silber mit der Magie von farbigen Steinen.","robots":{"index":"index","follow":"follow","max-snippet":"max-snippet:-1","max-image-preview":"max-image-preview:large","max-video-preview":"max-video-preview:-1"},"canonical":"https:\/\/joyasyasmin.com\/de\/producto\/omega-moonlight-ohrring\/","og_locale":"de_DE","og_title":"Omega Moonlight Ohrring - Yasmin","og_description":"Ohrring \"Omega Moonlight\" aus 925er Sterlingsilber. Dieses Design kombiniert die Reinheit von Silber mit der Magie von farbigen Steinen.","og_url":"https:\/\/joyasyasmin.com\/de\/producto\/omega-moonlight-ohrring\/","og_site_name":"Yasmin","article_publisher":"https:\/\/www.facebook.com\/Joyas-Yasmin-217664058934169\/","article_modified_time":"2025-11-10T11:36:57+00:00","og_image":[{"width":1000,"height":1000,"url":"https:\/\/joyasyasmin.com\/wp-content\/uploads\/2024\/02\/pendiente-omega-luz-lunar-de-plata.jpg","type":"image\/jpeg"}],"twitter_card":"summary_large_image","schema":{"@context":"https:\/\/schema.org","@graph":[{"@type":["WebPage","ItemPage"],"@id":"https:\/\/joyasyasmin.com\/de\/producto\/omega-moonlight-ohrring\/","url":"https:\/\/joyasyasmin.com\/de\/producto\/omega-moonlight-ohrring\/","name":"Omega Moonlight Ohrring - Yasmin","isPartOf":{"@id":"https:\/\/joyasyasmin.com\/de\/#website"},"primaryImageOfPage":{"@id":"https:\/\/joyasyasmin.com\/de\/producto\/omega-moonlight-ohrring\/#primaryimage"},"image":{"@id":"https:\/\/joyasyasmin.com\/de\/producto\/omega-moonlight-ohrring\/#primaryimage"},"thumbnailUrl":"https:\/\/joyasyasmin.com\/wp-content\/uploads\/2024\/02\/pendiente-omega-luz-lunar-de-plata.jpg","datePublished":"2024-02-26T10:20:25+00:00","dateModified":"2025-11-10T11:36:57+00:00","description":"Ohrring \"Omega Moonlight\" aus 925er Sterlingsilber. Dieses Design kombiniert die Reinheit von Silber mit der Magie von farbigen Steinen.","breadcrumb":{"@id":"https:\/\/joyasyasmin.com\/de\/producto\/omega-moonlight-ohrring\/#breadcrumb"},"inLanguage":"de","potentialAction":[{"@type":"ReadAction","target":["https:\/\/joyasyasmin.com\/de\/producto\/omega-moonlight-ohrring\/"]}]},{"@type":"ImageObject","inLanguage":"de","@id":"https:\/\/joyasyasmin.com\/de\/producto\/omega-moonlight-ohrring\/#primaryimage","url":"https:\/\/joyasyasmin.com\/wp-content\/uploads\/2024\/02\/pendiente-omega-luz-lunar-de-plata.jpg","contentUrl":"https:\/\/joyasyasmin.com\/wp-content\/uploads\/2024\/02\/pendiente-omega-luz-lunar-de-plata.jpg","width":1000,"height":1000,"caption":"Verkauf von 925 Sterling Silber Mondlicht Omega Ohrring mit farbigen Steinen"},{"@type":"BreadcrumbList","@id":"https:\/\/joyasyasmin.com\/de\/producto\/omega-moonlight-ohrring\/#breadcrumb","itemListElement":[{"@type":"ListItem","position":1,"name":"Portada","item":"https:\/\/joyasyasmin.com\/de\/heim\/"},{"@type":"ListItem","position":2,"name":"Shop","item":"https:\/\/joyasyasmin.com\/de\/shop\/"},{"@type":"ListItem","position":3,"name":"Omega Moonlight Ohrring"}]},{"@type":"WebSite","@id":"https:\/\/joyasyasmin.com\/de\/#website","url":"https:\/\/joyasyasmin.com\/de\/","name":"Yasmin","description":"Joyer\u00eda de Plata 925 - Pendientes, pulseras, anillos, colgantes y m\u00e1s!","publisher":{"@id":"https:\/\/joyasyasmin.com\/de\/#organization"},"potentialAction":[{"@type":"SearchAction","target":{"@type":"EntryPoint","urlTemplate":"https:\/\/joyasyasmin.com\/de\/?s={search_term_string}"},"query-input":{"@type":"PropertyValueSpecification","valueRequired":true,"valueName":"search_term_string"}}],"inLanguage":"de"},{"@type":"Organization","@id":"https:\/\/joyasyasmin.com\/de\/#organization","name":"joyas yasmin","url":"https:\/\/joyasyasmin.com\/de\/","logo":{"@type":"ImageObject","inLanguage":"de","@id":"https:\/\/joyasyasmin.com\/de\/#\/schema\/logo\/image\/","url":"https:\/\/joyasyasmin.com\/wp-content\/uploads\/2017\/06\/IMG-20200429-WA0051.jpg","contentUrl":"https:\/\/joyasyasmin.com\/wp-content\/uploads\/2017\/06\/IMG-20200429-WA0051.jpg","width":1080,"height":545,"caption":"joyas yasmin"},"image":{"@id":"https:\/\/joyasyasmin.com\/de\/#\/schema\/logo\/image\/"},"sameAs":["https:\/\/www.facebook.com\/Joyas-Yasmin-217664058934169\/","https:\/\/www.instagram.com\/invites\/contact\/"]}]}},"_links":{"self":[{"href":"https:\/\/joyasyasmin.com\/de\/wp-json\/wp\/v2\/product\/21468","targetHints":{"allow":["GET"]}}],"collection":[{"href":"https:\/\/joyasyasmin.com\/de\/wp-json\/wp\/v2\/product"}],"about":[{"href":"https:\/\/joyasyasmin.com\/de\/wp-json\/wp\/v2\/types\/product"}],"replies":[{"embeddable":true,"href":"https:\/\/joyasyasmin.com\/de\/wp-json\/wp\/v2\/comments?post=21468"}],"version-history":[{"count":1,"href":"https:\/\/joyasyasmin.com\/de\/wp-json\/wp\/v2\/product\/21468\/revisions"}],"predecessor-version":[{"id":35907,"href":"https:\/\/joyasyasmin.com\/de\/wp-json\/wp\/v2\/product\/21468\/revisions\/35907"}],"wp:featuredmedia":[{"embeddable":true,"href":"https:\/\/joyasyasmin.com\/de\/wp-json\/wp\/v2\/media\/21472"}],"wp:attachment":[{"href":"https:\/\/joyasyasmin.com\/de\/wp-json\/wp\/v2\/media?parent=21468"}],"wp:term":[{"taxonomy":"product_brand","embeddable":true,"href":"https:\/\/joyasyasmin.com\/de\/wp-json\/wp\/v2\/product_brand?post=21468"},{"taxonomy":"product_cat","embeddable":true,"href":"https:\/\/joyasyasmin.com\/de\/wp-json\/wp\/v2\/product_cat?post=21468"},{"taxonomy":"product_tag","embeddable":true,"href":"https:\/\/joyasyasmin.com\/de\/wp-json\/wp\/v2\/product_tag?post=21468"}],"curies":[{"name":"wp","href":"https:\/\/api.w.org\/{rel}","templated":true}]}}