{"id":21507,"date":"2024-02-26T10:59:00","date_gmt":"2024-02-26T10:59:00","guid":{"rendered":"https:\/\/joyasyasmin.com\/producto\/omega-night-glow-ohrring\/"},"modified":"2025-01-16T19:21:59","modified_gmt":"2025-01-16T19:21:59","slug":"omega-night-glow-ohrring","status":"publish","type":"product","link":"https:\/\/joyasyasmin.com\/de\/producto\/omega-night-glow-ohrring\/","title":{"rendered":"Omega Night Glow Ohrring"},"content":{"rendered":"","protected":false},"excerpt":{"rendered":"<p>Lassen Sie sich vom himmlischen Charme unseres Ohrrings &#8222;Omega Night Glow&#8220; in den Bann ziehen. Der Name &#8222;Omega&#8220; beschw\u00f6rt Ewigkeit und Perfektion, w\u00e4hrend &#8222;Night Glow&#8220; die Faszination der Nacht und ihre geheimnisvolle Sch\u00f6nheit suggeriert. Mit einer Breite von 8 mm entf\u00fchrt Sie dieses schillernde silberne Accessoire mit seinem Material aus 925er Sterlingsilber in eine Welt voller Eleganz und Geheimnisse. Das Design dieses Ohrrings besteht aus einer Reihe ovaler farbiger Steine, die sorgf\u00e4ltig ausgew\u00e4hlt wurden, um die Magie der sternenklaren Nacht heraufzubeschw\u00f6ren. Diese Steine funkeln in tiefen und faszinierenden Farbt\u00f6nen und verleihen Ihrem Look einen Hauch von Geheimnis und Raffinesse.  <\/p>\n<p>&nbsp;<\/p>\n","protected":false},"featured_media":21511,"comment_status":"open","ping_status":"closed","template":"","meta":{"_acf_changed":false,"_joinchat":[]},"product_brand":[],"product_cat":[1770],"product_tag":[2255,2256],"class_list":{"0":"post-21507","1":"product","2":"type-product","3":"status-publish","4":"has-post-thumbnail","6":"product_cat-ohrringe-und-ohrringe","7":"product_tag-omega-night-glow-ohrring","8":"product_tag-silberner-ohrring-mit-omega-verschluss","10":"first","11":"instock","12":"shipping-taxable","13":"purchasable","14":"product-type-simple"},"acf":[],"yoast_head":"<!-- This site is optimized with the Yoast SEO plugin v27.2 - https:\/\/yoast.com\/product\/yoast-seo-wordpress\/ -->\n<title>Omega Night Glow Ohrring - Yasmin<\/title>\n<meta name=\"description\" content=\"Ohrring &quot;Omega Night Glow&quot;. Der Name &quot;Omega&quot; beschw\u00f6rt Ewigkeit und Perfektion, w\u00e4hrend &quot;Night Glow&quot; die Faszination der Nacht suggeriert.\" \/>\n<meta name=\"robots\" content=\"index, follow, max-snippet:-1, max-image-preview:large, max-video-preview:-1\" \/>\n<link rel=\"canonical\" href=\"https:\/\/joyasyasmin.com\/de\/producto\/omega-night-glow-ohrring\/\" \/>\n<meta property=\"og:locale\" content=\"de_DE\" \/>\n<meta property=\"og:title\" content=\"Omega Night Glow Ohrring - Yasmin\" \/>\n<meta property=\"og:description\" content=\"Ohrring &quot;Omega Night Glow&quot;. Der Name &quot;Omega&quot; beschw\u00f6rt Ewigkeit und Perfektion, w\u00e4hrend &quot;Night Glow&quot; die Faszination der Nacht suggeriert.\" \/>\n<meta property=\"og:url\" content=\"https:\/\/joyasyasmin.com\/de\/producto\/omega-night-glow-ohrring\/\" \/>\n<meta property=\"og:site_name\" content=\"Yasmin\" \/>\n<meta property=\"article:publisher\" content=\"https:\/\/www.facebook.com\/Joyas-Yasmin-217664058934169\/\" \/>\n<meta property=\"article:modified_time\" content=\"2025-01-16T19:21:59+00:00\" \/>\n<meta property=\"og:image\" content=\"https:\/\/joyasyasmin.com\/wp-content\/uploads\/2024\/02\/pendiente-omega-brillo-nocturno-de-plata.jpg\" \/>\n\t<meta property=\"og:image:width\" content=\"1000\" \/>\n\t<meta property=\"og:image:height\" content=\"1000\" \/>\n\t<meta property=\"og:image:type\" content=\"image\/jpeg\" \/>\n<meta name=\"twitter:card\" content=\"summary_large_image\" \/>\n<script type=\"application\/ld+json\" class=\"yoast-schema-graph\">{\"@context\":\"https:\/\/schema.org\",\"@graph\":[{\"@type\":[\"WebPage\",\"ItemPage\"],\"@id\":\"https:\/\/joyasyasmin.com\/de\/producto\/omega-night-glow-ohrring\/\",\"url\":\"https:\/\/joyasyasmin.com\/de\/producto\/omega-night-glow-ohrring\/\",\"name\":\"Omega Night Glow Ohrring - Yasmin\",\"isPartOf\":{\"@id\":\"https:\/\/joyasyasmin.com\/de\/#website\"},\"primaryImageOfPage\":{\"@id\":\"https:\/\/joyasyasmin.com\/de\/producto\/omega-night-glow-ohrring\/#primaryimage\"},\"image\":{\"@id\":\"https:\/\/joyasyasmin.com\/de\/producto\/omega-night-glow-ohrring\/#primaryimage\"},\"thumbnailUrl\":\"https:\/\/joyasyasmin.com\/wp-content\/uploads\/2024\/02\/pendiente-omega-brillo-nocturno-de-plata.jpg\",\"datePublished\":\"2024-02-26T10:59:00+00:00\",\"dateModified\":\"2025-01-16T19:21:59+00:00\",\"description\":\"Ohrring \\\"Omega Night Glow\\\". Der Name \\\"Omega\\\" beschw\u00f6rt Ewigkeit und Perfektion, w\u00e4hrend \\\"Night Glow\\\" die Faszination der Nacht suggeriert.\",\"breadcrumb\":{\"@id\":\"https:\/\/joyasyasmin.com\/de\/producto\/omega-night-glow-ohrring\/#breadcrumb\"},\"inLanguage\":\"de\",\"potentialAction\":[{\"@type\":\"ReadAction\",\"target\":[\"https:\/\/joyasyasmin.com\/de\/producto\/omega-night-glow-ohrring\/\"]}]},{\"@type\":\"ImageObject\",\"inLanguage\":\"de\",\"@id\":\"https:\/\/joyasyasmin.com\/de\/producto\/omega-night-glow-ohrring\/#primaryimage\",\"url\":\"https:\/\/joyasyasmin.com\/wp-content\/uploads\/2024\/02\/pendiente-omega-brillo-nocturno-de-plata.jpg\",\"contentUrl\":\"https:\/\/joyasyasmin.com\/wp-content\/uploads\/2024\/02\/pendiente-omega-brillo-nocturno-de-plata.jpg\",\"width\":1000,\"height\":1000,\"caption\":\"Omega Night Shine Ohrring zum Verkauf in 925 Sterling Silber mit farbigen Steinen\"},{\"@type\":\"BreadcrumbList\",\"@id\":\"https:\/\/joyasyasmin.com\/de\/producto\/omega-night-glow-ohrring\/#breadcrumb\",\"itemListElement\":[{\"@type\":\"ListItem\",\"position\":1,\"name\":\"Portada\",\"item\":\"https:\/\/joyasyasmin.com\/de\/heim\/\"},{\"@type\":\"ListItem\",\"position\":2,\"name\":\"Shop\",\"item\":\"https:\/\/joyasyasmin.com\/de\/shop\/\"},{\"@type\":\"ListItem\",\"position\":3,\"name\":\"Omega Night Glow Ohrring\"}]},{\"@type\":\"WebSite\",\"@id\":\"https:\/\/joyasyasmin.com\/de\/#website\",\"url\":\"https:\/\/joyasyasmin.com\/de\/\",\"name\":\"Yasmin\",\"description\":\"Joyer\u00eda de Plata 925 - Pendientes, pulseras, anillos, colgantes y m\u00e1s!\",\"publisher\":{\"@id\":\"https:\/\/joyasyasmin.com\/de\/#organization\"},\"potentialAction\":[{\"@type\":\"SearchAction\",\"target\":{\"@type\":\"EntryPoint\",\"urlTemplate\":\"https:\/\/joyasyasmin.com\/de\/?s={search_term_string}\"},\"query-input\":{\"@type\":\"PropertyValueSpecification\",\"valueRequired\":true,\"valueName\":\"search_term_string\"}}],\"inLanguage\":\"de\"},{\"@type\":\"Organization\",\"@id\":\"https:\/\/joyasyasmin.com\/de\/#organization\",\"name\":\"joyas yasmin\",\"url\":\"https:\/\/joyasyasmin.com\/de\/\",\"logo\":{\"@type\":\"ImageObject\",\"inLanguage\":\"de\",\"@id\":\"https:\/\/joyasyasmin.com\/de\/#\/schema\/logo\/image\/\",\"url\":\"https:\/\/joyasyasmin.com\/wp-content\/uploads\/2017\/06\/IMG-20200429-WA0051.jpg\",\"contentUrl\":\"https:\/\/joyasyasmin.com\/wp-content\/uploads\/2017\/06\/IMG-20200429-WA0051.jpg\",\"width\":1080,\"height\":545,\"caption\":\"joyas yasmin\"},\"image\":{\"@id\":\"https:\/\/joyasyasmin.com\/de\/#\/schema\/logo\/image\/\"},\"sameAs\":[\"https:\/\/www.facebook.com\/Joyas-Yasmin-217664058934169\/\",\"https:\/\/www.instagram.com\/invites\/contact\/\"]}]}<\/script>\n<!-- \/ Yoast SEO plugin. -->","yoast_head_json":{"title":"Omega Night Glow Ohrring - Yasmin","description":"Ohrring \"Omega Night Glow\". Der Name \"Omega\" beschw\u00f6rt Ewigkeit und Perfektion, w\u00e4hrend \"Night Glow\" die Faszination der Nacht suggeriert.","robots":{"index":"index","follow":"follow","max-snippet":"max-snippet:-1","max-image-preview":"max-image-preview:large","max-video-preview":"max-video-preview:-1"},"canonical":"https:\/\/joyasyasmin.com\/de\/producto\/omega-night-glow-ohrring\/","og_locale":"de_DE","og_title":"Omega Night Glow Ohrring - Yasmin","og_description":"Ohrring \"Omega Night Glow\". Der Name \"Omega\" beschw\u00f6rt Ewigkeit und Perfektion, w\u00e4hrend \"Night Glow\" die Faszination der Nacht suggeriert.","og_url":"https:\/\/joyasyasmin.com\/de\/producto\/omega-night-glow-ohrring\/","og_site_name":"Yasmin","article_publisher":"https:\/\/www.facebook.com\/Joyas-Yasmin-217664058934169\/","article_modified_time":"2025-01-16T19:21:59+00:00","og_image":[{"width":1000,"height":1000,"url":"https:\/\/joyasyasmin.com\/wp-content\/uploads\/2024\/02\/pendiente-omega-brillo-nocturno-de-plata.jpg","type":"image\/jpeg"}],"twitter_card":"summary_large_image","schema":{"@context":"https:\/\/schema.org","@graph":[{"@type":["WebPage","ItemPage"],"@id":"https:\/\/joyasyasmin.com\/de\/producto\/omega-night-glow-ohrring\/","url":"https:\/\/joyasyasmin.com\/de\/producto\/omega-night-glow-ohrring\/","name":"Omega Night Glow Ohrring - Yasmin","isPartOf":{"@id":"https:\/\/joyasyasmin.com\/de\/#website"},"primaryImageOfPage":{"@id":"https:\/\/joyasyasmin.com\/de\/producto\/omega-night-glow-ohrring\/#primaryimage"},"image":{"@id":"https:\/\/joyasyasmin.com\/de\/producto\/omega-night-glow-ohrring\/#primaryimage"},"thumbnailUrl":"https:\/\/joyasyasmin.com\/wp-content\/uploads\/2024\/02\/pendiente-omega-brillo-nocturno-de-plata.jpg","datePublished":"2024-02-26T10:59:00+00:00","dateModified":"2025-01-16T19:21:59+00:00","description":"Ohrring \"Omega Night Glow\". Der Name \"Omega\" beschw\u00f6rt Ewigkeit und Perfektion, w\u00e4hrend \"Night Glow\" die Faszination der Nacht suggeriert.","breadcrumb":{"@id":"https:\/\/joyasyasmin.com\/de\/producto\/omega-night-glow-ohrring\/#breadcrumb"},"inLanguage":"de","potentialAction":[{"@type":"ReadAction","target":["https:\/\/joyasyasmin.com\/de\/producto\/omega-night-glow-ohrring\/"]}]},{"@type":"ImageObject","inLanguage":"de","@id":"https:\/\/joyasyasmin.com\/de\/producto\/omega-night-glow-ohrring\/#primaryimage","url":"https:\/\/joyasyasmin.com\/wp-content\/uploads\/2024\/02\/pendiente-omega-brillo-nocturno-de-plata.jpg","contentUrl":"https:\/\/joyasyasmin.com\/wp-content\/uploads\/2024\/02\/pendiente-omega-brillo-nocturno-de-plata.jpg","width":1000,"height":1000,"caption":"Omega Night Shine Ohrring zum Verkauf in 925 Sterling Silber mit farbigen Steinen"},{"@type":"BreadcrumbList","@id":"https:\/\/joyasyasmin.com\/de\/producto\/omega-night-glow-ohrring\/#breadcrumb","itemListElement":[{"@type":"ListItem","position":1,"name":"Portada","item":"https:\/\/joyasyasmin.com\/de\/heim\/"},{"@type":"ListItem","position":2,"name":"Shop","item":"https:\/\/joyasyasmin.com\/de\/shop\/"},{"@type":"ListItem","position":3,"name":"Omega Night Glow Ohrring"}]},{"@type":"WebSite","@id":"https:\/\/joyasyasmin.com\/de\/#website","url":"https:\/\/joyasyasmin.com\/de\/","name":"Yasmin","description":"Joyer\u00eda de Plata 925 - Pendientes, pulseras, anillos, colgantes y m\u00e1s!","publisher":{"@id":"https:\/\/joyasyasmin.com\/de\/#organization"},"potentialAction":[{"@type":"SearchAction","target":{"@type":"EntryPoint","urlTemplate":"https:\/\/joyasyasmin.com\/de\/?s={search_term_string}"},"query-input":{"@type":"PropertyValueSpecification","valueRequired":true,"valueName":"search_term_string"}}],"inLanguage":"de"},{"@type":"Organization","@id":"https:\/\/joyasyasmin.com\/de\/#organization","name":"joyas yasmin","url":"https:\/\/joyasyasmin.com\/de\/","logo":{"@type":"ImageObject","inLanguage":"de","@id":"https:\/\/joyasyasmin.com\/de\/#\/schema\/logo\/image\/","url":"https:\/\/joyasyasmin.com\/wp-content\/uploads\/2017\/06\/IMG-20200429-WA0051.jpg","contentUrl":"https:\/\/joyasyasmin.com\/wp-content\/uploads\/2017\/06\/IMG-20200429-WA0051.jpg","width":1080,"height":545,"caption":"joyas yasmin"},"image":{"@id":"https:\/\/joyasyasmin.com\/de\/#\/schema\/logo\/image\/"},"sameAs":["https:\/\/www.facebook.com\/Joyas-Yasmin-217664058934169\/","https:\/\/www.instagram.com\/invites\/contact\/"]}]}},"_links":{"self":[{"href":"https:\/\/joyasyasmin.com\/de\/wp-json\/wp\/v2\/product\/21507","targetHints":{"allow":["GET"]}}],"collection":[{"href":"https:\/\/joyasyasmin.com\/de\/wp-json\/wp\/v2\/product"}],"about":[{"href":"https:\/\/joyasyasmin.com\/de\/wp-json\/wp\/v2\/types\/product"}],"replies":[{"embeddable":true,"href":"https:\/\/joyasyasmin.com\/de\/wp-json\/wp\/v2\/comments?post=21507"}],"version-history":[{"count":1,"href":"https:\/\/joyasyasmin.com\/de\/wp-json\/wp\/v2\/product\/21507\/revisions"}],"predecessor-version":[{"id":29558,"href":"https:\/\/joyasyasmin.com\/de\/wp-json\/wp\/v2\/product\/21507\/revisions\/29558"}],"wp:featuredmedia":[{"embeddable":true,"href":"https:\/\/joyasyasmin.com\/de\/wp-json\/wp\/v2\/media\/21511"}],"wp:attachment":[{"href":"https:\/\/joyasyasmin.com\/de\/wp-json\/wp\/v2\/media?parent=21507"}],"wp:term":[{"taxonomy":"product_brand","embeddable":true,"href":"https:\/\/joyasyasmin.com\/de\/wp-json\/wp\/v2\/product_brand?post=21507"},{"taxonomy":"product_cat","embeddable":true,"href":"https:\/\/joyasyasmin.com\/de\/wp-json\/wp\/v2\/product_cat?post=21507"},{"taxonomy":"product_tag","embeddable":true,"href":"https:\/\/joyasyasmin.com\/de\/wp-json\/wp\/v2\/product_tag?post=21507"}],"curies":[{"name":"wp","href":"https:\/\/api.w.org\/{rel}","templated":true}]}}