{"id":21571,"date":"2024-04-09T09:38:48","date_gmt":"2024-04-09T09:38:48","guid":{"rendered":"https:\/\/joyasyasmin.com\/producto\/silberner-memory-photo-holder-anhaenger\/"},"modified":"2025-11-10T11:30:52","modified_gmt":"2025-11-10T11:30:52","slug":"silberner-memory-photo-holder-anhaenger","status":"publish","type":"product","link":"https:\/\/joyasyasmin.com\/de\/producto\/silberner-memory-photo-holder-anhaenger\/","title":{"rendered":"Silberner Memory Photo Holder Anh\u00e4nger"},"content":{"rendered":"","protected":false},"excerpt":{"rendered":"<p>Wir stellen Ihnen den exquisiten Fotoanh\u00e4nger &#8222;Silver Memory&#8220; vor! Dieses zarte Accessoire aus 925er Sterlingsilber mit den Ma\u00dfen 2 cm ist ein wahres Schmuckst\u00fcck, das Eleganz und Funktionalit\u00e4t vereint. Sein einzigartiges Design erm\u00f6glicht es, es leicht zu \u00f6ffnen, um Ihr Lieblingsfoto einzuf\u00fcgen, was es zu einem sentimentalen Schatz macht, den Sie \u00fcberall hin mitnehmen k\u00f6nnen.<\/p>\n<p>Der Anh\u00e4nger &#8222;Silver Memory&#8220; kann auf zwei Arten erworben werden: als Einzelst\u00fcck oder begleitet von einer 45 cm langen Kette. Diese zus\u00e4tzliche Option unterstreicht seine Sch\u00f6nheit und macht es perfekt, um es zu jeder Gelegenheit zu tragen. Mit seiner gl\u00e4nzenden und polierten Oberfl\u00e4che ist dieser Anh\u00e4nger nicht nur ein atemberaubendes Accessoire, sondern auch ein bedeutungsvolles Geschenk f\u00fcr Ihre Lieben.<\/p>\n","protected":false},"featured_media":21575,"comment_status":"open","ping_status":"closed","template":"","meta":{"_acf_changed":false,"_joinchat":[]},"product_brand":[],"product_cat":[1874],"product_tag":[],"class_list":{"0":"post-21571","1":"product","2":"type-product","3":"status-publish","4":"has-post-thumbnail","6":"product_cat-anhanger","8":"first","9":"instock","10":"shipping-taxable","11":"purchasable","12":"product-type-variable"},"acf":[],"yoast_head":"<!-- This site is optimized with the Yoast SEO plugin v27.2 - https:\/\/yoast.com\/product\/yoast-seo-wordpress\/ -->\n<title>Silberner Memory Photo Holder Anh\u00e4nger - Yasmin<\/title>\n<meta name=\"description\" content=\"Silberner Memory-Fotoanh\u00e4nger Dieses zarte Accessoire aus 925er Silber mit einer Gr\u00f6\u00dfe von 2 cm ist ein wahres Schmuckst\u00fcck, das Eleganz und Stil vereint.\" \/>\n<meta name=\"robots\" content=\"index, follow, max-snippet:-1, max-image-preview:large, max-video-preview:-1\" \/>\n<link rel=\"canonical\" href=\"https:\/\/joyasyasmin.com\/de\/producto\/silberner-memory-photo-holder-anhaenger\/\" \/>\n<meta property=\"og:locale\" content=\"de_DE\" \/>\n<meta property=\"og:title\" content=\"Silberner Memory Photo Holder Anh\u00e4nger - Yasmin\" \/>\n<meta property=\"og:description\" content=\"Silberner Memory-Fotoanh\u00e4nger Dieses zarte Accessoire aus 925er Silber mit einer Gr\u00f6\u00dfe von 2 cm ist ein wahres Schmuckst\u00fcck, das Eleganz und Stil vereint.\" \/>\n<meta property=\"og:url\" content=\"https:\/\/joyasyasmin.com\/de\/producto\/silberner-memory-photo-holder-anhaenger\/\" \/>\n<meta property=\"og:site_name\" content=\"Yasmin\" \/>\n<meta property=\"article:publisher\" content=\"https:\/\/www.facebook.com\/Joyas-Yasmin-217664058934169\/\" \/>\n<meta property=\"article:modified_time\" content=\"2025-11-10T11:30:52+00:00\" \/>\n<meta property=\"og:image\" content=\"https:\/\/joyasyasmin.com\/wp-content\/uploads\/2024\/04\/portafoto-corazon-de-plata.jpg\" \/>\n\t<meta property=\"og:image:width\" content=\"1000\" \/>\n\t<meta property=\"og:image:height\" content=\"1000\" \/>\n\t<meta property=\"og:image:type\" content=\"image\/jpeg\" \/>\n<meta name=\"twitter:card\" content=\"summary_large_image\" \/>\n<script type=\"application\/ld+json\" class=\"yoast-schema-graph\">{\"@context\":\"https:\/\/schema.org\",\"@graph\":[{\"@type\":[\"WebPage\",\"ItemPage\"],\"@id\":\"https:\/\/joyasyasmin.com\/de\/producto\/silberner-memory-photo-holder-anhaenger\/\",\"url\":\"https:\/\/joyasyasmin.com\/de\/producto\/silberner-memory-photo-holder-anhaenger\/\",\"name\":\"Silberner Memory Photo Holder Anh\u00e4nger - Yasmin\",\"isPartOf\":{\"@id\":\"https:\/\/joyasyasmin.com\/de\/#website\"},\"primaryImageOfPage\":{\"@id\":\"https:\/\/joyasyasmin.com\/de\/producto\/silberner-memory-photo-holder-anhaenger\/#primaryimage\"},\"image\":{\"@id\":\"https:\/\/joyasyasmin.com\/de\/producto\/silberner-memory-photo-holder-anhaenger\/#primaryimage\"},\"thumbnailUrl\":\"https:\/\/joyasyasmin.com\/wp-content\/uploads\/2024\/04\/portafoto-corazon-de-plata.jpg\",\"datePublished\":\"2024-04-09T09:38:48+00:00\",\"dateModified\":\"2025-11-10T11:30:52+00:00\",\"description\":\"Silberner Memory-Fotoanh\u00e4nger Dieses zarte Accessoire aus 925er Silber mit einer Gr\u00f6\u00dfe von 2 cm ist ein wahres Schmuckst\u00fcck, das Eleganz und Stil vereint.\",\"breadcrumb\":{\"@id\":\"https:\/\/joyasyasmin.com\/de\/producto\/silberner-memory-photo-holder-anhaenger\/#breadcrumb\"},\"inLanguage\":\"de\",\"potentialAction\":[{\"@type\":\"ReadAction\",\"target\":[\"https:\/\/joyasyasmin.com\/de\/producto\/silberner-memory-photo-holder-anhaenger\/\"]}]},{\"@type\":\"ImageObject\",\"inLanguage\":\"de\",\"@id\":\"https:\/\/joyasyasmin.com\/de\/producto\/silberner-memory-photo-holder-anhaenger\/#primaryimage\",\"url\":\"https:\/\/joyasyasmin.com\/wp-content\/uploads\/2024\/04\/portafoto-corazon-de-plata.jpg\",\"contentUrl\":\"https:\/\/joyasyasmin.com\/wp-content\/uploads\/2024\/04\/portafoto-corazon-de-plata.jpg\",\"width\":1000,\"height\":1000,\"caption\":\"Silber Memory Anh\u00e4nger Foto Anh\u00e4nger ist ein Juwel aus 925 Sterling Silber\"},{\"@type\":\"BreadcrumbList\",\"@id\":\"https:\/\/joyasyasmin.com\/de\/producto\/silberner-memory-photo-holder-anhaenger\/#breadcrumb\",\"itemListElement\":[{\"@type\":\"ListItem\",\"position\":1,\"name\":\"Portada\",\"item\":\"https:\/\/joyasyasmin.com\/de\/heim\/\"},{\"@type\":\"ListItem\",\"position\":2,\"name\":\"Shop\",\"item\":\"https:\/\/joyasyasmin.com\/de\/shop\/\"},{\"@type\":\"ListItem\",\"position\":3,\"name\":\"Silberner Memory Photo Holder Anh\u00e4nger\"}]},{\"@type\":\"WebSite\",\"@id\":\"https:\/\/joyasyasmin.com\/de\/#website\",\"url\":\"https:\/\/joyasyasmin.com\/de\/\",\"name\":\"Yasmin\",\"description\":\"Joyer\u00eda de Plata 925 - Pendientes, pulseras, anillos, colgantes y m\u00e1s!\",\"publisher\":{\"@id\":\"https:\/\/joyasyasmin.com\/de\/#organization\"},\"potentialAction\":[{\"@type\":\"SearchAction\",\"target\":{\"@type\":\"EntryPoint\",\"urlTemplate\":\"https:\/\/joyasyasmin.com\/de\/?s={search_term_string}\"},\"query-input\":{\"@type\":\"PropertyValueSpecification\",\"valueRequired\":true,\"valueName\":\"search_term_string\"}}],\"inLanguage\":\"de\"},{\"@type\":\"Organization\",\"@id\":\"https:\/\/joyasyasmin.com\/de\/#organization\",\"name\":\"joyas yasmin\",\"url\":\"https:\/\/joyasyasmin.com\/de\/\",\"logo\":{\"@type\":\"ImageObject\",\"inLanguage\":\"de\",\"@id\":\"https:\/\/joyasyasmin.com\/de\/#\/schema\/logo\/image\/\",\"url\":\"https:\/\/joyasyasmin.com\/wp-content\/uploads\/2017\/06\/IMG-20200429-WA0051.jpg\",\"contentUrl\":\"https:\/\/joyasyasmin.com\/wp-content\/uploads\/2017\/06\/IMG-20200429-WA0051.jpg\",\"width\":1080,\"height\":545,\"caption\":\"joyas yasmin\"},\"image\":{\"@id\":\"https:\/\/joyasyasmin.com\/de\/#\/schema\/logo\/image\/\"},\"sameAs\":[\"https:\/\/www.facebook.com\/Joyas-Yasmin-217664058934169\/\",\"https:\/\/www.instagram.com\/invites\/contact\/\"]}]}<\/script>\n<!-- \/ Yoast SEO plugin. -->","yoast_head_json":{"title":"Silberner Memory Photo Holder Anh\u00e4nger - Yasmin","description":"Silberner Memory-Fotoanh\u00e4nger Dieses zarte Accessoire aus 925er Silber mit einer Gr\u00f6\u00dfe von 2 cm ist ein wahres Schmuckst\u00fcck, das Eleganz und Stil vereint.","robots":{"index":"index","follow":"follow","max-snippet":"max-snippet:-1","max-image-preview":"max-image-preview:large","max-video-preview":"max-video-preview:-1"},"canonical":"https:\/\/joyasyasmin.com\/de\/producto\/silberner-memory-photo-holder-anhaenger\/","og_locale":"de_DE","og_title":"Silberner Memory Photo Holder Anh\u00e4nger - Yasmin","og_description":"Silberner Memory-Fotoanh\u00e4nger Dieses zarte Accessoire aus 925er Silber mit einer Gr\u00f6\u00dfe von 2 cm ist ein wahres Schmuckst\u00fcck, das Eleganz und Stil vereint.","og_url":"https:\/\/joyasyasmin.com\/de\/producto\/silberner-memory-photo-holder-anhaenger\/","og_site_name":"Yasmin","article_publisher":"https:\/\/www.facebook.com\/Joyas-Yasmin-217664058934169\/","article_modified_time":"2025-11-10T11:30:52+00:00","og_image":[{"width":1000,"height":1000,"url":"https:\/\/joyasyasmin.com\/wp-content\/uploads\/2024\/04\/portafoto-corazon-de-plata.jpg","type":"image\/jpeg"}],"twitter_card":"summary_large_image","schema":{"@context":"https:\/\/schema.org","@graph":[{"@type":["WebPage","ItemPage"],"@id":"https:\/\/joyasyasmin.com\/de\/producto\/silberner-memory-photo-holder-anhaenger\/","url":"https:\/\/joyasyasmin.com\/de\/producto\/silberner-memory-photo-holder-anhaenger\/","name":"Silberner Memory Photo Holder Anh\u00e4nger - Yasmin","isPartOf":{"@id":"https:\/\/joyasyasmin.com\/de\/#website"},"primaryImageOfPage":{"@id":"https:\/\/joyasyasmin.com\/de\/producto\/silberner-memory-photo-holder-anhaenger\/#primaryimage"},"image":{"@id":"https:\/\/joyasyasmin.com\/de\/producto\/silberner-memory-photo-holder-anhaenger\/#primaryimage"},"thumbnailUrl":"https:\/\/joyasyasmin.com\/wp-content\/uploads\/2024\/04\/portafoto-corazon-de-plata.jpg","datePublished":"2024-04-09T09:38:48+00:00","dateModified":"2025-11-10T11:30:52+00:00","description":"Silberner Memory-Fotoanh\u00e4nger Dieses zarte Accessoire aus 925er Silber mit einer Gr\u00f6\u00dfe von 2 cm ist ein wahres Schmuckst\u00fcck, das Eleganz und Stil vereint.","breadcrumb":{"@id":"https:\/\/joyasyasmin.com\/de\/producto\/silberner-memory-photo-holder-anhaenger\/#breadcrumb"},"inLanguage":"de","potentialAction":[{"@type":"ReadAction","target":["https:\/\/joyasyasmin.com\/de\/producto\/silberner-memory-photo-holder-anhaenger\/"]}]},{"@type":"ImageObject","inLanguage":"de","@id":"https:\/\/joyasyasmin.com\/de\/producto\/silberner-memory-photo-holder-anhaenger\/#primaryimage","url":"https:\/\/joyasyasmin.com\/wp-content\/uploads\/2024\/04\/portafoto-corazon-de-plata.jpg","contentUrl":"https:\/\/joyasyasmin.com\/wp-content\/uploads\/2024\/04\/portafoto-corazon-de-plata.jpg","width":1000,"height":1000,"caption":"Silber Memory Anh\u00e4nger Foto Anh\u00e4nger ist ein Juwel aus 925 Sterling Silber"},{"@type":"BreadcrumbList","@id":"https:\/\/joyasyasmin.com\/de\/producto\/silberner-memory-photo-holder-anhaenger\/#breadcrumb","itemListElement":[{"@type":"ListItem","position":1,"name":"Portada","item":"https:\/\/joyasyasmin.com\/de\/heim\/"},{"@type":"ListItem","position":2,"name":"Shop","item":"https:\/\/joyasyasmin.com\/de\/shop\/"},{"@type":"ListItem","position":3,"name":"Silberner Memory Photo Holder Anh\u00e4nger"}]},{"@type":"WebSite","@id":"https:\/\/joyasyasmin.com\/de\/#website","url":"https:\/\/joyasyasmin.com\/de\/","name":"Yasmin","description":"Joyer\u00eda de Plata 925 - Pendientes, pulseras, anillos, colgantes y m\u00e1s!","publisher":{"@id":"https:\/\/joyasyasmin.com\/de\/#organization"},"potentialAction":[{"@type":"SearchAction","target":{"@type":"EntryPoint","urlTemplate":"https:\/\/joyasyasmin.com\/de\/?s={search_term_string}"},"query-input":{"@type":"PropertyValueSpecification","valueRequired":true,"valueName":"search_term_string"}}],"inLanguage":"de"},{"@type":"Organization","@id":"https:\/\/joyasyasmin.com\/de\/#organization","name":"joyas yasmin","url":"https:\/\/joyasyasmin.com\/de\/","logo":{"@type":"ImageObject","inLanguage":"de","@id":"https:\/\/joyasyasmin.com\/de\/#\/schema\/logo\/image\/","url":"https:\/\/joyasyasmin.com\/wp-content\/uploads\/2017\/06\/IMG-20200429-WA0051.jpg","contentUrl":"https:\/\/joyasyasmin.com\/wp-content\/uploads\/2017\/06\/IMG-20200429-WA0051.jpg","width":1080,"height":545,"caption":"joyas yasmin"},"image":{"@id":"https:\/\/joyasyasmin.com\/de\/#\/schema\/logo\/image\/"},"sameAs":["https:\/\/www.facebook.com\/Joyas-Yasmin-217664058934169\/","https:\/\/www.instagram.com\/invites\/contact\/"]}]}},"_links":{"self":[{"href":"https:\/\/joyasyasmin.com\/de\/wp-json\/wp\/v2\/product\/21571","targetHints":{"allow":["GET"]}}],"collection":[{"href":"https:\/\/joyasyasmin.com\/de\/wp-json\/wp\/v2\/product"}],"about":[{"href":"https:\/\/joyasyasmin.com\/de\/wp-json\/wp\/v2\/types\/product"}],"replies":[{"embeddable":true,"href":"https:\/\/joyasyasmin.com\/de\/wp-json\/wp\/v2\/comments?post=21571"}],"version-history":[{"count":1,"href":"https:\/\/joyasyasmin.com\/de\/wp-json\/wp\/v2\/product\/21571\/revisions"}],"predecessor-version":[{"id":35726,"href":"https:\/\/joyasyasmin.com\/de\/wp-json\/wp\/v2\/product\/21571\/revisions\/35726"}],"wp:featuredmedia":[{"embeddable":true,"href":"https:\/\/joyasyasmin.com\/de\/wp-json\/wp\/v2\/media\/21575"}],"wp:attachment":[{"href":"https:\/\/joyasyasmin.com\/de\/wp-json\/wp\/v2\/media?parent=21571"}],"wp:term":[{"taxonomy":"product_brand","embeddable":true,"href":"https:\/\/joyasyasmin.com\/de\/wp-json\/wp\/v2\/product_brand?post=21571"},{"taxonomy":"product_cat","embeddable":true,"href":"https:\/\/joyasyasmin.com\/de\/wp-json\/wp\/v2\/product_cat?post=21571"},{"taxonomy":"product_tag","embeddable":true,"href":"https:\/\/joyasyasmin.com\/de\/wp-json\/wp\/v2\/product_tag?post=21571"}],"curies":[{"name":"wp","href":"https:\/\/api.w.org\/{rel}","templated":true}]}}