{"id":21639,"date":"2024-04-19T20:29:46","date_gmt":"2024-04-19T20:29:46","guid":{"rendered":"https:\/\/joyasyasmin.com\/producto\/makramee-armband-hexenknoten\/"},"modified":"2025-11-10T11:31:01","modified_gmt":"2025-11-10T11:31:01","slug":"makramee-armband-hexenknoten","status":"publish","type":"product","link":"https:\/\/joyasyasmin.com\/de\/producto\/makramee-armband-hexenknoten\/","title":{"rendered":"Makramee Armband Hexenknoten"},"content":{"rendered":"","protected":false},"excerpt":{"rendered":"<p>Der Hexenknoten, auch Ewigkeitsknoten genannt, ist ein uraltes Symbol f\u00fcr Schutz und Gl\u00fcck. Diesem Knoten wird die Kraft nachgesagt, ewige Liebe und Treue zu besiegeln. Indem wir diesen signifikanten Knoten in unser Armband einarbeiten, verleihen wir nicht nur einen Hauch von Mystik, sondern tragen auch das Versprechen von Schutz und dauerhaften Bindungen mit uns.<\/p>\n<p>Jedes Detail dieses Armbands wurde sorgf\u00e4ltig entworfen, um seine Sch\u00f6nheit und Bedeutung zu unterstreichen. Der zentrale Hexenknoten mit einer beeindruckenden Gr\u00f6\u00dfe von 14 mm wird zum Mittelpunkt des St\u00fccks und zieht alle Blicke auf sich. Auf jeder Seite des Knotens sorgen f\u00fcnf Kugeln aus 925er Sterlingsilber f\u00fcr ein dezentes Funkeln und einen Hauch von Eleganz.<\/p>\n","protected":false},"featured_media":21646,"comment_status":"open","ping_status":"closed","template":"","meta":{"_acf_changed":false,"_joinchat":[]},"product_brand":[],"product_cat":[1787],"product_tag":[],"class_list":{"0":"post-21639","1":"product","2":"type-product","3":"status-publish","4":"has-post-thumbnail","6":"product_cat-armbander","8":"first","9":"instock","10":"shipping-taxable","11":"purchasable","12":"product-type-simple"},"acf":[],"yoast_head":"<!-- This site is optimized with the Yoast SEO plugin v27.2 - https:\/\/yoast.com\/product\/yoast-seo-wordpress\/ -->\n<title>Makramee Armband Hexenknoten - Yasmin<\/title>\n<meta name=\"description\" content=\"Das Makramee-Hexenknotenarmband, auch bekannt als Ewigkeitsknoten, ist ein uraltes Symbol f\u00fcr Schutz und Gl\u00fcck. 925er Silber.\" \/>\n<meta name=\"robots\" content=\"index, follow, max-snippet:-1, max-image-preview:large, max-video-preview:-1\" \/>\n<link rel=\"canonical\" href=\"https:\/\/joyasyasmin.com\/de\/producto\/makramee-armband-hexenknoten\/\" \/>\n<meta property=\"og:locale\" content=\"de_DE\" \/>\n<meta property=\"og:title\" content=\"Makramee Armband Hexenknoten - Yasmin\" \/>\n<meta property=\"og:description\" content=\"Das Makramee-Hexenknotenarmband, auch bekannt als Ewigkeitsknoten, ist ein uraltes Symbol f\u00fcr Schutz und Gl\u00fcck. 925er Silber.\" \/>\n<meta property=\"og:url\" content=\"https:\/\/joyasyasmin.com\/de\/producto\/makramee-armband-hexenknoten\/\" \/>\n<meta property=\"og:site_name\" content=\"Yasmin\" \/>\n<meta property=\"article:publisher\" content=\"https:\/\/www.facebook.com\/Joyas-Yasmin-217664058934169\/\" \/>\n<meta property=\"article:modified_time\" content=\"2025-11-10T11:31:01+00:00\" \/>\n<meta property=\"og:image\" content=\"https:\/\/joyasyasmin.com\/wp-content\/uploads\/2024\/04\/pulsera-macrame-con-nudo-de-bruja-en-plata.jpg\" \/>\n\t<meta property=\"og:image:width\" content=\"1000\" \/>\n\t<meta property=\"og:image:height\" content=\"1000\" \/>\n\t<meta property=\"og:image:type\" content=\"image\/jpeg\" \/>\n<meta name=\"twitter:card\" content=\"summary_large_image\" \/>\n<script type=\"application\/ld+json\" class=\"yoast-schema-graph\">{\"@context\":\"https:\/\/schema.org\",\"@graph\":[{\"@type\":[\"WebPage\",\"ItemPage\"],\"@id\":\"https:\/\/joyasyasmin.com\/de\/producto\/makramee-armband-hexenknoten\/\",\"url\":\"https:\/\/joyasyasmin.com\/de\/producto\/makramee-armband-hexenknoten\/\",\"name\":\"Makramee Armband Hexenknoten - Yasmin\",\"isPartOf\":{\"@id\":\"https:\/\/joyasyasmin.com\/de\/#website\"},\"primaryImageOfPage\":{\"@id\":\"https:\/\/joyasyasmin.com\/de\/producto\/makramee-armband-hexenknoten\/#primaryimage\"},\"image\":{\"@id\":\"https:\/\/joyasyasmin.com\/de\/producto\/makramee-armband-hexenknoten\/#primaryimage\"},\"thumbnailUrl\":\"https:\/\/joyasyasmin.com\/wp-content\/uploads\/2024\/04\/pulsera-macrame-con-nudo-de-bruja-en-plata.jpg\",\"datePublished\":\"2024-04-19T20:29:46+00:00\",\"dateModified\":\"2025-11-10T11:31:01+00:00\",\"description\":\"Das Makramee-Hexenknotenarmband, auch bekannt als Ewigkeitsknoten, ist ein uraltes Symbol f\u00fcr Schutz und Gl\u00fcck. 925er Silber.\",\"breadcrumb\":{\"@id\":\"https:\/\/joyasyasmin.com\/de\/producto\/makramee-armband-hexenknoten\/#breadcrumb\"},\"inLanguage\":\"de\",\"potentialAction\":[{\"@type\":\"ReadAction\",\"target\":[\"https:\/\/joyasyasmin.com\/de\/producto\/makramee-armband-hexenknoten\/\"]}]},{\"@type\":\"ImageObject\",\"inLanguage\":\"de\",\"@id\":\"https:\/\/joyasyasmin.com\/de\/producto\/makramee-armband-hexenknoten\/#primaryimage\",\"url\":\"https:\/\/joyasyasmin.com\/wp-content\/uploads\/2024\/04\/pulsera-macrame-con-nudo-de-bruja-en-plata.jpg\",\"contentUrl\":\"https:\/\/joyasyasmin.com\/wp-content\/uploads\/2024\/04\/pulsera-macrame-con-nudo-de-bruja-en-plata.jpg\",\"width\":1000,\"height\":1000,\"caption\":\"Sale 925 Sterling Silber Makramee Armband mit Hexenknoten\"},{\"@type\":\"BreadcrumbList\",\"@id\":\"https:\/\/joyasyasmin.com\/de\/producto\/makramee-armband-hexenknoten\/#breadcrumb\",\"itemListElement\":[{\"@type\":\"ListItem\",\"position\":1,\"name\":\"Portada\",\"item\":\"https:\/\/joyasyasmin.com\/de\/heim\/\"},{\"@type\":\"ListItem\",\"position\":2,\"name\":\"Shop\",\"item\":\"https:\/\/joyasyasmin.com\/de\/shop\/\"},{\"@type\":\"ListItem\",\"position\":3,\"name\":\"Makramee Armband Hexenknoten\"}]},{\"@type\":\"WebSite\",\"@id\":\"https:\/\/joyasyasmin.com\/de\/#website\",\"url\":\"https:\/\/joyasyasmin.com\/de\/\",\"name\":\"Yasmin\",\"description\":\"Joyer\u00eda de Plata 925 - Pendientes, pulseras, anillos, colgantes y m\u00e1s!\",\"publisher\":{\"@id\":\"https:\/\/joyasyasmin.com\/de\/#organization\"},\"potentialAction\":[{\"@type\":\"SearchAction\",\"target\":{\"@type\":\"EntryPoint\",\"urlTemplate\":\"https:\/\/joyasyasmin.com\/de\/?s={search_term_string}\"},\"query-input\":{\"@type\":\"PropertyValueSpecification\",\"valueRequired\":true,\"valueName\":\"search_term_string\"}}],\"inLanguage\":\"de\"},{\"@type\":\"Organization\",\"@id\":\"https:\/\/joyasyasmin.com\/de\/#organization\",\"name\":\"joyas yasmin\",\"url\":\"https:\/\/joyasyasmin.com\/de\/\",\"logo\":{\"@type\":\"ImageObject\",\"inLanguage\":\"de\",\"@id\":\"https:\/\/joyasyasmin.com\/de\/#\/schema\/logo\/image\/\",\"url\":\"https:\/\/joyasyasmin.com\/wp-content\/uploads\/2017\/06\/IMG-20200429-WA0051.jpg\",\"contentUrl\":\"https:\/\/joyasyasmin.com\/wp-content\/uploads\/2017\/06\/IMG-20200429-WA0051.jpg\",\"width\":1080,\"height\":545,\"caption\":\"joyas yasmin\"},\"image\":{\"@id\":\"https:\/\/joyasyasmin.com\/de\/#\/schema\/logo\/image\/\"},\"sameAs\":[\"https:\/\/www.facebook.com\/Joyas-Yasmin-217664058934169\/\",\"https:\/\/www.instagram.com\/invites\/contact\/\"]}]}<\/script>\n<!-- \/ Yoast SEO plugin. -->","yoast_head_json":{"title":"Makramee Armband Hexenknoten - Yasmin","description":"Das Makramee-Hexenknotenarmband, auch bekannt als Ewigkeitsknoten, ist ein uraltes Symbol f\u00fcr Schutz und Gl\u00fcck. 925er Silber.","robots":{"index":"index","follow":"follow","max-snippet":"max-snippet:-1","max-image-preview":"max-image-preview:large","max-video-preview":"max-video-preview:-1"},"canonical":"https:\/\/joyasyasmin.com\/de\/producto\/makramee-armband-hexenknoten\/","og_locale":"de_DE","og_title":"Makramee Armband Hexenknoten - Yasmin","og_description":"Das Makramee-Hexenknotenarmband, auch bekannt als Ewigkeitsknoten, ist ein uraltes Symbol f\u00fcr Schutz und Gl\u00fcck. 925er Silber.","og_url":"https:\/\/joyasyasmin.com\/de\/producto\/makramee-armband-hexenknoten\/","og_site_name":"Yasmin","article_publisher":"https:\/\/www.facebook.com\/Joyas-Yasmin-217664058934169\/","article_modified_time":"2025-11-10T11:31:01+00:00","og_image":[{"width":1000,"height":1000,"url":"https:\/\/joyasyasmin.com\/wp-content\/uploads\/2024\/04\/pulsera-macrame-con-nudo-de-bruja-en-plata.jpg","type":"image\/jpeg"}],"twitter_card":"summary_large_image","schema":{"@context":"https:\/\/schema.org","@graph":[{"@type":["WebPage","ItemPage"],"@id":"https:\/\/joyasyasmin.com\/de\/producto\/makramee-armband-hexenknoten\/","url":"https:\/\/joyasyasmin.com\/de\/producto\/makramee-armband-hexenknoten\/","name":"Makramee Armband Hexenknoten - Yasmin","isPartOf":{"@id":"https:\/\/joyasyasmin.com\/de\/#website"},"primaryImageOfPage":{"@id":"https:\/\/joyasyasmin.com\/de\/producto\/makramee-armband-hexenknoten\/#primaryimage"},"image":{"@id":"https:\/\/joyasyasmin.com\/de\/producto\/makramee-armband-hexenknoten\/#primaryimage"},"thumbnailUrl":"https:\/\/joyasyasmin.com\/wp-content\/uploads\/2024\/04\/pulsera-macrame-con-nudo-de-bruja-en-plata.jpg","datePublished":"2024-04-19T20:29:46+00:00","dateModified":"2025-11-10T11:31:01+00:00","description":"Das Makramee-Hexenknotenarmband, auch bekannt als Ewigkeitsknoten, ist ein uraltes Symbol f\u00fcr Schutz und Gl\u00fcck. 925er Silber.","breadcrumb":{"@id":"https:\/\/joyasyasmin.com\/de\/producto\/makramee-armband-hexenknoten\/#breadcrumb"},"inLanguage":"de","potentialAction":[{"@type":"ReadAction","target":["https:\/\/joyasyasmin.com\/de\/producto\/makramee-armband-hexenknoten\/"]}]},{"@type":"ImageObject","inLanguage":"de","@id":"https:\/\/joyasyasmin.com\/de\/producto\/makramee-armband-hexenknoten\/#primaryimage","url":"https:\/\/joyasyasmin.com\/wp-content\/uploads\/2024\/04\/pulsera-macrame-con-nudo-de-bruja-en-plata.jpg","contentUrl":"https:\/\/joyasyasmin.com\/wp-content\/uploads\/2024\/04\/pulsera-macrame-con-nudo-de-bruja-en-plata.jpg","width":1000,"height":1000,"caption":"Sale 925 Sterling Silber Makramee Armband mit Hexenknoten"},{"@type":"BreadcrumbList","@id":"https:\/\/joyasyasmin.com\/de\/producto\/makramee-armband-hexenknoten\/#breadcrumb","itemListElement":[{"@type":"ListItem","position":1,"name":"Portada","item":"https:\/\/joyasyasmin.com\/de\/heim\/"},{"@type":"ListItem","position":2,"name":"Shop","item":"https:\/\/joyasyasmin.com\/de\/shop\/"},{"@type":"ListItem","position":3,"name":"Makramee Armband Hexenknoten"}]},{"@type":"WebSite","@id":"https:\/\/joyasyasmin.com\/de\/#website","url":"https:\/\/joyasyasmin.com\/de\/","name":"Yasmin","description":"Joyer\u00eda de Plata 925 - Pendientes, pulseras, anillos, colgantes y m\u00e1s!","publisher":{"@id":"https:\/\/joyasyasmin.com\/de\/#organization"},"potentialAction":[{"@type":"SearchAction","target":{"@type":"EntryPoint","urlTemplate":"https:\/\/joyasyasmin.com\/de\/?s={search_term_string}"},"query-input":{"@type":"PropertyValueSpecification","valueRequired":true,"valueName":"search_term_string"}}],"inLanguage":"de"},{"@type":"Organization","@id":"https:\/\/joyasyasmin.com\/de\/#organization","name":"joyas yasmin","url":"https:\/\/joyasyasmin.com\/de\/","logo":{"@type":"ImageObject","inLanguage":"de","@id":"https:\/\/joyasyasmin.com\/de\/#\/schema\/logo\/image\/","url":"https:\/\/joyasyasmin.com\/wp-content\/uploads\/2017\/06\/IMG-20200429-WA0051.jpg","contentUrl":"https:\/\/joyasyasmin.com\/wp-content\/uploads\/2017\/06\/IMG-20200429-WA0051.jpg","width":1080,"height":545,"caption":"joyas yasmin"},"image":{"@id":"https:\/\/joyasyasmin.com\/de\/#\/schema\/logo\/image\/"},"sameAs":["https:\/\/www.facebook.com\/Joyas-Yasmin-217664058934169\/","https:\/\/www.instagram.com\/invites\/contact\/"]}]}},"_links":{"self":[{"href":"https:\/\/joyasyasmin.com\/de\/wp-json\/wp\/v2\/product\/21639","targetHints":{"allow":["GET"]}}],"collection":[{"href":"https:\/\/joyasyasmin.com\/de\/wp-json\/wp\/v2\/product"}],"about":[{"href":"https:\/\/joyasyasmin.com\/de\/wp-json\/wp\/v2\/types\/product"}],"replies":[{"embeddable":true,"href":"https:\/\/joyasyasmin.com\/de\/wp-json\/wp\/v2\/comments?post=21639"}],"version-history":[{"count":2,"href":"https:\/\/joyasyasmin.com\/de\/wp-json\/wp\/v2\/product\/21639\/revisions"}],"predecessor-version":[{"id":35736,"href":"https:\/\/joyasyasmin.com\/de\/wp-json\/wp\/v2\/product\/21639\/revisions\/35736"}],"wp:featuredmedia":[{"embeddable":true,"href":"https:\/\/joyasyasmin.com\/de\/wp-json\/wp\/v2\/media\/21646"}],"wp:attachment":[{"href":"https:\/\/joyasyasmin.com\/de\/wp-json\/wp\/v2\/media?parent=21639"}],"wp:term":[{"taxonomy":"product_brand","embeddable":true,"href":"https:\/\/joyasyasmin.com\/de\/wp-json\/wp\/v2\/product_brand?post=21639"},{"taxonomy":"product_cat","embeddable":true,"href":"https:\/\/joyasyasmin.com\/de\/wp-json\/wp\/v2\/product_cat?post=21639"},{"taxonomy":"product_tag","embeddable":true,"href":"https:\/\/joyasyasmin.com\/de\/wp-json\/wp\/v2\/product_tag?post=21639"}],"curies":[{"name":"wp","href":"https:\/\/api.w.org\/{rel}","templated":true}]}}