{"id":21740,"date":"2024-04-27T17:48:58","date_gmt":"2024-04-27T17:48:58","guid":{"rendered":"https:\/\/joyasyasmin.com\/producto\/brillantes-regenbogen-armband\/"},"modified":"2024-04-27T17:48:58","modified_gmt":"2024-04-27T17:48:58","slug":"brillantes-regenbogen-armband","status":"publish","type":"product","link":"https:\/\/joyasyasmin.com\/de\/producto\/brillantes-regenbogen-armband\/","title":{"rendered":"Brillantes Regenbogen-Armband"},"content":{"rendered":"","protected":false},"excerpt":{"rendered":"<p>Das Armband besteht aus einer sch\u00f6nen Kombination aus kleinen 2-mm-Steinen in einer Vielzahl von Farben, die von sanften und zarten Farbt\u00f6nen bis hin zu hellen und lebendigen Farbt\u00f6nen reichen. Diese Steine, zu denen 4 mm starke Muschelperlen geh\u00f6ren, sind gekonnt angeordnet, um einen harmonischen und fesselnden Effekt zu erzeugen, der das Licht spektakul\u00e4r einf\u00e4ngt. Mit einer L\u00e4nge von 17 cm und einer Verl\u00e4ngerung von 3 cm passt sich dieses Armband bequem am Handgelenk an und bietet Vielseitigkeit bei der Anpassung an verschiedene Gr\u00f6\u00dfen. Der Karabinerverschluss sorgt f\u00fcr einen sicheren Sitz und gibt dem Tr\u00e4ger Sicherheit und Vertrauen <\/p>\n","protected":false},"featured_media":21742,"comment_status":"open","ping_status":"closed","template":"","meta":{"_acf_changed":false,"_joinchat":[]},"product_brand":[],"product_cat":[1787],"product_tag":[],"class_list":{"0":"post-21740","1":"product","2":"type-product","3":"status-publish","4":"has-post-thumbnail","6":"product_cat-armbander","8":"first","9":"instock","10":"shipping-taxable","11":"purchasable","12":"product-type-simple"},"acf":[],"yoast_head":"<!-- This site is optimized with the Yoast SEO plugin v27.2 - https:\/\/yoast.com\/product\/yoast-seo-wordpress\/ -->\n<title>Brillantes Regenbogen-Armband - Yasmin<\/title>\n<meta name=\"description\" content=\"Das Brilliant Rainbow Armband ist ein wahres Juwel, das die Fantasie anregt und die lebendige Sch\u00f6nheit eines Regenbogens am Himmel heraufbeschw\u00f6rt. Es ist 925er Sterlingsilber.\" \/>\n<meta name=\"robots\" content=\"index, follow, max-snippet:-1, max-image-preview:large, max-video-preview:-1\" \/>\n<link rel=\"canonical\" href=\"https:\/\/joyasyasmin.com\/de\/producto\/brillantes-regenbogen-armband\/\" \/>\n<meta property=\"og:locale\" content=\"de_DE\" \/>\n<meta property=\"og:title\" content=\"Brillantes Regenbogen-Armband - Yasmin\" \/>\n<meta property=\"og:description\" content=\"Das Brilliant Rainbow Armband ist ein wahres Juwel, das die Fantasie anregt und die lebendige Sch\u00f6nheit eines Regenbogens am Himmel heraufbeschw\u00f6rt. Es ist 925er Sterlingsilber.\" \/>\n<meta property=\"og:url\" content=\"https:\/\/joyasyasmin.com\/de\/producto\/brillantes-regenbogen-armband\/\" \/>\n<meta property=\"og:site_name\" content=\"Yasmin\" \/>\n<meta property=\"article:publisher\" content=\"https:\/\/www.facebook.com\/Joyas-Yasmin-217664058934169\/\" \/>\n<meta property=\"og:image\" content=\"https:\/\/joyasyasmin.com\/wp-content\/uploads\/2024\/04\/pulsera-perla-shell-oceanica.jpg\" \/>\n\t<meta property=\"og:image:width\" content=\"1000\" \/>\n\t<meta property=\"og:image:height\" content=\"1000\" \/>\n\t<meta property=\"og:image:type\" content=\"image\/jpeg\" \/>\n<meta name=\"twitter:card\" content=\"summary_large_image\" \/>\n<script type=\"application\/ld+json\" class=\"yoast-schema-graph\">{\"@context\":\"https:\/\/schema.org\",\"@graph\":[{\"@type\":[\"WebPage\",\"ItemPage\"],\"@id\":\"https:\/\/joyasyasmin.com\/de\/producto\/brillantes-regenbogen-armband\/\",\"url\":\"https:\/\/joyasyasmin.com\/de\/producto\/brillantes-regenbogen-armband\/\",\"name\":\"Brillantes Regenbogen-Armband - Yasmin\",\"isPartOf\":{\"@id\":\"https:\/\/joyasyasmin.com\/de\/#website\"},\"primaryImageOfPage\":{\"@id\":\"https:\/\/joyasyasmin.com\/de\/producto\/brillantes-regenbogen-armband\/#primaryimage\"},\"image\":{\"@id\":\"https:\/\/joyasyasmin.com\/de\/producto\/brillantes-regenbogen-armband\/#primaryimage\"},\"thumbnailUrl\":\"https:\/\/joyasyasmin.com\/wp-content\/uploads\/2024\/04\/pulsera-perla-shell-oceanica.jpg\",\"datePublished\":\"2024-04-27T17:48:58+00:00\",\"description\":\"Das Brilliant Rainbow Armband ist ein wahres Juwel, das die Fantasie anregt und die lebendige Sch\u00f6nheit eines Regenbogens am Himmel heraufbeschw\u00f6rt. Es ist 925er Sterlingsilber.\",\"breadcrumb\":{\"@id\":\"https:\/\/joyasyasmin.com\/de\/producto\/brillantes-regenbogen-armband\/#breadcrumb\"},\"inLanguage\":\"de\",\"potentialAction\":[{\"@type\":\"ReadAction\",\"target\":[\"https:\/\/joyasyasmin.com\/de\/producto\/brillantes-regenbogen-armband\/\"]}]},{\"@type\":\"ImageObject\",\"inLanguage\":\"de\",\"@id\":\"https:\/\/joyasyasmin.com\/de\/producto\/brillantes-regenbogen-armband\/#primaryimage\",\"url\":\"https:\/\/joyasyasmin.com\/wp-content\/uploads\/2024\/04\/pulsera-perla-shell-oceanica.jpg\",\"contentUrl\":\"https:\/\/joyasyasmin.com\/wp-content\/uploads\/2024\/04\/pulsera-perla-shell-oceanica.jpg\",\"width\":1000,\"height\":1000},{\"@type\":\"BreadcrumbList\",\"@id\":\"https:\/\/joyasyasmin.com\/de\/producto\/brillantes-regenbogen-armband\/#breadcrumb\",\"itemListElement\":[{\"@type\":\"ListItem\",\"position\":1,\"name\":\"Portada\",\"item\":\"https:\/\/joyasyasmin.com\/de\/heim\/\"},{\"@type\":\"ListItem\",\"position\":2,\"name\":\"Shop\",\"item\":\"https:\/\/joyasyasmin.com\/de\/shop\/\"},{\"@type\":\"ListItem\",\"position\":3,\"name\":\"Brillantes Regenbogen-Armband\"}]},{\"@type\":\"WebSite\",\"@id\":\"https:\/\/joyasyasmin.com\/de\/#website\",\"url\":\"https:\/\/joyasyasmin.com\/de\/\",\"name\":\"Yasmin\",\"description\":\"Joyer\u00eda de Plata 925 - Pendientes, pulseras, anillos, colgantes y m\u00e1s!\",\"publisher\":{\"@id\":\"https:\/\/joyasyasmin.com\/de\/#organization\"},\"potentialAction\":[{\"@type\":\"SearchAction\",\"target\":{\"@type\":\"EntryPoint\",\"urlTemplate\":\"https:\/\/joyasyasmin.com\/de\/?s={search_term_string}\"},\"query-input\":{\"@type\":\"PropertyValueSpecification\",\"valueRequired\":true,\"valueName\":\"search_term_string\"}}],\"inLanguage\":\"de\"},{\"@type\":\"Organization\",\"@id\":\"https:\/\/joyasyasmin.com\/de\/#organization\",\"name\":\"joyas yasmin\",\"url\":\"https:\/\/joyasyasmin.com\/de\/\",\"logo\":{\"@type\":\"ImageObject\",\"inLanguage\":\"de\",\"@id\":\"https:\/\/joyasyasmin.com\/de\/#\/schema\/logo\/image\/\",\"url\":\"https:\/\/joyasyasmin.com\/wp-content\/uploads\/2017\/06\/IMG-20200429-WA0051.jpg\",\"contentUrl\":\"https:\/\/joyasyasmin.com\/wp-content\/uploads\/2017\/06\/IMG-20200429-WA0051.jpg\",\"width\":1080,\"height\":545,\"caption\":\"joyas yasmin\"},\"image\":{\"@id\":\"https:\/\/joyasyasmin.com\/de\/#\/schema\/logo\/image\/\"},\"sameAs\":[\"https:\/\/www.facebook.com\/Joyas-Yasmin-217664058934169\/\",\"https:\/\/www.instagram.com\/invites\/contact\/\"]}]}<\/script>\n<!-- \/ Yoast SEO plugin. -->","yoast_head_json":{"title":"Brillantes Regenbogen-Armband - Yasmin","description":"Das Brilliant Rainbow Armband ist ein wahres Juwel, das die Fantasie anregt und die lebendige Sch\u00f6nheit eines Regenbogens am Himmel heraufbeschw\u00f6rt. Es ist 925er Sterlingsilber.","robots":{"index":"index","follow":"follow","max-snippet":"max-snippet:-1","max-image-preview":"max-image-preview:large","max-video-preview":"max-video-preview:-1"},"canonical":"https:\/\/joyasyasmin.com\/de\/producto\/brillantes-regenbogen-armband\/","og_locale":"de_DE","og_title":"Brillantes Regenbogen-Armband - Yasmin","og_description":"Das Brilliant Rainbow Armband ist ein wahres Juwel, das die Fantasie anregt und die lebendige Sch\u00f6nheit eines Regenbogens am Himmel heraufbeschw\u00f6rt. Es ist 925er Sterlingsilber.","og_url":"https:\/\/joyasyasmin.com\/de\/producto\/brillantes-regenbogen-armband\/","og_site_name":"Yasmin","article_publisher":"https:\/\/www.facebook.com\/Joyas-Yasmin-217664058934169\/","og_image":[{"width":1000,"height":1000,"url":"https:\/\/joyasyasmin.com\/wp-content\/uploads\/2024\/04\/pulsera-perla-shell-oceanica.jpg","type":"image\/jpeg"}],"twitter_card":"summary_large_image","schema":{"@context":"https:\/\/schema.org","@graph":[{"@type":["WebPage","ItemPage"],"@id":"https:\/\/joyasyasmin.com\/de\/producto\/brillantes-regenbogen-armband\/","url":"https:\/\/joyasyasmin.com\/de\/producto\/brillantes-regenbogen-armband\/","name":"Brillantes Regenbogen-Armband - Yasmin","isPartOf":{"@id":"https:\/\/joyasyasmin.com\/de\/#website"},"primaryImageOfPage":{"@id":"https:\/\/joyasyasmin.com\/de\/producto\/brillantes-regenbogen-armband\/#primaryimage"},"image":{"@id":"https:\/\/joyasyasmin.com\/de\/producto\/brillantes-regenbogen-armband\/#primaryimage"},"thumbnailUrl":"https:\/\/joyasyasmin.com\/wp-content\/uploads\/2024\/04\/pulsera-perla-shell-oceanica.jpg","datePublished":"2024-04-27T17:48:58+00:00","description":"Das Brilliant Rainbow Armband ist ein wahres Juwel, das die Fantasie anregt und die lebendige Sch\u00f6nheit eines Regenbogens am Himmel heraufbeschw\u00f6rt. Es ist 925er Sterlingsilber.","breadcrumb":{"@id":"https:\/\/joyasyasmin.com\/de\/producto\/brillantes-regenbogen-armband\/#breadcrumb"},"inLanguage":"de","potentialAction":[{"@type":"ReadAction","target":["https:\/\/joyasyasmin.com\/de\/producto\/brillantes-regenbogen-armband\/"]}]},{"@type":"ImageObject","inLanguage":"de","@id":"https:\/\/joyasyasmin.com\/de\/producto\/brillantes-regenbogen-armband\/#primaryimage","url":"https:\/\/joyasyasmin.com\/wp-content\/uploads\/2024\/04\/pulsera-perla-shell-oceanica.jpg","contentUrl":"https:\/\/joyasyasmin.com\/wp-content\/uploads\/2024\/04\/pulsera-perla-shell-oceanica.jpg","width":1000,"height":1000},{"@type":"BreadcrumbList","@id":"https:\/\/joyasyasmin.com\/de\/producto\/brillantes-regenbogen-armband\/#breadcrumb","itemListElement":[{"@type":"ListItem","position":1,"name":"Portada","item":"https:\/\/joyasyasmin.com\/de\/heim\/"},{"@type":"ListItem","position":2,"name":"Shop","item":"https:\/\/joyasyasmin.com\/de\/shop\/"},{"@type":"ListItem","position":3,"name":"Brillantes Regenbogen-Armband"}]},{"@type":"WebSite","@id":"https:\/\/joyasyasmin.com\/de\/#website","url":"https:\/\/joyasyasmin.com\/de\/","name":"Yasmin","description":"Joyer\u00eda de Plata 925 - Pendientes, pulseras, anillos, colgantes y m\u00e1s!","publisher":{"@id":"https:\/\/joyasyasmin.com\/de\/#organization"},"potentialAction":[{"@type":"SearchAction","target":{"@type":"EntryPoint","urlTemplate":"https:\/\/joyasyasmin.com\/de\/?s={search_term_string}"},"query-input":{"@type":"PropertyValueSpecification","valueRequired":true,"valueName":"search_term_string"}}],"inLanguage":"de"},{"@type":"Organization","@id":"https:\/\/joyasyasmin.com\/de\/#organization","name":"joyas yasmin","url":"https:\/\/joyasyasmin.com\/de\/","logo":{"@type":"ImageObject","inLanguage":"de","@id":"https:\/\/joyasyasmin.com\/de\/#\/schema\/logo\/image\/","url":"https:\/\/joyasyasmin.com\/wp-content\/uploads\/2017\/06\/IMG-20200429-WA0051.jpg","contentUrl":"https:\/\/joyasyasmin.com\/wp-content\/uploads\/2017\/06\/IMG-20200429-WA0051.jpg","width":1080,"height":545,"caption":"joyas yasmin"},"image":{"@id":"https:\/\/joyasyasmin.com\/de\/#\/schema\/logo\/image\/"},"sameAs":["https:\/\/www.facebook.com\/Joyas-Yasmin-217664058934169\/","https:\/\/www.instagram.com\/invites\/contact\/"]}]}},"_links":{"self":[{"href":"https:\/\/joyasyasmin.com\/de\/wp-json\/wp\/v2\/product\/21740","targetHints":{"allow":["GET"]}}],"collection":[{"href":"https:\/\/joyasyasmin.com\/de\/wp-json\/wp\/v2\/product"}],"about":[{"href":"https:\/\/joyasyasmin.com\/de\/wp-json\/wp\/v2\/types\/product"}],"replies":[{"embeddable":true,"href":"https:\/\/joyasyasmin.com\/de\/wp-json\/wp\/v2\/comments?post=21740"}],"version-history":[{"count":0,"href":"https:\/\/joyasyasmin.com\/de\/wp-json\/wp\/v2\/product\/21740\/revisions"}],"wp:featuredmedia":[{"embeddable":true,"href":"https:\/\/joyasyasmin.com\/de\/wp-json\/wp\/v2\/media\/21742"}],"wp:attachment":[{"href":"https:\/\/joyasyasmin.com\/de\/wp-json\/wp\/v2\/media?parent=21740"}],"wp:term":[{"taxonomy":"product_brand","embeddable":true,"href":"https:\/\/joyasyasmin.com\/de\/wp-json\/wp\/v2\/product_brand?post=21740"},{"taxonomy":"product_cat","embeddable":true,"href":"https:\/\/joyasyasmin.com\/de\/wp-json\/wp\/v2\/product_cat?post=21740"},{"taxonomy":"product_tag","embeddable":true,"href":"https:\/\/joyasyasmin.com\/de\/wp-json\/wp\/v2\/product_tag?post=21740"}],"curies":[{"name":"wp","href":"https:\/\/api.w.org\/{rel}","templated":true}]}}