{"id":21741,"date":"2024-04-27T17:32:25","date_gmt":"2024-04-27T17:32:25","guid":{"rendered":"https:\/\/joyasyasmin.com\/producto\/du-und-ich-infinity-armband\/"},"modified":"2025-09-01T07:43:41","modified_gmt":"2025-09-01T07:43:41","slug":"du-und-ich-infinity-armband","status":"publish","type":"product","link":"https:\/\/joyasyasmin.com\/de\/producto\/du-und-ich-infinity-armband\/","title":{"rendered":"Du und ich Infinity Armband"},"content":{"rendered":"","protected":false},"excerpt":{"rendered":"<p>Die Unendlichkeitskette mit einer Breite von 5 mm besteht aus einer Reihe von Unendlichkeitssymbolen, die sich endlos ineinander verflechten. Diese Unendlichkeiten werden durch mattsilberne Kreise erg\u00e4nzt, wodurch eine visuell fesselnde Komposition entsteht, die die Idee eines endlosen Kreislaufs, von Ewigkeit und Kontinuit\u00e4t heraufbeschw\u00f6rt. <\/p>\n<p>Mit einer L\u00e4nge von 19 cm passt sich dieses Armband bequem am Handgelenk an, w\u00e4hrend es durch die Verl\u00e4ngerung von 3 cm leicht an verschiedene Gr\u00f6\u00dfen angepasst werden kann. Der Karabinerverschluss sorgt f\u00fcr einen sicheren Sitz und gibt dem Tr\u00e4ger Sicherheit und Vertrauen. <\/p>\n","protected":false},"featured_media":21745,"comment_status":"open","ping_status":"closed","template":"","meta":{"_acf_changed":false,"_joinchat":[]},"product_brand":[],"product_cat":[1787],"product_tag":[],"class_list":{"0":"post-21741","1":"product","2":"type-product","3":"status-publish","4":"has-post-thumbnail","6":"product_cat-armbander","8":"first","9":"instock","10":"shipping-taxable","11":"purchasable","12":"product-type-simple"},"acf":[],"yoast_head":"<!-- This site is optimized with the Yoast SEO plugin v27.2 - https:\/\/yoast.com\/product\/yoast-seo-wordpress\/ -->\n<title>Du und ich Infinity Armband - Yasmin<\/title>\n<meta name=\"description\" content=\"Das You and Me Infinity Armband ist ein erhabener Ausdruck von Verbundenheit und Kontinuit\u00e4t im Leben. Seine exquisite Verarbeitung aus 925er Gace Sterlingsilber ist einzigartig.\" \/>\n<meta name=\"robots\" content=\"index, follow, max-snippet:-1, max-image-preview:large, max-video-preview:-1\" \/>\n<link rel=\"canonical\" href=\"https:\/\/joyasyasmin.com\/de\/producto\/du-und-ich-infinity-armband\/\" \/>\n<meta property=\"og:locale\" content=\"de_DE\" \/>\n<meta property=\"og:title\" content=\"Du und ich Infinity Armband - Yasmin\" \/>\n<meta property=\"og:description\" content=\"Das You and Me Infinity Armband ist ein erhabener Ausdruck von Verbundenheit und Kontinuit\u00e4t im Leben. Seine exquisite Verarbeitung aus 925er Gace Sterlingsilber ist einzigartig.\" \/>\n<meta property=\"og:url\" content=\"https:\/\/joyasyasmin.com\/de\/producto\/du-und-ich-infinity-armband\/\" \/>\n<meta property=\"og:site_name\" content=\"Yasmin\" \/>\n<meta property=\"article:publisher\" content=\"https:\/\/www.facebook.com\/Joyas-Yasmin-217664058934169\/\" \/>\n<meta property=\"article:modified_time\" content=\"2025-09-01T07:43:41+00:00\" \/>\n<meta property=\"og:image\" content=\"https:\/\/joyasyasmin.com\/wp-content\/uploads\/2024\/04\/pulsera-infinito-tu-y-yo-lisa.jpg\" \/>\n\t<meta property=\"og:image:width\" content=\"1000\" \/>\n\t<meta property=\"og:image:height\" content=\"1000\" \/>\n\t<meta property=\"og:image:type\" content=\"image\/jpeg\" \/>\n<meta name=\"twitter:card\" content=\"summary_large_image\" \/>\n<script type=\"application\/ld+json\" class=\"yoast-schema-graph\">{\"@context\":\"https:\/\/schema.org\",\"@graph\":[{\"@type\":[\"WebPage\",\"ItemPage\"],\"@id\":\"https:\/\/joyasyasmin.com\/de\/producto\/du-und-ich-infinity-armband\/\",\"url\":\"https:\/\/joyasyasmin.com\/de\/producto\/du-und-ich-infinity-armband\/\",\"name\":\"Du und ich Infinity Armband - Yasmin\",\"isPartOf\":{\"@id\":\"https:\/\/joyasyasmin.com\/de\/#website\"},\"primaryImageOfPage\":{\"@id\":\"https:\/\/joyasyasmin.com\/de\/producto\/du-und-ich-infinity-armband\/#primaryimage\"},\"image\":{\"@id\":\"https:\/\/joyasyasmin.com\/de\/producto\/du-und-ich-infinity-armband\/#primaryimage\"},\"thumbnailUrl\":\"https:\/\/joyasyasmin.com\/wp-content\/uploads\/2024\/04\/pulsera-infinito-tu-y-yo-lisa.jpg\",\"datePublished\":\"2024-04-27T17:32:25+00:00\",\"dateModified\":\"2025-09-01T07:43:41+00:00\",\"description\":\"Das You and Me Infinity Armband ist ein erhabener Ausdruck von Verbundenheit und Kontinuit\u00e4t im Leben. Seine exquisite Verarbeitung aus 925er Gace Sterlingsilber ist einzigartig.\",\"breadcrumb\":{\"@id\":\"https:\/\/joyasyasmin.com\/de\/producto\/du-und-ich-infinity-armband\/#breadcrumb\"},\"inLanguage\":\"de\",\"potentialAction\":[{\"@type\":\"ReadAction\",\"target\":[\"https:\/\/joyasyasmin.com\/de\/producto\/du-und-ich-infinity-armband\/\"]}]},{\"@type\":\"ImageObject\",\"inLanguage\":\"de\",\"@id\":\"https:\/\/joyasyasmin.com\/de\/producto\/du-und-ich-infinity-armband\/#primaryimage\",\"url\":\"https:\/\/joyasyasmin.com\/wp-content\/uploads\/2024\/04\/pulsera-infinito-tu-y-yo-lisa.jpg\",\"contentUrl\":\"https:\/\/joyasyasmin.com\/wp-content\/uploads\/2024\/04\/pulsera-infinito-tu-y-yo-lisa.jpg\",\"width\":1000,\"height\":1000,\"caption\":\"Verkauf von 925 Sterling Silber Infinity Box mit einer Breite von 5mm\"},{\"@type\":\"BreadcrumbList\",\"@id\":\"https:\/\/joyasyasmin.com\/de\/producto\/du-und-ich-infinity-armband\/#breadcrumb\",\"itemListElement\":[{\"@type\":\"ListItem\",\"position\":1,\"name\":\"Portada\",\"item\":\"https:\/\/joyasyasmin.com\/de\/heim\/\"},{\"@type\":\"ListItem\",\"position\":2,\"name\":\"Shop\",\"item\":\"https:\/\/joyasyasmin.com\/de\/shop\/\"},{\"@type\":\"ListItem\",\"position\":3,\"name\":\"Du und ich Infinity Armband\"}]},{\"@type\":\"WebSite\",\"@id\":\"https:\/\/joyasyasmin.com\/de\/#website\",\"url\":\"https:\/\/joyasyasmin.com\/de\/\",\"name\":\"Yasmin\",\"description\":\"Joyer\u00eda de Plata 925 - Pendientes, pulseras, anillos, colgantes y m\u00e1s!\",\"publisher\":{\"@id\":\"https:\/\/joyasyasmin.com\/de\/#organization\"},\"potentialAction\":[{\"@type\":\"SearchAction\",\"target\":{\"@type\":\"EntryPoint\",\"urlTemplate\":\"https:\/\/joyasyasmin.com\/de\/?s={search_term_string}\"},\"query-input\":{\"@type\":\"PropertyValueSpecification\",\"valueRequired\":true,\"valueName\":\"search_term_string\"}}],\"inLanguage\":\"de\"},{\"@type\":\"Organization\",\"@id\":\"https:\/\/joyasyasmin.com\/de\/#organization\",\"name\":\"joyas yasmin\",\"url\":\"https:\/\/joyasyasmin.com\/de\/\",\"logo\":{\"@type\":\"ImageObject\",\"inLanguage\":\"de\",\"@id\":\"https:\/\/joyasyasmin.com\/de\/#\/schema\/logo\/image\/\",\"url\":\"https:\/\/joyasyasmin.com\/wp-content\/uploads\/2017\/06\/IMG-20200429-WA0051.jpg\",\"contentUrl\":\"https:\/\/joyasyasmin.com\/wp-content\/uploads\/2017\/06\/IMG-20200429-WA0051.jpg\",\"width\":1080,\"height\":545,\"caption\":\"joyas yasmin\"},\"image\":{\"@id\":\"https:\/\/joyasyasmin.com\/de\/#\/schema\/logo\/image\/\"},\"sameAs\":[\"https:\/\/www.facebook.com\/Joyas-Yasmin-217664058934169\/\",\"https:\/\/www.instagram.com\/invites\/contact\/\"]}]}<\/script>\n<!-- \/ Yoast SEO plugin. -->","yoast_head_json":{"title":"Du und ich Infinity Armband - Yasmin","description":"Das You and Me Infinity Armband ist ein erhabener Ausdruck von Verbundenheit und Kontinuit\u00e4t im Leben. Seine exquisite Verarbeitung aus 925er Gace Sterlingsilber ist einzigartig.","robots":{"index":"index","follow":"follow","max-snippet":"max-snippet:-1","max-image-preview":"max-image-preview:large","max-video-preview":"max-video-preview:-1"},"canonical":"https:\/\/joyasyasmin.com\/de\/producto\/du-und-ich-infinity-armband\/","og_locale":"de_DE","og_title":"Du und ich Infinity Armband - Yasmin","og_description":"Das You and Me Infinity Armband ist ein erhabener Ausdruck von Verbundenheit und Kontinuit\u00e4t im Leben. Seine exquisite Verarbeitung aus 925er Gace Sterlingsilber ist einzigartig.","og_url":"https:\/\/joyasyasmin.com\/de\/producto\/du-und-ich-infinity-armband\/","og_site_name":"Yasmin","article_publisher":"https:\/\/www.facebook.com\/Joyas-Yasmin-217664058934169\/","article_modified_time":"2025-09-01T07:43:41+00:00","og_image":[{"width":1000,"height":1000,"url":"https:\/\/joyasyasmin.com\/wp-content\/uploads\/2024\/04\/pulsera-infinito-tu-y-yo-lisa.jpg","type":"image\/jpeg"}],"twitter_card":"summary_large_image","schema":{"@context":"https:\/\/schema.org","@graph":[{"@type":["WebPage","ItemPage"],"@id":"https:\/\/joyasyasmin.com\/de\/producto\/du-und-ich-infinity-armband\/","url":"https:\/\/joyasyasmin.com\/de\/producto\/du-und-ich-infinity-armband\/","name":"Du und ich Infinity Armband - Yasmin","isPartOf":{"@id":"https:\/\/joyasyasmin.com\/de\/#website"},"primaryImageOfPage":{"@id":"https:\/\/joyasyasmin.com\/de\/producto\/du-und-ich-infinity-armband\/#primaryimage"},"image":{"@id":"https:\/\/joyasyasmin.com\/de\/producto\/du-und-ich-infinity-armband\/#primaryimage"},"thumbnailUrl":"https:\/\/joyasyasmin.com\/wp-content\/uploads\/2024\/04\/pulsera-infinito-tu-y-yo-lisa.jpg","datePublished":"2024-04-27T17:32:25+00:00","dateModified":"2025-09-01T07:43:41+00:00","description":"Das You and Me Infinity Armband ist ein erhabener Ausdruck von Verbundenheit und Kontinuit\u00e4t im Leben. Seine exquisite Verarbeitung aus 925er Gace Sterlingsilber ist einzigartig.","breadcrumb":{"@id":"https:\/\/joyasyasmin.com\/de\/producto\/du-und-ich-infinity-armband\/#breadcrumb"},"inLanguage":"de","potentialAction":[{"@type":"ReadAction","target":["https:\/\/joyasyasmin.com\/de\/producto\/du-und-ich-infinity-armband\/"]}]},{"@type":"ImageObject","inLanguage":"de","@id":"https:\/\/joyasyasmin.com\/de\/producto\/du-und-ich-infinity-armband\/#primaryimage","url":"https:\/\/joyasyasmin.com\/wp-content\/uploads\/2024\/04\/pulsera-infinito-tu-y-yo-lisa.jpg","contentUrl":"https:\/\/joyasyasmin.com\/wp-content\/uploads\/2024\/04\/pulsera-infinito-tu-y-yo-lisa.jpg","width":1000,"height":1000,"caption":"Verkauf von 925 Sterling Silber Infinity Box mit einer Breite von 5mm"},{"@type":"BreadcrumbList","@id":"https:\/\/joyasyasmin.com\/de\/producto\/du-und-ich-infinity-armband\/#breadcrumb","itemListElement":[{"@type":"ListItem","position":1,"name":"Portada","item":"https:\/\/joyasyasmin.com\/de\/heim\/"},{"@type":"ListItem","position":2,"name":"Shop","item":"https:\/\/joyasyasmin.com\/de\/shop\/"},{"@type":"ListItem","position":3,"name":"Du und ich Infinity Armband"}]},{"@type":"WebSite","@id":"https:\/\/joyasyasmin.com\/de\/#website","url":"https:\/\/joyasyasmin.com\/de\/","name":"Yasmin","description":"Joyer\u00eda de Plata 925 - Pendientes, pulseras, anillos, colgantes y m\u00e1s!","publisher":{"@id":"https:\/\/joyasyasmin.com\/de\/#organization"},"potentialAction":[{"@type":"SearchAction","target":{"@type":"EntryPoint","urlTemplate":"https:\/\/joyasyasmin.com\/de\/?s={search_term_string}"},"query-input":{"@type":"PropertyValueSpecification","valueRequired":true,"valueName":"search_term_string"}}],"inLanguage":"de"},{"@type":"Organization","@id":"https:\/\/joyasyasmin.com\/de\/#organization","name":"joyas yasmin","url":"https:\/\/joyasyasmin.com\/de\/","logo":{"@type":"ImageObject","inLanguage":"de","@id":"https:\/\/joyasyasmin.com\/de\/#\/schema\/logo\/image\/","url":"https:\/\/joyasyasmin.com\/wp-content\/uploads\/2017\/06\/IMG-20200429-WA0051.jpg","contentUrl":"https:\/\/joyasyasmin.com\/wp-content\/uploads\/2017\/06\/IMG-20200429-WA0051.jpg","width":1080,"height":545,"caption":"joyas yasmin"},"image":{"@id":"https:\/\/joyasyasmin.com\/de\/#\/schema\/logo\/image\/"},"sameAs":["https:\/\/www.facebook.com\/Joyas-Yasmin-217664058934169\/","https:\/\/www.instagram.com\/invites\/contact\/"]}]}},"_links":{"self":[{"href":"https:\/\/joyasyasmin.com\/de\/wp-json\/wp\/v2\/product\/21741","targetHints":{"allow":["GET"]}}],"collection":[{"href":"https:\/\/joyasyasmin.com\/de\/wp-json\/wp\/v2\/product"}],"about":[{"href":"https:\/\/joyasyasmin.com\/de\/wp-json\/wp\/v2\/types\/product"}],"replies":[{"embeddable":true,"href":"https:\/\/joyasyasmin.com\/de\/wp-json\/wp\/v2\/comments?post=21741"}],"version-history":[{"count":1,"href":"https:\/\/joyasyasmin.com\/de\/wp-json\/wp\/v2\/product\/21741\/revisions"}],"predecessor-version":[{"id":34541,"href":"https:\/\/joyasyasmin.com\/de\/wp-json\/wp\/v2\/product\/21741\/revisions\/34541"}],"wp:featuredmedia":[{"embeddable":true,"href":"https:\/\/joyasyasmin.com\/de\/wp-json\/wp\/v2\/media\/21745"}],"wp:attachment":[{"href":"https:\/\/joyasyasmin.com\/de\/wp-json\/wp\/v2\/media?parent=21741"}],"wp:term":[{"taxonomy":"product_brand","embeddable":true,"href":"https:\/\/joyasyasmin.com\/de\/wp-json\/wp\/v2\/product_brand?post=21741"},{"taxonomy":"product_cat","embeddable":true,"href":"https:\/\/joyasyasmin.com\/de\/wp-json\/wp\/v2\/product_cat?post=21741"},{"taxonomy":"product_tag","embeddable":true,"href":"https:\/\/joyasyasmin.com\/de\/wp-json\/wp\/v2\/product_tag?post=21741"}],"curies":[{"name":"wp","href":"https:\/\/api.w.org\/{rel}","templated":true}]}}