{"id":21850,"date":"2024-05-09T19:00:39","date_gmt":"2024-05-09T19:00:39","guid":{"rendered":"https:\/\/joyasyasmin.com\/producto\/herz-des-lichts-ohrring\/"},"modified":"2025-11-10T11:31:01","modified_gmt":"2025-11-10T11:31:01","slug":"herz-des-lichts-ohrring","status":"publish","type":"product","link":"https:\/\/joyasyasmin.com\/de\/producto\/herz-des-lichts-ohrring\/","title":{"rendered":"Herz des Lichts Ohrring"},"content":{"rendered":"","protected":false},"excerpt":{"rendered":"<p>Dieser charmante Ohrring aus Sterlingsilber verk\u00f6rpert Eleganz in seiner zartesten Form. Mit einem erhabenen Design zeigt es ein Perlmuttherz in der Mitte, das eine nat\u00fcrliche und ruhige Sch\u00f6nheit ausstrahlt. Perlmutt mit seinen schillernden T\u00f6nen verleiht diesem St\u00fcck einen Hauch von subtiler und zeitloser Raffinesse. Um das Perlmuttherz herum befinden sich sorgf\u00e4ltig verkrustete, funkelnde Zirkonias, die diesem Ohrring Lichtblitze und funkelnde Akzente verleihen. Die harmonische Kombination dieser Elemente schafft ein au\u00dfergew\u00f6hnliches Schmuckst\u00fcck, das perfekt ist, um jedem Outfit einen Hauch von Charme zu verleihen.    <\/p>\n","protected":false},"featured_media":21857,"comment_status":"open","ping_status":"closed","template":"","meta":{"_acf_changed":false,"_joinchat":[]},"product_brand":[],"product_cat":[1770],"product_tag":[],"class_list":{"0":"post-21850","1":"product","2":"type-product","3":"status-publish","4":"has-post-thumbnail","6":"product_cat-ohrringe-und-ohrringe","8":"first","9":"instock","10":"shipping-taxable","11":"purchasable","12":"product-type-simple"},"acf":[],"yoast_head":"<!-- This site is optimized with the Yoast SEO plugin v27.2 - https:\/\/yoast.com\/product\/yoast-seo-wordpress\/ -->\n<title>Herz des Lichts Ohrring - Yasmin<\/title>\n<meta name=\"description\" content=\"Der &quot;Heart of Light Ohrring&quot; ist mehr als ein Schmuckst\u00fcck, er ist ein Symbol f\u00fcr \u00e4therische Sch\u00f6nheit und zeitlose Eleganz, das dazu bestimmt ist, \u00fcber Generationen hinweg gesch\u00e4tzt und bewundert zu werden.\" \/>\n<meta name=\"robots\" content=\"index, follow, max-snippet:-1, max-image-preview:large, max-video-preview:-1\" \/>\n<link rel=\"canonical\" href=\"https:\/\/joyasyasmin.com\/de\/producto\/herz-des-lichts-ohrring\/\" \/>\n<meta property=\"og:locale\" content=\"de_DE\" \/>\n<meta property=\"og:title\" content=\"Herz des Lichts Ohrring - Yasmin\" \/>\n<meta property=\"og:description\" content=\"Der &quot;Heart of Light Ohrring&quot; ist mehr als ein Schmuckst\u00fcck, er ist ein Symbol f\u00fcr \u00e4therische Sch\u00f6nheit und zeitlose Eleganz, das dazu bestimmt ist, \u00fcber Generationen hinweg gesch\u00e4tzt und bewundert zu werden.\" \/>\n<meta property=\"og:url\" content=\"https:\/\/joyasyasmin.com\/de\/producto\/herz-des-lichts-ohrring\/\" \/>\n<meta property=\"og:site_name\" content=\"Yasmin\" \/>\n<meta property=\"article:publisher\" content=\"https:\/\/www.facebook.com\/Joyas-Yasmin-217664058934169\/\" \/>\n<meta property=\"article:modified_time\" content=\"2025-11-10T11:31:01+00:00\" \/>\n<meta property=\"og:image\" content=\"https:\/\/joyasyasmin.com\/wp-content\/uploads\/2024\/05\/pendiente-corazon-en-nacar.jpg\" \/>\n\t<meta property=\"og:image:width\" content=\"1000\" \/>\n\t<meta property=\"og:image:height\" content=\"1000\" \/>\n\t<meta property=\"og:image:type\" content=\"image\/jpeg\" \/>\n<meta name=\"twitter:card\" content=\"summary_large_image\" \/>\n<script type=\"application\/ld+json\" class=\"yoast-schema-graph\">{\"@context\":\"https:\/\/schema.org\",\"@graph\":[{\"@type\":[\"WebPage\",\"ItemPage\"],\"@id\":\"https:\/\/joyasyasmin.com\/de\/producto\/herz-des-lichts-ohrring\/\",\"url\":\"https:\/\/joyasyasmin.com\/de\/producto\/herz-des-lichts-ohrring\/\",\"name\":\"Herz des Lichts Ohrring - Yasmin\",\"isPartOf\":{\"@id\":\"https:\/\/joyasyasmin.com\/de\/#website\"},\"primaryImageOfPage\":{\"@id\":\"https:\/\/joyasyasmin.com\/de\/producto\/herz-des-lichts-ohrring\/#primaryimage\"},\"image\":{\"@id\":\"https:\/\/joyasyasmin.com\/de\/producto\/herz-des-lichts-ohrring\/#primaryimage\"},\"thumbnailUrl\":\"https:\/\/joyasyasmin.com\/wp-content\/uploads\/2024\/05\/pendiente-corazon-en-nacar.jpg\",\"datePublished\":\"2024-05-09T19:00:39+00:00\",\"dateModified\":\"2025-11-10T11:31:01+00:00\",\"description\":\"Der \\\"Heart of Light Ohrring\\\" ist mehr als ein Schmuckst\u00fcck, er ist ein Symbol f\u00fcr \u00e4therische Sch\u00f6nheit und zeitlose Eleganz, das dazu bestimmt ist, \u00fcber Generationen hinweg gesch\u00e4tzt und bewundert zu werden.\",\"breadcrumb\":{\"@id\":\"https:\/\/joyasyasmin.com\/de\/producto\/herz-des-lichts-ohrring\/#breadcrumb\"},\"inLanguage\":\"de\",\"potentialAction\":[{\"@type\":\"ReadAction\",\"target\":[\"https:\/\/joyasyasmin.com\/de\/producto\/herz-des-lichts-ohrring\/\"]}]},{\"@type\":\"ImageObject\",\"inLanguage\":\"de\",\"@id\":\"https:\/\/joyasyasmin.com\/de\/producto\/herz-des-lichts-ohrring\/#primaryimage\",\"url\":\"https:\/\/joyasyasmin.com\/wp-content\/uploads\/2024\/05\/pendiente-corazon-en-nacar.jpg\",\"contentUrl\":\"https:\/\/joyasyasmin.com\/wp-content\/uploads\/2024\/05\/pendiente-corazon-en-nacar.jpg\",\"width\":1000,\"height\":1000,\"caption\":\"Verkauf von Herz des Lichts Ohrring mit Perlmutt in der Mitte aus 925 Sterling Silber\"},{\"@type\":\"BreadcrumbList\",\"@id\":\"https:\/\/joyasyasmin.com\/de\/producto\/herz-des-lichts-ohrring\/#breadcrumb\",\"itemListElement\":[{\"@type\":\"ListItem\",\"position\":1,\"name\":\"Portada\",\"item\":\"https:\/\/joyasyasmin.com\/de\/heim\/\"},{\"@type\":\"ListItem\",\"position\":2,\"name\":\"Shop\",\"item\":\"https:\/\/joyasyasmin.com\/de\/shop\/\"},{\"@type\":\"ListItem\",\"position\":3,\"name\":\"Herz des Lichts Ohrring\"}]},{\"@type\":\"WebSite\",\"@id\":\"https:\/\/joyasyasmin.com\/de\/#website\",\"url\":\"https:\/\/joyasyasmin.com\/de\/\",\"name\":\"Yasmin\",\"description\":\"Joyer\u00eda de Plata 925 - Pendientes, pulseras, anillos, colgantes y m\u00e1s!\",\"publisher\":{\"@id\":\"https:\/\/joyasyasmin.com\/de\/#organization\"},\"potentialAction\":[{\"@type\":\"SearchAction\",\"target\":{\"@type\":\"EntryPoint\",\"urlTemplate\":\"https:\/\/joyasyasmin.com\/de\/?s={search_term_string}\"},\"query-input\":{\"@type\":\"PropertyValueSpecification\",\"valueRequired\":true,\"valueName\":\"search_term_string\"}}],\"inLanguage\":\"de\"},{\"@type\":\"Organization\",\"@id\":\"https:\/\/joyasyasmin.com\/de\/#organization\",\"name\":\"joyas yasmin\",\"url\":\"https:\/\/joyasyasmin.com\/de\/\",\"logo\":{\"@type\":\"ImageObject\",\"inLanguage\":\"de\",\"@id\":\"https:\/\/joyasyasmin.com\/de\/#\/schema\/logo\/image\/\",\"url\":\"https:\/\/joyasyasmin.com\/wp-content\/uploads\/2017\/06\/IMG-20200429-WA0051.jpg\",\"contentUrl\":\"https:\/\/joyasyasmin.com\/wp-content\/uploads\/2017\/06\/IMG-20200429-WA0051.jpg\",\"width\":1080,\"height\":545,\"caption\":\"joyas yasmin\"},\"image\":{\"@id\":\"https:\/\/joyasyasmin.com\/de\/#\/schema\/logo\/image\/\"},\"sameAs\":[\"https:\/\/www.facebook.com\/Joyas-Yasmin-217664058934169\/\",\"https:\/\/www.instagram.com\/invites\/contact\/\"]}]}<\/script>\n<!-- \/ Yoast SEO plugin. -->","yoast_head_json":{"title":"Herz des Lichts Ohrring - Yasmin","description":"Der \"Heart of Light Ohrring\" ist mehr als ein Schmuckst\u00fcck, er ist ein Symbol f\u00fcr \u00e4therische Sch\u00f6nheit und zeitlose Eleganz, das dazu bestimmt ist, \u00fcber Generationen hinweg gesch\u00e4tzt und bewundert zu werden.","robots":{"index":"index","follow":"follow","max-snippet":"max-snippet:-1","max-image-preview":"max-image-preview:large","max-video-preview":"max-video-preview:-1"},"canonical":"https:\/\/joyasyasmin.com\/de\/producto\/herz-des-lichts-ohrring\/","og_locale":"de_DE","og_title":"Herz des Lichts Ohrring - Yasmin","og_description":"Der \"Heart of Light Ohrring\" ist mehr als ein Schmuckst\u00fcck, er ist ein Symbol f\u00fcr \u00e4therische Sch\u00f6nheit und zeitlose Eleganz, das dazu bestimmt ist, \u00fcber Generationen hinweg gesch\u00e4tzt und bewundert zu werden.","og_url":"https:\/\/joyasyasmin.com\/de\/producto\/herz-des-lichts-ohrring\/","og_site_name":"Yasmin","article_publisher":"https:\/\/www.facebook.com\/Joyas-Yasmin-217664058934169\/","article_modified_time":"2025-11-10T11:31:01+00:00","og_image":[{"width":1000,"height":1000,"url":"https:\/\/joyasyasmin.com\/wp-content\/uploads\/2024\/05\/pendiente-corazon-en-nacar.jpg","type":"image\/jpeg"}],"twitter_card":"summary_large_image","schema":{"@context":"https:\/\/schema.org","@graph":[{"@type":["WebPage","ItemPage"],"@id":"https:\/\/joyasyasmin.com\/de\/producto\/herz-des-lichts-ohrring\/","url":"https:\/\/joyasyasmin.com\/de\/producto\/herz-des-lichts-ohrring\/","name":"Herz des Lichts Ohrring - Yasmin","isPartOf":{"@id":"https:\/\/joyasyasmin.com\/de\/#website"},"primaryImageOfPage":{"@id":"https:\/\/joyasyasmin.com\/de\/producto\/herz-des-lichts-ohrring\/#primaryimage"},"image":{"@id":"https:\/\/joyasyasmin.com\/de\/producto\/herz-des-lichts-ohrring\/#primaryimage"},"thumbnailUrl":"https:\/\/joyasyasmin.com\/wp-content\/uploads\/2024\/05\/pendiente-corazon-en-nacar.jpg","datePublished":"2024-05-09T19:00:39+00:00","dateModified":"2025-11-10T11:31:01+00:00","description":"Der \"Heart of Light Ohrring\" ist mehr als ein Schmuckst\u00fcck, er ist ein Symbol f\u00fcr \u00e4therische Sch\u00f6nheit und zeitlose Eleganz, das dazu bestimmt ist, \u00fcber Generationen hinweg gesch\u00e4tzt und bewundert zu werden.","breadcrumb":{"@id":"https:\/\/joyasyasmin.com\/de\/producto\/herz-des-lichts-ohrring\/#breadcrumb"},"inLanguage":"de","potentialAction":[{"@type":"ReadAction","target":["https:\/\/joyasyasmin.com\/de\/producto\/herz-des-lichts-ohrring\/"]}]},{"@type":"ImageObject","inLanguage":"de","@id":"https:\/\/joyasyasmin.com\/de\/producto\/herz-des-lichts-ohrring\/#primaryimage","url":"https:\/\/joyasyasmin.com\/wp-content\/uploads\/2024\/05\/pendiente-corazon-en-nacar.jpg","contentUrl":"https:\/\/joyasyasmin.com\/wp-content\/uploads\/2024\/05\/pendiente-corazon-en-nacar.jpg","width":1000,"height":1000,"caption":"Verkauf von Herz des Lichts Ohrring mit Perlmutt in der Mitte aus 925 Sterling Silber"},{"@type":"BreadcrumbList","@id":"https:\/\/joyasyasmin.com\/de\/producto\/herz-des-lichts-ohrring\/#breadcrumb","itemListElement":[{"@type":"ListItem","position":1,"name":"Portada","item":"https:\/\/joyasyasmin.com\/de\/heim\/"},{"@type":"ListItem","position":2,"name":"Shop","item":"https:\/\/joyasyasmin.com\/de\/shop\/"},{"@type":"ListItem","position":3,"name":"Herz des Lichts Ohrring"}]},{"@type":"WebSite","@id":"https:\/\/joyasyasmin.com\/de\/#website","url":"https:\/\/joyasyasmin.com\/de\/","name":"Yasmin","description":"Joyer\u00eda de Plata 925 - Pendientes, pulseras, anillos, colgantes y m\u00e1s!","publisher":{"@id":"https:\/\/joyasyasmin.com\/de\/#organization"},"potentialAction":[{"@type":"SearchAction","target":{"@type":"EntryPoint","urlTemplate":"https:\/\/joyasyasmin.com\/de\/?s={search_term_string}"},"query-input":{"@type":"PropertyValueSpecification","valueRequired":true,"valueName":"search_term_string"}}],"inLanguage":"de"},{"@type":"Organization","@id":"https:\/\/joyasyasmin.com\/de\/#organization","name":"joyas yasmin","url":"https:\/\/joyasyasmin.com\/de\/","logo":{"@type":"ImageObject","inLanguage":"de","@id":"https:\/\/joyasyasmin.com\/de\/#\/schema\/logo\/image\/","url":"https:\/\/joyasyasmin.com\/wp-content\/uploads\/2017\/06\/IMG-20200429-WA0051.jpg","contentUrl":"https:\/\/joyasyasmin.com\/wp-content\/uploads\/2017\/06\/IMG-20200429-WA0051.jpg","width":1080,"height":545,"caption":"joyas yasmin"},"image":{"@id":"https:\/\/joyasyasmin.com\/de\/#\/schema\/logo\/image\/"},"sameAs":["https:\/\/www.facebook.com\/Joyas-Yasmin-217664058934169\/","https:\/\/www.instagram.com\/invites\/contact\/"]}]}},"_links":{"self":[{"href":"https:\/\/joyasyasmin.com\/de\/wp-json\/wp\/v2\/product\/21850","targetHints":{"allow":["GET"]}}],"collection":[{"href":"https:\/\/joyasyasmin.com\/de\/wp-json\/wp\/v2\/product"}],"about":[{"href":"https:\/\/joyasyasmin.com\/de\/wp-json\/wp\/v2\/types\/product"}],"replies":[{"embeddable":true,"href":"https:\/\/joyasyasmin.com\/de\/wp-json\/wp\/v2\/comments?post=21850"}],"version-history":[{"count":1,"href":"https:\/\/joyasyasmin.com\/de\/wp-json\/wp\/v2\/product\/21850\/revisions"}],"predecessor-version":[{"id":35737,"href":"https:\/\/joyasyasmin.com\/de\/wp-json\/wp\/v2\/product\/21850\/revisions\/35737"}],"wp:featuredmedia":[{"embeddable":true,"href":"https:\/\/joyasyasmin.com\/de\/wp-json\/wp\/v2\/media\/21857"}],"wp:attachment":[{"href":"https:\/\/joyasyasmin.com\/de\/wp-json\/wp\/v2\/media?parent=21850"}],"wp:term":[{"taxonomy":"product_brand","embeddable":true,"href":"https:\/\/joyasyasmin.com\/de\/wp-json\/wp\/v2\/product_brand?post=21850"},{"taxonomy":"product_cat","embeddable":true,"href":"https:\/\/joyasyasmin.com\/de\/wp-json\/wp\/v2\/product_cat?post=21850"},{"taxonomy":"product_tag","embeddable":true,"href":"https:\/\/joyasyasmin.com\/de\/wp-json\/wp\/v2\/product_tag?post=21850"}],"curies":[{"name":"wp","href":"https:\/\/api.w.org\/{rel}","templated":true}]}}